{"id":16689,"date":"2024-02-24T11:53:38","date_gmt":"2024-02-24T11:53:38","guid":{"rendered":"https:\/\/www.ghostysky.com\/?post_type=product&#038;p=16689"},"modified":"2025-10-14T11:37:56","modified_gmt":"2025-10-14T11:37:56","slug":"aq600-pro-5-bands-multispectral-camera","status":"publish","type":"product","link":"https:\/\/www.ghostysky.com\/es\/product\/aq600-pro-5-bands-multispectral-camera\/","title":{"rendered":"C\u00e1mara multiespectral AQ600 Pro (5 bandas)"},"content":{"rendered":"<p><strong>Caracter\u00edsticas del producto<\/strong><\/p>\n<ul>\n<li>5 multiespectrales y 1 RGB<\/li>\n<li>3,2 millones y 12,3 millones de p\u00edxeles<\/li>\n<li>Persiana enrollable global de 12 bits y 8 bits<\/li>\n<li>Control DJI X-Port<\/li>\n<li>Im\u00e1genes sincronizadas de todos los canales en tan solo 1 segundo<\/li>\n<li>Inversi\u00f3n espectral en tiempo real integrada, salida de v\u00eddeo<\/li>\n<li>Sensor de luz de enlace descendente est\u00e1ndar (DLS)<\/li>\n<li>Fuente de alimentaci\u00f3n DJI X-Port, unidad flash USB de estado s\u00f3lido de 128G<\/li>\n<li>Sincronizaci\u00f3n, tasa de superposici\u00f3n m\u00faltiples modos de disparo<\/li>\n<li>Personalizaci\u00f3n del dron DJI M300\/M350 RTK, plug and play<\/li>\n<\/ul>\n<p><b>Especificaciones t\u00e9cnicas<\/b><\/p>\n<div class=\"rich-text-table\">\n<table>\n<tbody>\n<tr>\n<td>El nombre del \u00edndice<\/td>\n<td>AQ600 Pro<\/td>\n<\/tr>\n<tr>\n<td>Configuraci\u00f3n de banda<\/td>\n<td>Cinco bandas multiespectrales y un sensor RGB<\/td>\n<\/tr>\n<tr>\n<td>Tama\u00f1o de la superficie objetivo<\/td>\n<td>MS: 1\/1,8\u201d; RGB: 1\/2,3\u2033<\/td>\n<\/tr>\n<tr>\n<td>P\u00edxeles efectivos<\/td>\n<td>MS: 3,2Mpx; RGB: 12,3Mpx<\/td>\n<\/tr>\n<tr>\n<td>Tipo de persiana<\/td>\n<td>Obturador global\/Obturador<\/td>\n<\/tr>\n<tr>\n<td>Cifras cuantitativas<\/td>\n<td>MS: 12 bits; RGB: 8 bits<\/td>\n<\/tr>\n<tr>\n<td>\u00c1ngulo de visi\u00f3n<\/td>\n<td>EM: 48,8\u00b0 x 37,5\u00b0; RGB: 47,4\u00b0\u00d736,4\u00b0<\/td>\n<\/tr>\n<tr>\n<td>GSD<\/td>\n<td>EM: 5,28 cm a 120 m de altura; RGB: 2,60 cm a 120 m de altura<\/td>\n<\/tr>\n<tr>\n<td>Tama\u00f1o de la imagen<\/td>\n<td>MS 109m\u00d782m@h120m; RGB: 106m\u00d779m@h120m<\/td>\n<\/tr>\n<tr>\n<td>banda espectral<\/td>\n<td>450 nm a 35 nm, 555 nm a 27 nm, 660 nm a 22 nm, 720 nm a 10 nm, 840 nm a 30 nm, RGB<\/td>\n<\/tr>\n<tr>\n<td>ventana \u00f3ptica<\/td>\n<td>Ventana \u00f3ptica de zafiro<\/td>\n<\/tr>\n<tr>\n<td>Tama\u00f1o<\/td>\n<td>129 mm \u00d7 156 mm \u00d7 162 mm<\/td>\n<\/tr>\n<tr>\n<td>Peso<\/td>\n<td>826 g (c\u00e1mara, DLS Pro y disco flash USB)<\/td>\n<\/tr>\n<tr>\n<td>Interfaz de instalaci\u00f3n<\/td>\n<td>Puerto X<\/td>\n<\/tr>\n<tr>\n<td>Modo de fuente de alimentaci\u00f3n<\/td>\n<td>Puerto X<\/td>\n<\/tr>\n<tr>\n<td>El consumo de energ\u00eda<\/td>\n<td>10W\/15W<\/td>\n<\/tr>\n<tr>\n<td>Formato de imagen<\/td>\n<td>MS: imagen TIFF original de 16 bits y JPG de reflectancia de 8 bits; RGB: JPG de 8 bits<\/td>\n<\/tr>\n<tr>\n<td>Formato de v\u00eddeo<\/td>\n<td>MP4<\/td>\n<\/tr>\n<tr>\n<td>Medio de almacenamiento<\/td>\n<td>Est\u00e1ndar con 128 GB, se admite un m\u00e1ximo de 2 TB<\/td>\n<\/tr>\n<tr>\n<td>Ajuste de par\u00e1metros<\/td>\n<td>Yusense Mosca \/ Piloto DJI<\/td>\n<\/tr>\n<tr>\n<td>Modo de imagen<\/td>\n<td>Gatillo de avi\u00f3n, gatillo de superposici\u00f3n<\/td>\n<\/tr>\n<tr>\n<td>Frecuencia de toma de fotograf\u00edas.<\/td>\n<td>Modo de imagen: 1 Hz, Modo de v\u00eddeo: 20 Hz<\/td>\n<\/tr>\n<tr>\n<td>Temperatura ambiente de funcionamiento<\/td>\n<td>-10\u00baC~+50\u00baC(Velocidad relativa del viento\u22651m\/s)<\/td>\n<\/tr>\n<tr>\n<td>Temperatura ambiente de almacenamiento<\/td>\n<td>-30\u00baC~+70\u00baC<\/td>\n<\/tr>\n<tr>\n<td>Humedad ambiental<\/td>\n<td>RH(%)\u226485%(Sin condensaci\u00f3n)<\/td>\n<\/tr>\n<tr>\n<td>Certificaci\u00f3n de producto<\/td>\n<td>CE, FCC, RoHS<\/td>\n<\/tr>\n<\/tbody>\n<\/table>\n<p>&nbsp;<\/p>\n<div><strong>Solicitud<\/strong><\/div>\n<div><\/div>\n<div style=\"text-align: left;\"><b>Monitoreo de condici\u00f3n<\/b><\/div>\n<div>Al utilizar factores de vegetaci\u00f3n como NDVI y LAI, cuantificar la consistencia del estado del dosel vegetal en diferentes escalas espaciales y utilizar espectros caracter\u00edsticos de la vegetaci\u00f3n en diferentes estados de salud para evaluar cuantitativamente el crecimiento de la vegetaci\u00f3n, lo que puede proporcionar datos de apoyo para el riego, la fertilizaci\u00f3n y la protecci\u00f3n de las plantas. , evaluaci\u00f3n de rendimiento y otros trabajos.<b><br \/>\n<\/b><\/div>\n<div><a href=\"https:\/\/www.ghostysky.com\/wp-content\/uploads\/2024\/02\/GH_MS600-V2_1.jpg\"><img fetchpriority=\"high\" decoding=\"async\" class=\"aligncenter wp-image-16659 size-full lazyload\" src=\"datos:imagen\/gif;base64,R0lGODlhAQABAAAAACH5BAEKAAEALAAAAAABAAEAAAICTAEAOw==\" alt=\"\" width=\"600\" height=\"347\" data-src=\"datos:imagen\/gif;base64,R0lGODlhAQABAAAAACH5BAEKAAEALAAAAAABAAEAAAICTAEAOw==\"><\/a><\/div>\n<div><\/div>\n<div><b>Seguimiento de pino descolorido<\/b><\/div>\n<div>Uso de informaci\u00f3n de espectro y textura para lograr una supresi\u00f3n eficiente del fondo ambiental del suelo, pasto marchito y otros objetos y una identificaci\u00f3n de alta precisi\u00f3n de pinos que cambian de color. Al extraer con precisi\u00f3n la ubicaci\u00f3n, la distribuci\u00f3n espacial y el \u00e1rea del dosel de los pinos que cambian de color, podemos proporcionar datos de apoyo para el manejo de \u00e1rboles enfermos.<\/div>\n<div><b>\u00a0<\/b><\/div>\n<div>\n<div><a href=\"https:\/\/www.ghostysky.com\/wp-content\/uploads\/2024\/02\/GH_MS600-V2_4.jpg\"><img decoding=\"async\" class=\"size-full wp-image-16656 aligncenter lazyload\" src=\"datos:imagen\/gif;base64,R0lGODlhAQABAAAAACH5BAEKAAEALAAAAAABAAEAAAICTAEAOw==\" alt=\"\" width=\"600\" height=\"347\" data-src=\"datos:imagen\/gif;base64,R0lGODlhAQABAAAAACH5BAEKAAEALAAAAAABAAEAAAICTAEAOw==\"><\/a><\/div>\n<div><b>Monitoreo de agua negra y maloliente<\/b><\/div>\n<div>Haciendo referencia al est\u00e1ndar de evaluaci\u00f3n de aguas negras y malolientes superficiales, utilizando el espectro caracter\u00edstico de aguas negras y malolientes para construir el \u00edndice de clasificaci\u00f3n para lograr la inversi\u00f3n de clasificaci\u00f3n de aguas negras y malolientes y estad\u00edsticas de informaci\u00f3n espacial. Esta tecnolog\u00eda puede ayudar a analizar la influencia de las aguas residuales dom\u00e9sticas y las aguas residuales industriales en el agua circundante y, finalmente, ayudar a la investigaci\u00f3n de las fuentes de contaminaci\u00f3n y la evaluaci\u00f3n del entorno acu\u00e1tico.<\/div>\n<\/div>\n<div><a href=\"https:\/\/www.ghostysky.com\/wp-content\/uploads\/2024\/02\/Yusense-AQ600-Pro-Multispectral-Camera-for-Dji-M300-M350-Rtk.jpg\"><img decoding=\"async\" class=\"size-full wp-image-16690 aligncenter lazyload\" src=\"datos:imagen\/gif;base64,R0lGODlhAQABAAAAACH5BAEKAAEALAAAAAABAAEAAAICTAEAOw==\" alt=\"\" width=\"600\" height=\"347\" data-src=\"datos:imagen\/gif;base64,R0lGODlhAQABAAAAACH5BAEKAAEALAAAAAABAAEAAAICTAEAOw==\"><\/a><\/div>\n<\/div>","protected":false},"excerpt":{"rendered":"<p>El Yusense AQ600 Pro es un <strong>c\u00e1mara multiespectral profesional<\/strong> dise\u00f1ado para <strong>veh\u00edculos a\u00e9reos no tripulados (UAV)<\/strong>, espec\u00edficamente compatible con drones DJI M300 y M350 RTK. Yusense AQ600 Pro es un <strong>c\u00e1mara multiespectral profesional<\/strong> dise\u00f1ado para <strong>aplicaciones basadas en drones<\/strong> en diversas industrias, adhiri\u00e9ndose a los est\u00e1ndares industriales de calidad y rendimiento.<\/p>","protected":false},"featured_media":16694,"comment_status":"open","ping_status":"closed","template":"","meta":[],"product_brand":[],"product_cat":[705,706],"product_tag":[716,717,66,707],"class_list":{"0":"post-16689","1":"product","2":"type-product","3":"status-publish","4":"has-post-thumbnail","6":"product_cat-sensors","7":"product_cat-yusense","8":"product_tag-5-bands","9":"product_tag-aq600-pro","10":"product_tag-multispectral-camera","11":"product_tag-yusense","13":"first","14":"onbackorder","15":"taxable","16":"shipping-taxable","17":"product-type-simple"},"yoast_head":"<!-- This site is optimized with the Yoast SEO plugin v27.4 - https:\/\/yoast.com\/product\/yoast-seo-wordpress\/ -->\n<title>AQ600 Pro (5-bands) Multispectral Camera - Ghostysky<\/title>\n<meta name=\"description\" content=\"The Yusense AQ600 Pro is a professional multispectral camera designed for unmanned aerial vehicles (UAVs), specifically compatible with DJI M300 and M350 RTK drones. Yusense AQ600 Pro is a professional multispectral camera designed for drone-based applications across various industries, adhering to industry standards for quality and performance.\" \/>\n<meta name=\"robots\" content=\"index, follow, max-snippet:-1, max-image-preview:large, max-video-preview:-1\" \/>\n<link rel=\"canonical\" href=\"https:\/\/www.ghostysky.com\/es\/producto-2\/aq600-pro-5-bands-multispectral-camera\/\" \/>\n<meta property=\"og:locale\" content=\"es_ES\" \/>\n<meta property=\"og:type\" content=\"article\" \/>\n<meta property=\"og:title\" content=\"AQ600 Pro (5-bands) Multispectral Camera - Ghostysky\" \/>\n<meta property=\"og:description\" content=\"The Yusense AQ600 Pro is a professional multispectral camera designed for unmanned aerial vehicles (UAVs), specifically compatible with DJI M300 and M350 RTK drones. Yusense AQ600 Pro is a professional multispectral camera designed for drone-based applications across various industries, adhering to industry standards for quality and performance.\" \/>\n<meta property=\"og:url\" content=\"https:\/\/www.ghostysky.com\/es\/producto-2\/aq600-pro-5-bands-multispectral-camera\/\" \/>\n<meta property=\"og:site_name\" content=\"Ghostysky\" \/>\n<meta property=\"article:publisher\" content=\"https:\/\/www.facebook.com\/people\/Ghostysky\/100057676170234\/\" \/>\n<meta property=\"article:modified_time\" content=\"2025-10-14T11:37:56+00:00\" \/>\n<meta property=\"og:image\" content=\"https:\/\/www.ghostysky.com\/wp-content\/uploads\/2024\/02\/GH_AQ600Pro_1.jpg\" \/>\n\t<meta property=\"og:image:width\" content=\"450\" \/>\n\t<meta property=\"og:image:height\" content=\"450\" \/>\n\t<meta property=\"og:image:type\" content=\"image\/jpeg\" \/>\n<meta name=\"twitter:card\" content=\"summary_large_image\" \/>\n<meta name=\"twitter:site\" content=\"@Gh0stysky\" \/>\n<meta name=\"twitter:label1\" content=\"Tiempo de lectura\" \/>\n\t<meta name=\"twitter:data1\" content=\"3 minutos\" \/>\n<script type=\"application\/ld+json\" class=\"yoast-schema-graph\">{\"@context\":\"https:\\\/\\\/schema.org\",\"@graph\":[{\"@type\":\"WebPage\",\"@id\":\"https:\\\/\\\/www.ghostysky.com\\\/product\\\/aq600-pro-5-bands-multispectral-camera\\\/\",\"url\":\"https:\\\/\\\/www.ghostysky.com\\\/product\\\/aq600-pro-5-bands-multispectral-camera\\\/\",\"name\":\"AQ600 Pro (5-bands) Multispectral Camera - Ghostysky\",\"isPartOf\":{\"@id\":\"https:\\\/\\\/www.ghostysky.com\\\/#website\"},\"primaryImageOfPage\":{\"@id\":\"https:\\\/\\\/www.ghostysky.com\\\/product\\\/aq600-pro-5-bands-multispectral-camera\\\/#primaryimage\"},\"image\":{\"@id\":\"https:\\\/\\\/www.ghostysky.com\\\/product\\\/aq600-pro-5-bands-multispectral-camera\\\/#primaryimage\"},\"thumbnailUrl\":\"https:\\\/\\\/www.ghostysky.com\\\/wp-content\\\/uploads\\\/2024\\\/02\\\/GH_AQ600Pro_1.jpg\",\"datePublished\":\"2024-02-24T11:53:38+00:00\",\"dateModified\":\"2025-10-14T11:37:56+00:00\",\"description\":\"The Yusense AQ600 Pro is a professional multispectral camera designed for unmanned aerial vehicles (UAVs), specifically compatible with DJI M300 and M350 RTK drones. Yusense AQ600 Pro is a professional multispectral camera designed for drone-based applications across various industries, adhering to industry standards for quality and performance.\",\"breadcrumb\":{\"@id\":\"https:\\\/\\\/www.ghostysky.com\\\/product\\\/aq600-pro-5-bands-multispectral-camera\\\/#breadcrumb\"},\"inLanguage\":\"es\",\"potentialAction\":[{\"@type\":\"ReadAction\",\"target\":[\"https:\\\/\\\/www.ghostysky.com\\\/product\\\/aq600-pro-5-bands-multispectral-camera\\\/\"]}]},{\"@type\":\"ImageObject\",\"inLanguage\":\"es\",\"@id\":\"https:\\\/\\\/www.ghostysky.com\\\/product\\\/aq600-pro-5-bands-multispectral-camera\\\/#primaryimage\",\"url\":\"https:\\\/\\\/www.ghostysky.com\\\/wp-content\\\/uploads\\\/2024\\\/02\\\/GH_AQ600Pro_1.jpg\",\"contentUrl\":\"https:\\\/\\\/www.ghostysky.com\\\/wp-content\\\/uploads\\\/2024\\\/02\\\/GH_AQ600Pro_1.jpg\",\"width\":450,\"height\":450},{\"@type\":\"BreadcrumbList\",\"@id\":\"https:\\\/\\\/www.ghostysky.com\\\/product\\\/aq600-pro-5-bands-multispectral-camera\\\/#breadcrumb\",\"itemListElement\":[{\"@type\":\"ListItem\",\"position\":1,\"name\":\"Home\",\"item\":\"https:\\\/\\\/www.ghostysky.com\\\/\"},{\"@type\":\"ListItem\",\"position\":2,\"name\":\"Shop\",\"item\":\"https:\\\/\\\/www.ghostysky.com\\\/shop\\\/\"},{\"@type\":\"ListItem\",\"position\":3,\"name\":\"AQ600 Pro (5-bands) Multispectral Camera\"}]},{\"@type\":\"WebSite\",\"@id\":\"https:\\\/\\\/www.ghostysky.com\\\/#website\",\"url\":\"https:\\\/\\\/www.ghostysky.com\\\/\",\"name\":\"Ghostysky\",\"description\":\"Delivering professional drones and robotics solutions\",\"publisher\":{\"@id\":\"https:\\\/\\\/www.ghostysky.com\\\/#organization\"},\"potentialAction\":[{\"@type\":\"SearchAction\",\"target\":{\"@type\":\"EntryPoint\",\"urlTemplate\":\"https:\\\/\\\/www.ghostysky.com\\\/?s={search_term_string}\"},\"query-input\":{\"@type\":\"PropertyValueSpecification\",\"valueRequired\":true,\"valueName\":\"search_term_string\"}}],\"inLanguage\":\"es\"},{\"@type\":\"Organization\",\"@id\":\"https:\\\/\\\/www.ghostysky.com\\\/#organization\",\"name\":\"Ghostysky\",\"url\":\"https:\\\/\\\/www.ghostysky.com\\\/\",\"logo\":{\"@type\":\"ImageObject\",\"inLanguage\":\"es\",\"@id\":\"https:\\\/\\\/www.ghostysky.com\\\/#\\\/schema\\\/logo\\\/image\\\/\",\"url\":\"https:\\\/\\\/www.ghostysky.com\\\/wp-content\\\/uploads\\\/2020\\\/06\\\/cropped-ghostyskylogo_text_white2.png\",\"contentUrl\":\"https:\\\/\\\/www.ghostysky.com\\\/wp-content\\\/uploads\\\/2020\\\/06\\\/cropped-ghostyskylogo_text_white2.png\",\"width\":169,\"height\":56,\"caption\":\"Ghostysky\"},\"image\":{\"@id\":\"https:\\\/\\\/www.ghostysky.com\\\/#\\\/schema\\\/logo\\\/image\\\/\"},\"sameAs\":[\"https:\\\/\\\/www.facebook.com\\\/people\\\/Ghostysky\\\/100057676170234\\\/\",\"https:\\\/\\\/x.com\\\/Gh0stysky\",\"https:\\\/\\\/www.linkedin.com\\\/company\\\/34739653\",\"https:\\\/\\\/www.instagram.com\\\/gh0stysky\"]}]}<\/script>\n<!-- \/ Yoast SEO plugin. -->","yoast_head_json":{"title":"C\u00e1mara multiespectral AQ600 Pro (5 bandas) - Ghostysky","description":"La Yusense AQ600 Pro es una c\u00e1mara multiespectral profesional dise\u00f1ada para veh\u00edculos a\u00e9reos no tripulados (UAV), espec\u00edficamente compatible con los drones DJI M300 y M350 RTK. Yusense AQ600 Pro es una c\u00e1mara multiespectral profesional dise\u00f1ada para aplicaciones basadas en drones en diversas industrias, que cumple con los est\u00e1ndares de calidad y rendimiento de la industria.","robots":{"index":"index","follow":"follow","max-snippet":"max-snippet:-1","max-image-preview":"max-image-preview:large","max-video-preview":"max-video-preview:-1"},"canonical":"https:\/\/www.ghostysky.com\/es\/producto-2\/aq600-pro-5-bands-multispectral-camera\/","og_locale":"es_ES","og_type":"article","og_title":"AQ600 Pro (5-bands) Multispectral Camera - Ghostysky","og_description":"The Yusense AQ600 Pro is a professional multispectral camera designed for unmanned aerial vehicles (UAVs), specifically compatible with DJI M300 and M350 RTK drones. Yusense AQ600 Pro is a professional multispectral camera designed for drone-based applications across various industries, adhering to industry standards for quality and performance.","og_url":"https:\/\/www.ghostysky.com\/es\/producto-2\/aq600-pro-5-bands-multispectral-camera\/","og_site_name":"Ghostysky","article_publisher":"https:\/\/www.facebook.com\/people\/Ghostysky\/100057676170234\/","article_modified_time":"2025-10-14T11:37:56+00:00","og_image":[{"width":450,"height":450,"url":"https:\/\/www.ghostysky.com\/wp-content\/uploads\/2024\/02\/GH_AQ600Pro_1.jpg","type":"image\/jpeg"}],"twitter_card":"summary_large_image","twitter_site":"@Gh0stysky","twitter_misc":{"Tiempo de lectura":"3 minutos"},"schema":{"@context":"https:\/\/schema.org","@graph":[{"@type":"WebPage","@id":"https:\/\/www.ghostysky.com\/product\/aq600-pro-5-bands-multispectral-camera\/","url":"https:\/\/www.ghostysky.com\/product\/aq600-pro-5-bands-multispectral-camera\/","name":"C\u00e1mara multiespectral AQ600 Pro (5 bandas) - Ghostysky","isPartOf":{"@id":"https:\/\/www.ghostysky.com\/#website"},"primaryImageOfPage":{"@id":"https:\/\/www.ghostysky.com\/product\/aq600-pro-5-bands-multispectral-camera\/#primaryimage"},"image":{"@id":"https:\/\/www.ghostysky.com\/product\/aq600-pro-5-bands-multispectral-camera\/#primaryimage"},"thumbnailUrl":"https:\/\/www.ghostysky.com\/wp-content\/uploads\/2024\/02\/GH_AQ600Pro_1.jpg","datePublished":"2024-02-24T11:53:38+00:00","dateModified":"2025-10-14T11:37:56+00:00","description":"La Yusense AQ600 Pro es una c\u00e1mara multiespectral profesional dise\u00f1ada para veh\u00edculos a\u00e9reos no tripulados (UAV), espec\u00edficamente compatible con los drones DJI M300 y M350 RTK. Yusense AQ600 Pro es una c\u00e1mara multiespectral profesional dise\u00f1ada para aplicaciones basadas en drones en diversas industrias, que cumple con los est\u00e1ndares de calidad y rendimiento de la industria.","breadcrumb":{"@id":"https:\/\/www.ghostysky.com\/product\/aq600-pro-5-bands-multispectral-camera\/#breadcrumb"},"inLanguage":"es","potentialAction":[{"@type":"ReadAction","target":["https:\/\/www.ghostysky.com\/product\/aq600-pro-5-bands-multispectral-camera\/"]}]},{"@type":"ImageObject","inLanguage":"es","@id":"https:\/\/www.ghostysky.com\/product\/aq600-pro-5-bands-multispectral-camera\/#primaryimage","url":"https:\/\/www.ghostysky.com\/wp-content\/uploads\/2024\/02\/GH_AQ600Pro_1.jpg","contentUrl":"https:\/\/www.ghostysky.com\/wp-content\/uploads\/2024\/02\/GH_AQ600Pro_1.jpg","width":450,"height":450},{"@type":"BreadcrumbList","@id":"https:\/\/www.ghostysky.com\/product\/aq600-pro-5-bands-multispectral-camera\/#breadcrumb","itemListElement":[{"@type":"ListItem","position":1,"name":"Home","item":"https:\/\/www.ghostysky.com\/"},{"@type":"ListItem","position":2,"name":"Shop","item":"https:\/\/www.ghostysky.com\/shop\/"},{"@type":"ListItem","position":3,"name":"AQ600 Pro (5-bands) Multispectral Camera"}]},{"@type":"WebSite","@id":"https:\/\/www.ghostysky.com\/#website","url":"https:\/\/www.ghostysky.com\/","name":"Ghostysky","description":"Ofrecemos soluciones profesionales de drones y rob\u00f3tica.","publisher":{"@id":"https:\/\/www.ghostysky.com\/#organization"},"potentialAction":[{"@type":"SearchAction","target":{"@type":"EntryPoint","urlTemplate":"https:\/\/www.ghostysky.com\/?s={search_term_string}"},"query-input":{"@type":"PropertyValueSpecification","valueRequired":true,"valueName":"search_term_string"}}],"inLanguage":"es"},{"@type":"Organization","@id":"https:\/\/www.ghostysky.com\/#organization","name":"Ghostysky","url":"https:\/\/www.ghostysky.com\/","logo":{"@type":"ImageObject","inLanguage":"es","@id":"https:\/\/www.ghostysky.com\/#\/schema\/logo\/image\/","url":"https:\/\/www.ghostysky.com\/wp-content\/uploads\/2020\/06\/cropped-ghostyskylogo_text_white2.png","contentUrl":"https:\/\/www.ghostysky.com\/wp-content\/uploads\/2020\/06\/cropped-ghostyskylogo_text_white2.png","width":169,"height":56,"caption":"Ghostysky"},"image":{"@id":"https:\/\/www.ghostysky.com\/#\/schema\/logo\/image\/"},"sameAs":["https:\/\/www.facebook.com\/people\/Ghostysky\/100057676170234\/","https:\/\/x.com\/Gh0stysky","https:\/\/www.linkedin.com\/company\/34739653","https:\/\/www.instagram.com\/gh0stysky"]}]}},"_links":{"self":[{"href":"https:\/\/www.ghostysky.com\/es\/wp-json\/wp\/v2\/product\/16689","targetHints":{"allow":["GET"]}}],"collection":[{"href":"https:\/\/www.ghostysky.com\/es\/wp-json\/wp\/v2\/product"}],"about":[{"href":"https:\/\/www.ghostysky.com\/es\/wp-json\/wp\/v2\/types\/product"}],"replies":[{"embeddable":true,"href":"https:\/\/www.ghostysky.com\/es\/wp-json\/wp\/v2\/comments?post=16689"}],"version-history":[{"count":0,"href":"https:\/\/www.ghostysky.com\/es\/wp-json\/wp\/v2\/product\/16689\/revisions"}],"wp:featuredmedia":[{"embeddable":true,"href":"https:\/\/www.ghostysky.com\/es\/wp-json\/wp\/v2\/media\/16694"}],"wp:attachment":[{"href":"https:\/\/www.ghostysky.com\/es\/wp-json\/wp\/v2\/media?parent=16689"}],"wp:term":[{"taxonomy":"product_brand","embeddable":true,"href":"https:\/\/www.ghostysky.com\/es\/wp-json\/wp\/v2\/product_brand?post=16689"},{"taxonomy":"product_cat","embeddable":true,"href":"https:\/\/www.ghostysky.com\/es\/wp-json\/wp\/v2\/product_cat?post=16689"},{"taxonomy":"product_tag","embeddable":true,"href":"https:\/\/www.ghostysky.com\/es\/wp-json\/wp\/v2\/product_tag?post=16689"}],"curies":[{"name":"wp","href":"https:\/\/api.w.org\/{rel}","templated":true}]}}