{"id":17148,"date":"2024-03-10T11:42:21","date_gmt":"2024-03-10T11:42:21","guid":{"rendered":"https:\/\/www.ghostysky.com\/?post_type=product&#038;p=17148"},"modified":"2024-11-11T01:48:58","modified_gmt":"2024-11-11T01:48:58","slug":"lr1-61mp-sextuple","status":"publish","type":"product","link":"https:\/\/www.ghostysky.com\/es\/product\/lr1-61mp-sextuple\/","title":{"rendered":"Agrowing LR1 61MP S\u00e9xtuple"},"content":{"rendered":"<p>Lo que distingue al LR1 es su configuraci\u00f3n de lentes s\u00e9xtuple, que consta de seis lentes estrat\u00e9gicamente ubicados para maximizar la cobertura y la calidad de la imagen. Esta configuraci\u00f3n permite una cobertura m\u00e1s amplia en una sola pasada, lo que reduce la necesidad de realizar m\u00faltiples vuelos y da como resultado una recopilaci\u00f3n de datos m\u00e1s eficiente.<\/p>\n<p>Equipado con tecnolog\u00edas de imagen avanzadas, como capacidades multiespectrales e hiperespectrales, el LR1 puede capturar no s\u00f3lo im\u00e1genes RGB sino tambi\u00e9n datos valiosos en varias bandas espectrales. Esto permite a los usuarios analizar la salud de la vegetaci\u00f3n, la composici\u00f3n del suelo y otros par\u00e1metros ambientales con una precisi\u00f3n incomparable.<\/p>\n<p>Adem\u00e1s, el LR1 est\u00e1 dise\u00f1ado para una integraci\u00f3n perfecta con veh\u00edculos a\u00e9reos no tripulados (UAV) o drones, proporcionando una soluci\u00f3n vers\u00e1til para capturar im\u00e1genes a\u00e9reas de alta resoluci\u00f3n en diversos entornos. Su dise\u00f1o liviano y compacto facilita su montaje e implementaci\u00f3n, lo que garantiza flexibilidad y conveniencia en las operaciones de campo.<\/p>\n<p>En general, el Agrowing LR1 61MP Sextuple representa una herramienta de \u00faltima generaci\u00f3n para profesionales que buscan un rendimiento de im\u00e1genes superior y precisi\u00f3n de datos en aplicaciones de topograf\u00eda y mapeo a\u00e9reo.<\/p>\n<p><a href=\"https:\/\/www.ghostysky.com\/wp-content\/uploads\/2024\/03\/GH_ILX-LR1-Sextuple-TBG_desc.jpg\"><img fetchpriority=\"high\" decoding=\"async\" class=\"size-full wp-image-17151 alignleft lazyload\" src=\"datos:imagen\/gif;base64,R0lGODlhAQABAAAAACH5BAEKAAEALAAAAAABAAEAAAICTAEAOw==\" alt=\"\" width=\"561\" height=\"317\" data-src=\"datos:imagen\/gif;base64,R0lGODlhAQABAAAAACH5BAEKAAEALAAAAAABAAEAAAICTAEAOw==\"><\/a><\/p>\n<p>Los sensores Sextuple FF de Agrowing, basados en las c\u00e1maras FF 61MP de Sony, ofrecen 14 bandas de 7,5 megap\u00edxeles cada una. El sensor se puede utilizar como una c\u00e1mara cartogr\u00e1fica de 61 MP utilizando un filtro de corte de infrarrojos con clip.<\/p>\n<p>&nbsp;<\/p>\n<p>&nbsp;<\/p>\n<p>&nbsp;<\/p>\n<p>&nbsp;<\/p>\n<p>&nbsp;<\/p>\n<p>&nbsp;<\/p>\n<p><strong>Especificaciones t\u00e9cnicas<\/strong><\/p>\n<ul>\n<li>Tipo: Montura \u00fanica de lente s\u00e9xtuple<\/li>\n<li>Campo de visi\u00f3n: Diagonal 40,8 Horizontal 33,0 Vertical 25,0<\/li>\n<li>Distorsi\u00f3n de TV:&lt;2%<\/li>\n<li>Bandas crom\u00e1ticas multiespectrales:\n<ul>\n<li>30 nm de ancho<\/li>\n<li>405;430;450;490;525;550<\/li>\n<li>560;570;630;650;685<\/li>\n<li>710;735;850<\/li>\n<li>* personalizado para un mejor rendimiento<\/li>\n<\/ul>\n<\/li>\n<li>Iluminaci\u00f3n relativa: 60%<\/li>\n<li>Distancia focal efectiva: 21,8 mm<\/li>\n<li>Parada F: 5,6<\/li>\n<li>Tipo de enfoque y alcance: Manual 0,5 m \u2013 infinito<\/li>\n<li>Dimensi\u00f3n de la lente: (\u00d8xL) 64,5 x 35 mm<\/li>\n<li>Peso total del sensor incluyendo lente: 424gr (243+181)<\/li>\n<\/ul>","protected":false},"excerpt":{"rendered":"<p>El Agrowing LR1 61MP Sextuple es un sistema de c\u00e1mara a\u00e9rea de \u00faltima generaci\u00f3n dise\u00f1ado para aplicaciones topogr\u00e1ficas y de mapeo de alta resoluci\u00f3n. Con un extraordinario sensor de 61 megap\u00edxeles, captura im\u00e1genes incre\u00edblemente detalladas que son ideales para agricultura de precisi\u00f3n, monitoreo ambiental, planificaci\u00f3n urbana y otras industrias que requieren datos espaciales precisos.<\/p>\n<ul>\n<li>243gr. cuerpo + 190gr. lente multiespectral<\/li>\n<li>Mapeo RGB de 61MP o 14 bandas Multiespectral de 7MP por banda o 13 Bandas + Wide RGB<\/li>\n<li>Montura E de fotograma completo<\/li>\n<li>Basado en Sony ILX-LR1 modificado<\/li>\n<\/ul>","protected":false},"featured_media":17150,"comment_status":"open","ping_status":"closed","template":"","meta":[],"product_brand":[],"product_cat":[719,705],"product_tag":[720,722],"class_list":{"0":"post-17148","1":"product","2":"type-product","3":"status-publish","4":"has-post-thumbnail","6":"product_cat-agrowing","7":"product_cat-sensors","8":"product_tag-agrowing","9":"product_tag-lr1-61mp-sextuple","11":"first","12":"onbackorder","13":"taxable","14":"shipping-taxable","15":"product-type-simple"},"yoast_head":"<!-- This site is optimized with the Yoast SEO plugin v27.1.1 - https:\/\/yoast.com\/product\/yoast-seo-wordpress\/ -->\n<title>Agrowing LR1 61MP Sextuple - Ghostysky<\/title>\n<meta name=\"description\" content=\"The Agrowing LR1 61MP Sextuple is a cutting-edge aerial camera system designed for high-resolution mapping and surveying applications. With a remarkable 61 megapixel sensor, it captures incredibly detailed images that are ideal for precision agriculture, environmental monitoring, urban planning, and other industries requiring accurate spatial data.\" \/>\n<meta name=\"robots\" content=\"index, follow, max-snippet:-1, max-image-preview:large, max-video-preview:-1\" \/>\n<link rel=\"canonical\" href=\"https:\/\/www.ghostysky.com\/es\/producto-2\/lr1-61mp-sextuple\/\" \/>\n<meta property=\"og:locale\" content=\"es_ES\" \/>\n<meta property=\"og:type\" content=\"article\" \/>\n<meta property=\"og:title\" content=\"Agrowing LR1 61MP Sextuple - Ghostysky\" \/>\n<meta property=\"og:description\" content=\"The Agrowing LR1 61MP Sextuple is a cutting-edge aerial camera system designed for high-resolution mapping and surveying applications. With a remarkable 61 megapixel sensor, it captures incredibly detailed images that are ideal for precision agriculture, environmental monitoring, urban planning, and other industries requiring accurate spatial data.\" \/>\n<meta property=\"og:url\" content=\"https:\/\/www.ghostysky.com\/es\/producto-2\/lr1-61mp-sextuple\/\" \/>\n<meta property=\"og:site_name\" content=\"Ghostysky\" \/>\n<meta property=\"article:publisher\" content=\"https:\/\/www.facebook.com\/people\/Ghostysky\/100057676170234\/\" \/>\n<meta property=\"article:modified_time\" content=\"2024-11-11T01:48:58+00:00\" \/>\n<meta property=\"og:image\" content=\"https:\/\/www.ghostysky.com\/wp-content\/uploads\/2024\/03\/GH_ILX-LR1-Sextuple-TBG_1.jpg\" \/>\n\t<meta property=\"og:image:width\" content=\"718\" \/>\n\t<meta property=\"og:image:height\" content=\"530\" \/>\n\t<meta property=\"og:image:type\" content=\"image\/jpeg\" \/>\n<meta name=\"twitter:card\" content=\"summary_large_image\" \/>\n<meta name=\"twitter:site\" content=\"@Gh0stysky\" \/>\n<meta name=\"twitter:label1\" content=\"Tiempo de lectura\" \/>\n\t<meta name=\"twitter:data1\" content=\"2 minutos\" \/>\n<script type=\"application\/ld+json\" class=\"yoast-schema-graph\">{\"@context\":\"https:\/\/schema.org\",\"@graph\":[{\"@type\":\"WebPage\",\"@id\":\"https:\/\/www.ghostysky.com\/product\/lr1-61mp-sextuple\/\",\"url\":\"https:\/\/www.ghostysky.com\/product\/lr1-61mp-sextuple\/\",\"name\":\"Agrowing LR1 61MP Sextuple - Ghostysky\",\"isPartOf\":{\"@id\":\"https:\/\/www.ghostysky.com\/#website\"},\"primaryImageOfPage\":{\"@id\":\"https:\/\/www.ghostysky.com\/product\/lr1-61mp-sextuple\/#primaryimage\"},\"image\":{\"@id\":\"https:\/\/www.ghostysky.com\/product\/lr1-61mp-sextuple\/#primaryimage\"},\"thumbnailUrl\":\"https:\/\/www.ghostysky.com\/wp-content\/uploads\/2024\/03\/GH_ILX-LR1-Sextuple-TBG_1.jpg\",\"datePublished\":\"2024-03-10T11:42:21+00:00\",\"dateModified\":\"2024-11-11T01:48:58+00:00\",\"description\":\"The Agrowing LR1 61MP Sextuple is a cutting-edge aerial camera system designed for high-resolution mapping and surveying applications. With a remarkable 61 megapixel sensor, it captures incredibly detailed images that are ideal for precision agriculture, environmental monitoring, urban planning, and other industries requiring accurate spatial data.\",\"breadcrumb\":{\"@id\":\"https:\/\/www.ghostysky.com\/product\/lr1-61mp-sextuple\/#breadcrumb\"},\"inLanguage\":\"es\",\"potentialAction\":[{\"@type\":\"ReadAction\",\"target\":[\"https:\/\/www.ghostysky.com\/product\/lr1-61mp-sextuple\/\"]}]},{\"@type\":\"ImageObject\",\"inLanguage\":\"es\",\"@id\":\"https:\/\/www.ghostysky.com\/product\/lr1-61mp-sextuple\/#primaryimage\",\"url\":\"https:\/\/www.ghostysky.com\/wp-content\/uploads\/2024\/03\/GH_ILX-LR1-Sextuple-TBG_1.jpg\",\"contentUrl\":\"https:\/\/www.ghostysky.com\/wp-content\/uploads\/2024\/03\/GH_ILX-LR1-Sextuple-TBG_1.jpg\",\"width\":718,\"height\":530},{\"@type\":\"BreadcrumbList\",\"@id\":\"https:\/\/www.ghostysky.com\/product\/lr1-61mp-sextuple\/#breadcrumb\",\"itemListElement\":[{\"@type\":\"ListItem\",\"position\":1,\"name\":\"Home\",\"item\":\"https:\/\/www.ghostysky.com\/\"},{\"@type\":\"ListItem\",\"position\":2,\"name\":\"Shop\",\"item\":\"https:\/\/www.ghostysky.com\/shop\/\"},{\"@type\":\"ListItem\",\"position\":3,\"name\":\"Agrowing LR1 61MP Sextuple\"}]},{\"@type\":\"WebSite\",\"@id\":\"https:\/\/www.ghostysky.com\/#website\",\"url\":\"https:\/\/www.ghostysky.com\/\",\"name\":\"Ghostysky\",\"description\":\"Delivering professional drones and services\",\"publisher\":{\"@id\":\"https:\/\/www.ghostysky.com\/#organization\"},\"potentialAction\":[{\"@type\":\"SearchAction\",\"target\":{\"@type\":\"EntryPoint\",\"urlTemplate\":\"https:\/\/www.ghostysky.com\/?s={search_term_string}\"},\"query-input\":{\"@type\":\"PropertyValueSpecification\",\"valueRequired\":true,\"valueName\":\"search_term_string\"}}],\"inLanguage\":\"es\"},{\"@type\":\"Organization\",\"@id\":\"https:\/\/www.ghostysky.com\/#organization\",\"name\":\"Ghostysky\",\"url\":\"https:\/\/www.ghostysky.com\/\",\"logo\":{\"@type\":\"ImageObject\",\"inLanguage\":\"es\",\"@id\":\"https:\/\/www.ghostysky.com\/#\/schema\/logo\/image\/\",\"url\":\"https:\/\/www.ghostysky.com\/wp-content\/uploads\/2020\/06\/cropped-ghostyskylogo_text_white2.png\",\"contentUrl\":\"https:\/\/www.ghostysky.com\/wp-content\/uploads\/2020\/06\/cropped-ghostyskylogo_text_white2.png\",\"width\":169,\"height\":56,\"caption\":\"Ghostysky\"},\"image\":{\"@id\":\"https:\/\/www.ghostysky.com\/#\/schema\/logo\/image\/\"},\"sameAs\":[\"https:\/\/www.facebook.com\/people\/Ghostysky\/100057676170234\/\",\"https:\/\/x.com\/Gh0stysky\",\"https:\/\/www.linkedin.com\/company\/34739653\",\"https:\/\/www.instagram.com\/gh0stysky\"]}]}<\/script>\n<!-- \/ Yoast SEO plugin. -->","yoast_head_json":{"title":"Agrowing LR1 61MP S\u00e9xtuple - Ghostysky","description":"El Agrowing LR1 61MP Sextuple es un sistema de c\u00e1mara a\u00e9rea de \u00faltima generaci\u00f3n dise\u00f1ado para aplicaciones topogr\u00e1ficas y de mapeo de alta resoluci\u00f3n. Con un extraordinario sensor de 61 megap\u00edxeles, captura im\u00e1genes incre\u00edblemente detalladas que son ideales para agricultura de precisi\u00f3n, monitoreo ambiental, planificaci\u00f3n urbana y otras industrias que requieren datos espaciales precisos.","robots":{"index":"index","follow":"follow","max-snippet":"max-snippet:-1","max-image-preview":"max-image-preview:large","max-video-preview":"max-video-preview:-1"},"canonical":"https:\/\/www.ghostysky.com\/es\/producto-2\/lr1-61mp-sextuple\/","og_locale":"es_ES","og_type":"article","og_title":"Agrowing LR1 61MP Sextuple - Ghostysky","og_description":"The Agrowing LR1 61MP Sextuple is a cutting-edge aerial camera system designed for high-resolution mapping and surveying applications. With a remarkable 61 megapixel sensor, it captures incredibly detailed images that are ideal for precision agriculture, environmental monitoring, urban planning, and other industries requiring accurate spatial data.","og_url":"https:\/\/www.ghostysky.com\/es\/producto-2\/lr1-61mp-sextuple\/","og_site_name":"Ghostysky","article_publisher":"https:\/\/www.facebook.com\/people\/Ghostysky\/100057676170234\/","article_modified_time":"2024-11-11T01:48:58+00:00","og_image":[{"width":718,"height":530,"url":"https:\/\/www.ghostysky.com\/wp-content\/uploads\/2024\/03\/GH_ILX-LR1-Sextuple-TBG_1.jpg","type":"image\/jpeg"}],"twitter_card":"summary_large_image","twitter_site":"@Gh0stysky","twitter_misc":{"Tiempo de lectura":"2 minutos"},"schema":{"@context":"https:\/\/schema.org","@graph":[{"@type":"WebPage","@id":"https:\/\/www.ghostysky.com\/product\/lr1-61mp-sextuple\/","url":"https:\/\/www.ghostysky.com\/product\/lr1-61mp-sextuple\/","name":"Agrowing LR1 61MP S\u00e9xtuple - Ghostysky","isPartOf":{"@id":"https:\/\/www.ghostysky.com\/#website"},"primaryImageOfPage":{"@id":"https:\/\/www.ghostysky.com\/product\/lr1-61mp-sextuple\/#primaryimage"},"image":{"@id":"https:\/\/www.ghostysky.com\/product\/lr1-61mp-sextuple\/#primaryimage"},"thumbnailUrl":"https:\/\/www.ghostysky.com\/wp-content\/uploads\/2024\/03\/GH_ILX-LR1-Sextuple-TBG_1.jpg","datePublished":"2024-03-10T11:42:21+00:00","dateModified":"2024-11-11T01:48:58+00:00","description":"El Agrowing LR1 61MP Sextuple es un sistema de c\u00e1mara a\u00e9rea de \u00faltima generaci\u00f3n dise\u00f1ado para aplicaciones topogr\u00e1ficas y de mapeo de alta resoluci\u00f3n. Con un extraordinario sensor de 61 megap\u00edxeles, captura im\u00e1genes incre\u00edblemente detalladas que son ideales para agricultura de precisi\u00f3n, monitoreo ambiental, planificaci\u00f3n urbana y otras industrias que requieren datos espaciales precisos.","breadcrumb":{"@id":"https:\/\/www.ghostysky.com\/product\/lr1-61mp-sextuple\/#breadcrumb"},"inLanguage":"es","potentialAction":[{"@type":"ReadAction","target":["https:\/\/www.ghostysky.com\/product\/lr1-61mp-sextuple\/"]}]},{"@type":"ImageObject","inLanguage":"es","@id":"https:\/\/www.ghostysky.com\/product\/lr1-61mp-sextuple\/#primaryimage","url":"https:\/\/www.ghostysky.com\/wp-content\/uploads\/2024\/03\/GH_ILX-LR1-Sextuple-TBG_1.jpg","contentUrl":"https:\/\/www.ghostysky.com\/wp-content\/uploads\/2024\/03\/GH_ILX-LR1-Sextuple-TBG_1.jpg","width":718,"height":530},{"@type":"BreadcrumbList","@id":"https:\/\/www.ghostysky.com\/product\/lr1-61mp-sextuple\/#breadcrumb","itemListElement":[{"@type":"ListItem","position":1,"name":"Home","item":"https:\/\/www.ghostysky.com\/"},{"@type":"ListItem","position":2,"name":"Shop","item":"https:\/\/www.ghostysky.com\/shop\/"},{"@type":"ListItem","position":3,"name":"Agrowing LR1 61MP Sextuple"}]},{"@type":"WebSite","@id":"https:\/\/www.ghostysky.com\/#website","url":"https:\/\/www.ghostysky.com\/","name":"Ghostysky","description":"Entrega de drones y servicios profesionales","publisher":{"@id":"https:\/\/www.ghostysky.com\/#organization"},"potentialAction":[{"@type":"SearchAction","target":{"@type":"EntryPoint","urlTemplate":"https:\/\/www.ghostysky.com\/?s={search_term_string}"},"query-input":{"@type":"PropertyValueSpecification","valueRequired":true,"valueName":"search_term_string"}}],"inLanguage":"es"},{"@type":"Organization","@id":"https:\/\/www.ghostysky.com\/#organization","name":"Ghostysky","url":"https:\/\/www.ghostysky.com\/","logo":{"@type":"ImageObject","inLanguage":"es","@id":"https:\/\/www.ghostysky.com\/#\/schema\/logo\/image\/","url":"https:\/\/www.ghostysky.com\/wp-content\/uploads\/2020\/06\/cropped-ghostyskylogo_text_white2.png","contentUrl":"https:\/\/www.ghostysky.com\/wp-content\/uploads\/2020\/06\/cropped-ghostyskylogo_text_white2.png","width":169,"height":56,"caption":"Ghostysky"},"image":{"@id":"https:\/\/www.ghostysky.com\/#\/schema\/logo\/image\/"},"sameAs":["https:\/\/www.facebook.com\/people\/Ghostysky\/100057676170234\/","https:\/\/x.com\/Gh0stysky","https:\/\/www.linkedin.com\/company\/34739653","https:\/\/www.instagram.com\/gh0stysky"]}]}},"_links":{"self":[{"href":"https:\/\/www.ghostysky.com\/es\/wp-json\/wp\/v2\/product\/17148","targetHints":{"allow":["GET"]}}],"collection":[{"href":"https:\/\/www.ghostysky.com\/es\/wp-json\/wp\/v2\/product"}],"about":[{"href":"https:\/\/www.ghostysky.com\/es\/wp-json\/wp\/v2\/types\/product"}],"replies":[{"embeddable":true,"href":"https:\/\/www.ghostysky.com\/es\/wp-json\/wp\/v2\/comments?post=17148"}],"wp:featuredmedia":[{"embeddable":true,"href":"https:\/\/www.ghostysky.com\/es\/wp-json\/wp\/v2\/media\/17150"}],"wp:attachment":[{"href":"https:\/\/www.ghostysky.com\/es\/wp-json\/wp\/v2\/media?parent=17148"}],"wp:term":[{"taxonomy":"product_brand","embeddable":true,"href":"https:\/\/www.ghostysky.com\/es\/wp-json\/wp\/v2\/product_brand?post=17148"},{"taxonomy":"product_cat","embeddable":true,"href":"https:\/\/www.ghostysky.com\/es\/wp-json\/wp\/v2\/product_cat?post=17148"},{"taxonomy":"product_tag","embeddable":true,"href":"https:\/\/www.ghostysky.com\/es\/wp-json\/wp\/v2\/product_tag?post=17148"}],"curies":[{"name":"wp","href":"https:\/\/api.w.org\/{rel}","templated":true}]}}