{"id":17176,"date":"2024-03-11T13:56:30","date_gmt":"2024-03-11T13:56:30","guid":{"rendered":"https:\/\/www.ghostysky.com\/?post_type=product&#038;p=17176"},"modified":"2024-10-22T01:57:55","modified_gmt":"2024-10-22T01:57:55","slug":"agrowing-a7cr-61mp-quad","status":"publish","type":"product","link":"https:\/\/www.ghostysky.com\/es\/product\/agrowing-a7cr-61mp-quad\/","title":{"rendered":"Agrowing A7CR 61MP Quad"},"content":{"rendered":"<p>Una de sus caracter\u00edsticas destacadas es su configuraci\u00f3n de cuatro c\u00e1maras, que le permite capturar im\u00e1genes multiespectrales simult\u00e1neamente. Esta capacidad permite el an\u00e1lisis de varias longitudes de onda de luz m\u00e1s all\u00e1 de lo que el ojo humano puede percibir, proporcionando informaci\u00f3n valiosa sobre la salud de las plantas, las condiciones del suelo y los niveles de estr\u00e9s de los cultivos.<\/p>\n<p>El A7CR est\u00e1 dise\u00f1ado para brindar eficiencia y facilidad de uso en el campo. Cuenta con sistemas avanzados de control de vuelo que garantizan un vuelo estable y preciso incluso en condiciones ambientales desafiantes. Adem\u00e1s, su dise\u00f1o modular permite un f\u00e1cil mantenimiento y actualizaciones, lo que garantiza confiabilidad y longevidad.<\/p>\n<p>Con sus capacidades de im\u00e1genes de alta resoluci\u00f3n y funciones avanzadas, el Agrowing A7CR 61MP Quad es una poderosa herramienta para la agricultura moderna, que permite a los agricultores optimizar las pr\u00e1cticas de manejo de cultivos y maximizar los rendimientos mientras minimiza los insumos y el impacto ambiental.<\/p>\n<h3>Especificaciones t\u00e9cnicas<\/h3>\n<ul>\n<li><strong>Tipo<\/strong>: Montura \u00fanica de cuatro lentes<\/li>\n<li><strong>Campo de visi\u00f3n<\/strong>: Diagonal 46,0 Horizontal 40,7 Vertical 27,6<\/li>\n<li><strong>distorsi\u00f3n televisiva<\/strong>: &lt;1%<\/li>\n<li><strong>Bandas crom\u00e1ticas multiespectrales<\/strong>: 30 nm de ancho, 405;430;450;550, 560;570;650;685, 710;850 * personalizado para un mejor rendimiento<\/li>\n<li><strong>Iluminaci\u00f3n relativa<\/strong>: 68%<\/li>\n<li><strong>Distancia focal efectiva<\/strong>: 25mm<\/li>\n<li><strong>parada F<\/strong>: 6.0<\/li>\n<li><strong>Tipo de enfoque y rango<\/strong>: Manual 0,5m \u2013 infinito<\/li>\n<li><strong>Dimensi\u00f3n de la lente<\/strong>: (\u00d8xLxAn) 64,5\u00d731,5 mm<\/li>\n<li><strong>Peso total del sensor incluida la bater\u00eda<\/strong>: 705gr (A7CR)<\/li>\n<\/ul>\n<p>&nbsp;<\/p>\n<p><a href=\"https:\/\/www.ghostysky.com\/wp-content\/uploads\/2024\/03\/GH_Agrowing-A7CR-61MP-Quad_desc.jpg\"><img fetchpriority=\"high\" decoding=\"async\" class=\"size-full wp-image-17178 alignleft lazyload\" src=\"datos:imagen\/gif;base64,R0lGODlhAQABAAAAACH5BAEKAAEALAAAAAABAAEAAAICTAEAOw==\" alt=\"\" width=\"643\" height=\"325\" data-src=\"datos:imagen\/gif;base64,R0lGODlhAQABAAAAACH5BAEKAAEALAAAAAABAAEAAAICTAEAOw==\"><\/a><\/p>\n<p>El sensor basado en Alpha 7Rxxx de Agrowing tiene dos versiones de resoluci\u00f3n. El sensor basado en A7Riv es de 12 megap\u00edxeles por banda, mientras que el sensor basado en A7Rii\/iii es de 8 megap\u00edxeles por banda.<\/p>","protected":false},"excerpt":{"rendered":"<p>El Agrowing A7CR 61MP Quad es un dron agr\u00edcola de vanguardia equipado con tecnolog\u00eda de im\u00e1genes avanzada dise\u00f1ada para mejorar las pr\u00e1cticas de agricultura de precisi\u00f3n. Con un asombroso sensor de c\u00e1mara de 61 megap\u00edxeles (MP), este dron ofrece im\u00e1genes a\u00e9reas incre\u00edblemente detalladas, lo que permite a los agricultores y agr\u00f3nomos monitorear de cerca los cultivos, detectar problemas y tomar decisiones informadas.<\/p>\n<ul>\n<li>12 megap\u00edxeles por banda (A7CR)<\/li>\n<li>NDVI\/borde rojo<\/li>\n<li>10 bandas estrechas o 9 bandas + RGB ancho<\/li>\n<li>para montura E de fotograma completo<\/li>\n<li>Basado en Sony A7CR modificada<\/li>\n<\/ul>","protected":false},"featured_media":17177,"comment_status":"open","ping_status":"closed","template":"","meta":[],"product_brand":[],"product_cat":[719,705],"product_tag":[723,720],"class_list":{"0":"post-17176","1":"product","2":"type-product","3":"status-publish","4":"has-post-thumbnail","6":"product_cat-agrowing","7":"product_cat-sensors","8":"product_tag-a7cr-61mp-quad","9":"product_tag-agrowing","11":"first","12":"onbackorder","13":"taxable","14":"shipping-taxable","15":"product-type-simple"},"yoast_head":"<!-- This site is optimized with the Yoast SEO plugin v27.1.1 - https:\/\/yoast.com\/product\/yoast-seo-wordpress\/ -->\n<title>Agrowing A7CR 61MP Quad - Ghostysky<\/title>\n<meta name=\"description\" content=\"The Agrowing A7CR 61MP Quad is a cutting-edge agricultural drone equipped with advanced imaging technology designed to enhance precision agriculture practices. With a staggering 61 megapixel (MP) camera sensor, this drone offers incredibly detailed aerial imagery, allowing farmers and agronomists to closely monitor crops, detect issues, and make informed decisions.\" \/>\n<meta name=\"robots\" content=\"index, follow, max-snippet:-1, max-image-preview:large, max-video-preview:-1\" \/>\n<link rel=\"canonical\" href=\"https:\/\/www.ghostysky.com\/es\/producto-2\/agrowing-a7cr-61mp-quad\/\" \/>\n<meta property=\"og:locale\" content=\"es_ES\" \/>\n<meta property=\"og:type\" content=\"article\" \/>\n<meta property=\"og:title\" content=\"Agrowing A7CR 61MP Quad - Ghostysky\" \/>\n<meta property=\"og:description\" content=\"The Agrowing A7CR 61MP Quad is a cutting-edge agricultural drone equipped with advanced imaging technology designed to enhance precision agriculture practices. With a staggering 61 megapixel (MP) camera sensor, this drone offers incredibly detailed aerial imagery, allowing farmers and agronomists to closely monitor crops, detect issues, and make informed decisions.\" \/>\n<meta property=\"og:url\" content=\"https:\/\/www.ghostysky.com\/es\/producto-2\/agrowing-a7cr-61mp-quad\/\" \/>\n<meta property=\"og:site_name\" content=\"Ghostysky\" \/>\n<meta property=\"article:publisher\" content=\"https:\/\/www.facebook.com\/people\/Ghostysky\/100057676170234\/\" \/>\n<meta property=\"article:modified_time\" content=\"2024-10-22T01:57:55+00:00\" \/>\n<meta property=\"og:image\" content=\"https:\/\/www.ghostysky.com\/wp-content\/uploads\/2024\/03\/GH_Agrowing-A7CR-61MP-Quad_1.jpg\" \/>\n\t<meta property=\"og:image:width\" content=\"1164\" \/>\n\t<meta property=\"og:image:height\" content=\"693\" \/>\n\t<meta property=\"og:image:type\" content=\"image\/jpeg\" \/>\n<meta name=\"twitter:card\" content=\"summary_large_image\" \/>\n<meta name=\"twitter:site\" content=\"@Gh0stysky\" \/>\n<meta name=\"twitter:label1\" content=\"Tiempo de lectura\" \/>\n\t<meta name=\"twitter:data1\" content=\"2 minutos\" \/>\n<script type=\"application\/ld+json\" class=\"yoast-schema-graph\">{\"@context\":\"https:\/\/schema.org\",\"@graph\":[{\"@type\":\"WebPage\",\"@id\":\"https:\/\/www.ghostysky.com\/product\/agrowing-a7cr-61mp-quad\/\",\"url\":\"https:\/\/www.ghostysky.com\/product\/agrowing-a7cr-61mp-quad\/\",\"name\":\"Agrowing A7CR 61MP Quad - Ghostysky\",\"isPartOf\":{\"@id\":\"https:\/\/www.ghostysky.com\/#website\"},\"primaryImageOfPage\":{\"@id\":\"https:\/\/www.ghostysky.com\/product\/agrowing-a7cr-61mp-quad\/#primaryimage\"},\"image\":{\"@id\":\"https:\/\/www.ghostysky.com\/product\/agrowing-a7cr-61mp-quad\/#primaryimage\"},\"thumbnailUrl\":\"https:\/\/www.ghostysky.com\/wp-content\/uploads\/2024\/03\/GH_Agrowing-A7CR-61MP-Quad_1.jpg\",\"datePublished\":\"2024-03-11T13:56:30+00:00\",\"dateModified\":\"2024-10-22T01:57:55+00:00\",\"description\":\"The Agrowing A7CR 61MP Quad is a cutting-edge agricultural drone equipped with advanced imaging technology designed to enhance precision agriculture practices. With a staggering 61 megapixel (MP) camera sensor, this drone offers incredibly detailed aerial imagery, allowing farmers and agronomists to closely monitor crops, detect issues, and make informed decisions.\",\"breadcrumb\":{\"@id\":\"https:\/\/www.ghostysky.com\/product\/agrowing-a7cr-61mp-quad\/#breadcrumb\"},\"inLanguage\":\"es\",\"potentialAction\":[{\"@type\":\"ReadAction\",\"target\":[\"https:\/\/www.ghostysky.com\/product\/agrowing-a7cr-61mp-quad\/\"]}]},{\"@type\":\"ImageObject\",\"inLanguage\":\"es\",\"@id\":\"https:\/\/www.ghostysky.com\/product\/agrowing-a7cr-61mp-quad\/#primaryimage\",\"url\":\"https:\/\/www.ghostysky.com\/wp-content\/uploads\/2024\/03\/GH_Agrowing-A7CR-61MP-Quad_1.jpg\",\"contentUrl\":\"https:\/\/www.ghostysky.com\/wp-content\/uploads\/2024\/03\/GH_Agrowing-A7CR-61MP-Quad_1.jpg\",\"width\":1164,\"height\":693},{\"@type\":\"BreadcrumbList\",\"@id\":\"https:\/\/www.ghostysky.com\/product\/agrowing-a7cr-61mp-quad\/#breadcrumb\",\"itemListElement\":[{\"@type\":\"ListItem\",\"position\":1,\"name\":\"Home\",\"item\":\"https:\/\/www.ghostysky.com\/\"},{\"@type\":\"ListItem\",\"position\":2,\"name\":\"Shop\",\"item\":\"https:\/\/www.ghostysky.com\/shop\/\"},{\"@type\":\"ListItem\",\"position\":3,\"name\":\"Agrowing A7CR 61MP Quad\"}]},{\"@type\":\"WebSite\",\"@id\":\"https:\/\/www.ghostysky.com\/#website\",\"url\":\"https:\/\/www.ghostysky.com\/\",\"name\":\"Ghostysky\",\"description\":\"Delivering professional drones and services\",\"publisher\":{\"@id\":\"https:\/\/www.ghostysky.com\/#organization\"},\"potentialAction\":[{\"@type\":\"SearchAction\",\"target\":{\"@type\":\"EntryPoint\",\"urlTemplate\":\"https:\/\/www.ghostysky.com\/?s={search_term_string}\"},\"query-input\":{\"@type\":\"PropertyValueSpecification\",\"valueRequired\":true,\"valueName\":\"search_term_string\"}}],\"inLanguage\":\"es\"},{\"@type\":\"Organization\",\"@id\":\"https:\/\/www.ghostysky.com\/#organization\",\"name\":\"Ghostysky\",\"url\":\"https:\/\/www.ghostysky.com\/\",\"logo\":{\"@type\":\"ImageObject\",\"inLanguage\":\"es\",\"@id\":\"https:\/\/www.ghostysky.com\/#\/schema\/logo\/image\/\",\"url\":\"https:\/\/www.ghostysky.com\/wp-content\/uploads\/2020\/06\/cropped-ghostyskylogo_text_white2.png\",\"contentUrl\":\"https:\/\/www.ghostysky.com\/wp-content\/uploads\/2020\/06\/cropped-ghostyskylogo_text_white2.png\",\"width\":169,\"height\":56,\"caption\":\"Ghostysky\"},\"image\":{\"@id\":\"https:\/\/www.ghostysky.com\/#\/schema\/logo\/image\/\"},\"sameAs\":[\"https:\/\/www.facebook.com\/people\/Ghostysky\/100057676170234\/\",\"https:\/\/x.com\/Gh0stysky\",\"https:\/\/www.linkedin.com\/company\/34739653\",\"https:\/\/www.instagram.com\/gh0stysky\"]}]}<\/script>\n<!-- \/ Yoast SEO plugin. -->","yoast_head_json":{"title":"Agrowing A7CR 61MP Quad - Ghostysky","description":"El Agrowing A7CR 61MP Quad es un dron agr\u00edcola de vanguardia equipado con tecnolog\u00eda de im\u00e1genes avanzada dise\u00f1ada para mejorar las pr\u00e1cticas de agricultura de precisi\u00f3n. Con un asombroso sensor de c\u00e1mara de 61 megap\u00edxeles (MP), este dron ofrece im\u00e1genes a\u00e9reas incre\u00edblemente detalladas, lo que permite a los agricultores y agr\u00f3nomos monitorear de cerca los cultivos, detectar problemas y tomar decisiones informadas.","robots":{"index":"index","follow":"follow","max-snippet":"max-snippet:-1","max-image-preview":"max-image-preview:large","max-video-preview":"max-video-preview:-1"},"canonical":"https:\/\/www.ghostysky.com\/es\/producto-2\/agrowing-a7cr-61mp-quad\/","og_locale":"es_ES","og_type":"article","og_title":"Agrowing A7CR 61MP Quad - Ghostysky","og_description":"The Agrowing A7CR 61MP Quad is a cutting-edge agricultural drone equipped with advanced imaging technology designed to enhance precision agriculture practices. With a staggering 61 megapixel (MP) camera sensor, this drone offers incredibly detailed aerial imagery, allowing farmers and agronomists to closely monitor crops, detect issues, and make informed decisions.","og_url":"https:\/\/www.ghostysky.com\/es\/producto-2\/agrowing-a7cr-61mp-quad\/","og_site_name":"Ghostysky","article_publisher":"https:\/\/www.facebook.com\/people\/Ghostysky\/100057676170234\/","article_modified_time":"2024-10-22T01:57:55+00:00","og_image":[{"width":1164,"height":693,"url":"https:\/\/www.ghostysky.com\/wp-content\/uploads\/2024\/03\/GH_Agrowing-A7CR-61MP-Quad_1.jpg","type":"image\/jpeg"}],"twitter_card":"summary_large_image","twitter_site":"@Gh0stysky","twitter_misc":{"Tiempo de lectura":"2 minutos"},"schema":{"@context":"https:\/\/schema.org","@graph":[{"@type":"WebPage","@id":"https:\/\/www.ghostysky.com\/product\/agrowing-a7cr-61mp-quad\/","url":"https:\/\/www.ghostysky.com\/product\/agrowing-a7cr-61mp-quad\/","name":"Agrowing A7CR 61MP Quad - Ghostysky","isPartOf":{"@id":"https:\/\/www.ghostysky.com\/#website"},"primaryImageOfPage":{"@id":"https:\/\/www.ghostysky.com\/product\/agrowing-a7cr-61mp-quad\/#primaryimage"},"image":{"@id":"https:\/\/www.ghostysky.com\/product\/agrowing-a7cr-61mp-quad\/#primaryimage"},"thumbnailUrl":"https:\/\/www.ghostysky.com\/wp-content\/uploads\/2024\/03\/GH_Agrowing-A7CR-61MP-Quad_1.jpg","datePublished":"2024-03-11T13:56:30+00:00","dateModified":"2024-10-22T01:57:55+00:00","description":"El Agrowing A7CR 61MP Quad es un dron agr\u00edcola de vanguardia equipado con tecnolog\u00eda de im\u00e1genes avanzada dise\u00f1ada para mejorar las pr\u00e1cticas de agricultura de precisi\u00f3n. Con un asombroso sensor de c\u00e1mara de 61 megap\u00edxeles (MP), este dron ofrece im\u00e1genes a\u00e9reas incre\u00edblemente detalladas, lo que permite a los agricultores y agr\u00f3nomos monitorear de cerca los cultivos, detectar problemas y tomar decisiones informadas.","breadcrumb":{"@id":"https:\/\/www.ghostysky.com\/product\/agrowing-a7cr-61mp-quad\/#breadcrumb"},"inLanguage":"es","potentialAction":[{"@type":"ReadAction","target":["https:\/\/www.ghostysky.com\/product\/agrowing-a7cr-61mp-quad\/"]}]},{"@type":"ImageObject","inLanguage":"es","@id":"https:\/\/www.ghostysky.com\/product\/agrowing-a7cr-61mp-quad\/#primaryimage","url":"https:\/\/www.ghostysky.com\/wp-content\/uploads\/2024\/03\/GH_Agrowing-A7CR-61MP-Quad_1.jpg","contentUrl":"https:\/\/www.ghostysky.com\/wp-content\/uploads\/2024\/03\/GH_Agrowing-A7CR-61MP-Quad_1.jpg","width":1164,"height":693},{"@type":"BreadcrumbList","@id":"https:\/\/www.ghostysky.com\/product\/agrowing-a7cr-61mp-quad\/#breadcrumb","itemListElement":[{"@type":"ListItem","position":1,"name":"Home","item":"https:\/\/www.ghostysky.com\/"},{"@type":"ListItem","position":2,"name":"Shop","item":"https:\/\/www.ghostysky.com\/shop\/"},{"@type":"ListItem","position":3,"name":"Agrowing A7CR 61MP Quad"}]},{"@type":"WebSite","@id":"https:\/\/www.ghostysky.com\/#website","url":"https:\/\/www.ghostysky.com\/","name":"Ghostysky","description":"Entrega de drones y servicios profesionales","publisher":{"@id":"https:\/\/www.ghostysky.com\/#organization"},"potentialAction":[{"@type":"SearchAction","target":{"@type":"EntryPoint","urlTemplate":"https:\/\/www.ghostysky.com\/?s={search_term_string}"},"query-input":{"@type":"PropertyValueSpecification","valueRequired":true,"valueName":"search_term_string"}}],"inLanguage":"es"},{"@type":"Organization","@id":"https:\/\/www.ghostysky.com\/#organization","name":"Ghostysky","url":"https:\/\/www.ghostysky.com\/","logo":{"@type":"ImageObject","inLanguage":"es","@id":"https:\/\/www.ghostysky.com\/#\/schema\/logo\/image\/","url":"https:\/\/www.ghostysky.com\/wp-content\/uploads\/2020\/06\/cropped-ghostyskylogo_text_white2.png","contentUrl":"https:\/\/www.ghostysky.com\/wp-content\/uploads\/2020\/06\/cropped-ghostyskylogo_text_white2.png","width":169,"height":56,"caption":"Ghostysky"},"image":{"@id":"https:\/\/www.ghostysky.com\/#\/schema\/logo\/image\/"},"sameAs":["https:\/\/www.facebook.com\/people\/Ghostysky\/100057676170234\/","https:\/\/x.com\/Gh0stysky","https:\/\/www.linkedin.com\/company\/34739653","https:\/\/www.instagram.com\/gh0stysky"]}]}},"_links":{"self":[{"href":"https:\/\/www.ghostysky.com\/es\/wp-json\/wp\/v2\/product\/17176","targetHints":{"allow":["GET"]}}],"collection":[{"href":"https:\/\/www.ghostysky.com\/es\/wp-json\/wp\/v2\/product"}],"about":[{"href":"https:\/\/www.ghostysky.com\/es\/wp-json\/wp\/v2\/types\/product"}],"replies":[{"embeddable":true,"href":"https:\/\/www.ghostysky.com\/es\/wp-json\/wp\/v2\/comments?post=17176"}],"wp:featuredmedia":[{"embeddable":true,"href":"https:\/\/www.ghostysky.com\/es\/wp-json\/wp\/v2\/media\/17177"}],"wp:attachment":[{"href":"https:\/\/www.ghostysky.com\/es\/wp-json\/wp\/v2\/media?parent=17176"}],"wp:term":[{"taxonomy":"product_brand","embeddable":true,"href":"https:\/\/www.ghostysky.com\/es\/wp-json\/wp\/v2\/product_brand?post=17176"},{"taxonomy":"product_cat","embeddable":true,"href":"https:\/\/www.ghostysky.com\/es\/wp-json\/wp\/v2\/product_cat?post=17176"},{"taxonomy":"product_tag","embeddable":true,"href":"https:\/\/www.ghostysky.com\/es\/wp-json\/wp\/v2\/product_tag?post=17176"}],"curies":[{"name":"wp","href":"https:\/\/api.w.org\/{rel}","templated":true}]}}