{"id":17234,"date":"2024-03-15T18:32:56","date_gmt":"2024-03-15T18:32:56","guid":{"rendered":"https:\/\/www.ghostysky.com\/?post_type=product&#038;p=17234"},"modified":"2025-10-14T11:14:31","modified_gmt":"2025-10-14T11:14:31","slug":"safeair-m-350-pro","status":"publish","type":"product","link":"https:\/\/www.ghostysky.com\/es\/product\/safeair-m-350-pro\/","title":{"rendered":"SafeAir M-350 Pro"},"content":{"rendered":"<p data-sourcepos=\"3:1-3:67\">Estas son algunas de las caracter\u00edsticas clave del ParaZero SafeAir M-350 Pro:<\/p>\n<ul data-sourcepos=\"5:1-10:0\">\n<li data-sourcepos=\"5:1-5:180\"><strong>Sistema de terminaci\u00f3n de vuelo independiente (FTS):<\/strong> Esto proporciona una capa adicional de seguridad al permitirle finalizar el vuelo del dron de forma independiente en caso de una emergencia.<\/li>\n<li data-sourcepos=\"6:1-6:131\"><strong>Sistema de disparo aut\u00f3nomo (ATS):<\/strong> El paraca\u00eddas se puede activar autom\u00e1ticamente en caso de un problema cr\u00edtico de vuelo.<\/li>\n<li data-sourcepos=\"7:1-7:101\"><strong>Armado y desarmado autom\u00e1tico:<\/strong> El sistema de paraca\u00eddas se arma y desarma autom\u00e1ticamente.<\/li>\n<li data-sourcepos=\"8:1-8:91\"><strong>Instalaci\u00f3n f\u00e1cil enchufe y use:<\/strong> El sistema se puede instalar en unos 10 minutos.<\/li>\n<li data-sourcepos=\"9:1-10:0\"><strong>Disparo de paraca\u00eddas autom\u00e1tico y manual:<\/strong> Puede activar el despliegue del paraca\u00eddas de forma manual o autom\u00e1tica.<\/li>\n<\/ul>\n<p data-sourcepos=\"11:1-11:204\">En general, ParaZero SafeAir M-350 Pro es una soluci\u00f3n de seguridad integral para el dron DJI M350 RTK. Puede ayudar a mitigar los riesgos de accidentes de drones y de lesiones a personas y propiedades en tierra.<\/p>\n<p data-sourcepos=\"11:1-11:204\"><strong>Especificaciones<\/strong><\/p>\n<ul>\n<li>Sistema de recuperaci\u00f3n de paraca\u00eddas para DJI M350 RTK<\/li>\n<li>Sistema de terminaci\u00f3n de vuelo independiente (FTS)<\/li>\n<li>Sistema de disparo aut\u00f3nomo (ATS)<\/li>\n<li>Armado y desarmado autom\u00e1tico del sistema de paraca\u00eddas.<\/li>\n<li>F\u00e1cil instalaci\u00f3n plug-and-play en 10 minutos<\/li>\n<li>Disparo de paraca\u00eddas autom\u00e1tico y manual.<\/li>\n<li>Control remoto de implementaci\u00f3n manual incluido<\/li>\n<li>Aviso sonoro para personas en tierra<\/li>\n<li>Acceda a registros de datos desde la caja negra<\/li>\n<li>Incluye todos los componentes de montaje e instalaci\u00f3n necesarios.<\/li>\n<li>Sistema de grado industrial con el nivel de confiabilidad que se encuentra en la aviaci\u00f3n comercial.<\/li>\n<li>Conexi\u00f3n USB-C<\/li>\n<li>Funcionamiento ilimitado de la bater\u00eda<\/li>\n<\/ul>","protected":false},"excerpt":{"rendered":"<p>El ParaZero SafeAir M-350 Pro es un sistema aut\u00f3nomo de recuperaci\u00f3n de paraca\u00eddas para drones dise\u00f1ado espec\u00edficamente para el drone DJI M350 RTK. Cumple con los est\u00e1ndares MOC Light-UAS.2511 de EASA (Agencia de Seguridad A\u00e9rea de la Uni\u00f3n Europea) y ASTM F3322-18, lo que significa que cumple con los requisitos reglamentarios de seguridad y confiabilidad.<\/p>","protected":false},"featured_media":17238,"comment_status":"open","ping_status":"closed","template":"","meta":[],"product_brand":[],"product_cat":[461,729],"product_tag":[734,730,731],"class_list":{"0":"post-17234","1":"product","2":"type-product","3":"status-publish","4":"has-post-thumbnail","6":"product_cat-accessories-2","7":"product_cat-parazero-parachutes","8":"product_tag-m-350-pro","9":"product_tag-parazero","10":"product_tag-safeair","12":"first","13":"onbackorder","14":"taxable","15":"shipping-taxable","16":"product-type-simple"},"yoast_head":"<!-- This site is optimized with the Yoast SEO plugin v27.1.1 - https:\/\/yoast.com\/product\/yoast-seo-wordpress\/ -->\n<title>SafeAir M-350 Pro - Ghostysky<\/title>\n<meta name=\"description\" content=\"The ParaZero SafeAir M-350 Pro is an autonomous drone parachute recovery system designed specifically for the DJI M350 RTK drone. It is compliant with EASA (European Union Aviation Safety Agency) MOC Light-UAS.2511 standards and ASTM F3322-18, which means it meets regulatory requirements for safety and reliability.\" \/>\n<meta name=\"robots\" content=\"index, follow, max-snippet:-1, max-image-preview:large, max-video-preview:-1\" \/>\n<link rel=\"canonical\" href=\"https:\/\/www.ghostysky.com\/es\/producto-2\/safeair-m-350-pro\/\" \/>\n<meta property=\"og:locale\" content=\"es_ES\" \/>\n<meta property=\"og:type\" content=\"article\" \/>\n<meta property=\"og:title\" content=\"SafeAir M-350 Pro - Ghostysky\" \/>\n<meta property=\"og:description\" content=\"The ParaZero SafeAir M-350 Pro is an autonomous drone parachute recovery system designed specifically for the DJI M350 RTK drone. It is compliant with EASA (European Union Aviation Safety Agency) MOC Light-UAS.2511 standards and ASTM F3322-18, which means it meets regulatory requirements for safety and reliability.\" \/>\n<meta property=\"og:url\" content=\"https:\/\/www.ghostysky.com\/es\/producto-2\/safeair-m-350-pro\/\" \/>\n<meta property=\"og:site_name\" content=\"Ghostysky\" \/>\n<meta property=\"article:publisher\" content=\"https:\/\/www.facebook.com\/people\/Ghostysky\/100057676170234\/\" \/>\n<meta property=\"article:modified_time\" content=\"2025-10-14T11:14:31+00:00\" \/>\n<meta property=\"og:image\" content=\"https:\/\/www.ghostysky.com\/wp-content\/uploads\/2024\/03\/GH_PArazero_M350.jpg\" \/>\n\t<meta property=\"og:image:width\" content=\"350\" \/>\n\t<meta property=\"og:image:height\" content=\"350\" \/>\n\t<meta property=\"og:image:type\" content=\"image\/jpeg\" \/>\n<meta name=\"twitter:card\" content=\"summary_large_image\" \/>\n<meta name=\"twitter:site\" content=\"@Gh0stysky\" \/>\n<meta name=\"twitter:label1\" content=\"Tiempo de lectura\" \/>\n\t<meta name=\"twitter:data1\" content=\"2 minutos\" \/>\n<script type=\"application\/ld+json\" class=\"yoast-schema-graph\">{\"@context\":\"https:\/\/schema.org\",\"@graph\":[{\"@type\":\"WebPage\",\"@id\":\"https:\/\/www.ghostysky.com\/product\/safeair-m-350-pro\/\",\"url\":\"https:\/\/www.ghostysky.com\/product\/safeair-m-350-pro\/\",\"name\":\"SafeAir M-350 Pro - Ghostysky\",\"isPartOf\":{\"@id\":\"https:\/\/www.ghostysky.com\/#website\"},\"primaryImageOfPage\":{\"@id\":\"https:\/\/www.ghostysky.com\/product\/safeair-m-350-pro\/#primaryimage\"},\"image\":{\"@id\":\"https:\/\/www.ghostysky.com\/product\/safeair-m-350-pro\/#primaryimage\"},\"thumbnailUrl\":\"https:\/\/www.ghostysky.com\/wp-content\/uploads\/2024\/03\/GH_PArazero_M350.jpg\",\"datePublished\":\"2024-03-15T18:32:56+00:00\",\"dateModified\":\"2025-10-14T11:14:31+00:00\",\"description\":\"The ParaZero SafeAir M-350 Pro is an autonomous drone parachute recovery system designed specifically for the DJI M350 RTK drone. It is compliant with EASA (European Union Aviation Safety Agency) MOC Light-UAS.2511 standards and ASTM F3322-18, which means it meets regulatory requirements for safety and reliability.\",\"breadcrumb\":{\"@id\":\"https:\/\/www.ghostysky.com\/product\/safeair-m-350-pro\/#breadcrumb\"},\"inLanguage\":\"es\",\"potentialAction\":[{\"@type\":\"ReadAction\",\"target\":[\"https:\/\/www.ghostysky.com\/product\/safeair-m-350-pro\/\"]}]},{\"@type\":\"ImageObject\",\"inLanguage\":\"es\",\"@id\":\"https:\/\/www.ghostysky.com\/product\/safeair-m-350-pro\/#primaryimage\",\"url\":\"https:\/\/www.ghostysky.com\/wp-content\/uploads\/2024\/03\/GH_PArazero_M350.jpg\",\"contentUrl\":\"https:\/\/www.ghostysky.com\/wp-content\/uploads\/2024\/03\/GH_PArazero_M350.jpg\",\"width\":350,\"height\":350},{\"@type\":\"BreadcrumbList\",\"@id\":\"https:\/\/www.ghostysky.com\/product\/safeair-m-350-pro\/#breadcrumb\",\"itemListElement\":[{\"@type\":\"ListItem\",\"position\":1,\"name\":\"Home\",\"item\":\"https:\/\/www.ghostysky.com\/\"},{\"@type\":\"ListItem\",\"position\":2,\"name\":\"Shop\",\"item\":\"https:\/\/www.ghostysky.com\/shop\/\"},{\"@type\":\"ListItem\",\"position\":3,\"name\":\"SafeAir M-350 Pro\"}]},{\"@type\":\"WebSite\",\"@id\":\"https:\/\/www.ghostysky.com\/#website\",\"url\":\"https:\/\/www.ghostysky.com\/\",\"name\":\"Ghostysky\",\"description\":\"Delivering professional drones and services\",\"publisher\":{\"@id\":\"https:\/\/www.ghostysky.com\/#organization\"},\"potentialAction\":[{\"@type\":\"SearchAction\",\"target\":{\"@type\":\"EntryPoint\",\"urlTemplate\":\"https:\/\/www.ghostysky.com\/?s={search_term_string}\"},\"query-input\":{\"@type\":\"PropertyValueSpecification\",\"valueRequired\":true,\"valueName\":\"search_term_string\"}}],\"inLanguage\":\"es\"},{\"@type\":\"Organization\",\"@id\":\"https:\/\/www.ghostysky.com\/#organization\",\"name\":\"Ghostysky\",\"url\":\"https:\/\/www.ghostysky.com\/\",\"logo\":{\"@type\":\"ImageObject\",\"inLanguage\":\"es\",\"@id\":\"https:\/\/www.ghostysky.com\/#\/schema\/logo\/image\/\",\"url\":\"https:\/\/www.ghostysky.com\/wp-content\/uploads\/2020\/06\/cropped-ghostyskylogo_text_white2.png\",\"contentUrl\":\"https:\/\/www.ghostysky.com\/wp-content\/uploads\/2020\/06\/cropped-ghostyskylogo_text_white2.png\",\"width\":169,\"height\":56,\"caption\":\"Ghostysky\"},\"image\":{\"@id\":\"https:\/\/www.ghostysky.com\/#\/schema\/logo\/image\/\"},\"sameAs\":[\"https:\/\/www.facebook.com\/people\/Ghostysky\/100057676170234\/\",\"https:\/\/x.com\/Gh0stysky\",\"https:\/\/www.linkedin.com\/company\/34739653\",\"https:\/\/www.instagram.com\/gh0stysky\"]}]}<\/script>\n<!-- \/ Yoast SEO plugin. -->","yoast_head_json":{"title":"SafeAir M-350 Pro - Ghostysky","description":"El ParaZero SafeAir M-350 Pro es un sistema aut\u00f3nomo de recuperaci\u00f3n de paraca\u00eddas para drones dise\u00f1ado espec\u00edficamente para el drone DJI M350 RTK. Cumple con los est\u00e1ndares MOC Light-UAS.2511 de EASA (Agencia de Seguridad A\u00e9rea de la Uni\u00f3n Europea) y ASTM F3322-18, lo que significa que cumple con los requisitos reglamentarios de seguridad y confiabilidad.","robots":{"index":"index","follow":"follow","max-snippet":"max-snippet:-1","max-image-preview":"max-image-preview:large","max-video-preview":"max-video-preview:-1"},"canonical":"https:\/\/www.ghostysky.com\/es\/producto-2\/safeair-m-350-pro\/","og_locale":"es_ES","og_type":"article","og_title":"SafeAir M-350 Pro - Ghostysky","og_description":"The ParaZero SafeAir M-350 Pro is an autonomous drone parachute recovery system designed specifically for the DJI M350 RTK drone. It is compliant with EASA (European Union Aviation Safety Agency) MOC Light-UAS.2511 standards and ASTM F3322-18, which means it meets regulatory requirements for safety and reliability.","og_url":"https:\/\/www.ghostysky.com\/es\/producto-2\/safeair-m-350-pro\/","og_site_name":"Ghostysky","article_publisher":"https:\/\/www.facebook.com\/people\/Ghostysky\/100057676170234\/","article_modified_time":"2025-10-14T11:14:31+00:00","og_image":[{"width":350,"height":350,"url":"https:\/\/www.ghostysky.com\/wp-content\/uploads\/2024\/03\/GH_PArazero_M350.jpg","type":"image\/jpeg"}],"twitter_card":"summary_large_image","twitter_site":"@Gh0stysky","twitter_misc":{"Tiempo de lectura":"2 minutos"},"schema":{"@context":"https:\/\/schema.org","@graph":[{"@type":"WebPage","@id":"https:\/\/www.ghostysky.com\/product\/safeair-m-350-pro\/","url":"https:\/\/www.ghostysky.com\/product\/safeair-m-350-pro\/","name":"SafeAir M-350 Pro - Ghostysky","isPartOf":{"@id":"https:\/\/www.ghostysky.com\/#website"},"primaryImageOfPage":{"@id":"https:\/\/www.ghostysky.com\/product\/safeair-m-350-pro\/#primaryimage"},"image":{"@id":"https:\/\/www.ghostysky.com\/product\/safeair-m-350-pro\/#primaryimage"},"thumbnailUrl":"https:\/\/www.ghostysky.com\/wp-content\/uploads\/2024\/03\/GH_PArazero_M350.jpg","datePublished":"2024-03-15T18:32:56+00:00","dateModified":"2025-10-14T11:14:31+00:00","description":"El ParaZero SafeAir M-350 Pro es un sistema aut\u00f3nomo de recuperaci\u00f3n de paraca\u00eddas para drones dise\u00f1ado espec\u00edficamente para el drone DJI M350 RTK. Cumple con los est\u00e1ndares MOC Light-UAS.2511 de EASA (Agencia de Seguridad A\u00e9rea de la Uni\u00f3n Europea) y ASTM F3322-18, lo que significa que cumple con los requisitos reglamentarios de seguridad y confiabilidad.","breadcrumb":{"@id":"https:\/\/www.ghostysky.com\/product\/safeair-m-350-pro\/#breadcrumb"},"inLanguage":"es","potentialAction":[{"@type":"ReadAction","target":["https:\/\/www.ghostysky.com\/product\/safeair-m-350-pro\/"]}]},{"@type":"ImageObject","inLanguage":"es","@id":"https:\/\/www.ghostysky.com\/product\/safeair-m-350-pro\/#primaryimage","url":"https:\/\/www.ghostysky.com\/wp-content\/uploads\/2024\/03\/GH_PArazero_M350.jpg","contentUrl":"https:\/\/www.ghostysky.com\/wp-content\/uploads\/2024\/03\/GH_PArazero_M350.jpg","width":350,"height":350},{"@type":"BreadcrumbList","@id":"https:\/\/www.ghostysky.com\/product\/safeair-m-350-pro\/#breadcrumb","itemListElement":[{"@type":"ListItem","position":1,"name":"Home","item":"https:\/\/www.ghostysky.com\/"},{"@type":"ListItem","position":2,"name":"Shop","item":"https:\/\/www.ghostysky.com\/shop\/"},{"@type":"ListItem","position":3,"name":"SafeAir M-350 Pro"}]},{"@type":"WebSite","@id":"https:\/\/www.ghostysky.com\/#website","url":"https:\/\/www.ghostysky.com\/","name":"Ghostysky","description":"Entrega de drones y servicios profesionales","publisher":{"@id":"https:\/\/www.ghostysky.com\/#organization"},"potentialAction":[{"@type":"SearchAction","target":{"@type":"EntryPoint","urlTemplate":"https:\/\/www.ghostysky.com\/?s={search_term_string}"},"query-input":{"@type":"PropertyValueSpecification","valueRequired":true,"valueName":"search_term_string"}}],"inLanguage":"es"},{"@type":"Organization","@id":"https:\/\/www.ghostysky.com\/#organization","name":"Ghostysky","url":"https:\/\/www.ghostysky.com\/","logo":{"@type":"ImageObject","inLanguage":"es","@id":"https:\/\/www.ghostysky.com\/#\/schema\/logo\/image\/","url":"https:\/\/www.ghostysky.com\/wp-content\/uploads\/2020\/06\/cropped-ghostyskylogo_text_white2.png","contentUrl":"https:\/\/www.ghostysky.com\/wp-content\/uploads\/2020\/06\/cropped-ghostyskylogo_text_white2.png","width":169,"height":56,"caption":"Ghostysky"},"image":{"@id":"https:\/\/www.ghostysky.com\/#\/schema\/logo\/image\/"},"sameAs":["https:\/\/www.facebook.com\/people\/Ghostysky\/100057676170234\/","https:\/\/x.com\/Gh0stysky","https:\/\/www.linkedin.com\/company\/34739653","https:\/\/www.instagram.com\/gh0stysky"]}]}},"_links":{"self":[{"href":"https:\/\/www.ghostysky.com\/es\/wp-json\/wp\/v2\/product\/17234","targetHints":{"allow":["GET"]}}],"collection":[{"href":"https:\/\/www.ghostysky.com\/es\/wp-json\/wp\/v2\/product"}],"about":[{"href":"https:\/\/www.ghostysky.com\/es\/wp-json\/wp\/v2\/types\/product"}],"replies":[{"embeddable":true,"href":"https:\/\/www.ghostysky.com\/es\/wp-json\/wp\/v2\/comments?post=17234"}],"wp:featuredmedia":[{"embeddable":true,"href":"https:\/\/www.ghostysky.com\/es\/wp-json\/wp\/v2\/media\/17238"}],"wp:attachment":[{"href":"https:\/\/www.ghostysky.com\/es\/wp-json\/wp\/v2\/media?parent=17234"}],"wp:term":[{"taxonomy":"product_brand","embeddable":true,"href":"https:\/\/www.ghostysky.com\/es\/wp-json\/wp\/v2\/product_brand?post=17234"},{"taxonomy":"product_cat","embeddable":true,"href":"https:\/\/www.ghostysky.com\/es\/wp-json\/wp\/v2\/product_cat?post=17234"},{"taxonomy":"product_tag","embeddable":true,"href":"https:\/\/www.ghostysky.com\/es\/wp-json\/wp\/v2\/product_tag?post=17234"}],"curies":[{"name":"wp","href":"https:\/\/api.w.org\/{rel}","templated":true}]}}