{"id":17246,"date":"2024-03-15T18:51:28","date_gmt":"2024-03-15T18:51:28","guid":{"rendered":"https:\/\/www.ghostysky.com\/?post_type=product&#038;p=17246"},"modified":"2025-10-14T11:12:58","modified_gmt":"2025-10-14T11:12:58","slug":"safeair-mavic-3-with-manual-deployment-rc","status":"publish","type":"product","link":"https:\/\/www.ghostysky.com\/es\/product\/safeair-mavic-3-with-manual-deployment-rc\/","title":{"rendered":"SafeAir Mavic 3 con RC de activaci\u00f3n manual"},"content":{"rendered":"<p data-sourcepos=\"3:1-3:20\"><strong>Caracteristicas de seguridad:<\/strong><\/p>\n<ul data-sourcepos=\"5:1-9:0\">\n<li data-sourcepos=\"5:1-5:112\"><strong>Sistema de disparo aut\u00f3nomo (ATS):<\/strong>\u00a0Despliega autom\u00e1ticamente el paraca\u00eddas en caso de falla cr\u00edtica del dron.<\/li>\n<li data-sourcepos=\"6:1-6:141\"><strong>Sistema Independiente de Terminaci\u00f3n de Vuelo (FTS):<\/strong>\u00a0Corta la energ\u00eda a los rotores al desplegar el paraca\u00eddas para evitar enredos y lesiones.<\/li>\n<li data-sourcepos=\"7:1-7:129\"><strong>Protecci\u00f3n de despliegue bal\u00edstico a baja altitud:<\/strong>\u00a0Dise\u00f1ado para funcionar incluso si el paraca\u00eddas necesita desplegarse a baja altura.<\/li>\n<li data-sourcepos=\"8:1-9:0\"><strong>RC\/receptor de implementaci\u00f3n manual:<\/strong>\u00a0Le permite activar manualmente el despliegue del paraca\u00eddas mediante un control remoto.<\/li>\n<\/ul>\n<p><strong>Caracter\u00edsticas clave del producto:<\/strong><\/p>\n<ul>\n<li>Sistema de disparo aut\u00f3nomo (ATS)<\/li>\n<li>Sistema de terminaci\u00f3n de vuelo independiente (FTS)<\/li>\n<li>Capacidades de baja altitud<\/li>\n<li>Instalaci\u00f3n sencilla plug-and-play en 3-5 minutos<\/li>\n<li>Dise\u00f1ado para cumplir con las regulaciones globales basadas en el desempe\u00f1o para operaciones avanzadas<\/li>\n<li>Bater\u00eda independiente de 4 horas<\/li>\n<li>Dispositivo de activaci\u00f3n manual (MTD) a trav\u00e9s de ParaZero RC (868 MHz o 915 MHz, seg\u00fan la regi\u00f3n)<\/li>\n<li>Zumbador de advertencia de audio integrado + receptor RC<\/li>\n<li>carteles de peligro<\/li>\n<\/ul>\n<p>&nbsp;<\/p>\n<p><strong>Datos t\u00e9cnicos<\/strong><\/p>\n<ul>\n<li><strong>Peso total<\/strong>: 185 gramos\/ 0,41 libras<\/li>\n<li><strong>Altitud m\u00ednima segura<\/strong>: 19,11 metros\/ 62,7 pies<\/li>\n<\/ul>\n<h3><\/h3>\n<h3>SafeAir Mavic 3<\/h3>\n<div>\n<ul>\n<li>Compatible con DJI Mavic Serie 3, excluyendo los accesorios de fijaci\u00f3n hacia arriba (altavoz, m\u00f3dulo RTK)<\/li>\n<li>F\u00e1cil instalaci\u00f3n e integraci\u00f3n plug-and-play en 5 minutos<\/li>\n<li>Activaci\u00f3n autom\u00e1tica de medidas de seguridad en caso de emergencia o ca\u00edda libre.<\/li>\n<li>Sistema no pirot\u00e9cnico: seguro para el equipaje facturado en aerol\u00edneas comerciales<\/li>\n<li>Acceda a los registros de datos desde el registrador de datos a trav\u00e9s de la aplicaci\u00f3n de escritorio<\/li>\n<li>Incluye todos los componentes de montaje e instalaci\u00f3n necesarios.<\/li>\n<li>Sistema de grado industrial con el nivel de confiabilidad que se encuentra en los sistemas de aviaci\u00f3n comercial.<\/li>\n<\/ul>\n<\/div>","protected":false},"excerpt":{"rendered":"<p>El ParaZero SafeAir Mavic 3 con paraca\u00eddas RC de despliegue manual es un sistema de seguridad dise\u00f1ado para el dron DJI Mavic 3.<\/p>\n<ul data-sourcepos=\"12:1-14:0\">\n<li data-sourcepos=\"12:1-12:79\"><strong>F\u00e1cil instalaci\u00f3n:<\/strong>\u00a0Se anuncia como f\u00e1cil de instalar en 10 minutos.<\/li>\n<li data-sourcepos=\"13:1-14:0\"><strong>Cumple con MOC 2511:<\/strong>\u00a0Cumple con el est\u00e1ndar de categor\u00eda de sucesos obligatorios (MOC) 2511 de la Uni\u00f3n Europea para la seguridad de drones.<\/li>\n<\/ul>","protected":false},"featured_media":17237,"comment_status":"open","ping_status":"closed","template":"","meta":[],"product_brand":[],"product_cat":[461,729],"product_tag":[736,735,730,731],"class_list":{"0":"post-17246","1":"product","2":"type-product","3":"status-publish","4":"has-post-thumbnail","6":"product_cat-accessories-2","7":"product_cat-parazero-parachutes","8":"product_tag-manual-deployment-rc","9":"product_tag-mavic-3","10":"product_tag-parazero","11":"product_tag-safeair","13":"first","14":"onbackorder","15":"taxable","16":"shipping-taxable","17":"product-type-simple"},"yoast_head":"<!-- This site is optimized with the Yoast SEO plugin v27.4 - https:\/\/yoast.com\/product\/yoast-seo-wordpress\/ -->\n<title>SafeAir Mavic 3 with Manual Deployment RC - Ghostysky<\/title>\n<meta name=\"description\" content=\"The ParaZero SafeAir Mavic 3 with Manual Deployment RC parachute is a safety system designed for the DJI Mavic 3 drone.Easy installation:\u00a0Advertised as being easy to install within 10 minutes.MOC 2511 compliant:\u00a0Meets the European Union&#039;s Mandatory Occurrence Category (MOC) 2511 standard for drone safety.\" \/>\n<meta name=\"robots\" content=\"index, follow, max-snippet:-1, max-image-preview:large, max-video-preview:-1\" \/>\n<link rel=\"canonical\" href=\"https:\/\/www.ghostysky.com\/es\/producto-2\/safeair-mavic-3-with-manual-deployment-rc\/\" \/>\n<meta property=\"og:locale\" content=\"es_ES\" \/>\n<meta property=\"og:type\" content=\"article\" \/>\n<meta property=\"og:title\" content=\"SafeAir Mavic 3 with Manual Deployment RC - Ghostysky\" \/>\n<meta property=\"og:description\" content=\"The ParaZero SafeAir Mavic 3 with Manual Deployment RC parachute is a safety system designed for the DJI Mavic 3 drone.Easy installation:\u00a0Advertised as being easy to install within 10 minutes.MOC 2511 compliant:\u00a0Meets the European Union&#039;s Mandatory Occurrence Category (MOC) 2511 standard for drone safety.\" \/>\n<meta property=\"og:url\" content=\"https:\/\/www.ghostysky.com\/es\/producto-2\/safeair-mavic-3-with-manual-deployment-rc\/\" \/>\n<meta property=\"og:site_name\" content=\"Ghostysky\" \/>\n<meta property=\"article:publisher\" content=\"https:\/\/www.facebook.com\/people\/Ghostysky\/100057676170234\/\" \/>\n<meta property=\"article:modified_time\" content=\"2025-10-14T11:12:58+00:00\" \/>\n<meta property=\"og:image\" content=\"https:\/\/www.ghostysky.com\/wp-content\/uploads\/2024\/03\/GH_PArazero_Mavic3.jpg\" \/>\n\t<meta property=\"og:image:width\" content=\"350\" \/>\n\t<meta property=\"og:image:height\" content=\"350\" \/>\n\t<meta property=\"og:image:type\" content=\"image\/jpeg\" \/>\n<meta name=\"twitter:card\" content=\"summary_large_image\" \/>\n<meta name=\"twitter:site\" content=\"@Gh0stysky\" \/>\n<meta name=\"twitter:label1\" content=\"Tiempo de lectura\" \/>\n\t<meta name=\"twitter:data1\" content=\"2 minutos\" \/>\n<script type=\"application\/ld+json\" class=\"yoast-schema-graph\">{\"@context\":\"https:\\\/\\\/schema.org\",\"@graph\":[{\"@type\":\"WebPage\",\"@id\":\"https:\\\/\\\/www.ghostysky.com\\\/product\\\/safeair-mavic-3-with-manual-deployment-rc\\\/\",\"url\":\"https:\\\/\\\/www.ghostysky.com\\\/product\\\/safeair-mavic-3-with-manual-deployment-rc\\\/\",\"name\":\"SafeAir Mavic 3 with Manual Deployment RC - Ghostysky\",\"isPartOf\":{\"@id\":\"https:\\\/\\\/www.ghostysky.com\\\/#website\"},\"primaryImageOfPage\":{\"@id\":\"https:\\\/\\\/www.ghostysky.com\\\/product\\\/safeair-mavic-3-with-manual-deployment-rc\\\/#primaryimage\"},\"image\":{\"@id\":\"https:\\\/\\\/www.ghostysky.com\\\/product\\\/safeair-mavic-3-with-manual-deployment-rc\\\/#primaryimage\"},\"thumbnailUrl\":\"https:\\\/\\\/www.ghostysky.com\\\/wp-content\\\/uploads\\\/2024\\\/03\\\/GH_PArazero_Mavic3.jpg\",\"datePublished\":\"2024-03-15T18:51:28+00:00\",\"dateModified\":\"2025-10-14T11:12:58+00:00\",\"description\":\"The ParaZero SafeAir Mavic 3 with Manual Deployment RC parachute is a safety system designed for the DJI Mavic 3 drone.Easy installation:\u00a0Advertised as being easy to install within 10 minutes.MOC 2511 compliant:\u00a0Meets the European Union's Mandatory Occurrence Category (MOC) 2511 standard for drone safety.\",\"breadcrumb\":{\"@id\":\"https:\\\/\\\/www.ghostysky.com\\\/product\\\/safeair-mavic-3-with-manual-deployment-rc\\\/#breadcrumb\"},\"inLanguage\":\"es\",\"potentialAction\":[{\"@type\":\"ReadAction\",\"target\":[\"https:\\\/\\\/www.ghostysky.com\\\/product\\\/safeair-mavic-3-with-manual-deployment-rc\\\/\"]}]},{\"@type\":\"ImageObject\",\"inLanguage\":\"es\",\"@id\":\"https:\\\/\\\/www.ghostysky.com\\\/product\\\/safeair-mavic-3-with-manual-deployment-rc\\\/#primaryimage\",\"url\":\"https:\\\/\\\/www.ghostysky.com\\\/wp-content\\\/uploads\\\/2024\\\/03\\\/GH_PArazero_Mavic3.jpg\",\"contentUrl\":\"https:\\\/\\\/www.ghostysky.com\\\/wp-content\\\/uploads\\\/2024\\\/03\\\/GH_PArazero_Mavic3.jpg\",\"width\":350,\"height\":350},{\"@type\":\"BreadcrumbList\",\"@id\":\"https:\\\/\\\/www.ghostysky.com\\\/product\\\/safeair-mavic-3-with-manual-deployment-rc\\\/#breadcrumb\",\"itemListElement\":[{\"@type\":\"ListItem\",\"position\":1,\"name\":\"Home\",\"item\":\"https:\\\/\\\/www.ghostysky.com\\\/\"},{\"@type\":\"ListItem\",\"position\":2,\"name\":\"Shop\",\"item\":\"https:\\\/\\\/www.ghostysky.com\\\/shop\\\/\"},{\"@type\":\"ListItem\",\"position\":3,\"name\":\"SafeAir Mavic 3 with Manual Deployment RC\"}]},{\"@type\":\"WebSite\",\"@id\":\"https:\\\/\\\/www.ghostysky.com\\\/#website\",\"url\":\"https:\\\/\\\/www.ghostysky.com\\\/\",\"name\":\"Ghostysky\",\"description\":\"Delivering professional drones and robotics solutions\",\"publisher\":{\"@id\":\"https:\\\/\\\/www.ghostysky.com\\\/#organization\"},\"potentialAction\":[{\"@type\":\"SearchAction\",\"target\":{\"@type\":\"EntryPoint\",\"urlTemplate\":\"https:\\\/\\\/www.ghostysky.com\\\/?s={search_term_string}\"},\"query-input\":{\"@type\":\"PropertyValueSpecification\",\"valueRequired\":true,\"valueName\":\"search_term_string\"}}],\"inLanguage\":\"es\"},{\"@type\":\"Organization\",\"@id\":\"https:\\\/\\\/www.ghostysky.com\\\/#organization\",\"name\":\"Ghostysky\",\"url\":\"https:\\\/\\\/www.ghostysky.com\\\/\",\"logo\":{\"@type\":\"ImageObject\",\"inLanguage\":\"es\",\"@id\":\"https:\\\/\\\/www.ghostysky.com\\\/#\\\/schema\\\/logo\\\/image\\\/\",\"url\":\"https:\\\/\\\/www.ghostysky.com\\\/wp-content\\\/uploads\\\/2020\\\/06\\\/cropped-ghostyskylogo_text_white2.png\",\"contentUrl\":\"https:\\\/\\\/www.ghostysky.com\\\/wp-content\\\/uploads\\\/2020\\\/06\\\/cropped-ghostyskylogo_text_white2.png\",\"width\":169,\"height\":56,\"caption\":\"Ghostysky\"},\"image\":{\"@id\":\"https:\\\/\\\/www.ghostysky.com\\\/#\\\/schema\\\/logo\\\/image\\\/\"},\"sameAs\":[\"https:\\\/\\\/www.facebook.com\\\/people\\\/Ghostysky\\\/100057676170234\\\/\",\"https:\\\/\\\/x.com\\\/Gh0stysky\",\"https:\\\/\\\/www.linkedin.com\\\/company\\\/34739653\",\"https:\\\/\\\/www.instagram.com\\\/gh0stysky\"]}]}<\/script>\n<!-- \/ Yoast SEO plugin. -->","yoast_head_json":{"title":"SafeAir Mavic 3 con RC de implementaci\u00f3n manual - Ghostysky","description":"El ParaZero SafeAir Mavic 3 con paraca\u00eddas RC de despliegue manual es un sistema de seguridad dise\u00f1ado para el dron DJI Mavic 3. F\u00e1cil instalaci\u00f3n: se anuncia como f\u00e1cil de instalar en 10 minutos. Cumple con MOC 2511: cumple con la categor\u00eda de ocurrencia obligatoria (MOC) 2511 de la Uni\u00f3n Europea est\u00e1ndar para la seguridad de los drones.","robots":{"index":"index","follow":"follow","max-snippet":"max-snippet:-1","max-image-preview":"max-image-preview:large","max-video-preview":"max-video-preview:-1"},"canonical":"https:\/\/www.ghostysky.com\/es\/producto-2\/safeair-mavic-3-with-manual-deployment-rc\/","og_locale":"es_ES","og_type":"article","og_title":"SafeAir Mavic 3 with Manual Deployment RC - Ghostysky","og_description":"The ParaZero SafeAir Mavic 3 with Manual Deployment RC parachute is a safety system designed for the DJI Mavic 3 drone.Easy installation:\u00a0Advertised as being easy to install within 10 minutes.MOC 2511 compliant:\u00a0Meets the European Union's Mandatory Occurrence Category (MOC) 2511 standard for drone safety.","og_url":"https:\/\/www.ghostysky.com\/es\/producto-2\/safeair-mavic-3-with-manual-deployment-rc\/","og_site_name":"Ghostysky","article_publisher":"https:\/\/www.facebook.com\/people\/Ghostysky\/100057676170234\/","article_modified_time":"2025-10-14T11:12:58+00:00","og_image":[{"width":350,"height":350,"url":"https:\/\/www.ghostysky.com\/wp-content\/uploads\/2024\/03\/GH_PArazero_Mavic3.jpg","type":"image\/jpeg"}],"twitter_card":"summary_large_image","twitter_site":"@Gh0stysky","twitter_misc":{"Tiempo de lectura":"2 minutos"},"schema":{"@context":"https:\/\/schema.org","@graph":[{"@type":"WebPage","@id":"https:\/\/www.ghostysky.com\/product\/safeair-mavic-3-with-manual-deployment-rc\/","url":"https:\/\/www.ghostysky.com\/product\/safeair-mavic-3-with-manual-deployment-rc\/","name":"SafeAir Mavic 3 con RC de implementaci\u00f3n manual - Ghostysky","isPartOf":{"@id":"https:\/\/www.ghostysky.com\/#website"},"primaryImageOfPage":{"@id":"https:\/\/www.ghostysky.com\/product\/safeair-mavic-3-with-manual-deployment-rc\/#primaryimage"},"image":{"@id":"https:\/\/www.ghostysky.com\/product\/safeair-mavic-3-with-manual-deployment-rc\/#primaryimage"},"thumbnailUrl":"https:\/\/www.ghostysky.com\/wp-content\/uploads\/2024\/03\/GH_PArazero_Mavic3.jpg","datePublished":"2024-03-15T18:51:28+00:00","dateModified":"2025-10-14T11:12:58+00:00","description":"El ParaZero SafeAir Mavic 3 con paraca\u00eddas RC de despliegue manual es un sistema de seguridad dise\u00f1ado para el dron DJI Mavic 3. F\u00e1cil instalaci\u00f3n: se anuncia como f\u00e1cil de instalar en 10 minutos. Cumple con MOC 2511: cumple con la categor\u00eda de ocurrencia obligatoria (MOC) 2511 de la Uni\u00f3n Europea est\u00e1ndar para la seguridad de los drones.","breadcrumb":{"@id":"https:\/\/www.ghostysky.com\/product\/safeair-mavic-3-with-manual-deployment-rc\/#breadcrumb"},"inLanguage":"es","potentialAction":[{"@type":"ReadAction","target":["https:\/\/www.ghostysky.com\/product\/safeair-mavic-3-with-manual-deployment-rc\/"]}]},{"@type":"ImageObject","inLanguage":"es","@id":"https:\/\/www.ghostysky.com\/product\/safeair-mavic-3-with-manual-deployment-rc\/#primaryimage","url":"https:\/\/www.ghostysky.com\/wp-content\/uploads\/2024\/03\/GH_PArazero_Mavic3.jpg","contentUrl":"https:\/\/www.ghostysky.com\/wp-content\/uploads\/2024\/03\/GH_PArazero_Mavic3.jpg","width":350,"height":350},{"@type":"BreadcrumbList","@id":"https:\/\/www.ghostysky.com\/product\/safeair-mavic-3-with-manual-deployment-rc\/#breadcrumb","itemListElement":[{"@type":"ListItem","position":1,"name":"Home","item":"https:\/\/www.ghostysky.com\/"},{"@type":"ListItem","position":2,"name":"Shop","item":"https:\/\/www.ghostysky.com\/shop\/"},{"@type":"ListItem","position":3,"name":"SafeAir Mavic 3 with Manual Deployment RC"}]},{"@type":"WebSite","@id":"https:\/\/www.ghostysky.com\/#website","url":"https:\/\/www.ghostysky.com\/","name":"Ghostysky","description":"Ofrecemos soluciones profesionales de drones y rob\u00f3tica.","publisher":{"@id":"https:\/\/www.ghostysky.com\/#organization"},"potentialAction":[{"@type":"SearchAction","target":{"@type":"EntryPoint","urlTemplate":"https:\/\/www.ghostysky.com\/?s={search_term_string}"},"query-input":{"@type":"PropertyValueSpecification","valueRequired":true,"valueName":"search_term_string"}}],"inLanguage":"es"},{"@type":"Organization","@id":"https:\/\/www.ghostysky.com\/#organization","name":"Ghostysky","url":"https:\/\/www.ghostysky.com\/","logo":{"@type":"ImageObject","inLanguage":"es","@id":"https:\/\/www.ghostysky.com\/#\/schema\/logo\/image\/","url":"https:\/\/www.ghostysky.com\/wp-content\/uploads\/2020\/06\/cropped-ghostyskylogo_text_white2.png","contentUrl":"https:\/\/www.ghostysky.com\/wp-content\/uploads\/2020\/06\/cropped-ghostyskylogo_text_white2.png","width":169,"height":56,"caption":"Ghostysky"},"image":{"@id":"https:\/\/www.ghostysky.com\/#\/schema\/logo\/image\/"},"sameAs":["https:\/\/www.facebook.com\/people\/Ghostysky\/100057676170234\/","https:\/\/x.com\/Gh0stysky","https:\/\/www.linkedin.com\/company\/34739653","https:\/\/www.instagram.com\/gh0stysky"]}]}},"_links":{"self":[{"href":"https:\/\/www.ghostysky.com\/es\/wp-json\/wp\/v2\/product\/17246","targetHints":{"allow":["GET"]}}],"collection":[{"href":"https:\/\/www.ghostysky.com\/es\/wp-json\/wp\/v2\/product"}],"about":[{"href":"https:\/\/www.ghostysky.com\/es\/wp-json\/wp\/v2\/types\/product"}],"replies":[{"embeddable":true,"href":"https:\/\/www.ghostysky.com\/es\/wp-json\/wp\/v2\/comments?post=17246"}],"version-history":[{"count":0,"href":"https:\/\/www.ghostysky.com\/es\/wp-json\/wp\/v2\/product\/17246\/revisions"}],"wp:featuredmedia":[{"embeddable":true,"href":"https:\/\/www.ghostysky.com\/es\/wp-json\/wp\/v2\/media\/17237"}],"wp:attachment":[{"href":"https:\/\/www.ghostysky.com\/es\/wp-json\/wp\/v2\/media?parent=17246"}],"wp:term":[{"taxonomy":"product_brand","embeddable":true,"href":"https:\/\/www.ghostysky.com\/es\/wp-json\/wp\/v2\/product_brand?post=17246"},{"taxonomy":"product_cat","embeddable":true,"href":"https:\/\/www.ghostysky.com\/es\/wp-json\/wp\/v2\/product_cat?post=17246"},{"taxonomy":"product_tag","embeddable":true,"href":"https:\/\/www.ghostysky.com\/es\/wp-json\/wp\/v2\/product_tag?post=17246"}],"curies":[{"name":"wp","href":"https:\/\/api.w.org\/{rel}","templated":true}]}}