{"id":17315,"date":"2024-03-16T07:37:30","date_gmt":"2024-03-16T07:37:30","guid":{"rendered":"https:\/\/www.ghostysky.com\/?post_type=product&#038;p=17315"},"modified":"2024-03-16T07:46:42","modified_gmt":"2024-03-16T07:46:42","slug":"dji-dock","status":"publish","type":"product","link":"https:\/\/www.ghostysky.com\/es\/product\/dji-dock\/","title":{"rendered":"DJI Dock"},"content":{"rendered":"<p data-sourcepos=\"3:1-3:264\">El DJI Dock es una unidad aut\u00f3noma que pesa menos de 105 kg y ocupa menos de 1 metro cuadrado. Es f\u00e1cil de configurar y solo requiere fijaci\u00f3n a tierra, acceso a energ\u00eda e Internet y una configuraci\u00f3n r\u00e1pida a trav\u00e9s del control remoto DJI RC Plus.<\/p>\n<p data-sourcepos=\"5:1-5:98\">El DJI Dock tiene una serie de caracter\u00edsticas que lo hacen ideal para una variedad de aplicaciones, que incluyen:<\/p>\n<ul data-sourcepos=\"7:1-14:0\">\n<li data-sourcepos=\"7:1-7:95\"><strong>Operaci\u00f3n 24 horas al d\u00eda, 7 d\u00edas a la semana:<\/strong>\u00a0El DJI Dock est\u00e1 dise\u00f1ado para funcionar en todas las condiciones clim\u00e1ticas, de d\u00eda o de noche.<\/li>\n<li data-sourcepos=\"8:1-8:139\"><strong>Despegue y aterrizaje autom\u00e1tico:<\/strong>\u00a0El DJI Dock puede despegar y aterrizar autom\u00e1ticamente el dron Matrice 30, sin ninguna intervenci\u00f3n humana.<\/li>\n<li data-sourcepos=\"9:1-9:92\"><strong>Cargando:<\/strong>\u00a0El DJI Dock puede cargar las bater\u00edas del dron Matrice 30 mientras aterriza.<\/li>\n<li data-sourcepos=\"10:1-10:111\"><strong>Ejecuci\u00f3n de la misi\u00f3n:<\/strong>\u00a0El DJI Dock se puede utilizar para ejecutar misiones preprogramadas con el dron Matrice 30.<\/li>\n<li data-sourcepos=\"11:1-11:137\"><strong>Transmisi\u00f3n de datos:<\/strong>\u00a0El DJI Dock tiene un sistema de transmisi\u00f3n de datos incorporado que permite la transmisi\u00f3n de video y telemetr\u00eda en tiempo real.<\/li>\n<li data-sourcepos=\"12:1-12:137\"><strong>Estaci\u00f3n meteorol\u00f3gica:<\/strong>\u00a0El DJI Dock tiene una estaci\u00f3n meteorol\u00f3gica incorporada que proporciona datos en tiempo real sobre la velocidad del viento, la temperatura y la humedad.<\/li>\n<li data-sourcepos=\"13:1-14:0\"><strong>Bater\u00eda de respaldo:<\/strong>\u00a0El DJI Dock tiene una bater\u00eda de respaldo incorporada que puede proporcionar energ\u00eda por hasta 5 horas en caso de un corte de energ\u00eda.<\/li>\n<\/ul>\n<p data-sourcepos=\"15:1-15:91\">El DJI Dock es una herramienta vers\u00e1til que se puede utilizar para una variedad de aplicaciones, que incluyen:<\/p>\n<ul data-sourcepos=\"17:1-21:107\">\n<li data-sourcepos=\"17:1-17:118\"><strong>Seguridad P\u00fablica:<\/strong>\u00a0El DJI Dock se puede utilizar para proporcionar vigilancia a\u00e9rea a los departamentos de polic\u00eda y bomberos.<\/li>\n<li data-sourcepos=\"18:1-18:115\"><strong>Inspecci\u00f3n y seguimiento:<\/strong>\u00a0El DJI Dock se puede utilizar para inspeccionar infraestructuras, como puentes y tuber\u00edas.<\/li>\n<li data-sourcepos=\"19:1-19:80\"><strong>B\u00fasqueda y rescate:<\/strong>\u00a0El DJI Dock se puede utilizar para buscar personas desaparecidas.<\/li>\n<li data-sourcepos=\"20:1-20:96\"><strong>Mapeo y topograf\u00eda:<\/strong>\u00a0El DJI Dock se puede utilizar para crear mapas y estudios de grandes \u00e1reas.<\/li>\n<li data-sourcepos=\"21:1-21:107\"><strong>Agricultura de precisi\u00f3n:<\/strong>\u00a0El DJI Dock se puede utilizar para monitorear cultivos y aplicar pesticidas y herbicidas.<\/li>\n<\/ul>\n<h4>Especificaciones t\u00e9cnicas<\/h4>\n<ul data-sourcepos=\"3:1-22:0\">\n<li data-sourcepos=\"3:1-5:0\">\n<p data-sourcepos=\"3:3-3:13\"><strong>General<\/strong><\/p>\n<ul data-sourcepos=\"4:5-5:0\">\n<li data-sourcepos=\"4:5-5:0\">Nombre del producto: Base DJI<\/li>\n<\/ul>\n<\/li>\n<li data-sourcepos=\"6:1-8:0\">\n<p data-sourcepos=\"6:3-6:26\"><strong>Rendimiento de carga<\/strong><\/p>\n<ul data-sourcepos=\"7:5-8:0\">\n<li data-sourcepos=\"7:5-8:0\">Voltaje de salida: 18 a 26,1 V<\/li>\n<\/ul>\n<\/li>\n<li data-sourcepos=\"9:1-13:0\">\n<p data-sourcepos=\"9:3-9:16\"><strong>Dimensiones<\/strong><\/p>\n<ul data-sourcepos=\"10:5-13:0\">\n<li data-sourcepos=\"10:5-10:37\">Abierto: 1675\u00d7885\u00d7735 mm (Largo\u00d7Ancho\u00d7Alto)<\/li>\n<li data-sourcepos=\"11:5-13:0\">Cerrado: 800\u00d7885\u00d71065 mm (Largo\u00d7Ancho\u00d7Alto)<\/li>\n<\/ul>\n<\/li>\n<\/ul>\n<ul data-sourcepos=\"3:1-22:0\">\n<li data-sourcepos=\"14:1-22:0\">\n<p data-sourcepos=\"14:3-14:26\"><strong>Otras especificaciones<\/strong><\/p>\n<ul data-sourcepos=\"15:5-22:0\">\n<li data-sourcepos=\"15:5-15:38\">Peso: 105 kg (sin dron)<\/li>\n<li data-sourcepos=\"16:5-16:40\">Temperatura de funcionamiento: -35 \u2103 a 50 \u2103<\/li>\n<li data-sourcepos=\"17:5-17:66\">Sistema de transmisi\u00f3n de v\u00eddeo: sistema de transmisi\u00f3n O3 Enterprise<\/li>\n<li data-sourcepos=\"18:5-18:28\">Sensor de velocidad del viento: S\u00ed<\/li>\n<li data-sourcepos=\"19:5-19:69\">C\u00e1mara de seguridad integrada (en la cubierta) Resoluci\u00f3n: No especificada<\/li>\n<li data-sourcepos=\"20:5-20:30\">Acceso a la red: Ethernet<\/li>\n<li data-sourcepos=\"21:5-22:0\">Carga r\u00e1pida: Admite la carga r\u00e1pida de un dron de 10% a 90% en 25 minutos (a 25\u00b0C)<\/li>\n<\/ul>\n<\/li>\n<\/ul>","protected":false},"excerpt":{"rendered":"<p>El DJI Dock es un hangar automatizado para drones dise\u00f1ado para la serie de drones DJI Matrice 30. Es una estaci\u00f3n resistente para todo clima que puede funcionar las 24 horas del d\u00eda, los 7 d\u00edas de la semana, de d\u00eda o de noche. El DJI Dock proporciona una soluci\u00f3n completa para operaciones de drones, incluido el despegue, el aterrizaje, la carga y la ejecuci\u00f3n de la misi\u00f3n.<\/p>","protected":false},"featured_media":17323,"comment_status":"open","ping_status":"closed","template":"","meta":[],"product_brand":[],"product_cat":[37,739],"product_tag":[42,740],"class_list":{"0":"post-17315","1":"product","2":"type-product","3":"status-publish","4":"has-post-thumbnail","6":"product_cat-dji","7":"product_cat-dock","8":"product_tag-dji","9":"product_tag-dock","11":"first","12":"onbackorder","13":"taxable","14":"shipping-taxable","15":"purchasable","16":"product-type-simple"},"yoast_head":"<!-- This site is optimized with the Yoast SEO plugin v27.4 - https:\/\/yoast.com\/product\/yoast-seo-wordpress\/ -->\n<title>DJI Dock - Ghostysky<\/title>\n<meta name=\"description\" content=\"The DJI Dock is an automated drone hangar designed for the DJI Matrice 30 series of drones . It is a rugged, all-weather station that can operate 24\/7, day or night. The DJI Dock provides a complete solution for drone operations, including takeoff, landing, charging, and mission execution.\" \/>\n<meta name=\"robots\" content=\"index, follow, max-snippet:-1, max-image-preview:large, max-video-preview:-1\" \/>\n<link rel=\"canonical\" href=\"https:\/\/www.ghostysky.com\/es\/producto-2\/dji-dock\/\" \/>\n<meta property=\"og:locale\" content=\"es_ES\" \/>\n<meta property=\"og:type\" content=\"article\" \/>\n<meta property=\"og:title\" content=\"DJI Dock - Ghostysky\" \/>\n<meta property=\"og:description\" content=\"The DJI Dock is an automated drone hangar designed for the DJI Matrice 30 series of drones . It is a rugged, all-weather station that can operate 24\/7, day or night. The DJI Dock provides a complete solution for drone operations, including takeoff, landing, charging, and mission execution.\" \/>\n<meta property=\"og:url\" content=\"https:\/\/www.ghostysky.com\/es\/producto-2\/dji-dock\/\" \/>\n<meta property=\"og:site_name\" content=\"Ghostysky\" \/>\n<meta property=\"article:publisher\" content=\"https:\/\/www.facebook.com\/people\/Ghostysky\/100057676170234\/\" \/>\n<meta property=\"article:modified_time\" content=\"2024-03-16T07:46:42+00:00\" \/>\n<meta property=\"og:image\" content=\"https:\/\/www.ghostysky.com\/wp-content\/uploads\/2024\/03\/GH_dji-dock-8.jpg\" \/>\n\t<meta property=\"og:image:width\" content=\"1800\" \/>\n\t<meta property=\"og:image:height\" content=\"1200\" \/>\n\t<meta property=\"og:image:type\" content=\"image\/jpeg\" \/>\n<meta name=\"twitter:card\" content=\"summary_large_image\" \/>\n<meta name=\"twitter:site\" content=\"@Gh0stysky\" \/>\n<meta name=\"twitter:label1\" content=\"Tiempo de lectura\" \/>\n\t<meta name=\"twitter:data1\" content=\"2 minutos\" \/>\n<script type=\"application\/ld+json\" class=\"yoast-schema-graph\">{\"@context\":\"https:\\\/\\\/schema.org\",\"@graph\":[{\"@type\":\"WebPage\",\"@id\":\"https:\\\/\\\/www.ghostysky.com\\\/product\\\/dji-dock\\\/\",\"url\":\"https:\\\/\\\/www.ghostysky.com\\\/product\\\/dji-dock\\\/\",\"name\":\"DJI Dock - Ghostysky\",\"isPartOf\":{\"@id\":\"https:\\\/\\\/www.ghostysky.com\\\/#website\"},\"primaryImageOfPage\":{\"@id\":\"https:\\\/\\\/www.ghostysky.com\\\/product\\\/dji-dock\\\/#primaryimage\"},\"image\":{\"@id\":\"https:\\\/\\\/www.ghostysky.com\\\/product\\\/dji-dock\\\/#primaryimage\"},\"thumbnailUrl\":\"https:\\\/\\\/www.ghostysky.com\\\/wp-content\\\/uploads\\\/2024\\\/03\\\/GH_dji-dock-8.jpg\",\"datePublished\":\"2024-03-16T07:37:30+00:00\",\"dateModified\":\"2024-03-16T07:46:42+00:00\",\"description\":\"The DJI Dock is an automated drone hangar designed for the DJI Matrice 30 series of drones . It is a rugged, all-weather station that can operate 24\\\/7, day or night. The DJI Dock provides a complete solution for drone operations, including takeoff, landing, charging, and mission execution.\",\"breadcrumb\":{\"@id\":\"https:\\\/\\\/www.ghostysky.com\\\/product\\\/dji-dock\\\/#breadcrumb\"},\"inLanguage\":\"es\",\"potentialAction\":[{\"@type\":\"ReadAction\",\"target\":[\"https:\\\/\\\/www.ghostysky.com\\\/product\\\/dji-dock\\\/\"]}]},{\"@type\":\"ImageObject\",\"inLanguage\":\"es\",\"@id\":\"https:\\\/\\\/www.ghostysky.com\\\/product\\\/dji-dock\\\/#primaryimage\",\"url\":\"https:\\\/\\\/www.ghostysky.com\\\/wp-content\\\/uploads\\\/2024\\\/03\\\/GH_dji-dock-8.jpg\",\"contentUrl\":\"https:\\\/\\\/www.ghostysky.com\\\/wp-content\\\/uploads\\\/2024\\\/03\\\/GH_dji-dock-8.jpg\",\"width\":1800,\"height\":1200},{\"@type\":\"BreadcrumbList\",\"@id\":\"https:\\\/\\\/www.ghostysky.com\\\/product\\\/dji-dock\\\/#breadcrumb\",\"itemListElement\":[{\"@type\":\"ListItem\",\"position\":1,\"name\":\"Home\",\"item\":\"https:\\\/\\\/www.ghostysky.com\\\/\"},{\"@type\":\"ListItem\",\"position\":2,\"name\":\"Shop\",\"item\":\"https:\\\/\\\/www.ghostysky.com\\\/shop\\\/\"},{\"@type\":\"ListItem\",\"position\":3,\"name\":\"DJI Dock\"}]},{\"@type\":\"WebSite\",\"@id\":\"https:\\\/\\\/www.ghostysky.com\\\/#website\",\"url\":\"https:\\\/\\\/www.ghostysky.com\\\/\",\"name\":\"Ghostysky\",\"description\":\"Delivering professional drones and services\",\"publisher\":{\"@id\":\"https:\\\/\\\/www.ghostysky.com\\\/#organization\"},\"potentialAction\":[{\"@type\":\"SearchAction\",\"target\":{\"@type\":\"EntryPoint\",\"urlTemplate\":\"https:\\\/\\\/www.ghostysky.com\\\/?s={search_term_string}\"},\"query-input\":{\"@type\":\"PropertyValueSpecification\",\"valueRequired\":true,\"valueName\":\"search_term_string\"}}],\"inLanguage\":\"es\"},{\"@type\":\"Organization\",\"@id\":\"https:\\\/\\\/www.ghostysky.com\\\/#organization\",\"name\":\"Ghostysky\",\"url\":\"https:\\\/\\\/www.ghostysky.com\\\/\",\"logo\":{\"@type\":\"ImageObject\",\"inLanguage\":\"es\",\"@id\":\"https:\\\/\\\/www.ghostysky.com\\\/#\\\/schema\\\/logo\\\/image\\\/\",\"url\":\"https:\\\/\\\/www.ghostysky.com\\\/wp-content\\\/uploads\\\/2020\\\/06\\\/cropped-ghostyskylogo_text_white2.png\",\"contentUrl\":\"https:\\\/\\\/www.ghostysky.com\\\/wp-content\\\/uploads\\\/2020\\\/06\\\/cropped-ghostyskylogo_text_white2.png\",\"width\":169,\"height\":56,\"caption\":\"Ghostysky\"},\"image\":{\"@id\":\"https:\\\/\\\/www.ghostysky.com\\\/#\\\/schema\\\/logo\\\/image\\\/\"},\"sameAs\":[\"https:\\\/\\\/www.facebook.com\\\/people\\\/Ghostysky\\\/100057676170234\\\/\",\"https:\\\/\\\/x.com\\\/Gh0stysky\",\"https:\\\/\\\/www.linkedin.com\\\/company\\\/34739653\",\"https:\\\/\\\/www.instagram.com\\\/gh0stysky\"]}]}<\/script>\n<!-- \/ Yoast SEO plugin. -->","yoast_head_json":{"title":"Base DJI - Ghostysky","description":"El DJI Dock es un hangar automatizado para drones dise\u00f1ado para la serie de drones DJI Matrice 30. Es una estaci\u00f3n resistente para todo clima que puede funcionar las 24 horas del d\u00eda, los 7 d\u00edas de la semana, de d\u00eda o de noche. El DJI Dock proporciona una soluci\u00f3n completa para operaciones de drones, incluido el despegue, el aterrizaje, la carga y la ejecuci\u00f3n de la misi\u00f3n.","robots":{"index":"index","follow":"follow","max-snippet":"max-snippet:-1","max-image-preview":"max-image-preview:large","max-video-preview":"max-video-preview:-1"},"canonical":"https:\/\/www.ghostysky.com\/es\/producto-2\/dji-dock\/","og_locale":"es_ES","og_type":"article","og_title":"DJI Dock - Ghostysky","og_description":"The DJI Dock is an automated drone hangar designed for the DJI Matrice 30 series of drones . It is a rugged, all-weather station that can operate 24\/7, day or night. The DJI Dock provides a complete solution for drone operations, including takeoff, landing, charging, and mission execution.","og_url":"https:\/\/www.ghostysky.com\/es\/producto-2\/dji-dock\/","og_site_name":"Ghostysky","article_publisher":"https:\/\/www.facebook.com\/people\/Ghostysky\/100057676170234\/","article_modified_time":"2024-03-16T07:46:42+00:00","og_image":[{"width":1800,"height":1200,"url":"https:\/\/www.ghostysky.com\/wp-content\/uploads\/2024\/03\/GH_dji-dock-8.jpg","type":"image\/jpeg"}],"twitter_card":"summary_large_image","twitter_site":"@Gh0stysky","twitter_misc":{"Tiempo de lectura":"2 minutos"},"schema":{"@context":"https:\/\/schema.org","@graph":[{"@type":"WebPage","@id":"https:\/\/www.ghostysky.com\/product\/dji-dock\/","url":"https:\/\/www.ghostysky.com\/product\/dji-dock\/","name":"Base DJI - Ghostysky","isPartOf":{"@id":"https:\/\/www.ghostysky.com\/#website"},"primaryImageOfPage":{"@id":"https:\/\/www.ghostysky.com\/product\/dji-dock\/#primaryimage"},"image":{"@id":"https:\/\/www.ghostysky.com\/product\/dji-dock\/#primaryimage"},"thumbnailUrl":"https:\/\/www.ghostysky.com\/wp-content\/uploads\/2024\/03\/GH_dji-dock-8.jpg","datePublished":"2024-03-16T07:37:30+00:00","dateModified":"2024-03-16T07:46:42+00:00","description":"El DJI Dock es un hangar automatizado para drones dise\u00f1ado para la serie de drones DJI Matrice 30. Es una estaci\u00f3n resistente para todo clima que puede funcionar las 24 horas del d\u00eda, los 7 d\u00edas de la semana, de d\u00eda o de noche. El DJI Dock proporciona una soluci\u00f3n completa para operaciones de drones, incluido el despegue, el aterrizaje, la carga y la ejecuci\u00f3n de la misi\u00f3n.","breadcrumb":{"@id":"https:\/\/www.ghostysky.com\/product\/dji-dock\/#breadcrumb"},"inLanguage":"es","potentialAction":[{"@type":"ReadAction","target":["https:\/\/www.ghostysky.com\/product\/dji-dock\/"]}]},{"@type":"ImageObject","inLanguage":"es","@id":"https:\/\/www.ghostysky.com\/product\/dji-dock\/#primaryimage","url":"https:\/\/www.ghostysky.com\/wp-content\/uploads\/2024\/03\/GH_dji-dock-8.jpg","contentUrl":"https:\/\/www.ghostysky.com\/wp-content\/uploads\/2024\/03\/GH_dji-dock-8.jpg","width":1800,"height":1200},{"@type":"BreadcrumbList","@id":"https:\/\/www.ghostysky.com\/product\/dji-dock\/#breadcrumb","itemListElement":[{"@type":"ListItem","position":1,"name":"Home","item":"https:\/\/www.ghostysky.com\/"},{"@type":"ListItem","position":2,"name":"Shop","item":"https:\/\/www.ghostysky.com\/shop\/"},{"@type":"ListItem","position":3,"name":"DJI Dock"}]},{"@type":"WebSite","@id":"https:\/\/www.ghostysky.com\/#website","url":"https:\/\/www.ghostysky.com\/","name":"Ghostysky","description":"Entrega de drones y servicios profesionales","publisher":{"@id":"https:\/\/www.ghostysky.com\/#organization"},"potentialAction":[{"@type":"SearchAction","target":{"@type":"EntryPoint","urlTemplate":"https:\/\/www.ghostysky.com\/?s={search_term_string}"},"query-input":{"@type":"PropertyValueSpecification","valueRequired":true,"valueName":"search_term_string"}}],"inLanguage":"es"},{"@type":"Organization","@id":"https:\/\/www.ghostysky.com\/#organization","name":"Ghostysky","url":"https:\/\/www.ghostysky.com\/","logo":{"@type":"ImageObject","inLanguage":"es","@id":"https:\/\/www.ghostysky.com\/#\/schema\/logo\/image\/","url":"https:\/\/www.ghostysky.com\/wp-content\/uploads\/2020\/06\/cropped-ghostyskylogo_text_white2.png","contentUrl":"https:\/\/www.ghostysky.com\/wp-content\/uploads\/2020\/06\/cropped-ghostyskylogo_text_white2.png","width":169,"height":56,"caption":"Ghostysky"},"image":{"@id":"https:\/\/www.ghostysky.com\/#\/schema\/logo\/image\/"},"sameAs":["https:\/\/www.facebook.com\/people\/Ghostysky\/100057676170234\/","https:\/\/x.com\/Gh0stysky","https:\/\/www.linkedin.com\/company\/34739653","https:\/\/www.instagram.com\/gh0stysky"]}]}},"_links":{"self":[{"href":"https:\/\/www.ghostysky.com\/es\/wp-json\/wp\/v2\/product\/17315","targetHints":{"allow":["GET"]}}],"collection":[{"href":"https:\/\/www.ghostysky.com\/es\/wp-json\/wp\/v2\/product"}],"about":[{"href":"https:\/\/www.ghostysky.com\/es\/wp-json\/wp\/v2\/types\/product"}],"replies":[{"embeddable":true,"href":"https:\/\/www.ghostysky.com\/es\/wp-json\/wp\/v2\/comments?post=17315"}],"wp:featuredmedia":[{"embeddable":true,"href":"https:\/\/www.ghostysky.com\/es\/wp-json\/wp\/v2\/media\/17323"}],"wp:attachment":[{"href":"https:\/\/www.ghostysky.com\/es\/wp-json\/wp\/v2\/media?parent=17315"}],"wp:term":[{"taxonomy":"product_brand","embeddable":true,"href":"https:\/\/www.ghostysky.com\/es\/wp-json\/wp\/v2\/product_brand?post=17315"},{"taxonomy":"product_cat","embeddable":true,"href":"https:\/\/www.ghostysky.com\/es\/wp-json\/wp\/v2\/product_cat?post=17315"},{"taxonomy":"product_tag","embeddable":true,"href":"https:\/\/www.ghostysky.com\/es\/wp-json\/wp\/v2\/product_tag?post=17315"}],"curies":[{"name":"wp","href":"https:\/\/api.w.org\/{rel}","templated":true}]}}