{"id":17366,"date":"2024-03-16T08:56:44","date_gmt":"2024-03-16T08:56:44","guid":{"rendered":"https:\/\/www.ghostysky.com\/?post_type=product&#038;p=17366"},"modified":"2024-08-08T13:08:50","modified_gmt":"2024-08-08T13:08:50","slug":"dji-c8000-intelligent-battery-station","status":"publish","type":"product","link":"https:\/\/www.ghostysky.com\/es\/product\/dji-c8000-intelligent-battery-station\/","title":{"rendered":"Estaci\u00f3n de bater\u00eda inteligente DJI C8000"},"content":{"rendered":"<p><strong>Caracter\u00edsticas<\/strong><\/p>\n<ul data-sourcepos=\"3:1-8:0\">\n<li data-sourcepos=\"3:1-3:115\"><strong>Carga de bater\u00eda doble y \u00fanica:<\/strong>\u00a0Puede cargar dos bater\u00edas simult\u00e1neamente o cargar r\u00e1pidamente una sola bater\u00eda.<\/li>\n<li data-sourcepos=\"4:1-4:149\"><strong>Alta potencia y adaptabilidad:<\/strong>\u00a0Con una potencia de carga m\u00e1xima de 7200 W, puede manejar generadores est\u00e1ndar gracias a su funci\u00f3n de voltaje adaptable.<\/li>\n<li data-sourcepos=\"5:1-5:169\"><strong>Monitoreo inteligente:<\/strong>\u00a0Supervisa el estado de la bater\u00eda y ajusta la corriente de carga autom\u00e1ticamente. Incluso puede continuar carg\u00e1ndose incluso si los orificios de ventilaci\u00f3n est\u00e1n bloqueados.<\/li>\n<li data-sourcepos=\"6:1-6:113\"><strong>Caracteristicas de seguridad:<\/strong>\u00a0Incluye protecci\u00f3n contra sobrecorriente, sobrecarga, subtensi\u00f3n y sobrecalentamiento.<\/li>\n<li data-sourcepos=\"7:1-8:0\"><strong>Visualizaci\u00f3n de estado y conectividad:<\/strong>\u00a0Los LED indican el estado de carga y una luz de advertencia le avisa de errores. Tambi\u00e9n tiene una conexi\u00f3n USB-C para conectarse a un control remoto, que otorga acceso a una aplicaci\u00f3n para obtener informaci\u00f3n detallada sobre la bater\u00eda y diagn\u00f3stico de errores.<\/li>\n<\/ul>\n<p data-sourcepos=\"9:1-9:169\">En general, la estaci\u00f3n de bater\u00eda inteligente DJI C8000 es una soluci\u00f3n de carga potente e inteligente dise\u00f1ada para mantener su DJI FlyCart 30 operativo durante per\u00edodos prolongados.<\/p>\n<p data-sourcepos=\"1:1-1:114\"><strong>Especificaciones t\u00e9cnicas<\/strong><\/p>\n<ul data-sourcepos=\"3:1-8:0\">\n<li data-sourcepos=\"3:1-3:92\"><strong>Capacidad de carga dual:<\/strong>\u00a0Carga dos bater\u00edas simult\u00e1neamente, optimizando la eficiencia.<\/li>\n<li data-sourcepos=\"4:1-4:87\"><strong>Carga r\u00e1pida:<\/strong>\u00a0Ofrece carga de alta velocidad con una potencia m\u00e1xima de 7200W.<\/li>\n<li data-sourcepos=\"5:1-5:108\"><strong>Voltaje de carga adaptable:<\/strong>\u00a0Funciona con generadores est\u00e1ndar ajustando autom\u00e1ticamente el voltaje de carga.<\/li>\n<li data-sourcepos=\"6:1-6:156\"><strong>Monitoreo inteligente:<\/strong>\u00a0Proporciona monitoreo inteligente del proceso de carga y ajusta autom\u00e1ticamente los par\u00e1metros de carga para un rendimiento \u00f3ptimo.<\/li>\n<li data-sourcepos=\"7:1-8:0\"><strong>Caracteristicas de seguridad:<\/strong>\u00a0Incluye caracter\u00edsticas de seguridad para evitar el funcionamiento bajo rejillas de ventilaci\u00f3n bloqueadas y garantizar una carga segura en general.<\/li>\n<\/ul>","protected":false},"excerpt":{"rendered":"<p>La estaci\u00f3n de bater\u00eda inteligente DJI C8000 es un cargador dise\u00f1ado espec\u00edficamente para el DJI FlyCart 30, un dron de reparto.<\/p>","protected":false},"featured_media":17367,"comment_status":"open","ping_status":"closed","template":"","meta":[],"product_brand":[],"product_cat":[743,37,29,741],"product_tag":[747,749,42,744],"class_list":{"0":"post-17366","1":"product","2":"type-product","3":"status-publish","4":"has-post-thumbnail","6":"product_cat-accessories-flycart","7":"product_cat-dji","8":"product_cat-drones","9":"product_cat-flycart","10":"product_tag-accessories","11":"product_tag-c8000-intelligent-battery-station","12":"product_tag-dji","13":"product_tag-flycart-30","15":"first","16":"onbackorder","17":"taxable","18":"shipping-taxable","19":"purchasable","20":"product-type-simple"},"yoast_head":"<!-- This site is optimized with the Yoast SEO plugin v27.4 - https:\/\/yoast.com\/product\/yoast-seo-wordpress\/ -->\n<title>DJI C8000 Intelligent Battery Station - Ghostysky<\/title>\n<meta name=\"description\" content=\"The DJI C8000 Intelligent Battery Station is a charger designed specifically for the DJI FlyCart 30, a delivery drone.\" \/>\n<meta name=\"robots\" content=\"index, follow, max-snippet:-1, max-image-preview:large, max-video-preview:-1\" \/>\n<link rel=\"canonical\" href=\"https:\/\/www.ghostysky.com\/es\/producto-2\/dji-c8000-intelligent-battery-station\/\" \/>\n<meta property=\"og:locale\" content=\"es_ES\" \/>\n<meta property=\"og:type\" content=\"article\" \/>\n<meta property=\"og:title\" content=\"DJI C8000 Intelligent Battery Station - Ghostysky\" \/>\n<meta property=\"og:description\" content=\"The DJI C8000 Intelligent Battery Station is a charger designed specifically for the DJI FlyCart 30, a delivery drone.\" \/>\n<meta property=\"og:url\" content=\"https:\/\/www.ghostysky.com\/es\/producto-2\/dji-c8000-intelligent-battery-station\/\" \/>\n<meta property=\"og:site_name\" content=\"Ghostysky\" \/>\n<meta property=\"article:publisher\" content=\"https:\/\/www.facebook.com\/people\/Ghostysky\/100057676170234\/\" \/>\n<meta property=\"article:modified_time\" content=\"2024-08-08T13:08:50+00:00\" \/>\n<meta property=\"og:image\" content=\"https:\/\/www.ghostysky.com\/wp-content\/uploads\/2024\/03\/GH_DJI_FC_C8000.jpg\" \/>\n\t<meta property=\"og:image:width\" content=\"800\" \/>\n\t<meta property=\"og:image:height\" content=\"800\" \/>\n\t<meta property=\"og:image:type\" content=\"image\/jpeg\" \/>\n<meta name=\"twitter:card\" content=\"summary_large_image\" \/>\n<meta name=\"twitter:site\" content=\"@Gh0stysky\" \/>\n<meta name=\"twitter:label1\" content=\"Tiempo de lectura\" \/>\n\t<meta name=\"twitter:data1\" content=\"1 minuto\" \/>\n<script type=\"application\/ld+json\" class=\"yoast-schema-graph\">{\"@context\":\"https:\\\/\\\/schema.org\",\"@graph\":[{\"@type\":\"WebPage\",\"@id\":\"https:\\\/\\\/www.ghostysky.com\\\/product\\\/dji-c8000-intelligent-battery-station\\\/\",\"url\":\"https:\\\/\\\/www.ghostysky.com\\\/product\\\/dji-c8000-intelligent-battery-station\\\/\",\"name\":\"DJI C8000 Intelligent Battery Station - Ghostysky\",\"isPartOf\":{\"@id\":\"https:\\\/\\\/www.ghostysky.com\\\/#website\"},\"primaryImageOfPage\":{\"@id\":\"https:\\\/\\\/www.ghostysky.com\\\/product\\\/dji-c8000-intelligent-battery-station\\\/#primaryimage\"},\"image\":{\"@id\":\"https:\\\/\\\/www.ghostysky.com\\\/product\\\/dji-c8000-intelligent-battery-station\\\/#primaryimage\"},\"thumbnailUrl\":\"https:\\\/\\\/www.ghostysky.com\\\/wp-content\\\/uploads\\\/2024\\\/03\\\/GH_DJI_FC_C8000.jpg\",\"datePublished\":\"2024-03-16T08:56:44+00:00\",\"dateModified\":\"2024-08-08T13:08:50+00:00\",\"description\":\"The DJI C8000 Intelligent Battery Station is a charger designed specifically for the DJI FlyCart 30, a delivery drone.\",\"breadcrumb\":{\"@id\":\"https:\\\/\\\/www.ghostysky.com\\\/product\\\/dji-c8000-intelligent-battery-station\\\/#breadcrumb\"},\"inLanguage\":\"es\",\"potentialAction\":[{\"@type\":\"ReadAction\",\"target\":[\"https:\\\/\\\/www.ghostysky.com\\\/product\\\/dji-c8000-intelligent-battery-station\\\/\"]}]},{\"@type\":\"ImageObject\",\"inLanguage\":\"es\",\"@id\":\"https:\\\/\\\/www.ghostysky.com\\\/product\\\/dji-c8000-intelligent-battery-station\\\/#primaryimage\",\"url\":\"https:\\\/\\\/www.ghostysky.com\\\/wp-content\\\/uploads\\\/2024\\\/03\\\/GH_DJI_FC_C8000.jpg\",\"contentUrl\":\"https:\\\/\\\/www.ghostysky.com\\\/wp-content\\\/uploads\\\/2024\\\/03\\\/GH_DJI_FC_C8000.jpg\",\"width\":800,\"height\":800},{\"@type\":\"BreadcrumbList\",\"@id\":\"https:\\\/\\\/www.ghostysky.com\\\/product\\\/dji-c8000-intelligent-battery-station\\\/#breadcrumb\",\"itemListElement\":[{\"@type\":\"ListItem\",\"position\":1,\"name\":\"Home\",\"item\":\"https:\\\/\\\/www.ghostysky.com\\\/\"},{\"@type\":\"ListItem\",\"position\":2,\"name\":\"Shop\",\"item\":\"https:\\\/\\\/www.ghostysky.com\\\/shop\\\/\"},{\"@type\":\"ListItem\",\"position\":3,\"name\":\"DJI C8000 Intelligent Battery Station\"}]},{\"@type\":\"WebSite\",\"@id\":\"https:\\\/\\\/www.ghostysky.com\\\/#website\",\"url\":\"https:\\\/\\\/www.ghostysky.com\\\/\",\"name\":\"Ghostysky\",\"description\":\"Delivering professional drones and robotics solutions\",\"publisher\":{\"@id\":\"https:\\\/\\\/www.ghostysky.com\\\/#organization\"},\"potentialAction\":[{\"@type\":\"SearchAction\",\"target\":{\"@type\":\"EntryPoint\",\"urlTemplate\":\"https:\\\/\\\/www.ghostysky.com\\\/?s={search_term_string}\"},\"query-input\":{\"@type\":\"PropertyValueSpecification\",\"valueRequired\":true,\"valueName\":\"search_term_string\"}}],\"inLanguage\":\"es\"},{\"@type\":\"Organization\",\"@id\":\"https:\\\/\\\/www.ghostysky.com\\\/#organization\",\"name\":\"Ghostysky\",\"url\":\"https:\\\/\\\/www.ghostysky.com\\\/\",\"logo\":{\"@type\":\"ImageObject\",\"inLanguage\":\"es\",\"@id\":\"https:\\\/\\\/www.ghostysky.com\\\/#\\\/schema\\\/logo\\\/image\\\/\",\"url\":\"https:\\\/\\\/www.ghostysky.com\\\/wp-content\\\/uploads\\\/2020\\\/06\\\/cropped-ghostyskylogo_text_white2.png\",\"contentUrl\":\"https:\\\/\\\/www.ghostysky.com\\\/wp-content\\\/uploads\\\/2020\\\/06\\\/cropped-ghostyskylogo_text_white2.png\",\"width\":169,\"height\":56,\"caption\":\"Ghostysky\"},\"image\":{\"@id\":\"https:\\\/\\\/www.ghostysky.com\\\/#\\\/schema\\\/logo\\\/image\\\/\"},\"sameAs\":[\"https:\\\/\\\/www.facebook.com\\\/people\\\/Ghostysky\\\/100057676170234\\\/\",\"https:\\\/\\\/x.com\\\/Gh0stysky\",\"https:\\\/\\\/www.linkedin.com\\\/company\\\/34739653\",\"https:\\\/\\\/www.instagram.com\\\/gh0stysky\"]}]}<\/script>\n<!-- \/ Yoast SEO plugin. -->","yoast_head_json":{"title":"Estaci\u00f3n de bater\u00eda inteligente DJI C8000 - Ghostysky","description":"La estaci\u00f3n de bater\u00eda inteligente DJI C8000 es un cargador dise\u00f1ado espec\u00edficamente para el DJI FlyCart 30, un dron de reparto.","robots":{"index":"index","follow":"follow","max-snippet":"max-snippet:-1","max-image-preview":"max-image-preview:large","max-video-preview":"max-video-preview:-1"},"canonical":"https:\/\/www.ghostysky.com\/es\/producto-2\/dji-c8000-intelligent-battery-station\/","og_locale":"es_ES","og_type":"article","og_title":"DJI C8000 Intelligent Battery Station - Ghostysky","og_description":"The DJI C8000 Intelligent Battery Station is a charger designed specifically for the DJI FlyCart 30, a delivery drone.","og_url":"https:\/\/www.ghostysky.com\/es\/producto-2\/dji-c8000-intelligent-battery-station\/","og_site_name":"Ghostysky","article_publisher":"https:\/\/www.facebook.com\/people\/Ghostysky\/100057676170234\/","article_modified_time":"2024-08-08T13:08:50+00:00","og_image":[{"width":800,"height":800,"url":"https:\/\/www.ghostysky.com\/wp-content\/uploads\/2024\/03\/GH_DJI_FC_C8000.jpg","type":"image\/jpeg"}],"twitter_card":"summary_large_image","twitter_site":"@Gh0stysky","twitter_misc":{"Tiempo de lectura":"1 minuto"},"schema":{"@context":"https:\/\/schema.org","@graph":[{"@type":"WebPage","@id":"https:\/\/www.ghostysky.com\/product\/dji-c8000-intelligent-battery-station\/","url":"https:\/\/www.ghostysky.com\/product\/dji-c8000-intelligent-battery-station\/","name":"Estaci\u00f3n de bater\u00eda inteligente DJI C8000 - Ghostysky","isPartOf":{"@id":"https:\/\/www.ghostysky.com\/#website"},"primaryImageOfPage":{"@id":"https:\/\/www.ghostysky.com\/product\/dji-c8000-intelligent-battery-station\/#primaryimage"},"image":{"@id":"https:\/\/www.ghostysky.com\/product\/dji-c8000-intelligent-battery-station\/#primaryimage"},"thumbnailUrl":"https:\/\/www.ghostysky.com\/wp-content\/uploads\/2024\/03\/GH_DJI_FC_C8000.jpg","datePublished":"2024-03-16T08:56:44+00:00","dateModified":"2024-08-08T13:08:50+00:00","description":"La estaci\u00f3n de bater\u00eda inteligente DJI C8000 es un cargador dise\u00f1ado espec\u00edficamente para el DJI FlyCart 30, un dron de reparto.","breadcrumb":{"@id":"https:\/\/www.ghostysky.com\/product\/dji-c8000-intelligent-battery-station\/#breadcrumb"},"inLanguage":"es","potentialAction":[{"@type":"ReadAction","target":["https:\/\/www.ghostysky.com\/product\/dji-c8000-intelligent-battery-station\/"]}]},{"@type":"ImageObject","inLanguage":"es","@id":"https:\/\/www.ghostysky.com\/product\/dji-c8000-intelligent-battery-station\/#primaryimage","url":"https:\/\/www.ghostysky.com\/wp-content\/uploads\/2024\/03\/GH_DJI_FC_C8000.jpg","contentUrl":"https:\/\/www.ghostysky.com\/wp-content\/uploads\/2024\/03\/GH_DJI_FC_C8000.jpg","width":800,"height":800},{"@type":"BreadcrumbList","@id":"https:\/\/www.ghostysky.com\/product\/dji-c8000-intelligent-battery-station\/#breadcrumb","itemListElement":[{"@type":"ListItem","position":1,"name":"Home","item":"https:\/\/www.ghostysky.com\/"},{"@type":"ListItem","position":2,"name":"Shop","item":"https:\/\/www.ghostysky.com\/shop\/"},{"@type":"ListItem","position":3,"name":"DJI C8000 Intelligent Battery Station"}]},{"@type":"WebSite","@id":"https:\/\/www.ghostysky.com\/#website","url":"https:\/\/www.ghostysky.com\/","name":"Ghostysky","description":"Ofrecemos soluciones profesionales de drones y rob\u00f3tica.","publisher":{"@id":"https:\/\/www.ghostysky.com\/#organization"},"potentialAction":[{"@type":"SearchAction","target":{"@type":"EntryPoint","urlTemplate":"https:\/\/www.ghostysky.com\/?s={search_term_string}"},"query-input":{"@type":"PropertyValueSpecification","valueRequired":true,"valueName":"search_term_string"}}],"inLanguage":"es"},{"@type":"Organization","@id":"https:\/\/www.ghostysky.com\/#organization","name":"Ghostysky","url":"https:\/\/www.ghostysky.com\/","logo":{"@type":"ImageObject","inLanguage":"es","@id":"https:\/\/www.ghostysky.com\/#\/schema\/logo\/image\/","url":"https:\/\/www.ghostysky.com\/wp-content\/uploads\/2020\/06\/cropped-ghostyskylogo_text_white2.png","contentUrl":"https:\/\/www.ghostysky.com\/wp-content\/uploads\/2020\/06\/cropped-ghostyskylogo_text_white2.png","width":169,"height":56,"caption":"Ghostysky"},"image":{"@id":"https:\/\/www.ghostysky.com\/#\/schema\/logo\/image\/"},"sameAs":["https:\/\/www.facebook.com\/people\/Ghostysky\/100057676170234\/","https:\/\/x.com\/Gh0stysky","https:\/\/www.linkedin.com\/company\/34739653","https:\/\/www.instagram.com\/gh0stysky"]}]}},"_links":{"self":[{"href":"https:\/\/www.ghostysky.com\/es\/wp-json\/wp\/v2\/product\/17366","targetHints":{"allow":["GET"]}}],"collection":[{"href":"https:\/\/www.ghostysky.com\/es\/wp-json\/wp\/v2\/product"}],"about":[{"href":"https:\/\/www.ghostysky.com\/es\/wp-json\/wp\/v2\/types\/product"}],"replies":[{"embeddable":true,"href":"https:\/\/www.ghostysky.com\/es\/wp-json\/wp\/v2\/comments?post=17366"}],"version-history":[{"count":0,"href":"https:\/\/www.ghostysky.com\/es\/wp-json\/wp\/v2\/product\/17366\/revisions"}],"wp:featuredmedia":[{"embeddable":true,"href":"https:\/\/www.ghostysky.com\/es\/wp-json\/wp\/v2\/media\/17367"}],"wp:attachment":[{"href":"https:\/\/www.ghostysky.com\/es\/wp-json\/wp\/v2\/media?parent=17366"}],"wp:term":[{"taxonomy":"product_brand","embeddable":true,"href":"https:\/\/www.ghostysky.com\/es\/wp-json\/wp\/v2\/product_brand?post=17366"},{"taxonomy":"product_cat","embeddable":true,"href":"https:\/\/www.ghostysky.com\/es\/wp-json\/wp\/v2\/product_cat?post=17366"},{"taxonomy":"product_tag","embeddable":true,"href":"https:\/\/www.ghostysky.com\/es\/wp-json\/wp\/v2\/product_tag?post=17366"}],"curies":[{"name":"wp","href":"https:\/\/api.w.org\/{rel}","templated":true}]}}