{"id":17369,"date":"2024-03-16T09:01:14","date_gmt":"2024-03-16T09:01:14","guid":{"rendered":"https:\/\/www.ghostysky.com\/?post_type=product&#038;p=17369"},"modified":"2024-03-16T09:03:57","modified_gmt":"2024-03-16T09:03:57","slug":"dji-cellular-4g-dongle","status":"publish","type":"product","link":"https:\/\/www.ghostysky.com\/es\/product\/dji-cellular-4g-dongle\/","title":{"rendered":"DJI celular (dongle 4G)"},"content":{"rendered":"<p><strong>Caracter\u00edsticas<\/strong><\/p>\n<ul data-sourcepos=\"3:1-8:0\">\n<li data-sourcepos=\"3:1-4:0\">\n<p data-sourcepos=\"3:3-3:335\"><strong>Transmisi\u00f3n de v\u00eddeo mejorada:<\/strong> Si el sistema de transmisi\u00f3n de video DJI O3 del dron experimenta interferencias, la conexi\u00f3n 4G puede proporcionar una se\u00f1al de respaldo, lo que ayuda a mantener una transmisi\u00f3n de video fluida y confiable. Esto es especialmente importante para aplicaciones donde el v\u00eddeo en tiempo real es fundamental, como b\u00fasqueda y rescate o transmisi\u00f3n en vivo.<\/p>\n<\/li>\n<li data-sourcepos=\"5:1-6:0\">\n<p data-sourcepos=\"5:3-5:263\"><strong>Seguridad de vuelo mejorada:<\/strong> Al tener una conexi\u00f3n de respaldo, el DJI Cellular Dongle puede ayudar a mejorar la seguridad del vuelo. Si se pierde la se\u00f1al O3, el dron a\u00fan puede comunicarse con el piloto y transmitir datos de telemetr\u00eda importantes, como su ubicaci\u00f3n y altitud.<\/p>\n<\/li>\n<li data-sourcepos=\"7:1-8:0\">\n<p data-sourcepos=\"7:3-7:294\"><strong>Soporte RTK de red:<\/strong> El dongle 4G tambi\u00e9n se puede utilizar para admitir el posicionamiento RTK (cinem\u00e1tico en tiempo real), que es un tipo de GPS que proporciona datos de posicionamiento a nivel de cent\u00edmetros de alta precisi\u00f3n. Esto puede resultar \u00fatil para aplicaciones que requieren una navegaci\u00f3n precisa, como topograf\u00eda o cartograf\u00eda.<\/p>\n<\/li>\n<\/ul>\n<p data-sourcepos=\"9:1-9:197\">En general, el DJI Cellular (4G Dongle) es un accesorio valioso para el dron FlyCart 30 que puede mejorar la estabilidad de la transmisi\u00f3n de video, mejorar la seguridad del vuelo y brindar soporte para el posicionamiento RTK.<\/p>","protected":false},"excerpt":{"rendered":"<p>El DJI Cellular (4G Dongle) es un accesorio para el dron DJI FlyCart 30 que le proporciona una conexi\u00f3n celular 4G estable.<\/p>","protected":false},"featured_media":17371,"comment_status":"open","ping_status":"closed","template":"","meta":[],"product_brand":[],"product_cat":[743,29,741],"product_tag":[747,750,42,744],"class_list":{"0":"post-17369","1":"product","2":"type-product","3":"status-publish","4":"has-post-thumbnail","6":"product_cat-accessories-flycart","7":"product_cat-drones","8":"product_cat-flycart","9":"product_tag-accessories","10":"product_tag-cellular-4g-dongle","11":"product_tag-dji","12":"product_tag-flycart-30","14":"first","15":"onbackorder","16":"taxable","17":"shipping-taxable","18":"purchasable","19":"product-type-simple"},"yoast_head":"<!-- This site is optimized with the Yoast SEO plugin v27.1.1 - https:\/\/yoast.com\/product\/yoast-seo-wordpress\/ -->\n<title>DJI Cellular (4G Dongle) - Ghostysky<\/title>\n<meta name=\"description\" content=\"The DJI Cellular (4G Dongle) is an accessory for the DJI FlyCart 30 drone that provides it with a stable 4G cellular connection.\" \/>\n<meta name=\"robots\" content=\"index, follow, max-snippet:-1, max-image-preview:large, max-video-preview:-1\" \/>\n<link rel=\"canonical\" href=\"https:\/\/www.ghostysky.com\/es\/producto-2\/dji-cellular-4g-dongle\/\" \/>\n<meta property=\"og:locale\" content=\"es_ES\" \/>\n<meta property=\"og:type\" content=\"article\" \/>\n<meta property=\"og:title\" content=\"DJI Cellular (4G Dongle) - Ghostysky\" \/>\n<meta property=\"og:description\" content=\"The DJI Cellular (4G Dongle) is an accessory for the DJI FlyCart 30 drone that provides it with a stable 4G cellular connection.\" \/>\n<meta property=\"og:url\" content=\"https:\/\/www.ghostysky.com\/es\/producto-2\/dji-cellular-4g-dongle\/\" \/>\n<meta property=\"og:site_name\" content=\"Ghostysky\" \/>\n<meta property=\"article:publisher\" content=\"https:\/\/www.facebook.com\/people\/Ghostysky\/100057676170234\/\" \/>\n<meta property=\"article:modified_time\" content=\"2024-03-16T09:03:57+00:00\" \/>\n<meta property=\"og:image\" content=\"https:\/\/www.ghostysky.com\/wp-content\/uploads\/2024\/03\/GH_DJI_FC_4GDONGLE.jpg\" \/>\n\t<meta property=\"og:image:width\" content=\"800\" \/>\n\t<meta property=\"og:image:height\" content=\"800\" \/>\n\t<meta property=\"og:image:type\" content=\"image\/jpeg\" \/>\n<meta name=\"twitter:card\" content=\"summary_large_image\" \/>\n<meta name=\"twitter:site\" content=\"@Gh0stysky\" \/>\n<meta name=\"twitter:label1\" content=\"Tiempo de lectura\" \/>\n\t<meta name=\"twitter:data1\" content=\"1 minuto\" \/>\n<script type=\"application\/ld+json\" class=\"yoast-schema-graph\">{\"@context\":\"https:\/\/schema.org\",\"@graph\":[{\"@type\":\"WebPage\",\"@id\":\"https:\/\/www.ghostysky.com\/product\/dji-cellular-4g-dongle\/\",\"url\":\"https:\/\/www.ghostysky.com\/product\/dji-cellular-4g-dongle\/\",\"name\":\"DJI Cellular (4G Dongle) - Ghostysky\",\"isPartOf\":{\"@id\":\"https:\/\/www.ghostysky.com\/#website\"},\"primaryImageOfPage\":{\"@id\":\"https:\/\/www.ghostysky.com\/product\/dji-cellular-4g-dongle\/#primaryimage\"},\"image\":{\"@id\":\"https:\/\/www.ghostysky.com\/product\/dji-cellular-4g-dongle\/#primaryimage\"},\"thumbnailUrl\":\"https:\/\/www.ghostysky.com\/wp-content\/uploads\/2024\/03\/GH_DJI_FC_4GDONGLE.jpg\",\"datePublished\":\"2024-03-16T09:01:14+00:00\",\"dateModified\":\"2024-03-16T09:03:57+00:00\",\"description\":\"The DJI Cellular (4G Dongle) is an accessory for the DJI FlyCart 30 drone that provides it with a stable 4G cellular connection.\",\"breadcrumb\":{\"@id\":\"https:\/\/www.ghostysky.com\/product\/dji-cellular-4g-dongle\/#breadcrumb\"},\"inLanguage\":\"es\",\"potentialAction\":[{\"@type\":\"ReadAction\",\"target\":[\"https:\/\/www.ghostysky.com\/product\/dji-cellular-4g-dongle\/\"]}]},{\"@type\":\"ImageObject\",\"inLanguage\":\"es\",\"@id\":\"https:\/\/www.ghostysky.com\/product\/dji-cellular-4g-dongle\/#primaryimage\",\"url\":\"https:\/\/www.ghostysky.com\/wp-content\/uploads\/2024\/03\/GH_DJI_FC_4GDONGLE.jpg\",\"contentUrl\":\"https:\/\/www.ghostysky.com\/wp-content\/uploads\/2024\/03\/GH_DJI_FC_4GDONGLE.jpg\",\"width\":800,\"height\":800},{\"@type\":\"BreadcrumbList\",\"@id\":\"https:\/\/www.ghostysky.com\/product\/dji-cellular-4g-dongle\/#breadcrumb\",\"itemListElement\":[{\"@type\":\"ListItem\",\"position\":1,\"name\":\"Home\",\"item\":\"https:\/\/www.ghostysky.com\/\"},{\"@type\":\"ListItem\",\"position\":2,\"name\":\"Shop\",\"item\":\"https:\/\/www.ghostysky.com\/shop\/\"},{\"@type\":\"ListItem\",\"position\":3,\"name\":\"DJI Cellular (4G Dongle)\"}]},{\"@type\":\"WebSite\",\"@id\":\"https:\/\/www.ghostysky.com\/#website\",\"url\":\"https:\/\/www.ghostysky.com\/\",\"name\":\"Ghostysky\",\"description\":\"Delivering professional drones and services\",\"publisher\":{\"@id\":\"https:\/\/www.ghostysky.com\/#organization\"},\"potentialAction\":[{\"@type\":\"SearchAction\",\"target\":{\"@type\":\"EntryPoint\",\"urlTemplate\":\"https:\/\/www.ghostysky.com\/?s={search_term_string}\"},\"query-input\":{\"@type\":\"PropertyValueSpecification\",\"valueRequired\":true,\"valueName\":\"search_term_string\"}}],\"inLanguage\":\"es\"},{\"@type\":\"Organization\",\"@id\":\"https:\/\/www.ghostysky.com\/#organization\",\"name\":\"Ghostysky\",\"url\":\"https:\/\/www.ghostysky.com\/\",\"logo\":{\"@type\":\"ImageObject\",\"inLanguage\":\"es\",\"@id\":\"https:\/\/www.ghostysky.com\/#\/schema\/logo\/image\/\",\"url\":\"https:\/\/www.ghostysky.com\/wp-content\/uploads\/2020\/06\/cropped-ghostyskylogo_text_white2.png\",\"contentUrl\":\"https:\/\/www.ghostysky.com\/wp-content\/uploads\/2020\/06\/cropped-ghostyskylogo_text_white2.png\",\"width\":169,\"height\":56,\"caption\":\"Ghostysky\"},\"image\":{\"@id\":\"https:\/\/www.ghostysky.com\/#\/schema\/logo\/image\/\"},\"sameAs\":[\"https:\/\/www.facebook.com\/people\/Ghostysky\/100057676170234\/\",\"https:\/\/x.com\/Gh0stysky\",\"https:\/\/www.linkedin.com\/company\/34739653\",\"https:\/\/www.instagram.com\/gh0stysky\"]}]}<\/script>\n<!-- \/ Yoast SEO plugin. -->","yoast_head_json":{"title":"DJI Cellular (dongle 4G) - Ghostysky","description":"El DJI Cellular (4G Dongle) es un accesorio para el dron DJI FlyCart 30 que le proporciona una conexi\u00f3n celular 4G estable.","robots":{"index":"index","follow":"follow","max-snippet":"max-snippet:-1","max-image-preview":"max-image-preview:large","max-video-preview":"max-video-preview:-1"},"canonical":"https:\/\/www.ghostysky.com\/es\/producto-2\/dji-cellular-4g-dongle\/","og_locale":"es_ES","og_type":"article","og_title":"DJI Cellular (4G Dongle) - Ghostysky","og_description":"The DJI Cellular (4G Dongle) is an accessory for the DJI FlyCart 30 drone that provides it with a stable 4G cellular connection.","og_url":"https:\/\/www.ghostysky.com\/es\/producto-2\/dji-cellular-4g-dongle\/","og_site_name":"Ghostysky","article_publisher":"https:\/\/www.facebook.com\/people\/Ghostysky\/100057676170234\/","article_modified_time":"2024-03-16T09:03:57+00:00","og_image":[{"width":800,"height":800,"url":"https:\/\/www.ghostysky.com\/wp-content\/uploads\/2024\/03\/GH_DJI_FC_4GDONGLE.jpg","type":"image\/jpeg"}],"twitter_card":"summary_large_image","twitter_site":"@Gh0stysky","twitter_misc":{"Tiempo de lectura":"1 minuto"},"schema":{"@context":"https:\/\/schema.org","@graph":[{"@type":"WebPage","@id":"https:\/\/www.ghostysky.com\/product\/dji-cellular-4g-dongle\/","url":"https:\/\/www.ghostysky.com\/product\/dji-cellular-4g-dongle\/","name":"DJI Cellular (dongle 4G) - Ghostysky","isPartOf":{"@id":"https:\/\/www.ghostysky.com\/#website"},"primaryImageOfPage":{"@id":"https:\/\/www.ghostysky.com\/product\/dji-cellular-4g-dongle\/#primaryimage"},"image":{"@id":"https:\/\/www.ghostysky.com\/product\/dji-cellular-4g-dongle\/#primaryimage"},"thumbnailUrl":"https:\/\/www.ghostysky.com\/wp-content\/uploads\/2024\/03\/GH_DJI_FC_4GDONGLE.jpg","datePublished":"2024-03-16T09:01:14+00:00","dateModified":"2024-03-16T09:03:57+00:00","description":"El DJI Cellular (4G Dongle) es un accesorio para el dron DJI FlyCart 30 que le proporciona una conexi\u00f3n celular 4G estable.","breadcrumb":{"@id":"https:\/\/www.ghostysky.com\/product\/dji-cellular-4g-dongle\/#breadcrumb"},"inLanguage":"es","potentialAction":[{"@type":"ReadAction","target":["https:\/\/www.ghostysky.com\/product\/dji-cellular-4g-dongle\/"]}]},{"@type":"ImageObject","inLanguage":"es","@id":"https:\/\/www.ghostysky.com\/product\/dji-cellular-4g-dongle\/#primaryimage","url":"https:\/\/www.ghostysky.com\/wp-content\/uploads\/2024\/03\/GH_DJI_FC_4GDONGLE.jpg","contentUrl":"https:\/\/www.ghostysky.com\/wp-content\/uploads\/2024\/03\/GH_DJI_FC_4GDONGLE.jpg","width":800,"height":800},{"@type":"BreadcrumbList","@id":"https:\/\/www.ghostysky.com\/product\/dji-cellular-4g-dongle\/#breadcrumb","itemListElement":[{"@type":"ListItem","position":1,"name":"Home","item":"https:\/\/www.ghostysky.com\/"},{"@type":"ListItem","position":2,"name":"Shop","item":"https:\/\/www.ghostysky.com\/shop\/"},{"@type":"ListItem","position":3,"name":"DJI Cellular (4G Dongle)"}]},{"@type":"WebSite","@id":"https:\/\/www.ghostysky.com\/#website","url":"https:\/\/www.ghostysky.com\/","name":"Ghostysky","description":"Entrega de drones y servicios profesionales","publisher":{"@id":"https:\/\/www.ghostysky.com\/#organization"},"potentialAction":[{"@type":"SearchAction","target":{"@type":"EntryPoint","urlTemplate":"https:\/\/www.ghostysky.com\/?s={search_term_string}"},"query-input":{"@type":"PropertyValueSpecification","valueRequired":true,"valueName":"search_term_string"}}],"inLanguage":"es"},{"@type":"Organization","@id":"https:\/\/www.ghostysky.com\/#organization","name":"Ghostysky","url":"https:\/\/www.ghostysky.com\/","logo":{"@type":"ImageObject","inLanguage":"es","@id":"https:\/\/www.ghostysky.com\/#\/schema\/logo\/image\/","url":"https:\/\/www.ghostysky.com\/wp-content\/uploads\/2020\/06\/cropped-ghostyskylogo_text_white2.png","contentUrl":"https:\/\/www.ghostysky.com\/wp-content\/uploads\/2020\/06\/cropped-ghostyskylogo_text_white2.png","width":169,"height":56,"caption":"Ghostysky"},"image":{"@id":"https:\/\/www.ghostysky.com\/#\/schema\/logo\/image\/"},"sameAs":["https:\/\/www.facebook.com\/people\/Ghostysky\/100057676170234\/","https:\/\/x.com\/Gh0stysky","https:\/\/www.linkedin.com\/company\/34739653","https:\/\/www.instagram.com\/gh0stysky"]}]}},"_links":{"self":[{"href":"https:\/\/www.ghostysky.com\/es\/wp-json\/wp\/v2\/product\/17369","targetHints":{"allow":["GET"]}}],"collection":[{"href":"https:\/\/www.ghostysky.com\/es\/wp-json\/wp\/v2\/product"}],"about":[{"href":"https:\/\/www.ghostysky.com\/es\/wp-json\/wp\/v2\/types\/product"}],"replies":[{"embeddable":true,"href":"https:\/\/www.ghostysky.com\/es\/wp-json\/wp\/v2\/comments?post=17369"}],"wp:featuredmedia":[{"embeddable":true,"href":"https:\/\/www.ghostysky.com\/es\/wp-json\/wp\/v2\/media\/17371"}],"wp:attachment":[{"href":"https:\/\/www.ghostysky.com\/es\/wp-json\/wp\/v2\/media?parent=17369"}],"wp:term":[{"taxonomy":"product_brand","embeddable":true,"href":"https:\/\/www.ghostysky.com\/es\/wp-json\/wp\/v2\/product_brand?post=17369"},{"taxonomy":"product_cat","embeddable":true,"href":"https:\/\/www.ghostysky.com\/es\/wp-json\/wp\/v2\/product_cat?post=17369"},{"taxonomy":"product_tag","embeddable":true,"href":"https:\/\/www.ghostysky.com\/es\/wp-json\/wp\/v2\/product_tag?post=17369"}],"curies":[{"name":"wp","href":"https:\/\/api.w.org\/{rel}","templated":true}]}}