{"id":17417,"date":"2024-03-16T09:50:48","date_gmt":"2024-03-16T09:50:48","guid":{"rendered":"https:\/\/www.ghostysky.com\/?post_type=product&#038;p=17417"},"modified":"2024-05-26T10:09:38","modified_gmt":"2024-05-26T10:09:38","slug":"dji-mini-3-pro-dji-rc-n1","status":"publish","type":"product","link":"https:\/\/www.ghostysky.com\/es\/product\/dji-mini-3-pro-dji-rc-n1\/","title":{"rendered":"DJI Mini 3 Pro (DJI RC-N1)"},"content":{"rendered":"<p data-sourcepos=\"3:1-3:34\"><strong>Caracter\u00edsticas clave<\/strong><\/p>\n<ul data-sourcepos=\"5:1-13:0\">\n<li data-sourcepos=\"5:1-5:106\"><strong>Menos de 249 gramos:<\/strong>\u00a0Vuela por debajo del l\u00edmite de peso que lo exime de las regulaciones sobre drones en muchos lugares.<\/li>\n<li data-sourcepos=\"6:1-6:80\"><strong>Detecci\u00f3n de obst\u00e1culos tridireccional:<\/strong>\u00a0Te ayuda a evitar obst\u00e1culos mientras vuelas.<\/li>\n<li data-sourcepos=\"7:1-7:87\"><strong>V\u00eddeo 4K HDR:<\/strong>\u00a0Graba v\u00eddeos de alta calidad con una amplia gama de colores y detalles.<\/li>\n<li data-sourcepos=\"8:1-8:95\"><strong>Tiempo m\u00e1ximo de vuelo de 34 minutos:<\/strong>\u00a0Le permite capturar m\u00e1s im\u00e1genes con una sola carga de bater\u00eda.<\/li>\n<li data-sourcepos=\"9:1-9:77\"><strong>Disparo vertical verdadero:<\/strong>\u00a0Perfecto para capturar im\u00e1genes para redes sociales.<\/li>\n<li data-sourcepos=\"10:1-10:108\"><strong>Pista de enfoque:<\/strong>\u00a0Incluye funciones de seguimiento inteligente como ActiveTrack, Spotlight y Point of Interest.<\/li>\n<li data-sourcepos=\"11:1-11:53\"><strong>Disparos maestros:<\/strong>\u00a0Crea tomas cinematogr\u00e1ficas automatizadas.<\/li>\n<li data-sourcepos=\"12:1-13:0\"><strong>Lapso de tiempo:<\/strong>\u00a0Te permite capturar el paso del tiempo de forma creativa.<\/li>\n<\/ul>\n<p data-sourcepos=\"14:1-14:159\">En general, el DJI Mini 3 Pro (DJI RC-N1) es una buena opci\u00f3n para pilotos principiantes de drones que desean un dron compacto y f\u00e1cil de volar que pueda capturar im\u00e1genes de alta calidad.<\/p>","protected":false},"excerpt":{"rendered":"<p>El DJI Mini 3 Pro (DJI RC-N1) es un dron liviano de menos de 249 gramos, lo que lo exime de ciertas regulaciones sobre drones en muchos lugares. Captura im\u00e1genes fluidas y estables con grabaci\u00f3n de video 4K HDR de hasta 60 fps. Tambi\u00e9n cuenta con detecci\u00f3n de obst\u00e1culos tridireccional (hacia adelante, hacia atr\u00e1s y hacia abajo) para ayudarlo a evitar colisiones mientras vuela.<\/p>","protected":false},"featured_media":17423,"comment_status":"open","ping_status":"closed","template":"","meta":[],"product_brand":[],"product_cat":[752,37,29,795,794],"product_tag":[42,758],"class_list":{"0":"post-17417","1":"product","2":"type-product","3":"status-publish","4":"has-post-thumbnail","6":"product_cat-aerial-photography","7":"product_cat-dji","8":"product_cat-drones","9":"product_cat-drones-mini-3-pro","10":"product_cat-mini-3-pro","11":"product_tag-dji","12":"product_tag-mini-3-pro-dji-rc-n1","14":"first","15":"outofstock","16":"taxable","17":"shipping-taxable","18":"purchasable","19":"product-type-simple"},"yoast_head":"<!-- This site is optimized with the Yoast SEO plugin v27.1.1 - https:\/\/yoast.com\/product\/yoast-seo-wordpress\/ -->\n<title>DJI Mini 3 Pro (DJI RC-N1) - Ghostysky<\/title>\n<meta name=\"description\" content=\"The DJI Mini 3 Pro (DJI RC-N1) is a lightweight drone under 249 grams, making it exempt from certain drone regulations in many places. It captures smooth, stable footage with 4K HDR video recording at up to 60 fps. It also features tri-directional obstacle sensing (forward, backward, and downward) to help you avoid collisions while flying.\" \/>\n<meta name=\"robots\" content=\"index, follow, max-snippet:-1, max-image-preview:large, max-video-preview:-1\" \/>\n<link rel=\"canonical\" href=\"https:\/\/www.ghostysky.com\/es\/producto-2\/dji-mini-3-pro-dji-rc-n1\/\" \/>\n<meta property=\"og:locale\" content=\"es_ES\" \/>\n<meta property=\"og:type\" content=\"article\" \/>\n<meta property=\"og:title\" content=\"DJI Mini 3 Pro (DJI RC-N1) - Ghostysky\" \/>\n<meta property=\"og:description\" content=\"The DJI Mini 3 Pro (DJI RC-N1) is a lightweight drone under 249 grams, making it exempt from certain drone regulations in many places. It captures smooth, stable footage with 4K HDR video recording at up to 60 fps. It also features tri-directional obstacle sensing (forward, backward, and downward) to help you avoid collisions while flying.\" \/>\n<meta property=\"og:url\" content=\"https:\/\/www.ghostysky.com\/es\/producto-2\/dji-mini-3-pro-dji-rc-n1\/\" \/>\n<meta property=\"og:site_name\" content=\"Ghostysky\" \/>\n<meta property=\"article:publisher\" content=\"https:\/\/www.facebook.com\/people\/Ghostysky\/100057676170234\/\" \/>\n<meta property=\"article:modified_time\" content=\"2024-05-26T10:09:38+00:00\" \/>\n<meta property=\"og:image\" content=\"https:\/\/www.ghostysky.com\/wp-content\/uploads\/2024\/03\/GH-Mini3_Pro_1.jpg\" \/>\n\t<meta property=\"og:image:width\" content=\"1280\" \/>\n\t<meta property=\"og:image:height\" content=\"1280\" \/>\n\t<meta property=\"og:image:type\" content=\"image\/jpeg\" \/>\n<meta name=\"twitter:card\" content=\"summary_large_image\" \/>\n<meta name=\"twitter:site\" content=\"@Gh0stysky\" \/>\n<meta name=\"twitter:label1\" content=\"Tiempo de lectura\" \/>\n\t<meta name=\"twitter:data1\" content=\"1 minuto\" \/>\n<script type=\"application\/ld+json\" class=\"yoast-schema-graph\">{\"@context\":\"https:\/\/schema.org\",\"@graph\":[{\"@type\":\"WebPage\",\"@id\":\"https:\/\/www.ghostysky.com\/product\/dji-mini-3-pro-dji-rc-n1\/\",\"url\":\"https:\/\/www.ghostysky.com\/product\/dji-mini-3-pro-dji-rc-n1\/\",\"name\":\"DJI Mini 3 Pro (DJI RC-N1) - Ghostysky\",\"isPartOf\":{\"@id\":\"https:\/\/www.ghostysky.com\/#website\"},\"primaryImageOfPage\":{\"@id\":\"https:\/\/www.ghostysky.com\/product\/dji-mini-3-pro-dji-rc-n1\/#primaryimage\"},\"image\":{\"@id\":\"https:\/\/www.ghostysky.com\/product\/dji-mini-3-pro-dji-rc-n1\/#primaryimage\"},\"thumbnailUrl\":\"https:\/\/www.ghostysky.com\/wp-content\/uploads\/2024\/03\/GH-Mini3_Pro_1.jpg\",\"datePublished\":\"2024-03-16T09:50:48+00:00\",\"dateModified\":\"2024-05-26T10:09:38+00:00\",\"description\":\"The DJI Mini 3 Pro (DJI RC-N1) is a lightweight drone under 249 grams, making it exempt from certain drone regulations in many places. It captures smooth, stable footage with 4K HDR video recording at up to 60 fps. It also features tri-directional obstacle sensing (forward, backward, and downward) to help you avoid collisions while flying.\",\"breadcrumb\":{\"@id\":\"https:\/\/www.ghostysky.com\/product\/dji-mini-3-pro-dji-rc-n1\/#breadcrumb\"},\"inLanguage\":\"es\",\"potentialAction\":[{\"@type\":\"ReadAction\",\"target\":[\"https:\/\/www.ghostysky.com\/product\/dji-mini-3-pro-dji-rc-n1\/\"]}]},{\"@type\":\"ImageObject\",\"inLanguage\":\"es\",\"@id\":\"https:\/\/www.ghostysky.com\/product\/dji-mini-3-pro-dji-rc-n1\/#primaryimage\",\"url\":\"https:\/\/www.ghostysky.com\/wp-content\/uploads\/2024\/03\/GH-Mini3_Pro_1.jpg\",\"contentUrl\":\"https:\/\/www.ghostysky.com\/wp-content\/uploads\/2024\/03\/GH-Mini3_Pro_1.jpg\",\"width\":1280,\"height\":1280},{\"@type\":\"BreadcrumbList\",\"@id\":\"https:\/\/www.ghostysky.com\/product\/dji-mini-3-pro-dji-rc-n1\/#breadcrumb\",\"itemListElement\":[{\"@type\":\"ListItem\",\"position\":1,\"name\":\"Home\",\"item\":\"https:\/\/www.ghostysky.com\/\"},{\"@type\":\"ListItem\",\"position\":2,\"name\":\"Shop\",\"item\":\"https:\/\/www.ghostysky.com\/shop\/\"},{\"@type\":\"ListItem\",\"position\":3,\"name\":\"DJI Mini 3 Pro (DJI RC-N1)\"}]},{\"@type\":\"WebSite\",\"@id\":\"https:\/\/www.ghostysky.com\/#website\",\"url\":\"https:\/\/www.ghostysky.com\/\",\"name\":\"Ghostysky\",\"description\":\"Delivering professional drones and services\",\"publisher\":{\"@id\":\"https:\/\/www.ghostysky.com\/#organization\"},\"potentialAction\":[{\"@type\":\"SearchAction\",\"target\":{\"@type\":\"EntryPoint\",\"urlTemplate\":\"https:\/\/www.ghostysky.com\/?s={search_term_string}\"},\"query-input\":{\"@type\":\"PropertyValueSpecification\",\"valueRequired\":true,\"valueName\":\"search_term_string\"}}],\"inLanguage\":\"es\"},{\"@type\":\"Organization\",\"@id\":\"https:\/\/www.ghostysky.com\/#organization\",\"name\":\"Ghostysky\",\"url\":\"https:\/\/www.ghostysky.com\/\",\"logo\":{\"@type\":\"ImageObject\",\"inLanguage\":\"es\",\"@id\":\"https:\/\/www.ghostysky.com\/#\/schema\/logo\/image\/\",\"url\":\"https:\/\/www.ghostysky.com\/wp-content\/uploads\/2020\/06\/cropped-ghostyskylogo_text_white2.png\",\"contentUrl\":\"https:\/\/www.ghostysky.com\/wp-content\/uploads\/2020\/06\/cropped-ghostyskylogo_text_white2.png\",\"width\":169,\"height\":56,\"caption\":\"Ghostysky\"},\"image\":{\"@id\":\"https:\/\/www.ghostysky.com\/#\/schema\/logo\/image\/\"},\"sameAs\":[\"https:\/\/www.facebook.com\/people\/Ghostysky\/100057676170234\/\",\"https:\/\/x.com\/Gh0stysky\",\"https:\/\/www.linkedin.com\/company\/34739653\",\"https:\/\/www.instagram.com\/gh0stysky\"]}]}<\/script>\n<!-- \/ Yoast SEO plugin. -->","yoast_head_json":{"title":"DJI Mini 3 Pro (DJI RC-N1) - Ghostysky","description":"El DJI Mini 3 Pro (DJI RC-N1) es un dron liviano de menos de 249 gramos, lo que lo exime de ciertas regulaciones sobre drones en muchos lugares. Captura im\u00e1genes fluidas y estables con grabaci\u00f3n de video 4K HDR de hasta 60 fps. Tambi\u00e9n cuenta con detecci\u00f3n de obst\u00e1culos tridireccional (hacia adelante, hacia atr\u00e1s y hacia abajo) para ayudarlo a evitar colisiones mientras vuela.","robots":{"index":"index","follow":"follow","max-snippet":"max-snippet:-1","max-image-preview":"max-image-preview:large","max-video-preview":"max-video-preview:-1"},"canonical":"https:\/\/www.ghostysky.com\/es\/producto-2\/dji-mini-3-pro-dji-rc-n1\/","og_locale":"es_ES","og_type":"article","og_title":"DJI Mini 3 Pro (DJI RC-N1) - Ghostysky","og_description":"The DJI Mini 3 Pro (DJI RC-N1) is a lightweight drone under 249 grams, making it exempt from certain drone regulations in many places. It captures smooth, stable footage with 4K HDR video recording at up to 60 fps. It also features tri-directional obstacle sensing (forward, backward, and downward) to help you avoid collisions while flying.","og_url":"https:\/\/www.ghostysky.com\/es\/producto-2\/dji-mini-3-pro-dji-rc-n1\/","og_site_name":"Ghostysky","article_publisher":"https:\/\/www.facebook.com\/people\/Ghostysky\/100057676170234\/","article_modified_time":"2024-05-26T10:09:38+00:00","og_image":[{"width":1280,"height":1280,"url":"https:\/\/www.ghostysky.com\/wp-content\/uploads\/2024\/03\/GH-Mini3_Pro_1.jpg","type":"image\/jpeg"}],"twitter_card":"summary_large_image","twitter_site":"@Gh0stysky","twitter_misc":{"Tiempo de lectura":"1 minuto"},"schema":{"@context":"https:\/\/schema.org","@graph":[{"@type":"WebPage","@id":"https:\/\/www.ghostysky.com\/product\/dji-mini-3-pro-dji-rc-n1\/","url":"https:\/\/www.ghostysky.com\/product\/dji-mini-3-pro-dji-rc-n1\/","name":"DJI Mini 3 Pro (DJI RC-N1) - Ghostysky","isPartOf":{"@id":"https:\/\/www.ghostysky.com\/#website"},"primaryImageOfPage":{"@id":"https:\/\/www.ghostysky.com\/product\/dji-mini-3-pro-dji-rc-n1\/#primaryimage"},"image":{"@id":"https:\/\/www.ghostysky.com\/product\/dji-mini-3-pro-dji-rc-n1\/#primaryimage"},"thumbnailUrl":"https:\/\/www.ghostysky.com\/wp-content\/uploads\/2024\/03\/GH-Mini3_Pro_1.jpg","datePublished":"2024-03-16T09:50:48+00:00","dateModified":"2024-05-26T10:09:38+00:00","description":"El DJI Mini 3 Pro (DJI RC-N1) es un dron liviano de menos de 249 gramos, lo que lo exime de ciertas regulaciones sobre drones en muchos lugares. Captura im\u00e1genes fluidas y estables con grabaci\u00f3n de video 4K HDR de hasta 60 fps. Tambi\u00e9n cuenta con detecci\u00f3n de obst\u00e1culos tridireccional (hacia adelante, hacia atr\u00e1s y hacia abajo) para ayudarlo a evitar colisiones mientras vuela.","breadcrumb":{"@id":"https:\/\/www.ghostysky.com\/product\/dji-mini-3-pro-dji-rc-n1\/#breadcrumb"},"inLanguage":"es","potentialAction":[{"@type":"ReadAction","target":["https:\/\/www.ghostysky.com\/product\/dji-mini-3-pro-dji-rc-n1\/"]}]},{"@type":"ImageObject","inLanguage":"es","@id":"https:\/\/www.ghostysky.com\/product\/dji-mini-3-pro-dji-rc-n1\/#primaryimage","url":"https:\/\/www.ghostysky.com\/wp-content\/uploads\/2024\/03\/GH-Mini3_Pro_1.jpg","contentUrl":"https:\/\/www.ghostysky.com\/wp-content\/uploads\/2024\/03\/GH-Mini3_Pro_1.jpg","width":1280,"height":1280},{"@type":"BreadcrumbList","@id":"https:\/\/www.ghostysky.com\/product\/dji-mini-3-pro-dji-rc-n1\/#breadcrumb","itemListElement":[{"@type":"ListItem","position":1,"name":"Home","item":"https:\/\/www.ghostysky.com\/"},{"@type":"ListItem","position":2,"name":"Shop","item":"https:\/\/www.ghostysky.com\/shop\/"},{"@type":"ListItem","position":3,"name":"DJI Mini 3 Pro (DJI RC-N1)"}]},{"@type":"WebSite","@id":"https:\/\/www.ghostysky.com\/#website","url":"https:\/\/www.ghostysky.com\/","name":"Ghostysky","description":"Entrega de drones y servicios profesionales","publisher":{"@id":"https:\/\/www.ghostysky.com\/#organization"},"potentialAction":[{"@type":"SearchAction","target":{"@type":"EntryPoint","urlTemplate":"https:\/\/www.ghostysky.com\/?s={search_term_string}"},"query-input":{"@type":"PropertyValueSpecification","valueRequired":true,"valueName":"search_term_string"}}],"inLanguage":"es"},{"@type":"Organization","@id":"https:\/\/www.ghostysky.com\/#organization","name":"Ghostysky","url":"https:\/\/www.ghostysky.com\/","logo":{"@type":"ImageObject","inLanguage":"es","@id":"https:\/\/www.ghostysky.com\/#\/schema\/logo\/image\/","url":"https:\/\/www.ghostysky.com\/wp-content\/uploads\/2020\/06\/cropped-ghostyskylogo_text_white2.png","contentUrl":"https:\/\/www.ghostysky.com\/wp-content\/uploads\/2020\/06\/cropped-ghostyskylogo_text_white2.png","width":169,"height":56,"caption":"Ghostysky"},"image":{"@id":"https:\/\/www.ghostysky.com\/#\/schema\/logo\/image\/"},"sameAs":["https:\/\/www.facebook.com\/people\/Ghostysky\/100057676170234\/","https:\/\/x.com\/Gh0stysky","https:\/\/www.linkedin.com\/company\/34739653","https:\/\/www.instagram.com\/gh0stysky"]}]}},"_links":{"self":[{"href":"https:\/\/www.ghostysky.com\/es\/wp-json\/wp\/v2\/product\/17417","targetHints":{"allow":["GET"]}}],"collection":[{"href":"https:\/\/www.ghostysky.com\/es\/wp-json\/wp\/v2\/product"}],"about":[{"href":"https:\/\/www.ghostysky.com\/es\/wp-json\/wp\/v2\/types\/product"}],"replies":[{"embeddable":true,"href":"https:\/\/www.ghostysky.com\/es\/wp-json\/wp\/v2\/comments?post=17417"}],"wp:featuredmedia":[{"embeddable":true,"href":"https:\/\/www.ghostysky.com\/es\/wp-json\/wp\/v2\/media\/17423"}],"wp:attachment":[{"href":"https:\/\/www.ghostysky.com\/es\/wp-json\/wp\/v2\/media?parent=17417"}],"wp:term":[{"taxonomy":"product_brand","embeddable":true,"href":"https:\/\/www.ghostysky.com\/es\/wp-json\/wp\/v2\/product_brand?post=17417"},{"taxonomy":"product_cat","embeddable":true,"href":"https:\/\/www.ghostysky.com\/es\/wp-json\/wp\/v2\/product_cat?post=17417"},{"taxonomy":"product_tag","embeddable":true,"href":"https:\/\/www.ghostysky.com\/es\/wp-json\/wp\/v2\/product_tag?post=17417"}],"curies":[{"name":"wp","href":"https:\/\/api.w.org\/{rel}","templated":true}]}}