{"id":17445,"date":"2024-03-16T10:29:10","date_gmt":"2024-03-16T10:29:10","guid":{"rendered":"https:\/\/www.ghostysky.com\/?post_type=product&#038;p=17445"},"modified":"2024-05-25T08:15:30","modified_gmt":"2024-05-25T08:15:30","slug":"autel-robotics-evo-max-4n","status":"publish","type":"product","link":"https:\/\/www.ghostysky.com\/es\/product\/autel-robotics-evo-max-4n\/","title":{"rendered":"Autel Robotics EVO MAX 4N"},"content":{"rendered":"<p data-sourcepos=\"1:1-1:208\"><strong>Caracter\u00edsticas clave<\/strong><\/p>\n<ul data-sourcepos=\"3:1-7:0\">\n<li data-sourcepos=\"3:1-3:197\"><strong>C\u00e1mara de visi\u00f3n nocturna:<\/strong>\u00a0El 4N significa &quot;Noche&quot; y la caracter\u00edstica clave de este dron es su sensor CMOS de 50 MP 1\/1,28 \u2033 con una c\u00e1mara integrada para condiciones de poca luz que sobresale en condiciones de poca luz.<\/li>\n<li data-sourcepos=\"4:1-4:156\"><strong>Evitaci\u00f3n de obst\u00e1culos:<\/strong>\u00a0Tiene un sistema omnidireccional para evitar obst\u00e1culos de 720 grados que utiliza una combinaci\u00f3n de c\u00e1maras y radar para ayudarte a volar con seguridad.<\/li>\n<li data-sourcepos=\"5:1-5:131\"><strong>Largo tiempo de vuelo:<\/strong>\u00a0El dron cuenta con un tiempo de vuelo m\u00e1ximo de 42 minutos, lo cual es respetable para un dron de alto rendimiento.<\/li>\n<li data-sourcepos=\"6:1-7:0\"><strong>Red de malla A:<\/strong>\u00a0Es compatible con la red A-Mesh 1.0 de Autel, que permite la comunicaci\u00f3n y el intercambio de datos entre m\u00faltiples drones.<\/li>\n<\/ul>\n<p data-sourcepos=\"8:1-8:314\">En general, el Autel Robotics EVO MAX 4N es un dron potente y vers\u00e1til muy adecuado para uso profesional, especialmente en aplicaciones que requieren funcionamiento nocturno o con poca luz. Si buscas un dron de alta gama con excelentes capacidades de visi\u00f3n nocturna, el EVO MAX 4N es una buena opci\u00f3n a considerar.<\/p>\n<p data-sourcepos=\"8:1-8:314\">","protected":false},"excerpt":{"rendered":"<p>El Autel Robotics EVO MAX 4N es un dron comercial de alta gama dise\u00f1ado para aplicaciones profesionales, particularmente aquellas que requieren un buen rendimiento en condiciones de poca luz o durante la noche.<\/p>","protected":false},"featured_media":17448,"comment_status":"open","ping_status":"closed","template":"","meta":[],"product_brand":[],"product_cat":[220,29,294],"product_tag":[495,760],"class_list":{"0":"post-17445","1":"product","2":"type-product","3":"status-publish","4":"has-post-thumbnail","6":"product_cat-autel","7":"product_cat-drones","8":"product_cat-drone-autel","9":"product_tag-autel-robotics","10":"product_tag-evo-max-4n","12":"first","13":"onbackorder","14":"taxable","15":"shipping-taxable","16":"product-type-simple"},"yoast_head":"<!-- This site is optimized with the Yoast SEO plugin v27.1.1 - https:\/\/yoast.com\/product\/yoast-seo-wordpress\/ -->\n<title>Autel Robotics EVO MAX 4N - Ghostysky<\/title>\n<meta name=\"description\" content=\"The Autel Robotics EVO MAX 4N is a high-end commercial drone designed for professional applications, particularly those that require good low-light or nighttime performance.\" \/>\n<meta name=\"robots\" content=\"index, follow, max-snippet:-1, max-image-preview:large, max-video-preview:-1\" \/>\n<link rel=\"canonical\" href=\"https:\/\/www.ghostysky.com\/es\/producto-2\/autel-robotics-evo-max-4n\/\" \/>\n<meta property=\"og:locale\" content=\"es_ES\" \/>\n<meta property=\"og:type\" content=\"article\" \/>\n<meta property=\"og:title\" content=\"Autel Robotics EVO MAX 4N - Ghostysky\" \/>\n<meta property=\"og:description\" content=\"The Autel Robotics EVO MAX 4N is a high-end commercial drone designed for professional applications, particularly those that require good low-light or nighttime performance.\" \/>\n<meta property=\"og:url\" content=\"https:\/\/www.ghostysky.com\/es\/producto-2\/autel-robotics-evo-max-4n\/\" \/>\n<meta property=\"og:site_name\" content=\"Ghostysky\" \/>\n<meta property=\"article:publisher\" content=\"https:\/\/www.facebook.com\/people\/Ghostysky\/100057676170234\/\" \/>\n<meta property=\"article:modified_time\" content=\"2024-05-25T08:15:30+00:00\" \/>\n<meta property=\"og:image\" content=\"https:\/\/www.ghostysky.com\/wp-content\/uploads\/2024\/03\/GH_Autel_EVOMAX4N_1.jpg\" \/>\n\t<meta property=\"og:image:width\" content=\"600\" \/>\n\t<meta property=\"og:image:height\" content=\"600\" \/>\n\t<meta property=\"og:image:type\" content=\"image\/jpeg\" \/>\n<meta name=\"twitter:card\" content=\"summary_large_image\" \/>\n<meta name=\"twitter:site\" content=\"@Gh0stysky\" \/>\n<meta name=\"twitter:label1\" content=\"Tiempo de lectura\" \/>\n\t<meta name=\"twitter:data1\" content=\"1 minuto\" \/>\n<script type=\"application\/ld+json\" class=\"yoast-schema-graph\">{\"@context\":\"https:\/\/schema.org\",\"@graph\":[{\"@type\":\"WebPage\",\"@id\":\"https:\/\/www.ghostysky.com\/product\/autel-robotics-evo-max-4n\/\",\"url\":\"https:\/\/www.ghostysky.com\/product\/autel-robotics-evo-max-4n\/\",\"name\":\"Autel Robotics EVO MAX 4N - Ghostysky\",\"isPartOf\":{\"@id\":\"https:\/\/www.ghostysky.com\/#website\"},\"primaryImageOfPage\":{\"@id\":\"https:\/\/www.ghostysky.com\/product\/autel-robotics-evo-max-4n\/#primaryimage\"},\"image\":{\"@id\":\"https:\/\/www.ghostysky.com\/product\/autel-robotics-evo-max-4n\/#primaryimage\"},\"thumbnailUrl\":\"https:\/\/www.ghostysky.com\/wp-content\/uploads\/2024\/03\/GH_Autel_EVOMAX4N_1.jpg\",\"datePublished\":\"2024-03-16T10:29:10+00:00\",\"dateModified\":\"2024-05-25T08:15:30+00:00\",\"description\":\"The Autel Robotics EVO MAX 4N is a high-end commercial drone designed for professional applications, particularly those that require good low-light or nighttime performance.\",\"breadcrumb\":{\"@id\":\"https:\/\/www.ghostysky.com\/product\/autel-robotics-evo-max-4n\/#breadcrumb\"},\"inLanguage\":\"es\",\"potentialAction\":[{\"@type\":\"ReadAction\",\"target\":[\"https:\/\/www.ghostysky.com\/product\/autel-robotics-evo-max-4n\/\"]}]},{\"@type\":\"ImageObject\",\"inLanguage\":\"es\",\"@id\":\"https:\/\/www.ghostysky.com\/product\/autel-robotics-evo-max-4n\/#primaryimage\",\"url\":\"https:\/\/www.ghostysky.com\/wp-content\/uploads\/2024\/03\/GH_Autel_EVOMAX4N_1.jpg\",\"contentUrl\":\"https:\/\/www.ghostysky.com\/wp-content\/uploads\/2024\/03\/GH_Autel_EVOMAX4N_1.jpg\",\"width\":600,\"height\":600},{\"@type\":\"BreadcrumbList\",\"@id\":\"https:\/\/www.ghostysky.com\/product\/autel-robotics-evo-max-4n\/#breadcrumb\",\"itemListElement\":[{\"@type\":\"ListItem\",\"position\":1,\"name\":\"Home\",\"item\":\"https:\/\/www.ghostysky.com\/\"},{\"@type\":\"ListItem\",\"position\":2,\"name\":\"Shop\",\"item\":\"https:\/\/www.ghostysky.com\/shop\/\"},{\"@type\":\"ListItem\",\"position\":3,\"name\":\"Autel Robotics EVO MAX 4N\"}]},{\"@type\":\"WebSite\",\"@id\":\"https:\/\/www.ghostysky.com\/#website\",\"url\":\"https:\/\/www.ghostysky.com\/\",\"name\":\"Ghostysky\",\"description\":\"Delivering professional drones and services\",\"publisher\":{\"@id\":\"https:\/\/www.ghostysky.com\/#organization\"},\"potentialAction\":[{\"@type\":\"SearchAction\",\"target\":{\"@type\":\"EntryPoint\",\"urlTemplate\":\"https:\/\/www.ghostysky.com\/?s={search_term_string}\"},\"query-input\":{\"@type\":\"PropertyValueSpecification\",\"valueRequired\":true,\"valueName\":\"search_term_string\"}}],\"inLanguage\":\"es\"},{\"@type\":\"Organization\",\"@id\":\"https:\/\/www.ghostysky.com\/#organization\",\"name\":\"Ghostysky\",\"url\":\"https:\/\/www.ghostysky.com\/\",\"logo\":{\"@type\":\"ImageObject\",\"inLanguage\":\"es\",\"@id\":\"https:\/\/www.ghostysky.com\/#\/schema\/logo\/image\/\",\"url\":\"https:\/\/www.ghostysky.com\/wp-content\/uploads\/2020\/06\/cropped-ghostyskylogo_text_white2.png\",\"contentUrl\":\"https:\/\/www.ghostysky.com\/wp-content\/uploads\/2020\/06\/cropped-ghostyskylogo_text_white2.png\",\"width\":169,\"height\":56,\"caption\":\"Ghostysky\"},\"image\":{\"@id\":\"https:\/\/www.ghostysky.com\/#\/schema\/logo\/image\/\"},\"sameAs\":[\"https:\/\/www.facebook.com\/people\/Ghostysky\/100057676170234\/\",\"https:\/\/x.com\/Gh0stysky\",\"https:\/\/www.linkedin.com\/company\/34739653\",\"https:\/\/www.instagram.com\/gh0stysky\"]}]}<\/script>\n<!-- \/ Yoast SEO plugin. -->","yoast_head_json":{"title":"Autel Robotics EVO MAX 4N - Ghostysky","description":"El Autel Robotics EVO MAX 4N es un dron comercial de alta gama dise\u00f1ado para aplicaciones profesionales, particularmente aquellas que requieren un buen rendimiento en condiciones de poca luz o durante la noche.","robots":{"index":"index","follow":"follow","max-snippet":"max-snippet:-1","max-image-preview":"max-image-preview:large","max-video-preview":"max-video-preview:-1"},"canonical":"https:\/\/www.ghostysky.com\/es\/producto-2\/autel-robotics-evo-max-4n\/","og_locale":"es_ES","og_type":"article","og_title":"Autel Robotics EVO MAX 4N - Ghostysky","og_description":"The Autel Robotics EVO MAX 4N is a high-end commercial drone designed for professional applications, particularly those that require good low-light or nighttime performance.","og_url":"https:\/\/www.ghostysky.com\/es\/producto-2\/autel-robotics-evo-max-4n\/","og_site_name":"Ghostysky","article_publisher":"https:\/\/www.facebook.com\/people\/Ghostysky\/100057676170234\/","article_modified_time":"2024-05-25T08:15:30+00:00","og_image":[{"width":600,"height":600,"url":"https:\/\/www.ghostysky.com\/wp-content\/uploads\/2024\/03\/GH_Autel_EVOMAX4N_1.jpg","type":"image\/jpeg"}],"twitter_card":"summary_large_image","twitter_site":"@Gh0stysky","twitter_misc":{"Tiempo de lectura":"1 minuto"},"schema":{"@context":"https:\/\/schema.org","@graph":[{"@type":"WebPage","@id":"https:\/\/www.ghostysky.com\/product\/autel-robotics-evo-max-4n\/","url":"https:\/\/www.ghostysky.com\/product\/autel-robotics-evo-max-4n\/","name":"Autel Robotics EVO MAX 4N - Ghostysky","isPartOf":{"@id":"https:\/\/www.ghostysky.com\/#website"},"primaryImageOfPage":{"@id":"https:\/\/www.ghostysky.com\/product\/autel-robotics-evo-max-4n\/#primaryimage"},"image":{"@id":"https:\/\/www.ghostysky.com\/product\/autel-robotics-evo-max-4n\/#primaryimage"},"thumbnailUrl":"https:\/\/www.ghostysky.com\/wp-content\/uploads\/2024\/03\/GH_Autel_EVOMAX4N_1.jpg","datePublished":"2024-03-16T10:29:10+00:00","dateModified":"2024-05-25T08:15:30+00:00","description":"El Autel Robotics EVO MAX 4N es un dron comercial de alta gama dise\u00f1ado para aplicaciones profesionales, particularmente aquellas que requieren un buen rendimiento en condiciones de poca luz o durante la noche.","breadcrumb":{"@id":"https:\/\/www.ghostysky.com\/product\/autel-robotics-evo-max-4n\/#breadcrumb"},"inLanguage":"es","potentialAction":[{"@type":"ReadAction","target":["https:\/\/www.ghostysky.com\/product\/autel-robotics-evo-max-4n\/"]}]},{"@type":"ImageObject","inLanguage":"es","@id":"https:\/\/www.ghostysky.com\/product\/autel-robotics-evo-max-4n\/#primaryimage","url":"https:\/\/www.ghostysky.com\/wp-content\/uploads\/2024\/03\/GH_Autel_EVOMAX4N_1.jpg","contentUrl":"https:\/\/www.ghostysky.com\/wp-content\/uploads\/2024\/03\/GH_Autel_EVOMAX4N_1.jpg","width":600,"height":600},{"@type":"BreadcrumbList","@id":"https:\/\/www.ghostysky.com\/product\/autel-robotics-evo-max-4n\/#breadcrumb","itemListElement":[{"@type":"ListItem","position":1,"name":"Home","item":"https:\/\/www.ghostysky.com\/"},{"@type":"ListItem","position":2,"name":"Shop","item":"https:\/\/www.ghostysky.com\/shop\/"},{"@type":"ListItem","position":3,"name":"Autel Robotics EVO MAX 4N"}]},{"@type":"WebSite","@id":"https:\/\/www.ghostysky.com\/#website","url":"https:\/\/www.ghostysky.com\/","name":"Ghostysky","description":"Entrega de drones y servicios profesionales","publisher":{"@id":"https:\/\/www.ghostysky.com\/#organization"},"potentialAction":[{"@type":"SearchAction","target":{"@type":"EntryPoint","urlTemplate":"https:\/\/www.ghostysky.com\/?s={search_term_string}"},"query-input":{"@type":"PropertyValueSpecification","valueRequired":true,"valueName":"search_term_string"}}],"inLanguage":"es"},{"@type":"Organization","@id":"https:\/\/www.ghostysky.com\/#organization","name":"Ghostysky","url":"https:\/\/www.ghostysky.com\/","logo":{"@type":"ImageObject","inLanguage":"es","@id":"https:\/\/www.ghostysky.com\/#\/schema\/logo\/image\/","url":"https:\/\/www.ghostysky.com\/wp-content\/uploads\/2020\/06\/cropped-ghostyskylogo_text_white2.png","contentUrl":"https:\/\/www.ghostysky.com\/wp-content\/uploads\/2020\/06\/cropped-ghostyskylogo_text_white2.png","width":169,"height":56,"caption":"Ghostysky"},"image":{"@id":"https:\/\/www.ghostysky.com\/#\/schema\/logo\/image\/"},"sameAs":["https:\/\/www.facebook.com\/people\/Ghostysky\/100057676170234\/","https:\/\/x.com\/Gh0stysky","https:\/\/www.linkedin.com\/company\/34739653","https:\/\/www.instagram.com\/gh0stysky"]}]}},"_links":{"self":[{"href":"https:\/\/www.ghostysky.com\/es\/wp-json\/wp\/v2\/product\/17445","targetHints":{"allow":["GET"]}}],"collection":[{"href":"https:\/\/www.ghostysky.com\/es\/wp-json\/wp\/v2\/product"}],"about":[{"href":"https:\/\/www.ghostysky.com\/es\/wp-json\/wp\/v2\/types\/product"}],"replies":[{"embeddable":true,"href":"https:\/\/www.ghostysky.com\/es\/wp-json\/wp\/v2\/comments?post=17445"}],"wp:featuredmedia":[{"embeddable":true,"href":"https:\/\/www.ghostysky.com\/es\/wp-json\/wp\/v2\/media\/17448"}],"wp:attachment":[{"href":"https:\/\/www.ghostysky.com\/es\/wp-json\/wp\/v2\/media?parent=17445"}],"wp:term":[{"taxonomy":"product_brand","embeddable":true,"href":"https:\/\/www.ghostysky.com\/es\/wp-json\/wp\/v2\/product_brand?post=17445"},{"taxonomy":"product_cat","embeddable":true,"href":"https:\/\/www.ghostysky.com\/es\/wp-json\/wp\/v2\/product_cat?post=17445"},{"taxonomy":"product_tag","embeddable":true,"href":"https:\/\/www.ghostysky.com\/es\/wp-json\/wp\/v2\/product_tag?post=17445"}],"curies":[{"name":"wp","href":"https:\/\/api.w.org\/{rel}","templated":true}]}}