{"id":17464,"date":"2024-03-16T10:52:13","date_gmt":"2024-03-16T10:52:13","guid":{"rendered":"https:\/\/www.ghostysky.com\/?post_type=product&#038;p=17464"},"modified":"2025-10-14T11:23:51","modified_gmt":"2025-10-14T11:23:51","slug":"evo-lite-premium-bundle","status":"publish","type":"product","link":"https:\/\/www.ghostysky.com\/es\/product\/evo-lite-premium-bundle\/","title":{"rendered":"Paquete Premium EVO Lite"},"content":{"rendered":"<p data-sourcepos=\"1:1-1:161\"><strong>Caracter\u00edsticas<\/strong><\/p>\n<p data-sourcepos=\"3:1-3:11\"><strong>C\u00e1mara:<\/strong><\/p>\n<ul data-sourcepos=\"5:1-8:0\">\n<li data-sourcepos=\"5:1-5:113\">Sensor CMOS de 1 pulgada: este gran sensor captura im\u00e1genes y v\u00eddeos de alta calidad con un buen rendimiento en condiciones de poca luz.<\/li>\n<li data-sourcepos=\"6:1-6:57\">Fotograf\u00edas de 20MP: Puedes capturar fotograf\u00edas n\u00edtidas y detalladas.<\/li>\n<li data-sourcepos=\"7:1-8:0\">Grabaci\u00f3n de v\u00eddeo de 6K: grabe secuencias de v\u00eddeo incre\u00edblemente fluidas en resoluci\u00f3n de 6K.<\/li>\n<\/ul>\n<p data-sourcepos=\"9:1-9:23\"><strong>Rendimiento de vuelo:<\/strong><\/p>\n<ul data-sourcepos=\"11:1-14:0\">\n<li data-sourcepos=\"11:1-11:102\">Hasta 40 minutos de tiempo de vuelo: esto le permite capturar m\u00e1s im\u00e1genes con una sola carga de bater\u00eda.<\/li>\n<li data-sourcepos=\"12:1-12:106\">Alcance de transmisi\u00f3n de 7,4 millas (12 km): puede volar m\u00e1s lejos y mantener una fuerte conexi\u00f3n con el dron.<\/li>\n<li data-sourcepos=\"13:1-14:0\">Sistema de transmisi\u00f3n de im\u00e1genes Autel SkyLink: este sistema proporciona una transmisi\u00f3n de video clara y confiable incluso a largas distancias.<\/li>\n<\/ul>\n<p data-sourcepos=\"15:1-15:20\"><strong>Caracteristicas de seguridad:<\/strong><\/p>\n<ul data-sourcepos=\"17:1-19:0\">\n<li data-sourcepos=\"17:1-17:106\">Evitaci\u00f3n de obst\u00e1culos con \u00e1ngulo ultra amplio: este sistema te ayuda a evitar colisiones con obst\u00e1culos mientras vuelas.<\/li>\n<li data-sourcepos=\"18:1-19:0\">Evitaci\u00f3n de obst\u00e1culos en tres direcciones: el dron puede detectar obst\u00e1culos delante, debajo y detr\u00e1s.<\/li>\n<\/ul>\n<p data-sourcepos=\"20:1-20:19\"><strong>Otras caracter\u00edsticas:<\/strong><\/p>\n<ul data-sourcepos=\"22:1-25:0\">\n<li data-sourcepos=\"22:1-22:78\">Dise\u00f1o liviano: el dron es relativamente liviano y port\u00e1til para su tama\u00f1o.<\/li>\n<li data-sourcepos=\"23:1-23:102\">Card\u00e1n de cuatro ejes: este card\u00e1n mantiene la c\u00e1mara estabilizada para obtener im\u00e1genes fluidas y de aspecto profesional.<\/li>\n<li data-sourcepos=\"24:1-25:0\">M\u00faltiples modos de disparo inteligentes: estos modos le permiten capturar tomas complejas con facilidad.<\/li>\n<\/ul>\n<p data-sourcepos=\"26:1-26:19\"><strong>Paquete Premium:<\/strong><\/p>\n<p data-sourcepos=\"28:1-28:244\">El paquete Premium normalmente incluye bater\u00edas adicionales, un estuche de transporte, h\u00e9lices adicionales y otros accesorios en comparaci\u00f3n con el paquete est\u00e1ndar. Esto le brinda m\u00e1s tiempo de vuelo y le permite estar preparado para varios escenarios de disparo.<\/p>\n<p data-sourcepos=\"30:1-30:203\"><strong>En general, el Autel EVO Lite+ Premium Bundle es un dron potente y vers\u00e1til muy adecuado para uso profesional.<\/strong> Aseg\u00farese de consultar las listas de minoristas para conocer el contenido exacto del paquete, ya que pueden variar.<\/p>","protected":false},"excerpt":{"rendered":"<p>El paquete Autel EVO Lite+ Premium es un paquete de drones de alta gama dise\u00f1ado para fot\u00f3grafos y camar\u00f3grafos profesionales.<\/p>","protected":false},"featured_media":17465,"comment_status":"open","ping_status":"closed","template":"","meta":[],"product_brand":[],"product_cat":[761,220],"product_tag":[495,762,763],"class_list":{"0":"post-17464","1":"product","2":"type-product","3":"status-publish","4":"has-post-thumbnail","6":"product_cat-aerial-photography-autel","7":"product_cat-autel","8":"product_tag-autel-robotics","9":"product_tag-evo-lite","10":"product_tag-premium-bundle","12":"first","13":"outofstock","14":"taxable","15":"shipping-taxable","16":"product-type-simple"},"yoast_head":"<!-- This site is optimized with the Yoast SEO plugin v27.1.1 - https:\/\/yoast.com\/product\/yoast-seo-wordpress\/ -->\n<title>EVO Lite Premium Bundle - Ghostysky<\/title>\n<meta name=\"description\" content=\"The Autel EVO Lite+ Premium Bundle is a high-end drone package designed for professional photographers and videographers.\" \/>\n<meta name=\"robots\" content=\"index, follow, max-snippet:-1, max-image-preview:large, max-video-preview:-1\" \/>\n<link rel=\"canonical\" href=\"https:\/\/www.ghostysky.com\/es\/producto-2\/evo-lite-premium-bundle\/\" \/>\n<meta property=\"og:locale\" content=\"es_ES\" \/>\n<meta property=\"og:type\" content=\"article\" \/>\n<meta property=\"og:title\" content=\"EVO Lite Premium Bundle - Ghostysky\" \/>\n<meta property=\"og:description\" content=\"The Autel EVO Lite+ Premium Bundle is a high-end drone package designed for professional photographers and videographers.\" \/>\n<meta property=\"og:url\" content=\"https:\/\/www.ghostysky.com\/es\/producto-2\/evo-lite-premium-bundle\/\" \/>\n<meta property=\"og:site_name\" content=\"Ghostysky\" \/>\n<meta property=\"article:publisher\" content=\"https:\/\/www.facebook.com\/people\/Ghostysky\/100057676170234\/\" \/>\n<meta property=\"article:modified_time\" content=\"2025-10-14T11:23:51+00:00\" \/>\n<meta property=\"og:image\" content=\"https:\/\/www.ghostysky.com\/wp-content\/uploads\/2024\/03\/GH_autel-evo-lite-premium-bundle-orange-5.jpg\" \/>\n\t<meta property=\"og:image:width\" content=\"500\" \/>\n\t<meta property=\"og:image:height\" content=\"374\" \/>\n\t<meta property=\"og:image:type\" content=\"image\/jpeg\" \/>\n<meta name=\"twitter:card\" content=\"summary_large_image\" \/>\n<meta name=\"twitter:site\" content=\"@Gh0stysky\" \/>\n<meta name=\"twitter:label1\" content=\"Tiempo de lectura\" \/>\n\t<meta name=\"twitter:data1\" content=\"2 minutos\" \/>\n<script type=\"application\/ld+json\" class=\"yoast-schema-graph\">{\"@context\":\"https:\/\/schema.org\",\"@graph\":[{\"@type\":\"WebPage\",\"@id\":\"https:\/\/www.ghostysky.com\/product\/evo-lite-premium-bundle\/\",\"url\":\"https:\/\/www.ghostysky.com\/product\/evo-lite-premium-bundle\/\",\"name\":\"EVO Lite Premium Bundle - Ghostysky\",\"isPartOf\":{\"@id\":\"https:\/\/www.ghostysky.com\/#website\"},\"primaryImageOfPage\":{\"@id\":\"https:\/\/www.ghostysky.com\/product\/evo-lite-premium-bundle\/#primaryimage\"},\"image\":{\"@id\":\"https:\/\/www.ghostysky.com\/product\/evo-lite-premium-bundle\/#primaryimage\"},\"thumbnailUrl\":\"https:\/\/www.ghostysky.com\/wp-content\/uploads\/2024\/03\/GH_autel-evo-lite-premium-bundle-orange-5.jpg\",\"datePublished\":\"2024-03-16T10:52:13+00:00\",\"dateModified\":\"2025-10-14T11:23:51+00:00\",\"description\":\"The Autel EVO Lite+ Premium Bundle is a high-end drone package designed for professional photographers and videographers.\",\"breadcrumb\":{\"@id\":\"https:\/\/www.ghostysky.com\/product\/evo-lite-premium-bundle\/#breadcrumb\"},\"inLanguage\":\"es\",\"potentialAction\":[{\"@type\":\"ReadAction\",\"target\":[\"https:\/\/www.ghostysky.com\/product\/evo-lite-premium-bundle\/\"]}]},{\"@type\":\"ImageObject\",\"inLanguage\":\"es\",\"@id\":\"https:\/\/www.ghostysky.com\/product\/evo-lite-premium-bundle\/#primaryimage\",\"url\":\"https:\/\/www.ghostysky.com\/wp-content\/uploads\/2024\/03\/GH_autel-evo-lite-premium-bundle-orange-5.jpg\",\"contentUrl\":\"https:\/\/www.ghostysky.com\/wp-content\/uploads\/2024\/03\/GH_autel-evo-lite-premium-bundle-orange-5.jpg\",\"width\":500,\"height\":374},{\"@type\":\"BreadcrumbList\",\"@id\":\"https:\/\/www.ghostysky.com\/product\/evo-lite-premium-bundle\/#breadcrumb\",\"itemListElement\":[{\"@type\":\"ListItem\",\"position\":1,\"name\":\"Home\",\"item\":\"https:\/\/www.ghostysky.com\/\"},{\"@type\":\"ListItem\",\"position\":2,\"name\":\"Shop\",\"item\":\"https:\/\/www.ghostysky.com\/shop\/\"},{\"@type\":\"ListItem\",\"position\":3,\"name\":\"EVO Lite Premium Bundle\"}]},{\"@type\":\"WebSite\",\"@id\":\"https:\/\/www.ghostysky.com\/#website\",\"url\":\"https:\/\/www.ghostysky.com\/\",\"name\":\"Ghostysky\",\"description\":\"Delivering professional drones and services\",\"publisher\":{\"@id\":\"https:\/\/www.ghostysky.com\/#organization\"},\"potentialAction\":[{\"@type\":\"SearchAction\",\"target\":{\"@type\":\"EntryPoint\",\"urlTemplate\":\"https:\/\/www.ghostysky.com\/?s={search_term_string}\"},\"query-input\":{\"@type\":\"PropertyValueSpecification\",\"valueRequired\":true,\"valueName\":\"search_term_string\"}}],\"inLanguage\":\"es\"},{\"@type\":\"Organization\",\"@id\":\"https:\/\/www.ghostysky.com\/#organization\",\"name\":\"Ghostysky\",\"url\":\"https:\/\/www.ghostysky.com\/\",\"logo\":{\"@type\":\"ImageObject\",\"inLanguage\":\"es\",\"@id\":\"https:\/\/www.ghostysky.com\/#\/schema\/logo\/image\/\",\"url\":\"https:\/\/www.ghostysky.com\/wp-content\/uploads\/2020\/06\/cropped-ghostyskylogo_text_white2.png\",\"contentUrl\":\"https:\/\/www.ghostysky.com\/wp-content\/uploads\/2020\/06\/cropped-ghostyskylogo_text_white2.png\",\"width\":169,\"height\":56,\"caption\":\"Ghostysky\"},\"image\":{\"@id\":\"https:\/\/www.ghostysky.com\/#\/schema\/logo\/image\/\"},\"sameAs\":[\"https:\/\/www.facebook.com\/people\/Ghostysky\/100057676170234\/\",\"https:\/\/x.com\/Gh0stysky\",\"https:\/\/www.linkedin.com\/company\/34739653\",\"https:\/\/www.instagram.com\/gh0stysky\"]}]}<\/script>\n<!-- \/ Yoast SEO plugin. -->","yoast_head_json":{"title":"Paquete Premium EVO Lite - Ghostysky","description":"El paquete Autel EVO Lite+ Premium es un paquete de drones de alta gama dise\u00f1ado para fot\u00f3grafos y camar\u00f3grafos profesionales.","robots":{"index":"index","follow":"follow","max-snippet":"max-snippet:-1","max-image-preview":"max-image-preview:large","max-video-preview":"max-video-preview:-1"},"canonical":"https:\/\/www.ghostysky.com\/es\/producto-2\/evo-lite-premium-bundle\/","og_locale":"es_ES","og_type":"article","og_title":"EVO Lite Premium Bundle - Ghostysky","og_description":"The Autel EVO Lite+ Premium Bundle is a high-end drone package designed for professional photographers and videographers.","og_url":"https:\/\/www.ghostysky.com\/es\/producto-2\/evo-lite-premium-bundle\/","og_site_name":"Ghostysky","article_publisher":"https:\/\/www.facebook.com\/people\/Ghostysky\/100057676170234\/","article_modified_time":"2025-10-14T11:23:51+00:00","og_image":[{"width":500,"height":374,"url":"https:\/\/www.ghostysky.com\/wp-content\/uploads\/2024\/03\/GH_autel-evo-lite-premium-bundle-orange-5.jpg","type":"image\/jpeg"}],"twitter_card":"summary_large_image","twitter_site":"@Gh0stysky","twitter_misc":{"Tiempo de lectura":"2 minutos"},"schema":{"@context":"https:\/\/schema.org","@graph":[{"@type":"WebPage","@id":"https:\/\/www.ghostysky.com\/product\/evo-lite-premium-bundle\/","url":"https:\/\/www.ghostysky.com\/product\/evo-lite-premium-bundle\/","name":"Paquete Premium EVO Lite - Ghostysky","isPartOf":{"@id":"https:\/\/www.ghostysky.com\/#website"},"primaryImageOfPage":{"@id":"https:\/\/www.ghostysky.com\/product\/evo-lite-premium-bundle\/#primaryimage"},"image":{"@id":"https:\/\/www.ghostysky.com\/product\/evo-lite-premium-bundle\/#primaryimage"},"thumbnailUrl":"https:\/\/www.ghostysky.com\/wp-content\/uploads\/2024\/03\/GH_autel-evo-lite-premium-bundle-orange-5.jpg","datePublished":"2024-03-16T10:52:13+00:00","dateModified":"2025-10-14T11:23:51+00:00","description":"El paquete Autel EVO Lite+ Premium es un paquete de drones de alta gama dise\u00f1ado para fot\u00f3grafos y camar\u00f3grafos profesionales.","breadcrumb":{"@id":"https:\/\/www.ghostysky.com\/product\/evo-lite-premium-bundle\/#breadcrumb"},"inLanguage":"es","potentialAction":[{"@type":"ReadAction","target":["https:\/\/www.ghostysky.com\/product\/evo-lite-premium-bundle\/"]}]},{"@type":"ImageObject","inLanguage":"es","@id":"https:\/\/www.ghostysky.com\/product\/evo-lite-premium-bundle\/#primaryimage","url":"https:\/\/www.ghostysky.com\/wp-content\/uploads\/2024\/03\/GH_autel-evo-lite-premium-bundle-orange-5.jpg","contentUrl":"https:\/\/www.ghostysky.com\/wp-content\/uploads\/2024\/03\/GH_autel-evo-lite-premium-bundle-orange-5.jpg","width":500,"height":374},{"@type":"BreadcrumbList","@id":"https:\/\/www.ghostysky.com\/product\/evo-lite-premium-bundle\/#breadcrumb","itemListElement":[{"@type":"ListItem","position":1,"name":"Home","item":"https:\/\/www.ghostysky.com\/"},{"@type":"ListItem","position":2,"name":"Shop","item":"https:\/\/www.ghostysky.com\/shop\/"},{"@type":"ListItem","position":3,"name":"EVO Lite Premium Bundle"}]},{"@type":"WebSite","@id":"https:\/\/www.ghostysky.com\/#website","url":"https:\/\/www.ghostysky.com\/","name":"Ghostysky","description":"Entrega de drones y servicios profesionales","publisher":{"@id":"https:\/\/www.ghostysky.com\/#organization"},"potentialAction":[{"@type":"SearchAction","target":{"@type":"EntryPoint","urlTemplate":"https:\/\/www.ghostysky.com\/?s={search_term_string}"},"query-input":{"@type":"PropertyValueSpecification","valueRequired":true,"valueName":"search_term_string"}}],"inLanguage":"es"},{"@type":"Organization","@id":"https:\/\/www.ghostysky.com\/#organization","name":"Ghostysky","url":"https:\/\/www.ghostysky.com\/","logo":{"@type":"ImageObject","inLanguage":"es","@id":"https:\/\/www.ghostysky.com\/#\/schema\/logo\/image\/","url":"https:\/\/www.ghostysky.com\/wp-content\/uploads\/2020\/06\/cropped-ghostyskylogo_text_white2.png","contentUrl":"https:\/\/www.ghostysky.com\/wp-content\/uploads\/2020\/06\/cropped-ghostyskylogo_text_white2.png","width":169,"height":56,"caption":"Ghostysky"},"image":{"@id":"https:\/\/www.ghostysky.com\/#\/schema\/logo\/image\/"},"sameAs":["https:\/\/www.facebook.com\/people\/Ghostysky\/100057676170234\/","https:\/\/x.com\/Gh0stysky","https:\/\/www.linkedin.com\/company\/34739653","https:\/\/www.instagram.com\/gh0stysky"]}]}},"_links":{"self":[{"href":"https:\/\/www.ghostysky.com\/es\/wp-json\/wp\/v2\/product\/17464","targetHints":{"allow":["GET"]}}],"collection":[{"href":"https:\/\/www.ghostysky.com\/es\/wp-json\/wp\/v2\/product"}],"about":[{"href":"https:\/\/www.ghostysky.com\/es\/wp-json\/wp\/v2\/types\/product"}],"replies":[{"embeddable":true,"href":"https:\/\/www.ghostysky.com\/es\/wp-json\/wp\/v2\/comments?post=17464"}],"wp:featuredmedia":[{"embeddable":true,"href":"https:\/\/www.ghostysky.com\/es\/wp-json\/wp\/v2\/media\/17465"}],"wp:attachment":[{"href":"https:\/\/www.ghostysky.com\/es\/wp-json\/wp\/v2\/media?parent=17464"}],"wp:term":[{"taxonomy":"product_brand","embeddable":true,"href":"https:\/\/www.ghostysky.com\/es\/wp-json\/wp\/v2\/product_brand?post=17464"},{"taxonomy":"product_cat","embeddable":true,"href":"https:\/\/www.ghostysky.com\/es\/wp-json\/wp\/v2\/product_cat?post=17464"},{"taxonomy":"product_tag","embeddable":true,"href":"https:\/\/www.ghostysky.com\/es\/wp-json\/wp\/v2\/product_tag?post=17464"}],"curies":[{"name":"wp","href":"https:\/\/api.w.org\/{rel}","templated":true}]}}