{"id":17499,"date":"2024-03-16T11:18:54","date_gmt":"2024-03-16T11:18:54","guid":{"rendered":"https:\/\/www.ghostysky.com\/?post_type=product&#038;p=17499"},"modified":"2025-10-14T11:21:51","modified_gmt":"2025-10-14T11:21:51","slug":"evo-nano-standard-package","status":"publish","type":"product","link":"https:\/\/www.ghostysky.com\/es\/product\/evo-nano-standard-package\/","title":{"rendered":"Paquete est\u00e1ndar EVO Nano"},"content":{"rendered":"<p data-sourcepos=\"1:1-1:176\"><strong>Caracter\u00edsticas<\/strong><\/p>\n<ul data-sourcepos=\"3:1-9:0\">\n<li data-sourcepos=\"3:1-3:101\"><strong>C\u00e1mara:<\/strong>\u00a0Tiene una c\u00e1mara de 48MP con un sensor CMOS de 1\/2 pulgada que puede grabar videos 4K HDR a 30 fps.<\/li>\n<li data-sourcepos=\"4:1-4:110\"><strong>Estabilizaci\u00f3n de imagen:<\/strong>\u00a0Un card\u00e1n mec\u00e1nico de tres ejes mantiene tus v\u00eddeos fluidos, incluso en condiciones de viento.<\/li>\n<li data-sourcepos=\"5:1-5:93\"><strong>Tiempo de vuelo:<\/strong>\u00a0Puedes volar el EVO Nano por hasta 28 minutos con una sola carga de bater\u00eda.<\/li>\n<li data-sourcepos=\"6:1-6:80\"><strong>Distancia de transmisi\u00f3n:<\/strong>\u00a0Tiene un alcance de transmisi\u00f3n de hasta 10 kil\u00f3metros.<\/li>\n<li data-sourcepos=\"7:1-7:129\"><strong>Evitaci\u00f3n de obst\u00e1culos:<\/strong>\u00a0El dron tiene un sistema de evitaci\u00f3n de obst\u00e1culos hacia adelante, hacia atr\u00e1s y hacia abajo para ayudarlo a evitar colisiones.<\/li>\n<li data-sourcepos=\"8:1-9:0\"><strong>Otras caracter\u00edsticas:<\/strong>\u00a0Tambi\u00e9n tiene funciones como SkyPortrait (que puede tomar selfies autom\u00e1ticamente), Dynamic Track 2.1 (que puede rastrear personas, animales o veh\u00edculos) y MovieMaster (una aplicaci\u00f3n de edici\u00f3n de video incorporada).<\/li>\n<\/ul>\n<p data-sourcepos=\"10:1-10:203\">El paquete est\u00e1ndar probablemente incluya el dron, una bater\u00eda, un control remoto y un estuche de transporte. Sin embargo, siempre es una buena idea consultar con el minorista para confirmar exactamente qu\u00e9 incluye.<\/p>","protected":false},"excerpt":{"rendered":"<p>El paquete Autel Robotics EVO Nano Standard en naranja es un dron compacto y liviano que pesa solo 249 gramos, aproximadamente tanto como una naranja.<\/p>","protected":false},"featured_media":17504,"comment_status":"open","ping_status":"closed","template":"","meta":[],"product_brand":[],"product_cat":[761,220,29],"product_tag":[495,767,768],"class_list":{"0":"post-17499","1":"product","2":"type-product","3":"status-publish","4":"has-post-thumbnail","6":"product_cat-aerial-photography-autel","7":"product_cat-autel","8":"product_cat-drones","9":"product_tag-autel-robotics","10":"product_tag-evo-nano","11":"product_tag-standard-package-orange","13":"first","14":"onbackorder","15":"taxable","16":"shipping-taxable","17":"product-type-simple"},"yoast_head":"<!-- This site is optimized with the Yoast SEO plugin v27.4 - https:\/\/yoast.com\/product\/yoast-seo-wordpress\/ -->\n<title>EVO Nano Standard Package - Ghostysky<\/title>\n<meta name=\"description\" content=\"The Autel Robotics EVO Nano Standard Package in Orange is a compact and lightweight drone that weighs only 249 grams, about as much as an orange.\" \/>\n<meta name=\"robots\" content=\"index, follow, max-snippet:-1, max-image-preview:large, max-video-preview:-1\" \/>\n<link rel=\"canonical\" href=\"https:\/\/www.ghostysky.com\/es\/producto-2\/evo-nano-standard-package\/\" \/>\n<meta property=\"og:locale\" content=\"es_ES\" \/>\n<meta property=\"og:type\" content=\"article\" \/>\n<meta property=\"og:title\" content=\"EVO Nano Standard Package - Ghostysky\" \/>\n<meta property=\"og:description\" content=\"The Autel Robotics EVO Nano Standard Package in Orange is a compact and lightweight drone that weighs only 249 grams, about as much as an orange.\" \/>\n<meta property=\"og:url\" content=\"https:\/\/www.ghostysky.com\/es\/producto-2\/evo-nano-standard-package\/\" \/>\n<meta property=\"og:site_name\" content=\"Ghostysky\" \/>\n<meta property=\"article:publisher\" content=\"https:\/\/www.facebook.com\/people\/Ghostysky\/100057676170234\/\" \/>\n<meta property=\"article:modified_time\" content=\"2025-10-14T11:21:51+00:00\" \/>\n<meta property=\"og:image\" content=\"https:\/\/www.ghostysky.com\/wp-content\/uploads\/2024\/03\/GH_EVO-Nano-Standard-Package-Orange_1.jpg\" \/>\n\t<meta property=\"og:image:width\" content=\"450\" \/>\n\t<meta property=\"og:image:height\" content=\"330\" \/>\n\t<meta property=\"og:image:type\" content=\"image\/jpeg\" \/>\n<meta name=\"twitter:card\" content=\"summary_large_image\" \/>\n<meta name=\"twitter:site\" content=\"@Gh0stysky\" \/>\n<meta name=\"twitter:label1\" content=\"Tiempo de lectura\" \/>\n\t<meta name=\"twitter:data1\" content=\"1 minuto\" \/>\n<script type=\"application\/ld+json\" class=\"yoast-schema-graph\">{\"@context\":\"https:\\\/\\\/schema.org\",\"@graph\":[{\"@type\":\"WebPage\",\"@id\":\"https:\\\/\\\/www.ghostysky.com\\\/product\\\/evo-nano-standard-package\\\/\",\"url\":\"https:\\\/\\\/www.ghostysky.com\\\/product\\\/evo-nano-standard-package\\\/\",\"name\":\"EVO Nano Standard Package - Ghostysky\",\"isPartOf\":{\"@id\":\"https:\\\/\\\/www.ghostysky.com\\\/#website\"},\"primaryImageOfPage\":{\"@id\":\"https:\\\/\\\/www.ghostysky.com\\\/product\\\/evo-nano-standard-package\\\/#primaryimage\"},\"image\":{\"@id\":\"https:\\\/\\\/www.ghostysky.com\\\/product\\\/evo-nano-standard-package\\\/#primaryimage\"},\"thumbnailUrl\":\"https:\\\/\\\/www.ghostysky.com\\\/wp-content\\\/uploads\\\/2024\\\/03\\\/GH_EVO-Nano-Standard-Package-Orange_1.jpg\",\"datePublished\":\"2024-03-16T11:18:54+00:00\",\"dateModified\":\"2025-10-14T11:21:51+00:00\",\"description\":\"The Autel Robotics EVO Nano Standard Package in Orange is a compact and lightweight drone that weighs only 249 grams, about as much as an orange.\",\"breadcrumb\":{\"@id\":\"https:\\\/\\\/www.ghostysky.com\\\/product\\\/evo-nano-standard-package\\\/#breadcrumb\"},\"inLanguage\":\"es\",\"potentialAction\":[{\"@type\":\"ReadAction\",\"target\":[\"https:\\\/\\\/www.ghostysky.com\\\/product\\\/evo-nano-standard-package\\\/\"]}]},{\"@type\":\"ImageObject\",\"inLanguage\":\"es\",\"@id\":\"https:\\\/\\\/www.ghostysky.com\\\/product\\\/evo-nano-standard-package\\\/#primaryimage\",\"url\":\"https:\\\/\\\/www.ghostysky.com\\\/wp-content\\\/uploads\\\/2024\\\/03\\\/GH_EVO-Nano-Standard-Package-Orange_1.jpg\",\"contentUrl\":\"https:\\\/\\\/www.ghostysky.com\\\/wp-content\\\/uploads\\\/2024\\\/03\\\/GH_EVO-Nano-Standard-Package-Orange_1.jpg\",\"width\":450,\"height\":330},{\"@type\":\"BreadcrumbList\",\"@id\":\"https:\\\/\\\/www.ghostysky.com\\\/product\\\/evo-nano-standard-package\\\/#breadcrumb\",\"itemListElement\":[{\"@type\":\"ListItem\",\"position\":1,\"name\":\"Home\",\"item\":\"https:\\\/\\\/www.ghostysky.com\\\/\"},{\"@type\":\"ListItem\",\"position\":2,\"name\":\"Shop\",\"item\":\"https:\\\/\\\/www.ghostysky.com\\\/shop\\\/\"},{\"@type\":\"ListItem\",\"position\":3,\"name\":\"EVO Nano Standard Package\"}]},{\"@type\":\"WebSite\",\"@id\":\"https:\\\/\\\/www.ghostysky.com\\\/#website\",\"url\":\"https:\\\/\\\/www.ghostysky.com\\\/\",\"name\":\"Ghostysky\",\"description\":\"Delivering professional drones and services\",\"publisher\":{\"@id\":\"https:\\\/\\\/www.ghostysky.com\\\/#organization\"},\"potentialAction\":[{\"@type\":\"SearchAction\",\"target\":{\"@type\":\"EntryPoint\",\"urlTemplate\":\"https:\\\/\\\/www.ghostysky.com\\\/?s={search_term_string}\"},\"query-input\":{\"@type\":\"PropertyValueSpecification\",\"valueRequired\":true,\"valueName\":\"search_term_string\"}}],\"inLanguage\":\"es\"},{\"@type\":\"Organization\",\"@id\":\"https:\\\/\\\/www.ghostysky.com\\\/#organization\",\"name\":\"Ghostysky\",\"url\":\"https:\\\/\\\/www.ghostysky.com\\\/\",\"logo\":{\"@type\":\"ImageObject\",\"inLanguage\":\"es\",\"@id\":\"https:\\\/\\\/www.ghostysky.com\\\/#\\\/schema\\\/logo\\\/image\\\/\",\"url\":\"https:\\\/\\\/www.ghostysky.com\\\/wp-content\\\/uploads\\\/2020\\\/06\\\/cropped-ghostyskylogo_text_white2.png\",\"contentUrl\":\"https:\\\/\\\/www.ghostysky.com\\\/wp-content\\\/uploads\\\/2020\\\/06\\\/cropped-ghostyskylogo_text_white2.png\",\"width\":169,\"height\":56,\"caption\":\"Ghostysky\"},\"image\":{\"@id\":\"https:\\\/\\\/www.ghostysky.com\\\/#\\\/schema\\\/logo\\\/image\\\/\"},\"sameAs\":[\"https:\\\/\\\/www.facebook.com\\\/people\\\/Ghostysky\\\/100057676170234\\\/\",\"https:\\\/\\\/x.com\\\/Gh0stysky\",\"https:\\\/\\\/www.linkedin.com\\\/company\\\/34739653\",\"https:\\\/\\\/www.instagram.com\\\/gh0stysky\"]}]}<\/script>\n<!-- \/ Yoast SEO plugin. -->","yoast_head_json":{"title":"Paquete EVO Nano Est\u00e1ndar - Ghostysky","description":"El paquete Autel Robotics EVO Nano Standard en naranja es un dron compacto y liviano que pesa solo 249 gramos, aproximadamente tanto como una naranja.","robots":{"index":"index","follow":"follow","max-snippet":"max-snippet:-1","max-image-preview":"max-image-preview:large","max-video-preview":"max-video-preview:-1"},"canonical":"https:\/\/www.ghostysky.com\/es\/producto-2\/evo-nano-standard-package\/","og_locale":"es_ES","og_type":"article","og_title":"EVO Nano Standard Package - Ghostysky","og_description":"The Autel Robotics EVO Nano Standard Package in Orange is a compact and lightweight drone that weighs only 249 grams, about as much as an orange.","og_url":"https:\/\/www.ghostysky.com\/es\/producto-2\/evo-nano-standard-package\/","og_site_name":"Ghostysky","article_publisher":"https:\/\/www.facebook.com\/people\/Ghostysky\/100057676170234\/","article_modified_time":"2025-10-14T11:21:51+00:00","og_image":[{"width":450,"height":330,"url":"https:\/\/www.ghostysky.com\/wp-content\/uploads\/2024\/03\/GH_EVO-Nano-Standard-Package-Orange_1.jpg","type":"image\/jpeg"}],"twitter_card":"summary_large_image","twitter_site":"@Gh0stysky","twitter_misc":{"Tiempo de lectura":"1 minuto"},"schema":{"@context":"https:\/\/schema.org","@graph":[{"@type":"WebPage","@id":"https:\/\/www.ghostysky.com\/product\/evo-nano-standard-package\/","url":"https:\/\/www.ghostysky.com\/product\/evo-nano-standard-package\/","name":"Paquete EVO Nano Est\u00e1ndar - Ghostysky","isPartOf":{"@id":"https:\/\/www.ghostysky.com\/#website"},"primaryImageOfPage":{"@id":"https:\/\/www.ghostysky.com\/product\/evo-nano-standard-package\/#primaryimage"},"image":{"@id":"https:\/\/www.ghostysky.com\/product\/evo-nano-standard-package\/#primaryimage"},"thumbnailUrl":"https:\/\/www.ghostysky.com\/wp-content\/uploads\/2024\/03\/GH_EVO-Nano-Standard-Package-Orange_1.jpg","datePublished":"2024-03-16T11:18:54+00:00","dateModified":"2025-10-14T11:21:51+00:00","description":"El paquete Autel Robotics EVO Nano Standard en naranja es un dron compacto y liviano que pesa solo 249 gramos, aproximadamente tanto como una naranja.","breadcrumb":{"@id":"https:\/\/www.ghostysky.com\/product\/evo-nano-standard-package\/#breadcrumb"},"inLanguage":"es","potentialAction":[{"@type":"ReadAction","target":["https:\/\/www.ghostysky.com\/product\/evo-nano-standard-package\/"]}]},{"@type":"ImageObject","inLanguage":"es","@id":"https:\/\/www.ghostysky.com\/product\/evo-nano-standard-package\/#primaryimage","url":"https:\/\/www.ghostysky.com\/wp-content\/uploads\/2024\/03\/GH_EVO-Nano-Standard-Package-Orange_1.jpg","contentUrl":"https:\/\/www.ghostysky.com\/wp-content\/uploads\/2024\/03\/GH_EVO-Nano-Standard-Package-Orange_1.jpg","width":450,"height":330},{"@type":"BreadcrumbList","@id":"https:\/\/www.ghostysky.com\/product\/evo-nano-standard-package\/#breadcrumb","itemListElement":[{"@type":"ListItem","position":1,"name":"Home","item":"https:\/\/www.ghostysky.com\/"},{"@type":"ListItem","position":2,"name":"Shop","item":"https:\/\/www.ghostysky.com\/shop\/"},{"@type":"ListItem","position":3,"name":"EVO Nano Standard Package"}]},{"@type":"WebSite","@id":"https:\/\/www.ghostysky.com\/#website","url":"https:\/\/www.ghostysky.com\/","name":"Ghostysky","description":"Entrega de drones y servicios profesionales","publisher":{"@id":"https:\/\/www.ghostysky.com\/#organization"},"potentialAction":[{"@type":"SearchAction","target":{"@type":"EntryPoint","urlTemplate":"https:\/\/www.ghostysky.com\/?s={search_term_string}"},"query-input":{"@type":"PropertyValueSpecification","valueRequired":true,"valueName":"search_term_string"}}],"inLanguage":"es"},{"@type":"Organization","@id":"https:\/\/www.ghostysky.com\/#organization","name":"Ghostysky","url":"https:\/\/www.ghostysky.com\/","logo":{"@type":"ImageObject","inLanguage":"es","@id":"https:\/\/www.ghostysky.com\/#\/schema\/logo\/image\/","url":"https:\/\/www.ghostysky.com\/wp-content\/uploads\/2020\/06\/cropped-ghostyskylogo_text_white2.png","contentUrl":"https:\/\/www.ghostysky.com\/wp-content\/uploads\/2020\/06\/cropped-ghostyskylogo_text_white2.png","width":169,"height":56,"caption":"Ghostysky"},"image":{"@id":"https:\/\/www.ghostysky.com\/#\/schema\/logo\/image\/"},"sameAs":["https:\/\/www.facebook.com\/people\/Ghostysky\/100057676170234\/","https:\/\/x.com\/Gh0stysky","https:\/\/www.linkedin.com\/company\/34739653","https:\/\/www.instagram.com\/gh0stysky"]}]}},"_links":{"self":[{"href":"https:\/\/www.ghostysky.com\/es\/wp-json\/wp\/v2\/product\/17499","targetHints":{"allow":["GET"]}}],"collection":[{"href":"https:\/\/www.ghostysky.com\/es\/wp-json\/wp\/v2\/product"}],"about":[{"href":"https:\/\/www.ghostysky.com\/es\/wp-json\/wp\/v2\/types\/product"}],"replies":[{"embeddable":true,"href":"https:\/\/www.ghostysky.com\/es\/wp-json\/wp\/v2\/comments?post=17499"}],"wp:featuredmedia":[{"embeddable":true,"href":"https:\/\/www.ghostysky.com\/es\/wp-json\/wp\/v2\/media\/17504"}],"wp:attachment":[{"href":"https:\/\/www.ghostysky.com\/es\/wp-json\/wp\/v2\/media?parent=17499"}],"wp:term":[{"taxonomy":"product_brand","embeddable":true,"href":"https:\/\/www.ghostysky.com\/es\/wp-json\/wp\/v2\/product_brand?post=17499"},{"taxonomy":"product_cat","embeddable":true,"href":"https:\/\/www.ghostysky.com\/es\/wp-json\/wp\/v2\/product_cat?post=17499"},{"taxonomy":"product_tag","embeddable":true,"href":"https:\/\/www.ghostysky.com\/es\/wp-json\/wp\/v2\/product_tag?post=17499"}],"curies":[{"name":"wp","href":"https:\/\/api.w.org\/{rel}","templated":true}]}}