{"id":17511,"date":"2024-03-16T11:26:11","date_gmt":"2024-03-16T11:26:11","guid":{"rendered":"https:\/\/www.ghostysky.com\/?post_type=product&#038;p=17511"},"modified":"2025-10-14T11:21:04","modified_gmt":"2025-10-14T11:21:04","slug":"evo-nano-standard-package-grey","status":"publish","type":"product","link":"https:\/\/www.ghostysky.com\/es\/product\/evo-nano-standard-package-grey\/","title":{"rendered":"Paquete est\u00e1ndar EVO Nano+ \u2013 Gris"},"content":{"rendered":"<p data-sourcepos=\"1:1-1:202\"><strong>Caracter\u00edsticas<\/strong><\/p>\n<p data-sourcepos=\"3:1-3:11\"><strong>C\u00e1mara:<\/strong><\/p>\n<ul data-sourcepos=\"5:1-8:0\">\n<li data-sourcepos=\"5:1-5:68\">Sensor CMOS de 1\/1,28 pulgadas para fotos de 50MP y v\u00eddeo 4K HDR a 30 fps<\/li>\n<li data-sourcepos=\"6:1-6:84\">Conjunto de filtros de color RYYB con una gran apertura de f\/1,9 para un buen rendimiento con poca luz<\/li>\n<li data-sourcepos=\"7:1-8:0\">Sistema de enfoque autom\u00e1tico PDAF + CDAF para un enfoque r\u00e1pido y preciso<\/li>\n<\/ul>\n<p data-sourcepos=\"9:1-9:23\"><strong>Rendimiento de vuelo:<\/strong><\/p>\n<ul data-sourcepos=\"11:1-14:0\">\n<li data-sourcepos=\"11:1-11:91\">Dise\u00f1o ultracompacto y plegable que pesa s\u00f3lo 249 gramos (aproximadamente tanto como un tel\u00e9fono inteligente)<\/li>\n<li data-sourcepos=\"12:1-12:53\">Hasta 28 minutos de tiempo de vuelo con una sola bater\u00eda<\/li>\n<li data-sourcepos=\"13:1-14:0\">Sistema de transmisi\u00f3n Autel SkyLink con un alcance de hasta 6,2 millas (10 km) y capacidades antiinterferencias<\/li>\n<\/ul>\n<p data-sourcepos=\"15:1-15:25\"><strong>Funciones inteligentes:<\/strong><\/p>\n<ul data-sourcepos=\"17:1-21:0\">\n<li data-sourcepos=\"17:1-17:70\">Dynamic Track 2.1: permite que el dron siga autom\u00e1ticamente a los sujetos<\/li>\n<li data-sourcepos=\"18:1-18:78\">Cuatro modos de disparo autom\u00e1tico para crear tomas cinematogr\u00e1ficas con un solo toque<\/li>\n<li data-sourcepos=\"19:1-19:65\">SkyPortrait: toma selfies autom\u00e1ticamente con un toque cinematogr\u00e1fico<\/li>\n<li data-sourcepos=\"20:1-21:0\">MovieMaster: ofrece plantillas para editar pel\u00edculas f\u00e1cilmente en la aplicaci\u00f3n<\/li>\n<\/ul>\n<p data-sourcepos=\"22:1-22:19\"><strong>Otras caracter\u00edsticas:<\/strong><\/p>\n<ul data-sourcepos=\"24:1-26:0\">\n<li data-sourcepos=\"24:1-24:44\">Sistema para evitar obst\u00e1culos para volar m\u00e1s seguro<\/li>\n<li data-sourcepos=\"25:1-26:0\">Viene en color gris espacial profundo.<\/li>\n<\/ul>\n<p data-sourcepos=\"27:1-27:191\">En general, el paquete est\u00e1ndar Autel Robotics EVO Nano+ \u2013 Gris es una buena opci\u00f3n para aficionados y entusiastas que buscan un dron compacto y potente para fotograf\u00eda y videograf\u00eda.<\/p>","protected":false},"excerpt":{"rendered":"<p>El paquete est\u00e1ndar Autel Robotics EVO Nano+ en gris es un dron liviano y port\u00e1til con una variedad de funciones para capturar fotograf\u00edas y videos de alta calidad.<\/p>","protected":false},"featured_media":17509,"comment_status":"open","ping_status":"closed","template":"","meta":[],"product_brand":[],"product_cat":[761,220,29],"product_tag":[495,767,769,764],"class_list":{"0":"post-17511","1":"product","2":"type-product","3":"status-publish","4":"has-post-thumbnail","6":"product_cat-aerial-photography-autel","7":"product_cat-autel","8":"product_cat-drones","9":"product_tag-autel-robotics","10":"product_tag-evo-nano","11":"product_tag-grey","12":"product_tag-standard-package","14":"first","15":"outofstock","16":"taxable","17":"shipping-taxable","18":"product-type-simple"},"yoast_head":"<!-- This site is optimized with the Yoast SEO plugin v27.1.1 - https:\/\/yoast.com\/product\/yoast-seo-wordpress\/ -->\n<title>EVO Nano+ Standard Package - Grey - Ghostysky<\/title>\n<meta name=\"description\" content=\"The Autel Robotics EVO Nano+ Standard Package in Gray is a lightweight and portable drone with a variety of features for capturing high-quality photos and videos.\" \/>\n<meta name=\"robots\" content=\"index, follow, max-snippet:-1, max-image-preview:large, max-video-preview:-1\" \/>\n<link rel=\"canonical\" href=\"https:\/\/www.ghostysky.com\/es\/producto-2\/evo-nano-standard-package-grey\/\" \/>\n<meta property=\"og:locale\" content=\"es_ES\" \/>\n<meta property=\"og:type\" content=\"article\" \/>\n<meta property=\"og:title\" content=\"EVO Nano+ Standard Package - Grey - Ghostysky\" \/>\n<meta property=\"og:description\" content=\"The Autel Robotics EVO Nano+ Standard Package in Gray is a lightweight and portable drone with a variety of features for capturing high-quality photos and videos.\" \/>\n<meta property=\"og:url\" content=\"https:\/\/www.ghostysky.com\/es\/producto-2\/evo-nano-standard-package-grey\/\" \/>\n<meta property=\"og:site_name\" content=\"Ghostysky\" \/>\n<meta property=\"article:publisher\" content=\"https:\/\/www.facebook.com\/people\/Ghostysky\/100057676170234\/\" \/>\n<meta property=\"article:modified_time\" content=\"2025-10-14T11:21:04+00:00\" \/>\n<meta property=\"og:image\" content=\"https:\/\/www.ghostysky.com\/wp-content\/uploads\/2024\/03\/GH_EVO-Nano-Premium-Bundle-Grey_2.jpg\" \/>\n\t<meta property=\"og:image:width\" content=\"471\" \/>\n\t<meta property=\"og:image:height\" content=\"500\" \/>\n\t<meta property=\"og:image:type\" content=\"image\/jpeg\" \/>\n<meta name=\"twitter:card\" content=\"summary_large_image\" \/>\n<meta name=\"twitter:site\" content=\"@Gh0stysky\" \/>\n<meta name=\"twitter:label1\" content=\"Tiempo de lectura\" \/>\n\t<meta name=\"twitter:data1\" content=\"1 minuto\" \/>\n<script type=\"application\/ld+json\" class=\"yoast-schema-graph\">{\"@context\":\"https:\/\/schema.org\",\"@graph\":[{\"@type\":\"WebPage\",\"@id\":\"https:\/\/www.ghostysky.com\/product\/evo-nano-standard-package-grey\/\",\"url\":\"https:\/\/www.ghostysky.com\/product\/evo-nano-standard-package-grey\/\",\"name\":\"EVO Nano+ Standard Package - Grey - Ghostysky\",\"isPartOf\":{\"@id\":\"https:\/\/www.ghostysky.com\/#website\"},\"primaryImageOfPage\":{\"@id\":\"https:\/\/www.ghostysky.com\/product\/evo-nano-standard-package-grey\/#primaryimage\"},\"image\":{\"@id\":\"https:\/\/www.ghostysky.com\/product\/evo-nano-standard-package-grey\/#primaryimage\"},\"thumbnailUrl\":\"https:\/\/www.ghostysky.com\/wp-content\/uploads\/2024\/03\/GH_EVO-Nano-Premium-Bundle-Grey_2.jpg\",\"datePublished\":\"2024-03-16T11:26:11+00:00\",\"dateModified\":\"2025-10-14T11:21:04+00:00\",\"description\":\"The Autel Robotics EVO Nano+ Standard Package in Gray is a lightweight and portable drone with a variety of features for capturing high-quality photos and videos.\",\"breadcrumb\":{\"@id\":\"https:\/\/www.ghostysky.com\/product\/evo-nano-standard-package-grey\/#breadcrumb\"},\"inLanguage\":\"es\",\"potentialAction\":[{\"@type\":\"ReadAction\",\"target\":[\"https:\/\/www.ghostysky.com\/product\/evo-nano-standard-package-grey\/\"]}]},{\"@type\":\"ImageObject\",\"inLanguage\":\"es\",\"@id\":\"https:\/\/www.ghostysky.com\/product\/evo-nano-standard-package-grey\/#primaryimage\",\"url\":\"https:\/\/www.ghostysky.com\/wp-content\/uploads\/2024\/03\/GH_EVO-Nano-Premium-Bundle-Grey_2.jpg\",\"contentUrl\":\"https:\/\/www.ghostysky.com\/wp-content\/uploads\/2024\/03\/GH_EVO-Nano-Premium-Bundle-Grey_2.jpg\",\"width\":471,\"height\":500},{\"@type\":\"BreadcrumbList\",\"@id\":\"https:\/\/www.ghostysky.com\/product\/evo-nano-standard-package-grey\/#breadcrumb\",\"itemListElement\":[{\"@type\":\"ListItem\",\"position\":1,\"name\":\"Home\",\"item\":\"https:\/\/www.ghostysky.com\/\"},{\"@type\":\"ListItem\",\"position\":2,\"name\":\"Shop\",\"item\":\"https:\/\/www.ghostysky.com\/shop\/\"},{\"@type\":\"ListItem\",\"position\":3,\"name\":\"EVO Nano+ Standard Package &#8211; Grey\"}]},{\"@type\":\"WebSite\",\"@id\":\"https:\/\/www.ghostysky.com\/#website\",\"url\":\"https:\/\/www.ghostysky.com\/\",\"name\":\"Ghostysky\",\"description\":\"Delivering professional drones and services\",\"publisher\":{\"@id\":\"https:\/\/www.ghostysky.com\/#organization\"},\"potentialAction\":[{\"@type\":\"SearchAction\",\"target\":{\"@type\":\"EntryPoint\",\"urlTemplate\":\"https:\/\/www.ghostysky.com\/?s={search_term_string}\"},\"query-input\":{\"@type\":\"PropertyValueSpecification\",\"valueRequired\":true,\"valueName\":\"search_term_string\"}}],\"inLanguage\":\"es\"},{\"@type\":\"Organization\",\"@id\":\"https:\/\/www.ghostysky.com\/#organization\",\"name\":\"Ghostysky\",\"url\":\"https:\/\/www.ghostysky.com\/\",\"logo\":{\"@type\":\"ImageObject\",\"inLanguage\":\"es\",\"@id\":\"https:\/\/www.ghostysky.com\/#\/schema\/logo\/image\/\",\"url\":\"https:\/\/www.ghostysky.com\/wp-content\/uploads\/2020\/06\/cropped-ghostyskylogo_text_white2.png\",\"contentUrl\":\"https:\/\/www.ghostysky.com\/wp-content\/uploads\/2020\/06\/cropped-ghostyskylogo_text_white2.png\",\"width\":169,\"height\":56,\"caption\":\"Ghostysky\"},\"image\":{\"@id\":\"https:\/\/www.ghostysky.com\/#\/schema\/logo\/image\/\"},\"sameAs\":[\"https:\/\/www.facebook.com\/people\/Ghostysky\/100057676170234\/\",\"https:\/\/x.com\/Gh0stysky\",\"https:\/\/www.linkedin.com\/company\/34739653\",\"https:\/\/www.instagram.com\/gh0stysky\"]}]}<\/script>\n<!-- \/ Yoast SEO plugin. -->","yoast_head_json":{"title":"Paquete est\u00e1ndar EVO Nano+ - Gris - Ghostysky","description":"El paquete est\u00e1ndar Autel Robotics EVO Nano+ en gris es un dron liviano y port\u00e1til con una variedad de funciones para capturar fotograf\u00edas y videos de alta calidad.","robots":{"index":"index","follow":"follow","max-snippet":"max-snippet:-1","max-image-preview":"max-image-preview:large","max-video-preview":"max-video-preview:-1"},"canonical":"https:\/\/www.ghostysky.com\/es\/producto-2\/evo-nano-standard-package-grey\/","og_locale":"es_ES","og_type":"article","og_title":"EVO Nano+ Standard Package - Grey - Ghostysky","og_description":"The Autel Robotics EVO Nano+ Standard Package in Gray is a lightweight and portable drone with a variety of features for capturing high-quality photos and videos.","og_url":"https:\/\/www.ghostysky.com\/es\/producto-2\/evo-nano-standard-package-grey\/","og_site_name":"Ghostysky","article_publisher":"https:\/\/www.facebook.com\/people\/Ghostysky\/100057676170234\/","article_modified_time":"2025-10-14T11:21:04+00:00","og_image":[{"width":471,"height":500,"url":"https:\/\/www.ghostysky.com\/wp-content\/uploads\/2024\/03\/GH_EVO-Nano-Premium-Bundle-Grey_2.jpg","type":"image\/jpeg"}],"twitter_card":"summary_large_image","twitter_site":"@Gh0stysky","twitter_misc":{"Tiempo de lectura":"1 minuto"},"schema":{"@context":"https:\/\/schema.org","@graph":[{"@type":"WebPage","@id":"https:\/\/www.ghostysky.com\/product\/evo-nano-standard-package-grey\/","url":"https:\/\/www.ghostysky.com\/product\/evo-nano-standard-package-grey\/","name":"Paquete est\u00e1ndar EVO Nano+ - Gris - Ghostysky","isPartOf":{"@id":"https:\/\/www.ghostysky.com\/#website"},"primaryImageOfPage":{"@id":"https:\/\/www.ghostysky.com\/product\/evo-nano-standard-package-grey\/#primaryimage"},"image":{"@id":"https:\/\/www.ghostysky.com\/product\/evo-nano-standard-package-grey\/#primaryimage"},"thumbnailUrl":"https:\/\/www.ghostysky.com\/wp-content\/uploads\/2024\/03\/GH_EVO-Nano-Premium-Bundle-Grey_2.jpg","datePublished":"2024-03-16T11:26:11+00:00","dateModified":"2025-10-14T11:21:04+00:00","description":"El paquete est\u00e1ndar Autel Robotics EVO Nano+ en gris es un dron liviano y port\u00e1til con una variedad de funciones para capturar fotograf\u00edas y videos de alta calidad.","breadcrumb":{"@id":"https:\/\/www.ghostysky.com\/product\/evo-nano-standard-package-grey\/#breadcrumb"},"inLanguage":"es","potentialAction":[{"@type":"ReadAction","target":["https:\/\/www.ghostysky.com\/product\/evo-nano-standard-package-grey\/"]}]},{"@type":"ImageObject","inLanguage":"es","@id":"https:\/\/www.ghostysky.com\/product\/evo-nano-standard-package-grey\/#primaryimage","url":"https:\/\/www.ghostysky.com\/wp-content\/uploads\/2024\/03\/GH_EVO-Nano-Premium-Bundle-Grey_2.jpg","contentUrl":"https:\/\/www.ghostysky.com\/wp-content\/uploads\/2024\/03\/GH_EVO-Nano-Premium-Bundle-Grey_2.jpg","width":471,"height":500},{"@type":"BreadcrumbList","@id":"https:\/\/www.ghostysky.com\/product\/evo-nano-standard-package-grey\/#breadcrumb","itemListElement":[{"@type":"ListItem","position":1,"name":"Home","item":"https:\/\/www.ghostysky.com\/"},{"@type":"ListItem","position":2,"name":"Shop","item":"https:\/\/www.ghostysky.com\/shop\/"},{"@type":"ListItem","position":3,"name":"EVO Nano+ Standard Package &#8211; Grey"}]},{"@type":"WebSite","@id":"https:\/\/www.ghostysky.com\/#website","url":"https:\/\/www.ghostysky.com\/","name":"Ghostysky","description":"Entrega de drones y servicios profesionales","publisher":{"@id":"https:\/\/www.ghostysky.com\/#organization"},"potentialAction":[{"@type":"SearchAction","target":{"@type":"EntryPoint","urlTemplate":"https:\/\/www.ghostysky.com\/?s={search_term_string}"},"query-input":{"@type":"PropertyValueSpecification","valueRequired":true,"valueName":"search_term_string"}}],"inLanguage":"es"},{"@type":"Organization","@id":"https:\/\/www.ghostysky.com\/#organization","name":"Ghostysky","url":"https:\/\/www.ghostysky.com\/","logo":{"@type":"ImageObject","inLanguage":"es","@id":"https:\/\/www.ghostysky.com\/#\/schema\/logo\/image\/","url":"https:\/\/www.ghostysky.com\/wp-content\/uploads\/2020\/06\/cropped-ghostyskylogo_text_white2.png","contentUrl":"https:\/\/www.ghostysky.com\/wp-content\/uploads\/2020\/06\/cropped-ghostyskylogo_text_white2.png","width":169,"height":56,"caption":"Ghostysky"},"image":{"@id":"https:\/\/www.ghostysky.com\/#\/schema\/logo\/image\/"},"sameAs":["https:\/\/www.facebook.com\/people\/Ghostysky\/100057676170234\/","https:\/\/x.com\/Gh0stysky","https:\/\/www.linkedin.com\/company\/34739653","https:\/\/www.instagram.com\/gh0stysky"]}]}},"_links":{"self":[{"href":"https:\/\/www.ghostysky.com\/es\/wp-json\/wp\/v2\/product\/17511","targetHints":{"allow":["GET"]}}],"collection":[{"href":"https:\/\/www.ghostysky.com\/es\/wp-json\/wp\/v2\/product"}],"about":[{"href":"https:\/\/www.ghostysky.com\/es\/wp-json\/wp\/v2\/types\/product"}],"replies":[{"embeddable":true,"href":"https:\/\/www.ghostysky.com\/es\/wp-json\/wp\/v2\/comments?post=17511"}],"wp:featuredmedia":[{"embeddable":true,"href":"https:\/\/www.ghostysky.com\/es\/wp-json\/wp\/v2\/media\/17509"}],"wp:attachment":[{"href":"https:\/\/www.ghostysky.com\/es\/wp-json\/wp\/v2\/media?parent=17511"}],"wp:term":[{"taxonomy":"product_brand","embeddable":true,"href":"https:\/\/www.ghostysky.com\/es\/wp-json\/wp\/v2\/product_brand?post=17511"},{"taxonomy":"product_cat","embeddable":true,"href":"https:\/\/www.ghostysky.com\/es\/wp-json\/wp\/v2\/product_cat?post=17511"},{"taxonomy":"product_tag","embeddable":true,"href":"https:\/\/www.ghostysky.com\/es\/wp-json\/wp\/v2\/product_tag?post=17511"}],"curies":[{"name":"wp","href":"https:\/\/api.w.org\/{rel}","templated":true}]}}