{"id":17517,"date":"2024-03-16T11:41:29","date_gmt":"2024-03-16T11:41:29","guid":{"rendered":"https:\/\/www.ghostysky.com\/?post_type=product&#038;p=17517"},"modified":"2024-03-16T11:41:54","modified_gmt":"2024-03-16T11:41:54","slug":"dragonfish","status":"publish","type":"product","link":"https:\/\/www.ghostysky.com\/es\/product\/dragonfish\/","title":{"rendered":"Autel Robotics DragonFish"},"content":{"rendered":"<p data-sourcepos=\"1:1-1:149\"><strong>Caracter\u00edsticas<\/strong><\/p>\n<ul data-sourcepos=\"3:1-9:0\">\n<li data-sourcepos=\"3:1-3:118\"><strong>Largo tiempo de vuelo:<\/strong>\u00a0Hasta 180 minutos con carga \u00fatil, lo que supone una ventaja significativa sobre muchos drones de la competencia.<\/li>\n<li data-sourcepos=\"4:1-4:68\"><strong>Montaje r\u00e1pido:<\/strong>\u00a0Se puede montar para volar en s\u00f3lo 3 minutos.<\/li>\n<li data-sourcepos=\"5:1-5:136\"><strong>Opciones de carga \u00fatil modular:<\/strong>\u00a0Permite la personalizaci\u00f3n para diferentes tareas, como b\u00fasqueda y rescate, extinci\u00f3n de incendios o inspecciones.<\/li>\n<li data-sourcepos=\"6:1-6:136\"><strong>Seguimiento de IA:<\/strong>\u00a0Puede rastrear sujetos autom\u00e1ticamente, lo que puede resultar \u00fatil para tareas como seguir un autom\u00f3vil en movimiento o monitorear la vida silvestre.<\/li>\n<li data-sourcepos=\"7:1-7:153\"><strong>F\u00e1cil de usar:<\/strong>\u00a0Autel enfatiza el dise\u00f1o f\u00e1cil de usar del Dragonfish, lo que significa que puede requerir menos capacitaci\u00f3n para operar que otros drones.<\/li>\n<li data-sourcepos=\"8:1-9:0\"><strong>Durabilidad:<\/strong>\u00a0El Dragonfish es resistente al agua y est\u00e1 dise\u00f1ado para un funcionamiento fiable en condiciones dif\u00edciles.<\/li>\n<\/ul>\n<p data-sourcepos=\"10:1-10:33\">Aqu\u00ed hay algunos detalles adicionales:<\/p>\n<ul data-sourcepos=\"12:1-15:0\">\n<li data-sourcepos=\"12:1-12:161\">El Dragonfish tiene un dise\u00f1o de rotor basculante, que le permite despegar y aterrizar verticalmente como un helic\u00f3ptero, pero tambi\u00e9n volar eficientemente como un avi\u00f3n de ala fija.<\/li>\n<li data-sourcepos=\"13:1-13:116\">Tiene una velocidad m\u00e1xima de 108 kil\u00f3metros por hora (67 mph) y un alcance de transmisi\u00f3n de 18,6 millas (30 kil\u00f3metros).<\/li>\n<li data-sourcepos=\"14:1-15:0\">El Dragonfish es relativamente silencioso en comparaci\u00f3n con otros drones.<\/li>\n<\/ul>\n<p data-sourcepos=\"16:1-16:153\">En general, Autel Robotics Dragonfish parece ser un dron vers\u00e1til y potente que podr\u00eda ser una buena opci\u00f3n para una variedad de aplicaciones comerciales.<\/p>","protected":false},"excerpt":{"rendered":"<p>El Autel Robotics Dragonfish es un dron de despegue y aterrizaje vertical (VTOL) dise\u00f1ado para aplicaciones comerciales.<\/p>","protected":false},"featured_media":17522,"comment_status":"open","ping_status":"closed","template":"","meta":[],"product_brand":[],"product_cat":[220,29,294],"product_tag":[495,770,41],"class_list":{"0":"post-17517","1":"product","2":"type-product","3":"status-publish","4":"has-post-thumbnail","6":"product_cat-autel","7":"product_cat-drones","8":"product_cat-drone-autel","9":"product_tag-autel-robotics","10":"product_tag-dragonfish","11":"product_tag-vtol","13":"first","14":"onbackorder","15":"taxable","16":"shipping-taxable","17":"product-type-simple"},"yoast_head":"<!-- This site is optimized with the Yoast SEO plugin v27.1.1 - https:\/\/yoast.com\/product\/yoast-seo-wordpress\/ -->\n<title>Autel Robotics DragonFish - Ghostysky<\/title>\n<meta name=\"description\" content=\"The Autel Robotics Dragonfish is a vertical takeoff and landing (VTOL) drone designed for commercial applications.\" \/>\n<meta name=\"robots\" content=\"index, follow, max-snippet:-1, max-image-preview:large, max-video-preview:-1\" \/>\n<link rel=\"canonical\" href=\"https:\/\/www.ghostysky.com\/es\/producto-2\/dragonfish\/\" \/>\n<meta property=\"og:locale\" content=\"es_ES\" \/>\n<meta property=\"og:type\" content=\"article\" \/>\n<meta property=\"og:title\" content=\"Autel Robotics DragonFish - Ghostysky\" \/>\n<meta property=\"og:description\" content=\"The Autel Robotics Dragonfish is a vertical takeoff and landing (VTOL) drone designed for commercial applications.\" \/>\n<meta property=\"og:url\" content=\"https:\/\/www.ghostysky.com\/es\/producto-2\/dragonfish\/\" \/>\n<meta property=\"og:site_name\" content=\"Ghostysky\" \/>\n<meta property=\"article:publisher\" content=\"https:\/\/www.facebook.com\/people\/Ghostysky\/100057676170234\/\" \/>\n<meta property=\"article:modified_time\" content=\"2024-03-16T11:41:54+00:00\" \/>\n<meta property=\"og:image\" content=\"https:\/\/www.ghostysky.com\/wp-content\/uploads\/2024\/03\/GH_AutelRobotics_Dragonfish_1.jpg\" \/>\n\t<meta property=\"og:image:width\" content=\"500\" \/>\n\t<meta property=\"og:image:height\" content=\"353\" \/>\n\t<meta property=\"og:image:type\" content=\"image\/jpeg\" \/>\n<meta name=\"twitter:card\" content=\"summary_large_image\" \/>\n<meta name=\"twitter:site\" content=\"@Gh0stysky\" \/>\n<meta name=\"twitter:label1\" content=\"Tiempo de lectura\" \/>\n\t<meta name=\"twitter:data1\" content=\"1 minuto\" \/>\n<script type=\"application\/ld+json\" class=\"yoast-schema-graph\">{\"@context\":\"https:\/\/schema.org\",\"@graph\":[{\"@type\":\"WebPage\",\"@id\":\"https:\/\/www.ghostysky.com\/product\/dragonfish\/\",\"url\":\"https:\/\/www.ghostysky.com\/product\/dragonfish\/\",\"name\":\"Autel Robotics DragonFish - Ghostysky\",\"isPartOf\":{\"@id\":\"https:\/\/www.ghostysky.com\/#website\"},\"primaryImageOfPage\":{\"@id\":\"https:\/\/www.ghostysky.com\/product\/dragonfish\/#primaryimage\"},\"image\":{\"@id\":\"https:\/\/www.ghostysky.com\/product\/dragonfish\/#primaryimage\"},\"thumbnailUrl\":\"https:\/\/www.ghostysky.com\/wp-content\/uploads\/2024\/03\/GH_AutelRobotics_Dragonfish_1.jpg\",\"datePublished\":\"2024-03-16T11:41:29+00:00\",\"dateModified\":\"2024-03-16T11:41:54+00:00\",\"description\":\"The Autel Robotics Dragonfish is a vertical takeoff and landing (VTOL) drone designed for commercial applications.\",\"breadcrumb\":{\"@id\":\"https:\/\/www.ghostysky.com\/product\/dragonfish\/#breadcrumb\"},\"inLanguage\":\"es\",\"potentialAction\":[{\"@type\":\"ReadAction\",\"target\":[\"https:\/\/www.ghostysky.com\/product\/dragonfish\/\"]}]},{\"@type\":\"ImageObject\",\"inLanguage\":\"es\",\"@id\":\"https:\/\/www.ghostysky.com\/product\/dragonfish\/#primaryimage\",\"url\":\"https:\/\/www.ghostysky.com\/wp-content\/uploads\/2024\/03\/GH_AutelRobotics_Dragonfish_1.jpg\",\"contentUrl\":\"https:\/\/www.ghostysky.com\/wp-content\/uploads\/2024\/03\/GH_AutelRobotics_Dragonfish_1.jpg\",\"width\":500,\"height\":353},{\"@type\":\"BreadcrumbList\",\"@id\":\"https:\/\/www.ghostysky.com\/product\/dragonfish\/#breadcrumb\",\"itemListElement\":[{\"@type\":\"ListItem\",\"position\":1,\"name\":\"Home\",\"item\":\"https:\/\/www.ghostysky.com\/\"},{\"@type\":\"ListItem\",\"position\":2,\"name\":\"Shop\",\"item\":\"https:\/\/www.ghostysky.com\/shop\/\"},{\"@type\":\"ListItem\",\"position\":3,\"name\":\"Autel Robotics DragonFish\"}]},{\"@type\":\"WebSite\",\"@id\":\"https:\/\/www.ghostysky.com\/#website\",\"url\":\"https:\/\/www.ghostysky.com\/\",\"name\":\"Ghostysky\",\"description\":\"Delivering professional drones and services\",\"publisher\":{\"@id\":\"https:\/\/www.ghostysky.com\/#organization\"},\"potentialAction\":[{\"@type\":\"SearchAction\",\"target\":{\"@type\":\"EntryPoint\",\"urlTemplate\":\"https:\/\/www.ghostysky.com\/?s={search_term_string}\"},\"query-input\":{\"@type\":\"PropertyValueSpecification\",\"valueRequired\":true,\"valueName\":\"search_term_string\"}}],\"inLanguage\":\"es\"},{\"@type\":\"Organization\",\"@id\":\"https:\/\/www.ghostysky.com\/#organization\",\"name\":\"Ghostysky\",\"url\":\"https:\/\/www.ghostysky.com\/\",\"logo\":{\"@type\":\"ImageObject\",\"inLanguage\":\"es\",\"@id\":\"https:\/\/www.ghostysky.com\/#\/schema\/logo\/image\/\",\"url\":\"https:\/\/www.ghostysky.com\/wp-content\/uploads\/2020\/06\/cropped-ghostyskylogo_text_white2.png\",\"contentUrl\":\"https:\/\/www.ghostysky.com\/wp-content\/uploads\/2020\/06\/cropped-ghostyskylogo_text_white2.png\",\"width\":169,\"height\":56,\"caption\":\"Ghostysky\"},\"image\":{\"@id\":\"https:\/\/www.ghostysky.com\/#\/schema\/logo\/image\/\"},\"sameAs\":[\"https:\/\/www.facebook.com\/people\/Ghostysky\/100057676170234\/\",\"https:\/\/x.com\/Gh0stysky\",\"https:\/\/www.linkedin.com\/company\/34739653\",\"https:\/\/www.instagram.com\/gh0stysky\"]}]}<\/script>\n<!-- \/ Yoast SEO plugin. -->","yoast_head_json":{"title":"Autel Robotics DragonFish - Ghostysky","description":"El Autel Robotics Dragonfish es un dron de despegue y aterrizaje vertical (VTOL) dise\u00f1ado para aplicaciones comerciales.","robots":{"index":"index","follow":"follow","max-snippet":"max-snippet:-1","max-image-preview":"max-image-preview:large","max-video-preview":"max-video-preview:-1"},"canonical":"https:\/\/www.ghostysky.com\/es\/producto-2\/dragonfish\/","og_locale":"es_ES","og_type":"article","og_title":"Autel Robotics DragonFish - Ghostysky","og_description":"The Autel Robotics Dragonfish is a vertical takeoff and landing (VTOL) drone designed for commercial applications.","og_url":"https:\/\/www.ghostysky.com\/es\/producto-2\/dragonfish\/","og_site_name":"Ghostysky","article_publisher":"https:\/\/www.facebook.com\/people\/Ghostysky\/100057676170234\/","article_modified_time":"2024-03-16T11:41:54+00:00","og_image":[{"width":500,"height":353,"url":"https:\/\/www.ghostysky.com\/wp-content\/uploads\/2024\/03\/GH_AutelRobotics_Dragonfish_1.jpg","type":"image\/jpeg"}],"twitter_card":"summary_large_image","twitter_site":"@Gh0stysky","twitter_misc":{"Tiempo de lectura":"1 minuto"},"schema":{"@context":"https:\/\/schema.org","@graph":[{"@type":"WebPage","@id":"https:\/\/www.ghostysky.com\/product\/dragonfish\/","url":"https:\/\/www.ghostysky.com\/product\/dragonfish\/","name":"Autel Robotics DragonFish - Ghostysky","isPartOf":{"@id":"https:\/\/www.ghostysky.com\/#website"},"primaryImageOfPage":{"@id":"https:\/\/www.ghostysky.com\/product\/dragonfish\/#primaryimage"},"image":{"@id":"https:\/\/www.ghostysky.com\/product\/dragonfish\/#primaryimage"},"thumbnailUrl":"https:\/\/www.ghostysky.com\/wp-content\/uploads\/2024\/03\/GH_AutelRobotics_Dragonfish_1.jpg","datePublished":"2024-03-16T11:41:29+00:00","dateModified":"2024-03-16T11:41:54+00:00","description":"El Autel Robotics Dragonfish es un dron de despegue y aterrizaje vertical (VTOL) dise\u00f1ado para aplicaciones comerciales.","breadcrumb":{"@id":"https:\/\/www.ghostysky.com\/product\/dragonfish\/#breadcrumb"},"inLanguage":"es","potentialAction":[{"@type":"ReadAction","target":["https:\/\/www.ghostysky.com\/product\/dragonfish\/"]}]},{"@type":"ImageObject","inLanguage":"es","@id":"https:\/\/www.ghostysky.com\/product\/dragonfish\/#primaryimage","url":"https:\/\/www.ghostysky.com\/wp-content\/uploads\/2024\/03\/GH_AutelRobotics_Dragonfish_1.jpg","contentUrl":"https:\/\/www.ghostysky.com\/wp-content\/uploads\/2024\/03\/GH_AutelRobotics_Dragonfish_1.jpg","width":500,"height":353},{"@type":"BreadcrumbList","@id":"https:\/\/www.ghostysky.com\/product\/dragonfish\/#breadcrumb","itemListElement":[{"@type":"ListItem","position":1,"name":"Home","item":"https:\/\/www.ghostysky.com\/"},{"@type":"ListItem","position":2,"name":"Shop","item":"https:\/\/www.ghostysky.com\/shop\/"},{"@type":"ListItem","position":3,"name":"Autel Robotics DragonFish"}]},{"@type":"WebSite","@id":"https:\/\/www.ghostysky.com\/#website","url":"https:\/\/www.ghostysky.com\/","name":"Ghostysky","description":"Entrega de drones y servicios profesionales","publisher":{"@id":"https:\/\/www.ghostysky.com\/#organization"},"potentialAction":[{"@type":"SearchAction","target":{"@type":"EntryPoint","urlTemplate":"https:\/\/www.ghostysky.com\/?s={search_term_string}"},"query-input":{"@type":"PropertyValueSpecification","valueRequired":true,"valueName":"search_term_string"}}],"inLanguage":"es"},{"@type":"Organization","@id":"https:\/\/www.ghostysky.com\/#organization","name":"Ghostysky","url":"https:\/\/www.ghostysky.com\/","logo":{"@type":"ImageObject","inLanguage":"es","@id":"https:\/\/www.ghostysky.com\/#\/schema\/logo\/image\/","url":"https:\/\/www.ghostysky.com\/wp-content\/uploads\/2020\/06\/cropped-ghostyskylogo_text_white2.png","contentUrl":"https:\/\/www.ghostysky.com\/wp-content\/uploads\/2020\/06\/cropped-ghostyskylogo_text_white2.png","width":169,"height":56,"caption":"Ghostysky"},"image":{"@id":"https:\/\/www.ghostysky.com\/#\/schema\/logo\/image\/"},"sameAs":["https:\/\/www.facebook.com\/people\/Ghostysky\/100057676170234\/","https:\/\/x.com\/Gh0stysky","https:\/\/www.linkedin.com\/company\/34739653","https:\/\/www.instagram.com\/gh0stysky"]}]}},"_links":{"self":[{"href":"https:\/\/www.ghostysky.com\/es\/wp-json\/wp\/v2\/product\/17517","targetHints":{"allow":["GET"]}}],"collection":[{"href":"https:\/\/www.ghostysky.com\/es\/wp-json\/wp\/v2\/product"}],"about":[{"href":"https:\/\/www.ghostysky.com\/es\/wp-json\/wp\/v2\/types\/product"}],"replies":[{"embeddable":true,"href":"https:\/\/www.ghostysky.com\/es\/wp-json\/wp\/v2\/comments?post=17517"}],"wp:featuredmedia":[{"embeddable":true,"href":"https:\/\/www.ghostysky.com\/es\/wp-json\/wp\/v2\/media\/17522"}],"wp:attachment":[{"href":"https:\/\/www.ghostysky.com\/es\/wp-json\/wp\/v2\/media?parent=17517"}],"wp:term":[{"taxonomy":"product_brand","embeddable":true,"href":"https:\/\/www.ghostysky.com\/es\/wp-json\/wp\/v2\/product_brand?post=17517"},{"taxonomy":"product_cat","embeddable":true,"href":"https:\/\/www.ghostysky.com\/es\/wp-json\/wp\/v2\/product_cat?post=17517"},{"taxonomy":"product_tag","embeddable":true,"href":"https:\/\/www.ghostysky.com\/es\/wp-json\/wp\/v2\/product_tag?post=17517"}],"curies":[{"name":"wp","href":"https:\/\/api.w.org\/{rel}","templated":true}]}}