{"id":17537,"date":"2024-03-16T12:19:42","date_gmt":"2024-03-16T12:19:42","guid":{"rendered":"https:\/\/www.ghostysky.com\/?post_type=product&#038;p=17537"},"modified":"2024-11-07T08:29:26","modified_gmt":"2024-11-07T08:29:26","slug":"evo-nest","status":"publish","type":"product","link":"https:\/\/www.ghostysky.com\/es\/product\/evo-nest\/","title":{"rendered":"EVO NEST"},"content":{"rendered":"<p data-sourcepos=\"3:1-3:58\">Estas son algunas de las caracter\u00edsticas clave de Autel Robotics EVO NEST:<\/p>\n<ul data-sourcepos=\"5:1-10:0\">\n<li data-sourcepos=\"5:1-5:123\"><strong>Operaci\u00f3n autom\u00e1tica:<\/strong>\u00a0Permite que los drones aterricen, recarguen y despeguen para m\u00faltiples misiones sin intervenci\u00f3n humana.<\/li>\n<li data-sourcepos=\"6:1-6:161\"><strong>Apto para todo tipo de clima:<\/strong>\u00a0Construido para soportar duras condiciones exteriores con un exterior resistente al polvo y al agua (clasificaci\u00f3n IP54) y un aire acondicionado integrado.<\/li>\n<li data-sourcepos=\"7:1-7:73\"><strong>Carga r\u00e1pida:<\/strong>\u00a0Carga completamente la bater\u00eda de un dron en unos 45 minutos.<\/li>\n<li data-sourcepos=\"8:1-8:91\"><strong>Seguro y confiable:<\/strong>\u00a0Incluye protecci\u00f3n contra sobrecorriente para un funcionamiento estable y confiable.<\/li>\n<li data-sourcepos=\"9:1-10:0\"><strong>Monitoreo remoto:<\/strong>\u00a0Proporciona una pantalla de estado para cada componente del sistema, lo que permite el diagn\u00f3stico remoto de problemas.<\/li>\n<\/ul>\n<p data-sourcepos=\"11:1-11:170\">En general, Autel Robotics EVO NEST es una herramienta \u00fatil para aplicaciones donde se necesitan misiones de drones aut\u00f3nomos, como patrullas de seguridad, inspecciones y topograf\u00eda.<\/p>\n<div class=\"rectue-top flexsb\"><strong>Especificaciones t\u00e9cnicas<\/strong><\/div>\n<div class=\"rectue-min\">\n<table>\n<tbody>\n<tr class=\"firstRow\">\n<td>Tama\u00f1o<\/td>\n<td>36,77*25,24*30,51 pulgadas (escotilla cerrada)<br \/>\n36,77*25,24*21,57 pulgadas (escotilla abierta)<\/td>\n<\/tr>\n<tr>\n<td colspan=\"1\" rowspan=\"1\">Peso<\/td>\n<td colspan=\"1\" rowspan=\"1\">132 libras<\/td>\n<\/tr>\n<tr>\n<td>Nivel de protecci\u00f3n<\/td>\n<td>IP55<\/td>\n<\/tr>\n<tr>\n<td>Temperatura de funcionamiento<\/td>\n<td>-22\u00b0F~131\u00b0F<\/td>\n<\/tr>\n<tr>\n<td>Humedad de funcionamiento<\/td>\n<td>95\u00b13%(68\u00b0F~86\u00b0F)<\/td>\n<\/tr>\n<tr>\n<td>Altitud operativa m\u00e1xima<\/td>\n<td>6000m<\/td>\n<\/tr>\n<tr>\n<td>Resistencia a la eclosi\u00f3n<\/td>\n<td>\u226550000 veces<\/td>\n<\/tr>\n<tr>\n<td>M\u00e1ximo poder<\/td>\n<td>1,2 kilovatios<\/td>\n<\/tr>\n<tr>\n<td>Energ\u00eda de reserva<\/td>\n<td>10W<\/td>\n<\/tr>\n<tr>\n<td>Tensi\u00f3n de funcionamiento<\/td>\n<td>CA 110 V\/220 V.<\/td>\n<\/tr>\n<tr>\n<td>Corriente de carga m\u00e1xima<\/td>\n<td>16A<\/td>\n<\/tr>\n<tr>\n<td>Duraci\u00f3n de la carga del dron<\/td>\n<td>10% ~ 90% 25min<\/td>\n<\/tr>\n<tr>\n<td>Modelo<\/td>\n<td>Serie EVO Max<\/td>\n<\/tr>\n<\/tbody>\n<\/table>\n<\/div>","protected":false},"excerpt":{"rendered":"<p>Autel Robotics EVO NEST es una estaci\u00f3n de carga autom\u00e1tica para drones dise\u00f1ada para drones industriales. Permite que estos drones aterricen, se recarguen y vuelvan a despegar para misiones consecutivas, todo ello sin necesidad de intervenci\u00f3n humana.<\/p>","protected":false},"featured_media":17542,"comment_status":"open","ping_status":"closed","template":"","meta":[],"product_brand":[],"product_cat":[220,29,771],"product_tag":[495,772],"class_list":{"0":"post-17537","1":"product","2":"type-product","3":"status-publish","4":"has-post-thumbnail","6":"product_cat-autel","7":"product_cat-drones","8":"product_cat-nest","9":"product_tag-autel-robotics","10":"product_tag-evo-nest","12":"first","13":"onbackorder","14":"taxable","15":"shipping-taxable","16":"product-type-simple"},"yoast_head":"<!-- This site is optimized with the Yoast SEO plugin v27.4 - https:\/\/yoast.com\/product\/yoast-seo-wordpress\/ -->\n<title>Evo Nest - Ghostysky<\/title>\n<meta name=\"description\" content=\"Autel Robotics EVO NEST is an automatic drone charging station designed for industrial drones. It allows these drones to land, recharge, and take off again for consecutive missions, all without needing any human intervention.\" \/>\n<meta name=\"robots\" content=\"index, follow, max-snippet:-1, max-image-preview:large, max-video-preview:-1\" \/>\n<link rel=\"canonical\" href=\"https:\/\/www.ghostysky.com\/es\/producto-2\/evo-nest\/\" \/>\n<meta property=\"og:locale\" content=\"es_ES\" \/>\n<meta property=\"og:type\" content=\"article\" \/>\n<meta property=\"og:title\" content=\"Evo Nest - Ghostysky\" \/>\n<meta property=\"og:description\" content=\"Autel Robotics EVO NEST is an automatic drone charging station designed for industrial drones. It allows these drones to land, recharge, and take off again for consecutive missions, all without needing any human intervention.\" \/>\n<meta property=\"og:url\" content=\"https:\/\/www.ghostysky.com\/es\/producto-2\/evo-nest\/\" \/>\n<meta property=\"og:site_name\" content=\"Ghostysky\" \/>\n<meta property=\"article:publisher\" content=\"https:\/\/www.facebook.com\/people\/Ghostysky\/100057676170234\/\" \/>\n<meta property=\"article:modified_time\" content=\"2024-11-07T08:29:26+00:00\" \/>\n<meta property=\"og:image\" content=\"https:\/\/www.ghostysky.com\/wp-content\/uploads\/2024\/03\/GH_AutelEvoNest_1.jpg\" \/>\n\t<meta property=\"og:image:width\" content=\"500\" \/>\n\t<meta property=\"og:image:height\" content=\"500\" \/>\n\t<meta property=\"og:image:type\" content=\"image\/jpeg\" \/>\n<meta name=\"twitter:card\" content=\"summary_large_image\" \/>\n<meta name=\"twitter:site\" content=\"@Gh0stysky\" \/>\n<meta name=\"twitter:label1\" content=\"Tiempo de lectura\" \/>\n\t<meta name=\"twitter:data1\" content=\"1 minuto\" \/>\n<script type=\"application\/ld+json\" class=\"yoast-schema-graph\">{\"@context\":\"https:\\\/\\\/schema.org\",\"@graph\":[{\"@type\":\"WebPage\",\"@id\":\"https:\\\/\\\/www.ghostysky.com\\\/product\\\/evo-nest\\\/\",\"url\":\"https:\\\/\\\/www.ghostysky.com\\\/product\\\/evo-nest\\\/\",\"name\":\"Evo Nest - Ghostysky\",\"isPartOf\":{\"@id\":\"https:\\\/\\\/www.ghostysky.com\\\/#website\"},\"primaryImageOfPage\":{\"@id\":\"https:\\\/\\\/www.ghostysky.com\\\/product\\\/evo-nest\\\/#primaryimage\"},\"image\":{\"@id\":\"https:\\\/\\\/www.ghostysky.com\\\/product\\\/evo-nest\\\/#primaryimage\"},\"thumbnailUrl\":\"https:\\\/\\\/www.ghostysky.com\\\/wp-content\\\/uploads\\\/2024\\\/03\\\/GH_AutelEvoNest_1.jpg\",\"datePublished\":\"2024-03-16T12:19:42+00:00\",\"dateModified\":\"2024-11-07T08:29:26+00:00\",\"description\":\"Autel Robotics EVO NEST is an automatic drone charging station designed for industrial drones. It allows these drones to land, recharge, and take off again for consecutive missions, all without needing any human intervention.\",\"breadcrumb\":{\"@id\":\"https:\\\/\\\/www.ghostysky.com\\\/product\\\/evo-nest\\\/#breadcrumb\"},\"inLanguage\":\"es\",\"potentialAction\":[{\"@type\":\"ReadAction\",\"target\":[\"https:\\\/\\\/www.ghostysky.com\\\/product\\\/evo-nest\\\/\"]}]},{\"@type\":\"ImageObject\",\"inLanguage\":\"es\",\"@id\":\"https:\\\/\\\/www.ghostysky.com\\\/product\\\/evo-nest\\\/#primaryimage\",\"url\":\"https:\\\/\\\/www.ghostysky.com\\\/wp-content\\\/uploads\\\/2024\\\/03\\\/GH_AutelEvoNest_1.jpg\",\"contentUrl\":\"https:\\\/\\\/www.ghostysky.com\\\/wp-content\\\/uploads\\\/2024\\\/03\\\/GH_AutelEvoNest_1.jpg\",\"width\":500,\"height\":500},{\"@type\":\"BreadcrumbList\",\"@id\":\"https:\\\/\\\/www.ghostysky.com\\\/product\\\/evo-nest\\\/#breadcrumb\",\"itemListElement\":[{\"@type\":\"ListItem\",\"position\":1,\"name\":\"Home\",\"item\":\"https:\\\/\\\/www.ghostysky.com\\\/\"},{\"@type\":\"ListItem\",\"position\":2,\"name\":\"Shop\",\"item\":\"https:\\\/\\\/www.ghostysky.com\\\/shop\\\/\"},{\"@type\":\"ListItem\",\"position\":3,\"name\":\"Evo Nest\"}]},{\"@type\":\"WebSite\",\"@id\":\"https:\\\/\\\/www.ghostysky.com\\\/#website\",\"url\":\"https:\\\/\\\/www.ghostysky.com\\\/\",\"name\":\"Ghostysky\",\"description\":\"Delivering professional drones and services\",\"publisher\":{\"@id\":\"https:\\\/\\\/www.ghostysky.com\\\/#organization\"},\"potentialAction\":[{\"@type\":\"SearchAction\",\"target\":{\"@type\":\"EntryPoint\",\"urlTemplate\":\"https:\\\/\\\/www.ghostysky.com\\\/?s={search_term_string}\"},\"query-input\":{\"@type\":\"PropertyValueSpecification\",\"valueRequired\":true,\"valueName\":\"search_term_string\"}}],\"inLanguage\":\"es\"},{\"@type\":\"Organization\",\"@id\":\"https:\\\/\\\/www.ghostysky.com\\\/#organization\",\"name\":\"Ghostysky\",\"url\":\"https:\\\/\\\/www.ghostysky.com\\\/\",\"logo\":{\"@type\":\"ImageObject\",\"inLanguage\":\"es\",\"@id\":\"https:\\\/\\\/www.ghostysky.com\\\/#\\\/schema\\\/logo\\\/image\\\/\",\"url\":\"https:\\\/\\\/www.ghostysky.com\\\/wp-content\\\/uploads\\\/2020\\\/06\\\/cropped-ghostyskylogo_text_white2.png\",\"contentUrl\":\"https:\\\/\\\/www.ghostysky.com\\\/wp-content\\\/uploads\\\/2020\\\/06\\\/cropped-ghostyskylogo_text_white2.png\",\"width\":169,\"height\":56,\"caption\":\"Ghostysky\"},\"image\":{\"@id\":\"https:\\\/\\\/www.ghostysky.com\\\/#\\\/schema\\\/logo\\\/image\\\/\"},\"sameAs\":[\"https:\\\/\\\/www.facebook.com\\\/people\\\/Ghostysky\\\/100057676170234\\\/\",\"https:\\\/\\\/x.com\\\/Gh0stysky\",\"https:\\\/\\\/www.linkedin.com\\\/company\\\/34739653\",\"https:\\\/\\\/www.instagram.com\\\/gh0stysky\"]}]}<\/script>\n<!-- \/ Yoast SEO plugin. -->","yoast_head_json":{"title":"Nido Evo - Ghostysky","description":"Autel Robotics EVO NEST es una estaci\u00f3n de carga autom\u00e1tica para drones dise\u00f1ada para drones industriales. Permite que estos drones aterricen, se recarguen y vuelvan a despegar para misiones consecutivas, todo ello sin necesidad de intervenci\u00f3n humana.","robots":{"index":"index","follow":"follow","max-snippet":"max-snippet:-1","max-image-preview":"max-image-preview:large","max-video-preview":"max-video-preview:-1"},"canonical":"https:\/\/www.ghostysky.com\/es\/producto-2\/evo-nest\/","og_locale":"es_ES","og_type":"article","og_title":"Evo Nest - Ghostysky","og_description":"Autel Robotics EVO NEST is an automatic drone charging station designed for industrial drones. It allows these drones to land, recharge, and take off again for consecutive missions, all without needing any human intervention.","og_url":"https:\/\/www.ghostysky.com\/es\/producto-2\/evo-nest\/","og_site_name":"Ghostysky","article_publisher":"https:\/\/www.facebook.com\/people\/Ghostysky\/100057676170234\/","article_modified_time":"2024-11-07T08:29:26+00:00","og_image":[{"width":500,"height":500,"url":"https:\/\/www.ghostysky.com\/wp-content\/uploads\/2024\/03\/GH_AutelEvoNest_1.jpg","type":"image\/jpeg"}],"twitter_card":"summary_large_image","twitter_site":"@Gh0stysky","twitter_misc":{"Tiempo de lectura":"1 minuto"},"schema":{"@context":"https:\/\/schema.org","@graph":[{"@type":"WebPage","@id":"https:\/\/www.ghostysky.com\/product\/evo-nest\/","url":"https:\/\/www.ghostysky.com\/product\/evo-nest\/","name":"Nido Evo - Ghostysky","isPartOf":{"@id":"https:\/\/www.ghostysky.com\/#website"},"primaryImageOfPage":{"@id":"https:\/\/www.ghostysky.com\/product\/evo-nest\/#primaryimage"},"image":{"@id":"https:\/\/www.ghostysky.com\/product\/evo-nest\/#primaryimage"},"thumbnailUrl":"https:\/\/www.ghostysky.com\/wp-content\/uploads\/2024\/03\/GH_AutelEvoNest_1.jpg","datePublished":"2024-03-16T12:19:42+00:00","dateModified":"2024-11-07T08:29:26+00:00","description":"Autel Robotics EVO NEST es una estaci\u00f3n de carga autom\u00e1tica para drones dise\u00f1ada para drones industriales. Permite que estos drones aterricen, se recarguen y vuelvan a despegar para misiones consecutivas, todo ello sin necesidad de intervenci\u00f3n humana.","breadcrumb":{"@id":"https:\/\/www.ghostysky.com\/product\/evo-nest\/#breadcrumb"},"inLanguage":"es","potentialAction":[{"@type":"ReadAction","target":["https:\/\/www.ghostysky.com\/product\/evo-nest\/"]}]},{"@type":"ImageObject","inLanguage":"es","@id":"https:\/\/www.ghostysky.com\/product\/evo-nest\/#primaryimage","url":"https:\/\/www.ghostysky.com\/wp-content\/uploads\/2024\/03\/GH_AutelEvoNest_1.jpg","contentUrl":"https:\/\/www.ghostysky.com\/wp-content\/uploads\/2024\/03\/GH_AutelEvoNest_1.jpg","width":500,"height":500},{"@type":"BreadcrumbList","@id":"https:\/\/www.ghostysky.com\/product\/evo-nest\/#breadcrumb","itemListElement":[{"@type":"ListItem","position":1,"name":"Home","item":"https:\/\/www.ghostysky.com\/"},{"@type":"ListItem","position":2,"name":"Shop","item":"https:\/\/www.ghostysky.com\/shop\/"},{"@type":"ListItem","position":3,"name":"Evo Nest"}]},{"@type":"WebSite","@id":"https:\/\/www.ghostysky.com\/#website","url":"https:\/\/www.ghostysky.com\/","name":"Ghostysky","description":"Entrega de drones y servicios profesionales","publisher":{"@id":"https:\/\/www.ghostysky.com\/#organization"},"potentialAction":[{"@type":"SearchAction","target":{"@type":"EntryPoint","urlTemplate":"https:\/\/www.ghostysky.com\/?s={search_term_string}"},"query-input":{"@type":"PropertyValueSpecification","valueRequired":true,"valueName":"search_term_string"}}],"inLanguage":"es"},{"@type":"Organization","@id":"https:\/\/www.ghostysky.com\/#organization","name":"Ghostysky","url":"https:\/\/www.ghostysky.com\/","logo":{"@type":"ImageObject","inLanguage":"es","@id":"https:\/\/www.ghostysky.com\/#\/schema\/logo\/image\/","url":"https:\/\/www.ghostysky.com\/wp-content\/uploads\/2020\/06\/cropped-ghostyskylogo_text_white2.png","contentUrl":"https:\/\/www.ghostysky.com\/wp-content\/uploads\/2020\/06\/cropped-ghostyskylogo_text_white2.png","width":169,"height":56,"caption":"Ghostysky"},"image":{"@id":"https:\/\/www.ghostysky.com\/#\/schema\/logo\/image\/"},"sameAs":["https:\/\/www.facebook.com\/people\/Ghostysky\/100057676170234\/","https:\/\/x.com\/Gh0stysky","https:\/\/www.linkedin.com\/company\/34739653","https:\/\/www.instagram.com\/gh0stysky"]}]}},"_links":{"self":[{"href":"https:\/\/www.ghostysky.com\/es\/wp-json\/wp\/v2\/product\/17537","targetHints":{"allow":["GET"]}}],"collection":[{"href":"https:\/\/www.ghostysky.com\/es\/wp-json\/wp\/v2\/product"}],"about":[{"href":"https:\/\/www.ghostysky.com\/es\/wp-json\/wp\/v2\/types\/product"}],"replies":[{"embeddable":true,"href":"https:\/\/www.ghostysky.com\/es\/wp-json\/wp\/v2\/comments?post=17537"}],"version-history":[{"count":0,"href":"https:\/\/www.ghostysky.com\/es\/wp-json\/wp\/v2\/product\/17537\/revisions"}],"wp:featuredmedia":[{"embeddable":true,"href":"https:\/\/www.ghostysky.com\/es\/wp-json\/wp\/v2\/media\/17542"}],"wp:attachment":[{"href":"https:\/\/www.ghostysky.com\/es\/wp-json\/wp\/v2\/media?parent=17537"}],"wp:term":[{"taxonomy":"product_brand","embeddable":true,"href":"https:\/\/www.ghostysky.com\/es\/wp-json\/wp\/v2\/product_brand?post=17537"},{"taxonomy":"product_cat","embeddable":true,"href":"https:\/\/www.ghostysky.com\/es\/wp-json\/wp\/v2\/product_cat?post=17537"},{"taxonomy":"product_tag","embeddable":true,"href":"https:\/\/www.ghostysky.com\/es\/wp-json\/wp\/v2\/product_tag?post=17537"}],"curies":[{"name":"wp","href":"https:\/\/api.w.org\/{rel}","templated":true}]}}