{"id":17599,"date":"2024-03-17T07:42:26","date_gmt":"2024-03-17T07:42:26","guid":{"rendered":"https:\/\/www.ghostysky.com\/?post_type=product&#038;p=17599"},"modified":"2026-01-15T06:51:09","modified_gmt":"2026-01-15T06:51:09","slug":"dji-air-3-fly-more-combo-dji-rc2","status":"publish","type":"product","link":"https:\/\/www.ghostysky.com\/es\/product\/dji-air-3-fly-more-combo-dji-rc2\/","title":{"rendered":"Combo DJI Air 3 Vuela M\u00e1s (DJI RC2)"},"content":{"rendered":"<p data-sourcepos=\"1:1-1:155\">Caracter\u00edsticas<\/p>\n<p data-sourcepos=\"3:1-3:21\"><strong>Dron (DJI Aire 3)<\/strong><\/p>\n<ul data-sourcepos=\"5:1-9:0\">\n<li data-sourcepos=\"5:1-5:195\"><strong>C\u00e1mara:<\/strong>\u00a0Tiene un sistema de c\u00e1mara dual con un sensor CMOS de 1\/1,3 pulgadas tanto en el objetivo gran angular como en el teleobjetivo. Esto permite fotograf\u00edas de 48 megap\u00edxeles y v\u00eddeos HDR 4K\/60 fps con ambas c\u00e1maras.<\/li>\n<li data-sourcepos=\"6:1-6:82\"><strong>Tiempo de vuelo:<\/strong>\u00a0Ofrece un tiempo m\u00e1ximo de vuelo de 46 minutos con una sola bater\u00eda.<\/li>\n<li data-sourcepos=\"7:1-7:92\"><strong>Evitaci\u00f3n de obst\u00e1culos:<\/strong>\u00a0Equipado con detecci\u00f3n de obst\u00e1culos omnidireccional para un vuelo m\u00e1s seguro.<\/li>\n<li data-sourcepos=\"8:1-9:0\"><strong>Rango de transmisi\u00f3n:<\/strong>\u00a0Cuenta con el sistema de transmisi\u00f3n de video DJI O4 que cuenta con un alcance de hasta 20 km.<\/li>\n<\/ul>\n<p data-sourcepos=\"10:1-10:31\"><strong>Controlador remoto (DJI RC2)<\/strong><\/p>\n<p data-sourcepos=\"12:1-12:181\">En comparaci\u00f3n con el controlador DJI RC-N2 est\u00e1ndar incluido en algunos paquetes, el DJI RC2 ofrece una pantalla incorporada que elimina la necesidad de montar un tel\u00e9fono inteligente en el controlador.<\/p>\n<p data-sourcepos=\"14:1-14:11\"><strong>En general<\/strong><\/p>\n<p data-sourcepos=\"16:1-16:253\">Este combo es ideal para quienes priorizan la calidad de imagen, el tiempo de vuelo y las caracter\u00edsticas de seguridad. El controlador DJI RC2 incluido con pantalla incorporada es una ventaja por su comodidad. Sin embargo, tambi\u00e9n es m\u00e1s caro que la versi\u00f3n con el controlador DJI RC-N2.<\/p>","protected":false},"excerpt":{"rendered":"<p>El DJI Air 3 Fly More Combo (DJI RC2) es un paquete que incluye el dron DJI Air 3 y el control remoto DJI RC2.<\/p>","protected":false},"featured_media":17387,"comment_status":"open","ping_status":"closed","template":"","meta":[],"product_brand":[],"product_cat":[752,775,37,29,776],"product_tag":[754,753,42,778,774],"class_list":{"0":"post-17599","1":"product","2":"type-product","3":"status-publish","4":"has-post-thumbnail","6":"product_cat-aerial-photography","7":"product_cat-air-3","8":"product_cat-dji","9":"product_cat-drones","10":"product_cat-drones-air3","11":"product_tag-aerial-photography","12":"product_tag-air-3","13":"product_tag-dji","14":"product_tag-dji-rc2","15":"product_tag-fly-more-combo","17":"first","18":"instock","19":"taxable","20":"shipping-taxable","21":"purchasable","22":"product-type-simple"},"yoast_head":"<!-- This site is optimized with the Yoast SEO plugin v27.4 - https:\/\/yoast.com\/product\/yoast-seo-wordpress\/ -->\n<title>DJI Air 3 Fly More Combo (DJI RC2) - Ghostysky<\/title>\n<meta name=\"description\" content=\"The DJI Air 3 Fly More Combo (DJI RC2) is a bundle that includes the DJI Air 3 drone and the DJI RC2 remote controller.\" \/>\n<meta name=\"robots\" content=\"index, follow, max-snippet:-1, max-image-preview:large, max-video-preview:-1\" \/>\n<link rel=\"canonical\" href=\"https:\/\/www.ghostysky.com\/es\/producto-2\/dji-air-3-fly-more-combo-dji-rc2\/\" \/>\n<meta property=\"og:locale\" content=\"es_ES\" \/>\n<meta property=\"og:type\" content=\"article\" \/>\n<meta property=\"og:title\" content=\"DJI Air 3 Fly More Combo (DJI RC2) - Ghostysky\" \/>\n<meta property=\"og:description\" content=\"The DJI Air 3 Fly More Combo (DJI RC2) is a bundle that includes the DJI Air 3 drone and the DJI RC2 remote controller.\" \/>\n<meta property=\"og:url\" content=\"https:\/\/www.ghostysky.com\/es\/producto-2\/dji-air-3-fly-more-combo-dji-rc2\/\" \/>\n<meta property=\"og:site_name\" content=\"Ghostysky\" \/>\n<meta property=\"article:publisher\" content=\"https:\/\/www.facebook.com\/people\/Ghostysky\/100057676170234\/\" \/>\n<meta property=\"article:modified_time\" content=\"2026-01-15T06:51:09+00:00\" \/>\n<meta property=\"og:image\" content=\"https:\/\/www.ghostysky.com\/wp-content\/uploads\/2024\/03\/GH_DJI_Air3_1.jpg\" \/>\n\t<meta property=\"og:image:width\" content=\"500\" \/>\n\t<meta property=\"og:image:height\" content=\"500\" \/>\n\t<meta property=\"og:image:type\" content=\"image\/jpeg\" \/>\n<meta name=\"twitter:card\" content=\"summary_large_image\" \/>\n<meta name=\"twitter:site\" content=\"@Gh0stysky\" \/>\n<meta name=\"twitter:label1\" content=\"Tiempo de lectura\" \/>\n\t<meta name=\"twitter:data1\" content=\"1 minuto\" \/>\n<script type=\"application\/ld+json\" class=\"yoast-schema-graph\">{\"@context\":\"https:\\\/\\\/schema.org\",\"@graph\":[{\"@type\":\"WebPage\",\"@id\":\"https:\\\/\\\/www.ghostysky.com\\\/product\\\/dji-air-3-fly-more-combo-dji-rc2\\\/\",\"url\":\"https:\\\/\\\/www.ghostysky.com\\\/product\\\/dji-air-3-fly-more-combo-dji-rc2\\\/\",\"name\":\"DJI Air 3 Fly More Combo (DJI RC2) - Ghostysky\",\"isPartOf\":{\"@id\":\"https:\\\/\\\/www.ghostysky.com\\\/#website\"},\"primaryImageOfPage\":{\"@id\":\"https:\\\/\\\/www.ghostysky.com\\\/product\\\/dji-air-3-fly-more-combo-dji-rc2\\\/#primaryimage\"},\"image\":{\"@id\":\"https:\\\/\\\/www.ghostysky.com\\\/product\\\/dji-air-3-fly-more-combo-dji-rc2\\\/#primaryimage\"},\"thumbnailUrl\":\"https:\\\/\\\/www.ghostysky.com\\\/wp-content\\\/uploads\\\/2024\\\/03\\\/GH_DJI_Air3_1.jpg\",\"datePublished\":\"2024-03-17T07:42:26+00:00\",\"dateModified\":\"2026-01-15T06:51:09+00:00\",\"description\":\"The DJI Air 3 Fly More Combo (DJI RC2) is a bundle that includes the DJI Air 3 drone and the DJI RC2 remote controller.\",\"breadcrumb\":{\"@id\":\"https:\\\/\\\/www.ghostysky.com\\\/product\\\/dji-air-3-fly-more-combo-dji-rc2\\\/#breadcrumb\"},\"inLanguage\":\"es\",\"potentialAction\":[{\"@type\":\"ReadAction\",\"target\":[\"https:\\\/\\\/www.ghostysky.com\\\/product\\\/dji-air-3-fly-more-combo-dji-rc2\\\/\"]}]},{\"@type\":\"ImageObject\",\"inLanguage\":\"es\",\"@id\":\"https:\\\/\\\/www.ghostysky.com\\\/product\\\/dji-air-3-fly-more-combo-dji-rc2\\\/#primaryimage\",\"url\":\"https:\\\/\\\/www.ghostysky.com\\\/wp-content\\\/uploads\\\/2024\\\/03\\\/GH_DJI_Air3_1.jpg\",\"contentUrl\":\"https:\\\/\\\/www.ghostysky.com\\\/wp-content\\\/uploads\\\/2024\\\/03\\\/GH_DJI_Air3_1.jpg\",\"width\":500,\"height\":500},{\"@type\":\"BreadcrumbList\",\"@id\":\"https:\\\/\\\/www.ghostysky.com\\\/product\\\/dji-air-3-fly-more-combo-dji-rc2\\\/#breadcrumb\",\"itemListElement\":[{\"@type\":\"ListItem\",\"position\":1,\"name\":\"Home\",\"item\":\"https:\\\/\\\/www.ghostysky.com\\\/\"},{\"@type\":\"ListItem\",\"position\":2,\"name\":\"Shop\",\"item\":\"https:\\\/\\\/www.ghostysky.com\\\/shop\\\/\"},{\"@type\":\"ListItem\",\"position\":3,\"name\":\"DJI Air 3 Fly More Combo (DJI RC2)\"}]},{\"@type\":\"WebSite\",\"@id\":\"https:\\\/\\\/www.ghostysky.com\\\/#website\",\"url\":\"https:\\\/\\\/www.ghostysky.com\\\/\",\"name\":\"Ghostysky\",\"description\":\"Delivering professional drones and robotics solutions\",\"publisher\":{\"@id\":\"https:\\\/\\\/www.ghostysky.com\\\/#organization\"},\"potentialAction\":[{\"@type\":\"SearchAction\",\"target\":{\"@type\":\"EntryPoint\",\"urlTemplate\":\"https:\\\/\\\/www.ghostysky.com\\\/?s={search_term_string}\"},\"query-input\":{\"@type\":\"PropertyValueSpecification\",\"valueRequired\":true,\"valueName\":\"search_term_string\"}}],\"inLanguage\":\"es\"},{\"@type\":\"Organization\",\"@id\":\"https:\\\/\\\/www.ghostysky.com\\\/#organization\",\"name\":\"Ghostysky\",\"url\":\"https:\\\/\\\/www.ghostysky.com\\\/\",\"logo\":{\"@type\":\"ImageObject\",\"inLanguage\":\"es\",\"@id\":\"https:\\\/\\\/www.ghostysky.com\\\/#\\\/schema\\\/logo\\\/image\\\/\",\"url\":\"https:\\\/\\\/www.ghostysky.com\\\/wp-content\\\/uploads\\\/2020\\\/06\\\/cropped-ghostyskylogo_text_white2.png\",\"contentUrl\":\"https:\\\/\\\/www.ghostysky.com\\\/wp-content\\\/uploads\\\/2020\\\/06\\\/cropped-ghostyskylogo_text_white2.png\",\"width\":169,\"height\":56,\"caption\":\"Ghostysky\"},\"image\":{\"@id\":\"https:\\\/\\\/www.ghostysky.com\\\/#\\\/schema\\\/logo\\\/image\\\/\"},\"sameAs\":[\"https:\\\/\\\/www.facebook.com\\\/people\\\/Ghostysky\\\/100057676170234\\\/\",\"https:\\\/\\\/x.com\\\/Gh0stysky\",\"https:\\\/\\\/www.linkedin.com\\\/company\\\/34739653\",\"https:\\\/\\\/www.instagram.com\\\/gh0stysky\"]}]}<\/script>\n<!-- \/ Yoast SEO plugin. -->","yoast_head_json":{"title":"Combo DJI Air 3 Vuela M\u00e1s (DJI RC2) - Ghostysky","description":"El DJI Air 3 Fly More Combo (DJI RC2) es un paquete que incluye el dron DJI Air 3 y el control remoto DJI RC2.","robots":{"index":"index","follow":"follow","max-snippet":"max-snippet:-1","max-image-preview":"max-image-preview:large","max-video-preview":"max-video-preview:-1"},"canonical":"https:\/\/www.ghostysky.com\/es\/producto-2\/dji-air-3-fly-more-combo-dji-rc2\/","og_locale":"es_ES","og_type":"article","og_title":"DJI Air 3 Fly More Combo (DJI RC2) - Ghostysky","og_description":"The DJI Air 3 Fly More Combo (DJI RC2) is a bundle that includes the DJI Air 3 drone and the DJI RC2 remote controller.","og_url":"https:\/\/www.ghostysky.com\/es\/producto-2\/dji-air-3-fly-more-combo-dji-rc2\/","og_site_name":"Ghostysky","article_publisher":"https:\/\/www.facebook.com\/people\/Ghostysky\/100057676170234\/","article_modified_time":"2026-01-15T06:51:09+00:00","og_image":[{"width":500,"height":500,"url":"https:\/\/www.ghostysky.com\/wp-content\/uploads\/2024\/03\/GH_DJI_Air3_1.jpg","type":"image\/jpeg"}],"twitter_card":"summary_large_image","twitter_site":"@Gh0stysky","twitter_misc":{"Tiempo de lectura":"1 minuto"},"schema":{"@context":"https:\/\/schema.org","@graph":[{"@type":"WebPage","@id":"https:\/\/www.ghostysky.com\/product\/dji-air-3-fly-more-combo-dji-rc2\/","url":"https:\/\/www.ghostysky.com\/product\/dji-air-3-fly-more-combo-dji-rc2\/","name":"Combo DJI Air 3 Vuela M\u00e1s (DJI RC2) - Ghostysky","isPartOf":{"@id":"https:\/\/www.ghostysky.com\/#website"},"primaryImageOfPage":{"@id":"https:\/\/www.ghostysky.com\/product\/dji-air-3-fly-more-combo-dji-rc2\/#primaryimage"},"image":{"@id":"https:\/\/www.ghostysky.com\/product\/dji-air-3-fly-more-combo-dji-rc2\/#primaryimage"},"thumbnailUrl":"https:\/\/www.ghostysky.com\/wp-content\/uploads\/2024\/03\/GH_DJI_Air3_1.jpg","datePublished":"2024-03-17T07:42:26+00:00","dateModified":"2026-01-15T06:51:09+00:00","description":"El DJI Air 3 Fly More Combo (DJI RC2) es un paquete que incluye el dron DJI Air 3 y el control remoto DJI RC2.","breadcrumb":{"@id":"https:\/\/www.ghostysky.com\/product\/dji-air-3-fly-more-combo-dji-rc2\/#breadcrumb"},"inLanguage":"es","potentialAction":[{"@type":"ReadAction","target":["https:\/\/www.ghostysky.com\/product\/dji-air-3-fly-more-combo-dji-rc2\/"]}]},{"@type":"ImageObject","inLanguage":"es","@id":"https:\/\/www.ghostysky.com\/product\/dji-air-3-fly-more-combo-dji-rc2\/#primaryimage","url":"https:\/\/www.ghostysky.com\/wp-content\/uploads\/2024\/03\/GH_DJI_Air3_1.jpg","contentUrl":"https:\/\/www.ghostysky.com\/wp-content\/uploads\/2024\/03\/GH_DJI_Air3_1.jpg","width":500,"height":500},{"@type":"BreadcrumbList","@id":"https:\/\/www.ghostysky.com\/product\/dji-air-3-fly-more-combo-dji-rc2\/#breadcrumb","itemListElement":[{"@type":"ListItem","position":1,"name":"Home","item":"https:\/\/www.ghostysky.com\/"},{"@type":"ListItem","position":2,"name":"Shop","item":"https:\/\/www.ghostysky.com\/shop\/"},{"@type":"ListItem","position":3,"name":"DJI Air 3 Fly More Combo (DJI RC2)"}]},{"@type":"WebSite","@id":"https:\/\/www.ghostysky.com\/#website","url":"https:\/\/www.ghostysky.com\/","name":"Ghostysky","description":"Ofrecemos soluciones profesionales de drones y rob\u00f3tica.","publisher":{"@id":"https:\/\/www.ghostysky.com\/#organization"},"potentialAction":[{"@type":"SearchAction","target":{"@type":"EntryPoint","urlTemplate":"https:\/\/www.ghostysky.com\/?s={search_term_string}"},"query-input":{"@type":"PropertyValueSpecification","valueRequired":true,"valueName":"search_term_string"}}],"inLanguage":"es"},{"@type":"Organization","@id":"https:\/\/www.ghostysky.com\/#organization","name":"Ghostysky","url":"https:\/\/www.ghostysky.com\/","logo":{"@type":"ImageObject","inLanguage":"es","@id":"https:\/\/www.ghostysky.com\/#\/schema\/logo\/image\/","url":"https:\/\/www.ghostysky.com\/wp-content\/uploads\/2020\/06\/cropped-ghostyskylogo_text_white2.png","contentUrl":"https:\/\/www.ghostysky.com\/wp-content\/uploads\/2020\/06\/cropped-ghostyskylogo_text_white2.png","width":169,"height":56,"caption":"Ghostysky"},"image":{"@id":"https:\/\/www.ghostysky.com\/#\/schema\/logo\/image\/"},"sameAs":["https:\/\/www.facebook.com\/people\/Ghostysky\/100057676170234\/","https:\/\/x.com\/Gh0stysky","https:\/\/www.linkedin.com\/company\/34739653","https:\/\/www.instagram.com\/gh0stysky"]}]}},"_links":{"self":[{"href":"https:\/\/www.ghostysky.com\/es\/wp-json\/wp\/v2\/product\/17599","targetHints":{"allow":["GET"]}}],"collection":[{"href":"https:\/\/www.ghostysky.com\/es\/wp-json\/wp\/v2\/product"}],"about":[{"href":"https:\/\/www.ghostysky.com\/es\/wp-json\/wp\/v2\/types\/product"}],"replies":[{"embeddable":true,"href":"https:\/\/www.ghostysky.com\/es\/wp-json\/wp\/v2\/comments?post=17599"}],"version-history":[{"count":0,"href":"https:\/\/www.ghostysky.com\/es\/wp-json\/wp\/v2\/product\/17599\/revisions"}],"wp:featuredmedia":[{"embeddable":true,"href":"https:\/\/www.ghostysky.com\/es\/wp-json\/wp\/v2\/media\/17387"}],"wp:attachment":[{"href":"https:\/\/www.ghostysky.com\/es\/wp-json\/wp\/v2\/media?parent=17599"}],"wp:term":[{"taxonomy":"product_brand","embeddable":true,"href":"https:\/\/www.ghostysky.com\/es\/wp-json\/wp\/v2\/product_brand?post=17599"},{"taxonomy":"product_cat","embeddable":true,"href":"https:\/\/www.ghostysky.com\/es\/wp-json\/wp\/v2\/product_cat?post=17599"},{"taxonomy":"product_tag","embeddable":true,"href":"https:\/\/www.ghostysky.com\/es\/wp-json\/wp\/v2\/product_tag?post=17599"}],"curies":[{"name":"wp","href":"https:\/\/api.w.org\/{rel}","templated":true}]}}