{"id":17634,"date":"2024-03-17T08:19:17","date_gmt":"2024-03-17T08:19:17","guid":{"rendered":"https:\/\/www.ghostysky.com\/?post_type=product&#038;p=17634"},"modified":"2026-01-15T06:52:12","modified_gmt":"2026-01-15T06:52:12","slug":"dji-mavic-3-pro-cine-premium-combo-dji-rc-pro","status":"publish","type":"product","link":"https:\/\/www.ghostysky.com\/es\/product\/dji-mavic-3-pro-cine-premium-combo-dji-rc-pro\/","title":{"rendered":"Combo DJI Mavic 3 Pro Cine Premium (DJI RC Pro)"},"content":{"rendered":"<p data-sourcepos=\"3:1-3:11\"><strong>C\u00e1mara:<\/strong><\/p>\n<ul data-sourcepos=\"5:1-9:0\">\n<li data-sourcepos=\"5:1-5:189\">C\u00e1mara Hasselblad con sensor CMOS 4\/3: Este sensor es m\u00e1s grande que los que se encuentran en la mayor\u00eda de drones de consumo, lo que le permite capturar im\u00e1genes de mayor calidad con m\u00e1s detalle y menos ruido.<\/li>\n<li data-sourcepos=\"6:1-6:101\">C\u00e1maras con teleobjetivo dual: estas c\u00e1maras le permiten acercar a sus sujetos sin perder calidad.<\/li>\n<li data-sourcepos=\"7:1-7:120\">Fotograf\u00edas RAW de 12 bits: las fotograf\u00edas RAW capturan m\u00e1s datos que las JPEG, lo que le brinda m\u00e1s flexibilidad al editar sus fotograf\u00edas.<\/li>\n<li data-sourcepos=\"8:1-9:0\">Hasta 12,8 pasos de rango din\u00e1mico: esto le permite capturar detalles tanto en las luces como en las sombras de sus fotos.<\/li>\n<\/ul>\n<p data-sourcepos=\"10:1-10:23\"><strong>Rendimiento de vuelo:<\/strong><\/p>\n<ul data-sourcepos=\"12:1-15:0\">\n<li data-sourcepos=\"12:1-12:95\">Hasta 43 minutos de tiempo de vuelo: esto le brinda tiempo suficiente para capturar las fotograf\u00edas que necesita.<\/li>\n<li data-sourcepos=\"13:1-13:87\">Detecci\u00f3n de obst\u00e1culos omnidireccional: esto ayuda a mantener su dron a salvo de colisiones.<\/li>\n<li data-sourcepos=\"14:1-15:0\">Transmisi\u00f3n de video HD de 15 km: Esto le permite ver lo que ve su dron desde una larga distancia.<\/li>\n<\/ul>\n<p data-sourcepos=\"16:1-16:19\"><strong>Otras caracter\u00edsticas:<\/strong><\/p>\n<ul data-sourcepos=\"18:1-20:0\">\n<li data-sourcepos=\"18:1-18:154\">Controlador DJI RC Pro: Este controlador tiene una pantalla incorporada que te permite ver lo que est\u00e1 viendo tu dron sin tener que conectar tu tel\u00e9fono inteligente.<\/li>\n<li data-sourcepos=\"19:1-20:0\">H\u00e9lices de bajo ruido: Estas h\u00e9lices ayudan a reducir el ruido durante el vuelo.<\/li>\n<\/ul>\n<p data-sourcepos=\"21:1-21:216\"><strong>En general, el DJI Mavic 3 Pro Cine Premium Combo (DJI RC Pro) es un potente dron capaz de capturar impresionantes fotograf\u00edas y v\u00eddeos a\u00e9reos. Sin embargo, tambi\u00e9n es uno de los drones m\u00e1s caros del mercado.<\/strong><\/p>\n<p data-sourcepos=\"21:1-21:216\"><strong>EN EL CUADRO<\/strong><\/p>\n<ul>\n<li data-sourcepos=\"21:1-21:216\">1x DJI Mavic 3 Pro<\/li>\n<li data-sourcepos=\"21:1-21:216\">1 mando a distancia DJI RC PRO.<\/li>\n<li data-sourcepos=\"21:1-21:216\">1x palos de control remoto DJI RC PRO<\/li>\n<li data-sourcepos=\"21:1-21:216\">1 cable DJI RC PRO (conector USB tipo C)<\/li>\n<li data-sourcepos=\"21:1-21:216\">1 cable DJI RC PRO (conector micro-USB est\u00e1ndar).<\/li>\n<li data-sourcepos=\"21:1-21:216\">1x Cable DJI RC PRO (conector Lightning)<\/li>\n<li data-sourcepos=\"21:1-21:216\">3x Bater\u00eda de Vuelo Inteligente DJI Mavic 3<\/li>\n<li data-sourcepos=\"21:1-21:216\">6x h\u00e9lices de bajo ruido DJI Mavic 3 (par)<\/li>\n<li data-sourcepos=\"21:1-21:216\">1x concentrador de carga de bater\u00eda DJI Mavic 3<\/li>\n<li data-sourcepos=\"21:1-21:216\">1 cargador port\u00e1til DJI de 65 W.<\/li>\n<li data-sourcepos=\"21:1-21:216\">1 funda de almacenamiento DJI Mavic 3 Pro.<\/li>\n<li data-sourcepos=\"21:1-21:216\">1 juego de filtros ND DJI Mavic 3 Pro (ND481632)<\/li>\n<li data-sourcepos=\"21:1-21:216\">1x bolso de hombro DJI<\/li>\n<\/ul>","protected":false},"excerpt":{"rendered":"<p>El DJI Mavic 3 Pro Cine Premium Combo (DJI RC Pro) es un dron de alta gama dirigido a vide\u00f3grafos y fot\u00f3grafos profesionales.<\/p>","protected":false},"featured_media":17409,"comment_status":"open","ping_status":"closed","template":"","meta":[],"product_brand":[],"product_cat":[752,37,29,786,784],"product_tag":[789,42,787,788],"class_list":{"0":"post-17634","1":"product","2":"type-product","3":"status-publish","4":"has-post-thumbnail","6":"product_cat-aerial-photography","7":"product_cat-dji","8":"product_cat-drones","9":"product_cat-drones-mavic-3-pro","10":"product_cat-mavic-3-pro","11":"product_tag-cine-premium-combo","12":"product_tag-dji","13":"product_tag-mavic-3-pro","14":"product_tag-rc-pro","16":"first","17":"outofstock","18":"taxable","19":"shipping-taxable","20":"purchasable","21":"product-type-simple"},"yoast_head":"<!-- This site is optimized with the Yoast SEO plugin v27.4 - https:\/\/yoast.com\/product\/yoast-seo-wordpress\/ -->\n<title>DJI Mavic 3 Pro Cine Premium Combo (DJI RC Pro) - Ghostysky<\/title>\n<meta name=\"description\" content=\"The DJI Mavic 3 Pro Cine Premium Combo (DJI RC Pro) is a high-end drone that is targeted towards professional videographers and photographers.\" \/>\n<meta name=\"robots\" content=\"index, follow, max-snippet:-1, max-image-preview:large, max-video-preview:-1\" \/>\n<link rel=\"canonical\" href=\"https:\/\/www.ghostysky.com\/es\/producto-2\/dji-mavic-3-pro-cine-premium-combo-dji-rc-pro\/\" \/>\n<meta property=\"og:locale\" content=\"es_ES\" \/>\n<meta property=\"og:type\" content=\"article\" \/>\n<meta property=\"og:title\" content=\"DJI Mavic 3 Pro Cine Premium Combo (DJI RC Pro) - Ghostysky\" \/>\n<meta property=\"og:description\" content=\"The DJI Mavic 3 Pro Cine Premium Combo (DJI RC Pro) is a high-end drone that is targeted towards professional videographers and photographers.\" \/>\n<meta property=\"og:url\" content=\"https:\/\/www.ghostysky.com\/es\/producto-2\/dji-mavic-3-pro-cine-premium-combo-dji-rc-pro\/\" \/>\n<meta property=\"og:site_name\" content=\"Ghostysky\" \/>\n<meta property=\"article:publisher\" content=\"https:\/\/www.facebook.com\/people\/Ghostysky\/100057676170234\/\" \/>\n<meta property=\"article:modified_time\" content=\"2026-01-15T06:52:12+00:00\" \/>\n<meta property=\"og:image\" content=\"https:\/\/www.ghostysky.com\/wp-content\/uploads\/2024\/03\/GH-Mavic3_pro_1.jpg\" \/>\n\t<meta property=\"og:image:width\" content=\"1280\" \/>\n\t<meta property=\"og:image:height\" content=\"1280\" \/>\n\t<meta property=\"og:image:type\" content=\"image\/jpeg\" \/>\n<meta name=\"twitter:card\" content=\"summary_large_image\" \/>\n<meta name=\"twitter:site\" content=\"@Gh0stysky\" \/>\n<meta name=\"twitter:label1\" content=\"Tiempo de lectura\" \/>\n\t<meta name=\"twitter:data1\" content=\"2 minutos\" \/>\n<script type=\"application\/ld+json\" class=\"yoast-schema-graph\">{\"@context\":\"https:\\\/\\\/schema.org\",\"@graph\":[{\"@type\":\"WebPage\",\"@id\":\"https:\\\/\\\/www.ghostysky.com\\\/product\\\/dji-mavic-3-pro-cine-premium-combo-dji-rc-pro\\\/\",\"url\":\"https:\\\/\\\/www.ghostysky.com\\\/product\\\/dji-mavic-3-pro-cine-premium-combo-dji-rc-pro\\\/\",\"name\":\"DJI Mavic 3 Pro Cine Premium Combo (DJI RC Pro) - Ghostysky\",\"isPartOf\":{\"@id\":\"https:\\\/\\\/www.ghostysky.com\\\/#website\"},\"primaryImageOfPage\":{\"@id\":\"https:\\\/\\\/www.ghostysky.com\\\/product\\\/dji-mavic-3-pro-cine-premium-combo-dji-rc-pro\\\/#primaryimage\"},\"image\":{\"@id\":\"https:\\\/\\\/www.ghostysky.com\\\/product\\\/dji-mavic-3-pro-cine-premium-combo-dji-rc-pro\\\/#primaryimage\"},\"thumbnailUrl\":\"https:\\\/\\\/www.ghostysky.com\\\/wp-content\\\/uploads\\\/2024\\\/03\\\/GH-Mavic3_pro_1.jpg\",\"datePublished\":\"2024-03-17T08:19:17+00:00\",\"dateModified\":\"2026-01-15T06:52:12+00:00\",\"description\":\"The DJI Mavic 3 Pro Cine Premium Combo (DJI RC Pro) is a high-end drone that is targeted towards professional videographers and photographers.\",\"breadcrumb\":{\"@id\":\"https:\\\/\\\/www.ghostysky.com\\\/product\\\/dji-mavic-3-pro-cine-premium-combo-dji-rc-pro\\\/#breadcrumb\"},\"inLanguage\":\"es\",\"potentialAction\":[{\"@type\":\"ReadAction\",\"target\":[\"https:\\\/\\\/www.ghostysky.com\\\/product\\\/dji-mavic-3-pro-cine-premium-combo-dji-rc-pro\\\/\"]}]},{\"@type\":\"ImageObject\",\"inLanguage\":\"es\",\"@id\":\"https:\\\/\\\/www.ghostysky.com\\\/product\\\/dji-mavic-3-pro-cine-premium-combo-dji-rc-pro\\\/#primaryimage\",\"url\":\"https:\\\/\\\/www.ghostysky.com\\\/wp-content\\\/uploads\\\/2024\\\/03\\\/GH-Mavic3_pro_1.jpg\",\"contentUrl\":\"https:\\\/\\\/www.ghostysky.com\\\/wp-content\\\/uploads\\\/2024\\\/03\\\/GH-Mavic3_pro_1.jpg\",\"width\":1280,\"height\":1280},{\"@type\":\"BreadcrumbList\",\"@id\":\"https:\\\/\\\/www.ghostysky.com\\\/product\\\/dji-mavic-3-pro-cine-premium-combo-dji-rc-pro\\\/#breadcrumb\",\"itemListElement\":[{\"@type\":\"ListItem\",\"position\":1,\"name\":\"Home\",\"item\":\"https:\\\/\\\/www.ghostysky.com\\\/\"},{\"@type\":\"ListItem\",\"position\":2,\"name\":\"Shop\",\"item\":\"https:\\\/\\\/www.ghostysky.com\\\/shop\\\/\"},{\"@type\":\"ListItem\",\"position\":3,\"name\":\"DJI Mavic 3 Pro Cine Premium Combo (DJI RC Pro)\"}]},{\"@type\":\"WebSite\",\"@id\":\"https:\\\/\\\/www.ghostysky.com\\\/#website\",\"url\":\"https:\\\/\\\/www.ghostysky.com\\\/\",\"name\":\"Ghostysky\",\"description\":\"Delivering professional drones and robotics solutions\",\"publisher\":{\"@id\":\"https:\\\/\\\/www.ghostysky.com\\\/#organization\"},\"potentialAction\":[{\"@type\":\"SearchAction\",\"target\":{\"@type\":\"EntryPoint\",\"urlTemplate\":\"https:\\\/\\\/www.ghostysky.com\\\/?s={search_term_string}\"},\"query-input\":{\"@type\":\"PropertyValueSpecification\",\"valueRequired\":true,\"valueName\":\"search_term_string\"}}],\"inLanguage\":\"es\"},{\"@type\":\"Organization\",\"@id\":\"https:\\\/\\\/www.ghostysky.com\\\/#organization\",\"name\":\"Ghostysky\",\"url\":\"https:\\\/\\\/www.ghostysky.com\\\/\",\"logo\":{\"@type\":\"ImageObject\",\"inLanguage\":\"es\",\"@id\":\"https:\\\/\\\/www.ghostysky.com\\\/#\\\/schema\\\/logo\\\/image\\\/\",\"url\":\"https:\\\/\\\/www.ghostysky.com\\\/wp-content\\\/uploads\\\/2020\\\/06\\\/cropped-ghostyskylogo_text_white2.png\",\"contentUrl\":\"https:\\\/\\\/www.ghostysky.com\\\/wp-content\\\/uploads\\\/2020\\\/06\\\/cropped-ghostyskylogo_text_white2.png\",\"width\":169,\"height\":56,\"caption\":\"Ghostysky\"},\"image\":{\"@id\":\"https:\\\/\\\/www.ghostysky.com\\\/#\\\/schema\\\/logo\\\/image\\\/\"},\"sameAs\":[\"https:\\\/\\\/www.facebook.com\\\/people\\\/Ghostysky\\\/100057676170234\\\/\",\"https:\\\/\\\/x.com\\\/Gh0stysky\",\"https:\\\/\\\/www.linkedin.com\\\/company\\\/34739653\",\"https:\\\/\\\/www.instagram.com\\\/gh0stysky\"]}]}<\/script>\n<!-- \/ Yoast SEO plugin. -->","yoast_head_json":{"title":"DJI Mavic 3 Pro Cine Premium Combo (DJI RC Pro) - Ghostysky","description":"El DJI Mavic 3 Pro Cine Premium Combo (DJI RC Pro) es un dron de alta gama dirigido a vide\u00f3grafos y fot\u00f3grafos profesionales.","robots":{"index":"index","follow":"follow","max-snippet":"max-snippet:-1","max-image-preview":"max-image-preview:large","max-video-preview":"max-video-preview:-1"},"canonical":"https:\/\/www.ghostysky.com\/es\/producto-2\/dji-mavic-3-pro-cine-premium-combo-dji-rc-pro\/","og_locale":"es_ES","og_type":"article","og_title":"DJI Mavic 3 Pro Cine Premium Combo (DJI RC Pro) - Ghostysky","og_description":"The DJI Mavic 3 Pro Cine Premium Combo (DJI RC Pro) is a high-end drone that is targeted towards professional videographers and photographers.","og_url":"https:\/\/www.ghostysky.com\/es\/producto-2\/dji-mavic-3-pro-cine-premium-combo-dji-rc-pro\/","og_site_name":"Ghostysky","article_publisher":"https:\/\/www.facebook.com\/people\/Ghostysky\/100057676170234\/","article_modified_time":"2026-01-15T06:52:12+00:00","og_image":[{"width":1280,"height":1280,"url":"https:\/\/www.ghostysky.com\/wp-content\/uploads\/2024\/03\/GH-Mavic3_pro_1.jpg","type":"image\/jpeg"}],"twitter_card":"summary_large_image","twitter_site":"@Gh0stysky","twitter_misc":{"Tiempo de lectura":"2 minutos"},"schema":{"@context":"https:\/\/schema.org","@graph":[{"@type":"WebPage","@id":"https:\/\/www.ghostysky.com\/product\/dji-mavic-3-pro-cine-premium-combo-dji-rc-pro\/","url":"https:\/\/www.ghostysky.com\/product\/dji-mavic-3-pro-cine-premium-combo-dji-rc-pro\/","name":"DJI Mavic 3 Pro Cine Premium Combo (DJI RC Pro) - Ghostysky","isPartOf":{"@id":"https:\/\/www.ghostysky.com\/#website"},"primaryImageOfPage":{"@id":"https:\/\/www.ghostysky.com\/product\/dji-mavic-3-pro-cine-premium-combo-dji-rc-pro\/#primaryimage"},"image":{"@id":"https:\/\/www.ghostysky.com\/product\/dji-mavic-3-pro-cine-premium-combo-dji-rc-pro\/#primaryimage"},"thumbnailUrl":"https:\/\/www.ghostysky.com\/wp-content\/uploads\/2024\/03\/GH-Mavic3_pro_1.jpg","datePublished":"2024-03-17T08:19:17+00:00","dateModified":"2026-01-15T06:52:12+00:00","description":"El DJI Mavic 3 Pro Cine Premium Combo (DJI RC Pro) es un dron de alta gama dirigido a vide\u00f3grafos y fot\u00f3grafos profesionales.","breadcrumb":{"@id":"https:\/\/www.ghostysky.com\/product\/dji-mavic-3-pro-cine-premium-combo-dji-rc-pro\/#breadcrumb"},"inLanguage":"es","potentialAction":[{"@type":"ReadAction","target":["https:\/\/www.ghostysky.com\/product\/dji-mavic-3-pro-cine-premium-combo-dji-rc-pro\/"]}]},{"@type":"ImageObject","inLanguage":"es","@id":"https:\/\/www.ghostysky.com\/product\/dji-mavic-3-pro-cine-premium-combo-dji-rc-pro\/#primaryimage","url":"https:\/\/www.ghostysky.com\/wp-content\/uploads\/2024\/03\/GH-Mavic3_pro_1.jpg","contentUrl":"https:\/\/www.ghostysky.com\/wp-content\/uploads\/2024\/03\/GH-Mavic3_pro_1.jpg","width":1280,"height":1280},{"@type":"BreadcrumbList","@id":"https:\/\/www.ghostysky.com\/product\/dji-mavic-3-pro-cine-premium-combo-dji-rc-pro\/#breadcrumb","itemListElement":[{"@type":"ListItem","position":1,"name":"Home","item":"https:\/\/www.ghostysky.com\/"},{"@type":"ListItem","position":2,"name":"Shop","item":"https:\/\/www.ghostysky.com\/shop\/"},{"@type":"ListItem","position":3,"name":"DJI Mavic 3 Pro Cine Premium Combo (DJI RC Pro)"}]},{"@type":"WebSite","@id":"https:\/\/www.ghostysky.com\/#website","url":"https:\/\/www.ghostysky.com\/","name":"Ghostysky","description":"Ofrecemos soluciones profesionales de drones y rob\u00f3tica.","publisher":{"@id":"https:\/\/www.ghostysky.com\/#organization"},"potentialAction":[{"@type":"SearchAction","target":{"@type":"EntryPoint","urlTemplate":"https:\/\/www.ghostysky.com\/?s={search_term_string}"},"query-input":{"@type":"PropertyValueSpecification","valueRequired":true,"valueName":"search_term_string"}}],"inLanguage":"es"},{"@type":"Organization","@id":"https:\/\/www.ghostysky.com\/#organization","name":"Ghostysky","url":"https:\/\/www.ghostysky.com\/","logo":{"@type":"ImageObject","inLanguage":"es","@id":"https:\/\/www.ghostysky.com\/#\/schema\/logo\/image\/","url":"https:\/\/www.ghostysky.com\/wp-content\/uploads\/2020\/06\/cropped-ghostyskylogo_text_white2.png","contentUrl":"https:\/\/www.ghostysky.com\/wp-content\/uploads\/2020\/06\/cropped-ghostyskylogo_text_white2.png","width":169,"height":56,"caption":"Ghostysky"},"image":{"@id":"https:\/\/www.ghostysky.com\/#\/schema\/logo\/image\/"},"sameAs":["https:\/\/www.facebook.com\/people\/Ghostysky\/100057676170234\/","https:\/\/x.com\/Gh0stysky","https:\/\/www.linkedin.com\/company\/34739653","https:\/\/www.instagram.com\/gh0stysky"]}]}},"_links":{"self":[{"href":"https:\/\/www.ghostysky.com\/es\/wp-json\/wp\/v2\/product\/17634","targetHints":{"allow":["GET"]}}],"collection":[{"href":"https:\/\/www.ghostysky.com\/es\/wp-json\/wp\/v2\/product"}],"about":[{"href":"https:\/\/www.ghostysky.com\/es\/wp-json\/wp\/v2\/types\/product"}],"replies":[{"embeddable":true,"href":"https:\/\/www.ghostysky.com\/es\/wp-json\/wp\/v2\/comments?post=17634"}],"version-history":[{"count":0,"href":"https:\/\/www.ghostysky.com\/es\/wp-json\/wp\/v2\/product\/17634\/revisions"}],"wp:featuredmedia":[{"embeddable":true,"href":"https:\/\/www.ghostysky.com\/es\/wp-json\/wp\/v2\/media\/17409"}],"wp:attachment":[{"href":"https:\/\/www.ghostysky.com\/es\/wp-json\/wp\/v2\/media?parent=17634"}],"wp:term":[{"taxonomy":"product_brand","embeddable":true,"href":"https:\/\/www.ghostysky.com\/es\/wp-json\/wp\/v2\/product_brand?post=17634"},{"taxonomy":"product_cat","embeddable":true,"href":"https:\/\/www.ghostysky.com\/es\/wp-json\/wp\/v2\/product_cat?post=17634"},{"taxonomy":"product_tag","embeddable":true,"href":"https:\/\/www.ghostysky.com\/es\/wp-json\/wp\/v2\/product_tag?post=17634"}],"curies":[{"name":"wp","href":"https:\/\/api.w.org\/{rel}","templated":true}]}}