{"id":17651,"date":"2024-03-17T08:46:39","date_gmt":"2024-03-17T08:46:39","guid":{"rendered":"https:\/\/www.ghostysky.com\/?post_type=product&#038;p=17651"},"modified":"2026-01-15T06:59:46","modified_gmt":"2026-01-15T06:59:46","slug":"dji-mini-3-dji-rc","status":"publish","type":"product","link":"https:\/\/www.ghostysky.com\/es\/product\/dji-mini-3-dji-rc\/","title":{"rendered":"DJI Mini 3 (DJI RC)"},"content":{"rendered":"<div id=\"model-response-message-contentr_70cf726c5fab04a5\" class=\"markdown markdown-main-panel response-optimization stronger\" dir=\"ltr\">\n<ul data-sourcepos=\"5:1-12:0\">\n<li data-sourcepos=\"5:1-5:109\"><strong><span class=\"citation-3 recitation\">Compacto y ligero:<\/span><\/strong><span class=\"citation-3 recitation citation-end-3\"> Con un peso inferior a 249 g, el Mini 3 es f\u00e1cil de transportar y de llevar de viaje.<\/span><span class=\"button-container hide-from-message-actions ng-star-inserted\">\u00a0 \u00a0<\/span>\n<div class=\"container ng-tns-c1096152320-38 hide\">\n<div class=\"carousel-container ng-tns-c1096152320-38\">\n<div class=\"carousel-content ng-tns-c1096152320-38\">\n<div class=\"sources-carousel-source ng-tns-c1096152320-38 hide ng-star-inserted\" data-test-id=\"sources-carousel-source\"><\/div>\n<\/div>\n<\/div>\n<\/div>\n<\/li>\n<li data-sourcepos=\"6:1-6:115\"><strong><span class=\"citation-4 recitation\">Duraci\u00f3n prolongada de la bater\u00eda:<\/span><\/strong><span class=\"citation-4 recitation citation-end-4\"> disfruta de hasta 38 minutos de tiempo de vuelo y captura m\u00e1s im\u00e1genes por carga.<\/span><span class=\"button-container hide-from-message-actions ng-star-inserted\"> \u00a0<\/span>\n<div class=\"container ng-tns-c1096152320-39 hide\">\n<div class=\"carousel-container ng-tns-c1096152320-39\">\n<div class=\"carousel-content ng-tns-c1096152320-39\">\n<div class=\"sources-carousel-source ng-tns-c1096152320-39 hide ng-star-inserted\" data-test-id=\"sources-carousel-source\"><\/div>\n<\/div>\n<\/div>\n<\/div>\n<\/li>\n<li data-sourcepos=\"7:1-7:114\"><strong><span class=\"citation-5 recitation\">V\u00eddeo 4K HDR:<\/span><\/strong><span class=\"citation-5 recitation citation-end-5\"> graba impresionantes v\u00eddeos 4K HDR con colores realistas en cualquier condici\u00f3n de iluminaci\u00f3n.<\/span><span class=\"button-container hide-from-message-actions ng-star-inserted\">\u00a0 \u00a0<\/span>\n<div class=\"container ng-tns-c1096152320-40 hide\">\n<div class=\"carousel-container ng-tns-c1096152320-40\">\n<div class=\"carousel-content ng-tns-c1096152320-40\">\n<div class=\"sources-carousel-source ng-tns-c1096152320-40 hide ng-star-inserted\" data-test-id=\"sources-carousel-source\"><\/div>\n<\/div>\n<\/div>\n<\/div>\n<\/li>\n<li data-sourcepos=\"8:1-8:105\"><strong>Disparo vertical real:<\/strong> <span class=\"citation-6 recitation citation-end-6\">captura fotos y videos aptos para redes sociales sin recortar.<\/span><span class=\"button-container hide-from-message-actions ng-star-inserted\">\u00a0 \u00a0<\/span>\n<div class=\"container ng-tns-c1096152320-41 hide\">\n<div class=\"carousel-container ng-tns-c1096152320-41\">\n<div class=\"carousel-content ng-tns-c1096152320-41\">\n<div class=\"sources-carousel-source ng-tns-c1096152320-41 hide ng-star-inserted\" data-test-id=\"sources-carousel-source\"><\/div>\n<\/div>\n<\/div>\n<\/div>\n<\/li>\n<li data-sourcepos=\"9:1-9:149\"><strong><span class=\"citation-7 recitation\">Funciones inteligentes:<\/span><\/strong><span class=\"citation-7 recitation citation-end-7\"> QuickShots, FocusTrack y otras funciones inteligentes facilitan la captura de im\u00e1genes de aspecto profesional.<\/span><span class=\"button-container hide-from-message-actions ng-star-inserted\">\u00a0 \u00a0<\/span>\n<div class=\"container ng-tns-c1096152320-42 hide\">\n<div class=\"carousel-container ng-tns-c1096152320-42\">\n<div class=\"carousel-content ng-tns-c1096152320-42\">\n<div class=\"sources-carousel-source ng-tns-c1096152320-42 hide ng-star-inserted\" data-test-id=\"sources-carousel-source\"><\/div>\n<\/div>\n<\/div>\n<\/div>\n<\/li>\n<li data-sourcepos=\"10:1-10:96\"><strong>Apto para principiantes:<\/strong> <span class=\"citation-8 recitation citation-end-8\">f\u00e1cil de volar y controlar, incluso para pilotos de drones principiantes.<\/span><span class=\"button-container hide-from-message-actions ng-star-inserted\">\u00a0 \u00a0<\/span>\n<div class=\"container ng-tns-c1096152320-43 hide\">\n<div class=\"carousel-container ng-tns-c1096152320-43\">\n<div class=\"carousel-content ng-tns-c1096152320-43\">\n<div class=\"sources-carousel-source ng-tns-c1096152320-43 hide ng-star-inserted\" data-test-id=\"sources-carousel-source\"><\/div>\n<\/div>\n<\/div>\n<\/div>\n<\/li>\n<li data-sourcepos=\"11:1-12:0\"><strong><span class=\"citation-9 recitation\">Transmisi\u00f3n de video digital O2:<\/span><\/strong><span class=\"citation-9 recitation citation-end-9\"> disfruta de una transmisi\u00f3n de video estable y confiable hasta 10 km.<\/span><span class=\"button-container hide-from-message-actions ng-star-inserted\">\u00a0 \u00a0<\/span>\n<div class=\"container ng-tns-c1096152320-44 hide\">\n<div class=\"carousel-container ng-tns-c1096152320-44\">\n<div class=\"carousel-content ng-tns-c1096152320-44\">\n<div class=\"sources-carousel-source ng-tns-c1096152320-44 hide ng-star-inserted\" data-test-id=\"sources-carousel-source\"><\/div>\n<\/div>\n<\/div>\n<\/div>\n<\/li>\n<\/ul>\n<p data-sourcepos=\"13:1-13:122\"><span class=\"citation-10 recitation citation-end-10\">El DJI Mini 3 (DJI RC) es el dron perfecto para quienes buscan capturar im\u00e1genes a\u00e9reas impresionantes con facilidad.<\/span><span class=\"button-container hide-from-message-actions ng-star-inserted\">\u00a0 \u00a0<\/span><\/p>\n<\/div>\n<div class=\"response-footer gap complete\">\n<div class=\"container ng-tns-c1096152320-31\">\n<div class=\"carousel-container ng-tns-c1096152320-31\">\n<div class=\"carousel-content ng-tns-c1096152320-31\">\n<div class=\"sources-carousel-source ng-tns-c1096152320-31 ng-star-inserted\" data-test-id=\"sources-carousel-source\">\n<div class=\"source-card-container\">\n<div class=\"source-card-content\">\n<div class=\"source-card-body\">\n<div class=\"source-card-header\">\n<div class=\"source-card-title\"><\/div>\n<\/div>\n<\/div>\n<\/div>\n<\/div>\n<\/div>\n<\/div>\n<\/div>\n<\/div>\n<\/div>","protected":false},"excerpt":{"rendered":"<p>El DJI Mini 3 (DJI RC) es un dron con c\u00e1mara compacto y ultraligero dise\u00f1ado para la aventura. Cuenta con una bater\u00eda de mayor duraci\u00f3n, video HDR 4K con gran detalle y funciones divertidas como True Vertical Shooting para tomar fotograf\u00edas optimizadas para las redes sociales. Ya sea que est\u00e9s capturando un viaje \u00e9pico o simplemente un d\u00eda en tu propio patio trasero, el Mini 3 est\u00e1 listo para el momento.<\/p>","protected":false},"featured_media":17416,"comment_status":"open","ping_status":"closed","template":"","meta":[],"product_brand":[],"product_cat":[752,37,29,792,790],"product_tag":[42,799,783],"class_list":{"0":"post-17651","1":"product","2":"type-product","3":"status-publish","4":"has-post-thumbnail","6":"product_cat-aerial-photography","7":"product_cat-dji","8":"product_cat-drones","9":"product_cat-drones-mini-3","10":"product_cat-mini-3","11":"product_tag-dji","12":"product_tag-dji-mini-3","13":"product_tag-dji-rc","15":"first","16":"outofstock","17":"taxable","18":"shipping-taxable","19":"purchasable","20":"product-type-simple"},"yoast_head":"<!-- This site is optimized with the Yoast SEO plugin v27.4 - https:\/\/yoast.com\/product\/yoast-seo-wordpress\/ -->\n<title>DJI Mini 3 (DJI RC) - Ghostysky<\/title>\n<meta name=\"description\" content=\"The DJI Mini 3 (DJI RC) is a compact, ultra-lightweight camera drone designed for adventure. It features an extended battery life, detail-rich 4K HDR video, and fun features like True Vertical Shooting for social-media-optimized shots. Whether you&#039;re capturing an epic journey or just a day in your own backyard, the Mini 3 is ready for the moment.\" \/>\n<meta name=\"robots\" content=\"index, follow, max-snippet:-1, max-image-preview:large, max-video-preview:-1\" \/>\n<link rel=\"canonical\" href=\"https:\/\/www.ghostysky.com\/es\/producto-2\/dji-mini-3-dji-rc\/\" \/>\n<meta property=\"og:locale\" content=\"es_ES\" \/>\n<meta property=\"og:type\" content=\"article\" \/>\n<meta property=\"og:title\" content=\"DJI Mini 3 (DJI RC) - Ghostysky\" \/>\n<meta property=\"og:description\" content=\"The DJI Mini 3 (DJI RC) is a compact, ultra-lightweight camera drone designed for adventure. It features an extended battery life, detail-rich 4K HDR video, and fun features like True Vertical Shooting for social-media-optimized shots. Whether you&#039;re capturing an epic journey or just a day in your own backyard, the Mini 3 is ready for the moment.\" \/>\n<meta property=\"og:url\" content=\"https:\/\/www.ghostysky.com\/es\/producto-2\/dji-mini-3-dji-rc\/\" \/>\n<meta property=\"og:site_name\" content=\"Ghostysky\" \/>\n<meta property=\"article:publisher\" content=\"https:\/\/www.facebook.com\/people\/Ghostysky\/100057676170234\/\" \/>\n<meta property=\"article:modified_time\" content=\"2026-01-15T06:59:46+00:00\" \/>\n<meta property=\"og:image\" content=\"https:\/\/www.ghostysky.com\/wp-content\/uploads\/2024\/03\/GH-Mini3_1.jpg\" \/>\n\t<meta property=\"og:image:width\" content=\"1280\" \/>\n\t<meta property=\"og:image:height\" content=\"1280\" \/>\n\t<meta property=\"og:image:type\" content=\"image\/jpeg\" \/>\n<meta name=\"twitter:card\" content=\"summary_large_image\" \/>\n<meta name=\"twitter:site\" content=\"@Gh0stysky\" \/>\n<meta name=\"twitter:label1\" content=\"Tiempo de lectura\" \/>\n\t<meta name=\"twitter:data1\" content=\"1 minuto\" \/>\n<script type=\"application\/ld+json\" class=\"yoast-schema-graph\">{\"@context\":\"https:\\\/\\\/schema.org\",\"@graph\":[{\"@type\":\"WebPage\",\"@id\":\"https:\\\/\\\/www.ghostysky.com\\\/product\\\/dji-mini-3-dji-rc\\\/\",\"url\":\"https:\\\/\\\/www.ghostysky.com\\\/product\\\/dji-mini-3-dji-rc\\\/\",\"name\":\"DJI Mini 3 (DJI RC) - Ghostysky\",\"isPartOf\":{\"@id\":\"https:\\\/\\\/www.ghostysky.com\\\/#website\"},\"primaryImageOfPage\":{\"@id\":\"https:\\\/\\\/www.ghostysky.com\\\/product\\\/dji-mini-3-dji-rc\\\/#primaryimage\"},\"image\":{\"@id\":\"https:\\\/\\\/www.ghostysky.com\\\/product\\\/dji-mini-3-dji-rc\\\/#primaryimage\"},\"thumbnailUrl\":\"https:\\\/\\\/www.ghostysky.com\\\/wp-content\\\/uploads\\\/2024\\\/03\\\/GH-Mini3_1.jpg\",\"datePublished\":\"2024-03-17T08:46:39+00:00\",\"dateModified\":\"2026-01-15T06:59:46+00:00\",\"description\":\"The DJI Mini 3 (DJI RC) is a compact, ultra-lightweight camera drone designed for adventure. It features an extended battery life, detail-rich 4K HDR video, and fun features like True Vertical Shooting for social-media-optimized shots. Whether you're capturing an epic journey or just a day in your own backyard, the Mini 3 is ready for the moment.\",\"breadcrumb\":{\"@id\":\"https:\\\/\\\/www.ghostysky.com\\\/product\\\/dji-mini-3-dji-rc\\\/#breadcrumb\"},\"inLanguage\":\"es\",\"potentialAction\":[{\"@type\":\"ReadAction\",\"target\":[\"https:\\\/\\\/www.ghostysky.com\\\/product\\\/dji-mini-3-dji-rc\\\/\"]}]},{\"@type\":\"ImageObject\",\"inLanguage\":\"es\",\"@id\":\"https:\\\/\\\/www.ghostysky.com\\\/product\\\/dji-mini-3-dji-rc\\\/#primaryimage\",\"url\":\"https:\\\/\\\/www.ghostysky.com\\\/wp-content\\\/uploads\\\/2024\\\/03\\\/GH-Mini3_1.jpg\",\"contentUrl\":\"https:\\\/\\\/www.ghostysky.com\\\/wp-content\\\/uploads\\\/2024\\\/03\\\/GH-Mini3_1.jpg\",\"width\":1280,\"height\":1280},{\"@type\":\"BreadcrumbList\",\"@id\":\"https:\\\/\\\/www.ghostysky.com\\\/product\\\/dji-mini-3-dji-rc\\\/#breadcrumb\",\"itemListElement\":[{\"@type\":\"ListItem\",\"position\":1,\"name\":\"Home\",\"item\":\"https:\\\/\\\/www.ghostysky.com\\\/\"},{\"@type\":\"ListItem\",\"position\":2,\"name\":\"Shop\",\"item\":\"https:\\\/\\\/www.ghostysky.com\\\/shop\\\/\"},{\"@type\":\"ListItem\",\"position\":3,\"name\":\"DJI Mini 3 (DJI RC)\"}]},{\"@type\":\"WebSite\",\"@id\":\"https:\\\/\\\/www.ghostysky.com\\\/#website\",\"url\":\"https:\\\/\\\/www.ghostysky.com\\\/\",\"name\":\"Ghostysky\",\"description\":\"Delivering professional drones and robotics solutions\",\"publisher\":{\"@id\":\"https:\\\/\\\/www.ghostysky.com\\\/#organization\"},\"potentialAction\":[{\"@type\":\"SearchAction\",\"target\":{\"@type\":\"EntryPoint\",\"urlTemplate\":\"https:\\\/\\\/www.ghostysky.com\\\/?s={search_term_string}\"},\"query-input\":{\"@type\":\"PropertyValueSpecification\",\"valueRequired\":true,\"valueName\":\"search_term_string\"}}],\"inLanguage\":\"es\"},{\"@type\":\"Organization\",\"@id\":\"https:\\\/\\\/www.ghostysky.com\\\/#organization\",\"name\":\"Ghostysky\",\"url\":\"https:\\\/\\\/www.ghostysky.com\\\/\",\"logo\":{\"@type\":\"ImageObject\",\"inLanguage\":\"es\",\"@id\":\"https:\\\/\\\/www.ghostysky.com\\\/#\\\/schema\\\/logo\\\/image\\\/\",\"url\":\"https:\\\/\\\/www.ghostysky.com\\\/wp-content\\\/uploads\\\/2020\\\/06\\\/cropped-ghostyskylogo_text_white2.png\",\"contentUrl\":\"https:\\\/\\\/www.ghostysky.com\\\/wp-content\\\/uploads\\\/2020\\\/06\\\/cropped-ghostyskylogo_text_white2.png\",\"width\":169,\"height\":56,\"caption\":\"Ghostysky\"},\"image\":{\"@id\":\"https:\\\/\\\/www.ghostysky.com\\\/#\\\/schema\\\/logo\\\/image\\\/\"},\"sameAs\":[\"https:\\\/\\\/www.facebook.com\\\/people\\\/Ghostysky\\\/100057676170234\\\/\",\"https:\\\/\\\/x.com\\\/Gh0stysky\",\"https:\\\/\\\/www.linkedin.com\\\/company\\\/34739653\",\"https:\\\/\\\/www.instagram.com\\\/gh0stysky\"]}]}<\/script>\n<!-- \/ Yoast SEO plugin. -->","yoast_head_json":{"title":"DJI Mini 3 (DJI RC) - Ghostysky","description":"El DJI Mini 3 (DJI RC) es un dron con c\u00e1mara compacto y ultraligero, dise\u00f1ado para la aventura. Ofrece una bater\u00eda de larga duraci\u00f3n, video HDR 4K con gran detalle y divertidas funciones como el Disparo Vertical Real para fotos optimizadas para redes sociales. Ya sea que est\u00e9s capturando una aventura \u00e9pica o simplemente un d\u00eda en tu jard\u00edn, el Mini 3 est\u00e1 listo para el momento.","robots":{"index":"index","follow":"follow","max-snippet":"max-snippet:-1","max-image-preview":"max-image-preview:large","max-video-preview":"max-video-preview:-1"},"canonical":"https:\/\/www.ghostysky.com\/es\/producto-2\/dji-mini-3-dji-rc\/","og_locale":"es_ES","og_type":"article","og_title":"DJI Mini 3 (DJI RC) - Ghostysky","og_description":"The DJI Mini 3 (DJI RC) is a compact, ultra-lightweight camera drone designed for adventure. It features an extended battery life, detail-rich 4K HDR video, and fun features like True Vertical Shooting for social-media-optimized shots. Whether you're capturing an epic journey or just a day in your own backyard, the Mini 3 is ready for the moment.","og_url":"https:\/\/www.ghostysky.com\/es\/producto-2\/dji-mini-3-dji-rc\/","og_site_name":"Ghostysky","article_publisher":"https:\/\/www.facebook.com\/people\/Ghostysky\/100057676170234\/","article_modified_time":"2026-01-15T06:59:46+00:00","og_image":[{"width":1280,"height":1280,"url":"https:\/\/www.ghostysky.com\/wp-content\/uploads\/2024\/03\/GH-Mini3_1.jpg","type":"image\/jpeg"}],"twitter_card":"summary_large_image","twitter_site":"@Gh0stysky","twitter_misc":{"Tiempo de lectura":"1 minuto"},"schema":{"@context":"https:\/\/schema.org","@graph":[{"@type":"WebPage","@id":"https:\/\/www.ghostysky.com\/product\/dji-mini-3-dji-rc\/","url":"https:\/\/www.ghostysky.com\/product\/dji-mini-3-dji-rc\/","name":"DJI Mini 3 (DJI RC) - Ghostysky","isPartOf":{"@id":"https:\/\/www.ghostysky.com\/#website"},"primaryImageOfPage":{"@id":"https:\/\/www.ghostysky.com\/product\/dji-mini-3-dji-rc\/#primaryimage"},"image":{"@id":"https:\/\/www.ghostysky.com\/product\/dji-mini-3-dji-rc\/#primaryimage"},"thumbnailUrl":"https:\/\/www.ghostysky.com\/wp-content\/uploads\/2024\/03\/GH-Mini3_1.jpg","datePublished":"2024-03-17T08:46:39+00:00","dateModified":"2026-01-15T06:59:46+00:00","description":"El DJI Mini 3 (DJI RC) es un dron con c\u00e1mara compacto y ultraligero, dise\u00f1ado para la aventura. Ofrece una bater\u00eda de larga duraci\u00f3n, video HDR 4K con gran detalle y divertidas funciones como el Disparo Vertical Real para fotos optimizadas para redes sociales. Ya sea que est\u00e9s capturando una aventura \u00e9pica o simplemente un d\u00eda en tu jard\u00edn, el Mini 3 est\u00e1 listo para el momento.","breadcrumb":{"@id":"https:\/\/www.ghostysky.com\/product\/dji-mini-3-dji-rc\/#breadcrumb"},"inLanguage":"es","potentialAction":[{"@type":"ReadAction","target":["https:\/\/www.ghostysky.com\/product\/dji-mini-3-dji-rc\/"]}]},{"@type":"ImageObject","inLanguage":"es","@id":"https:\/\/www.ghostysky.com\/product\/dji-mini-3-dji-rc\/#primaryimage","url":"https:\/\/www.ghostysky.com\/wp-content\/uploads\/2024\/03\/GH-Mini3_1.jpg","contentUrl":"https:\/\/www.ghostysky.com\/wp-content\/uploads\/2024\/03\/GH-Mini3_1.jpg","width":1280,"height":1280},{"@type":"BreadcrumbList","@id":"https:\/\/www.ghostysky.com\/product\/dji-mini-3-dji-rc\/#breadcrumb","itemListElement":[{"@type":"ListItem","position":1,"name":"Home","item":"https:\/\/www.ghostysky.com\/"},{"@type":"ListItem","position":2,"name":"Shop","item":"https:\/\/www.ghostysky.com\/shop\/"},{"@type":"ListItem","position":3,"name":"DJI Mini 3 (DJI RC)"}]},{"@type":"WebSite","@id":"https:\/\/www.ghostysky.com\/#website","url":"https:\/\/www.ghostysky.com\/","name":"Ghostysky","description":"Ofrecemos soluciones profesionales de drones y rob\u00f3tica.","publisher":{"@id":"https:\/\/www.ghostysky.com\/#organization"},"potentialAction":[{"@type":"SearchAction","target":{"@type":"EntryPoint","urlTemplate":"https:\/\/www.ghostysky.com\/?s={search_term_string}"},"query-input":{"@type":"PropertyValueSpecification","valueRequired":true,"valueName":"search_term_string"}}],"inLanguage":"es"},{"@type":"Organization","@id":"https:\/\/www.ghostysky.com\/#organization","name":"Ghostysky","url":"https:\/\/www.ghostysky.com\/","logo":{"@type":"ImageObject","inLanguage":"es","@id":"https:\/\/www.ghostysky.com\/#\/schema\/logo\/image\/","url":"https:\/\/www.ghostysky.com\/wp-content\/uploads\/2020\/06\/cropped-ghostyskylogo_text_white2.png","contentUrl":"https:\/\/www.ghostysky.com\/wp-content\/uploads\/2020\/06\/cropped-ghostyskylogo_text_white2.png","width":169,"height":56,"caption":"Ghostysky"},"image":{"@id":"https:\/\/www.ghostysky.com\/#\/schema\/logo\/image\/"},"sameAs":["https:\/\/www.facebook.com\/people\/Ghostysky\/100057676170234\/","https:\/\/x.com\/Gh0stysky","https:\/\/www.linkedin.com\/company\/34739653","https:\/\/www.instagram.com\/gh0stysky"]}]}},"_links":{"self":[{"href":"https:\/\/www.ghostysky.com\/es\/wp-json\/wp\/v2\/product\/17651","targetHints":{"allow":["GET"]}}],"collection":[{"href":"https:\/\/www.ghostysky.com\/es\/wp-json\/wp\/v2\/product"}],"about":[{"href":"https:\/\/www.ghostysky.com\/es\/wp-json\/wp\/v2\/types\/product"}],"replies":[{"embeddable":true,"href":"https:\/\/www.ghostysky.com\/es\/wp-json\/wp\/v2\/comments?post=17651"}],"version-history":[{"count":0,"href":"https:\/\/www.ghostysky.com\/es\/wp-json\/wp\/v2\/product\/17651\/revisions"}],"wp:featuredmedia":[{"embeddable":true,"href":"https:\/\/www.ghostysky.com\/es\/wp-json\/wp\/v2\/media\/17416"}],"wp:attachment":[{"href":"https:\/\/www.ghostysky.com\/es\/wp-json\/wp\/v2\/media?parent=17651"}],"wp:term":[{"taxonomy":"product_brand","embeddable":true,"href":"https:\/\/www.ghostysky.com\/es\/wp-json\/wp\/v2\/product_brand?post=17651"},{"taxonomy":"product_cat","embeddable":true,"href":"https:\/\/www.ghostysky.com\/es\/wp-json\/wp\/v2\/product_cat?post=17651"},{"taxonomy":"product_tag","embeddable":true,"href":"https:\/\/www.ghostysky.com\/es\/wp-json\/wp\/v2\/product_tag?post=17651"}],"curies":[{"name":"wp","href":"https:\/\/api.w.org\/{rel}","templated":true}]}}