{"id":17657,"date":"2024-03-17T09:00:05","date_gmt":"2024-03-17T09:00:05","guid":{"rendered":"https:\/\/www.ghostysky.com\/?post_type=product&#038;p=17657"},"modified":"2024-08-15T13:25:52","modified_gmt":"2024-08-15T13:25:52","slug":"dji-mini-3-pro-dji-rc","status":"publish","type":"product","link":"https:\/\/www.ghostysky.com\/es\/product\/dji-mini-3-pro-dji-rc\/","title":{"rendered":"DJI Mini 3 Pro (DJI RC)"},"content":{"rendered":"<ul data-sourcepos=\"3:1-10:0\">\n<li data-sourcepos=\"3:1-4:0\">\n<p data-sourcepos=\"3:1-3:65\">Estas son algunas de las caracter\u00edsticas clave del DJI Mini 3 Pro (DJI RC):<\/p>\n<ul data-sourcepos=\"5:1-11:0\">\n<li data-sourcepos=\"5:1-5:31\">Ligero (menos de 249 gramos)<\/li>\n<li data-sourcepos=\"6:1-6:34\">Detecci\u00f3n de obst\u00e1culos tridireccional<\/li>\n<li data-sourcepos=\"7:1-7:24\">Grabaci\u00f3n de v\u00eddeo 4K HDR<\/li>\n<li data-sourcepos=\"8:1-8:30\">C\u00e1mara lenta de 1080p a 120 fps<\/li>\n<li data-sourcepos=\"9:1-9:31\">Tiempo m\u00e1ximo de vuelo de 34 minutos.<\/li>\n<li data-sourcepos=\"10:1-11:0\">Mando a distancia DJI RC-N1<\/li>\n<\/ul>\n<p data-sourcepos=\"12:1-12:156\">En general, el DJI Mini 3 Pro (DJI RC) es un dron potente y port\u00e1til, ideal para fot\u00f3grafos y camar\u00f3grafos profesionales y aficionados.<\/p>\n<\/li>\n<\/ul>","protected":false},"excerpt":{"rendered":"<p>El DJI Mini 3 Pro (DJI RC) es un dron liviano que pesa menos de 249 gramos, lo que lo hace compatible con muchas regulaciones de drones en todo el mundo. Est\u00e1 equipado con detecci\u00f3n de obst\u00e1culos tridireccional (hacia adelante, hacia atr\u00e1s y hacia abajo) para ayudar a evitar colisiones. Puede grabar v\u00eddeo en 4K HDR a hasta 60 fps, as\u00ed como en c\u00e1mara lenta de 1080p a 120 fps. El DJI Mini 3 Pro (DJI RC) tiene un tiempo de vuelo m\u00e1ximo de 34 minutos y viene con un control remoto DJI RC-N1.<\/p>","protected":false},"featured_media":17423,"comment_status":"open","ping_status":"closed","template":"","meta":[],"product_brand":[],"product_cat":[752,37,29,795,794],"product_tag":[42,783,800],"class_list":{"0":"post-17657","1":"product","2":"type-product","3":"status-publish","4":"has-post-thumbnail","6":"product_cat-aerial-photography","7":"product_cat-dji","8":"product_cat-drones","9":"product_cat-drones-mini-3-pro","10":"product_cat-mini-3-pro","11":"product_tag-dji","12":"product_tag-dji-rc","13":"product_tag-mini-3-pro","15":"first","16":"outofstock","17":"taxable","18":"shipping-taxable","19":"purchasable","20":"product-type-simple"},"yoast_head":"<!-- This site is optimized with the Yoast SEO plugin v27.1.1 - https:\/\/yoast.com\/product\/yoast-seo-wordpress\/ -->\n<title>DJI Mini 3 Pro (DJI RC) - Ghostysky<\/title>\n<meta name=\"description\" content=\"The DJI Mini 3 Pro (DJI RC) is a lightweight drone that weighs less than 249 grams, making it compliant with many drone regulations around the world. It is equipped with tri-directional obstacle sensing (forward, backward, and downward) to help avoid collisions.\" \/>\n<meta name=\"robots\" content=\"index, follow, max-snippet:-1, max-image-preview:large, max-video-preview:-1\" \/>\n<link rel=\"canonical\" href=\"https:\/\/www.ghostysky.com\/es\/producto-2\/dji-mini-3-pro-dji-rc\/\" \/>\n<meta property=\"og:locale\" content=\"es_ES\" \/>\n<meta property=\"og:type\" content=\"article\" \/>\n<meta property=\"og:title\" content=\"DJI Mini 3 Pro (DJI RC) - Ghostysky\" \/>\n<meta property=\"og:description\" content=\"The DJI Mini 3 Pro (DJI RC) is a lightweight drone that weighs less than 249 grams, making it compliant with many drone regulations around the world. It is equipped with tri-directional obstacle sensing (forward, backward, and downward) to help avoid collisions.\" \/>\n<meta property=\"og:url\" content=\"https:\/\/www.ghostysky.com\/es\/producto-2\/dji-mini-3-pro-dji-rc\/\" \/>\n<meta property=\"og:site_name\" content=\"Ghostysky\" \/>\n<meta property=\"article:publisher\" content=\"https:\/\/www.facebook.com\/people\/Ghostysky\/100057676170234\/\" \/>\n<meta property=\"article:modified_time\" content=\"2024-08-15T13:25:52+00:00\" \/>\n<meta property=\"og:image\" content=\"https:\/\/www.ghostysky.com\/wp-content\/uploads\/2024\/03\/GH-Mini3_Pro_1.jpg\" \/>\n\t<meta property=\"og:image:width\" content=\"1280\" \/>\n\t<meta property=\"og:image:height\" content=\"1280\" \/>\n\t<meta property=\"og:image:type\" content=\"image\/jpeg\" \/>\n<meta name=\"twitter:card\" content=\"summary_large_image\" \/>\n<meta name=\"twitter:site\" content=\"@Gh0stysky\" \/>\n<meta name=\"twitter:label1\" content=\"Tiempo de lectura\" \/>\n\t<meta name=\"twitter:data1\" content=\"1 minuto\" \/>\n<script type=\"application\/ld+json\" class=\"yoast-schema-graph\">{\"@context\":\"https:\/\/schema.org\",\"@graph\":[{\"@type\":\"WebPage\",\"@id\":\"https:\/\/www.ghostysky.com\/product\/dji-mini-3-pro-dji-rc\/\",\"url\":\"https:\/\/www.ghostysky.com\/product\/dji-mini-3-pro-dji-rc\/\",\"name\":\"DJI Mini 3 Pro (DJI RC) - Ghostysky\",\"isPartOf\":{\"@id\":\"https:\/\/www.ghostysky.com\/#website\"},\"primaryImageOfPage\":{\"@id\":\"https:\/\/www.ghostysky.com\/product\/dji-mini-3-pro-dji-rc\/#primaryimage\"},\"image\":{\"@id\":\"https:\/\/www.ghostysky.com\/product\/dji-mini-3-pro-dji-rc\/#primaryimage\"},\"thumbnailUrl\":\"https:\/\/www.ghostysky.com\/wp-content\/uploads\/2024\/03\/GH-Mini3_Pro_1.jpg\",\"datePublished\":\"2024-03-17T09:00:05+00:00\",\"dateModified\":\"2024-08-15T13:25:52+00:00\",\"description\":\"The DJI Mini 3 Pro (DJI RC) is a lightweight drone that weighs less than 249 grams, making it compliant with many drone regulations around the world. It is equipped with tri-directional obstacle sensing (forward, backward, and downward) to help avoid collisions.\",\"breadcrumb\":{\"@id\":\"https:\/\/www.ghostysky.com\/product\/dji-mini-3-pro-dji-rc\/#breadcrumb\"},\"inLanguage\":\"es\",\"potentialAction\":[{\"@type\":\"ReadAction\",\"target\":[\"https:\/\/www.ghostysky.com\/product\/dji-mini-3-pro-dji-rc\/\"]}]},{\"@type\":\"ImageObject\",\"inLanguage\":\"es\",\"@id\":\"https:\/\/www.ghostysky.com\/product\/dji-mini-3-pro-dji-rc\/#primaryimage\",\"url\":\"https:\/\/www.ghostysky.com\/wp-content\/uploads\/2024\/03\/GH-Mini3_Pro_1.jpg\",\"contentUrl\":\"https:\/\/www.ghostysky.com\/wp-content\/uploads\/2024\/03\/GH-Mini3_Pro_1.jpg\",\"width\":1280,\"height\":1280},{\"@type\":\"BreadcrumbList\",\"@id\":\"https:\/\/www.ghostysky.com\/product\/dji-mini-3-pro-dji-rc\/#breadcrumb\",\"itemListElement\":[{\"@type\":\"ListItem\",\"position\":1,\"name\":\"Home\",\"item\":\"https:\/\/www.ghostysky.com\/\"},{\"@type\":\"ListItem\",\"position\":2,\"name\":\"Shop\",\"item\":\"https:\/\/www.ghostysky.com\/shop\/\"},{\"@type\":\"ListItem\",\"position\":3,\"name\":\"DJI Mini 3 Pro (DJI RC)\"}]},{\"@type\":\"WebSite\",\"@id\":\"https:\/\/www.ghostysky.com\/#website\",\"url\":\"https:\/\/www.ghostysky.com\/\",\"name\":\"Ghostysky\",\"description\":\"Delivering professional drones and services\",\"publisher\":{\"@id\":\"https:\/\/www.ghostysky.com\/#organization\"},\"potentialAction\":[{\"@type\":\"SearchAction\",\"target\":{\"@type\":\"EntryPoint\",\"urlTemplate\":\"https:\/\/www.ghostysky.com\/?s={search_term_string}\"},\"query-input\":{\"@type\":\"PropertyValueSpecification\",\"valueRequired\":true,\"valueName\":\"search_term_string\"}}],\"inLanguage\":\"es\"},{\"@type\":\"Organization\",\"@id\":\"https:\/\/www.ghostysky.com\/#organization\",\"name\":\"Ghostysky\",\"url\":\"https:\/\/www.ghostysky.com\/\",\"logo\":{\"@type\":\"ImageObject\",\"inLanguage\":\"es\",\"@id\":\"https:\/\/www.ghostysky.com\/#\/schema\/logo\/image\/\",\"url\":\"https:\/\/www.ghostysky.com\/wp-content\/uploads\/2020\/06\/cropped-ghostyskylogo_text_white2.png\",\"contentUrl\":\"https:\/\/www.ghostysky.com\/wp-content\/uploads\/2020\/06\/cropped-ghostyskylogo_text_white2.png\",\"width\":169,\"height\":56,\"caption\":\"Ghostysky\"},\"image\":{\"@id\":\"https:\/\/www.ghostysky.com\/#\/schema\/logo\/image\/\"},\"sameAs\":[\"https:\/\/www.facebook.com\/people\/Ghostysky\/100057676170234\/\",\"https:\/\/x.com\/Gh0stysky\",\"https:\/\/www.linkedin.com\/company\/34739653\",\"https:\/\/www.instagram.com\/gh0stysky\"]}]}<\/script>\n<!-- \/ Yoast SEO plugin. -->","yoast_head_json":{"title":"DJI Mini 3 Pro (DJI RC) - Ghostysky","description":"El DJI Mini 3 Pro (DJI RC) es un dron liviano que pesa menos de 249 gramos, lo que lo hace compatible con muchas regulaciones de drones en todo el mundo. Est\u00e1 equipado con detecci\u00f3n de obst\u00e1culos tridireccional (hacia adelante, hacia atr\u00e1s y hacia abajo) para ayudar a evitar colisiones.","robots":{"index":"index","follow":"follow","max-snippet":"max-snippet:-1","max-image-preview":"max-image-preview:large","max-video-preview":"max-video-preview:-1"},"canonical":"https:\/\/www.ghostysky.com\/es\/producto-2\/dji-mini-3-pro-dji-rc\/","og_locale":"es_ES","og_type":"article","og_title":"DJI Mini 3 Pro (DJI RC) - Ghostysky","og_description":"The DJI Mini 3 Pro (DJI RC) is a lightweight drone that weighs less than 249 grams, making it compliant with many drone regulations around the world. It is equipped with tri-directional obstacle sensing (forward, backward, and downward) to help avoid collisions.","og_url":"https:\/\/www.ghostysky.com\/es\/producto-2\/dji-mini-3-pro-dji-rc\/","og_site_name":"Ghostysky","article_publisher":"https:\/\/www.facebook.com\/people\/Ghostysky\/100057676170234\/","article_modified_time":"2024-08-15T13:25:52+00:00","og_image":[{"width":1280,"height":1280,"url":"https:\/\/www.ghostysky.com\/wp-content\/uploads\/2024\/03\/GH-Mini3_Pro_1.jpg","type":"image\/jpeg"}],"twitter_card":"summary_large_image","twitter_site":"@Gh0stysky","twitter_misc":{"Tiempo de lectura":"1 minuto"},"schema":{"@context":"https:\/\/schema.org","@graph":[{"@type":"WebPage","@id":"https:\/\/www.ghostysky.com\/product\/dji-mini-3-pro-dji-rc\/","url":"https:\/\/www.ghostysky.com\/product\/dji-mini-3-pro-dji-rc\/","name":"DJI Mini 3 Pro (DJI RC) - Ghostysky","isPartOf":{"@id":"https:\/\/www.ghostysky.com\/#website"},"primaryImageOfPage":{"@id":"https:\/\/www.ghostysky.com\/product\/dji-mini-3-pro-dji-rc\/#primaryimage"},"image":{"@id":"https:\/\/www.ghostysky.com\/product\/dji-mini-3-pro-dji-rc\/#primaryimage"},"thumbnailUrl":"https:\/\/www.ghostysky.com\/wp-content\/uploads\/2024\/03\/GH-Mini3_Pro_1.jpg","datePublished":"2024-03-17T09:00:05+00:00","dateModified":"2024-08-15T13:25:52+00:00","description":"El DJI Mini 3 Pro (DJI RC) es un dron liviano que pesa menos de 249 gramos, lo que lo hace compatible con muchas regulaciones de drones en todo el mundo. Est\u00e1 equipado con detecci\u00f3n de obst\u00e1culos tridireccional (hacia adelante, hacia atr\u00e1s y hacia abajo) para ayudar a evitar colisiones.","breadcrumb":{"@id":"https:\/\/www.ghostysky.com\/product\/dji-mini-3-pro-dji-rc\/#breadcrumb"},"inLanguage":"es","potentialAction":[{"@type":"ReadAction","target":["https:\/\/www.ghostysky.com\/product\/dji-mini-3-pro-dji-rc\/"]}]},{"@type":"ImageObject","inLanguage":"es","@id":"https:\/\/www.ghostysky.com\/product\/dji-mini-3-pro-dji-rc\/#primaryimage","url":"https:\/\/www.ghostysky.com\/wp-content\/uploads\/2024\/03\/GH-Mini3_Pro_1.jpg","contentUrl":"https:\/\/www.ghostysky.com\/wp-content\/uploads\/2024\/03\/GH-Mini3_Pro_1.jpg","width":1280,"height":1280},{"@type":"BreadcrumbList","@id":"https:\/\/www.ghostysky.com\/product\/dji-mini-3-pro-dji-rc\/#breadcrumb","itemListElement":[{"@type":"ListItem","position":1,"name":"Home","item":"https:\/\/www.ghostysky.com\/"},{"@type":"ListItem","position":2,"name":"Shop","item":"https:\/\/www.ghostysky.com\/shop\/"},{"@type":"ListItem","position":3,"name":"DJI Mini 3 Pro (DJI RC)"}]},{"@type":"WebSite","@id":"https:\/\/www.ghostysky.com\/#website","url":"https:\/\/www.ghostysky.com\/","name":"Ghostysky","description":"Entrega de drones y servicios profesionales","publisher":{"@id":"https:\/\/www.ghostysky.com\/#organization"},"potentialAction":[{"@type":"SearchAction","target":{"@type":"EntryPoint","urlTemplate":"https:\/\/www.ghostysky.com\/?s={search_term_string}"},"query-input":{"@type":"PropertyValueSpecification","valueRequired":true,"valueName":"search_term_string"}}],"inLanguage":"es"},{"@type":"Organization","@id":"https:\/\/www.ghostysky.com\/#organization","name":"Ghostysky","url":"https:\/\/www.ghostysky.com\/","logo":{"@type":"ImageObject","inLanguage":"es","@id":"https:\/\/www.ghostysky.com\/#\/schema\/logo\/image\/","url":"https:\/\/www.ghostysky.com\/wp-content\/uploads\/2020\/06\/cropped-ghostyskylogo_text_white2.png","contentUrl":"https:\/\/www.ghostysky.com\/wp-content\/uploads\/2020\/06\/cropped-ghostyskylogo_text_white2.png","width":169,"height":56,"caption":"Ghostysky"},"image":{"@id":"https:\/\/www.ghostysky.com\/#\/schema\/logo\/image\/"},"sameAs":["https:\/\/www.facebook.com\/people\/Ghostysky\/100057676170234\/","https:\/\/x.com\/Gh0stysky","https:\/\/www.linkedin.com\/company\/34739653","https:\/\/www.instagram.com\/gh0stysky"]}]}},"_links":{"self":[{"href":"https:\/\/www.ghostysky.com\/es\/wp-json\/wp\/v2\/product\/17657","targetHints":{"allow":["GET"]}}],"collection":[{"href":"https:\/\/www.ghostysky.com\/es\/wp-json\/wp\/v2\/product"}],"about":[{"href":"https:\/\/www.ghostysky.com\/es\/wp-json\/wp\/v2\/types\/product"}],"replies":[{"embeddable":true,"href":"https:\/\/www.ghostysky.com\/es\/wp-json\/wp\/v2\/comments?post=17657"}],"wp:featuredmedia":[{"embeddable":true,"href":"https:\/\/www.ghostysky.com\/es\/wp-json\/wp\/v2\/media\/17423"}],"wp:attachment":[{"href":"https:\/\/www.ghostysky.com\/es\/wp-json\/wp\/v2\/media?parent=17657"}],"wp:term":[{"taxonomy":"product_brand","embeddable":true,"href":"https:\/\/www.ghostysky.com\/es\/wp-json\/wp\/v2\/product_brand?post=17657"},{"taxonomy":"product_cat","embeddable":true,"href":"https:\/\/www.ghostysky.com\/es\/wp-json\/wp\/v2\/product_cat?post=17657"},{"taxonomy":"product_tag","embeddable":true,"href":"https:\/\/www.ghostysky.com\/es\/wp-json\/wp\/v2\/product_tag?post=17657"}],"curies":[{"name":"wp","href":"https:\/\/api.w.org\/{rel}","templated":true}]}}