{"id":17663,"date":"2024-03-17T09:08:35","date_gmt":"2024-03-17T09:08:35","guid":{"rendered":"https:\/\/www.ghostysky.com\/?post_type=product&#038;p=17663"},"modified":"2024-05-26T10:11:28","modified_gmt":"2024-05-26T10:11:28","slug":"dji-mini-4-pro-fly-more-combo-dji-rc2","status":"publish","type":"product","link":"https:\/\/www.ghostysky.com\/es\/product\/dji-mini-4-pro-fly-more-combo-dji-rc2\/","title":{"rendered":"Combo DJI Mini 4 Pro Vuela M\u00e1s (DJI RC2)"},"content":{"rendered":"<p data-sourcepos=\"3:1-3:19\"><strong>DJI Mini 4 Pro:<\/strong><\/p>\n<ul data-sourcepos=\"5:1-8:0\">\n<li data-sourcepos=\"5:1-5:166\">Ligero y port\u00e1til: Con un peso de menos de 250 gramos, el dron cumple con las regulaciones de peso que le permiten volar en la mayor\u00eda de las \u00e1reas sin necesidad de permisos especiales.<\/li>\n<li data-sourcepos=\"6:1-6:123\">C\u00e1mara potente: Cuenta con una c\u00e1mara de 48MP que puede tomar fotograf\u00edas y videos de alta calidad con resoluci\u00f3n 4K a hasta 100 fps.<\/li>\n<li data-sourcepos=\"7:1-8:0\">Tiempo de vuelo extendido: una sola bater\u00eda ofrece hasta 30 minutos de tiempo de vuelo, y Fly More Combo agrega bater\u00edas adicionales y un centro de carga para sesiones de vuelo prolongadas.<\/li>\n<\/ul>\n<p data-sourcepos=\"9:1-9:30\"><strong>Control remoto DJI RC2:<\/strong><\/p>\n<ul data-sourcepos=\"11:1-12:0\">\n<li data-sourcepos=\"11:1-12:0\">Pantalla integrada: El controlador DJI RC2 cuenta con una pantalla FHD incorporada, lo que elimina la necesidad de un tel\u00e9fono inteligente o tableta independiente para ver la transmisi\u00f3n en vivo desde el dron.<\/li>\n<\/ul>\n<p data-sourcepos=\"13:1-13:28\"><strong>Beneficios del combo Vuela M\u00e1s:<\/strong><\/p>\n<ul data-sourcepos=\"15:1-17:0\">\n<li data-sourcepos=\"15:1-15:124\">Bater\u00edas adicionales: El combo incluye bater\u00edas adicionales, lo que le permite volar durante per\u00edodos m\u00e1s prolongados sin necesidad de recargarlas.<\/li>\n<li data-sourcepos=\"16:1-17:0\">Centro de carga: El centro de carga incluido puede cargar varias bater\u00edas simult\u00e1neamente, lo que hace que sea conveniente mantenerlas cargadas.<\/li>\n<\/ul>\n<p data-sourcepos=\"18:1-18:270\">En general, el DJI Mini 4 Pro Fly More Combo (DJI RC2) es una buena opci\u00f3n para aquellos que desean un dron potente y port\u00e1til con tiempos de vuelo prolongados. El control remoto incluido con pantalla incorporada es una adici\u00f3n conveniente que elimina la necesidad de un dispositivo separado.<\/p>","protected":false},"excerpt":{"rendered":"<p>El DJI Mini 4 Pro Fly More Combo (DJI RC2) es un paquete que incluye el dron DJI Mini 4 Pro y el control remoto DJI RC2. El dron en s\u00ed es conocido por ser liviano y port\u00e1til, y al mismo tiempo ofrece una calidad de c\u00e1mara y un rendimiento de vuelo impresionantes.<\/p>","protected":false},"featured_media":17430,"comment_status":"open","ping_status":"closed","template":"","meta":[],"product_brand":[],"product_cat":[752,37,29,798,796],"product_tag":[42,778,774,802],"class_list":{"0":"post-17663","1":"product","2":"type-product","3":"status-publish","4":"has-post-thumbnail","6":"product_cat-aerial-photography","7":"product_cat-dji","8":"product_cat-drones","9":"product_cat-drones-mini-4-pro","10":"product_cat-mini-4-pro","11":"product_tag-dji","12":"product_tag-dji-rc2","13":"product_tag-fly-more-combo","14":"product_tag-mini-4-pro","16":"first","17":"outofstock","18":"taxable","19":"shipping-taxable","20":"purchasable","21":"product-type-simple"},"yoast_head":"<!-- This site is optimized with the Yoast SEO plugin v27.1.1 - https:\/\/yoast.com\/product\/yoast-seo-wordpress\/ -->\n<title>DJI Mini 4 Pro Fly More Combo (DJI RC2) - Ghostysky<\/title>\n<meta name=\"description\" content=\"The DJI Mini 4 Pro Fly More Combo (DJI RC2) is a bundle that includes the DJI Mini 4 Pro drone and the DJI RC2 remote controller. The drone itself is known for being lightweight and portable, while still offering impressive camera quality and flight performance.\" \/>\n<meta name=\"robots\" content=\"index, follow, max-snippet:-1, max-image-preview:large, max-video-preview:-1\" \/>\n<link rel=\"canonical\" href=\"https:\/\/www.ghostysky.com\/es\/producto-2\/dji-mini-4-pro-fly-more-combo-dji-rc2\/\" \/>\n<meta property=\"og:locale\" content=\"es_ES\" \/>\n<meta property=\"og:type\" content=\"article\" \/>\n<meta property=\"og:title\" content=\"DJI Mini 4 Pro Fly More Combo (DJI RC2) - Ghostysky\" \/>\n<meta property=\"og:description\" content=\"The DJI Mini 4 Pro Fly More Combo (DJI RC2) is a bundle that includes the DJI Mini 4 Pro drone and the DJI RC2 remote controller. The drone itself is known for being lightweight and portable, while still offering impressive camera quality and flight performance.\" \/>\n<meta property=\"og:url\" content=\"https:\/\/www.ghostysky.com\/es\/producto-2\/dji-mini-4-pro-fly-more-combo-dji-rc2\/\" \/>\n<meta property=\"og:site_name\" content=\"Ghostysky\" \/>\n<meta property=\"article:publisher\" content=\"https:\/\/www.facebook.com\/people\/Ghostysky\/100057676170234\/\" \/>\n<meta property=\"article:modified_time\" content=\"2024-05-26T10:11:28+00:00\" \/>\n<meta property=\"og:image\" content=\"https:\/\/www.ghostysky.com\/wp-content\/uploads\/2024\/03\/GH-Mini4_Pro_1.jpg\" \/>\n\t<meta property=\"og:image:width\" content=\"1280\" \/>\n\t<meta property=\"og:image:height\" content=\"1280\" \/>\n\t<meta property=\"og:image:type\" content=\"image\/jpeg\" \/>\n<meta name=\"twitter:card\" content=\"summary_large_image\" \/>\n<meta name=\"twitter:site\" content=\"@Gh0stysky\" \/>\n<meta name=\"twitter:label1\" content=\"Tiempo de lectura\" \/>\n\t<meta name=\"twitter:data1\" content=\"1 minuto\" \/>\n<script type=\"application\/ld+json\" class=\"yoast-schema-graph\">{\"@context\":\"https:\/\/schema.org\",\"@graph\":[{\"@type\":\"WebPage\",\"@id\":\"https:\/\/www.ghostysky.com\/product\/dji-mini-4-pro-fly-more-combo-dji-rc2\/\",\"url\":\"https:\/\/www.ghostysky.com\/product\/dji-mini-4-pro-fly-more-combo-dji-rc2\/\",\"name\":\"DJI Mini 4 Pro Fly More Combo (DJI RC2) - Ghostysky\",\"isPartOf\":{\"@id\":\"https:\/\/www.ghostysky.com\/#website\"},\"primaryImageOfPage\":{\"@id\":\"https:\/\/www.ghostysky.com\/product\/dji-mini-4-pro-fly-more-combo-dji-rc2\/#primaryimage\"},\"image\":{\"@id\":\"https:\/\/www.ghostysky.com\/product\/dji-mini-4-pro-fly-more-combo-dji-rc2\/#primaryimage\"},\"thumbnailUrl\":\"https:\/\/www.ghostysky.com\/wp-content\/uploads\/2024\/03\/GH-Mini4_Pro_1.jpg\",\"datePublished\":\"2024-03-17T09:08:35+00:00\",\"dateModified\":\"2024-05-26T10:11:28+00:00\",\"description\":\"The DJI Mini 4 Pro Fly More Combo (DJI RC2) is a bundle that includes the DJI Mini 4 Pro drone and the DJI RC2 remote controller. The drone itself is known for being lightweight and portable, while still offering impressive camera quality and flight performance.\",\"breadcrumb\":{\"@id\":\"https:\/\/www.ghostysky.com\/product\/dji-mini-4-pro-fly-more-combo-dji-rc2\/#breadcrumb\"},\"inLanguage\":\"es\",\"potentialAction\":[{\"@type\":\"ReadAction\",\"target\":[\"https:\/\/www.ghostysky.com\/product\/dji-mini-4-pro-fly-more-combo-dji-rc2\/\"]}]},{\"@type\":\"ImageObject\",\"inLanguage\":\"es\",\"@id\":\"https:\/\/www.ghostysky.com\/product\/dji-mini-4-pro-fly-more-combo-dji-rc2\/#primaryimage\",\"url\":\"https:\/\/www.ghostysky.com\/wp-content\/uploads\/2024\/03\/GH-Mini4_Pro_1.jpg\",\"contentUrl\":\"https:\/\/www.ghostysky.com\/wp-content\/uploads\/2024\/03\/GH-Mini4_Pro_1.jpg\",\"width\":1280,\"height\":1280},{\"@type\":\"BreadcrumbList\",\"@id\":\"https:\/\/www.ghostysky.com\/product\/dji-mini-4-pro-fly-more-combo-dji-rc2\/#breadcrumb\",\"itemListElement\":[{\"@type\":\"ListItem\",\"position\":1,\"name\":\"Home\",\"item\":\"https:\/\/www.ghostysky.com\/\"},{\"@type\":\"ListItem\",\"position\":2,\"name\":\"Shop\",\"item\":\"https:\/\/www.ghostysky.com\/shop\/\"},{\"@type\":\"ListItem\",\"position\":3,\"name\":\"DJI Mini 4 Pro Fly More Combo (DJI RC2)\"}]},{\"@type\":\"WebSite\",\"@id\":\"https:\/\/www.ghostysky.com\/#website\",\"url\":\"https:\/\/www.ghostysky.com\/\",\"name\":\"Ghostysky\",\"description\":\"Delivering professional drones and services\",\"publisher\":{\"@id\":\"https:\/\/www.ghostysky.com\/#organization\"},\"potentialAction\":[{\"@type\":\"SearchAction\",\"target\":{\"@type\":\"EntryPoint\",\"urlTemplate\":\"https:\/\/www.ghostysky.com\/?s={search_term_string}\"},\"query-input\":{\"@type\":\"PropertyValueSpecification\",\"valueRequired\":true,\"valueName\":\"search_term_string\"}}],\"inLanguage\":\"es\"},{\"@type\":\"Organization\",\"@id\":\"https:\/\/www.ghostysky.com\/#organization\",\"name\":\"Ghostysky\",\"url\":\"https:\/\/www.ghostysky.com\/\",\"logo\":{\"@type\":\"ImageObject\",\"inLanguage\":\"es\",\"@id\":\"https:\/\/www.ghostysky.com\/#\/schema\/logo\/image\/\",\"url\":\"https:\/\/www.ghostysky.com\/wp-content\/uploads\/2020\/06\/cropped-ghostyskylogo_text_white2.png\",\"contentUrl\":\"https:\/\/www.ghostysky.com\/wp-content\/uploads\/2020\/06\/cropped-ghostyskylogo_text_white2.png\",\"width\":169,\"height\":56,\"caption\":\"Ghostysky\"},\"image\":{\"@id\":\"https:\/\/www.ghostysky.com\/#\/schema\/logo\/image\/\"},\"sameAs\":[\"https:\/\/www.facebook.com\/people\/Ghostysky\/100057676170234\/\",\"https:\/\/x.com\/Gh0stysky\",\"https:\/\/www.linkedin.com\/company\/34739653\",\"https:\/\/www.instagram.com\/gh0stysky\"]}]}<\/script>\n<!-- \/ Yoast SEO plugin. -->","yoast_head_json":{"title":"Combo DJI Mini 4 Pro Vuela M\u00e1s (DJI RC2) - Ghostysky","description":"El DJI Mini 4 Pro Fly More Combo (DJI RC2) es un paquete que incluye el dron DJI Mini 4 Pro y el control remoto DJI RC2. El dron en s\u00ed es conocido por ser liviano y port\u00e1til, y al mismo tiempo ofrece una calidad de c\u00e1mara y un rendimiento de vuelo impresionantes.","robots":{"index":"index","follow":"follow","max-snippet":"max-snippet:-1","max-image-preview":"max-image-preview:large","max-video-preview":"max-video-preview:-1"},"canonical":"https:\/\/www.ghostysky.com\/es\/producto-2\/dji-mini-4-pro-fly-more-combo-dji-rc2\/","og_locale":"es_ES","og_type":"article","og_title":"DJI Mini 4 Pro Fly More Combo (DJI RC2) - Ghostysky","og_description":"The DJI Mini 4 Pro Fly More Combo (DJI RC2) is a bundle that includes the DJI Mini 4 Pro drone and the DJI RC2 remote controller. The drone itself is known for being lightweight and portable, while still offering impressive camera quality and flight performance.","og_url":"https:\/\/www.ghostysky.com\/es\/producto-2\/dji-mini-4-pro-fly-more-combo-dji-rc2\/","og_site_name":"Ghostysky","article_publisher":"https:\/\/www.facebook.com\/people\/Ghostysky\/100057676170234\/","article_modified_time":"2024-05-26T10:11:28+00:00","og_image":[{"width":1280,"height":1280,"url":"https:\/\/www.ghostysky.com\/wp-content\/uploads\/2024\/03\/GH-Mini4_Pro_1.jpg","type":"image\/jpeg"}],"twitter_card":"summary_large_image","twitter_site":"@Gh0stysky","twitter_misc":{"Tiempo de lectura":"1 minuto"},"schema":{"@context":"https:\/\/schema.org","@graph":[{"@type":"WebPage","@id":"https:\/\/www.ghostysky.com\/product\/dji-mini-4-pro-fly-more-combo-dji-rc2\/","url":"https:\/\/www.ghostysky.com\/product\/dji-mini-4-pro-fly-more-combo-dji-rc2\/","name":"Combo DJI Mini 4 Pro Vuela M\u00e1s (DJI RC2) - Ghostysky","isPartOf":{"@id":"https:\/\/www.ghostysky.com\/#website"},"primaryImageOfPage":{"@id":"https:\/\/www.ghostysky.com\/product\/dji-mini-4-pro-fly-more-combo-dji-rc2\/#primaryimage"},"image":{"@id":"https:\/\/www.ghostysky.com\/product\/dji-mini-4-pro-fly-more-combo-dji-rc2\/#primaryimage"},"thumbnailUrl":"https:\/\/www.ghostysky.com\/wp-content\/uploads\/2024\/03\/GH-Mini4_Pro_1.jpg","datePublished":"2024-03-17T09:08:35+00:00","dateModified":"2024-05-26T10:11:28+00:00","description":"El DJI Mini 4 Pro Fly More Combo (DJI RC2) es un paquete que incluye el dron DJI Mini 4 Pro y el control remoto DJI RC2. El dron en s\u00ed es conocido por ser liviano y port\u00e1til, y al mismo tiempo ofrece una calidad de c\u00e1mara y un rendimiento de vuelo impresionantes.","breadcrumb":{"@id":"https:\/\/www.ghostysky.com\/product\/dji-mini-4-pro-fly-more-combo-dji-rc2\/#breadcrumb"},"inLanguage":"es","potentialAction":[{"@type":"ReadAction","target":["https:\/\/www.ghostysky.com\/product\/dji-mini-4-pro-fly-more-combo-dji-rc2\/"]}]},{"@type":"ImageObject","inLanguage":"es","@id":"https:\/\/www.ghostysky.com\/product\/dji-mini-4-pro-fly-more-combo-dji-rc2\/#primaryimage","url":"https:\/\/www.ghostysky.com\/wp-content\/uploads\/2024\/03\/GH-Mini4_Pro_1.jpg","contentUrl":"https:\/\/www.ghostysky.com\/wp-content\/uploads\/2024\/03\/GH-Mini4_Pro_1.jpg","width":1280,"height":1280},{"@type":"BreadcrumbList","@id":"https:\/\/www.ghostysky.com\/product\/dji-mini-4-pro-fly-more-combo-dji-rc2\/#breadcrumb","itemListElement":[{"@type":"ListItem","position":1,"name":"Home","item":"https:\/\/www.ghostysky.com\/"},{"@type":"ListItem","position":2,"name":"Shop","item":"https:\/\/www.ghostysky.com\/shop\/"},{"@type":"ListItem","position":3,"name":"DJI Mini 4 Pro Fly More Combo (DJI RC2)"}]},{"@type":"WebSite","@id":"https:\/\/www.ghostysky.com\/#website","url":"https:\/\/www.ghostysky.com\/","name":"Ghostysky","description":"Entrega de drones y servicios profesionales","publisher":{"@id":"https:\/\/www.ghostysky.com\/#organization"},"potentialAction":[{"@type":"SearchAction","target":{"@type":"EntryPoint","urlTemplate":"https:\/\/www.ghostysky.com\/?s={search_term_string}"},"query-input":{"@type":"PropertyValueSpecification","valueRequired":true,"valueName":"search_term_string"}}],"inLanguage":"es"},{"@type":"Organization","@id":"https:\/\/www.ghostysky.com\/#organization","name":"Ghostysky","url":"https:\/\/www.ghostysky.com\/","logo":{"@type":"ImageObject","inLanguage":"es","@id":"https:\/\/www.ghostysky.com\/#\/schema\/logo\/image\/","url":"https:\/\/www.ghostysky.com\/wp-content\/uploads\/2020\/06\/cropped-ghostyskylogo_text_white2.png","contentUrl":"https:\/\/www.ghostysky.com\/wp-content\/uploads\/2020\/06\/cropped-ghostyskylogo_text_white2.png","width":169,"height":56,"caption":"Ghostysky"},"image":{"@id":"https:\/\/www.ghostysky.com\/#\/schema\/logo\/image\/"},"sameAs":["https:\/\/www.facebook.com\/people\/Ghostysky\/100057676170234\/","https:\/\/x.com\/Gh0stysky","https:\/\/www.linkedin.com\/company\/34739653","https:\/\/www.instagram.com\/gh0stysky"]}]}},"_links":{"self":[{"href":"https:\/\/www.ghostysky.com\/es\/wp-json\/wp\/v2\/product\/17663","targetHints":{"allow":["GET"]}}],"collection":[{"href":"https:\/\/www.ghostysky.com\/es\/wp-json\/wp\/v2\/product"}],"about":[{"href":"https:\/\/www.ghostysky.com\/es\/wp-json\/wp\/v2\/types\/product"}],"replies":[{"embeddable":true,"href":"https:\/\/www.ghostysky.com\/es\/wp-json\/wp\/v2\/comments?post=17663"}],"wp:featuredmedia":[{"embeddable":true,"href":"https:\/\/www.ghostysky.com\/es\/wp-json\/wp\/v2\/media\/17430"}],"wp:attachment":[{"href":"https:\/\/www.ghostysky.com\/es\/wp-json\/wp\/v2\/media?parent=17663"}],"wp:term":[{"taxonomy":"product_brand","embeddable":true,"href":"https:\/\/www.ghostysky.com\/es\/wp-json\/wp\/v2\/product_brand?post=17663"},{"taxonomy":"product_cat","embeddable":true,"href":"https:\/\/www.ghostysky.com\/es\/wp-json\/wp\/v2\/product_cat?post=17663"},{"taxonomy":"product_tag","embeddable":true,"href":"https:\/\/www.ghostysky.com\/es\/wp-json\/wp\/v2\/product_tag?post=17663"}],"curies":[{"name":"wp","href":"https:\/\/api.w.org\/{rel}","templated":true}]}}