{"id":17665,"date":"2024-03-17T09:21:59","date_gmt":"2024-03-17T09:21:59","guid":{"rendered":"https:\/\/www.ghostysky.com\/?post_type=product&#038;p=17665"},"modified":"2026-03-26T15:29:38","modified_gmt":"2026-03-26T15:29:38","slug":"dji-rc2","status":"publish","type":"product","link":"https:\/\/www.ghostysky.com\/es\/product\/dji-rc2\/","title":{"rendered":"DJI RC2"},"content":{"rendered":"<p data-sourcepos=\"3:1-3:25\"><strong>Rendimiento potente:<\/strong><\/p>\n<ul data-sourcepos=\"5:1-6:0\">\n<li data-sourcepos=\"5:1-6:0\">Equipado con un nuevo procesador que ofrece un rendimiento mejorado de CPU y GPU para una experiencia de usuario m\u00e1s fluida y con mayor capacidad de respuesta.<\/li>\n<\/ul>\n<p data-sourcepos=\"7:1-7:36\"><strong>Transmisi\u00f3n clara y confiable:<\/strong><\/p>\n<ul data-sourcepos=\"9:1-12:0\">\n<li data-sourcepos=\"9:1-9:173\">Utiliza la tecnolog\u00eda de transmisi\u00f3n de v\u00eddeo O4 de DJI, que admite m\u00faltiples bandas de frecuencia (2,4 GHz, 5,1 GHz y 5,8 GHz) para reducir las interferencias y garantizar una conexi\u00f3n estable.<\/li>\n<li data-sourcepos=\"10:1-10:227\">Cuenta con un sistema de antena 2T4R (con dos antenas integradas y dos externas) que duplica la cantidad de antenas en comparaci\u00f3n con el controlador DJI RC de la generaci\u00f3n anterior, lo que resulta en una se\u00f1al m\u00e1s fuerte y un control m\u00e1s confiable.<\/li>\n<li data-sourcepos=\"11:1-12:0\">Cuenta con un alcance de transmisi\u00f3n m\u00e1ximo de hasta 20 km (cuando se combina con un dron compatible).<\/li>\n<\/ul>\n<p data-sourcepos=\"13:1-13:34\"><strong>Pantalla brillante e integrada:<\/strong><\/p>\n<ul data-sourcepos=\"15:1-16:0\">\n<li data-sourcepos=\"15:1-16:0\">Pantalla FHD (1920\u00d71080) incorporada de 5,5 pulgadas con un alto brillo de 700 nits, lo que facilita la visualizaci\u00f3n de im\u00e1genes de vuelo en vivo incluso en condiciones exteriores con mucha luz.<\/li>\n<\/ul>\n<p data-sourcepos=\"17:1-17:20\"><strong>Opciones de almacenamiento:<\/strong><\/p>\n<ul data-sourcepos=\"19:1-21:0\">\n<li data-sourcepos=\"19:1-19:98\">Incluye 32 GB de almacenamiento interno para grabar las im\u00e1genes de su vuelo directamente en el controlador.<\/li>\n<li data-sourcepos=\"20:1-21:0\">Admite expansi\u00f3n de tarjeta microSD para capacidad de almacenamiento adicional.<\/li>\n<\/ul>\n<p data-sourcepos=\"22:1-22:35\"><strong>Dise\u00f1o compacto y c\u00f3modo:<\/strong><\/p>\n<ul data-sourcepos=\"24:1-25:0\">\n<li data-sourcepos=\"24:1-25:0\">A pesar de sus impresionantes caracter\u00edsticas, el DJI RC 2 sigue siendo liviano (alrededor de 420 gramos) para un manejo c\u00f3modo durante vuelos prolongados.<\/li>\n<\/ul>\n<p data-sourcepos=\"26:1-26:207\">En general, el DJI RC 2 es un control remoto de alto rendimiento que ofrece una conexi\u00f3n clara y confiable, una pantalla integrada brillante y opciones de almacenamiento convenientes para una experiencia mejorada de vuelo con drones.<\/p>","protected":false},"excerpt":{"rendered":"<p>El DJI RC 2 es un control remoto de pr\u00f3xima generaci\u00f3n dise\u00f1ado para drones DJI como el DJI Air 3 y el DJI Mini 4 Pro.<\/p>","protected":false},"featured_media":17667,"comment_status":"open","ping_status":"closed","template":"","meta":[],"product_brand":[1031],"product_cat":[777,797,752,775,1403,1405,37,29,796],"product_tag":[42,803],"class_list":{"0":"post-17665","1":"product","2":"type-product","3":"status-publish","4":"has-post-thumbnail","6":"product_brand-dji","7":"product_cat-accessories-air-3","8":"product_cat-accessories-mini-4-pro","9":"product_cat-aerial-photography","10":"product_cat-air-3","11":"product_cat-avata-360","12":"product_cat-avata-360-accessories","13":"product_cat-dji","14":"product_cat-drones","15":"product_cat-mini-4-pro","16":"product_tag-dji","17":"product_tag-rc2","19":"first","20":"instock","21":"taxable","22":"shipping-taxable","23":"purchasable","24":"product-type-simple"},"yoast_head":"<!-- This site is optimized with the Yoast SEO plugin v27.1.1 - https:\/\/yoast.com\/product\/yoast-seo-wordpress\/ -->\n<title>DJI RC2 - Ghostysky<\/title>\n<meta name=\"description\" content=\"The DJI RC 2 is a next-generation remote controller designed for DJI drones like the DJI Air 3 and DJI Mini 4 Pro.\" \/>\n<meta name=\"robots\" content=\"index, follow, max-snippet:-1, max-image-preview:large, max-video-preview:-1\" \/>\n<link rel=\"canonical\" href=\"https:\/\/www.ghostysky.com\/es\/producto-2\/dji-rc2\/\" \/>\n<meta property=\"og:locale\" content=\"es_ES\" \/>\n<meta property=\"og:type\" content=\"article\" \/>\n<meta property=\"og:title\" content=\"DJI RC2 - Ghostysky\" \/>\n<meta property=\"og:description\" content=\"The DJI RC 2 is a next-generation remote controller designed for DJI drones like the DJI Air 3 and DJI Mini 4 Pro.\" \/>\n<meta property=\"og:url\" content=\"https:\/\/www.ghostysky.com\/es\/producto-2\/dji-rc2\/\" \/>\n<meta property=\"og:site_name\" content=\"Ghostysky\" \/>\n<meta property=\"article:publisher\" content=\"https:\/\/www.facebook.com\/people\/Ghostysky\/100057676170234\/\" \/>\n<meta property=\"article:modified_time\" content=\"2026-03-26T15:29:38+00:00\" \/>\n<meta property=\"og:image\" content=\"https:\/\/www.ghostysky.com\/wp-content\/uploads\/2024\/03\/GH_DJI_RC2_1.jpg\" \/>\n\t<meta property=\"og:image:width\" content=\"800\" \/>\n\t<meta property=\"og:image:height\" content=\"800\" \/>\n\t<meta property=\"og:image:type\" content=\"image\/jpeg\" \/>\n<meta name=\"twitter:card\" content=\"summary_large_image\" \/>\n<meta name=\"twitter:site\" content=\"@Gh0stysky\" \/>\n<meta name=\"twitter:label1\" content=\"Tiempo de lectura\" \/>\n\t<meta name=\"twitter:data1\" content=\"2 minutos\" \/>\n<script type=\"application\/ld+json\" class=\"yoast-schema-graph\">{\"@context\":\"https:\/\/schema.org\",\"@graph\":[{\"@type\":\"WebPage\",\"@id\":\"https:\/\/www.ghostysky.com\/product\/dji-rc2\/\",\"url\":\"https:\/\/www.ghostysky.com\/product\/dji-rc2\/\",\"name\":\"DJI RC2 - Ghostysky\",\"isPartOf\":{\"@id\":\"https:\/\/www.ghostysky.com\/#website\"},\"primaryImageOfPage\":{\"@id\":\"https:\/\/www.ghostysky.com\/product\/dji-rc2\/#primaryimage\"},\"image\":{\"@id\":\"https:\/\/www.ghostysky.com\/product\/dji-rc2\/#primaryimage\"},\"thumbnailUrl\":\"https:\/\/www.ghostysky.com\/wp-content\/uploads\/2024\/03\/GH_DJI_RC2_1.jpg\",\"datePublished\":\"2024-03-17T09:21:59+00:00\",\"dateModified\":\"2026-03-26T15:29:38+00:00\",\"description\":\"The DJI RC 2 is a next-generation remote controller designed for DJI drones like the DJI Air 3 and DJI Mini 4 Pro.\",\"breadcrumb\":{\"@id\":\"https:\/\/www.ghostysky.com\/product\/dji-rc2\/#breadcrumb\"},\"inLanguage\":\"es\",\"potentialAction\":[{\"@type\":\"ReadAction\",\"target\":[\"https:\/\/www.ghostysky.com\/product\/dji-rc2\/\"]}]},{\"@type\":\"ImageObject\",\"inLanguage\":\"es\",\"@id\":\"https:\/\/www.ghostysky.com\/product\/dji-rc2\/#primaryimage\",\"url\":\"https:\/\/www.ghostysky.com\/wp-content\/uploads\/2024\/03\/GH_DJI_RC2_1.jpg\",\"contentUrl\":\"https:\/\/www.ghostysky.com\/wp-content\/uploads\/2024\/03\/GH_DJI_RC2_1.jpg\",\"width\":800,\"height\":800},{\"@type\":\"BreadcrumbList\",\"@id\":\"https:\/\/www.ghostysky.com\/product\/dji-rc2\/#breadcrumb\",\"itemListElement\":[{\"@type\":\"ListItem\",\"position\":1,\"name\":\"Home\",\"item\":\"https:\/\/www.ghostysky.com\/\"},{\"@type\":\"ListItem\",\"position\":2,\"name\":\"Shop\",\"item\":\"https:\/\/www.ghostysky.com\/shop\/\"},{\"@type\":\"ListItem\",\"position\":3,\"name\":\"DJI RC2\"}]},{\"@type\":\"WebSite\",\"@id\":\"https:\/\/www.ghostysky.com\/#website\",\"url\":\"https:\/\/www.ghostysky.com\/\",\"name\":\"Ghostysky\",\"description\":\"Delivering professional drones and services\",\"publisher\":{\"@id\":\"https:\/\/www.ghostysky.com\/#organization\"},\"potentialAction\":[{\"@type\":\"SearchAction\",\"target\":{\"@type\":\"EntryPoint\",\"urlTemplate\":\"https:\/\/www.ghostysky.com\/?s={search_term_string}\"},\"query-input\":{\"@type\":\"PropertyValueSpecification\",\"valueRequired\":true,\"valueName\":\"search_term_string\"}}],\"inLanguage\":\"es\"},{\"@type\":\"Organization\",\"@id\":\"https:\/\/www.ghostysky.com\/#organization\",\"name\":\"Ghostysky\",\"url\":\"https:\/\/www.ghostysky.com\/\",\"logo\":{\"@type\":\"ImageObject\",\"inLanguage\":\"es\",\"@id\":\"https:\/\/www.ghostysky.com\/#\/schema\/logo\/image\/\",\"url\":\"https:\/\/www.ghostysky.com\/wp-content\/uploads\/2020\/06\/cropped-ghostyskylogo_text_white2.png\",\"contentUrl\":\"https:\/\/www.ghostysky.com\/wp-content\/uploads\/2020\/06\/cropped-ghostyskylogo_text_white2.png\",\"width\":169,\"height\":56,\"caption\":\"Ghostysky\"},\"image\":{\"@id\":\"https:\/\/www.ghostysky.com\/#\/schema\/logo\/image\/\"},\"sameAs\":[\"https:\/\/www.facebook.com\/people\/Ghostysky\/100057676170234\/\",\"https:\/\/x.com\/Gh0stysky\",\"https:\/\/www.linkedin.com\/company\/34739653\",\"https:\/\/www.instagram.com\/gh0stysky\"]}]}<\/script>\n<!-- \/ Yoast SEO plugin. -->","yoast_head_json":{"title":"DJI RC2 - Cielo fantasmal","description":"El DJI RC 2 es un control remoto de pr\u00f3xima generaci\u00f3n dise\u00f1ado para drones DJI como el DJI Air 3 y el DJI Mini 4 Pro.","robots":{"index":"index","follow":"follow","max-snippet":"max-snippet:-1","max-image-preview":"max-image-preview:large","max-video-preview":"max-video-preview:-1"},"canonical":"https:\/\/www.ghostysky.com\/es\/producto-2\/dji-rc2\/","og_locale":"es_ES","og_type":"article","og_title":"DJI RC2 - Ghostysky","og_description":"The DJI RC 2 is a next-generation remote controller designed for DJI drones like the DJI Air 3 and DJI Mini 4 Pro.","og_url":"https:\/\/www.ghostysky.com\/es\/producto-2\/dji-rc2\/","og_site_name":"Ghostysky","article_publisher":"https:\/\/www.facebook.com\/people\/Ghostysky\/100057676170234\/","article_modified_time":"2026-03-26T15:29:38+00:00","og_image":[{"width":800,"height":800,"url":"https:\/\/www.ghostysky.com\/wp-content\/uploads\/2024\/03\/GH_DJI_RC2_1.jpg","type":"image\/jpeg"}],"twitter_card":"summary_large_image","twitter_site":"@Gh0stysky","twitter_misc":{"Tiempo de lectura":"2 minutos"},"schema":{"@context":"https:\/\/schema.org","@graph":[{"@type":"WebPage","@id":"https:\/\/www.ghostysky.com\/product\/dji-rc2\/","url":"https:\/\/www.ghostysky.com\/product\/dji-rc2\/","name":"DJI RC2 - Cielo fantasmal","isPartOf":{"@id":"https:\/\/www.ghostysky.com\/#website"},"primaryImageOfPage":{"@id":"https:\/\/www.ghostysky.com\/product\/dji-rc2\/#primaryimage"},"image":{"@id":"https:\/\/www.ghostysky.com\/product\/dji-rc2\/#primaryimage"},"thumbnailUrl":"https:\/\/www.ghostysky.com\/wp-content\/uploads\/2024\/03\/GH_DJI_RC2_1.jpg","datePublished":"2024-03-17T09:21:59+00:00","dateModified":"2026-03-26T15:29:38+00:00","description":"El DJI RC 2 es un control remoto de pr\u00f3xima generaci\u00f3n dise\u00f1ado para drones DJI como el DJI Air 3 y el DJI Mini 4 Pro.","breadcrumb":{"@id":"https:\/\/www.ghostysky.com\/product\/dji-rc2\/#breadcrumb"},"inLanguage":"es","potentialAction":[{"@type":"ReadAction","target":["https:\/\/www.ghostysky.com\/product\/dji-rc2\/"]}]},{"@type":"ImageObject","inLanguage":"es","@id":"https:\/\/www.ghostysky.com\/product\/dji-rc2\/#primaryimage","url":"https:\/\/www.ghostysky.com\/wp-content\/uploads\/2024\/03\/GH_DJI_RC2_1.jpg","contentUrl":"https:\/\/www.ghostysky.com\/wp-content\/uploads\/2024\/03\/GH_DJI_RC2_1.jpg","width":800,"height":800},{"@type":"BreadcrumbList","@id":"https:\/\/www.ghostysky.com\/product\/dji-rc2\/#breadcrumb","itemListElement":[{"@type":"ListItem","position":1,"name":"Home","item":"https:\/\/www.ghostysky.com\/"},{"@type":"ListItem","position":2,"name":"Shop","item":"https:\/\/www.ghostysky.com\/shop\/"},{"@type":"ListItem","position":3,"name":"DJI RC2"}]},{"@type":"WebSite","@id":"https:\/\/www.ghostysky.com\/#website","url":"https:\/\/www.ghostysky.com\/","name":"Ghostysky","description":"Entrega de drones y servicios profesionales","publisher":{"@id":"https:\/\/www.ghostysky.com\/#organization"},"potentialAction":[{"@type":"SearchAction","target":{"@type":"EntryPoint","urlTemplate":"https:\/\/www.ghostysky.com\/?s={search_term_string}"},"query-input":{"@type":"PropertyValueSpecification","valueRequired":true,"valueName":"search_term_string"}}],"inLanguage":"es"},{"@type":"Organization","@id":"https:\/\/www.ghostysky.com\/#organization","name":"Ghostysky","url":"https:\/\/www.ghostysky.com\/","logo":{"@type":"ImageObject","inLanguage":"es","@id":"https:\/\/www.ghostysky.com\/#\/schema\/logo\/image\/","url":"https:\/\/www.ghostysky.com\/wp-content\/uploads\/2020\/06\/cropped-ghostyskylogo_text_white2.png","contentUrl":"https:\/\/www.ghostysky.com\/wp-content\/uploads\/2020\/06\/cropped-ghostyskylogo_text_white2.png","width":169,"height":56,"caption":"Ghostysky"},"image":{"@id":"https:\/\/www.ghostysky.com\/#\/schema\/logo\/image\/"},"sameAs":["https:\/\/www.facebook.com\/people\/Ghostysky\/100057676170234\/","https:\/\/x.com\/Gh0stysky","https:\/\/www.linkedin.com\/company\/34739653","https:\/\/www.instagram.com\/gh0stysky"]}]}},"_links":{"self":[{"href":"https:\/\/www.ghostysky.com\/es\/wp-json\/wp\/v2\/product\/17665","targetHints":{"allow":["GET"]}}],"collection":[{"href":"https:\/\/www.ghostysky.com\/es\/wp-json\/wp\/v2\/product"}],"about":[{"href":"https:\/\/www.ghostysky.com\/es\/wp-json\/wp\/v2\/types\/product"}],"replies":[{"embeddable":true,"href":"https:\/\/www.ghostysky.com\/es\/wp-json\/wp\/v2\/comments?post=17665"}],"wp:featuredmedia":[{"embeddable":true,"href":"https:\/\/www.ghostysky.com\/es\/wp-json\/wp\/v2\/media\/17667"}],"wp:attachment":[{"href":"https:\/\/www.ghostysky.com\/es\/wp-json\/wp\/v2\/media?parent=17665"}],"wp:term":[{"taxonomy":"product_brand","embeddable":true,"href":"https:\/\/www.ghostysky.com\/es\/wp-json\/wp\/v2\/product_brand?post=17665"},{"taxonomy":"product_cat","embeddable":true,"href":"https:\/\/www.ghostysky.com\/es\/wp-json\/wp\/v2\/product_cat?post=17665"},{"taxonomy":"product_tag","embeddable":true,"href":"https:\/\/www.ghostysky.com\/es\/wp-json\/wp\/v2\/product_tag?post=17665"}],"curies":[{"name":"wp","href":"https:\/\/api.w.org\/{rel}","templated":true}]}}