{"id":17690,"date":"2024-03-17T10:27:25","date_gmt":"2024-03-17T10:27:25","guid":{"rendered":"https:\/\/www.ghostysky.com\/?post_type=product&#038;p=17690"},"modified":"2024-07-19T10:25:16","modified_gmt":"2024-07-19T10:25:16","slug":"dji-mini-3-pro-fly-more-kit","status":"publish","type":"product","link":"https:\/\/www.ghostysky.com\/es\/product\/dji-mini-3-pro-fly-more-kit\/","title":{"rendered":"DJI Mini 3 Pro Kit Vuela M\u00e1s"},"content":{"rendered":"<p data-sourcepos=\"4:1-4:43\">Qu\u00e9 incluye el kit Vuela M\u00e1s:<\/p>\n<ul data-sourcepos=\"6:1-12:0\">\n<li data-sourcepos=\"6:1-6:22\">Dron DJI Mini 3 Pro<\/li>\n<li data-sourcepos=\"7:1-7:178\">Dos bater\u00edas de vuelo inteligentes: estas bater\u00edas proporcionan un tiempo de vuelo m\u00e1ximo de hasta 47 minutos por bater\u00eda para un total de 141 minutos de tiempo de vuelo con el kit Fly More.<\/li>\n<li data-sourcepos=\"8:1-8:158\">Centro de carga bidireccional: este centro se puede utilizar para cargar hasta tres bater\u00edas simult\u00e1neamente. Tambi\u00e9n se puede utilizar para alimentar su dron mientras est\u00e1 en tierra.<\/li>\n<li data-sourcepos=\"9:1-9:12\">Cable de datos<\/li>\n<li data-sourcepos=\"10:1-10:91\">Bolso de hombro: Este bolso se puede usar para transportar su dron, bater\u00edas y otros accesorios.<\/li>\n<li data-sourcepos=\"11:1-12:0\">H\u00e9lices y tornillos de repuesto<\/li>\n<\/ul>\n<p data-sourcepos=\"13:1-13:256\">El kit Fly More es una excelente opci\u00f3n para los pilotos que desean extender su tiempo de vuelo y capturar m\u00e1s im\u00e1genes. Tambi\u00e9n es una buena opci\u00f3n para los pilotos que planean viajar con su dron, ya que el estuche incluido facilita el transporte de su equipo.<\/p>\n<p data-sourcepos=\"15:1-15:76\">Estos son algunos de los beneficios de comprar el kit DJI Mini 3 Pro Fly More:<\/p>\n<ul data-sourcepos=\"17:1-20:101\">\n<li data-sourcepos=\"17:1-17:97\">Tiempo de vuelo extendido: Con dos bater\u00edas, puedes volar hasta 141 minutos con una sola carga.<\/li>\n<li data-sourcepos=\"18:1-18:107\">Carga c\u00f3moda: el centro de carga bidireccional se puede utilizar para cargar hasta tres bater\u00edas simult\u00e1neamente.<\/li>\n<li data-sourcepos=\"19:1-19:100\">F\u00e1cil portabilidad: la bolsa de hombro incluida facilita el transporte de su dron y sus accesorios.<\/li>\n<li data-sourcepos=\"20:1-20:101\">Protecci\u00f3n para su equipo: la bolsa de hombro ayuda a proteger su dron y sus accesorios contra da\u00f1os.<\/li>\n<\/ul>","protected":false},"excerpt":{"rendered":"<p>El kit DJI Mini 3 Pro Fly More es un paquete que incluye el dron DJI Mini 3 Pro, junto con varios accesorios que pueden extender su tiempo de vuelo y mejorar su experiencia de vuelo general.<\/p>","protected":false},"featured_media":17692,"comment_status":"open","ping_status":"closed","template":"","meta":[],"product_brand":[],"product_cat":[791,793,752,37,29,790,794],"product_tag":[42,809,800],"class_list":{"0":"post-17690","1":"product","2":"type-product","3":"status-publish","4":"has-post-thumbnail","6":"product_cat-accessories-mini-3","7":"product_cat-accessories-mini-3-pro","8":"product_cat-aerial-photography","9":"product_cat-dji","10":"product_cat-drones","11":"product_cat-mini-3","12":"product_cat-mini-3-pro","13":"product_tag-dji","14":"product_tag-fly-more-kit","15":"product_tag-mini-3-pro","17":"first","18":"outofstock","19":"taxable","20":"shipping-taxable","21":"product-type-simple"},"yoast_head":"<!-- This site is optimized with the Yoast SEO plugin v27.4 - https:\/\/yoast.com\/product\/yoast-seo-wordpress\/ -->\n<title>DJI Mini 3 Pro Fly More Kit - Ghostysky<\/title>\n<meta name=\"description\" content=\"The DJI Mini 3 Pro Fly More Kit is a bundle that includes the DJI Mini 3 Pro drone, along with several accessories that can extend your flight time and enhance your overall flying experience.\" \/>\n<meta name=\"robots\" content=\"index, follow, max-snippet:-1, max-image-preview:large, max-video-preview:-1\" \/>\n<link rel=\"canonical\" href=\"https:\/\/www.ghostysky.com\/es\/producto-2\/dji-mini-3-pro-fly-more-kit\/\" \/>\n<meta property=\"og:locale\" content=\"es_ES\" \/>\n<meta property=\"og:type\" content=\"article\" \/>\n<meta property=\"og:title\" content=\"DJI Mini 3 Pro Fly More Kit - Ghostysky\" \/>\n<meta property=\"og:description\" content=\"The DJI Mini 3 Pro Fly More Kit is a bundle that includes the DJI Mini 3 Pro drone, along with several accessories that can extend your flight time and enhance your overall flying experience.\" \/>\n<meta property=\"og:url\" content=\"https:\/\/www.ghostysky.com\/es\/producto-2\/dji-mini-3-pro-fly-more-kit\/\" \/>\n<meta property=\"og:site_name\" content=\"Ghostysky\" \/>\n<meta property=\"article:publisher\" content=\"https:\/\/www.facebook.com\/people\/Ghostysky\/100057676170234\/\" \/>\n<meta property=\"article:modified_time\" content=\"2024-07-19T10:25:16+00:00\" \/>\n<meta property=\"og:image\" content=\"https:\/\/www.ghostysky.com\/wp-content\/uploads\/2024\/03\/GH_DJI-Mini-3-Pro-Fly-More-Kit_1.jpg\" \/>\n\t<meta property=\"og:image:width\" content=\"800\" \/>\n\t<meta property=\"og:image:height\" content=\"800\" \/>\n\t<meta property=\"og:image:type\" content=\"image\/jpeg\" \/>\n<meta name=\"twitter:card\" content=\"summary_large_image\" \/>\n<meta name=\"twitter:site\" content=\"@Gh0stysky\" \/>\n<meta name=\"twitter:label1\" content=\"Tiempo de lectura\" \/>\n\t<meta name=\"twitter:data1\" content=\"1 minuto\" \/>\n<script type=\"application\/ld+json\" class=\"yoast-schema-graph\">{\"@context\":\"https:\\\/\\\/schema.org\",\"@graph\":[{\"@type\":\"WebPage\",\"@id\":\"https:\\\/\\\/www.ghostysky.com\\\/product\\\/dji-mini-3-pro-fly-more-kit\\\/\",\"url\":\"https:\\\/\\\/www.ghostysky.com\\\/product\\\/dji-mini-3-pro-fly-more-kit\\\/\",\"name\":\"DJI Mini 3 Pro Fly More Kit - Ghostysky\",\"isPartOf\":{\"@id\":\"https:\\\/\\\/www.ghostysky.com\\\/#website\"},\"primaryImageOfPage\":{\"@id\":\"https:\\\/\\\/www.ghostysky.com\\\/product\\\/dji-mini-3-pro-fly-more-kit\\\/#primaryimage\"},\"image\":{\"@id\":\"https:\\\/\\\/www.ghostysky.com\\\/product\\\/dji-mini-3-pro-fly-more-kit\\\/#primaryimage\"},\"thumbnailUrl\":\"https:\\\/\\\/www.ghostysky.com\\\/wp-content\\\/uploads\\\/2024\\\/03\\\/GH_DJI-Mini-3-Pro-Fly-More-Kit_1.jpg\",\"datePublished\":\"2024-03-17T10:27:25+00:00\",\"dateModified\":\"2024-07-19T10:25:16+00:00\",\"description\":\"The DJI Mini 3 Pro Fly More Kit is a bundle that includes the DJI Mini 3 Pro drone, along with several accessories that can extend your flight time and enhance your overall flying experience.\",\"breadcrumb\":{\"@id\":\"https:\\\/\\\/www.ghostysky.com\\\/product\\\/dji-mini-3-pro-fly-more-kit\\\/#breadcrumb\"},\"inLanguage\":\"es\",\"potentialAction\":[{\"@type\":\"ReadAction\",\"target\":[\"https:\\\/\\\/www.ghostysky.com\\\/product\\\/dji-mini-3-pro-fly-more-kit\\\/\"]}]},{\"@type\":\"ImageObject\",\"inLanguage\":\"es\",\"@id\":\"https:\\\/\\\/www.ghostysky.com\\\/product\\\/dji-mini-3-pro-fly-more-kit\\\/#primaryimage\",\"url\":\"https:\\\/\\\/www.ghostysky.com\\\/wp-content\\\/uploads\\\/2024\\\/03\\\/GH_DJI-Mini-3-Pro-Fly-More-Kit_1.jpg\",\"contentUrl\":\"https:\\\/\\\/www.ghostysky.com\\\/wp-content\\\/uploads\\\/2024\\\/03\\\/GH_DJI-Mini-3-Pro-Fly-More-Kit_1.jpg\",\"width\":800,\"height\":800},{\"@type\":\"BreadcrumbList\",\"@id\":\"https:\\\/\\\/www.ghostysky.com\\\/product\\\/dji-mini-3-pro-fly-more-kit\\\/#breadcrumb\",\"itemListElement\":[{\"@type\":\"ListItem\",\"position\":1,\"name\":\"Home\",\"item\":\"https:\\\/\\\/www.ghostysky.com\\\/\"},{\"@type\":\"ListItem\",\"position\":2,\"name\":\"Shop\",\"item\":\"https:\\\/\\\/www.ghostysky.com\\\/shop\\\/\"},{\"@type\":\"ListItem\",\"position\":3,\"name\":\"DJI Mini 3 Pro Fly More Kit\"}]},{\"@type\":\"WebSite\",\"@id\":\"https:\\\/\\\/www.ghostysky.com\\\/#website\",\"url\":\"https:\\\/\\\/www.ghostysky.com\\\/\",\"name\":\"Ghostysky\",\"description\":\"Delivering professional drones and services\",\"publisher\":{\"@id\":\"https:\\\/\\\/www.ghostysky.com\\\/#organization\"},\"potentialAction\":[{\"@type\":\"SearchAction\",\"target\":{\"@type\":\"EntryPoint\",\"urlTemplate\":\"https:\\\/\\\/www.ghostysky.com\\\/?s={search_term_string}\"},\"query-input\":{\"@type\":\"PropertyValueSpecification\",\"valueRequired\":true,\"valueName\":\"search_term_string\"}}],\"inLanguage\":\"es\"},{\"@type\":\"Organization\",\"@id\":\"https:\\\/\\\/www.ghostysky.com\\\/#organization\",\"name\":\"Ghostysky\",\"url\":\"https:\\\/\\\/www.ghostysky.com\\\/\",\"logo\":{\"@type\":\"ImageObject\",\"inLanguage\":\"es\",\"@id\":\"https:\\\/\\\/www.ghostysky.com\\\/#\\\/schema\\\/logo\\\/image\\\/\",\"url\":\"https:\\\/\\\/www.ghostysky.com\\\/wp-content\\\/uploads\\\/2020\\\/06\\\/cropped-ghostyskylogo_text_white2.png\",\"contentUrl\":\"https:\\\/\\\/www.ghostysky.com\\\/wp-content\\\/uploads\\\/2020\\\/06\\\/cropped-ghostyskylogo_text_white2.png\",\"width\":169,\"height\":56,\"caption\":\"Ghostysky\"},\"image\":{\"@id\":\"https:\\\/\\\/www.ghostysky.com\\\/#\\\/schema\\\/logo\\\/image\\\/\"},\"sameAs\":[\"https:\\\/\\\/www.facebook.com\\\/people\\\/Ghostysky\\\/100057676170234\\\/\",\"https:\\\/\\\/x.com\\\/Gh0stysky\",\"https:\\\/\\\/www.linkedin.com\\\/company\\\/34739653\",\"https:\\\/\\\/www.instagram.com\\\/gh0stysky\"]}]}<\/script>\n<!-- \/ Yoast SEO plugin. -->","yoast_head_json":{"title":"DJI Mini 3 Pro Kit Vuela M\u00e1s - Ghostysky","description":"El kit DJI Mini 3 Pro Fly More es un paquete que incluye el dron DJI Mini 3 Pro, junto con varios accesorios que pueden extender su tiempo de vuelo y mejorar su experiencia de vuelo general.","robots":{"index":"index","follow":"follow","max-snippet":"max-snippet:-1","max-image-preview":"max-image-preview:large","max-video-preview":"max-video-preview:-1"},"canonical":"https:\/\/www.ghostysky.com\/es\/producto-2\/dji-mini-3-pro-fly-more-kit\/","og_locale":"es_ES","og_type":"article","og_title":"DJI Mini 3 Pro Fly More Kit - Ghostysky","og_description":"The DJI Mini 3 Pro Fly More Kit is a bundle that includes the DJI Mini 3 Pro drone, along with several accessories that can extend your flight time and enhance your overall flying experience.","og_url":"https:\/\/www.ghostysky.com\/es\/producto-2\/dji-mini-3-pro-fly-more-kit\/","og_site_name":"Ghostysky","article_publisher":"https:\/\/www.facebook.com\/people\/Ghostysky\/100057676170234\/","article_modified_time":"2024-07-19T10:25:16+00:00","og_image":[{"width":800,"height":800,"url":"https:\/\/www.ghostysky.com\/wp-content\/uploads\/2024\/03\/GH_DJI-Mini-3-Pro-Fly-More-Kit_1.jpg","type":"image\/jpeg"}],"twitter_card":"summary_large_image","twitter_site":"@Gh0stysky","twitter_misc":{"Tiempo de lectura":"1 minuto"},"schema":{"@context":"https:\/\/schema.org","@graph":[{"@type":"WebPage","@id":"https:\/\/www.ghostysky.com\/product\/dji-mini-3-pro-fly-more-kit\/","url":"https:\/\/www.ghostysky.com\/product\/dji-mini-3-pro-fly-more-kit\/","name":"DJI Mini 3 Pro Kit Vuela M\u00e1s - Ghostysky","isPartOf":{"@id":"https:\/\/www.ghostysky.com\/#website"},"primaryImageOfPage":{"@id":"https:\/\/www.ghostysky.com\/product\/dji-mini-3-pro-fly-more-kit\/#primaryimage"},"image":{"@id":"https:\/\/www.ghostysky.com\/product\/dji-mini-3-pro-fly-more-kit\/#primaryimage"},"thumbnailUrl":"https:\/\/www.ghostysky.com\/wp-content\/uploads\/2024\/03\/GH_DJI-Mini-3-Pro-Fly-More-Kit_1.jpg","datePublished":"2024-03-17T10:27:25+00:00","dateModified":"2024-07-19T10:25:16+00:00","description":"El kit DJI Mini 3 Pro Fly More es un paquete que incluye el dron DJI Mini 3 Pro, junto con varios accesorios que pueden extender su tiempo de vuelo y mejorar su experiencia de vuelo general.","breadcrumb":{"@id":"https:\/\/www.ghostysky.com\/product\/dji-mini-3-pro-fly-more-kit\/#breadcrumb"},"inLanguage":"es","potentialAction":[{"@type":"ReadAction","target":["https:\/\/www.ghostysky.com\/product\/dji-mini-3-pro-fly-more-kit\/"]}]},{"@type":"ImageObject","inLanguage":"es","@id":"https:\/\/www.ghostysky.com\/product\/dji-mini-3-pro-fly-more-kit\/#primaryimage","url":"https:\/\/www.ghostysky.com\/wp-content\/uploads\/2024\/03\/GH_DJI-Mini-3-Pro-Fly-More-Kit_1.jpg","contentUrl":"https:\/\/www.ghostysky.com\/wp-content\/uploads\/2024\/03\/GH_DJI-Mini-3-Pro-Fly-More-Kit_1.jpg","width":800,"height":800},{"@type":"BreadcrumbList","@id":"https:\/\/www.ghostysky.com\/product\/dji-mini-3-pro-fly-more-kit\/#breadcrumb","itemListElement":[{"@type":"ListItem","position":1,"name":"Home","item":"https:\/\/www.ghostysky.com\/"},{"@type":"ListItem","position":2,"name":"Shop","item":"https:\/\/www.ghostysky.com\/shop\/"},{"@type":"ListItem","position":3,"name":"DJI Mini 3 Pro Fly More Kit"}]},{"@type":"WebSite","@id":"https:\/\/www.ghostysky.com\/#website","url":"https:\/\/www.ghostysky.com\/","name":"Ghostysky","description":"Entrega de drones y servicios profesionales","publisher":{"@id":"https:\/\/www.ghostysky.com\/#organization"},"potentialAction":[{"@type":"SearchAction","target":{"@type":"EntryPoint","urlTemplate":"https:\/\/www.ghostysky.com\/?s={search_term_string}"},"query-input":{"@type":"PropertyValueSpecification","valueRequired":true,"valueName":"search_term_string"}}],"inLanguage":"es"},{"@type":"Organization","@id":"https:\/\/www.ghostysky.com\/#organization","name":"Ghostysky","url":"https:\/\/www.ghostysky.com\/","logo":{"@type":"ImageObject","inLanguage":"es","@id":"https:\/\/www.ghostysky.com\/#\/schema\/logo\/image\/","url":"https:\/\/www.ghostysky.com\/wp-content\/uploads\/2020\/06\/cropped-ghostyskylogo_text_white2.png","contentUrl":"https:\/\/www.ghostysky.com\/wp-content\/uploads\/2020\/06\/cropped-ghostyskylogo_text_white2.png","width":169,"height":56,"caption":"Ghostysky"},"image":{"@id":"https:\/\/www.ghostysky.com\/#\/schema\/logo\/image\/"},"sameAs":["https:\/\/www.facebook.com\/people\/Ghostysky\/100057676170234\/","https:\/\/x.com\/Gh0stysky","https:\/\/www.linkedin.com\/company\/34739653","https:\/\/www.instagram.com\/gh0stysky"]}]}},"_links":{"self":[{"href":"https:\/\/www.ghostysky.com\/es\/wp-json\/wp\/v2\/product\/17690","targetHints":{"allow":["GET"]}}],"collection":[{"href":"https:\/\/www.ghostysky.com\/es\/wp-json\/wp\/v2\/product"}],"about":[{"href":"https:\/\/www.ghostysky.com\/es\/wp-json\/wp\/v2\/types\/product"}],"replies":[{"embeddable":true,"href":"https:\/\/www.ghostysky.com\/es\/wp-json\/wp\/v2\/comments?post=17690"}],"version-history":[{"count":0,"href":"https:\/\/www.ghostysky.com\/es\/wp-json\/wp\/v2\/product\/17690\/revisions"}],"wp:featuredmedia":[{"embeddable":true,"href":"https:\/\/www.ghostysky.com\/es\/wp-json\/wp\/v2\/media\/17692"}],"wp:attachment":[{"href":"https:\/\/www.ghostysky.com\/es\/wp-json\/wp\/v2\/media?parent=17690"}],"wp:term":[{"taxonomy":"product_brand","embeddable":true,"href":"https:\/\/www.ghostysky.com\/es\/wp-json\/wp\/v2\/product_brand?post=17690"},{"taxonomy":"product_cat","embeddable":true,"href":"https:\/\/www.ghostysky.com\/es\/wp-json\/wp\/v2\/product_cat?post=17690"},{"taxonomy":"product_tag","embeddable":true,"href":"https:\/\/www.ghostysky.com\/es\/wp-json\/wp\/v2\/product_tag?post=17690"}],"curies":[{"name":"wp","href":"https:\/\/api.w.org\/{rel}","templated":true}]}}