{"id":17693,"date":"2024-03-17T10:30:00","date_gmt":"2024-03-17T10:30:00","guid":{"rendered":"https:\/\/www.ghostysky.com\/?post_type=product&#038;p=17693"},"modified":"2024-05-26T10:08:07","modified_gmt":"2024-05-26T10:08:07","slug":"dji-mini-3-pro-intelligent-flight-battery-series","status":"publish","type":"product","link":"https:\/\/www.ghostysky.com\/es\/product\/dji-mini-3-pro-intelligent-flight-battery-series\/","title":{"rendered":"Serie de bater\u00edas de vuelo inteligentes DJI Mini 3 Pro"},"content":{"rendered":"<p data-sourcepos=\"3:1-3:206\">La bater\u00eda ofrece un tiempo m\u00e1ximo de vuelo de 34 minutos para el Mini 3 Pro y 38 minutos para el Mini 3 en condiciones ideales (velocidad constante de 21,6 km\/h en condiciones sin viento). Pesa alrededor de 80,5 gramos.<\/p>\n<p data-sourcepos=\"5:1-5:214\">Tambi\u00e9n hay disponible una bater\u00eda de vuelo inteligente DJI Mini 4 Pro\/Mini 3 Series Plus, que proporciona un tiempo de vuelo m\u00e1s largo (47 minutos para el Mini 3 Pro) pero hace que el avi\u00f3n pese m\u00e1s que el l\u00edmite de peso de 249 gramos.<\/p>","protected":false},"excerpt":{"rendered":"<p>La serie de bater\u00edas de vuelo inteligentes DJI Mini 3 Pro es una bater\u00eda de pol\u00edmero de litio (LiPo) dise\u00f1ada para los drones DJI Mini 3 Pro y Mini 3. Tiene una capacidad de 2453mAh, 77Wh y un voltaje de 7,38V.<\/p>","protected":false},"featured_media":17694,"comment_status":"open","ping_status":"closed","template":"","meta":[],"product_brand":[],"product_cat":[791,793,797,752,37,29,790,794,796],"product_tag":[42,810,800],"class_list":{"0":"post-17693","1":"product","2":"type-product","3":"status-publish","4":"has-post-thumbnail","6":"product_cat-accessories-mini-3","7":"product_cat-accessories-mini-3-pro","8":"product_cat-accessories-mini-4-pro","9":"product_cat-aerial-photography","10":"product_cat-dji","11":"product_cat-drones","12":"product_cat-mini-3","13":"product_cat-mini-3-pro","14":"product_cat-mini-4-pro","15":"product_tag-dji","16":"product_tag-intelligent-flight-battery-series","17":"product_tag-mini-3-pro","19":"first","20":"outofstock","21":"taxable","22":"shipping-taxable","23":"purchasable","24":"product-type-simple"},"yoast_head":"<!-- This site is optimized with the Yoast SEO plugin v27.1.1 - https:\/\/yoast.com\/product\/yoast-seo-wordpress\/ -->\n<title>DJI Mini 3 Pro Intelligent Flight Battery Series - Ghostysky<\/title>\n<meta name=\"description\" content=\"The DJI Mini 3 Pro Intelligent Flight Battery Series is a lithium-polymer (LiPo) battery designed for the DJI Mini 3 Pro and Mini 3 drones. It has a capacity of 2453mAh, 77Wh, and a voltage of 7.38V.\" \/>\n<meta name=\"robots\" content=\"index, follow, max-snippet:-1, max-image-preview:large, max-video-preview:-1\" \/>\n<link rel=\"canonical\" href=\"https:\/\/www.ghostysky.com\/es\/producto-2\/dji-mini-3-pro-intelligent-flight-battery-series\/\" \/>\n<meta property=\"og:locale\" content=\"es_ES\" \/>\n<meta property=\"og:type\" content=\"article\" \/>\n<meta property=\"og:title\" content=\"DJI Mini 3 Pro Intelligent Flight Battery Series - Ghostysky\" \/>\n<meta property=\"og:description\" content=\"The DJI Mini 3 Pro Intelligent Flight Battery Series is a lithium-polymer (LiPo) battery designed for the DJI Mini 3 Pro and Mini 3 drones. It has a capacity of 2453mAh, 77Wh, and a voltage of 7.38V.\" \/>\n<meta property=\"og:url\" content=\"https:\/\/www.ghostysky.com\/es\/producto-2\/dji-mini-3-pro-intelligent-flight-battery-series\/\" \/>\n<meta property=\"og:site_name\" content=\"Ghostysky\" \/>\n<meta property=\"article:publisher\" content=\"https:\/\/www.facebook.com\/people\/Ghostysky\/100057676170234\/\" \/>\n<meta property=\"article:modified_time\" content=\"2024-05-26T10:08:07+00:00\" \/>\n<meta property=\"og:image\" content=\"https:\/\/www.ghostysky.com\/wp-content\/uploads\/2024\/03\/GH_DJI-Mini-3-Pro-Intelligent-Flight-Battery-Series_2.jpg\" \/>\n\t<meta property=\"og:image:width\" content=\"1200\" \/>\n\t<meta property=\"og:image:height\" content=\"800\" \/>\n\t<meta property=\"og:image:type\" content=\"image\/jpeg\" \/>\n<meta name=\"twitter:card\" content=\"summary_large_image\" \/>\n<meta name=\"twitter:site\" content=\"@Gh0stysky\" \/>\n<meta name=\"twitter:label1\" content=\"Tiempo de lectura\" \/>\n\t<meta name=\"twitter:data1\" content=\"1 minuto\" \/>\n<script type=\"application\/ld+json\" class=\"yoast-schema-graph\">{\"@context\":\"https:\/\/schema.org\",\"@graph\":[{\"@type\":\"WebPage\",\"@id\":\"https:\/\/www.ghostysky.com\/product\/dji-mini-3-pro-intelligent-flight-battery-series\/\",\"url\":\"https:\/\/www.ghostysky.com\/product\/dji-mini-3-pro-intelligent-flight-battery-series\/\",\"name\":\"DJI Mini 3 Pro Intelligent Flight Battery Series - Ghostysky\",\"isPartOf\":{\"@id\":\"https:\/\/www.ghostysky.com\/#website\"},\"primaryImageOfPage\":{\"@id\":\"https:\/\/www.ghostysky.com\/product\/dji-mini-3-pro-intelligent-flight-battery-series\/#primaryimage\"},\"image\":{\"@id\":\"https:\/\/www.ghostysky.com\/product\/dji-mini-3-pro-intelligent-flight-battery-series\/#primaryimage\"},\"thumbnailUrl\":\"https:\/\/www.ghostysky.com\/wp-content\/uploads\/2024\/03\/GH_DJI-Mini-3-Pro-Intelligent-Flight-Battery-Series_2.jpg\",\"datePublished\":\"2024-03-17T10:30:00+00:00\",\"dateModified\":\"2024-05-26T10:08:07+00:00\",\"description\":\"The DJI Mini 3 Pro Intelligent Flight Battery Series is a lithium-polymer (LiPo) battery designed for the DJI Mini 3 Pro and Mini 3 drones. It has a capacity of 2453mAh, 77Wh, and a voltage of 7.38V.\",\"breadcrumb\":{\"@id\":\"https:\/\/www.ghostysky.com\/product\/dji-mini-3-pro-intelligent-flight-battery-series\/#breadcrumb\"},\"inLanguage\":\"es\",\"potentialAction\":[{\"@type\":\"ReadAction\",\"target\":[\"https:\/\/www.ghostysky.com\/product\/dji-mini-3-pro-intelligent-flight-battery-series\/\"]}]},{\"@type\":\"ImageObject\",\"inLanguage\":\"es\",\"@id\":\"https:\/\/www.ghostysky.com\/product\/dji-mini-3-pro-intelligent-flight-battery-series\/#primaryimage\",\"url\":\"https:\/\/www.ghostysky.com\/wp-content\/uploads\/2024\/03\/GH_DJI-Mini-3-Pro-Intelligent-Flight-Battery-Series_2.jpg\",\"contentUrl\":\"https:\/\/www.ghostysky.com\/wp-content\/uploads\/2024\/03\/GH_DJI-Mini-3-Pro-Intelligent-Flight-Battery-Series_2.jpg\",\"width\":1200,\"height\":800},{\"@type\":\"BreadcrumbList\",\"@id\":\"https:\/\/www.ghostysky.com\/product\/dji-mini-3-pro-intelligent-flight-battery-series\/#breadcrumb\",\"itemListElement\":[{\"@type\":\"ListItem\",\"position\":1,\"name\":\"Home\",\"item\":\"https:\/\/www.ghostysky.com\/\"},{\"@type\":\"ListItem\",\"position\":2,\"name\":\"Shop\",\"item\":\"https:\/\/www.ghostysky.com\/shop\/\"},{\"@type\":\"ListItem\",\"position\":3,\"name\":\"DJI Mini 3 Pro Intelligent Flight Battery Series\"}]},{\"@type\":\"WebSite\",\"@id\":\"https:\/\/www.ghostysky.com\/#website\",\"url\":\"https:\/\/www.ghostysky.com\/\",\"name\":\"Ghostysky\",\"description\":\"Delivering professional drones and services\",\"publisher\":{\"@id\":\"https:\/\/www.ghostysky.com\/#organization\"},\"potentialAction\":[{\"@type\":\"SearchAction\",\"target\":{\"@type\":\"EntryPoint\",\"urlTemplate\":\"https:\/\/www.ghostysky.com\/?s={search_term_string}\"},\"query-input\":{\"@type\":\"PropertyValueSpecification\",\"valueRequired\":true,\"valueName\":\"search_term_string\"}}],\"inLanguage\":\"es\"},{\"@type\":\"Organization\",\"@id\":\"https:\/\/www.ghostysky.com\/#organization\",\"name\":\"Ghostysky\",\"url\":\"https:\/\/www.ghostysky.com\/\",\"logo\":{\"@type\":\"ImageObject\",\"inLanguage\":\"es\",\"@id\":\"https:\/\/www.ghostysky.com\/#\/schema\/logo\/image\/\",\"url\":\"https:\/\/www.ghostysky.com\/wp-content\/uploads\/2020\/06\/cropped-ghostyskylogo_text_white2.png\",\"contentUrl\":\"https:\/\/www.ghostysky.com\/wp-content\/uploads\/2020\/06\/cropped-ghostyskylogo_text_white2.png\",\"width\":169,\"height\":56,\"caption\":\"Ghostysky\"},\"image\":{\"@id\":\"https:\/\/www.ghostysky.com\/#\/schema\/logo\/image\/\"},\"sameAs\":[\"https:\/\/www.facebook.com\/people\/Ghostysky\/100057676170234\/\",\"https:\/\/x.com\/Gh0stysky\",\"https:\/\/www.linkedin.com\/company\/34739653\",\"https:\/\/www.instagram.com\/gh0stysky\"]}]}<\/script>\n<!-- \/ Yoast SEO plugin. -->","yoast_head_json":{"title":"Serie de bater\u00edas de vuelo inteligentes DJI Mini 3 Pro - Ghostysky","description":"La serie de bater\u00edas de vuelo inteligentes DJI Mini 3 Pro es una bater\u00eda de pol\u00edmero de litio (LiPo) dise\u00f1ada para los drones DJI Mini 3 Pro y Mini 3. Tiene una capacidad de 2453mAh, 77Wh y un voltaje de 7,38V.","robots":{"index":"index","follow":"follow","max-snippet":"max-snippet:-1","max-image-preview":"max-image-preview:large","max-video-preview":"max-video-preview:-1"},"canonical":"https:\/\/www.ghostysky.com\/es\/producto-2\/dji-mini-3-pro-intelligent-flight-battery-series\/","og_locale":"es_ES","og_type":"article","og_title":"DJI Mini 3 Pro Intelligent Flight Battery Series - Ghostysky","og_description":"The DJI Mini 3 Pro Intelligent Flight Battery Series is a lithium-polymer (LiPo) battery designed for the DJI Mini 3 Pro and Mini 3 drones. It has a capacity of 2453mAh, 77Wh, and a voltage of 7.38V.","og_url":"https:\/\/www.ghostysky.com\/es\/producto-2\/dji-mini-3-pro-intelligent-flight-battery-series\/","og_site_name":"Ghostysky","article_publisher":"https:\/\/www.facebook.com\/people\/Ghostysky\/100057676170234\/","article_modified_time":"2024-05-26T10:08:07+00:00","og_image":[{"width":1200,"height":800,"url":"https:\/\/www.ghostysky.com\/wp-content\/uploads\/2024\/03\/GH_DJI-Mini-3-Pro-Intelligent-Flight-Battery-Series_2.jpg","type":"image\/jpeg"}],"twitter_card":"summary_large_image","twitter_site":"@Gh0stysky","twitter_misc":{"Tiempo de lectura":"1 minuto"},"schema":{"@context":"https:\/\/schema.org","@graph":[{"@type":"WebPage","@id":"https:\/\/www.ghostysky.com\/product\/dji-mini-3-pro-intelligent-flight-battery-series\/","url":"https:\/\/www.ghostysky.com\/product\/dji-mini-3-pro-intelligent-flight-battery-series\/","name":"Serie de bater\u00edas de vuelo inteligentes DJI Mini 3 Pro - Ghostysky","isPartOf":{"@id":"https:\/\/www.ghostysky.com\/#website"},"primaryImageOfPage":{"@id":"https:\/\/www.ghostysky.com\/product\/dji-mini-3-pro-intelligent-flight-battery-series\/#primaryimage"},"image":{"@id":"https:\/\/www.ghostysky.com\/product\/dji-mini-3-pro-intelligent-flight-battery-series\/#primaryimage"},"thumbnailUrl":"https:\/\/www.ghostysky.com\/wp-content\/uploads\/2024\/03\/GH_DJI-Mini-3-Pro-Intelligent-Flight-Battery-Series_2.jpg","datePublished":"2024-03-17T10:30:00+00:00","dateModified":"2024-05-26T10:08:07+00:00","description":"La serie de bater\u00edas de vuelo inteligentes DJI Mini 3 Pro es una bater\u00eda de pol\u00edmero de litio (LiPo) dise\u00f1ada para los drones DJI Mini 3 Pro y Mini 3. Tiene una capacidad de 2453mAh, 77Wh y un voltaje de 7,38V.","breadcrumb":{"@id":"https:\/\/www.ghostysky.com\/product\/dji-mini-3-pro-intelligent-flight-battery-series\/#breadcrumb"},"inLanguage":"es","potentialAction":[{"@type":"ReadAction","target":["https:\/\/www.ghostysky.com\/product\/dji-mini-3-pro-intelligent-flight-battery-series\/"]}]},{"@type":"ImageObject","inLanguage":"es","@id":"https:\/\/www.ghostysky.com\/product\/dji-mini-3-pro-intelligent-flight-battery-series\/#primaryimage","url":"https:\/\/www.ghostysky.com\/wp-content\/uploads\/2024\/03\/GH_DJI-Mini-3-Pro-Intelligent-Flight-Battery-Series_2.jpg","contentUrl":"https:\/\/www.ghostysky.com\/wp-content\/uploads\/2024\/03\/GH_DJI-Mini-3-Pro-Intelligent-Flight-Battery-Series_2.jpg","width":1200,"height":800},{"@type":"BreadcrumbList","@id":"https:\/\/www.ghostysky.com\/product\/dji-mini-3-pro-intelligent-flight-battery-series\/#breadcrumb","itemListElement":[{"@type":"ListItem","position":1,"name":"Home","item":"https:\/\/www.ghostysky.com\/"},{"@type":"ListItem","position":2,"name":"Shop","item":"https:\/\/www.ghostysky.com\/shop\/"},{"@type":"ListItem","position":3,"name":"DJI Mini 3 Pro Intelligent Flight Battery Series"}]},{"@type":"WebSite","@id":"https:\/\/www.ghostysky.com\/#website","url":"https:\/\/www.ghostysky.com\/","name":"Ghostysky","description":"Entrega de drones y servicios profesionales","publisher":{"@id":"https:\/\/www.ghostysky.com\/#organization"},"potentialAction":[{"@type":"SearchAction","target":{"@type":"EntryPoint","urlTemplate":"https:\/\/www.ghostysky.com\/?s={search_term_string}"},"query-input":{"@type":"PropertyValueSpecification","valueRequired":true,"valueName":"search_term_string"}}],"inLanguage":"es"},{"@type":"Organization","@id":"https:\/\/www.ghostysky.com\/#organization","name":"Ghostysky","url":"https:\/\/www.ghostysky.com\/","logo":{"@type":"ImageObject","inLanguage":"es","@id":"https:\/\/www.ghostysky.com\/#\/schema\/logo\/image\/","url":"https:\/\/www.ghostysky.com\/wp-content\/uploads\/2020\/06\/cropped-ghostyskylogo_text_white2.png","contentUrl":"https:\/\/www.ghostysky.com\/wp-content\/uploads\/2020\/06\/cropped-ghostyskylogo_text_white2.png","width":169,"height":56,"caption":"Ghostysky"},"image":{"@id":"https:\/\/www.ghostysky.com\/#\/schema\/logo\/image\/"},"sameAs":["https:\/\/www.facebook.com\/people\/Ghostysky\/100057676170234\/","https:\/\/x.com\/Gh0stysky","https:\/\/www.linkedin.com\/company\/34739653","https:\/\/www.instagram.com\/gh0stysky"]}]}},"_links":{"self":[{"href":"https:\/\/www.ghostysky.com\/es\/wp-json\/wp\/v2\/product\/17693","targetHints":{"allow":["GET"]}}],"collection":[{"href":"https:\/\/www.ghostysky.com\/es\/wp-json\/wp\/v2\/product"}],"about":[{"href":"https:\/\/www.ghostysky.com\/es\/wp-json\/wp\/v2\/types\/product"}],"replies":[{"embeddable":true,"href":"https:\/\/www.ghostysky.com\/es\/wp-json\/wp\/v2\/comments?post=17693"}],"wp:featuredmedia":[{"embeddable":true,"href":"https:\/\/www.ghostysky.com\/es\/wp-json\/wp\/v2\/media\/17694"}],"wp:attachment":[{"href":"https:\/\/www.ghostysky.com\/es\/wp-json\/wp\/v2\/media?parent=17693"}],"wp:term":[{"taxonomy":"product_brand","embeddable":true,"href":"https:\/\/www.ghostysky.com\/es\/wp-json\/wp\/v2\/product_brand?post=17693"},{"taxonomy":"product_cat","embeddable":true,"href":"https:\/\/www.ghostysky.com\/es\/wp-json\/wp\/v2\/product_cat?post=17693"},{"taxonomy":"product_tag","embeddable":true,"href":"https:\/\/www.ghostysky.com\/es\/wp-json\/wp\/v2\/product_tag?post=17693"}],"curies":[{"name":"wp","href":"https:\/\/api.w.org\/{rel}","templated":true}]}}