{"id":17776,"date":"2024-03-20T18:17:43","date_gmt":"2024-03-20T18:17:43","guid":{"rendered":"https:\/\/www.ghostysky.com\/?post_type=product&#038;p=17776"},"modified":"2024-03-26T18:19:42","modified_gmt":"2024-03-26T18:19:42","slug":"sidusm1-mini-show-drone","status":"publish","type":"product","link":"https:\/\/www.ghostysky.com\/es\/product\/sidusm1-mini-show-drone\/","title":{"rendered":"Sidus M1 \u2013 Mini dron de exhibici\u00f3n"},"content":{"rendered":"<h3>Caracter\u00edsticas<\/h3>\n<p>\u25ba Estructura de avi\u00f3n a prueba de agua<br \/>\n\u25ba Peso armado de 249-320 g<br \/>\n\u25ba 28 min de tiempo de vuelo<br \/>\n\u25ba Se admite una flota de m\u00e1s de 2000 drones<br \/>\n\u25ba Despegue\/Aterriza\/Carga en Caja<br \/>\n\u25ba Jaulas de h\u00e9lice de 360\u00b0<br \/>\n\u25ba L\u00e1mpara LED de 15W (20W en Turbo)<br \/>\n\u25ba posicionamiento GPS RTK de nivel cm<br \/>\n\u25ba Rango de control de m\u00e1s de 500 m<br \/>\n\u25ba F\u00e1cil implementaci\u00f3n\/mantenimiento<\/p>\n<h3>Especificaciones t\u00e9cnicas<\/h3>\n<table style=\"height: 613px;\" width=\"909\">\n<tbody>\n<tr>\n<td width=\"107\">Estructura de avi\u00f3n<\/td>\n<td width=\"404\">Estructura de avi\u00f3n impermeable, compacta y segura<\/td>\n<\/tr>\n<tr>\n<td>Dimensiones<\/td>\n<td>330 x 290 x 110 mm con jaulas, 200 x 160 x 105 mm sin jaulas<\/td>\n<\/tr>\n<tr>\n<td>Peso<\/td>\n<td>320 g con jaulas, 249 g sin jaulas<\/td>\n<\/tr>\n<tr>\n<td>Piloto autom\u00e1tico<\/td>\n<td>Firmware compatible con Pixhawk FMU v6, Ardupilot y PX4<\/td>\n<\/tr>\n<tr>\n<td>GCS<\/td>\n<td>SKYBRUSH, DroneShowSoftware (se admite una flota de m\u00e1s de 2000 drones)<\/td>\n<\/tr>\n<tr>\n<td>Posicionamiento<\/td>\n<td>ZED-F9P, GPS RTK multibanda nivel cm<\/td>\n<\/tr>\n<tr>\n<td>CONDUJO<\/td>\n<td>L\u00e1mpara LED a todo color de alto brillo de 15 W, 20 W en modo turbo<\/td>\n<\/tr>\n<tr>\n<td>tiempo de vuelo<\/td>\n<td>28 min en vuelo estacionario, 31 min de vuelo m\u00e1ximo (AMSL 0 m, sin viento)<\/td>\n<\/tr>\n<tr>\n<td>Bater\u00eda<\/td>\n<td>Bater\u00eda LiPo 2400 (ligera) o 3850 (alta capacidad) mAh, 2S<\/td>\n<\/tr>\n<tr>\n<td>Telemetria<\/td>\n<td>Telemetr\u00eda WiFi 5GHz (500 m+), radio Sik 433\/915 Mhz (1 km+)<\/td>\n<\/tr>\n<tr>\n<td>Resistibilidad al viento<\/td>\n<td>&lt;8 m\/s (constante), &lt;12 m\/s (instant\u00e1neo)<\/td>\n<\/tr>\n<tr>\n<td>Empuje m\u00e1ximo<\/td>\n<td>550 gramos<\/td>\n<\/tr>\n<tr>\n<td>Motor, ESC, h\u00e9lice<\/td>\n<td>Motor 1503\/3800 KV, 2S 20A ESC, h\u00e9lice de 5 pulgadas<\/td>\n<\/tr>\n<tr>\n<td>Cargador<\/td>\n<td>Cargador de bater\u00eda LiPo inteligente de 12 canales<\/td>\n<\/tr>\n<tr>\n<td>Temperatura de trabajo.<\/td>\n<td>-20\u00b0C a 50\u00b0C (Nota: la baja temperatura reducir\u00e1 el tiempo de vuelo)<\/td>\n<\/tr>\n<tr>\n<td>Temperatura de carga.<\/td>\n<td>0\u00b0C a 40\u00b0C<\/td>\n<\/tr>\n<\/tbody>\n<\/table>\n<p>&nbsp;<\/p>","protected":false},"excerpt":{"rendered":"<p>Los mini drones Sidus M1 son <strong>compatible con todo el software Drone Light Show<\/strong> en el mercado. Es probable que su dise\u00f1o sea similar al de otros drones utilizados en espect\u00e1culos de luces. Estos drones suelen ser muy peque\u00f1os, <strong>pesa menos de 250 g<\/strong>y tienen m\u00faltiples rotores que les permiten moverse r\u00e1pidamente y cambiar de direcci\u00f3n con precisi\u00f3n. Tambi\u00e9n est\u00e1n equipados con luces LED brillantes que se pueden programar para crear una variedad de colores y patrones.<\/p>","protected":false},"featured_media":17778,"comment_status":"open","ping_status":"closed","template":"","meta":[],"product_brand":[],"product_cat":[181],"product_tag":[383,814,815],"class_list":{"0":"post-17776","1":"product","2":"type-product","3":"status-publish","4":"has-post-thumbnail","6":"product_cat-dls-drones","7":"product_tag-drone-light-show","8":"product_tag-mini-drones","9":"product_tag-sidus-m1","11":"first","12":"onbackorder","13":"taxable","14":"shipping-taxable","15":"product-type-simple"},"yoast_head":"<!-- This site is optimized with the Yoast SEO plugin v27.4 - https:\/\/yoast.com\/product\/yoast-seo-wordpress\/ -->\n<title>Sidus M1 - Mini Show Drone - Ghostysky<\/title>\n<meta name=\"description\" content=\"Sidus M1 mini drones are compatible with all Drone Light Show software on the market. It is likely similar in design to other drones used in light shows. These drones are typically very small, weighing less than 250g, and have multiple rotors that allow them to move quickly and change direction precisely. They are also equipped with bright LED lights that can be programmed to create a variety of colors and patterns.\" \/>\n<meta name=\"robots\" content=\"index, follow, max-snippet:-1, max-image-preview:large, max-video-preview:-1\" \/>\n<link rel=\"canonical\" href=\"https:\/\/www.ghostysky.com\/es\/producto-2\/sidusm1-mini-show-drone\/\" \/>\n<meta property=\"og:locale\" content=\"es_ES\" \/>\n<meta property=\"og:type\" content=\"article\" \/>\n<meta property=\"og:title\" content=\"Sidus M1 - Mini Show Drone - Ghostysky\" \/>\n<meta property=\"og:description\" content=\"Sidus M1 mini drones are compatible with all Drone Light Show software on the market. It is likely similar in design to other drones used in light shows. These drones are typically very small, weighing less than 250g, and have multiple rotors that allow them to move quickly and change direction precisely. They are also equipped with bright LED lights that can be programmed to create a variety of colors and patterns.\" \/>\n<meta property=\"og:url\" content=\"https:\/\/www.ghostysky.com\/es\/producto-2\/sidusm1-mini-show-drone\/\" \/>\n<meta property=\"og:site_name\" content=\"Ghostysky\" \/>\n<meta property=\"article:publisher\" content=\"https:\/\/www.facebook.com\/people\/Ghostysky\/100057676170234\/\" \/>\n<meta property=\"article:modified_time\" content=\"2024-03-26T18:19:42+00:00\" \/>\n<meta property=\"og:image\" content=\"https:\/\/www.ghostysky.com\/wp-content\/uploads\/2024\/03\/Entron_MiniDrone_New_1.jpg\" \/>\n\t<meta property=\"og:image:width\" content=\"1016\" \/>\n\t<meta property=\"og:image:height\" content=\"742\" \/>\n\t<meta property=\"og:image:type\" content=\"image\/jpeg\" \/>\n<meta name=\"twitter:card\" content=\"summary_large_image\" \/>\n<meta name=\"twitter:site\" content=\"@Gh0stysky\" \/>\n<meta name=\"twitter:label1\" content=\"Tiempo de lectura\" \/>\n\t<meta name=\"twitter:data1\" content=\"1 minuto\" \/>\n<script type=\"application\/ld+json\" class=\"yoast-schema-graph\">{\"@context\":\"https:\\\/\\\/schema.org\",\"@graph\":[{\"@type\":\"WebPage\",\"@id\":\"https:\\\/\\\/www.ghostysky.com\\\/product\\\/sidusm1-mini-show-drone\\\/\",\"url\":\"https:\\\/\\\/www.ghostysky.com\\\/product\\\/sidusm1-mini-show-drone\\\/\",\"name\":\"Sidus M1 - Mini Show Drone - Ghostysky\",\"isPartOf\":{\"@id\":\"https:\\\/\\\/www.ghostysky.com\\\/#website\"},\"primaryImageOfPage\":{\"@id\":\"https:\\\/\\\/www.ghostysky.com\\\/product\\\/sidusm1-mini-show-drone\\\/#primaryimage\"},\"image\":{\"@id\":\"https:\\\/\\\/www.ghostysky.com\\\/product\\\/sidusm1-mini-show-drone\\\/#primaryimage\"},\"thumbnailUrl\":\"https:\\\/\\\/www.ghostysky.com\\\/wp-content\\\/uploads\\\/2024\\\/03\\\/Entron_MiniDrone_New_1.jpg\",\"datePublished\":\"2024-03-20T18:17:43+00:00\",\"dateModified\":\"2024-03-26T18:19:42+00:00\",\"description\":\"Sidus M1 mini drones are compatible with all Drone Light Show software on the market. It is likely similar in design to other drones used in light shows. These drones are typically very small, weighing less than 250g, and have multiple rotors that allow them to move quickly and change direction precisely. They are also equipped with bright LED lights that can be programmed to create a variety of colors and patterns.\",\"breadcrumb\":{\"@id\":\"https:\\\/\\\/www.ghostysky.com\\\/product\\\/sidusm1-mini-show-drone\\\/#breadcrumb\"},\"inLanguage\":\"es\",\"potentialAction\":[{\"@type\":\"ReadAction\",\"target\":[\"https:\\\/\\\/www.ghostysky.com\\\/product\\\/sidusm1-mini-show-drone\\\/\"]}]},{\"@type\":\"ImageObject\",\"inLanguage\":\"es\",\"@id\":\"https:\\\/\\\/www.ghostysky.com\\\/product\\\/sidusm1-mini-show-drone\\\/#primaryimage\",\"url\":\"https:\\\/\\\/www.ghostysky.com\\\/wp-content\\\/uploads\\\/2024\\\/03\\\/Entron_MiniDrone_New_1.jpg\",\"contentUrl\":\"https:\\\/\\\/www.ghostysky.com\\\/wp-content\\\/uploads\\\/2024\\\/03\\\/Entron_MiniDrone_New_1.jpg\",\"width\":1016,\"height\":742},{\"@type\":\"BreadcrumbList\",\"@id\":\"https:\\\/\\\/www.ghostysky.com\\\/product\\\/sidusm1-mini-show-drone\\\/#breadcrumb\",\"itemListElement\":[{\"@type\":\"ListItem\",\"position\":1,\"name\":\"Home\",\"item\":\"https:\\\/\\\/www.ghostysky.com\\\/\"},{\"@type\":\"ListItem\",\"position\":2,\"name\":\"Shop\",\"item\":\"https:\\\/\\\/www.ghostysky.com\\\/shop\\\/\"},{\"@type\":\"ListItem\",\"position\":3,\"name\":\"Sidus M1 &#8211; Mini Show Drone\"}]},{\"@type\":\"WebSite\",\"@id\":\"https:\\\/\\\/www.ghostysky.com\\\/#website\",\"url\":\"https:\\\/\\\/www.ghostysky.com\\\/\",\"name\":\"Ghostysky\",\"description\":\"Delivering professional drones and services\",\"publisher\":{\"@id\":\"https:\\\/\\\/www.ghostysky.com\\\/#organization\"},\"potentialAction\":[{\"@type\":\"SearchAction\",\"target\":{\"@type\":\"EntryPoint\",\"urlTemplate\":\"https:\\\/\\\/www.ghostysky.com\\\/?s={search_term_string}\"},\"query-input\":{\"@type\":\"PropertyValueSpecification\",\"valueRequired\":true,\"valueName\":\"search_term_string\"}}],\"inLanguage\":\"es\"},{\"@type\":\"Organization\",\"@id\":\"https:\\\/\\\/www.ghostysky.com\\\/#organization\",\"name\":\"Ghostysky\",\"url\":\"https:\\\/\\\/www.ghostysky.com\\\/\",\"logo\":{\"@type\":\"ImageObject\",\"inLanguage\":\"es\",\"@id\":\"https:\\\/\\\/www.ghostysky.com\\\/#\\\/schema\\\/logo\\\/image\\\/\",\"url\":\"https:\\\/\\\/www.ghostysky.com\\\/wp-content\\\/uploads\\\/2020\\\/06\\\/cropped-ghostyskylogo_text_white2.png\",\"contentUrl\":\"https:\\\/\\\/www.ghostysky.com\\\/wp-content\\\/uploads\\\/2020\\\/06\\\/cropped-ghostyskylogo_text_white2.png\",\"width\":169,\"height\":56,\"caption\":\"Ghostysky\"},\"image\":{\"@id\":\"https:\\\/\\\/www.ghostysky.com\\\/#\\\/schema\\\/logo\\\/image\\\/\"},\"sameAs\":[\"https:\\\/\\\/www.facebook.com\\\/people\\\/Ghostysky\\\/100057676170234\\\/\",\"https:\\\/\\\/x.com\\\/Gh0stysky\",\"https:\\\/\\\/www.linkedin.com\\\/company\\\/34739653\",\"https:\\\/\\\/www.instagram.com\\\/gh0stysky\"]}]}<\/script>\n<!-- \/ Yoast SEO plugin. -->","yoast_head_json":{"title":"Sidus M1 - Mini Show Drone - Ghostysky","description":"Los mini drones Sidus M1 son compatibles con todo el software Drone Light Show del mercado. Es probable que su dise\u00f1o sea similar al de otros drones utilizados en espect\u00e1culos de luces. Estos drones suelen ser muy peque\u00f1os, pesan menos de 250 gy tienen m\u00faltiples rotores que les permiten moverse r\u00e1pidamente y cambiar de direcci\u00f3n con precisi\u00f3n. Tambi\u00e9n est\u00e1n equipados con luces LED brillantes que se pueden programar para crear una variedad de colores y patrones.","robots":{"index":"index","follow":"follow","max-snippet":"max-snippet:-1","max-image-preview":"max-image-preview:large","max-video-preview":"max-video-preview:-1"},"canonical":"https:\/\/www.ghostysky.com\/es\/producto-2\/sidusm1-mini-show-drone\/","og_locale":"es_ES","og_type":"article","og_title":"Sidus M1 - Mini Show Drone - Ghostysky","og_description":"Sidus M1 mini drones are compatible with all Drone Light Show software on the market. It is likely similar in design to other drones used in light shows. These drones are typically very small, weighing less than 250g, and have multiple rotors that allow them to move quickly and change direction precisely. They are also equipped with bright LED lights that can be programmed to create a variety of colors and patterns.","og_url":"https:\/\/www.ghostysky.com\/es\/producto-2\/sidusm1-mini-show-drone\/","og_site_name":"Ghostysky","article_publisher":"https:\/\/www.facebook.com\/people\/Ghostysky\/100057676170234\/","article_modified_time":"2024-03-26T18:19:42+00:00","og_image":[{"width":1016,"height":742,"url":"https:\/\/www.ghostysky.com\/wp-content\/uploads\/2024\/03\/Entron_MiniDrone_New_1.jpg","type":"image\/jpeg"}],"twitter_card":"summary_large_image","twitter_site":"@Gh0stysky","twitter_misc":{"Tiempo de lectura":"1 minuto"},"schema":{"@context":"https:\/\/schema.org","@graph":[{"@type":"WebPage","@id":"https:\/\/www.ghostysky.com\/product\/sidusm1-mini-show-drone\/","url":"https:\/\/www.ghostysky.com\/product\/sidusm1-mini-show-drone\/","name":"Sidus M1 - Mini Show Drone - Ghostysky","isPartOf":{"@id":"https:\/\/www.ghostysky.com\/#website"},"primaryImageOfPage":{"@id":"https:\/\/www.ghostysky.com\/product\/sidusm1-mini-show-drone\/#primaryimage"},"image":{"@id":"https:\/\/www.ghostysky.com\/product\/sidusm1-mini-show-drone\/#primaryimage"},"thumbnailUrl":"https:\/\/www.ghostysky.com\/wp-content\/uploads\/2024\/03\/Entron_MiniDrone_New_1.jpg","datePublished":"2024-03-20T18:17:43+00:00","dateModified":"2024-03-26T18:19:42+00:00","description":"Los mini drones Sidus M1 son compatibles con todo el software Drone Light Show del mercado. Es probable que su dise\u00f1o sea similar al de otros drones utilizados en espect\u00e1culos de luces. Estos drones suelen ser muy peque\u00f1os, pesan menos de 250 gy tienen m\u00faltiples rotores que les permiten moverse r\u00e1pidamente y cambiar de direcci\u00f3n con precisi\u00f3n. Tambi\u00e9n est\u00e1n equipados con luces LED brillantes que se pueden programar para crear una variedad de colores y patrones.","breadcrumb":{"@id":"https:\/\/www.ghostysky.com\/product\/sidusm1-mini-show-drone\/#breadcrumb"},"inLanguage":"es","potentialAction":[{"@type":"ReadAction","target":["https:\/\/www.ghostysky.com\/product\/sidusm1-mini-show-drone\/"]}]},{"@type":"ImageObject","inLanguage":"es","@id":"https:\/\/www.ghostysky.com\/product\/sidusm1-mini-show-drone\/#primaryimage","url":"https:\/\/www.ghostysky.com\/wp-content\/uploads\/2024\/03\/Entron_MiniDrone_New_1.jpg","contentUrl":"https:\/\/www.ghostysky.com\/wp-content\/uploads\/2024\/03\/Entron_MiniDrone_New_1.jpg","width":1016,"height":742},{"@type":"BreadcrumbList","@id":"https:\/\/www.ghostysky.com\/product\/sidusm1-mini-show-drone\/#breadcrumb","itemListElement":[{"@type":"ListItem","position":1,"name":"Home","item":"https:\/\/www.ghostysky.com\/"},{"@type":"ListItem","position":2,"name":"Shop","item":"https:\/\/www.ghostysky.com\/shop\/"},{"@type":"ListItem","position":3,"name":"Sidus M1 &#8211; Mini Show Drone"}]},{"@type":"WebSite","@id":"https:\/\/www.ghostysky.com\/#website","url":"https:\/\/www.ghostysky.com\/","name":"Ghostysky","description":"Entrega de drones y servicios profesionales","publisher":{"@id":"https:\/\/www.ghostysky.com\/#organization"},"potentialAction":[{"@type":"SearchAction","target":{"@type":"EntryPoint","urlTemplate":"https:\/\/www.ghostysky.com\/?s={search_term_string}"},"query-input":{"@type":"PropertyValueSpecification","valueRequired":true,"valueName":"search_term_string"}}],"inLanguage":"es"},{"@type":"Organization","@id":"https:\/\/www.ghostysky.com\/#organization","name":"Ghostysky","url":"https:\/\/www.ghostysky.com\/","logo":{"@type":"ImageObject","inLanguage":"es","@id":"https:\/\/www.ghostysky.com\/#\/schema\/logo\/image\/","url":"https:\/\/www.ghostysky.com\/wp-content\/uploads\/2020\/06\/cropped-ghostyskylogo_text_white2.png","contentUrl":"https:\/\/www.ghostysky.com\/wp-content\/uploads\/2020\/06\/cropped-ghostyskylogo_text_white2.png","width":169,"height":56,"caption":"Ghostysky"},"image":{"@id":"https:\/\/www.ghostysky.com\/#\/schema\/logo\/image\/"},"sameAs":["https:\/\/www.facebook.com\/people\/Ghostysky\/100057676170234\/","https:\/\/x.com\/Gh0stysky","https:\/\/www.linkedin.com\/company\/34739653","https:\/\/www.instagram.com\/gh0stysky"]}]}},"_links":{"self":[{"href":"https:\/\/www.ghostysky.com\/es\/wp-json\/wp\/v2\/product\/17776","targetHints":{"allow":["GET"]}}],"collection":[{"href":"https:\/\/www.ghostysky.com\/es\/wp-json\/wp\/v2\/product"}],"about":[{"href":"https:\/\/www.ghostysky.com\/es\/wp-json\/wp\/v2\/types\/product"}],"replies":[{"embeddable":true,"href":"https:\/\/www.ghostysky.com\/es\/wp-json\/wp\/v2\/comments?post=17776"}],"version-history":[{"count":0,"href":"https:\/\/www.ghostysky.com\/es\/wp-json\/wp\/v2\/product\/17776\/revisions"}],"wp:featuredmedia":[{"embeddable":true,"href":"https:\/\/www.ghostysky.com\/es\/wp-json\/wp\/v2\/media\/17778"}],"wp:attachment":[{"href":"https:\/\/www.ghostysky.com\/es\/wp-json\/wp\/v2\/media?parent=17776"}],"wp:term":[{"taxonomy":"product_brand","embeddable":true,"href":"https:\/\/www.ghostysky.com\/es\/wp-json\/wp\/v2\/product_brand?post=17776"},{"taxonomy":"product_cat","embeddable":true,"href":"https:\/\/www.ghostysky.com\/es\/wp-json\/wp\/v2\/product_cat?post=17776"},{"taxonomy":"product_tag","embeddable":true,"href":"https:\/\/www.ghostysky.com\/es\/wp-json\/wp\/v2\/product_tag?post=17776"}],"curies":[{"name":"wp","href":"https:\/\/api.w.org\/{rel}","templated":true}]}}