{"id":17830,"date":"2024-03-27T18:46:28","date_gmt":"2024-03-27T18:46:28","guid":{"rendered":"https:\/\/www.ghostysky.com\/?post_type=product&#038;p=17830"},"modified":"2024-09-13T20:56:14","modified_gmt":"2024-09-13T20:56:14","slug":"dji-dock-2","status":"publish","type":"product","link":"https:\/\/www.ghostysky.com\/es\/product\/dji-dock-2\/","title":{"rendered":"DJI Dock 2"},"content":{"rendered":"<h3>Caracter\u00edsticas<\/h3>\n<ul data-sourcepos=\"3:1-12:0\">\n<li data-sourcepos=\"3:1-4:0\">\n<p data-sourcepos=\"3:3-3:246\"><strong>Compacto y port\u00e1til:<\/strong> El Dock 2 es considerablemente m\u00e1s peque\u00f1o y liviano (75% y 68% respectivamente) que su predecesor. Esto facilita el transporte y la implementaci\u00f3n en ubicaciones remotas o de dif\u00edcil acceso, ya que solo se requieren dos personas para la instalaci\u00f3n.<\/p>\n<\/li>\n<li data-sourcepos=\"5:1-6:0\">\n<p data-sourcepos=\"5:3-5:239\"><strong>Operaciones r\u00e1pidas y eficientes:<\/strong> El Dock 2 puede lanzar un dron y tenerlo listo para una misi\u00f3n en 45 segundos. Tambi\u00e9n cuenta con un sistema de verificaci\u00f3n previo al vuelo incorporado que inspecciona las h\u00e9lices del dron antes del despegue, garantizando la seguridad.<\/p>\n<\/li>\n<li data-sourcepos=\"7:1-8:0\">\n<p data-sourcepos=\"7:3-7:236\"><strong>Misiones automatizadas:<\/strong> El Dock 2 se integra perfectamente con el software FlightHub 2 de DJI, lo que le permite programar y gestionar misiones automatizadas de drones de forma remota. Esto proporciona mayor eficiencia y control sobre sus operaciones con drones.<\/p>\n<\/li>\n<li data-sourcepos=\"9:1-10:0\">\n<p data-sourcepos=\"9:3-9:187\"><strong>Capaz para todo clima:<\/strong> Con una clasificaci\u00f3n de protecci\u00f3n de ingreso IP55, el Dock 2 puede soportar ambientes h\u00famedos y polvorientos. Tambi\u00e9n cuenta con un amplio rango de temperatura de funcionamiento de -25 \u00b0C a 45 \u00b0C.<\/p>\n<\/li>\n<li data-sourcepos=\"11:1-12:0\">\n<p data-sourcepos=\"11:3-11:155\"><strong>Poder duradero:<\/strong> El Dock 2 viene con una bater\u00eda de respaldo incorporada que puede proporcionar hasta 5 horas de energ\u00eda en caso de un corte de la fuente de energ\u00eda principal.<\/p>\n<\/li>\n<\/ul>\n<p data-sourcepos=\"13:1-13:179\">En general, DJI Dock 2 es una herramienta poderosa para empresas que buscan mejorar sus operaciones con drones con caracter\u00edsticas como misiones automatizadas, portabilidad y despliegue eficiente.<\/p>\n<h3 class=\"style__group-list-title___2d0MQ\">Especificaciones generales<\/h3>\n<ul class=\"style__detailed-parameter-list___27yjW\">\n<li class=\"style__detailed-parameter-key___2hjK-\">\n<h4>nombre del producto<\/h4>\n<ul class=\"style__detailed-parameter-list___27yjW\">\n<li class=\"style__detailed-parameter___T9ojl\">\n<div class=\"\">DJI Dock 2<\/div>\n<\/li>\n<\/ul>\n<\/li>\n<\/ul>\n<ul class=\"style__detailed-parameter-list___27yjW\">\n<li class=\"style__detailed-parameter-key___2hjK-\">\n<h4>Peso total<\/h4>\n<ul class=\"style__detailed-parameter-list___27yjW\">\n<li class=\"style__detailed-parameter___T9ojl\">\n<div class=\"\">\n<p>34 kg (sin avi\u00f3n)<\/p>\n<p><sup>El peso real del producto puede variar debido a diferencias en los materiales del lote y factores externos.<\/sup><\/p>\n<\/div>\n<\/li>\n<\/ul>\n<\/li>\n<\/ul>\n<ul class=\"style__detailed-parameter-list___27yjW\">\n<li class=\"style__detailed-parameter-key___2hjK-\">\n<h4>Dimensiones<\/h4>\n<ul class=\"style__detailed-parameter-list___27yjW\">\n<li class=\"style__detailed-parameter___T9ojl\">\n<div class=\"\">Cubierta del muelle abierta: 1228\u00d7583\u00d7412 mm (largo\u00d7ancho\u00d7alto)<br \/>\nCubierta del muelle cerrada: 570\u00d7583\u00d7465 mm (L\u00d7W\u00d7H)<sup>Los datos anteriores no incluyen la altura del medidor de velocidad del viento (145 mm), pero s\u00ed la altura de los soportes de la base de montaje (55 mm).<\/sup><\/p>\n<\/div>\n<\/li>\n<\/ul>\n<\/li>\n<\/ul>\n<ul class=\"style__detailed-parameter-list___27yjW\">\n<li class=\"style__detailed-parameter-key___2hjK-\">\n<h4>Voltaje de entrada<\/h4>\n<ul class=\"style__detailed-parameter-list___27yjW\">\n<li class=\"style__detailed-parameter___T9ojl\">\n<div class=\"\">100-240 V (CA), 50\/60 Hz<\/div>\n<\/li>\n<\/ul>\n<\/li>\n<\/ul>\n<ul class=\"style__detailed-parameter-list___27yjW\">\n<li class=\"style__detailed-parameter-key___2hjK-\">\n<h4>Potencia de entrada<\/h4>\n<ul class=\"style__detailed-parameter-list___27yjW\">\n<li class=\"style__detailed-parameter___T9ojl\">\n<div class=\"\">M\u00e1ximo 1000 W<\/div>\n<\/li>\n<\/ul>\n<\/li>\n<\/ul>\n<ul class=\"style__detailed-parameter-list___27yjW\">\n<li class=\"style__detailed-parameter-key___2hjK-\">\n<h4>Temperatura de funcionamiento<\/h4>\n<ul class=\"style__detailed-parameter-list___27yjW\">\n<li class=\"style__detailed-parameter___T9ojl\">\n<div class=\"\">\n<p>-25\u00b0 a 45\u00b0 C (-13\u00b0 a 113\u00b0 F)<\/p>\n<p><sup>Cuando la temperatura ambiente es inferior a -20 \u00b0C (-4 \u00b0F), el muelle est\u00e1 en estado de espera y la aeronave no puede realizar tareas de vuelo.<\/sup><\/p>\n<\/div>\n<\/li>\n<\/ul>\n<\/li>\n<\/ul>\n<ul class=\"style__detailed-parameter-list___27yjW\">\n<li class=\"style__detailed-parameter-key___2hjK-\">\n<h4>Clasificaci\u00f3n de protecci\u00f3n de ingreso<\/h4>\n<ul class=\"style__detailed-parameter-list___27yjW\">\n<li class=\"style__detailed-parameter___T9ojl\">\n<div class=\"\">IP55<\/div>\n<\/li>\n<\/ul>\n<\/li>\n<\/ul>\n<ul class=\"style__detailed-parameter-list___27yjW\">\n<li class=\"style__detailed-parameter-key___2hjK-\">\n<h4>N\u00famero de drones alojados<\/h4>\n<ul class=\"style__detailed-parameter-list___27yjW\">\n<li class=\"style__detailed-parameter___T9ojl\">\n<div class=\"\">1<\/div>\n<\/li>\n<\/ul>\n<\/li>\n<\/ul>\n<ul class=\"style__detailed-parameter-list___27yjW\">\n<li class=\"style__detailed-parameter-key___2hjK-\">\n<h4>Velocidad m\u00e1xima permitida del viento de aterrizaje<\/h4>\n<ul class=\"style__detailed-parameter-list___27yjW\">\n<li class=\"style__detailed-parameter___T9ojl\">\n<div class=\"\">8 m\/s<\/div>\n<\/li>\n<\/ul>\n<\/li>\n<\/ul>\n<ul class=\"style__detailed-parameter-list___27yjW\">\n<li class=\"style__detailed-parameter-key___2hjK-\">\n<h4>Altitud operativa m\u00e1xima<\/h4>\n<ul class=\"style__detailed-parameter-list___27yjW\">\n<li class=\"style__detailed-parameter___T9ojl\">\n<div class=\"\">4000m<\/div>\n<\/li>\n<\/ul>\n<\/li>\n<\/ul>\n<ul class=\"style__detailed-parameter-list___27yjW\">\n<li class=\"style__detailed-parameter-key___2hjK-\">\n<h4>Frecuencia de recepci\u00f3n del sat\u00e9lite de la estaci\u00f3n base RTK<\/h4>\n<ul class=\"style__detailed-parameter-list___27yjW\">\n<li class=\"style__detailed-parameter___T9ojl\">\n<div class=\"\">Reciba simult\u00e1neamente:<br \/>\nGPS: L1 C\/A, L2<br \/>\nBeiDou2: B1l, B2l, B3l<br \/>\nBeiDou3: B1l, B3l<br \/>\nGLONASS: L1, L2<br \/>\nGalileo: E1, E5B<\/div>\n<\/li>\n<\/ul>\n<\/li>\n<\/ul>\n<ul class=\"style__detailed-parameter-list___27yjW\">\n<li class=\"style__detailed-parameter-key___2hjK-\">\n<h4>Precisi\u00f3n de posicionamiento de la estaci\u00f3n base RTK<\/h4>\n<ul class=\"style__detailed-parameter-list___27yjW\">\n<li class=\"style__detailed-parameter___T9ojl\">\n<div class=\"\">Horizontal: 1 cm + 1 ppm (RMS)<br \/>\nVertical: 2 cm + 1 ppm (RMS)<\/div>\n<\/li>\n<\/ul>\n<\/li>\n<\/ul>","protected":false},"excerpt":{"rendered":"<p>El DJI Dock 2 es un avance significativo en las operaciones de drones aut\u00f3nomos, dise\u00f1ado espec\u00edficamente para los drones de las series Matrice 3D y 3DT. Funciona como una unidad de drone en una caja, proporcionando una plataforma de aterrizaje y una estaci\u00f3n de carga para los drones Matrice.<\/p>","protected":false},"featured_media":17836,"comment_status":"open","ping_status":"closed","template":"","meta":[],"product_brand":[],"product_cat":[37,816,29,848],"product_tag":[42,817,818,819],"class_list":{"0":"post-17830","1":"product","2":"type-product","3":"status-publish","4":"has-post-thumbnail","6":"product_cat-dji","7":"product_cat-dock-2","8":"product_cat-drones","9":"product_cat-drones-dock2","10":"product_tag-dji","11":"product_tag-dock-2","12":"product_tag-matrice-3d","13":"product_tag-matrice-3dt","15":"first","16":"onbackorder","17":"taxable","18":"shipping-taxable","19":"purchasable","20":"product-type-simple"},"yoast_head":"<!-- This site is optimized with the Yoast SEO plugin v27.4 - https:\/\/yoast.com\/product\/yoast-seo-wordpress\/ -->\n<title>DJI Dock 2 - Ghostysky<\/title>\n<meta name=\"description\" content=\"The DJI Dock 2 is a significant advancement in autonomous drone operations, designed specifically for the Matrice 3D and 3DT series drones. It functions as a drone-in-a-box unit, providing a landing pad and charging station for the Matrice drones.\" \/>\n<meta name=\"robots\" content=\"index, follow, max-snippet:-1, max-image-preview:large, max-video-preview:-1\" \/>\n<link rel=\"canonical\" href=\"https:\/\/www.ghostysky.com\/es\/producto-2\/dji-dock-2\/\" \/>\n<meta property=\"og:locale\" content=\"es_ES\" \/>\n<meta property=\"og:type\" content=\"article\" \/>\n<meta property=\"og:title\" content=\"DJI Dock 2 - Ghostysky\" \/>\n<meta property=\"og:description\" content=\"The DJI Dock 2 is a significant advancement in autonomous drone operations, designed specifically for the Matrice 3D and 3DT series drones. It functions as a drone-in-a-box unit, providing a landing pad and charging station for the Matrice drones.\" \/>\n<meta property=\"og:url\" content=\"https:\/\/www.ghostysky.com\/es\/producto-2\/dji-dock-2\/\" \/>\n<meta property=\"og:site_name\" content=\"Ghostysky\" \/>\n<meta property=\"article:publisher\" content=\"https:\/\/www.facebook.com\/people\/Ghostysky\/100057676170234\/\" \/>\n<meta property=\"article:modified_time\" content=\"2024-09-13T20:56:14+00:00\" \/>\n<meta property=\"og:image\" content=\"https:\/\/www.ghostysky.com\/wp-content\/uploads\/2024\/03\/GH_Dock2_1.jpg\" \/>\n\t<meta property=\"og:image:width\" content=\"800\" \/>\n\t<meta property=\"og:image:height\" content=\"800\" \/>\n\t<meta property=\"og:image:type\" content=\"image\/jpeg\" \/>\n<meta name=\"twitter:card\" content=\"summary_large_image\" \/>\n<meta name=\"twitter:site\" content=\"@Gh0stysky\" \/>\n<meta name=\"twitter:label1\" content=\"Tiempo de lectura\" \/>\n\t<meta name=\"twitter:data1\" content=\"2 minutos\" \/>\n<script type=\"application\/ld+json\" class=\"yoast-schema-graph\">{\"@context\":\"https:\\\/\\\/schema.org\",\"@graph\":[{\"@type\":\"WebPage\",\"@id\":\"https:\\\/\\\/www.ghostysky.com\\\/product\\\/dji-dock-2\\\/\",\"url\":\"https:\\\/\\\/www.ghostysky.com\\\/product\\\/dji-dock-2\\\/\",\"name\":\"DJI Dock 2 - Ghostysky\",\"isPartOf\":{\"@id\":\"https:\\\/\\\/www.ghostysky.com\\\/#website\"},\"primaryImageOfPage\":{\"@id\":\"https:\\\/\\\/www.ghostysky.com\\\/product\\\/dji-dock-2\\\/#primaryimage\"},\"image\":{\"@id\":\"https:\\\/\\\/www.ghostysky.com\\\/product\\\/dji-dock-2\\\/#primaryimage\"},\"thumbnailUrl\":\"https:\\\/\\\/www.ghostysky.com\\\/wp-content\\\/uploads\\\/2024\\\/03\\\/GH_Dock2_1.jpg\",\"datePublished\":\"2024-03-27T18:46:28+00:00\",\"dateModified\":\"2024-09-13T20:56:14+00:00\",\"description\":\"The DJI Dock 2 is a significant advancement in autonomous drone operations, designed specifically for the Matrice 3D and 3DT series drones. It functions as a drone-in-a-box unit, providing a landing pad and charging station for the Matrice drones.\",\"breadcrumb\":{\"@id\":\"https:\\\/\\\/www.ghostysky.com\\\/product\\\/dji-dock-2\\\/#breadcrumb\"},\"inLanguage\":\"es\",\"potentialAction\":[{\"@type\":\"ReadAction\",\"target\":[\"https:\\\/\\\/www.ghostysky.com\\\/product\\\/dji-dock-2\\\/\"]}]},{\"@type\":\"ImageObject\",\"inLanguage\":\"es\",\"@id\":\"https:\\\/\\\/www.ghostysky.com\\\/product\\\/dji-dock-2\\\/#primaryimage\",\"url\":\"https:\\\/\\\/www.ghostysky.com\\\/wp-content\\\/uploads\\\/2024\\\/03\\\/GH_Dock2_1.jpg\",\"contentUrl\":\"https:\\\/\\\/www.ghostysky.com\\\/wp-content\\\/uploads\\\/2024\\\/03\\\/GH_Dock2_1.jpg\",\"width\":800,\"height\":800},{\"@type\":\"BreadcrumbList\",\"@id\":\"https:\\\/\\\/www.ghostysky.com\\\/product\\\/dji-dock-2\\\/#breadcrumb\",\"itemListElement\":[{\"@type\":\"ListItem\",\"position\":1,\"name\":\"Home\",\"item\":\"https:\\\/\\\/www.ghostysky.com\\\/\"},{\"@type\":\"ListItem\",\"position\":2,\"name\":\"Shop\",\"item\":\"https:\\\/\\\/www.ghostysky.com\\\/shop\\\/\"},{\"@type\":\"ListItem\",\"position\":3,\"name\":\"DJI Dock 2\"}]},{\"@type\":\"WebSite\",\"@id\":\"https:\\\/\\\/www.ghostysky.com\\\/#website\",\"url\":\"https:\\\/\\\/www.ghostysky.com\\\/\",\"name\":\"Ghostysky\",\"description\":\"Delivering professional drones and services\",\"publisher\":{\"@id\":\"https:\\\/\\\/www.ghostysky.com\\\/#organization\"},\"potentialAction\":[{\"@type\":\"SearchAction\",\"target\":{\"@type\":\"EntryPoint\",\"urlTemplate\":\"https:\\\/\\\/www.ghostysky.com\\\/?s={search_term_string}\"},\"query-input\":{\"@type\":\"PropertyValueSpecification\",\"valueRequired\":true,\"valueName\":\"search_term_string\"}}],\"inLanguage\":\"es\"},{\"@type\":\"Organization\",\"@id\":\"https:\\\/\\\/www.ghostysky.com\\\/#organization\",\"name\":\"Ghostysky\",\"url\":\"https:\\\/\\\/www.ghostysky.com\\\/\",\"logo\":{\"@type\":\"ImageObject\",\"inLanguage\":\"es\",\"@id\":\"https:\\\/\\\/www.ghostysky.com\\\/#\\\/schema\\\/logo\\\/image\\\/\",\"url\":\"https:\\\/\\\/www.ghostysky.com\\\/wp-content\\\/uploads\\\/2020\\\/06\\\/cropped-ghostyskylogo_text_white2.png\",\"contentUrl\":\"https:\\\/\\\/www.ghostysky.com\\\/wp-content\\\/uploads\\\/2020\\\/06\\\/cropped-ghostyskylogo_text_white2.png\",\"width\":169,\"height\":56,\"caption\":\"Ghostysky\"},\"image\":{\"@id\":\"https:\\\/\\\/www.ghostysky.com\\\/#\\\/schema\\\/logo\\\/image\\\/\"},\"sameAs\":[\"https:\\\/\\\/www.facebook.com\\\/people\\\/Ghostysky\\\/100057676170234\\\/\",\"https:\\\/\\\/x.com\\\/Gh0stysky\",\"https:\\\/\\\/www.linkedin.com\\\/company\\\/34739653\",\"https:\\\/\\\/www.instagram.com\\\/gh0stysky\"]}]}<\/script>\n<!-- \/ Yoast SEO plugin. -->","yoast_head_json":{"title":"Muelle DJI 2 - Ghostysky","description":"El DJI Dock 2 es un avance significativo en las operaciones de drones aut\u00f3nomos, dise\u00f1ado espec\u00edficamente para los drones de las series Matrice 3D y 3DT. Funciona como una unidad de drone en una caja, proporcionando una plataforma de aterrizaje y una estaci\u00f3n de carga para los drones Matrice.","robots":{"index":"index","follow":"follow","max-snippet":"max-snippet:-1","max-image-preview":"max-image-preview:large","max-video-preview":"max-video-preview:-1"},"canonical":"https:\/\/www.ghostysky.com\/es\/producto-2\/dji-dock-2\/","og_locale":"es_ES","og_type":"article","og_title":"DJI Dock 2 - Ghostysky","og_description":"The DJI Dock 2 is a significant advancement in autonomous drone operations, designed specifically for the Matrice 3D and 3DT series drones. It functions as a drone-in-a-box unit, providing a landing pad and charging station for the Matrice drones.","og_url":"https:\/\/www.ghostysky.com\/es\/producto-2\/dji-dock-2\/","og_site_name":"Ghostysky","article_publisher":"https:\/\/www.facebook.com\/people\/Ghostysky\/100057676170234\/","article_modified_time":"2024-09-13T20:56:14+00:00","og_image":[{"width":800,"height":800,"url":"https:\/\/www.ghostysky.com\/wp-content\/uploads\/2024\/03\/GH_Dock2_1.jpg","type":"image\/jpeg"}],"twitter_card":"summary_large_image","twitter_site":"@Gh0stysky","twitter_misc":{"Tiempo de lectura":"2 minutos"},"schema":{"@context":"https:\/\/schema.org","@graph":[{"@type":"WebPage","@id":"https:\/\/www.ghostysky.com\/product\/dji-dock-2\/","url":"https:\/\/www.ghostysky.com\/product\/dji-dock-2\/","name":"Muelle DJI 2 - Ghostysky","isPartOf":{"@id":"https:\/\/www.ghostysky.com\/#website"},"primaryImageOfPage":{"@id":"https:\/\/www.ghostysky.com\/product\/dji-dock-2\/#primaryimage"},"image":{"@id":"https:\/\/www.ghostysky.com\/product\/dji-dock-2\/#primaryimage"},"thumbnailUrl":"https:\/\/www.ghostysky.com\/wp-content\/uploads\/2024\/03\/GH_Dock2_1.jpg","datePublished":"2024-03-27T18:46:28+00:00","dateModified":"2024-09-13T20:56:14+00:00","description":"El DJI Dock 2 es un avance significativo en las operaciones de drones aut\u00f3nomos, dise\u00f1ado espec\u00edficamente para los drones de las series Matrice 3D y 3DT. Funciona como una unidad de drone en una caja, proporcionando una plataforma de aterrizaje y una estaci\u00f3n de carga para los drones Matrice.","breadcrumb":{"@id":"https:\/\/www.ghostysky.com\/product\/dji-dock-2\/#breadcrumb"},"inLanguage":"es","potentialAction":[{"@type":"ReadAction","target":["https:\/\/www.ghostysky.com\/product\/dji-dock-2\/"]}]},{"@type":"ImageObject","inLanguage":"es","@id":"https:\/\/www.ghostysky.com\/product\/dji-dock-2\/#primaryimage","url":"https:\/\/www.ghostysky.com\/wp-content\/uploads\/2024\/03\/GH_Dock2_1.jpg","contentUrl":"https:\/\/www.ghostysky.com\/wp-content\/uploads\/2024\/03\/GH_Dock2_1.jpg","width":800,"height":800},{"@type":"BreadcrumbList","@id":"https:\/\/www.ghostysky.com\/product\/dji-dock-2\/#breadcrumb","itemListElement":[{"@type":"ListItem","position":1,"name":"Home","item":"https:\/\/www.ghostysky.com\/"},{"@type":"ListItem","position":2,"name":"Shop","item":"https:\/\/www.ghostysky.com\/shop\/"},{"@type":"ListItem","position":3,"name":"DJI Dock 2"}]},{"@type":"WebSite","@id":"https:\/\/www.ghostysky.com\/#website","url":"https:\/\/www.ghostysky.com\/","name":"Ghostysky","description":"Entrega de drones y servicios profesionales","publisher":{"@id":"https:\/\/www.ghostysky.com\/#organization"},"potentialAction":[{"@type":"SearchAction","target":{"@type":"EntryPoint","urlTemplate":"https:\/\/www.ghostysky.com\/?s={search_term_string}"},"query-input":{"@type":"PropertyValueSpecification","valueRequired":true,"valueName":"search_term_string"}}],"inLanguage":"es"},{"@type":"Organization","@id":"https:\/\/www.ghostysky.com\/#organization","name":"Ghostysky","url":"https:\/\/www.ghostysky.com\/","logo":{"@type":"ImageObject","inLanguage":"es","@id":"https:\/\/www.ghostysky.com\/#\/schema\/logo\/image\/","url":"https:\/\/www.ghostysky.com\/wp-content\/uploads\/2020\/06\/cropped-ghostyskylogo_text_white2.png","contentUrl":"https:\/\/www.ghostysky.com\/wp-content\/uploads\/2020\/06\/cropped-ghostyskylogo_text_white2.png","width":169,"height":56,"caption":"Ghostysky"},"image":{"@id":"https:\/\/www.ghostysky.com\/#\/schema\/logo\/image\/"},"sameAs":["https:\/\/www.facebook.com\/people\/Ghostysky\/100057676170234\/","https:\/\/x.com\/Gh0stysky","https:\/\/www.linkedin.com\/company\/34739653","https:\/\/www.instagram.com\/gh0stysky"]}]}},"_links":{"self":[{"href":"https:\/\/www.ghostysky.com\/es\/wp-json\/wp\/v2\/product\/17830","targetHints":{"allow":["GET"]}}],"collection":[{"href":"https:\/\/www.ghostysky.com\/es\/wp-json\/wp\/v2\/product"}],"about":[{"href":"https:\/\/www.ghostysky.com\/es\/wp-json\/wp\/v2\/types\/product"}],"replies":[{"embeddable":true,"href":"https:\/\/www.ghostysky.com\/es\/wp-json\/wp\/v2\/comments?post=17830"}],"version-history":[{"count":0,"href":"https:\/\/www.ghostysky.com\/es\/wp-json\/wp\/v2\/product\/17830\/revisions"}],"wp:featuredmedia":[{"embeddable":true,"href":"https:\/\/www.ghostysky.com\/es\/wp-json\/wp\/v2\/media\/17836"}],"wp:attachment":[{"href":"https:\/\/www.ghostysky.com\/es\/wp-json\/wp\/v2\/media?parent=17830"}],"wp:term":[{"taxonomy":"product_brand","embeddable":true,"href":"https:\/\/www.ghostysky.com\/es\/wp-json\/wp\/v2\/product_brand?post=17830"},{"taxonomy":"product_cat","embeddable":true,"href":"https:\/\/www.ghostysky.com\/es\/wp-json\/wp\/v2\/product_cat?post=17830"},{"taxonomy":"product_tag","embeddable":true,"href":"https:\/\/www.ghostysky.com\/es\/wp-json\/wp\/v2\/product_tag?post=17830"}],"curies":[{"name":"wp","href":"https:\/\/api.w.org\/{rel}","templated":true}]}}