{"id":18377,"date":"2024-04-16T13:59:15","date_gmt":"2024-04-16T13:59:15","guid":{"rendered":"https:\/\/www.ghostysky.com\/?post_type=product&#038;p=18377"},"modified":"2025-10-18T03:43:17","modified_gmt":"2025-10-18T03:43:17","slug":"dji-wb37-intelligent-battery","status":"publish","type":"product","link":"https:\/\/www.ghostysky.com\/es\/product\/dji-wb37-intelligent-battery\/","title":{"rendered":"Bater\u00eda inteligente DJI WB37"},"content":{"rendered":"<h3 data-sourcepos=\"3:1-3:34\"><strong>Estas son algunas de sus caracter\u00edsticas clave:<\/strong><\/h3>\n<ul data-sourcepos=\"5:1-8:0\">\n<li data-sourcepos=\"5:1-5:146\">Excelente rendimiento de descarga a bajas temperaturas: esto significa que la bater\u00eda mantendr\u00e1 su energ\u00eda incluso en condiciones de clima fr\u00edo.<\/li>\n<li data-sourcepos=\"6:1-6:77\">Se carga r\u00e1pidamente: no tendr\u00e1s que esperar mucho para volver a volar.<\/li>\n<li data-sourcepos=\"7:1-8:0\">Capacidad de 4920 mAh: Esto proporciona un largo tiempo de vuelo para sus dispositivos DJI.<\/li>\n<\/ul>\n<p data-sourcepos=\"9:1-9:181\">En general, la bater\u00eda inteligente DJI WB37 es una buena opci\u00f3n para los pilotos que necesitan una bater\u00eda confiable y duradera para sus monitores DJI CrystalSky y controles remotos Cendence.<\/p>\n<h3 data-sourcepos=\"3:1-3:40\"><strong>Especificaciones t\u00e9cnicas:<\/strong><\/h3>\n<ul data-sourcepos=\"5:1-9:0\">\n<li data-sourcepos=\"5:1-5:20\"><strong>Capacidad<\/strong>: 4920mAh<\/li>\n<li data-sourcepos=\"6:1-6:15\"><strong>Voltaje<\/strong>: 7,6 V<\/li>\n<li data-sourcepos=\"7:1-7:23\"><strong>Bater\u00eda<\/strong> Tipo: Lipo 2S<\/li>\n<li data-sourcepos=\"8:1-9:0\"><strong>Sector energ\u00e9tico<\/strong>: 37,39 Wh<\/li>\n<\/ul>\n<h3>Compatibilidad<\/h3>\n<ul>\n<li>DJI RC Plus<\/li>\n<li>Monitor remoto de alto brillo DJI<\/li>\n<li>Transmisor de v\u00eddeo DJI<\/li>\n<li>Receptor de v\u00eddeo DJI<\/li>\n<li>cristalcielo<\/li>\n<li>Control remoto Cendence<\/li>\n<li>Controlador remoto DJI FPV<\/li>\n<li>Estaci\u00f3n m\u00f3vil GNSS de alta precisi\u00f3n DJI D-RTK 2<\/li>\n<\/ul>\n<h3><strong>En el cuadro<\/strong><\/h3>\n<p>1x bater\u00eda inteligente DJI WB37<\/p>","protected":false},"excerpt":{"rendered":"<p>La bater\u00eda inteligente DJI WB37 es una bater\u00eda LiPo 2S con una capacidad de 4920 mAh. Est\u00e1 dise\u00f1ado para usarse con monitores DJI CrystalSky y el control remoto Cendence.<\/p>","protected":false},"featured_media":18380,"comment_status":"open","ping_status":"closed","template":"","meta":[],"product_brand":[],"product_cat":[615,298,622,743,37,614,253,621,1119,29,741,1117,1125,1127],"product_tag":[42,847,846],"class_list":{"0":"post-18377","1":"product","2":"type-product","3":"status-publish","4":"has-post-thumbnail","6":"product_cat-dji-matrice-30-accessories","7":"product_cat-accessories-dji-mat-300-rtk","8":"product_cat-matrice-350-accessories","9":"product_cat-accessories-flycart","10":"product_cat-dji","11":"product_cat-dji-matrice-30","12":"product_cat-dji-mat-300-rtk","13":"product_cat-dji-matrice-350-rtk","14":"product_cat-dji-matrice-4-accessories","15":"product_cat-drones","16":"product_cat-flycart","17":"product_cat-matrice-4","18":"product_cat-matrice-400","19":"product_cat-matrice-400-accessories","20":"product_tag-dji","21":"product_tag-intelligent-battery","22":"product_tag-wb37","24":"first","25":"instock","26":"taxable","27":"shipping-taxable","28":"purchasable","29":"product-type-simple"},"yoast_head":"<!-- This site is optimized with the Yoast SEO plugin v27.4 - https:\/\/yoast.com\/product\/yoast-seo-wordpress\/ -->\n<title>DJI WB37 Intelligent Battery - Ghostysky<\/title>\n<meta name=\"description\" content=\"The DJI WB37 Intelligent Battery is a 2S LiPo battery with a capacity of 4920mAh. It&#039;s designed for use with DJI CrystalSky monitors and the Cendence remote controller\" \/>\n<meta name=\"robots\" content=\"index, follow, max-snippet:-1, max-image-preview:large, max-video-preview:-1\" \/>\n<link rel=\"canonical\" href=\"https:\/\/www.ghostysky.com\/es\/producto-2\/dji-wb37-intelligent-battery\/\" \/>\n<meta property=\"og:locale\" content=\"es_ES\" \/>\n<meta property=\"og:type\" content=\"article\" \/>\n<meta property=\"og:title\" content=\"DJI WB37 Intelligent Battery - Ghostysky\" \/>\n<meta property=\"og:description\" content=\"The DJI WB37 Intelligent Battery is a 2S LiPo battery with a capacity of 4920mAh. It&#039;s designed for use with DJI CrystalSky monitors and the Cendence remote controller\" \/>\n<meta property=\"og:url\" content=\"https:\/\/www.ghostysky.com\/es\/producto-2\/dji-wb37-intelligent-battery\/\" \/>\n<meta property=\"og:site_name\" content=\"Ghostysky\" \/>\n<meta property=\"article:publisher\" content=\"https:\/\/www.facebook.com\/people\/Ghostysky\/100057676170234\/\" \/>\n<meta property=\"article:modified_time\" content=\"2025-10-18T03:43:17+00:00\" \/>\n<meta property=\"og:image\" content=\"https:\/\/www.ghostysky.com\/wp-content\/uploads\/2024\/04\/GH_dji-crystalsky-cendence-bateria-inteligente-wb37.jpg\" \/>\n\t<meta property=\"og:image:width\" content=\"800\" \/>\n\t<meta property=\"og:image:height\" content=\"800\" \/>\n\t<meta property=\"og:image:type\" content=\"image\/jpeg\" \/>\n<meta name=\"twitter:card\" content=\"summary_large_image\" \/>\n<meta name=\"twitter:site\" content=\"@Gh0stysky\" \/>\n<meta name=\"twitter:label1\" content=\"Tiempo de lectura\" \/>\n\t<meta name=\"twitter:data1\" content=\"1 minuto\" \/>\n<script type=\"application\/ld+json\" class=\"yoast-schema-graph\">{\"@context\":\"https:\\\/\\\/schema.org\",\"@graph\":[{\"@type\":\"WebPage\",\"@id\":\"https:\\\/\\\/www.ghostysky.com\\\/product\\\/dji-wb37-intelligent-battery\\\/\",\"url\":\"https:\\\/\\\/www.ghostysky.com\\\/product\\\/dji-wb37-intelligent-battery\\\/\",\"name\":\"DJI WB37 Intelligent Battery - Ghostysky\",\"isPartOf\":{\"@id\":\"https:\\\/\\\/www.ghostysky.com\\\/#website\"},\"primaryImageOfPage\":{\"@id\":\"https:\\\/\\\/www.ghostysky.com\\\/product\\\/dji-wb37-intelligent-battery\\\/#primaryimage\"},\"image\":{\"@id\":\"https:\\\/\\\/www.ghostysky.com\\\/product\\\/dji-wb37-intelligent-battery\\\/#primaryimage\"},\"thumbnailUrl\":\"https:\\\/\\\/www.ghostysky.com\\\/wp-content\\\/uploads\\\/2024\\\/04\\\/GH_dji-crystalsky-cendence-bateria-inteligente-wb37.jpg\",\"datePublished\":\"2024-04-16T13:59:15+00:00\",\"dateModified\":\"2025-10-18T03:43:17+00:00\",\"description\":\"The DJI WB37 Intelligent Battery is a 2S LiPo battery with a capacity of 4920mAh. It's designed for use with DJI CrystalSky monitors and the Cendence remote controller\",\"breadcrumb\":{\"@id\":\"https:\\\/\\\/www.ghostysky.com\\\/product\\\/dji-wb37-intelligent-battery\\\/#breadcrumb\"},\"inLanguage\":\"es\",\"potentialAction\":[{\"@type\":\"ReadAction\",\"target\":[\"https:\\\/\\\/www.ghostysky.com\\\/product\\\/dji-wb37-intelligent-battery\\\/\"]}]},{\"@type\":\"ImageObject\",\"inLanguage\":\"es\",\"@id\":\"https:\\\/\\\/www.ghostysky.com\\\/product\\\/dji-wb37-intelligent-battery\\\/#primaryimage\",\"url\":\"https:\\\/\\\/www.ghostysky.com\\\/wp-content\\\/uploads\\\/2024\\\/04\\\/GH_dji-crystalsky-cendence-bateria-inteligente-wb37.jpg\",\"contentUrl\":\"https:\\\/\\\/www.ghostysky.com\\\/wp-content\\\/uploads\\\/2024\\\/04\\\/GH_dji-crystalsky-cendence-bateria-inteligente-wb37.jpg\",\"width\":800,\"height\":800},{\"@type\":\"BreadcrumbList\",\"@id\":\"https:\\\/\\\/www.ghostysky.com\\\/product\\\/dji-wb37-intelligent-battery\\\/#breadcrumb\",\"itemListElement\":[{\"@type\":\"ListItem\",\"position\":1,\"name\":\"Home\",\"item\":\"https:\\\/\\\/www.ghostysky.com\\\/\"},{\"@type\":\"ListItem\",\"position\":2,\"name\":\"Shop\",\"item\":\"https:\\\/\\\/www.ghostysky.com\\\/shop\\\/\"},{\"@type\":\"ListItem\",\"position\":3,\"name\":\"DJI WB37 Intelligent Battery\"}]},{\"@type\":\"WebSite\",\"@id\":\"https:\\\/\\\/www.ghostysky.com\\\/#website\",\"url\":\"https:\\\/\\\/www.ghostysky.com\\\/\",\"name\":\"Ghostysky\",\"description\":\"Delivering professional drones and services\",\"publisher\":{\"@id\":\"https:\\\/\\\/www.ghostysky.com\\\/#organization\"},\"potentialAction\":[{\"@type\":\"SearchAction\",\"target\":{\"@type\":\"EntryPoint\",\"urlTemplate\":\"https:\\\/\\\/www.ghostysky.com\\\/?s={search_term_string}\"},\"query-input\":{\"@type\":\"PropertyValueSpecification\",\"valueRequired\":true,\"valueName\":\"search_term_string\"}}],\"inLanguage\":\"es\"},{\"@type\":\"Organization\",\"@id\":\"https:\\\/\\\/www.ghostysky.com\\\/#organization\",\"name\":\"Ghostysky\",\"url\":\"https:\\\/\\\/www.ghostysky.com\\\/\",\"logo\":{\"@type\":\"ImageObject\",\"inLanguage\":\"es\",\"@id\":\"https:\\\/\\\/www.ghostysky.com\\\/#\\\/schema\\\/logo\\\/image\\\/\",\"url\":\"https:\\\/\\\/www.ghostysky.com\\\/wp-content\\\/uploads\\\/2020\\\/06\\\/cropped-ghostyskylogo_text_white2.png\",\"contentUrl\":\"https:\\\/\\\/www.ghostysky.com\\\/wp-content\\\/uploads\\\/2020\\\/06\\\/cropped-ghostyskylogo_text_white2.png\",\"width\":169,\"height\":56,\"caption\":\"Ghostysky\"},\"image\":{\"@id\":\"https:\\\/\\\/www.ghostysky.com\\\/#\\\/schema\\\/logo\\\/image\\\/\"},\"sameAs\":[\"https:\\\/\\\/www.facebook.com\\\/people\\\/Ghostysky\\\/100057676170234\\\/\",\"https:\\\/\\\/x.com\\\/Gh0stysky\",\"https:\\\/\\\/www.linkedin.com\\\/company\\\/34739653\",\"https:\\\/\\\/www.instagram.com\\\/gh0stysky\"]}]}<\/script>\n<!-- \/ Yoast SEO plugin. -->","yoast_head_json":{"title":"Bater\u00eda Inteligente DJI WB37 - Ghostysky","description":"La bater\u00eda inteligente DJI WB37 es una bater\u00eda LiPo 2S con una capacidad de 4920 mAh. Est\u00e1 dise\u00f1ado para usarse con monitores DJI CrystalSky y el control remoto Cendence.","robots":{"index":"index","follow":"follow","max-snippet":"max-snippet:-1","max-image-preview":"max-image-preview:large","max-video-preview":"max-video-preview:-1"},"canonical":"https:\/\/www.ghostysky.com\/es\/producto-2\/dji-wb37-intelligent-battery\/","og_locale":"es_ES","og_type":"article","og_title":"DJI WB37 Intelligent Battery - Ghostysky","og_description":"The DJI WB37 Intelligent Battery is a 2S LiPo battery with a capacity of 4920mAh. It's designed for use with DJI CrystalSky monitors and the Cendence remote controller","og_url":"https:\/\/www.ghostysky.com\/es\/producto-2\/dji-wb37-intelligent-battery\/","og_site_name":"Ghostysky","article_publisher":"https:\/\/www.facebook.com\/people\/Ghostysky\/100057676170234\/","article_modified_time":"2025-10-18T03:43:17+00:00","og_image":[{"width":800,"height":800,"url":"https:\/\/www.ghostysky.com\/wp-content\/uploads\/2024\/04\/GH_dji-crystalsky-cendence-bateria-inteligente-wb37.jpg","type":"image\/jpeg"}],"twitter_card":"summary_large_image","twitter_site":"@Gh0stysky","twitter_misc":{"Tiempo de lectura":"1 minuto"},"schema":{"@context":"https:\/\/schema.org","@graph":[{"@type":"WebPage","@id":"https:\/\/www.ghostysky.com\/product\/dji-wb37-intelligent-battery\/","url":"https:\/\/www.ghostysky.com\/product\/dji-wb37-intelligent-battery\/","name":"Bater\u00eda Inteligente DJI WB37 - Ghostysky","isPartOf":{"@id":"https:\/\/www.ghostysky.com\/#website"},"primaryImageOfPage":{"@id":"https:\/\/www.ghostysky.com\/product\/dji-wb37-intelligent-battery\/#primaryimage"},"image":{"@id":"https:\/\/www.ghostysky.com\/product\/dji-wb37-intelligent-battery\/#primaryimage"},"thumbnailUrl":"https:\/\/www.ghostysky.com\/wp-content\/uploads\/2024\/04\/GH_dji-crystalsky-cendence-bateria-inteligente-wb37.jpg","datePublished":"2024-04-16T13:59:15+00:00","dateModified":"2025-10-18T03:43:17+00:00","description":"La bater\u00eda inteligente DJI WB37 es una bater\u00eda LiPo 2S con una capacidad de 4920 mAh. Est\u00e1 dise\u00f1ado para usarse con monitores DJI CrystalSky y el control remoto Cendence.","breadcrumb":{"@id":"https:\/\/www.ghostysky.com\/product\/dji-wb37-intelligent-battery\/#breadcrumb"},"inLanguage":"es","potentialAction":[{"@type":"ReadAction","target":["https:\/\/www.ghostysky.com\/product\/dji-wb37-intelligent-battery\/"]}]},{"@type":"ImageObject","inLanguage":"es","@id":"https:\/\/www.ghostysky.com\/product\/dji-wb37-intelligent-battery\/#primaryimage","url":"https:\/\/www.ghostysky.com\/wp-content\/uploads\/2024\/04\/GH_dji-crystalsky-cendence-bateria-inteligente-wb37.jpg","contentUrl":"https:\/\/www.ghostysky.com\/wp-content\/uploads\/2024\/04\/GH_dji-crystalsky-cendence-bateria-inteligente-wb37.jpg","width":800,"height":800},{"@type":"BreadcrumbList","@id":"https:\/\/www.ghostysky.com\/product\/dji-wb37-intelligent-battery\/#breadcrumb","itemListElement":[{"@type":"ListItem","position":1,"name":"Home","item":"https:\/\/www.ghostysky.com\/"},{"@type":"ListItem","position":2,"name":"Shop","item":"https:\/\/www.ghostysky.com\/shop\/"},{"@type":"ListItem","position":3,"name":"DJI WB37 Intelligent Battery"}]},{"@type":"WebSite","@id":"https:\/\/www.ghostysky.com\/#website","url":"https:\/\/www.ghostysky.com\/","name":"Ghostysky","description":"Entrega de drones y servicios profesionales","publisher":{"@id":"https:\/\/www.ghostysky.com\/#organization"},"potentialAction":[{"@type":"SearchAction","target":{"@type":"EntryPoint","urlTemplate":"https:\/\/www.ghostysky.com\/?s={search_term_string}"},"query-input":{"@type":"PropertyValueSpecification","valueRequired":true,"valueName":"search_term_string"}}],"inLanguage":"es"},{"@type":"Organization","@id":"https:\/\/www.ghostysky.com\/#organization","name":"Ghostysky","url":"https:\/\/www.ghostysky.com\/","logo":{"@type":"ImageObject","inLanguage":"es","@id":"https:\/\/www.ghostysky.com\/#\/schema\/logo\/image\/","url":"https:\/\/www.ghostysky.com\/wp-content\/uploads\/2020\/06\/cropped-ghostyskylogo_text_white2.png","contentUrl":"https:\/\/www.ghostysky.com\/wp-content\/uploads\/2020\/06\/cropped-ghostyskylogo_text_white2.png","width":169,"height":56,"caption":"Ghostysky"},"image":{"@id":"https:\/\/www.ghostysky.com\/#\/schema\/logo\/image\/"},"sameAs":["https:\/\/www.facebook.com\/people\/Ghostysky\/100057676170234\/","https:\/\/x.com\/Gh0stysky","https:\/\/www.linkedin.com\/company\/34739653","https:\/\/www.instagram.com\/gh0stysky"]}]}},"_links":{"self":[{"href":"https:\/\/www.ghostysky.com\/es\/wp-json\/wp\/v2\/product\/18377","targetHints":{"allow":["GET"]}}],"collection":[{"href":"https:\/\/www.ghostysky.com\/es\/wp-json\/wp\/v2\/product"}],"about":[{"href":"https:\/\/www.ghostysky.com\/es\/wp-json\/wp\/v2\/types\/product"}],"replies":[{"embeddable":true,"href":"https:\/\/www.ghostysky.com\/es\/wp-json\/wp\/v2\/comments?post=18377"}],"version-history":[{"count":0,"href":"https:\/\/www.ghostysky.com\/es\/wp-json\/wp\/v2\/product\/18377\/revisions"}],"wp:featuredmedia":[{"embeddable":true,"href":"https:\/\/www.ghostysky.com\/es\/wp-json\/wp\/v2\/media\/18380"}],"wp:attachment":[{"href":"https:\/\/www.ghostysky.com\/es\/wp-json\/wp\/v2\/media?parent=18377"}],"wp:term":[{"taxonomy":"product_brand","embeddable":true,"href":"https:\/\/www.ghostysky.com\/es\/wp-json\/wp\/v2\/product_brand?post=18377"},{"taxonomy":"product_cat","embeddable":true,"href":"https:\/\/www.ghostysky.com\/es\/wp-json\/wp\/v2\/product_cat?post=18377"},{"taxonomy":"product_tag","embeddable":true,"href":"https:\/\/www.ghostysky.com\/es\/wp-json\/wp\/v2\/product_tag?post=18377"}],"curies":[{"name":"wp","href":"https:\/\/api.w.org\/{rel}","templated":true}]}}