{"id":18410,"date":"2024-04-18T17:23:33","date_gmt":"2024-04-18T17:23:33","guid":{"rendered":"https:\/\/www.ghostysky.com\/?post_type=product&#038;p=18410"},"modified":"2024-11-09T09:21:47","modified_gmt":"2024-11-09T09:21:47","slug":"dji-care-enterprise-plusdji-matrice-3td","status":"publish","type":"product","link":"https:\/\/www.ghostysky.com\/es\/product\/dji-care-enterprise-plusdji-matrice-3td\/","title":{"rendered":"DJI Care Enterprise Plus (DJI Matrice 3TD)"},"content":{"rendered":"<h3 data-sourcepos=\"1:1-1:315\">Caracter\u00edsticas clave<\/h3>\n<ul data-sourcepos=\"3:1-8:0\">\n<li data-sourcepos=\"3:1-3:268\"><strong>Reemplazos gratuitos ilimitados:<\/strong>\u00a0Si su Matrice 3TD se da\u00f1a accidentalmente dentro del per\u00edodo de cobertura, DJI lo reparar\u00e1 o lo reemplazar\u00e1 con un dron reacondicionado pagando una tarifa de servicio. Puede aprovechar este servicio un n\u00famero ilimitado de veces dentro del per\u00edodo de cobertura.<\/li>\n<li data-sourcepos=\"4:1-4:131\"><strong>Reemplazos de bater\u00eda gratuitos:<\/strong>\u00a0DJI Care Enterprise Plus cubre dos reemplazos de bater\u00eda gratuitos para el Matrice 3TD en un a\u00f1o.<\/li>\n<li data-sourcepos=\"5:1-5:118\"><strong>Servicio de mantenimiento est\u00e1ndar:<\/strong>\u00a0El programa tambi\u00e9n incluye un servicio de mantenimiento est\u00e1ndar gratuito para su Matrice 3TD.<\/li>\n<li data-sourcepos=\"6:1-6:157\"><strong>Cobertura de flota:<\/strong>\u00a0Puedes utilizar una \u00fanica cuenta DJI Care Enterprise Plus para proteger toda tu flota de drones DJI Enterprise, simplificando tu flujo de trabajo.<\/li>\n<li data-sourcepos=\"7:1-8:0\"><strong>Entrega gratis:<\/strong>\u00a0DJI cubrir\u00e1 el costo de env\u00edo cuando env\u00ede su dron para reparaci\u00f3n o reemplazo.<\/li>\n<\/ul>\n<p data-sourcepos=\"9:1-9:308\">En general, DJI Care Enterprise Plus brinda tranquilidad a los propietarios del Matrice 3TD al ofrecer una protecci\u00f3n integral contra da\u00f1os accidentales y garantizar que su dron permanezca operativo. Aseg\u00farese de consultar con su distribuidor DJI autorizado local para conocer los precios m\u00e1s recientes y detalles espec\u00edficos del programa.<\/p>","protected":false},"excerpt":{"rendered":"<p>DJI Care Enterprise Plus es un programa de extensi\u00f3n de garant\u00eda dise\u00f1ado espec\u00edficamente para productos DJI Enterprise, incluido el dron Matrice 3TD. Ofrece una protecci\u00f3n integral para su dron en caso de da\u00f1o accidental durante el uso regular.<\/p>","protected":false},"featured_media":18411,"comment_status":"open","ping_status":"closed","template":"","meta":[],"product_brand":[],"product_cat":[851,37,816,29],"product_tag":[855,42,856],"class_list":{"0":"post-18410","1":"product","2":"type-product","3":"status-publish","4":"has-post-thumbnail","6":"product_cat-accessories-dock2","7":"product_cat-dji","8":"product_cat-dock-2","9":"product_cat-drones","10":"product_tag-care-enterprise-plus","11":"product_tag-dji","12":"product_tag-dji-matrice-3td","14":"first","15":"instock","16":"taxable","17":"shipping-taxable","18":"purchasable","19":"product-type-simple"},"yoast_head":"<!-- This site is optimized with the Yoast SEO plugin v27.4 - https:\/\/yoast.com\/product\/yoast-seo-wordpress\/ -->\n<title>DJI Care Enterprise Plus(DJI Matrice 3TD) - Ghostysky<\/title>\n<meta name=\"description\" content=\"DJI Care Enterprise Plus is a warranty extension program specifically designed for DJI Enterprise products, including the Matrice 3TD drone. It offers comprehensive protection for your drone in case of accidental damage during regular use.\" \/>\n<meta name=\"robots\" content=\"index, follow, max-snippet:-1, max-image-preview:large, max-video-preview:-1\" \/>\n<link rel=\"canonical\" href=\"https:\/\/www.ghostysky.com\/es\/producto-2\/dji-care-enterprise-plusdji-matrice-3td\/\" \/>\n<meta property=\"og:locale\" content=\"es_ES\" \/>\n<meta property=\"og:type\" content=\"article\" \/>\n<meta property=\"og:title\" content=\"DJI Care Enterprise Plus(DJI Matrice 3TD) - Ghostysky\" \/>\n<meta property=\"og:description\" content=\"DJI Care Enterprise Plus is a warranty extension program specifically designed for DJI Enterprise products, including the Matrice 3TD drone. It offers comprehensive protection for your drone in case of accidental damage during regular use.\" \/>\n<meta property=\"og:url\" content=\"https:\/\/www.ghostysky.com\/es\/producto-2\/dji-care-enterprise-plusdji-matrice-3td\/\" \/>\n<meta property=\"og:site_name\" content=\"Ghostysky\" \/>\n<meta property=\"article:publisher\" content=\"https:\/\/www.facebook.com\/people\/Ghostysky\/100057676170234\/\" \/>\n<meta property=\"article:modified_time\" content=\"2024-11-09T09:21:47+00:00\" \/>\n<meta property=\"og:image\" content=\"https:\/\/www.ghostysky.com\/wp-content\/uploads\/2024\/04\/GH_dji-care-enterprise.jpg\" \/>\n\t<meta property=\"og:image:width\" content=\"1200\" \/>\n\t<meta property=\"og:image:height\" content=\"1200\" \/>\n\t<meta property=\"og:image:type\" content=\"image\/jpeg\" \/>\n<meta name=\"twitter:card\" content=\"summary_large_image\" \/>\n<meta name=\"twitter:site\" content=\"@Gh0stysky\" \/>\n<meta name=\"twitter:label1\" content=\"Tiempo de lectura\" \/>\n\t<meta name=\"twitter:data1\" content=\"1 minuto\" \/>\n<script type=\"application\/ld+json\" class=\"yoast-schema-graph\">{\"@context\":\"https:\\\/\\\/schema.org\",\"@graph\":[{\"@type\":\"WebPage\",\"@id\":\"https:\\\/\\\/www.ghostysky.com\\\/product\\\/dji-care-enterprise-plusdji-matrice-3td\\\/\",\"url\":\"https:\\\/\\\/www.ghostysky.com\\\/product\\\/dji-care-enterprise-plusdji-matrice-3td\\\/\",\"name\":\"DJI Care Enterprise Plus(DJI Matrice 3TD) - Ghostysky\",\"isPartOf\":{\"@id\":\"https:\\\/\\\/www.ghostysky.com\\\/#website\"},\"primaryImageOfPage\":{\"@id\":\"https:\\\/\\\/www.ghostysky.com\\\/product\\\/dji-care-enterprise-plusdji-matrice-3td\\\/#primaryimage\"},\"image\":{\"@id\":\"https:\\\/\\\/www.ghostysky.com\\\/product\\\/dji-care-enterprise-plusdji-matrice-3td\\\/#primaryimage\"},\"thumbnailUrl\":\"https:\\\/\\\/www.ghostysky.com\\\/wp-content\\\/uploads\\\/2024\\\/04\\\/GH_dji-care-enterprise.jpg\",\"datePublished\":\"2024-04-18T17:23:33+00:00\",\"dateModified\":\"2024-11-09T09:21:47+00:00\",\"description\":\"DJI Care Enterprise Plus is a warranty extension program specifically designed for DJI Enterprise products, including the Matrice 3TD drone. It offers comprehensive protection for your drone in case of accidental damage during regular use.\",\"breadcrumb\":{\"@id\":\"https:\\\/\\\/www.ghostysky.com\\\/product\\\/dji-care-enterprise-plusdji-matrice-3td\\\/#breadcrumb\"},\"inLanguage\":\"es\",\"potentialAction\":[{\"@type\":\"ReadAction\",\"target\":[\"https:\\\/\\\/www.ghostysky.com\\\/product\\\/dji-care-enterprise-plusdji-matrice-3td\\\/\"]}]},{\"@type\":\"ImageObject\",\"inLanguage\":\"es\",\"@id\":\"https:\\\/\\\/www.ghostysky.com\\\/product\\\/dji-care-enterprise-plusdji-matrice-3td\\\/#primaryimage\",\"url\":\"https:\\\/\\\/www.ghostysky.com\\\/wp-content\\\/uploads\\\/2024\\\/04\\\/GH_dji-care-enterprise.jpg\",\"contentUrl\":\"https:\\\/\\\/www.ghostysky.com\\\/wp-content\\\/uploads\\\/2024\\\/04\\\/GH_dji-care-enterprise.jpg\",\"width\":1200,\"height\":1200},{\"@type\":\"BreadcrumbList\",\"@id\":\"https:\\\/\\\/www.ghostysky.com\\\/product\\\/dji-care-enterprise-plusdji-matrice-3td\\\/#breadcrumb\",\"itemListElement\":[{\"@type\":\"ListItem\",\"position\":1,\"name\":\"Home\",\"item\":\"https:\\\/\\\/www.ghostysky.com\\\/\"},{\"@type\":\"ListItem\",\"position\":2,\"name\":\"Shop\",\"item\":\"https:\\\/\\\/www.ghostysky.com\\\/shop\\\/\"},{\"@type\":\"ListItem\",\"position\":3,\"name\":\"DJI Care Enterprise Plus(DJI Matrice 3TD)\"}]},{\"@type\":\"WebSite\",\"@id\":\"https:\\\/\\\/www.ghostysky.com\\\/#website\",\"url\":\"https:\\\/\\\/www.ghostysky.com\\\/\",\"name\":\"Ghostysky\",\"description\":\"Delivering professional drones and services\",\"publisher\":{\"@id\":\"https:\\\/\\\/www.ghostysky.com\\\/#organization\"},\"potentialAction\":[{\"@type\":\"SearchAction\",\"target\":{\"@type\":\"EntryPoint\",\"urlTemplate\":\"https:\\\/\\\/www.ghostysky.com\\\/?s={search_term_string}\"},\"query-input\":{\"@type\":\"PropertyValueSpecification\",\"valueRequired\":true,\"valueName\":\"search_term_string\"}}],\"inLanguage\":\"es\"},{\"@type\":\"Organization\",\"@id\":\"https:\\\/\\\/www.ghostysky.com\\\/#organization\",\"name\":\"Ghostysky\",\"url\":\"https:\\\/\\\/www.ghostysky.com\\\/\",\"logo\":{\"@type\":\"ImageObject\",\"inLanguage\":\"es\",\"@id\":\"https:\\\/\\\/www.ghostysky.com\\\/#\\\/schema\\\/logo\\\/image\\\/\",\"url\":\"https:\\\/\\\/www.ghostysky.com\\\/wp-content\\\/uploads\\\/2020\\\/06\\\/cropped-ghostyskylogo_text_white2.png\",\"contentUrl\":\"https:\\\/\\\/www.ghostysky.com\\\/wp-content\\\/uploads\\\/2020\\\/06\\\/cropped-ghostyskylogo_text_white2.png\",\"width\":169,\"height\":56,\"caption\":\"Ghostysky\"},\"image\":{\"@id\":\"https:\\\/\\\/www.ghostysky.com\\\/#\\\/schema\\\/logo\\\/image\\\/\"},\"sameAs\":[\"https:\\\/\\\/www.facebook.com\\\/people\\\/Ghostysky\\\/100057676170234\\\/\",\"https:\\\/\\\/x.com\\\/Gh0stysky\",\"https:\\\/\\\/www.linkedin.com\\\/company\\\/34739653\",\"https:\\\/\\\/www.instagram.com\\\/gh0stysky\"]}]}<\/script>\n<!-- \/ Yoast SEO plugin. -->","yoast_head_json":{"title":"DJI Care Enterprise Plus (DJI Matrice 3TD) - Ghostysky","description":"DJI Care Enterprise Plus es un programa de extensi\u00f3n de garant\u00eda dise\u00f1ado espec\u00edficamente para productos DJI Enterprise, incluido el dron Matrice 3TD. Ofrece una protecci\u00f3n integral para su dron en caso de da\u00f1o accidental durante el uso regular.","robots":{"index":"index","follow":"follow","max-snippet":"max-snippet:-1","max-image-preview":"max-image-preview:large","max-video-preview":"max-video-preview:-1"},"canonical":"https:\/\/www.ghostysky.com\/es\/producto-2\/dji-care-enterprise-plusdji-matrice-3td\/","og_locale":"es_ES","og_type":"article","og_title":"DJI Care Enterprise Plus(DJI Matrice 3TD) - Ghostysky","og_description":"DJI Care Enterprise Plus is a warranty extension program specifically designed for DJI Enterprise products, including the Matrice 3TD drone. It offers comprehensive protection for your drone in case of accidental damage during regular use.","og_url":"https:\/\/www.ghostysky.com\/es\/producto-2\/dji-care-enterprise-plusdji-matrice-3td\/","og_site_name":"Ghostysky","article_publisher":"https:\/\/www.facebook.com\/people\/Ghostysky\/100057676170234\/","article_modified_time":"2024-11-09T09:21:47+00:00","og_image":[{"width":1200,"height":1200,"url":"https:\/\/www.ghostysky.com\/wp-content\/uploads\/2024\/04\/GH_dji-care-enterprise.jpg","type":"image\/jpeg"}],"twitter_card":"summary_large_image","twitter_site":"@Gh0stysky","twitter_misc":{"Tiempo de lectura":"1 minuto"},"schema":{"@context":"https:\/\/schema.org","@graph":[{"@type":"WebPage","@id":"https:\/\/www.ghostysky.com\/product\/dji-care-enterprise-plusdji-matrice-3td\/","url":"https:\/\/www.ghostysky.com\/product\/dji-care-enterprise-plusdji-matrice-3td\/","name":"DJI Care Enterprise Plus (DJI Matrice 3TD) - Ghostysky","isPartOf":{"@id":"https:\/\/www.ghostysky.com\/#website"},"primaryImageOfPage":{"@id":"https:\/\/www.ghostysky.com\/product\/dji-care-enterprise-plusdji-matrice-3td\/#primaryimage"},"image":{"@id":"https:\/\/www.ghostysky.com\/product\/dji-care-enterprise-plusdji-matrice-3td\/#primaryimage"},"thumbnailUrl":"https:\/\/www.ghostysky.com\/wp-content\/uploads\/2024\/04\/GH_dji-care-enterprise.jpg","datePublished":"2024-04-18T17:23:33+00:00","dateModified":"2024-11-09T09:21:47+00:00","description":"DJI Care Enterprise Plus es un programa de extensi\u00f3n de garant\u00eda dise\u00f1ado espec\u00edficamente para productos DJI Enterprise, incluido el dron Matrice 3TD. Ofrece una protecci\u00f3n integral para su dron en caso de da\u00f1o accidental durante el uso regular.","breadcrumb":{"@id":"https:\/\/www.ghostysky.com\/product\/dji-care-enterprise-plusdji-matrice-3td\/#breadcrumb"},"inLanguage":"es","potentialAction":[{"@type":"ReadAction","target":["https:\/\/www.ghostysky.com\/product\/dji-care-enterprise-plusdji-matrice-3td\/"]}]},{"@type":"ImageObject","inLanguage":"es","@id":"https:\/\/www.ghostysky.com\/product\/dji-care-enterprise-plusdji-matrice-3td\/#primaryimage","url":"https:\/\/www.ghostysky.com\/wp-content\/uploads\/2024\/04\/GH_dji-care-enterprise.jpg","contentUrl":"https:\/\/www.ghostysky.com\/wp-content\/uploads\/2024\/04\/GH_dji-care-enterprise.jpg","width":1200,"height":1200},{"@type":"BreadcrumbList","@id":"https:\/\/www.ghostysky.com\/product\/dji-care-enterprise-plusdji-matrice-3td\/#breadcrumb","itemListElement":[{"@type":"ListItem","position":1,"name":"Home","item":"https:\/\/www.ghostysky.com\/"},{"@type":"ListItem","position":2,"name":"Shop","item":"https:\/\/www.ghostysky.com\/shop\/"},{"@type":"ListItem","position":3,"name":"DJI Care Enterprise Plus(DJI Matrice 3TD)"}]},{"@type":"WebSite","@id":"https:\/\/www.ghostysky.com\/#website","url":"https:\/\/www.ghostysky.com\/","name":"Ghostysky","description":"Entrega de drones y servicios profesionales","publisher":{"@id":"https:\/\/www.ghostysky.com\/#organization"},"potentialAction":[{"@type":"SearchAction","target":{"@type":"EntryPoint","urlTemplate":"https:\/\/www.ghostysky.com\/?s={search_term_string}"},"query-input":{"@type":"PropertyValueSpecification","valueRequired":true,"valueName":"search_term_string"}}],"inLanguage":"es"},{"@type":"Organization","@id":"https:\/\/www.ghostysky.com\/#organization","name":"Ghostysky","url":"https:\/\/www.ghostysky.com\/","logo":{"@type":"ImageObject","inLanguage":"es","@id":"https:\/\/www.ghostysky.com\/#\/schema\/logo\/image\/","url":"https:\/\/www.ghostysky.com\/wp-content\/uploads\/2020\/06\/cropped-ghostyskylogo_text_white2.png","contentUrl":"https:\/\/www.ghostysky.com\/wp-content\/uploads\/2020\/06\/cropped-ghostyskylogo_text_white2.png","width":169,"height":56,"caption":"Ghostysky"},"image":{"@id":"https:\/\/www.ghostysky.com\/#\/schema\/logo\/image\/"},"sameAs":["https:\/\/www.facebook.com\/people\/Ghostysky\/100057676170234\/","https:\/\/x.com\/Gh0stysky","https:\/\/www.linkedin.com\/company\/34739653","https:\/\/www.instagram.com\/gh0stysky"]}]}},"_links":{"self":[{"href":"https:\/\/www.ghostysky.com\/es\/wp-json\/wp\/v2\/product\/18410","targetHints":{"allow":["GET"]}}],"collection":[{"href":"https:\/\/www.ghostysky.com\/es\/wp-json\/wp\/v2\/product"}],"about":[{"href":"https:\/\/www.ghostysky.com\/es\/wp-json\/wp\/v2\/types\/product"}],"replies":[{"embeddable":true,"href":"https:\/\/www.ghostysky.com\/es\/wp-json\/wp\/v2\/comments?post=18410"}],"wp:featuredmedia":[{"embeddable":true,"href":"https:\/\/www.ghostysky.com\/es\/wp-json\/wp\/v2\/media\/18411"}],"wp:attachment":[{"href":"https:\/\/www.ghostysky.com\/es\/wp-json\/wp\/v2\/media?parent=18410"}],"wp:term":[{"taxonomy":"product_brand","embeddable":true,"href":"https:\/\/www.ghostysky.com\/es\/wp-json\/wp\/v2\/product_brand?post=18410"},{"taxonomy":"product_cat","embeddable":true,"href":"https:\/\/www.ghostysky.com\/es\/wp-json\/wp\/v2\/product_cat?post=18410"},{"taxonomy":"product_tag","embeddable":true,"href":"https:\/\/www.ghostysky.com\/es\/wp-json\/wp\/v2\/product_tag?post=18410"}],"curies":[{"name":"wp","href":"https:\/\/api.w.org\/{rel}","templated":true}]}}