{"id":18465,"date":"2024-04-20T08:30:55","date_gmt":"2024-04-20T08:30:55","guid":{"rendered":"https:\/\/www.ghostysky.com\/?post_type=product&#038;p=18465"},"modified":"2024-11-14T15:34:37","modified_gmt":"2024-11-14T15:34:37","slug":"dji-power-1000-120w-solar-panel-x-3","status":"publish","type":"product","link":"https:\/\/www.ghostysky.com\/es\/product\/dji-power-1000-120w-solar-panel-x-3\/","title":{"rendered":"Paneles solares DJI Power de 1000 y 120 W \u00d7 3"},"content":{"rendered":"<p data-sourcepos=\"3:1-3:35\"><strong>Alta capacidad y potencia de salida:<\/strong><\/p>\n<ul data-sourcepos=\"5:1-6:0\">\n<li data-sourcepos=\"5:1-6:0\">Con una capacidad de bater\u00eda de 1024 Wh, ofrece una enorme salida de CA m\u00e1xima de 2200-2400 W, lo que lo hace adecuado incluso para dispositivos exigentes.<\/li>\n<\/ul>\n<p data-sourcepos=\"7:1-7:18\"><strong>Carga r\u00e1pida:<\/strong><\/p>\n<ul data-sourcepos=\"9:1-10:0\">\n<li data-sourcepos=\"9:1-10:0\">Da rienda suelta a tu creatividad a\u00e9rea m\u00e1s r\u00e1pido. El DJI Power 1000 carga r\u00e1pidamente bater\u00edas de drones DJI compatibles y algunos modelos alcanzan la carga completa en unos 30 minutos.<\/li>\n<\/ul>\n<p data-sourcepos=\"11:1-11:29\"><strong>Entrega de energ\u00eda vers\u00e1til:<\/strong><\/p>\n<ul data-sourcepos=\"13:1-14:0\">\n<li data-sourcepos=\"13:1-14:0\">Mant\u00e9n todo tu equipo actualizado. Cuenta con dos puertos USB-C con Power Delivery 3.1 que admiten hasta 140 W cada uno, ideal para computadoras port\u00e1tiles, c\u00e1maras y tel\u00e9fonos inteligentes.<\/li>\n<\/ul>\n<p data-sourcepos=\"15:1-15:28\"><strong>Recarga Ecol\u00f3gica:<\/strong><\/p>\n<ul data-sourcepos=\"17:1-18:0\">\n<li data-sourcepos=\"17:1-18:0\">Adopte el poder sostenible. El DJI Power 1000 se puede cargar mediante paneles solares (se venden por separado) a trav\u00e9s del m\u00f3dulo adaptador de panel solar (MPPT) DJI Power para aventuras fuera de la red.<\/li>\n<\/ul>\n<p data-sourcepos=\"19:1-19:21\"><strong>Duradero y seguro:<\/strong><\/p>\n<ul data-sourcepos=\"21:1-22:0\">\n<li data-sourcepos=\"21:1-22:0\">Constru\u00eddo para perdurar. Utiliza una celda LFP con una vida \u00fatil de 10 a\u00f1os y retiene m\u00e1s de 70% de capacidad despu\u00e9s de la asombrosa cifra de 4000 ciclos de carga. Adem\u00e1s, varias caracter\u00edsticas de seguridad garantizan un funcionamiento sin preocupaciones.<\/li>\n<\/ul>\n<p data-sourcepos=\"23:1-23:20\"><strong>Operaci\u00f3n silenciosa:<\/strong><\/p>\n<ul data-sourcepos=\"25:1-26:0\">\n<li data-sourcepos=\"25:1-26:0\">Disfruta del poder pac\u00edfico. El DJI Power 1000 funciona con un nivel de ruido bajo, lo que lo hace ideal para filmar o utilizar en entornos sensibles al ruido.<\/li>\n<\/ul>\n<p data-sourcepos=\"27:1-27:50\"><strong>Amplias opciones de accesorios<\/strong> (se vende por separado):<\/p>\n<ul data-sourcepos=\"29:1-30:0\">\n<li data-sourcepos=\"29:1-30:0\">Ampl\u00ede su funcionalidad con una variedad de accesorios, incluido el adaptador de panel solar y el cargador para autom\u00f3vil antes mencionados, para una versatilidad a\u00fan mayor.<\/li>\n<\/ul>\n<p data-sourcepos=\"31:1-31:170\">En resumen, el DJI Power 1000 es una soluci\u00f3n potente y port\u00e1til para creadores de contenido, entusiastas de los drones y cualquiera que necesite energ\u00eda fuera de la red confiable para sus dispositivos.<\/p>\n<h3 data-sourcepos=\"31:1-31:170\">Especificaciones t\u00e9cnicas<\/h3>\n<div class=\"specs-parameter-wrap\">\n<h4 class=\"group-list-title\">General<\/h4>\n<ul class=\"detailed-parameter-list\">\n<li class=\"detailed-parameter-key\">\n<h4>Modelo<\/h4>\n<ul class=\"detailed-parameter-list\">\n<li class=\"detailed-parameter\">\n<div class=\"detailed-parameter-value\">DYM1000L\/DYM1000H<\/div>\n<\/li>\n<\/ul>\n<\/li>\n<\/ul>\n<ul class=\"detailed-parameter-list\">\n<li class=\"detailed-parameter-key\">\n<h4>Capacidad<\/h4>\n<ul class=\"detailed-parameter-list\">\n<li class=\"detailed-parameter\">\n<div class=\"detailed-parameter-value\">1024 Wh<\/div>\n<\/li>\n<\/ul>\n<\/li>\n<\/ul>\n<ul class=\"detailed-parameter-list\">\n<li class=\"detailed-parameter-key\">\n<h4>Peso neto<\/h4>\n<ul class=\"detailed-parameter-list\">\n<li class=\"detailed-parameter\">\n<div class=\"detailed-parameter-value\">Aprox. 13 kilogramos<\/div>\n<\/li>\n<\/ul>\n<\/li>\n<\/ul>\n<ul class=\"detailed-parameter-list\">\n<li class=\"detailed-parameter-key\">\n<h4>Dimensiones<\/h4>\n<ul class=\"detailed-parameter-list\">\n<li class=\"detailed-parameter-key\">\n<h4>448\u00d7225\u00d7230 mm (largo\u00d7ancho\u00d7alto)<\/h4>\n<\/li>\n<\/ul>\n<\/li>\n<\/ul>\n<ul class=\"detailed-parameter-list\">\n<li class=\"detailed-parameter-key\">\n<h4>N\u00famero de puertos<\/h4>\n<ul class=\"detailed-parameter-list\">\n<li class=\"detailed-parameter\">\n<div class=\"detailed-parameter-value\">Salida de CA \u00d7 2<br \/>\nUSB-C \u00d7 2<br \/>\nUSB-A \u00d7 2<br \/>\nCOSUDE \u00d7 1<br \/>\nCOSUDE Lite \u00d7 1<br \/>\nEntrada de CA \u00d7 1<\/div>\n<\/li>\n<\/ul>\n<\/li>\n<\/ul>\n<ul class=\"detailed-parameter-list\">\n<li class=\"detailed-parameter-key\">\n<h4>Altitud operativa m\u00e1xima<\/h4>\n<ul class=\"detailed-parameter-list\">\n<li class=\"detailed-parameter\">\n<div class=\"detailed-parameter-value\">3000 metros<\/div>\n<\/li>\n<\/ul>\n<\/li>\n<\/ul>\n<\/div>\n<div class=\"specs-parameter-wrap\">\n<h4 class=\"group-list-title\">Especificaciones de salida<\/h4>\n<ul class=\"detailed-parameter-list\">\n<li class=\"detailed-parameter-key\">\n<h4>Salida de CA<\/h4>\n<ul class=\"detailed-parameter-list\">\n<li class=\"detailed-parameter\">\n<div class=\"detailed-parameter-value\">DYM1000L: CA 100-120 V, 50\/60 Hz, salida continua m\u00e1xima: 2200 W<br \/>\nDYM1000H: CA 220-240 V, 50\/60 Hz, salida continua m\u00e1xima: 2400 W\u200c\u200c\u00a0<sup>La potencia de salida continua m\u00e1xima est\u00e1 disponible cuando el nivel de bater\u00eda del producto es superior a 20%. Los datos de salida de CA var\u00edan seg\u00fan el pa\u00eds y la regi\u00f3n.<\/sup><br \/>\n\u200c\u00a0<sup>Dado que el voltaje en Jap\u00f3n es de 100 V, la potencia de salida continua m\u00e1xima de la versi\u00f3n japonesa es de 2000 W.<\/sup><\/div>\n<\/li>\n<\/ul>\n<\/li>\n<\/ul>\n<ul class=\"detailed-parameter-list\">\n<li class=\"detailed-parameter-key\">\n<h4>Salida de CA (modo de derivaci\u00f3n)<\/h4>\n<ul class=\"detailed-parameter-list\">\n<li class=\"detailed-parameter\">\n<div class=\"detailed-parameter-value\">DYM1000L: CA 100-120 V, 12 A, 1440 W<br \/>\n\u200cDYM1000H: CA 220-240 V, 10 A, 2200 W<\/div>\n<\/li>\n<\/ul>\n<\/li>\n<\/ul>\n<ul class=\"detailed-parameter-list\">\n<li class=\"detailed-parameter-key\">\n<h4>Salida USB-A<\/h4>\n<ul class=\"detailed-parameter-list\">\n<li class=\"detailed-parameter\">\n<div class=\"detailed-parameter-value\">5 V, 3 A<br \/>\n9 V, 2 A<br \/>\n12 V, 2 A<br \/>\nPotencia m\u00e1xima de salida por canal: 24 W<\/div>\n<\/li>\n<\/ul>\n<\/li>\n<\/ul>\n<ul class=\"detailed-parameter-list\">\n<li class=\"detailed-parameter-key\">\n<h4>Salida USB-C<\/h4>\n<ul class=\"detailed-parameter-list\">\n<li class=\"detailed-parameter\">\n<div class=\"detailed-parameter-value\">5 V, 5 A<br \/>\n9 V, 5 A<br \/>\n12 V, 5 A<br \/>\n15 V, 5 A<br \/>\n20 V, 5 A<br \/>\n28 V, 5 A (EPR)<br \/>\nPotencia m\u00e1xima de salida por canal: 140 W*<sup>* El puerto USB-C admite una potencia de salida m\u00e1xima de 140 W. El dispositivo que se est\u00e1 cargando debe admitir el protocolo PD 3.1 y utilizar un cable USB que cumpla con las especificaciones EPR.<\/sup><\/div>\n<\/li>\n<\/ul>\n<\/li>\n<\/ul>\n<ul class=\"detailed-parameter-list\">\n<li class=\"detailed-parameter-key\">\n<h4>Salida SDC y SDC Lite<\/h4>\n<ul class=\"detailed-parameter-list\">\n<li class=\"detailed-parameter\">\n<div class=\"detailed-parameter-value\">COSUDE: 9-27 V, corriente m\u00e1xima: 10 A, potencia de salida m\u00e1xima: 240 W<br \/>\nSDC Lite: 9-27 V, corriente m\u00e1xima: 10 A, potencia de salida m\u00e1xima: 240 W<sup>Tanto el puerto SDC como el SDC Lite admiten una amplia variedad de accesorios.<\/sup><\/div>\n<\/li>\n<\/ul>\n<\/li>\n<\/ul>\n<\/div>\n<div class=\"specs-parameter-wrap\">\n<h4 class=\"group-list-title\">Especificaciones de entrada<\/h4>\n<ul class=\"detailed-parameter-list\">\n<li class=\"detailed-parameter-key\">\n<h4>Entrada de CA<\/h4>\n<ul class=\"detailed-parameter-list\">\n<li class=\"detailed-parameter\">\n<div class=\"detailed-parameter-value\">DYM1000L: CA 100-120 V, 1200 W (recarga), 1440 W (modo Bypass)<br \/>\nDYM1000H: CA 220-240 V, 1200 W (recarga), 2200 W (modo Bypass)<\/div>\n<\/li>\n<\/ul>\n<\/li>\n<\/ul>\n<ul class=\"detailed-parameter-list\">\n<li class=\"detailed-parameter-key\">\n<h4>Entrada SDC y SDC Lite<\/h4>\n<ul class=\"detailed-parameter-list\">\n<li class=\"detailed-parameter\">\n<div class=\"detailed-parameter-value\">COSUDE: CC 32-58,4 V, m\u00e1x. 400 W, 8 A<br \/>\nCOSUDE Lite: CC 32-58,4 V, m\u00e1x. 400 W, 8 A<sup>Tanto el puerto SDC como el SDC Lite admiten una amplia variedad de accesorios.<\/sup><\/div>\n<\/li>\n<\/ul>\n<\/li>\n<\/ul>\n<\/div>\n<div class=\"specs-parameter-wrap\">\n<h4 class=\"group-list-title\">Bater\u00eda<\/h4>\n<ul class=\"detailed-parameter-list\">\n<li class=\"detailed-parameter-key\">\n<h4>Qu\u00edmica celular<\/h4>\n<ul class=\"detailed-parameter-list\">\n<li class=\"detailed-parameter\">\n<div class=\"detailed-parameter-value\">LFP (ferrofosfato de litio)<\/div>\n<\/li>\n<\/ul>\n<\/li>\n<\/ul>\n<ul class=\"detailed-parameter-list\">\n<li class=\"detailed-parameter-key\">\n<h4>Ciclo de vida<\/h4>\n<ul class=\"detailed-parameter-list\">\n<li class=\"detailed-parameter\">\n<div class=\"detailed-parameter-value\">\n<p>Mantiene una capacidad superior a 70% despu\u00e9s de 4000 ciclos.<\/p>\n<p><sup>Medido a 25 \u2103\/77 \u00b0F de temperatura ambiente, recarg\u00e1ndose en el modo de recarga est\u00e1ndar de 600 W y con una potencia de salida de 1000 W.<\/sup><\/p>\n<\/div>\n<\/li>\n<\/ul>\n<\/li>\n<\/ul>\n<\/div>\n<div class=\"specs-parameter-wrap\">\n<h4 class=\"group-list-title\">Temperatura de funcionamiento<\/h4>\n<ul class=\"detailed-parameter-list\">\n<li class=\"detailed-parameter-key\">\n<h4>Temperatura de la fuente de alimentaci\u00f3n<\/h4>\n<ul class=\"detailed-parameter-list\">\n<li class=\"detailed-parameter\">\n<div class=\"detailed-parameter-value\">-10\u00b0 a 45\u00b0 C (14\u00b0 a 113\u00b0 F)<\/div>\n<\/li>\n<\/ul>\n<\/li>\n<\/ul>\n<ul class=\"detailed-parameter-list\">\n<li class=\"detailed-parameter-key\">\n<h4>Temperatura de recarga<\/h4>\n<ul class=\"detailed-parameter-list\">\n<li class=\"detailed-parameter\">\n<div class=\"detailed-parameter-value\">0\u00b0 a 45\u00b0 C (32\u00b0 a 113\u00b0 F)<\/div>\n<\/li>\n<\/ul>\n<\/li>\n<\/ul>\n<ul class=\"detailed-parameter-list\">\n<li class=\"detailed-parameter-key\">\n<h4>Temperatura de almacenamiento<\/h4>\n<ul class=\"detailed-parameter-list\">\n<li class=\"detailed-parameter\">\n<div class=\"detailed-parameter-value\">-10\u00b0 a 45\u00b0 C (14\u00b0 a 113\u00b0 F)<\/div>\n<\/li>\n<\/ul>\n<\/li>\n<\/ul>\n<p><a href=\"https:\/\/www.ghostysky.com\/wp-content\/uploads\/2024\/04\/DJIP1000_0_ITB.jpg\"><img fetchpriority=\"high\" decoding=\"async\" class=\"alignnone size-full wp-image-18464 lazyload\" src=\"datos:imagen\/gif;base64,R0lGODlhAQABAAAAACH5BAEKAAEALAAAAAABAAEAAAICTAEAOw==\" alt=\"\" width=\"1543\" height=\"440\" data-src=\"datos:imagen\/gif;base64,R0lGODlhAQABAAAAACH5BAEKAAEALAAAAAABAAEAAAICTAEAOw==\"><\/a> <a href=\"https:\/\/www.ghostysky.com\/wp-content\/uploads\/2024\/04\/DJIP1000_2_ITB.jpg\"><img decoding=\"async\" class=\"alignnone size-medium wp-image-18467 lazyload\" src=\"datos:imagen\/gif;base64,R0lGODlhAQABAAAAACH5BAEKAAEALAAAAAABAAEAAAICTAEAOw==\" alt=\"\" width=\"300\" height=\"87\" data-src=\"datos:imagen\/gif;base64,R0lGODlhAQABAAAAACH5BAEKAAEALAAAAAABAAEAAAICTAEAOw==\"><\/a><\/p>\n<\/div>","protected":false},"excerpt":{"rendered":"<p data-sourcepos=\"1:1-1:72\">El DJI Power 1000 es una central el\u00e9ctrica port\u00e1til de alta capacidad dise\u00f1ada para creadores de contenido, pilotos de drones y entusiastas de las actividades al aire libre que necesitan energ\u00eda confiable mientras viajan. Proporciona energ\u00eda estable con una capacidad de bater\u00eda de 1024 Wh, potencia de salida m\u00e1xima de 2400 W y carga r\u00e1pida para drones DJI seleccionados. El paquete incluye 3 unidades de Paneles Solares de 120W.<\/p>","protected":false},"featured_media":18428,"comment_status":"open","ping_status":"closed","template":"","meta":[],"product_brand":[],"product_cat":[461,777,615,430,781,785,775,37,614,429,29,779,784,511],"product_tag":[863,42,860,861],"class_list":{"0":"post-18465","1":"product","2":"type-product","3":"status-publish","4":"has-post-thumbnail","6":"product_cat-accessories-2","7":"product_cat-accessories-air-3","8":"product_cat-dji-matrice-30-accessories","9":"product_cat-accessories-dji-mavic3-ent","10":"product_cat-accessories-mavic-3-classic","11":"product_cat-accessories-mavic-3-pro","12":"product_cat-air-3","13":"product_cat-dji","14":"product_cat-dji-matrice-30","15":"product_cat-dji-mavic3-ent","16":"product_cat-drones","17":"product_cat-mavic-3-classic","18":"product_cat-mavic-3-pro","19":"product_cat-power-station","20":"product_tag-120w-solar-panel-x-3","21":"product_tag-dji","22":"product_tag-dji-power-station","23":"product_tag-power-1000","25":"first","26":"onbackorder","27":"taxable","28":"shipping-taxable","29":"product-type-simple"},"yoast_head":"<!-- This site is optimized with the Yoast SEO plugin v27.1.1 - https:\/\/yoast.com\/product\/yoast-seo-wordpress\/ -->\n<title>DJI Power 1000 &amp; 120W Solar Panel \u00d7 3 - Ghostysky<\/title>\n<meta name=\"description\" content=\"The DJI Power 1000 is a high-capacity portable power station designed for content creators, drone pilots, and outdoor enthusiasts who need reliable power on the go. It provides stable power with a battery capacity of 1024 Wh, max output power of 2400 W, and fast charging for select DJI drones. The package includes a 120W Solar Panel.\" \/>\n<meta name=\"robots\" content=\"index, follow, max-snippet:-1, max-image-preview:large, max-video-preview:-1\" \/>\n<link rel=\"canonical\" href=\"https:\/\/www.ghostysky.com\/es\/producto-2\/dji-power-1000-120w-solar-panel-x-3\/\" \/>\n<meta property=\"og:locale\" content=\"es_ES\" \/>\n<meta property=\"og:type\" content=\"article\" \/>\n<meta property=\"og:title\" content=\"DJI Power 1000 &amp; 120W Solar Panel \u00d7 3 - Ghostysky\" \/>\n<meta property=\"og:description\" content=\"The DJI Power 1000 is a high-capacity portable power station designed for content creators, drone pilots, and outdoor enthusiasts who need reliable power on the go. It provides stable power with a battery capacity of 1024 Wh, max output power of 2400 W, and fast charging for select DJI drones. The package includes a 120W Solar Panel.\" \/>\n<meta property=\"og:url\" content=\"https:\/\/www.ghostysky.com\/es\/producto-2\/dji-power-1000-120w-solar-panel-x-3\/\" \/>\n<meta property=\"og:site_name\" content=\"Ghostysky\" \/>\n<meta property=\"article:publisher\" content=\"https:\/\/www.facebook.com\/people\/Ghostysky\/100057676170234\/\" \/>\n<meta property=\"article:modified_time\" content=\"2024-11-14T15:34:37+00:00\" \/>\n<meta property=\"og:image\" content=\"https:\/\/www.ghostysky.com\/wp-content\/uploads\/2024\/04\/DJI-Power-1000_8_Solar-Pannelx3.jpg\" \/>\n\t<meta property=\"og:image:width\" content=\"1280\" \/>\n\t<meta property=\"og:image:height\" content=\"1280\" \/>\n\t<meta property=\"og:image:type\" content=\"image\/jpeg\" \/>\n<meta name=\"twitter:card\" content=\"summary_large_image\" \/>\n<meta name=\"twitter:site\" content=\"@Gh0stysky\" \/>\n<meta name=\"twitter:label1\" content=\"Tiempo de lectura\" \/>\n\t<meta name=\"twitter:data1\" content=\"3 minutos\" \/>\n<script type=\"application\/ld+json\" class=\"yoast-schema-graph\">{\"@context\":\"https:\/\/schema.org\",\"@graph\":[{\"@type\":\"WebPage\",\"@id\":\"https:\/\/www.ghostysky.com\/product\/dji-power-1000-120w-solar-panel-x-3\/\",\"url\":\"https:\/\/www.ghostysky.com\/product\/dji-power-1000-120w-solar-panel-x-3\/\",\"name\":\"DJI Power 1000 & 120W Solar Panel \u00d7 3 - Ghostysky\",\"isPartOf\":{\"@id\":\"https:\/\/www.ghostysky.com\/#website\"},\"primaryImageOfPage\":{\"@id\":\"https:\/\/www.ghostysky.com\/product\/dji-power-1000-120w-solar-panel-x-3\/#primaryimage\"},\"image\":{\"@id\":\"https:\/\/www.ghostysky.com\/product\/dji-power-1000-120w-solar-panel-x-3\/#primaryimage\"},\"thumbnailUrl\":\"https:\/\/www.ghostysky.com\/wp-content\/uploads\/2024\/04\/DJI-Power-1000_8_Solar-Pannelx3.jpg\",\"datePublished\":\"2024-04-20T08:30:55+00:00\",\"dateModified\":\"2024-11-14T15:34:37+00:00\",\"description\":\"The DJI Power 1000 is a high-capacity portable power station designed for content creators, drone pilots, and outdoor enthusiasts who need reliable power on the go. It provides stable power with a battery capacity of 1024 Wh, max output power of 2400 W, and fast charging for select DJI drones. The package includes a 120W Solar Panel.\",\"breadcrumb\":{\"@id\":\"https:\/\/www.ghostysky.com\/product\/dji-power-1000-120w-solar-panel-x-3\/#breadcrumb\"},\"inLanguage\":\"es\",\"potentialAction\":[{\"@type\":\"ReadAction\",\"target\":[\"https:\/\/www.ghostysky.com\/product\/dji-power-1000-120w-solar-panel-x-3\/\"]}]},{\"@type\":\"ImageObject\",\"inLanguage\":\"es\",\"@id\":\"https:\/\/www.ghostysky.com\/product\/dji-power-1000-120w-solar-panel-x-3\/#primaryimage\",\"url\":\"https:\/\/www.ghostysky.com\/wp-content\/uploads\/2024\/04\/DJI-Power-1000_8_Solar-Pannelx3.jpg\",\"contentUrl\":\"https:\/\/www.ghostysky.com\/wp-content\/uploads\/2024\/04\/DJI-Power-1000_8_Solar-Pannelx3.jpg\",\"width\":1280,\"height\":1280},{\"@type\":\"BreadcrumbList\",\"@id\":\"https:\/\/www.ghostysky.com\/product\/dji-power-1000-120w-solar-panel-x-3\/#breadcrumb\",\"itemListElement\":[{\"@type\":\"ListItem\",\"position\":1,\"name\":\"Home\",\"item\":\"https:\/\/www.ghostysky.com\/\"},{\"@type\":\"ListItem\",\"position\":2,\"name\":\"Shop\",\"item\":\"https:\/\/www.ghostysky.com\/shop\/\"},{\"@type\":\"ListItem\",\"position\":3,\"name\":\"DJI Power 1000 &#038; 120W Solar Panel \u00d7 3\"}]},{\"@type\":\"WebSite\",\"@id\":\"https:\/\/www.ghostysky.com\/#website\",\"url\":\"https:\/\/www.ghostysky.com\/\",\"name\":\"Ghostysky\",\"description\":\"Delivering professional drones and services\",\"publisher\":{\"@id\":\"https:\/\/www.ghostysky.com\/#organization\"},\"potentialAction\":[{\"@type\":\"SearchAction\",\"target\":{\"@type\":\"EntryPoint\",\"urlTemplate\":\"https:\/\/www.ghostysky.com\/?s={search_term_string}\"},\"query-input\":{\"@type\":\"PropertyValueSpecification\",\"valueRequired\":true,\"valueName\":\"search_term_string\"}}],\"inLanguage\":\"es\"},{\"@type\":\"Organization\",\"@id\":\"https:\/\/www.ghostysky.com\/#organization\",\"name\":\"Ghostysky\",\"url\":\"https:\/\/www.ghostysky.com\/\",\"logo\":{\"@type\":\"ImageObject\",\"inLanguage\":\"es\",\"@id\":\"https:\/\/www.ghostysky.com\/#\/schema\/logo\/image\/\",\"url\":\"https:\/\/www.ghostysky.com\/wp-content\/uploads\/2020\/06\/cropped-ghostyskylogo_text_white2.png\",\"contentUrl\":\"https:\/\/www.ghostysky.com\/wp-content\/uploads\/2020\/06\/cropped-ghostyskylogo_text_white2.png\",\"width\":169,\"height\":56,\"caption\":\"Ghostysky\"},\"image\":{\"@id\":\"https:\/\/www.ghostysky.com\/#\/schema\/logo\/image\/\"},\"sameAs\":[\"https:\/\/www.facebook.com\/people\/Ghostysky\/100057676170234\/\",\"https:\/\/x.com\/Gh0stysky\",\"https:\/\/www.linkedin.com\/company\/34739653\",\"https:\/\/www.instagram.com\/gh0stysky\"]}]}<\/script>\n<!-- \/ Yoast SEO plugin. -->","yoast_head_json":{"title":"Panel solar DJI Power 1000 y 120W \u00d7 3 - Ghostysky","description":"El DJI Power 1000 es una central el\u00e9ctrica port\u00e1til de alta capacidad dise\u00f1ada para creadores de contenido, pilotos de drones y entusiastas de las actividades al aire libre que necesitan energ\u00eda confiable mientras viajan. Proporciona energ\u00eda estable con una capacidad de bater\u00eda de 1024 Wh, potencia de salida m\u00e1xima de 2400 W y carga r\u00e1pida para drones DJI seleccionados. El paquete incluye un Panel Solar de 120W.","robots":{"index":"index","follow":"follow","max-snippet":"max-snippet:-1","max-image-preview":"max-image-preview:large","max-video-preview":"max-video-preview:-1"},"canonical":"https:\/\/www.ghostysky.com\/es\/producto-2\/dji-power-1000-120w-solar-panel-x-3\/","og_locale":"es_ES","og_type":"article","og_title":"DJI Power 1000 & 120W Solar Panel \u00d7 3 - Ghostysky","og_description":"The DJI Power 1000 is a high-capacity portable power station designed for content creators, drone pilots, and outdoor enthusiasts who need reliable power on the go. It provides stable power with a battery capacity of 1024 Wh, max output power of 2400 W, and fast charging for select DJI drones. The package includes a 120W Solar Panel.","og_url":"https:\/\/www.ghostysky.com\/es\/producto-2\/dji-power-1000-120w-solar-panel-x-3\/","og_site_name":"Ghostysky","article_publisher":"https:\/\/www.facebook.com\/people\/Ghostysky\/100057676170234\/","article_modified_time":"2024-11-14T15:34:37+00:00","og_image":[{"width":1280,"height":1280,"url":"https:\/\/www.ghostysky.com\/wp-content\/uploads\/2024\/04\/DJI-Power-1000_8_Solar-Pannelx3.jpg","type":"image\/jpeg"}],"twitter_card":"summary_large_image","twitter_site":"@Gh0stysky","twitter_misc":{"Tiempo de lectura":"3 minutos"},"schema":{"@context":"https:\/\/schema.org","@graph":[{"@type":"WebPage","@id":"https:\/\/www.ghostysky.com\/product\/dji-power-1000-120w-solar-panel-x-3\/","url":"https:\/\/www.ghostysky.com\/product\/dji-power-1000-120w-solar-panel-x-3\/","name":"Panel solar DJI Power 1000 y 120W \u00d7 3 - Ghostysky","isPartOf":{"@id":"https:\/\/www.ghostysky.com\/#website"},"primaryImageOfPage":{"@id":"https:\/\/www.ghostysky.com\/product\/dji-power-1000-120w-solar-panel-x-3\/#primaryimage"},"image":{"@id":"https:\/\/www.ghostysky.com\/product\/dji-power-1000-120w-solar-panel-x-3\/#primaryimage"},"thumbnailUrl":"https:\/\/www.ghostysky.com\/wp-content\/uploads\/2024\/04\/DJI-Power-1000_8_Solar-Pannelx3.jpg","datePublished":"2024-04-20T08:30:55+00:00","dateModified":"2024-11-14T15:34:37+00:00","description":"El DJI Power 1000 es una central el\u00e9ctrica port\u00e1til de alta capacidad dise\u00f1ada para creadores de contenido, pilotos de drones y entusiastas de las actividades al aire libre que necesitan energ\u00eda confiable mientras viajan. Proporciona energ\u00eda estable con una capacidad de bater\u00eda de 1024 Wh, potencia de salida m\u00e1xima de 2400 W y carga r\u00e1pida para drones DJI seleccionados. El paquete incluye un Panel Solar de 120W.","breadcrumb":{"@id":"https:\/\/www.ghostysky.com\/product\/dji-power-1000-120w-solar-panel-x-3\/#breadcrumb"},"inLanguage":"es","potentialAction":[{"@type":"ReadAction","target":["https:\/\/www.ghostysky.com\/product\/dji-power-1000-120w-solar-panel-x-3\/"]}]},{"@type":"ImageObject","inLanguage":"es","@id":"https:\/\/www.ghostysky.com\/product\/dji-power-1000-120w-solar-panel-x-3\/#primaryimage","url":"https:\/\/www.ghostysky.com\/wp-content\/uploads\/2024\/04\/DJI-Power-1000_8_Solar-Pannelx3.jpg","contentUrl":"https:\/\/www.ghostysky.com\/wp-content\/uploads\/2024\/04\/DJI-Power-1000_8_Solar-Pannelx3.jpg","width":1280,"height":1280},{"@type":"BreadcrumbList","@id":"https:\/\/www.ghostysky.com\/product\/dji-power-1000-120w-solar-panel-x-3\/#breadcrumb","itemListElement":[{"@type":"ListItem","position":1,"name":"Home","item":"https:\/\/www.ghostysky.com\/"},{"@type":"ListItem","position":2,"name":"Shop","item":"https:\/\/www.ghostysky.com\/shop\/"},{"@type":"ListItem","position":3,"name":"DJI Power 1000 &#038; 120W Solar Panel \u00d7 3"}]},{"@type":"WebSite","@id":"https:\/\/www.ghostysky.com\/#website","url":"https:\/\/www.ghostysky.com\/","name":"Ghostysky","description":"Entrega de drones y servicios profesionales","publisher":{"@id":"https:\/\/www.ghostysky.com\/#organization"},"potentialAction":[{"@type":"SearchAction","target":{"@type":"EntryPoint","urlTemplate":"https:\/\/www.ghostysky.com\/?s={search_term_string}"},"query-input":{"@type":"PropertyValueSpecification","valueRequired":true,"valueName":"search_term_string"}}],"inLanguage":"es"},{"@type":"Organization","@id":"https:\/\/www.ghostysky.com\/#organization","name":"Ghostysky","url":"https:\/\/www.ghostysky.com\/","logo":{"@type":"ImageObject","inLanguage":"es","@id":"https:\/\/www.ghostysky.com\/#\/schema\/logo\/image\/","url":"https:\/\/www.ghostysky.com\/wp-content\/uploads\/2020\/06\/cropped-ghostyskylogo_text_white2.png","contentUrl":"https:\/\/www.ghostysky.com\/wp-content\/uploads\/2020\/06\/cropped-ghostyskylogo_text_white2.png","width":169,"height":56,"caption":"Ghostysky"},"image":{"@id":"https:\/\/www.ghostysky.com\/#\/schema\/logo\/image\/"},"sameAs":["https:\/\/www.facebook.com\/people\/Ghostysky\/100057676170234\/","https:\/\/x.com\/Gh0stysky","https:\/\/www.linkedin.com\/company\/34739653","https:\/\/www.instagram.com\/gh0stysky"]}]}},"_links":{"self":[{"href":"https:\/\/www.ghostysky.com\/es\/wp-json\/wp\/v2\/product\/18465","targetHints":{"allow":["GET"]}}],"collection":[{"href":"https:\/\/www.ghostysky.com\/es\/wp-json\/wp\/v2\/product"}],"about":[{"href":"https:\/\/www.ghostysky.com\/es\/wp-json\/wp\/v2\/types\/product"}],"replies":[{"embeddable":true,"href":"https:\/\/www.ghostysky.com\/es\/wp-json\/wp\/v2\/comments?post=18465"}],"wp:featuredmedia":[{"embeddable":true,"href":"https:\/\/www.ghostysky.com\/es\/wp-json\/wp\/v2\/media\/18428"}],"wp:attachment":[{"href":"https:\/\/www.ghostysky.com\/es\/wp-json\/wp\/v2\/media?parent=18465"}],"wp:term":[{"taxonomy":"product_brand","embeddable":true,"href":"https:\/\/www.ghostysky.com\/es\/wp-json\/wp\/v2\/product_brand?post=18465"},{"taxonomy":"product_cat","embeddable":true,"href":"https:\/\/www.ghostysky.com\/es\/wp-json\/wp\/v2\/product_cat?post=18465"},{"taxonomy":"product_tag","embeddable":true,"href":"https:\/\/www.ghostysky.com\/es\/wp-json\/wp\/v2\/product_tag?post=18465"}],"curies":[{"name":"wp","href":"https:\/\/api.w.org\/{rel}","templated":true}]}}