{"id":18593,"date":"2024-05-05T11:05:07","date_gmt":"2024-05-05T11:05:07","guid":{"rendered":"https:\/\/www.ghostysky.com\/?post_type=product&#038;p=18593"},"modified":"2026-01-24T10:05:33","modified_gmt":"2026-01-24T10:05:33","slug":"pix4d-emlid-scanning-kit-standard","status":"publish","type":"product","link":"https:\/\/www.ghostysky.com\/es\/product\/pix4d-emlid-scanning-kit-standard\/","title":{"rendered":"Kit est\u00e1ndar de escaneo Pix4D y Emlid"},"content":{"rendered":"<h3 data-sourcepos=\"3:1-3:38\">\u00bfQu\u00e9 est\u00e1 incluido?<\/h3>\n<ul data-sourcepos=\"5:1-14:0\">\n<li data-sourcepos=\"5:1-6:0\">\n<p data-sourcepos=\"5:3-5:144\"><strong>Alcance RX de Emlid:<\/strong> Un receptor GNSS de alta precisi\u00f3n que proporciona correcciones cinem\u00e1ticas en tiempo real (RTK) para un posicionamiento preciso de sus escaneos.<\/p>\n<\/li>\n<li data-sourcepos=\"7:1-8:0\">\n<p data-sourcepos=\"7:3-7:177\"><strong>Aplicaci\u00f3n m\u00f3vil Pix4Dcatch:<\/strong> Esta aplicaci\u00f3n en su tel\u00e9fono inteligente lo convierte en un dispositivo de escaneo. Se integra con Reach RX para capturar datos de ubicaci\u00f3n sincronizados con cada escaneo.<\/p>\n<\/li>\n<li data-sourcepos=\"9:1-10:0\">\n<p data-sourcepos=\"9:3-9:95\"><strong>Mango de escaneo:<\/strong> Este mango ergon\u00f3mico proporciona un agarre c\u00f3modo mientras captura escaneos.<\/p>\n<\/li>\n<li data-sourcepos=\"11:1-12:0\">\n<p data-sourcepos=\"11:3-11:138\"><strong>Etiquetas de tierra:<\/strong> Estas peque\u00f1as etiquetas ayudan a mejorar la precisi\u00f3n de su modelo 3D al proporcionar puntos de referencia durante el proceso de escaneo.<\/p>\n<\/li>\n<li data-sourcepos=\"13:1-14:0\">\n<p data-sourcepos=\"13:3-13:73\"><strong>Estuche de transporte:<\/strong> Un pr\u00e1ctico estuche para guardar y transportar todo.<\/p>\n<\/li>\n<\/ul>\n<p data-sourcepos=\"15:1-15:49\">Este kit est\u00e1ndar es ideal para aplicaciones como:<\/p>\n<ul data-sourcepos=\"17:1-21:0\">\n<li data-sourcepos=\"17:1-17:25\">inspecci\u00f3n de construcci\u00f3n<\/li>\n<li data-sourcepos=\"18:1-18:25\">Medidas volum\u00e9tricas<\/li>\n<li data-sourcepos=\"19:1-19:28\">Reconstrucci\u00f3n de la escena del accidente<\/li>\n<li data-sourcepos=\"20:1-21:0\">Creaci\u00f3n de modelos 3D para su posterior an\u00e1lisis.<\/li>\n<\/ul>\n<p data-sourcepos=\"22:1-22:30\"><strong>Cosas adicionales a tener en cuenta:<\/strong><\/p>\n<ul data-sourcepos=\"24:1-27:0\">\n<li data-sourcepos=\"24:1-24:97\">Se requiere un tel\u00e9fono inteligente y una funda de tel\u00e9fono compatible (no incluida) para utilizar la aplicaci\u00f3n Pix4Dcatch.<\/li>\n<li data-sourcepos=\"25:1-27:0\">El kit de escaneo est\u00e1ndar Pix4D y Emlid permite almacenar y compartir datos b\u00e1sicos a trav\u00e9s de Pix4Dcloud.<\/li>\n<\/ul>\n<p data-sourcepos=\"28:1-28:143\">Para funciones m\u00e1s avanzadas como la edici\u00f3n de nubes de puntos densas y el an\u00e1lisis del terreno, puede considerar la opci\u00f3n <strong>Kit de escaneo avanzado Pix4D y Emlid<\/strong>.<\/p>\n<h3 data-sourcepos=\"28:1-28:143\">En el cuadro<\/h3>\n<h4>Software*<\/h4>\n<p>\u2013 Captura de PIX4D**<\/p>\n<p>*Las claves de licencia de 1 a\u00f1o se enviar\u00e1n por separado por correo electr\u00f3nico dentro de 1 d\u00eda h\u00e1bil.<br \/>\n**con 500 cr\u00e9ditos de procesamiento en la nube y formaci\u00f3n en l\u00ednea.<\/p>\n<h4>Hardware<\/h4>\n<p>1. Alcance el receptor RX2<br \/>\n\u2013 Cable tipo C<\/p>\n<p>2. Kit de escaneo Emlid<br \/>\n\u2013 Mango Emlid<br \/>\n- Correa<br \/>\n\u2013 Llave Allen de 3 mm.<br \/>\n- Estuche de transporte<\/p>\n<h3 class=\"product-specifications-title\">Especificaci\u00f3n<\/h3>\n<ul class=\"product-specifications-list flex f-wrap\">\n<li>\n<h3 class=\"h3\">Mec\u00e1nico<\/h3>\n<ul class=\"product-specifications-list flex f-wrap\">\n<li>\n<h3 class=\"h3\"><strong style=\"font-size: 16px;\">Paquete:<\/strong><span style=\"font-size: 16px;\"> En estuche de plastico<\/span><\/h3>\n<\/li>\n<li>\n<h3 class=\"h3\"><strong style=\"font-size: 16px;\">Dimensiones del kit:<\/strong><span style=\"font-size: 16px;\"> 425x324x124mm<\/span><\/h3>\n<\/li>\n<li>\n<h3 class=\"h3\"><strong style=\"font-size: 16px;\">Peso del kit (con RX y estuche de pl\u00e1stico):<\/strong><span style=\"font-size: 16px;\"> 4300 g (9,48 libras)<\/span><\/h3>\n<\/li>\n<li>\n<h3 class=\"h3\"><strong style=\"font-size: 16px;\">Hilo inferior:<\/strong><span style=\"font-size: 16px;\"> 5\/8\u201d-11 UNC<\/span><\/h3>\n<\/li>\n<li>\n<h3 class=\"h3\"><strong style=\"font-size: 16px;\">Material del mango:<\/strong><span style=\"font-size: 16px;\"> Poliamida 12<\/span><\/h3>\n<\/li>\n<li>\n<h3 class=\"h3\"><strong style=\"font-size: 16px;\">Peso del mango:<\/strong><span style=\"font-size: 16px;\"> 175 g (0,38 libras)<\/span><\/h3>\n<\/li>\n<li>\n<h3 class=\"h3\"><strong style=\"font-size: 16px;\">Dimensiones del mango:<\/strong><span style=\"font-size: 16px;\">\u00a0200x119x36mm<\/span><\/h3>\n<\/li>\n<\/ul>\n<\/li>\n<li>\n<h3 class=\"h3\">Compatibilidad<\/h3>\n<div class=\"rte\">\n<p>\u2013 Fundas de tel\u00e9fono compatibles con SPC+ SP connect.<\/p>\n<p>\u2013 El mango se puede adoptar para uso con la mano derecha e izquierda.<\/p>\n<p>\u2013 El estuche SP Connect debe adquirirse por separado.<\/p>\n<\/div>\n<\/li>\n<\/ul>","protected":false},"excerpt":{"rendered":"<p>El kit de escaneo Pix4D &amp; Emlid Standard es una soluci\u00f3n m\u00f3vil de escaneo terrestre dise\u00f1ada para crear modelos 3D de alta precisi\u00f3n de entornos interiores y exteriores. Combina el receptor GNSS Emlid Reach RX con la aplicaci\u00f3n m\u00f3vil Pix4Dcatch para capturar la realidad con una precisi\u00f3n centim\u00e9trica.<\/p>\n<h4>Software*<\/h4>\n<p>\u2013 Captura de PIX4D**<\/p>\n<p>*Las claves de licencia de 1 a\u00f1o se enviar\u00e1n por separado por correo electr\u00f3nico dentro de 1 d\u00eda h\u00e1bil.<br \/>\n**con 500 cr\u00e9ditos de procesamiento en la nube y formaci\u00f3n en l\u00ednea.<\/p>\n<h4>Hardware<\/h4>\n<p>1. Alcance el receptor RX2<br \/>\n\u2013 Cable tipo C<\/p>\n<p>2. Kit de escaneo Emlid<br \/>\n\u2013 Mango Emlid<br \/>\n- Correa<br \/>\n\u2013 Llave Allen de 3 mm.<br \/>\n- Estuche de transporte<\/p>","protected":false},"featured_media":22809,"comment_status":"open","ping_status":"closed","template":"","meta":[],"product_brand":[],"product_cat":[89,869,30],"product_tag":[870,102,871],"class_list":{"0":"post-18593","1":"product","2":"type-product","3":"status-publish","4":"has-post-thumbnail","6":"product_cat-emlid","7":"product_cat-kit-emlid","8":"product_cat-mobile-station","9":"product_tag-emlid-scanning-kit","10":"product_tag-pix4d","11":"product_tag-standard","13":"first","14":"onbackorder","15":"taxable","16":"shipping-taxable","17":"product-type-simple"},"yoast_head":"<!-- This site is optimized with the Yoast SEO plugin v27.1.1 - https:\/\/yoast.com\/product\/yoast-seo-wordpress\/ -->\n<title>Pix4D &amp; Emlid Scanning kit Standard - Ghostysky<\/title>\n<meta name=\"description\" content=\"The Pix4D &amp; Emlid Scanning Kit Standard is a mobile terrestrial scanning solution designed for creating high-accuracy 3D models of indoor and outdoor environments. It combines the Emlid Reach RX GNSS receiver with Pix4Dcatch mobile app to capture reality with centimeter-level precision.\" \/>\n<meta name=\"robots\" content=\"index, follow, max-snippet:-1, max-image-preview:large, max-video-preview:-1\" \/>\n<link rel=\"canonical\" href=\"https:\/\/www.ghostysky.com\/es\/producto-2\/pix4d-emlid-scanning-kit-standard\/\" \/>\n<meta property=\"og:locale\" content=\"es_ES\" \/>\n<meta property=\"og:type\" content=\"article\" \/>\n<meta property=\"og:title\" content=\"Pix4D &amp; Emlid Scanning kit Standard - Ghostysky\" \/>\n<meta property=\"og:description\" content=\"The Pix4D &amp; Emlid Scanning Kit Standard is a mobile terrestrial scanning solution designed for creating high-accuracy 3D models of indoor and outdoor environments. It combines the Emlid Reach RX GNSS receiver with Pix4Dcatch mobile app to capture reality with centimeter-level precision.\" \/>\n<meta property=\"og:url\" content=\"https:\/\/www.ghostysky.com\/es\/producto-2\/pix4d-emlid-scanning-kit-standard\/\" \/>\n<meta property=\"og:site_name\" content=\"Ghostysky\" \/>\n<meta property=\"article:publisher\" content=\"https:\/\/www.facebook.com\/people\/Ghostysky\/100057676170234\/\" \/>\n<meta property=\"article:modified_time\" content=\"2026-01-24T10:05:33+00:00\" \/>\n<meta property=\"og:image\" content=\"https:\/\/www.ghostysky.com\/wp-content\/uploads\/2024\/05\/GH_Emlid_Scanning_Kit.webp\" \/>\n\t<meta property=\"og:image:width\" content=\"2400\" \/>\n\t<meta property=\"og:image:height\" content=\"2400\" \/>\n\t<meta property=\"og:image:type\" content=\"image\/webp\" \/>\n<meta name=\"twitter:card\" content=\"summary_large_image\" \/>\n<meta name=\"twitter:site\" content=\"@Gh0stysky\" \/>\n<meta name=\"twitter:label1\" content=\"Tiempo de lectura\" \/>\n\t<meta name=\"twitter:data1\" content=\"2 minutos\" \/>\n<script type=\"application\/ld+json\" class=\"yoast-schema-graph\">{\"@context\":\"https:\/\/schema.org\",\"@graph\":[{\"@type\":\"WebPage\",\"@id\":\"https:\/\/www.ghostysky.com\/product\/pix4d-emlid-scanning-kit-standard\/\",\"url\":\"https:\/\/www.ghostysky.com\/product\/pix4d-emlid-scanning-kit-standard\/\",\"name\":\"Pix4D & Emlid Scanning kit Standard - Ghostysky\",\"isPartOf\":{\"@id\":\"https:\/\/www.ghostysky.com\/#website\"},\"primaryImageOfPage\":{\"@id\":\"https:\/\/www.ghostysky.com\/product\/pix4d-emlid-scanning-kit-standard\/#primaryimage\"},\"image\":{\"@id\":\"https:\/\/www.ghostysky.com\/product\/pix4d-emlid-scanning-kit-standard\/#primaryimage\"},\"thumbnailUrl\":\"https:\/\/www.ghostysky.com\/wp-content\/uploads\/2024\/05\/GH_Emlid_Scanning_Kit.webp\",\"datePublished\":\"2024-05-05T11:05:07+00:00\",\"dateModified\":\"2026-01-24T10:05:33+00:00\",\"description\":\"The Pix4D & Emlid Scanning Kit Standard is a mobile terrestrial scanning solution designed for creating high-accuracy 3D models of indoor and outdoor environments. It combines the Emlid Reach RX GNSS receiver with Pix4Dcatch mobile app to capture reality with centimeter-level precision.\",\"breadcrumb\":{\"@id\":\"https:\/\/www.ghostysky.com\/product\/pix4d-emlid-scanning-kit-standard\/#breadcrumb\"},\"inLanguage\":\"es\",\"potentialAction\":[{\"@type\":\"ReadAction\",\"target\":[\"https:\/\/www.ghostysky.com\/product\/pix4d-emlid-scanning-kit-standard\/\"]}]},{\"@type\":\"ImageObject\",\"inLanguage\":\"es\",\"@id\":\"https:\/\/www.ghostysky.com\/product\/pix4d-emlid-scanning-kit-standard\/#primaryimage\",\"url\":\"https:\/\/www.ghostysky.com\/wp-content\/uploads\/2024\/05\/GH_Emlid_Scanning_Kit.webp\",\"contentUrl\":\"https:\/\/www.ghostysky.com\/wp-content\/uploads\/2024\/05\/GH_Emlid_Scanning_Kit.webp\",\"width\":2400,\"height\":2400},{\"@type\":\"BreadcrumbList\",\"@id\":\"https:\/\/www.ghostysky.com\/product\/pix4d-emlid-scanning-kit-standard\/#breadcrumb\",\"itemListElement\":[{\"@type\":\"ListItem\",\"position\":1,\"name\":\"Home\",\"item\":\"https:\/\/www.ghostysky.com\/\"},{\"@type\":\"ListItem\",\"position\":2,\"name\":\"Shop\",\"item\":\"https:\/\/www.ghostysky.com\/shop\/\"},{\"@type\":\"ListItem\",\"position\":3,\"name\":\"Pix4D &#038; Emlid Scanning kit Standard\"}]},{\"@type\":\"WebSite\",\"@id\":\"https:\/\/www.ghostysky.com\/#website\",\"url\":\"https:\/\/www.ghostysky.com\/\",\"name\":\"Ghostysky\",\"description\":\"Delivering professional drones and services\",\"publisher\":{\"@id\":\"https:\/\/www.ghostysky.com\/#organization\"},\"potentialAction\":[{\"@type\":\"SearchAction\",\"target\":{\"@type\":\"EntryPoint\",\"urlTemplate\":\"https:\/\/www.ghostysky.com\/?s={search_term_string}\"},\"query-input\":{\"@type\":\"PropertyValueSpecification\",\"valueRequired\":true,\"valueName\":\"search_term_string\"}}],\"inLanguage\":\"es\"},{\"@type\":\"Organization\",\"@id\":\"https:\/\/www.ghostysky.com\/#organization\",\"name\":\"Ghostysky\",\"url\":\"https:\/\/www.ghostysky.com\/\",\"logo\":{\"@type\":\"ImageObject\",\"inLanguage\":\"es\",\"@id\":\"https:\/\/www.ghostysky.com\/#\/schema\/logo\/image\/\",\"url\":\"https:\/\/www.ghostysky.com\/wp-content\/uploads\/2020\/06\/cropped-ghostyskylogo_text_white2.png\",\"contentUrl\":\"https:\/\/www.ghostysky.com\/wp-content\/uploads\/2020\/06\/cropped-ghostyskylogo_text_white2.png\",\"width\":169,\"height\":56,\"caption\":\"Ghostysky\"},\"image\":{\"@id\":\"https:\/\/www.ghostysky.com\/#\/schema\/logo\/image\/\"},\"sameAs\":[\"https:\/\/www.facebook.com\/people\/Ghostysky\/100057676170234\/\",\"https:\/\/x.com\/Gh0stysky\",\"https:\/\/www.linkedin.com\/company\/34739653\",\"https:\/\/www.instagram.com\/gh0stysky\"]}]}<\/script>\n<!-- \/ Yoast SEO plugin. -->","yoast_head_json":{"title":"Kit de escaneo Pix4D y Emlid est\u00e1ndar - Ghostysky","description":"El kit de escaneo est\u00e1ndar Pix4D y Emlid es una soluci\u00f3n de escaneo terrestre m\u00f3vil dise\u00f1ada para crear modelos 3D de alta precisi\u00f3n de entornos interiores y exteriores. Combina el receptor GNSS Emlid Reach RX con la aplicaci\u00f3n m\u00f3vil Pix4Dcatch para capturar la realidad con precisi\u00f3n centim\u00e9trica.","robots":{"index":"index","follow":"follow","max-snippet":"max-snippet:-1","max-image-preview":"max-image-preview:large","max-video-preview":"max-video-preview:-1"},"canonical":"https:\/\/www.ghostysky.com\/es\/producto-2\/pix4d-emlid-scanning-kit-standard\/","og_locale":"es_ES","og_type":"article","og_title":"Pix4D & Emlid Scanning kit Standard - Ghostysky","og_description":"The Pix4D & Emlid Scanning Kit Standard is a mobile terrestrial scanning solution designed for creating high-accuracy 3D models of indoor and outdoor environments. It combines the Emlid Reach RX GNSS receiver with Pix4Dcatch mobile app to capture reality with centimeter-level precision.","og_url":"https:\/\/www.ghostysky.com\/es\/producto-2\/pix4d-emlid-scanning-kit-standard\/","og_site_name":"Ghostysky","article_publisher":"https:\/\/www.facebook.com\/people\/Ghostysky\/100057676170234\/","article_modified_time":"2026-01-24T10:05:33+00:00","og_image":[{"width":2400,"height":2400,"url":"https:\/\/www.ghostysky.com\/wp-content\/uploads\/2024\/05\/GH_Emlid_Scanning_Kit.webp","type":"image\/webp"}],"twitter_card":"summary_large_image","twitter_site":"@Gh0stysky","twitter_misc":{"Tiempo de lectura":"2 minutos"},"schema":{"@context":"https:\/\/schema.org","@graph":[{"@type":"WebPage","@id":"https:\/\/www.ghostysky.com\/product\/pix4d-emlid-scanning-kit-standard\/","url":"https:\/\/www.ghostysky.com\/product\/pix4d-emlid-scanning-kit-standard\/","name":"Kit de escaneo Pix4D y Emlid est\u00e1ndar - Ghostysky","isPartOf":{"@id":"https:\/\/www.ghostysky.com\/#website"},"primaryImageOfPage":{"@id":"https:\/\/www.ghostysky.com\/product\/pix4d-emlid-scanning-kit-standard\/#primaryimage"},"image":{"@id":"https:\/\/www.ghostysky.com\/product\/pix4d-emlid-scanning-kit-standard\/#primaryimage"},"thumbnailUrl":"https:\/\/www.ghostysky.com\/wp-content\/uploads\/2024\/05\/GH_Emlid_Scanning_Kit.webp","datePublished":"2024-05-05T11:05:07+00:00","dateModified":"2026-01-24T10:05:33+00:00","description":"El kit de escaneo est\u00e1ndar Pix4D y Emlid es una soluci\u00f3n de escaneo terrestre m\u00f3vil dise\u00f1ada para crear modelos 3D de alta precisi\u00f3n de entornos interiores y exteriores. Combina el receptor GNSS Emlid Reach RX con la aplicaci\u00f3n m\u00f3vil Pix4Dcatch para capturar la realidad con precisi\u00f3n centim\u00e9trica.","breadcrumb":{"@id":"https:\/\/www.ghostysky.com\/product\/pix4d-emlid-scanning-kit-standard\/#breadcrumb"},"inLanguage":"es","potentialAction":[{"@type":"ReadAction","target":["https:\/\/www.ghostysky.com\/product\/pix4d-emlid-scanning-kit-standard\/"]}]},{"@type":"ImageObject","inLanguage":"es","@id":"https:\/\/www.ghostysky.com\/product\/pix4d-emlid-scanning-kit-standard\/#primaryimage","url":"https:\/\/www.ghostysky.com\/wp-content\/uploads\/2024\/05\/GH_Emlid_Scanning_Kit.webp","contentUrl":"https:\/\/www.ghostysky.com\/wp-content\/uploads\/2024\/05\/GH_Emlid_Scanning_Kit.webp","width":2400,"height":2400},{"@type":"BreadcrumbList","@id":"https:\/\/www.ghostysky.com\/product\/pix4d-emlid-scanning-kit-standard\/#breadcrumb","itemListElement":[{"@type":"ListItem","position":1,"name":"Home","item":"https:\/\/www.ghostysky.com\/"},{"@type":"ListItem","position":2,"name":"Shop","item":"https:\/\/www.ghostysky.com\/shop\/"},{"@type":"ListItem","position":3,"name":"Pix4D &#038; Emlid Scanning kit Standard"}]},{"@type":"WebSite","@id":"https:\/\/www.ghostysky.com\/#website","url":"https:\/\/www.ghostysky.com\/","name":"Ghostysky","description":"Entrega de drones y servicios profesionales","publisher":{"@id":"https:\/\/www.ghostysky.com\/#organization"},"potentialAction":[{"@type":"SearchAction","target":{"@type":"EntryPoint","urlTemplate":"https:\/\/www.ghostysky.com\/?s={search_term_string}"},"query-input":{"@type":"PropertyValueSpecification","valueRequired":true,"valueName":"search_term_string"}}],"inLanguage":"es"},{"@type":"Organization","@id":"https:\/\/www.ghostysky.com\/#organization","name":"Ghostysky","url":"https:\/\/www.ghostysky.com\/","logo":{"@type":"ImageObject","inLanguage":"es","@id":"https:\/\/www.ghostysky.com\/#\/schema\/logo\/image\/","url":"https:\/\/www.ghostysky.com\/wp-content\/uploads\/2020\/06\/cropped-ghostyskylogo_text_white2.png","contentUrl":"https:\/\/www.ghostysky.com\/wp-content\/uploads\/2020\/06\/cropped-ghostyskylogo_text_white2.png","width":169,"height":56,"caption":"Ghostysky"},"image":{"@id":"https:\/\/www.ghostysky.com\/#\/schema\/logo\/image\/"},"sameAs":["https:\/\/www.facebook.com\/people\/Ghostysky\/100057676170234\/","https:\/\/x.com\/Gh0stysky","https:\/\/www.linkedin.com\/company\/34739653","https:\/\/www.instagram.com\/gh0stysky"]}]}},"_links":{"self":[{"href":"https:\/\/www.ghostysky.com\/es\/wp-json\/wp\/v2\/product\/18593","targetHints":{"allow":["GET"]}}],"collection":[{"href":"https:\/\/www.ghostysky.com\/es\/wp-json\/wp\/v2\/product"}],"about":[{"href":"https:\/\/www.ghostysky.com\/es\/wp-json\/wp\/v2\/types\/product"}],"replies":[{"embeddable":true,"href":"https:\/\/www.ghostysky.com\/es\/wp-json\/wp\/v2\/comments?post=18593"}],"wp:featuredmedia":[{"embeddable":true,"href":"https:\/\/www.ghostysky.com\/es\/wp-json\/wp\/v2\/media\/22809"}],"wp:attachment":[{"href":"https:\/\/www.ghostysky.com\/es\/wp-json\/wp\/v2\/media?parent=18593"}],"wp:term":[{"taxonomy":"product_brand","embeddable":true,"href":"https:\/\/www.ghostysky.com\/es\/wp-json\/wp\/v2\/product_brand?post=18593"},{"taxonomy":"product_cat","embeddable":true,"href":"https:\/\/www.ghostysky.com\/es\/wp-json\/wp\/v2\/product_cat?post=18593"},{"taxonomy":"product_tag","embeddable":true,"href":"https:\/\/www.ghostysky.com\/es\/wp-json\/wp\/v2\/product_tag?post=18593"}],"curies":[{"name":"wp","href":"https:\/\/api.w.org\/{rel}","templated":true}]}}