{"id":18640,"date":"2024-05-05T17:01:24","date_gmt":"2024-05-05T17:01:24","guid":{"rendered":"https:\/\/www.ghostysky.com\/?post_type=product&#038;p=18640"},"modified":"2024-12-09T09:46:30","modified_gmt":"2024-12-09T09:46:30","slug":"redcatch-redtoolbox","status":"publish","type":"product","link":"https:\/\/www.ghostysky.com\/es\/product\/redcatch-redtoolbox\/","title":{"rendered":"REDcatch REDtoolbox (solo licencia)"},"content":{"rendered":"<h3 data-sourcepos=\"1:1-1:183\">Caracter\u00edsticas clave<\/h3>\n<ul data-sourcepos=\"3:1-9:0\">\n<li data-sourcepos=\"3:1-3:216\"><strong>Postprocesamiento GNSS de constelaciones m\u00faltiples:<\/strong> REDtoolbox puede procesar datos de m\u00faltiples constelaciones de sistemas globales de navegaci\u00f3n por sat\u00e9lite (GNSS), incluidos GPS, GLONASS, Beidou y Galileo, para mejorar la precisi\u00f3n.<\/li>\n<li data-sourcepos=\"4:1-4:194\"><strong>PPK para configuraciones Base-Rover:<\/strong> Destaca en el posprocesamiento de datos cinem\u00e1ticos (PPK) recopilados con una configuraci\u00f3n de base-rover, com\u00fanmente utilizada en aplicaciones de mapeo con drones de alta precisi\u00f3n.<\/li>\n<li data-sourcepos=\"5:1-5:190\"><strong>Etiquetado geogr\u00e1fico de im\u00e1genes:<\/strong> El software puede georreferenciar las im\u00e1genes capturadas, asignando datos de ubicaci\u00f3n precisos a cada foto. Esto es crucial para crear modelos 3D precisos a partir de im\u00e1genes de drones.<\/li>\n<li data-sourcepos=\"6:1-6:202\"><strong>Compatibilidad con m\u00faltiples dispositivos:<\/strong> REDtoolbox funciona con datos de una amplia gama de dispositivos y conjuntos de chips de fabricantes de drones populares como DJI, Autel, Yuneec y Emlid, lo que la convierte en una herramienta vers\u00e1til.<\/li>\n<li data-sourcepos=\"7:1-7:205\"><strong>Flujo de trabajo automatizado:<\/strong> El programa cuenta con una interfaz f\u00e1cil de usar con un flujo de trabajo altamente automatizado. Tareas complejas como el geoetiquetado y el procesamiento de datos a menudo se pueden realizar con s\u00f3lo unos pocos clics.<\/li>\n<li data-sourcepos=\"8:1-9:0\"><strong>Soporte para m\u00faltiples proyectos:<\/strong> REDtoolbox maneja eficientemente proyectos que constan de m\u00faltiples vuelos o sesiones de captura.<\/li>\n<\/ul>\n<p data-sourcepos=\"10:1-10:160\">En general, REDcatch REDtoolbox es una valiosa soluci\u00f3n de software para profesionales que trabajan con drones y dispositivos terrestres que requieren datos geoespaciales precisos.<\/p>\n<h3 class=\"elementor-heading-title elementor-size-default\">Drones y dispositivos compatibles con el software REDtoolbox<a href=\"https:\/\/www.ghostysky.com\/wp-content\/uploads\/2024\/05\/GH_REDtoolbox_main.png\"><img fetchpriority=\"high\" decoding=\"async\" class=\"size-full wp-image-18628 aligncenter lazyload\" src=\"datos:imagen\/gif;base64,R0lGODlhAQABAAAAACH5BAEKAAEALAAAAAABAAEAAAICTAEAOw==\" alt=\"\" width=\"1134\" height=\"378\" data-src=\"datos:imagen\/gif;base64,R0lGODlhAQABAAAAACH5BAEKAAEALAAAAAABAAEAAAICTAEAOw==\"><\/a><\/h3>\n<ul class=\"elementor-icon-list-items\">\n<li class=\"elementor-icon-list-item\"><span class=\"elementor-icon-list-text\">DJI<sup>MT<\/sup>\u00a0P4RTK Phanton4 RTK<\/span><\/li>\n<li class=\"elementor-icon-list-item\"><i class=\"fas fa-check\" aria-hidden=\"true\"><\/i><span class=\"elementor-icon-list-text\">DJI<sup>MT<\/sup>\u00a0C\u00e1mara M300 P1, L1 (c\u00e1mara RGB)<\/span><\/li>\n<li class=\"elementor-icon-list-item\"><i class=\"fas fa-check-double\" aria-hidden=\"true\"><\/i><span class=\"elementor-icon-list-text\">DJI<sup>MT<\/sup>\u00a0<b>MAVIC 3 Enterprise RTK ***** NUEVO *****<\/b><\/span><\/li>\n<li class=\"elementor-icon-list-item\"><i class=\"fas fa-check\" aria-hidden=\"true\"><\/i><span class=\"elementor-icon-list-text\">Autel<sup>MT<\/sup>\u00a0EVO2RTK<\/span><\/li>\n<li class=\"elementor-icon-list-item\"><i class=\"fas fa-check\" aria-hidden=\"true\"><\/i><span class=\"elementor-icon-list-text\">yuneek<sup>MT<\/sup>\u00a0H520, H850 RTK<\/span><\/li>\n<li class=\"elementor-icon-list-item\"><i class=\"fas fa-check\" aria-hidden=\"true\"><\/i><span class=\"elementor-icon-list-text\">Emlid<sup>MT<\/sup>\u00a0kits de alcance<\/span><\/li>\n<li class=\"elementor-icon-list-item\"><i class=\"fas fa-check\" aria-hidden=\"true\"><\/i><span class=\"elementor-icon-list-text\">sepentario<sup>MT<\/sup>\u00a0kits de drones mosaico<\/span><\/li>\n<li class=\"elementor-icon-list-item\"><i class=\"fas fa-check\" aria-hidden=\"true\"><\/i><span class=\"elementor-icon-list-text\">ublox<sup>MT<\/sup>\u00a0Chips ZED F9P, M8P<\/span><\/li>\n<li class=\"elementor-icon-list-item\"><i class=\"fas fa-check\" aria-hidden=\"true\"><\/i><span class=\"elementor-icon-list-text\">ublox<sup>MT<\/sup>\u00a0kits como: TopoDrone, Teokit, metta, etc.<\/span><\/li>\n<li class=\"elementor-icon-list-item\"><i class=\"fas fa-check\" aria-hidden=\"true\"><\/i><span class=\"elementor-icon-list-text\">Vector de imagen 3D: c\u00e1mara GNSS e IMU<\/span><\/li>\n<li class=\"elementor-icon-list-item\"><i class=\"fas fa-check\" aria-hidden=\"true\"><\/i><span class=\"elementor-icon-list-text\">Complemento 360RTK para Insta360 one x2\/x3<\/span><\/li>\n<\/ul>\n<h3 class=\"elementor-heading-title elementor-size-default\">Utilice la salida directamente en su software de fotogrametr\u00eda<\/h3>\n<h3><a href=\"https:\/\/www.ghostysky.com\/wp-content\/uploads\/2024\/05\/GH_Redtoolbox_photogrammetry.jpg\"><img decoding=\"async\" class=\"alignnone size-full wp-image-18638 lazyload\" src=\"datos:imagen\/gif;base64,R0lGODlhAQABAAAAACH5BAEKAAEALAAAAAABAAEAAAICTAEAOw==\" alt=\"\" width=\"1024\" height=\"487\" data-src=\"datos:imagen\/gif;base64,R0lGODlhAQABAAAAACH5BAEKAAEALAAAAAABAAEAAAICTAEAOw==\"><\/a><\/h3>\n<p>Generada como texto plano, como datos EXIF de imagen o en Agisoft Metashape Professional, Pix4d Mapper, Pix4d Matic, Shape file y Google Earth kml nativos, esta informaci\u00f3n se puede usar directamente sin ninguna conversi\u00f3n adicional.<\/p>\n<p>Aplicaciones., por ej. en\u00a0<strong>fotogrametria y documentacion<\/strong>.<\/p>\n<ul class=\"elementor-icon-list-items\">\n<li class=\"elementor-icon-list-item\"><span class=\"elementor-icon-list-text\">Agisoft Metashape Profesional<\/span><\/li>\n<li class=\"elementor-icon-list-item\"><i class=\"fas fa-check\" aria-hidden=\"true\"><\/i><span class=\"elementor-icon-list-text\">Mapeador Pix4D \/ Pix4d Matic<\/span><\/li>\n<li class=\"elementor-icon-list-item\"><i class=\"fas fa-check\" aria-hidden=\"true\"><\/i><span class=\"elementor-icon-list-text\">Captura de la realidad<\/span><\/li>\n<li class=\"elementor-icon-list-item\"><i class=\"fas fa-check\" aria-hidden=\"true\"><\/i><span class=\"elementor-icon-list-text\">Encuesta 3D<\/span><\/li>\n<li class=\"elementor-icon-list-item\"><i class=\"fas fa-check\" aria-hidden=\"true\"><\/i><span class=\"elementor-icon-list-text\">DJI Tierra<\/span><\/li>\n<li class=\"elementor-icon-list-item\"><i class=\"fas fa-check\" aria-hidden=\"true\"><\/i><span class=\"elementor-icon-list-text\">cualquiera, capaz de leer datos txt o EXIF<\/span><\/li>\n<\/ul>","protected":false},"excerpt":{"rendered":"<div class=\"avatar-gutter ng-tns-c1120444467-48 ng-star-inserted\">\n<div class=\"resize-observable\">REDcatch REDtoolbox es un software dise\u00f1ado para el posprocesamiento y geoetiquetado de datos capturados por drones y dispositivos terrestres. Se centra espec\u00edficamente en datos GNSS (Sistema global de navegaci\u00f3n por sat\u00e9lite), que se utilizan para informaci\u00f3n de posicionamiento y ubicaci\u00f3n.<\/div>\n<ul>\n<li>Licencia perpetua de 1 asiento<\/li>\n<li>\u00a1SIN actualizaciones! Limitado a la versi\u00f3n actual del software.<\/li>\n<li>Se puede procesar un n\u00famero ilimitado de im\u00e1genes, sin limitaciones en la salida.<\/li>\n<li>Sin suscripci\u00f3n, sin necesidad de cuenta<\/li>\n<\/ul>\n<\/div>","protected":false},"featured_media":18641,"comment_status":"open","ping_status":"closed","template":"","meta":[],"product_brand":[],"product_cat":[872],"product_tag":[873,874],"class_list":{"0":"post-18640","1":"product","2":"type-product","3":"status-publish","4":"has-post-thumbnail","6":"product_cat-redcatxh","7":"product_tag-redcatch","8":"product_tag-redtoolbox","10":"first","11":"instock","12":"taxable","13":"shipping-taxable","14":"purchasable","15":"product-type-simple"},"yoast_head":"<!-- This site is optimized with the Yoast SEO plugin v27.1.1 - https:\/\/yoast.com\/product\/yoast-seo-wordpress\/ -->\n<title>REDcatch REDtoolbox (License only) - Ghostysky<\/title>\n<meta name=\"description\" content=\"REDcatch REDtoolbox is a software designed for post-processing and geotagging data captured by drones and terrestrial devices. It specifically focuses on GNSS (Global Navigation Satellite System) data, which is used for positioning and location information.\" \/>\n<meta name=\"robots\" content=\"index, follow, max-snippet:-1, max-image-preview:large, max-video-preview:-1\" \/>\n<link rel=\"canonical\" href=\"https:\/\/www.ghostysky.com\/es\/producto-2\/redcatch-redtoolbox\/\" \/>\n<meta property=\"og:locale\" content=\"es_ES\" \/>\n<meta property=\"og:type\" content=\"article\" \/>\n<meta property=\"og:title\" content=\"REDcatch REDtoolbox (License only) - Ghostysky\" \/>\n<meta property=\"og:description\" content=\"REDcatch REDtoolbox is a software designed for post-processing and geotagging data captured by drones and terrestrial devices. It specifically focuses on GNSS (Global Navigation Satellite System) data, which is used for positioning and location information.\" \/>\n<meta property=\"og:url\" content=\"https:\/\/www.ghostysky.com\/es\/producto-2\/redcatch-redtoolbox\/\" \/>\n<meta property=\"og:site_name\" content=\"Ghostysky\" \/>\n<meta property=\"article:publisher\" content=\"https:\/\/www.facebook.com\/people\/Ghostysky\/100057676170234\/\" \/>\n<meta property=\"article:modified_time\" content=\"2024-12-09T09:46:30+00:00\" \/>\n<meta property=\"og:image\" content=\"https:\/\/www.ghostysky.com\/wp-content\/uploads\/2024\/05\/GH_REDtoolbox_IMg_Product.png\" \/>\n\t<meta property=\"og:image:width\" content=\"357\" \/>\n\t<meta property=\"og:image:height\" content=\"400\" \/>\n\t<meta property=\"og:image:type\" content=\"image\/png\" \/>\n<meta name=\"twitter:card\" content=\"summary_large_image\" \/>\n<meta name=\"twitter:site\" content=\"@Gh0stysky\" \/>\n<meta name=\"twitter:label1\" content=\"Tiempo de lectura\" \/>\n\t<meta name=\"twitter:data1\" content=\"2 minutos\" \/>\n<script type=\"application\/ld+json\" class=\"yoast-schema-graph\">{\"@context\":\"https:\/\/schema.org\",\"@graph\":[{\"@type\":\"WebPage\",\"@id\":\"https:\/\/www.ghostysky.com\/product\/redcatch-redtoolbox\/\",\"url\":\"https:\/\/www.ghostysky.com\/product\/redcatch-redtoolbox\/\",\"name\":\"REDcatch REDtoolbox (License only) - Ghostysky\",\"isPartOf\":{\"@id\":\"https:\/\/www.ghostysky.com\/#website\"},\"primaryImageOfPage\":{\"@id\":\"https:\/\/www.ghostysky.com\/product\/redcatch-redtoolbox\/#primaryimage\"},\"image\":{\"@id\":\"https:\/\/www.ghostysky.com\/product\/redcatch-redtoolbox\/#primaryimage\"},\"thumbnailUrl\":\"https:\/\/www.ghostysky.com\/wp-content\/uploads\/2024\/05\/GH_REDtoolbox_IMg_Product.png\",\"datePublished\":\"2024-05-05T17:01:24+00:00\",\"dateModified\":\"2024-12-09T09:46:30+00:00\",\"description\":\"REDcatch REDtoolbox is a software designed for post-processing and geotagging data captured by drones and terrestrial devices. It specifically focuses on GNSS (Global Navigation Satellite System) data, which is used for positioning and location information.\",\"breadcrumb\":{\"@id\":\"https:\/\/www.ghostysky.com\/product\/redcatch-redtoolbox\/#breadcrumb\"},\"inLanguage\":\"es\",\"potentialAction\":[{\"@type\":\"ReadAction\",\"target\":[\"https:\/\/www.ghostysky.com\/product\/redcatch-redtoolbox\/\"]}]},{\"@type\":\"ImageObject\",\"inLanguage\":\"es\",\"@id\":\"https:\/\/www.ghostysky.com\/product\/redcatch-redtoolbox\/#primaryimage\",\"url\":\"https:\/\/www.ghostysky.com\/wp-content\/uploads\/2024\/05\/GH_REDtoolbox_IMg_Product.png\",\"contentUrl\":\"https:\/\/www.ghostysky.com\/wp-content\/uploads\/2024\/05\/GH_REDtoolbox_IMg_Product.png\",\"width\":357,\"height\":400},{\"@type\":\"BreadcrumbList\",\"@id\":\"https:\/\/www.ghostysky.com\/product\/redcatch-redtoolbox\/#breadcrumb\",\"itemListElement\":[{\"@type\":\"ListItem\",\"position\":1,\"name\":\"Home\",\"item\":\"https:\/\/www.ghostysky.com\/\"},{\"@type\":\"ListItem\",\"position\":2,\"name\":\"Shop\",\"item\":\"https:\/\/www.ghostysky.com\/shop\/\"},{\"@type\":\"ListItem\",\"position\":3,\"name\":\"REDcatch REDtoolbox (License only)\"}]},{\"@type\":\"WebSite\",\"@id\":\"https:\/\/www.ghostysky.com\/#website\",\"url\":\"https:\/\/www.ghostysky.com\/\",\"name\":\"Ghostysky\",\"description\":\"Delivering professional drones and services\",\"publisher\":{\"@id\":\"https:\/\/www.ghostysky.com\/#organization\"},\"potentialAction\":[{\"@type\":\"SearchAction\",\"target\":{\"@type\":\"EntryPoint\",\"urlTemplate\":\"https:\/\/www.ghostysky.com\/?s={search_term_string}\"},\"query-input\":{\"@type\":\"PropertyValueSpecification\",\"valueRequired\":true,\"valueName\":\"search_term_string\"}}],\"inLanguage\":\"es\"},{\"@type\":\"Organization\",\"@id\":\"https:\/\/www.ghostysky.com\/#organization\",\"name\":\"Ghostysky\",\"url\":\"https:\/\/www.ghostysky.com\/\",\"logo\":{\"@type\":\"ImageObject\",\"inLanguage\":\"es\",\"@id\":\"https:\/\/www.ghostysky.com\/#\/schema\/logo\/image\/\",\"url\":\"https:\/\/www.ghostysky.com\/wp-content\/uploads\/2020\/06\/cropped-ghostyskylogo_text_white2.png\",\"contentUrl\":\"https:\/\/www.ghostysky.com\/wp-content\/uploads\/2020\/06\/cropped-ghostyskylogo_text_white2.png\",\"width\":169,\"height\":56,\"caption\":\"Ghostysky\"},\"image\":{\"@id\":\"https:\/\/www.ghostysky.com\/#\/schema\/logo\/image\/\"},\"sameAs\":[\"https:\/\/www.facebook.com\/people\/Ghostysky\/100057676170234\/\",\"https:\/\/x.com\/Gh0stysky\",\"https:\/\/www.linkedin.com\/company\/34739653\",\"https:\/\/www.instagram.com\/gh0stysky\"]}]}<\/script>\n<!-- \/ Yoast SEO plugin. -->","yoast_head_json":{"title":"REDcatch REDtoolbox (solo licencia) - Ghostysky","description":"REDcatch REDtoolbox es un software dise\u00f1ado para el posprocesamiento y geoetiquetado de datos capturados por drones y dispositivos terrestres. Se centra espec\u00edficamente en datos GNSS (Sistema global de navegaci\u00f3n por sat\u00e9lite), que se utilizan para informaci\u00f3n de posicionamiento y ubicaci\u00f3n.","robots":{"index":"index","follow":"follow","max-snippet":"max-snippet:-1","max-image-preview":"max-image-preview:large","max-video-preview":"max-video-preview:-1"},"canonical":"https:\/\/www.ghostysky.com\/es\/producto-2\/redcatch-redtoolbox\/","og_locale":"es_ES","og_type":"article","og_title":"REDcatch REDtoolbox (License only) - Ghostysky","og_description":"REDcatch REDtoolbox is a software designed for post-processing and geotagging data captured by drones and terrestrial devices. It specifically focuses on GNSS (Global Navigation Satellite System) data, which is used for positioning and location information.","og_url":"https:\/\/www.ghostysky.com\/es\/producto-2\/redcatch-redtoolbox\/","og_site_name":"Ghostysky","article_publisher":"https:\/\/www.facebook.com\/people\/Ghostysky\/100057676170234\/","article_modified_time":"2024-12-09T09:46:30+00:00","og_image":[{"width":357,"height":400,"url":"https:\/\/www.ghostysky.com\/wp-content\/uploads\/2024\/05\/GH_REDtoolbox_IMg_Product.png","type":"image\/png"}],"twitter_card":"summary_large_image","twitter_site":"@Gh0stysky","twitter_misc":{"Tiempo de lectura":"2 minutos"},"schema":{"@context":"https:\/\/schema.org","@graph":[{"@type":"WebPage","@id":"https:\/\/www.ghostysky.com\/product\/redcatch-redtoolbox\/","url":"https:\/\/www.ghostysky.com\/product\/redcatch-redtoolbox\/","name":"REDcatch REDtoolbox (solo licencia) - Ghostysky","isPartOf":{"@id":"https:\/\/www.ghostysky.com\/#website"},"primaryImageOfPage":{"@id":"https:\/\/www.ghostysky.com\/product\/redcatch-redtoolbox\/#primaryimage"},"image":{"@id":"https:\/\/www.ghostysky.com\/product\/redcatch-redtoolbox\/#primaryimage"},"thumbnailUrl":"https:\/\/www.ghostysky.com\/wp-content\/uploads\/2024\/05\/GH_REDtoolbox_IMg_Product.png","datePublished":"2024-05-05T17:01:24+00:00","dateModified":"2024-12-09T09:46:30+00:00","description":"REDcatch REDtoolbox es un software dise\u00f1ado para el posprocesamiento y geoetiquetado de datos capturados por drones y dispositivos terrestres. Se centra espec\u00edficamente en datos GNSS (Sistema global de navegaci\u00f3n por sat\u00e9lite), que se utilizan para informaci\u00f3n de posicionamiento y ubicaci\u00f3n.","breadcrumb":{"@id":"https:\/\/www.ghostysky.com\/product\/redcatch-redtoolbox\/#breadcrumb"},"inLanguage":"es","potentialAction":[{"@type":"ReadAction","target":["https:\/\/www.ghostysky.com\/product\/redcatch-redtoolbox\/"]}]},{"@type":"ImageObject","inLanguage":"es","@id":"https:\/\/www.ghostysky.com\/product\/redcatch-redtoolbox\/#primaryimage","url":"https:\/\/www.ghostysky.com\/wp-content\/uploads\/2024\/05\/GH_REDtoolbox_IMg_Product.png","contentUrl":"https:\/\/www.ghostysky.com\/wp-content\/uploads\/2024\/05\/GH_REDtoolbox_IMg_Product.png","width":357,"height":400},{"@type":"BreadcrumbList","@id":"https:\/\/www.ghostysky.com\/product\/redcatch-redtoolbox\/#breadcrumb","itemListElement":[{"@type":"ListItem","position":1,"name":"Home","item":"https:\/\/www.ghostysky.com\/"},{"@type":"ListItem","position":2,"name":"Shop","item":"https:\/\/www.ghostysky.com\/shop\/"},{"@type":"ListItem","position":3,"name":"REDcatch REDtoolbox (License only)"}]},{"@type":"WebSite","@id":"https:\/\/www.ghostysky.com\/#website","url":"https:\/\/www.ghostysky.com\/","name":"Ghostysky","description":"Entrega de drones y servicios profesionales","publisher":{"@id":"https:\/\/www.ghostysky.com\/#organization"},"potentialAction":[{"@type":"SearchAction","target":{"@type":"EntryPoint","urlTemplate":"https:\/\/www.ghostysky.com\/?s={search_term_string}"},"query-input":{"@type":"PropertyValueSpecification","valueRequired":true,"valueName":"search_term_string"}}],"inLanguage":"es"},{"@type":"Organization","@id":"https:\/\/www.ghostysky.com\/#organization","name":"Ghostysky","url":"https:\/\/www.ghostysky.com\/","logo":{"@type":"ImageObject","inLanguage":"es","@id":"https:\/\/www.ghostysky.com\/#\/schema\/logo\/image\/","url":"https:\/\/www.ghostysky.com\/wp-content\/uploads\/2020\/06\/cropped-ghostyskylogo_text_white2.png","contentUrl":"https:\/\/www.ghostysky.com\/wp-content\/uploads\/2020\/06\/cropped-ghostyskylogo_text_white2.png","width":169,"height":56,"caption":"Ghostysky"},"image":{"@id":"https:\/\/www.ghostysky.com\/#\/schema\/logo\/image\/"},"sameAs":["https:\/\/www.facebook.com\/people\/Ghostysky\/100057676170234\/","https:\/\/x.com\/Gh0stysky","https:\/\/www.linkedin.com\/company\/34739653","https:\/\/www.instagram.com\/gh0stysky"]}]}},"_links":{"self":[{"href":"https:\/\/www.ghostysky.com\/es\/wp-json\/wp\/v2\/product\/18640","targetHints":{"allow":["GET"]}}],"collection":[{"href":"https:\/\/www.ghostysky.com\/es\/wp-json\/wp\/v2\/product"}],"about":[{"href":"https:\/\/www.ghostysky.com\/es\/wp-json\/wp\/v2\/types\/product"}],"replies":[{"embeddable":true,"href":"https:\/\/www.ghostysky.com\/es\/wp-json\/wp\/v2\/comments?post=18640"}],"wp:featuredmedia":[{"embeddable":true,"href":"https:\/\/www.ghostysky.com\/es\/wp-json\/wp\/v2\/media\/18641"}],"wp:attachment":[{"href":"https:\/\/www.ghostysky.com\/es\/wp-json\/wp\/v2\/media?parent=18640"}],"wp:term":[{"taxonomy":"product_brand","embeddable":true,"href":"https:\/\/www.ghostysky.com\/es\/wp-json\/wp\/v2\/product_brand?post=18640"},{"taxonomy":"product_cat","embeddable":true,"href":"https:\/\/www.ghostysky.com\/es\/wp-json\/wp\/v2\/product_cat?post=18640"},{"taxonomy":"product_tag","embeddable":true,"href":"https:\/\/www.ghostysky.com\/es\/wp-json\/wp\/v2\/product_tag?post=18640"}],"curies":[{"name":"wp","href":"https:\/\/api.w.org\/{rel}","templated":true}]}}