{"id":18888,"date":"2024-05-16T10:08:11","date_gmt":"2024-05-16T10:08:11","guid":{"rendered":"https:\/\/www.ghostysky.com\/?post_type=product&#038;p=18888"},"modified":"2024-05-26T09:42:53","modified_gmt":"2024-05-26T09:42:53","slug":"dji-rc-pro-2","status":"publish","type":"product","link":"https:\/\/www.ghostysky.com\/es\/product\/dji-rc-pro-2\/","title":{"rendered":"DJI RC Pro"},"content":{"rendered":"<h3><strong>Acerca del DJI RC Pro<\/strong><\/h3>\n<ul>\n<li data-sourcepos=\"5:1-5:144\">\n<p data-sourcepos=\"5:3-5:278\"><strong>Rendimiento potente:<\/strong> Equipado con un procesador de pr\u00f3xima generaci\u00f3n, el DJI RC Pro ofrece un rendimiento superior y un menor consumo de energ\u00eda. Cuenta con una CPU 4 veces m\u00e1s potente, una GPU 7 veces m\u00e1s potente y un consumo de energ\u00eda 20% menor en comparaci\u00f3n con el control remoto anterior.<\/p>\n<\/li>\n<li data-sourcepos=\"7:1-8:0\">\n<p data-sourcepos=\"7:3-7:333\"><strong>Tecnolog\u00eda de transmisi\u00f3n de v\u00eddeo O3+:<\/strong> El DJI RC Pro integra la tecnolog\u00eda de transmisi\u00f3n de video O3+ de DJI, que es capaz de transmitir una se\u00f1al en vivo de 1080p\/60 fps a una distancia de hasta 15 km con una baja latencia de solo 120 ms. Un sistema de antena 2T4R de alta ganancia mejora la cobertura de la se\u00f1al y mantiene una transmisi\u00f3n de se\u00f1al estable y fluida.<\/p>\n<\/li>\n<li data-sourcepos=\"9:1-9:33\">\n<p data-sourcepos=\"9:3-9:33\"><strong>Pantalla brillante:<\/strong> Una pantalla integrada de 5,5 pulgadas y 1080p con un brillo m\u00e1ximo de 1000 nits garantiza una visualizaci\u00f3n clara incluso bajo la luz solar directa. Su pantalla de alto brillo y larga duraci\u00f3n cuenta con un modo exterior que mejora autom\u00e1ticamente los detalles de las sombras para mejorar la visibilidad.<\/p>\n<\/li>\n<li data-sourcepos=\"11:1-12:0\">\n<p data-sourcepos=\"11:3-11:104\"><strong>Reproducci\u00f3n de v\u00eddeo:<\/strong> El DJI RC Pro admite la reproducci\u00f3n de v\u00eddeos a 4K\/120 fps en c\u00f3decs H.264 y H.265.<\/p>\n<\/li>\n<li data-sourcepos=\"13:1-13:187\">\n<p data-sourcepos=\"13:3-13:187\"><strong>Conectividad:<\/strong> El RC Pro incluye un puerto mini-HDMI, un puerto USB tipo C multiprop\u00f3sito y una ranura para tarjeta microSD, lo que permite funciones como carga, almacenamiento y salida de video.<\/p>\n<\/li>\n<\/ul>\n<p>En general, el DJI RC Pro es un control remoto potente y vers\u00e1til, ideal para aplicaciones de fotograf\u00eda a\u00e9rea profesional. Su procesador de pr\u00f3xima generaci\u00f3n, su tecnolog\u00eda de transmisi\u00f3n de v\u00eddeo O3+, su pantalla de alto brillo y su compatibilidad con la reproducci\u00f3n de v\u00eddeo 4K\/120 fps lo convierten en una excelente opci\u00f3n para los usuarios exigentes.<\/p>\n<p>&nbsp;<\/p>","protected":false},"excerpt":{"rendered":"<p>El DJI RC Pro es un control remoto de alto rendimiento dise\u00f1ado para aplicaciones de fotograf\u00eda a\u00e9rea profesional. Cuenta con un nuevo y potente procesador que ofrece un rendimiento de CPU 4 veces m\u00e1s r\u00e1pido, un rendimiento de GPU 7 veces m\u00e1s r\u00e1pido y un consumo de energ\u00eda 20% menor en comparaci\u00f3n con su predecesor.<\/p>","protected":false},"featured_media":18890,"comment_status":"open","ping_status":"closed","template":"","meta":[],"product_brand":[],"product_cat":[781,785,37,779,784],"product_tag":[880,881],"class_list":{"0":"post-18888","1":"product","2":"type-product","3":"status-publish","4":"has-post-thumbnail","6":"product_cat-accessories-mavic-3-classic","7":"product_cat-accessories-mavic-3-pro","8":"product_cat-dji","9":"product_cat-mavic-3-classic","10":"product_cat-mavic-3-pro","11":"product_tag-dji-rc-pro","12":"product_tag-mavic-3e","14":"first","15":"instock","16":"taxable","17":"shipping-taxable","18":"purchasable","19":"product-type-simple"},"yoast_head":"<!-- This site is optimized with the Yoast SEO plugin v27.4 - https:\/\/yoast.com\/product\/yoast-seo-wordpress\/ -->\n<title>DJI RC Pro - Ghostysky<\/title>\n<meta name=\"description\" content=\"The DJI RC Pro is a high-performance remote controller designed for professional aerial photography applications. It features a powerful new processor that delivers 4x faster CPU performance, 7x faster GPU performance, and 20% lower power consumption compared to its predecessor.\" \/>\n<meta name=\"robots\" content=\"index, follow, max-snippet:-1, max-image-preview:large, max-video-preview:-1\" \/>\n<link rel=\"canonical\" href=\"https:\/\/www.ghostysky.com\/es\/producto-2\/dji-rc-pro-2\/\" \/>\n<meta property=\"og:locale\" content=\"es_ES\" \/>\n<meta property=\"og:type\" content=\"article\" \/>\n<meta property=\"og:title\" content=\"DJI RC Pro - Ghostysky\" \/>\n<meta property=\"og:description\" content=\"The DJI RC Pro is a high-performance remote controller designed for professional aerial photography applications. It features a powerful new processor that delivers 4x faster CPU performance, 7x faster GPU performance, and 20% lower power consumption compared to its predecessor.\" \/>\n<meta property=\"og:url\" content=\"https:\/\/www.ghostysky.com\/es\/producto-2\/dji-rc-pro-2\/\" \/>\n<meta property=\"og:site_name\" content=\"Ghostysky\" \/>\n<meta property=\"article:publisher\" content=\"https:\/\/www.facebook.com\/people\/Ghostysky\/100057676170234\/\" \/>\n<meta property=\"article:modified_time\" content=\"2024-05-26T09:42:53+00:00\" \/>\n<meta property=\"og:image\" content=\"https:\/\/www.ghostysky.com\/wp-content\/uploads\/2024\/05\/GH_dji-rc-pro_1.jpg\" \/>\n\t<meta property=\"og:image:width\" content=\"800\" \/>\n\t<meta property=\"og:image:height\" content=\"800\" \/>\n\t<meta property=\"og:image:type\" content=\"image\/jpeg\" \/>\n<meta name=\"twitter:card\" content=\"summary_large_image\" \/>\n<meta name=\"twitter:site\" content=\"@Gh0stysky\" \/>\n<meta name=\"twitter:label1\" content=\"Tiempo de lectura\" \/>\n\t<meta name=\"twitter:data1\" content=\"2 minutos\" \/>\n<script type=\"application\/ld+json\" class=\"yoast-schema-graph\">{\"@context\":\"https:\\\/\\\/schema.org\",\"@graph\":[{\"@type\":\"WebPage\",\"@id\":\"https:\\\/\\\/www.ghostysky.com\\\/product\\\/dji-rc-pro-2\\\/\",\"url\":\"https:\\\/\\\/www.ghostysky.com\\\/product\\\/dji-rc-pro-2\\\/\",\"name\":\"DJI RC Pro - Ghostysky\",\"isPartOf\":{\"@id\":\"https:\\\/\\\/www.ghostysky.com\\\/#website\"},\"primaryImageOfPage\":{\"@id\":\"https:\\\/\\\/www.ghostysky.com\\\/product\\\/dji-rc-pro-2\\\/#primaryimage\"},\"image\":{\"@id\":\"https:\\\/\\\/www.ghostysky.com\\\/product\\\/dji-rc-pro-2\\\/#primaryimage\"},\"thumbnailUrl\":\"https:\\\/\\\/www.ghostysky.com\\\/wp-content\\\/uploads\\\/2024\\\/05\\\/GH_dji-rc-pro_1.jpg\",\"datePublished\":\"2024-05-16T10:08:11+00:00\",\"dateModified\":\"2024-05-26T09:42:53+00:00\",\"description\":\"The DJI RC Pro is a high-performance remote controller designed for professional aerial photography applications. It features a powerful new processor that delivers 4x faster CPU performance, 7x faster GPU performance, and 20% lower power consumption compared to its predecessor.\",\"breadcrumb\":{\"@id\":\"https:\\\/\\\/www.ghostysky.com\\\/product\\\/dji-rc-pro-2\\\/#breadcrumb\"},\"inLanguage\":\"es\",\"potentialAction\":[{\"@type\":\"ReadAction\",\"target\":[\"https:\\\/\\\/www.ghostysky.com\\\/product\\\/dji-rc-pro-2\\\/\"]}]},{\"@type\":\"ImageObject\",\"inLanguage\":\"es\",\"@id\":\"https:\\\/\\\/www.ghostysky.com\\\/product\\\/dji-rc-pro-2\\\/#primaryimage\",\"url\":\"https:\\\/\\\/www.ghostysky.com\\\/wp-content\\\/uploads\\\/2024\\\/05\\\/GH_dji-rc-pro_1.jpg\",\"contentUrl\":\"https:\\\/\\\/www.ghostysky.com\\\/wp-content\\\/uploads\\\/2024\\\/05\\\/GH_dji-rc-pro_1.jpg\",\"width\":800,\"height\":800},{\"@type\":\"BreadcrumbList\",\"@id\":\"https:\\\/\\\/www.ghostysky.com\\\/product\\\/dji-rc-pro-2\\\/#breadcrumb\",\"itemListElement\":[{\"@type\":\"ListItem\",\"position\":1,\"name\":\"Home\",\"item\":\"https:\\\/\\\/www.ghostysky.com\\\/\"},{\"@type\":\"ListItem\",\"position\":2,\"name\":\"Shop\",\"item\":\"https:\\\/\\\/www.ghostysky.com\\\/shop\\\/\"},{\"@type\":\"ListItem\",\"position\":3,\"name\":\"DJI RC Pro\"}]},{\"@type\":\"WebSite\",\"@id\":\"https:\\\/\\\/www.ghostysky.com\\\/#website\",\"url\":\"https:\\\/\\\/www.ghostysky.com\\\/\",\"name\":\"Ghostysky\",\"description\":\"Delivering professional drones and services\",\"publisher\":{\"@id\":\"https:\\\/\\\/www.ghostysky.com\\\/#organization\"},\"potentialAction\":[{\"@type\":\"SearchAction\",\"target\":{\"@type\":\"EntryPoint\",\"urlTemplate\":\"https:\\\/\\\/www.ghostysky.com\\\/?s={search_term_string}\"},\"query-input\":{\"@type\":\"PropertyValueSpecification\",\"valueRequired\":true,\"valueName\":\"search_term_string\"}}],\"inLanguage\":\"es\"},{\"@type\":\"Organization\",\"@id\":\"https:\\\/\\\/www.ghostysky.com\\\/#organization\",\"name\":\"Ghostysky\",\"url\":\"https:\\\/\\\/www.ghostysky.com\\\/\",\"logo\":{\"@type\":\"ImageObject\",\"inLanguage\":\"es\",\"@id\":\"https:\\\/\\\/www.ghostysky.com\\\/#\\\/schema\\\/logo\\\/image\\\/\",\"url\":\"https:\\\/\\\/www.ghostysky.com\\\/wp-content\\\/uploads\\\/2020\\\/06\\\/cropped-ghostyskylogo_text_white2.png\",\"contentUrl\":\"https:\\\/\\\/www.ghostysky.com\\\/wp-content\\\/uploads\\\/2020\\\/06\\\/cropped-ghostyskylogo_text_white2.png\",\"width\":169,\"height\":56,\"caption\":\"Ghostysky\"},\"image\":{\"@id\":\"https:\\\/\\\/www.ghostysky.com\\\/#\\\/schema\\\/logo\\\/image\\\/\"},\"sameAs\":[\"https:\\\/\\\/www.facebook.com\\\/people\\\/Ghostysky\\\/100057676170234\\\/\",\"https:\\\/\\\/x.com\\\/Gh0stysky\",\"https:\\\/\\\/www.linkedin.com\\\/company\\\/34739653\",\"https:\\\/\\\/www.instagram.com\\\/gh0stysky\"]}]}<\/script>\n<!-- \/ Yoast SEO plugin. -->","yoast_head_json":{"title":"DJI RC Pro - Ghostysky","description":"El DJI RC Pro es un control remoto de alto rendimiento dise\u00f1ado para aplicaciones de fotograf\u00eda a\u00e9rea profesional. Cuenta con un nuevo y potente procesador que ofrece un rendimiento de CPU 4 veces m\u00e1s r\u00e1pido, un rendimiento de GPU 7 veces m\u00e1s r\u00e1pido y un consumo de energ\u00eda 20% menor en comparaci\u00f3n con su predecesor.","robots":{"index":"index","follow":"follow","max-snippet":"max-snippet:-1","max-image-preview":"max-image-preview:large","max-video-preview":"max-video-preview:-1"},"canonical":"https:\/\/www.ghostysky.com\/es\/producto-2\/dji-rc-pro-2\/","og_locale":"es_ES","og_type":"article","og_title":"DJI RC Pro - Ghostysky","og_description":"The DJI RC Pro is a high-performance remote controller designed for professional aerial photography applications. It features a powerful new processor that delivers 4x faster CPU performance, 7x faster GPU performance, and 20% lower power consumption compared to its predecessor.","og_url":"https:\/\/www.ghostysky.com\/es\/producto-2\/dji-rc-pro-2\/","og_site_name":"Ghostysky","article_publisher":"https:\/\/www.facebook.com\/people\/Ghostysky\/100057676170234\/","article_modified_time":"2024-05-26T09:42:53+00:00","og_image":[{"width":800,"height":800,"url":"https:\/\/www.ghostysky.com\/wp-content\/uploads\/2024\/05\/GH_dji-rc-pro_1.jpg","type":"image\/jpeg"}],"twitter_card":"summary_large_image","twitter_site":"@Gh0stysky","twitter_misc":{"Tiempo de lectura":"2 minutos"},"schema":{"@context":"https:\/\/schema.org","@graph":[{"@type":"WebPage","@id":"https:\/\/www.ghostysky.com\/product\/dji-rc-pro-2\/","url":"https:\/\/www.ghostysky.com\/product\/dji-rc-pro-2\/","name":"DJI RC Pro - Ghostysky","isPartOf":{"@id":"https:\/\/www.ghostysky.com\/#website"},"primaryImageOfPage":{"@id":"https:\/\/www.ghostysky.com\/product\/dji-rc-pro-2\/#primaryimage"},"image":{"@id":"https:\/\/www.ghostysky.com\/product\/dji-rc-pro-2\/#primaryimage"},"thumbnailUrl":"https:\/\/www.ghostysky.com\/wp-content\/uploads\/2024\/05\/GH_dji-rc-pro_1.jpg","datePublished":"2024-05-16T10:08:11+00:00","dateModified":"2024-05-26T09:42:53+00:00","description":"El DJI RC Pro es un control remoto de alto rendimiento dise\u00f1ado para aplicaciones de fotograf\u00eda a\u00e9rea profesional. Cuenta con un nuevo y potente procesador que ofrece un rendimiento de CPU 4 veces m\u00e1s r\u00e1pido, un rendimiento de GPU 7 veces m\u00e1s r\u00e1pido y un consumo de energ\u00eda 20% menor en comparaci\u00f3n con su predecesor.","breadcrumb":{"@id":"https:\/\/www.ghostysky.com\/product\/dji-rc-pro-2\/#breadcrumb"},"inLanguage":"es","potentialAction":[{"@type":"ReadAction","target":["https:\/\/www.ghostysky.com\/product\/dji-rc-pro-2\/"]}]},{"@type":"ImageObject","inLanguage":"es","@id":"https:\/\/www.ghostysky.com\/product\/dji-rc-pro-2\/#primaryimage","url":"https:\/\/www.ghostysky.com\/wp-content\/uploads\/2024\/05\/GH_dji-rc-pro_1.jpg","contentUrl":"https:\/\/www.ghostysky.com\/wp-content\/uploads\/2024\/05\/GH_dji-rc-pro_1.jpg","width":800,"height":800},{"@type":"BreadcrumbList","@id":"https:\/\/www.ghostysky.com\/product\/dji-rc-pro-2\/#breadcrumb","itemListElement":[{"@type":"ListItem","position":1,"name":"Home","item":"https:\/\/www.ghostysky.com\/"},{"@type":"ListItem","position":2,"name":"Shop","item":"https:\/\/www.ghostysky.com\/shop\/"},{"@type":"ListItem","position":3,"name":"DJI RC Pro"}]},{"@type":"WebSite","@id":"https:\/\/www.ghostysky.com\/#website","url":"https:\/\/www.ghostysky.com\/","name":"Ghostysky","description":"Entrega de drones y servicios profesionales","publisher":{"@id":"https:\/\/www.ghostysky.com\/#organization"},"potentialAction":[{"@type":"SearchAction","target":{"@type":"EntryPoint","urlTemplate":"https:\/\/www.ghostysky.com\/?s={search_term_string}"},"query-input":{"@type":"PropertyValueSpecification","valueRequired":true,"valueName":"search_term_string"}}],"inLanguage":"es"},{"@type":"Organization","@id":"https:\/\/www.ghostysky.com\/#organization","name":"Ghostysky","url":"https:\/\/www.ghostysky.com\/","logo":{"@type":"ImageObject","inLanguage":"es","@id":"https:\/\/www.ghostysky.com\/#\/schema\/logo\/image\/","url":"https:\/\/www.ghostysky.com\/wp-content\/uploads\/2020\/06\/cropped-ghostyskylogo_text_white2.png","contentUrl":"https:\/\/www.ghostysky.com\/wp-content\/uploads\/2020\/06\/cropped-ghostyskylogo_text_white2.png","width":169,"height":56,"caption":"Ghostysky"},"image":{"@id":"https:\/\/www.ghostysky.com\/#\/schema\/logo\/image\/"},"sameAs":["https:\/\/www.facebook.com\/people\/Ghostysky\/100057676170234\/","https:\/\/x.com\/Gh0stysky","https:\/\/www.linkedin.com\/company\/34739653","https:\/\/www.instagram.com\/gh0stysky"]}]}},"_links":{"self":[{"href":"https:\/\/www.ghostysky.com\/es\/wp-json\/wp\/v2\/product\/18888","targetHints":{"allow":["GET"]}}],"collection":[{"href":"https:\/\/www.ghostysky.com\/es\/wp-json\/wp\/v2\/product"}],"about":[{"href":"https:\/\/www.ghostysky.com\/es\/wp-json\/wp\/v2\/types\/product"}],"replies":[{"embeddable":true,"href":"https:\/\/www.ghostysky.com\/es\/wp-json\/wp\/v2\/comments?post=18888"}],"version-history":[{"count":0,"href":"https:\/\/www.ghostysky.com\/es\/wp-json\/wp\/v2\/product\/18888\/revisions"}],"wp:featuredmedia":[{"embeddable":true,"href":"https:\/\/www.ghostysky.com\/es\/wp-json\/wp\/v2\/media\/18890"}],"wp:attachment":[{"href":"https:\/\/www.ghostysky.com\/es\/wp-json\/wp\/v2\/media?parent=18888"}],"wp:term":[{"taxonomy":"product_brand","embeddable":true,"href":"https:\/\/www.ghostysky.com\/es\/wp-json\/wp\/v2\/product_brand?post=18888"},{"taxonomy":"product_cat","embeddable":true,"href":"https:\/\/www.ghostysky.com\/es\/wp-json\/wp\/v2\/product_cat?post=18888"},{"taxonomy":"product_tag","embeddable":true,"href":"https:\/\/www.ghostysky.com\/es\/wp-json\/wp\/v2\/product_tag?post=18888"}],"curies":[{"name":"wp","href":"https:\/\/api.w.org\/{rel}","templated":true}]}}