{"id":18920,"date":"2024-05-21T14:49:17","date_gmt":"2024-05-21T14:49:17","guid":{"rendered":"https:\/\/www.ghostysky.com\/?post_type=product&#038;p=18920"},"modified":"2025-10-14T11:26:46","modified_gmt":"2025-10-14T11:26:46","slug":"autel-robotics-evo-ii-pro-6k-v3-rugged-bundle-gray-color","status":"publish","type":"product","link":"https:\/\/www.ghostysky.com\/es\/product\/autel-robotics-evo-ii-pro-6k-v3-rugged-bundle-gray-color\/","title":{"rendered":"Autel Robotics EVO II Pro 6K V3 Paquete resistente Color gris"},"content":{"rendered":"<p data-sourcepos=\"3:1-3:11\"><strong>C\u00e1mara:<\/strong><\/p>\n<ul data-sourcepos=\"5:1-5:24\">\n<li data-sourcepos=\"5:1-5:24\">El nuevo sensor CMOS de 20MP y 1 pulgada de Sony<\/li>\n<li data-sourcepos=\"6:1-6:91\">Resoluci\u00f3n de v\u00eddeo de hasta 6K con rango din\u00e1mico, supresi\u00f3n de ruido y velocidades de fotogramas mejorados<\/li>\n<li data-sourcepos=\"7:1-7:16\">Fotograf\u00edas sin procesar DNG de 12 bits para una flexibilidad de posproducci\u00f3n superior (64 veces m\u00e1s color que 10 bits)<\/li>\n<li data-sourcepos=\"8:1-9:0\">zoom digital de 16x<\/li>\n<\/ul>\n<p data-sourcepos=\"10:1-10:23\"><strong>Rendimiento de vuelo:<\/strong><\/p>\n<ul data-sourcepos=\"12:1-12:1\">\n<li data-sourcepos=\"12:1-12:1\">Sistema de transmisi\u00f3n SkyLink 2.0 para un alcance de hasta 15 km (9,3 millas) y capacidades antiinterferencias mejoradas<\/li>\n<li data-sourcepos=\"13:1-13:53\">Evitaci\u00f3n de obst\u00e1culos omnidireccional para un vuelo m\u00e1s seguro<\/li>\n<li data-sourcepos=\"14:1-14:104\">Precisi\u00f3n de posicionamiento a nivel de cent\u00edmetros con m\u00f3dulo Real-Time Kinematic (RTK) (seg\u00fan la versi\u00f3n)<\/li>\n<li data-sourcepos=\"15:1-16:0\">Hasta 40 minutos de tiempo de vuelo con una sola bater\u00eda<\/li>\n<\/ul>\n<p data-sourcepos=\"17:1-17:18\"><strong>Paquete resistente:<\/strong><\/p>\n<p data-sourcepos=\"19:1-19:75\">Este paquete espec\u00edfico incluye varios accesorios para situaciones exigentes:<\/p>\n<ul data-sourcepos=\"21:1-21:1\">\n<li data-sourcepos=\"21:1-21:1\">Bater\u00edas adicionales (generalmente 2) para un tiempo de vuelo prolongado<\/li>\n<li data-sourcepos=\"22:1-22:30\">H\u00e9lices de repuesto (normalmente 4)<\/li>\n<li data-sourcepos=\"23:1-23:35\">Correa de transporte para facilitar el transporte<\/li>\n<li data-sourcepos=\"24:1-25:0\">Autel Smart Controller V3 con pantalla t\u00e1ctil OLED de 6,4 pulgadas y procesador de 8 n\u00facleos de \u00faltima generaci\u00f3n para un funcionamiento m\u00e1s fluido<\/li>\n<\/ul>\n<p data-sourcepos=\"26:1-26:19\"><strong>Otras caracter\u00edsticas:<\/strong><\/p>\n<ul data-sourcepos=\"28:1-31:0\">\n<li data-sourcepos=\"28:1-28:60\">Algoritmo Moonlight 2.0 para mejorar el rendimiento en condiciones de poca luz<\/li>\n<li data-sourcepos=\"29:1-29:100\">Receptor de se\u00f1ales ADS-B para un mayor conocimiento de aeronaves tripuladas cercanas (seg\u00fan la versi\u00f3n)<\/li>\n<li data-sourcepos=\"30:1-31:0\">M\u00faltiples modos de vuelo inteligentes para diversas tareas<\/li>\n<\/ul>\n<p data-sourcepos=\"32:1-32:218\">En general, el paquete resistente Autel Robotics EVO II Pro 6K V3 (color gris) es un dron potente y vers\u00e1til para usuarios profesionales que exigen una calidad de imagen excepcional, largos tiempos de vuelo y una evitaci\u00f3n confiable de obst\u00e1culos.<\/p>\n<p data-sourcepos=\"32:1-32:218\"><strong>Especificaciones t\u00e9cnicas<\/strong><\/p>\n<ul>\n<li class=\"cur\">\n<div class=\"rectue-top flexsb\"><strong><span class=\"name\">Aeronave<\/span><\/strong><\/div>\n<div class=\"rectue-min\">\n<table>\n<tbody>\n<tr class=\"firstRow\">\n<td>Peso al despegar<\/td>\n<td>1191 gramos<\/td>\n<\/tr>\n<tr>\n<td>Peso m\u00e1ximo al despegue<\/td>\n<td>2000 gramos<\/td>\n<\/tr>\n<tr>\n<td>Distancia entre ejes<\/td>\n<td>397mm<\/td>\n<\/tr>\n<tr>\n<td>Tama\u00f1o (largo x ancho x alto)<\/td>\n<td>230x130x108 mm (plegado)<br \/>\n457x558x108 mm (desplegado)<\/td>\n<\/tr>\n<tr>\n<td>Altitud m\u00e1xima del techo de servicio<\/td>\n<td>7000m<\/td>\n<\/tr>\n<tr>\n<td>Velocidad m\u00e1xima de ascenso<\/td>\n<td>8 m\/s (rid\u00edculo)<\/td>\n<\/tr>\n<tr>\n<td>Velocidad m\u00e1xima de descenso<\/td>\n<td>4 m\/s (rid\u00edculo)<\/td>\n<\/tr>\n<tr>\n<td>Velocidad m\u00e1xima de vuelo horizontal<\/td>\n<td>20m\/s (rid\u00edculo)<\/td>\n<\/tr>\n<tr>\n<td>Distancia m\u00e1xima de vuelo (sin viento)<\/td>\n<td>25 kilometros<\/td>\n<\/tr>\n<tr>\n<td>\u00c1ngulo de inclinaci\u00f3n m\u00e1ximo<\/td>\n<td>33 \u00b0 (rid\u00edculo)<\/td>\n<\/tr>\n<tr>\n<td>Velocidad angular m\u00e1xima<\/td>\n<td>120\u00b0\/segundo<\/td>\n<\/tr>\n<tr>\n<td>Tiempo m\u00e1ximo de vuelo (sin viento)<\/td>\n<td>40 minutos<\/td>\n<\/tr>\n<tr>\n<td>Tiempo m\u00e1ximo de vuelo estacionario (sin viento)<\/td>\n<td>35 minutos<\/td>\n<\/tr>\n<tr>\n<td>Rango de temperatura de funcionamiento<\/td>\n<td>-10 \u2103 ~ 40 \u2103<\/td>\n<\/tr>\n<tr>\n<td>M\u00e1xima resistencia al viento<\/td>\n<td>12 m\/s (Despegue y aterrizaje)<\/td>\n<\/tr>\n<tr>\n<td>Frecuencia de operaci\u00f3n<\/td>\n<td>902-928 MHz (solo FCC)<br \/>\n2.400-2.4835 GHz<br \/>\n5,725-5,850 GHz (fuera de Jap\u00f3n)<br \/>\n5,650-5,755 GHz (solo en Jap\u00f3n)<\/td>\n<\/tr>\n<tr>\n<td>Poder de transmision<\/td>\n<td>900M<br \/>\nFCC\/ISED:\u226431dBm<br \/>\n2,4G<br \/>\nFCC\/ISED:\u226432dBm<br \/>\nSRRC\/CE\/MIC\/RCM:\u226420dBm<br \/>\n5,8G (fuera de Jap\u00f3n); 5,7G (Jap\u00f3n)<br \/>\nFCC\/ISED\/SRRC\/MIC:\u226433dBm<br \/>\nCE\/RCM:\u226414dBm<\/td>\n<\/tr>\n<tr>\n<td>Precisi\u00f3n de flotaci\u00f3n<\/td>\n<td>Vertical: \u00b10,1 m (cuando el posicionamiento visual funciona normalmente);<br \/>\n\u00b10,5 m (cuando el GPS funciona normalmente)<br \/>\nHorizontal: \u00b10,3 m (cuando el posicionamiento visual funciona normalmente);<br \/>\n\u00b11,5 m (cuando el GPS funciona normalmente)<\/td>\n<\/tr>\n<tr>\n<td>GNSS<\/td>\n<td>GPS\/Beidou\/Glonass\/Gallieo<\/td>\n<\/tr>\n<tr>\n<td>Almacenamiento interno<\/td>\n<td>8GB<\/td>\n<\/tr>\n<tr>\n<td>almacenamiento SD<\/td>\n<td>m\u00e1x. admite 256 GB (UHS-3 o Clase 10)<\/td>\n<\/tr>\n<\/tbody>\n<\/table>\n<\/div>\n<\/li>\n<\/ul>\n<p>&nbsp;<\/p>\n<ul>\n<li class=\"cur\">\n<div class=\"rectue-top flexsb\"><strong><span class=\"name\">card\u00e1n<\/span><\/strong><\/div>\n<div class=\"rectue-min\">\n<table>\n<tbody>\n<tr class=\"firstRow\">\n<td>card\u00e1n<\/td>\n<td>estabilizaci\u00f3n de 3 ejes<\/td>\n<\/tr>\n<tr>\n<td>Gama mec\u00e1nica<\/td>\n<td>Inclinaci\u00f3n: -135\u00b0 a +45\u00b0;<br \/>\nPanor\u00e1mica: -100\u00b0 a +100\u00b0<\/td>\n<\/tr>\n<tr>\n<td>Rango de rotaci\u00f3n controlable<\/td>\n<td>Inclinaci\u00f3n: -90\u00b0 a +30\u00b0;<br \/>\nPanor\u00e1mica: -90\u00b0 a +90\u00b0<\/td>\n<\/tr>\n<tr>\n<td>Velocidad m\u00e1xima de control (inclinaci\u00f3n)<\/td>\n<td>300\u00b0\/segundo<\/td>\n<\/tr>\n<tr>\n<td>Rango de vibraci\u00f3n angular<\/td>\n<td>\u00b10.005\u00b0<\/td>\n<\/tr>\n<\/tbody>\n<\/table>\n<\/div>\n<\/li>\n<\/ul>\n<p>&nbsp;<\/p>\n<ul>\n<li class=\"cur\">\n<div class=\"rectue-top flexsb\"><strong><span class=\"name\">Mando a distancia y transmisi\u00f3n de im\u00e1genes<\/span><\/strong><\/div>\n<div class=\"rectue-min\">\n<table>\n<tbody>\n<tr class=\"firstRow\">\n<td>Frecuencia de operaci\u00f3n<\/td>\n<td>902-928 MHz (solo FCC)<br \/>\n2.400-2.4835 GHz<br \/>\n5,725-5,850 GHz (fuera de Jap\u00f3n)<br \/>\n5,650-5,755 GHz (solo en Jap\u00f3n)<\/td>\n<\/tr>\n<tr>\n<td>Poder de transmision<\/td>\n<td>FCC\uff1a\u226433dBm<br \/>\nCE:\u226420dBm@2.4G,\u226414dBm@5.8G<br \/>\nSRRC:\u226420dBm@2.4G,\u226433dBm@5.8G\/5.7G<\/td>\n<\/tr>\n<tr>\n<td>Distancia m\u00e1xima de transmisi\u00f3n (sin obstrucciones, sin interferencias)<\/td>\n<td>FCC: 15 km<br \/>\nCE: 8km<\/td>\n<\/tr>\n<tr>\n<td>Pantalla de visualizaci\u00f3n<\/td>\n<td>2340\u00d71080 60fps<\/td>\n<\/tr>\n<tr>\n<td>Bater\u00eda<\/td>\n<td>1900mAh<\/td>\n<\/tr>\n<tr>\n<td>Tiempo de funcionamiento<\/td>\n<td>~2 horas (brillo m\u00e1ximo)<br \/>\n~3 horas (brillo 50%)<\/td>\n<\/tr>\n<tr>\n<td>Tiempo de carga<\/td>\n<td>90 minutos<\/td>\n<\/tr>\n<tr>\n<td>Almacenamiento interno<\/td>\n<td>ROM 128GB + almacenamiento ampliable mediante tarjeta micro-SD<\/td>\n<\/tr>\n<\/tbody>\n<\/table>\n<\/div>\n<\/li>\n<\/ul>\n<p>&nbsp;<\/p>\n<ul>\n<li class=\"cur\">\n<div class=\"rectue-top flexsb\"><strong><span class=\"name\">Sistema de detecci\u00f3n<\/span><\/strong><\/div>\n<div class=\"rectue-min\">\n<table>\n<tbody>\n<tr class=\"firstRow\">\n<td>Tipo de sistema de detecci\u00f3n<\/td>\n<td>Sistema de detecci\u00f3n omnidireccional<\/td>\n<\/tr>\n<tr>\n<td>Adelante<\/td>\n<td>Rango de medici\u00f3n preciso: 0,5-18 m<br \/>\nVelocidad de detecci\u00f3n efectiva: &lt;12 m\/s<br \/>\n\u00c1ngulo de visi\u00f3n: Horizontal: 60\u00b0, Vertical: 80\u00b0<\/td>\n<\/tr>\n<tr>\n<td>Hacia atr\u00e1s<\/td>\n<td>Rango de medici\u00f3n preciso: 0,5-16 m<br \/>\nVelocidad de detecci\u00f3n efectiva: &lt;12 m\/s<br \/>\n\u00c1ngulo de visi\u00f3n: Horizontal: 60\u00b0, Vertical: 80\u00b0<\/td>\n<\/tr>\n<tr>\n<td>Hacia arriba<\/td>\n<td>Rango de medici\u00f3n preciso: 0,5-10 m<br \/>\nVelocidad de detecci\u00f3n efectiva: &lt;5 m\/s<br \/>\n\u00c1ngulo de visi\u00f3n: Horizontal: 65\u00b0, Vertical: 50\u00b0<\/td>\n<\/tr>\n<tr>\n<td>Hacia abajo<\/td>\n<td>Rango de medici\u00f3n preciso: 0,5-10 m<br \/>\nVelocidad de detecci\u00f3n efectiva: &lt;5 m\/s<br \/>\n\u00c1ngulo de visi\u00f3n: horizontal: 100\u00b0, vertical: 80\u00b0<\/td>\n<\/tr>\n<tr>\n<td>Izquierda y derecha<\/td>\n<td>Rango de medici\u00f3n preciso: 0,5-10 m<br \/>\nVelocidad de detecci\u00f3n efectiva: &lt;5 m\/s<br \/>\n\u00c1ngulo de visi\u00f3n: horizontal: 65\u00b0, vertical: 50\u00b0<\/td>\n<\/tr>\n<tr>\n<td>Entorno operativo<\/td>\n<td>Adelante, atr\u00e1s y lados:<br \/>\nSuperficie con patr\u00f3n claro e iluminaci\u00f3n adecuada (lux &gt; 15)<br \/>\nHacia arriba:<br \/>\nDetecta superficies reflectantes difusas (&gt;20%)<br \/>\n(paredes, \u00e1rboles, personas, etc.)<br \/>\nHacia abajo:<br \/>\nSuperficie con patr\u00f3n claro e iluminaci\u00f3n adecuada (lux &gt; 15)<br \/>\nDetecta superficies reflectantes difusas (&gt;20%)<br \/>\n(paredes, \u00e1rboles, personas, etc.)<\/td>\n<\/tr>\n<\/tbody>\n<\/table>\n<\/div>\n<\/li>\n<\/ul>\n<p>&nbsp;<\/p>\n<ul>\n<li class=\"cur\">\n<div class=\"rectue-top flexsb\"><strong><span class=\"name\">C\u00e1mara<\/span><\/strong><\/div>\n<div class=\"rectue-min\">\n<table>\n<tbody>\n<tr class=\"firstRow\">\n<td>Sensor<\/td>\n<td>CMOS de 1 pulgada; 20 millones de p\u00edxeles<\/td>\n<\/tr>\n<tr>\n<td>Lente<\/td>\n<td>Campo de visi\u00f3n: 82\u00b0<br \/>\nDistancia focal equivalente: 29 mm<br \/>\nApertura: f\/2,8 \u2013 f\/11<br \/>\nRango de enfoque: 0,5 ma infinito<\/td>\n<\/tr>\n<tr>\n<td>Rango ISO<\/td>\n<td>V\u00eddeo: 100-44000<br \/>\nFoto: 100-6400<\/td>\n<\/tr>\n<tr>\n<td>Velocidad de obturaci\u00f3n<\/td>\n<td>Modo foto: 1\/8000 ~ 8s<br \/>\nOtro: 1\/8000 ~ 1\/frecuencias de cuadro<\/td>\n<\/tr>\n<tr>\n<td>Zoom<\/td>\n<td>1-16x (hasta 3x zoom sin p\u00e9rdida)<\/td>\n<\/tr>\n<tr>\n<td>Modo foto<\/td>\n<td>Disparo \u00fanico\/Disparo en r\u00e1faga\/AEB\/Lapso de tiempo\/HDR<\/td>\n<\/tr>\n<tr>\n<td>Tama\u00f1o m\u00e1ximo de foto<\/td>\n<td>5472*3648 (3:2)<br \/>\n5472*3076 (16:9)<br \/>\n3840*2160 (16:9)<\/td>\n<\/tr>\n<tr>\n<td>Formato de imagen<\/td>\n<td>JPG (predeterminado) \/ DNG \/ JPG+DNG<\/td>\n<\/tr>\n<tr>\n<td>Modo foto<\/td>\n<td>5472x3076P30\/P25\/P24<br \/>\n3840x2160P60\/P50\/P48\/P30\/P25\/P24<br \/>\n2720x1528P60\/P50\/P48\/P30\/P25\/P24<br \/>\n1920x1080P60\/P50\/P48\/P30\/P25\/P24<\/td>\n<\/tr>\n<tr>\n<td>Formato de video<\/td>\n<td>MP4\/MOV (MPEG-4 AVC\/H.264, HEVC\/H.265)<\/td>\n<\/tr>\n<tr>\n<td>Tasa de bits m\u00e1xima<\/td>\n<td>120Mbps<\/td>\n<\/tr>\n<tr>\n<td>Sistema de archivos compatible<\/td>\n<td>FAT32\/exFAT<\/td>\n<\/tr>\n<\/tbody>\n<\/table>\n<\/div>\n<\/li>\n<\/ul>\n<p>&nbsp;<\/p>\n<ul>\n<li>\n<div class=\"rectue-top flexsb\"><strong><span class=\"name\">Bater\u00eda<\/span><\/strong><\/div>\n<div class=\"rectue-min\">\n<table>\n<tbody>\n<tr class=\"firstRow\">\n<td>Capacidad<\/td>\n<td>7100 mAh<\/td>\n<\/tr>\n<tr>\n<td>Voltaje<\/td>\n<td>11,55 voltios<\/td>\n<\/tr>\n<tr>\n<td>Tipo de Bater\u00eda<\/td>\n<td>lipo 3s<\/td>\n<\/tr>\n<tr>\n<td>Sector energ\u00e9tico<\/td>\n<td>82 Wh<\/td>\n<\/tr>\n<tr>\n<td>Peso<\/td>\n<td>365 gramos<\/td>\n<\/tr>\n<tr>\n<td>Rango de temperatura de carga<\/td>\n<td>5 \u2103 a 45 \u2103<\/td>\n<\/tr>\n<tr>\n<td>Temperatura y humedad de almacenamiento<\/td>\n<td>-10~30\u2103\uff0c65\u00b120%RH<\/td>\n<\/tr>\n<tr>\n<td>Temperatura de almacenamiento recomendada<\/td>\n<td>22-28 \u2103<\/td>\n<\/tr>\n<tr>\n<td>Potencia m\u00e1xima de carga<\/td>\n<td>93W<\/td>\n<\/tr>\n<tr>\n<td>Tiempo de carga<\/td>\n<td>90 minutos<\/td>\n<\/tr>\n<\/tbody>\n<\/table>\n<\/div>\n<\/li>\n<\/ul>\n<p>&nbsp;<\/p>\n<ul>\n<li class=\"cur\">\n<div class=\"rectue-top flexsb\"><strong><span class=\"name\">Cargador<\/span><\/strong><\/div>\n<div class=\"rectue-min\">\n<table>\n<tbody>\n<tr class=\"firstRow\">\n<td>Aporte<\/td>\n<td>100-240 V, 50\/60 Hz, 1,5 A<\/td>\n<\/tr>\n<tr>\n<td>Producci\u00f3n<\/td>\n<td>13,2 V \u2393 5 A<br \/>\n5V\u23933A 9V\u23932A 12V\u23931.5A<\/td>\n<\/tr>\n<tr>\n<td>Voltaje<\/td>\n<td>13,2\u00b10,1 V<\/td>\n<\/tr>\n<tr>\n<td>Potencia nominal<\/td>\n<td>66W<\/td>\n<\/tr>\n<\/tbody>\n<\/table>\n<\/div>\n<\/li>\n<\/ul>\n<p>&nbsp;<\/p>\n<ul>\n<li class=\"cur\">\n<div class=\"rectue-top flexsb\"><strong><span class=\"name\">Cargador m\u00faltiple<\/span><\/strong><\/div>\n<div class=\"rectue-min\">\n<table>\n<tbody>\n<tr class=\"firstRow\">\n<td>Voltaje<\/td>\n<td>13,2 voltios<\/td>\n<\/tr>\n<tr>\n<td>Rango de temperatura de carga<\/td>\n<td>5 \u2103 a 45 \u2103<\/td>\n<\/tr>\n<\/tbody>\n<\/table>\n<\/div>\n<p>&nbsp;<\/li>\n<\/ul>\n<h4>EN EL CUADRO<\/h4>\n<ul>\n<li>1x EVO II Pro Aircraft (incluyendo bater\u00eda, h\u00e9lices, soporte card\u00e1n y tarjeta SD 32G)<\/li>\n<li>1 mando a distancia.<\/li>\n<li>1x bater\u00eda de repuesto<\/li>\n<li>1x cargador<\/li>\n<li>1 cable de alimentaci\u00f3n.<\/li>\n<li>1x par de h\u00e9lices de repuesto<\/li>\n<li>Cable micro USB<\/li>\n<li>2x cable de control remoto (conector micro usb est\u00e1ndar\/conector tipo c)<\/li>\n<li>1x estuche de transporte<\/li>\n<\/ul>","protected":false},"excerpt":{"rendered":"<p>El paquete resistente Autel Robotics EVO II Pro 6K V3 (color gris) es un dron comercial de alta gama dise\u00f1ado para fotograf\u00eda, videograf\u00eda y aplicaciones industriales profesionales.<\/p>","protected":false},"featured_media":18922,"comment_status":"open","ping_status":"closed","template":"","meta":[],"product_brand":[],"product_cat":[220,364,29],"product_tag":[228,500,495,496,888,885,887,886],"class_list":{"0":"post-18920","1":"product","2":"type-product","3":"status-publish","4":"has-post-thumbnail","6":"product_cat-autel","7":"product_cat-bundles-autel","8":"product_cat-drones","9":"product_tag-6k","10":"product_tag-autel-evo-ii-v3","11":"product_tag-autel-robotics","12":"product_tag-evo-ii","13":"product_tag-gray-color","14":"product_tag-pro","15":"product_tag-rugged-bundle","16":"product_tag-v3","18":"first","19":"onbackorder","20":"taxable","21":"shipping-taxable","22":"product-type-simple"},"yoast_head":"<!-- This site is optimized with the Yoast SEO plugin v27.1.1 - https:\/\/yoast.com\/product\/yoast-seo-wordpress\/ -->\n<title>Autel Robotics EVO II Pro 6K V3 Rugged Bundle Gray Color - Ghostysky<\/title>\n<meta name=\"description\" content=\"The Autel Robotics EVO II Pro 6K V3 Rugged Bundle (Gray Color) is a high-end commercial drone designed for professional photography, videography, and industrial applications.\" \/>\n<meta name=\"robots\" content=\"index, follow, max-snippet:-1, max-image-preview:large, max-video-preview:-1\" \/>\n<link rel=\"canonical\" href=\"https:\/\/www.ghostysky.com\/es\/producto-2\/autel-robotics-evo-ii-pro-6k-v3-rugged-bundle-gray-color\/\" \/>\n<meta property=\"og:locale\" content=\"es_ES\" \/>\n<meta property=\"og:type\" content=\"article\" \/>\n<meta property=\"og:title\" content=\"Autel Robotics EVO II Pro 6K V3 Rugged Bundle Gray Color - Ghostysky\" \/>\n<meta property=\"og:description\" content=\"The Autel Robotics EVO II Pro 6K V3 Rugged Bundle (Gray Color) is a high-end commercial drone designed for professional photography, videography, and industrial applications.\" \/>\n<meta property=\"og:url\" content=\"https:\/\/www.ghostysky.com\/es\/producto-2\/autel-robotics-evo-ii-pro-6k-v3-rugged-bundle-gray-color\/\" \/>\n<meta property=\"og:site_name\" content=\"Ghostysky\" \/>\n<meta property=\"article:publisher\" content=\"https:\/\/www.facebook.com\/people\/Ghostysky\/100057676170234\/\" \/>\n<meta property=\"article:modified_time\" content=\"2025-10-14T11:26:46+00:00\" \/>\n<meta property=\"og:image\" content=\"https:\/\/www.ghostysky.com\/wp-content\/uploads\/2024\/05\/GH_Autel-Robotics-EVO-II-Pro-6K-V3-Rugged-Bundle-Gray-Color_1.jpg\" \/>\n\t<meta property=\"og:image:width\" content=\"760\" \/>\n\t<meta property=\"og:image:height\" content=\"760\" \/>\n\t<meta property=\"og:image:type\" content=\"image\/jpeg\" \/>\n<meta name=\"twitter:card\" content=\"summary_large_image\" \/>\n<meta name=\"twitter:site\" content=\"@Gh0stysky\" \/>\n<meta name=\"twitter:label1\" content=\"Tiempo de lectura\" \/>\n\t<meta name=\"twitter:data1\" content=\"4 minutos\" \/>\n<script type=\"application\/ld+json\" class=\"yoast-schema-graph\">{\"@context\":\"https:\/\/schema.org\",\"@graph\":[{\"@type\":\"WebPage\",\"@id\":\"https:\/\/www.ghostysky.com\/product\/autel-robotics-evo-ii-pro-6k-v3-rugged-bundle-gray-color\/\",\"url\":\"https:\/\/www.ghostysky.com\/product\/autel-robotics-evo-ii-pro-6k-v3-rugged-bundle-gray-color\/\",\"name\":\"Autel Robotics EVO II Pro 6K V3 Rugged Bundle Gray Color - Ghostysky\",\"isPartOf\":{\"@id\":\"https:\/\/www.ghostysky.com\/#website\"},\"primaryImageOfPage\":{\"@id\":\"https:\/\/www.ghostysky.com\/product\/autel-robotics-evo-ii-pro-6k-v3-rugged-bundle-gray-color\/#primaryimage\"},\"image\":{\"@id\":\"https:\/\/www.ghostysky.com\/product\/autel-robotics-evo-ii-pro-6k-v3-rugged-bundle-gray-color\/#primaryimage\"},\"thumbnailUrl\":\"https:\/\/www.ghostysky.com\/wp-content\/uploads\/2024\/05\/GH_Autel-Robotics-EVO-II-Pro-6K-V3-Rugged-Bundle-Gray-Color_1.jpg\",\"datePublished\":\"2024-05-21T14:49:17+00:00\",\"dateModified\":\"2025-10-14T11:26:46+00:00\",\"description\":\"The Autel Robotics EVO II Pro 6K V3 Rugged Bundle (Gray Color) is a high-end commercial drone designed for professional photography, videography, and industrial applications.\",\"breadcrumb\":{\"@id\":\"https:\/\/www.ghostysky.com\/product\/autel-robotics-evo-ii-pro-6k-v3-rugged-bundle-gray-color\/#breadcrumb\"},\"inLanguage\":\"es\",\"potentialAction\":[{\"@type\":\"ReadAction\",\"target\":[\"https:\/\/www.ghostysky.com\/product\/autel-robotics-evo-ii-pro-6k-v3-rugged-bundle-gray-color\/\"]}]},{\"@type\":\"ImageObject\",\"inLanguage\":\"es\",\"@id\":\"https:\/\/www.ghostysky.com\/product\/autel-robotics-evo-ii-pro-6k-v3-rugged-bundle-gray-color\/#primaryimage\",\"url\":\"https:\/\/www.ghostysky.com\/wp-content\/uploads\/2024\/05\/GH_Autel-Robotics-EVO-II-Pro-6K-V3-Rugged-Bundle-Gray-Color_1.jpg\",\"contentUrl\":\"https:\/\/www.ghostysky.com\/wp-content\/uploads\/2024\/05\/GH_Autel-Robotics-EVO-II-Pro-6K-V3-Rugged-Bundle-Gray-Color_1.jpg\",\"width\":760,\"height\":760},{\"@type\":\"BreadcrumbList\",\"@id\":\"https:\/\/www.ghostysky.com\/product\/autel-robotics-evo-ii-pro-6k-v3-rugged-bundle-gray-color\/#breadcrumb\",\"itemListElement\":[{\"@type\":\"ListItem\",\"position\":1,\"name\":\"Home\",\"item\":\"https:\/\/www.ghostysky.com\/\"},{\"@type\":\"ListItem\",\"position\":2,\"name\":\"Shop\",\"item\":\"https:\/\/www.ghostysky.com\/shop\/\"},{\"@type\":\"ListItem\",\"position\":3,\"name\":\"Autel Robotics EVO II Pro 6K V3 Rugged Bundle Gray Color\"}]},{\"@type\":\"WebSite\",\"@id\":\"https:\/\/www.ghostysky.com\/#website\",\"url\":\"https:\/\/www.ghostysky.com\/\",\"name\":\"Ghostysky\",\"description\":\"Delivering professional drones and services\",\"publisher\":{\"@id\":\"https:\/\/www.ghostysky.com\/#organization\"},\"potentialAction\":[{\"@type\":\"SearchAction\",\"target\":{\"@type\":\"EntryPoint\",\"urlTemplate\":\"https:\/\/www.ghostysky.com\/?s={search_term_string}\"},\"query-input\":{\"@type\":\"PropertyValueSpecification\",\"valueRequired\":true,\"valueName\":\"search_term_string\"}}],\"inLanguage\":\"es\"},{\"@type\":\"Organization\",\"@id\":\"https:\/\/www.ghostysky.com\/#organization\",\"name\":\"Ghostysky\",\"url\":\"https:\/\/www.ghostysky.com\/\",\"logo\":{\"@type\":\"ImageObject\",\"inLanguage\":\"es\",\"@id\":\"https:\/\/www.ghostysky.com\/#\/schema\/logo\/image\/\",\"url\":\"https:\/\/www.ghostysky.com\/wp-content\/uploads\/2020\/06\/cropped-ghostyskylogo_text_white2.png\",\"contentUrl\":\"https:\/\/www.ghostysky.com\/wp-content\/uploads\/2020\/06\/cropped-ghostyskylogo_text_white2.png\",\"width\":169,\"height\":56,\"caption\":\"Ghostysky\"},\"image\":{\"@id\":\"https:\/\/www.ghostysky.com\/#\/schema\/logo\/image\/\"},\"sameAs\":[\"https:\/\/www.facebook.com\/people\/Ghostysky\/100057676170234\/\",\"https:\/\/x.com\/Gh0stysky\",\"https:\/\/www.linkedin.com\/company\/34739653\",\"https:\/\/www.instagram.com\/gh0stysky\"]}]}<\/script>\n<!-- \/ Yoast SEO plugin. -->","yoast_head_json":{"title":"Autel Robotics EVO II Pro 6K V3 Paquete resistente Color gris - Ghostysky","description":"El paquete resistente Autel Robotics EVO II Pro 6K V3 (color gris) es un dron comercial de alta gama dise\u00f1ado para fotograf\u00eda, videograf\u00eda y aplicaciones industriales profesionales.","robots":{"index":"index","follow":"follow","max-snippet":"max-snippet:-1","max-image-preview":"max-image-preview:large","max-video-preview":"max-video-preview:-1"},"canonical":"https:\/\/www.ghostysky.com\/es\/producto-2\/autel-robotics-evo-ii-pro-6k-v3-rugged-bundle-gray-color\/","og_locale":"es_ES","og_type":"article","og_title":"Autel Robotics EVO II Pro 6K V3 Rugged Bundle Gray Color - Ghostysky","og_description":"The Autel Robotics EVO II Pro 6K V3 Rugged Bundle (Gray Color) is a high-end commercial drone designed for professional photography, videography, and industrial applications.","og_url":"https:\/\/www.ghostysky.com\/es\/producto-2\/autel-robotics-evo-ii-pro-6k-v3-rugged-bundle-gray-color\/","og_site_name":"Ghostysky","article_publisher":"https:\/\/www.facebook.com\/people\/Ghostysky\/100057676170234\/","article_modified_time":"2025-10-14T11:26:46+00:00","og_image":[{"width":760,"height":760,"url":"https:\/\/www.ghostysky.com\/wp-content\/uploads\/2024\/05\/GH_Autel-Robotics-EVO-II-Pro-6K-V3-Rugged-Bundle-Gray-Color_1.jpg","type":"image\/jpeg"}],"twitter_card":"summary_large_image","twitter_site":"@Gh0stysky","twitter_misc":{"Tiempo de lectura":"4 minutos"},"schema":{"@context":"https:\/\/schema.org","@graph":[{"@type":"WebPage","@id":"https:\/\/www.ghostysky.com\/product\/autel-robotics-evo-ii-pro-6k-v3-rugged-bundle-gray-color\/","url":"https:\/\/www.ghostysky.com\/product\/autel-robotics-evo-ii-pro-6k-v3-rugged-bundle-gray-color\/","name":"Autel Robotics EVO II Pro 6K V3 Paquete resistente Color gris - Ghostysky","isPartOf":{"@id":"https:\/\/www.ghostysky.com\/#website"},"primaryImageOfPage":{"@id":"https:\/\/www.ghostysky.com\/product\/autel-robotics-evo-ii-pro-6k-v3-rugged-bundle-gray-color\/#primaryimage"},"image":{"@id":"https:\/\/www.ghostysky.com\/product\/autel-robotics-evo-ii-pro-6k-v3-rugged-bundle-gray-color\/#primaryimage"},"thumbnailUrl":"https:\/\/www.ghostysky.com\/wp-content\/uploads\/2024\/05\/GH_Autel-Robotics-EVO-II-Pro-6K-V3-Rugged-Bundle-Gray-Color_1.jpg","datePublished":"2024-05-21T14:49:17+00:00","dateModified":"2025-10-14T11:26:46+00:00","description":"El paquete resistente Autel Robotics EVO II Pro 6K V3 (color gris) es un dron comercial de alta gama dise\u00f1ado para fotograf\u00eda, videograf\u00eda y aplicaciones industriales profesionales.","breadcrumb":{"@id":"https:\/\/www.ghostysky.com\/product\/autel-robotics-evo-ii-pro-6k-v3-rugged-bundle-gray-color\/#breadcrumb"},"inLanguage":"es","potentialAction":[{"@type":"ReadAction","target":["https:\/\/www.ghostysky.com\/product\/autel-robotics-evo-ii-pro-6k-v3-rugged-bundle-gray-color\/"]}]},{"@type":"ImageObject","inLanguage":"es","@id":"https:\/\/www.ghostysky.com\/product\/autel-robotics-evo-ii-pro-6k-v3-rugged-bundle-gray-color\/#primaryimage","url":"https:\/\/www.ghostysky.com\/wp-content\/uploads\/2024\/05\/GH_Autel-Robotics-EVO-II-Pro-6K-V3-Rugged-Bundle-Gray-Color_1.jpg","contentUrl":"https:\/\/www.ghostysky.com\/wp-content\/uploads\/2024\/05\/GH_Autel-Robotics-EVO-II-Pro-6K-V3-Rugged-Bundle-Gray-Color_1.jpg","width":760,"height":760},{"@type":"BreadcrumbList","@id":"https:\/\/www.ghostysky.com\/product\/autel-robotics-evo-ii-pro-6k-v3-rugged-bundle-gray-color\/#breadcrumb","itemListElement":[{"@type":"ListItem","position":1,"name":"Home","item":"https:\/\/www.ghostysky.com\/"},{"@type":"ListItem","position":2,"name":"Shop","item":"https:\/\/www.ghostysky.com\/shop\/"},{"@type":"ListItem","position":3,"name":"Autel Robotics EVO II Pro 6K V3 Rugged Bundle Gray Color"}]},{"@type":"WebSite","@id":"https:\/\/www.ghostysky.com\/#website","url":"https:\/\/www.ghostysky.com\/","name":"Ghostysky","description":"Entrega de drones y servicios profesionales","publisher":{"@id":"https:\/\/www.ghostysky.com\/#organization"},"potentialAction":[{"@type":"SearchAction","target":{"@type":"EntryPoint","urlTemplate":"https:\/\/www.ghostysky.com\/?s={search_term_string}"},"query-input":{"@type":"PropertyValueSpecification","valueRequired":true,"valueName":"search_term_string"}}],"inLanguage":"es"},{"@type":"Organization","@id":"https:\/\/www.ghostysky.com\/#organization","name":"Ghostysky","url":"https:\/\/www.ghostysky.com\/","logo":{"@type":"ImageObject","inLanguage":"es","@id":"https:\/\/www.ghostysky.com\/#\/schema\/logo\/image\/","url":"https:\/\/www.ghostysky.com\/wp-content\/uploads\/2020\/06\/cropped-ghostyskylogo_text_white2.png","contentUrl":"https:\/\/www.ghostysky.com\/wp-content\/uploads\/2020\/06\/cropped-ghostyskylogo_text_white2.png","width":169,"height":56,"caption":"Ghostysky"},"image":{"@id":"https:\/\/www.ghostysky.com\/#\/schema\/logo\/image\/"},"sameAs":["https:\/\/www.facebook.com\/people\/Ghostysky\/100057676170234\/","https:\/\/x.com\/Gh0stysky","https:\/\/www.linkedin.com\/company\/34739653","https:\/\/www.instagram.com\/gh0stysky"]}]}},"_links":{"self":[{"href":"https:\/\/www.ghostysky.com\/es\/wp-json\/wp\/v2\/product\/18920","targetHints":{"allow":["GET"]}}],"collection":[{"href":"https:\/\/www.ghostysky.com\/es\/wp-json\/wp\/v2\/product"}],"about":[{"href":"https:\/\/www.ghostysky.com\/es\/wp-json\/wp\/v2\/types\/product"}],"replies":[{"embeddable":true,"href":"https:\/\/www.ghostysky.com\/es\/wp-json\/wp\/v2\/comments?post=18920"}],"wp:featuredmedia":[{"embeddable":true,"href":"https:\/\/www.ghostysky.com\/es\/wp-json\/wp\/v2\/media\/18922"}],"wp:attachment":[{"href":"https:\/\/www.ghostysky.com\/es\/wp-json\/wp\/v2\/media?parent=18920"}],"wp:term":[{"taxonomy":"product_brand","embeddable":true,"href":"https:\/\/www.ghostysky.com\/es\/wp-json\/wp\/v2\/product_brand?post=18920"},{"taxonomy":"product_cat","embeddable":true,"href":"https:\/\/www.ghostysky.com\/es\/wp-json\/wp\/v2\/product_cat?post=18920"},{"taxonomy":"product_tag","embeddable":true,"href":"https:\/\/www.ghostysky.com\/es\/wp-json\/wp\/v2\/product_tag?post=18920"}],"curies":[{"name":"wp","href":"https:\/\/api.w.org\/{rel}","templated":true}]}}