{"id":18984,"date":"2024-05-22T08:02:54","date_gmt":"2024-05-22T08:02:54","guid":{"rendered":"https:\/\/www.ghostysky.com\/?post_type=product&#038;p=18984"},"modified":"2026-01-24T09:51:03","modified_gmt":"2026-01-24T09:51:03","slug":"pix4dmatic-professor-educational-perpetual-license","status":"publish","type":"product","link":"https:\/\/www.ghostysky.com\/es\/product\/pix4dmatic-professor-educational-perpetual-license\/","title":{"rendered":"Pix4DMatic Profesor Educativo \u2013 Licencia perpetua"},"content":{"rendered":"<p><strong>Mapeo de drones r\u00e1pido y preciso, incluso a gran escala<\/strong><br \/>\nPix4Dmatic est\u00e1 dise\u00f1ado para la \u00faltima generaci\u00f3n de drones para aplicaciones profesionales y transforma sus extensas colecciones de im\u00e1genes en nubes de puntos precisas.<\/p>\n<p><strong>\u00bfTienes grandes planes?<\/strong><br \/>\nEl software \u00f3ptimo para topograf\u00eda y cartograf\u00eda innovadoras<\/p>\n<p><span style=\"text-decoration: underline;\">Conjuntos de datos m\u00e1s grandes, resultados precisos<\/span>: Con Pix4Dmatic, se pueden procesar miles de im\u00e1genes manteniendo la m\u00e1xima precisi\u00f3n de medici\u00f3n. Puede convertir su colecci\u00f3n de im\u00e1genes en una nube de puntos el doble de r\u00e1pido sin la molestia de dividir y fusionar los archivos.<\/p>\n<p><span style=\"text-decoration: underline;\">Optimizaci\u00f3n de procesos<\/span>: Desarrollado en estrecha colaboraci\u00f3n con expertos en topograf\u00eda y profesionales de la cartograf\u00eda para agilizar sus flujos de trabajo: con solo unos pocos clics puede importar, procesar y verificar un proyecto y luego cambiar sin problemas de Pix4Dmatic a Pix4Dsurvey.<\/p>\n<p><span style=\"text-decoration: underline;\">Preparado para el futuro, tambi\u00e9n para BVLOS<\/span>: Pix4Dmatic est\u00e1 preparado para procesar los extensos conjuntos de datos t\u00edpicos de los vuelos de drones BVLOS (volar fuera de la vista) *. * Donde lo permita la ley.<\/p>\n<p><strong>\u2013Presentamos Pix4Dmatic\u2013<\/strong><\/p>\n<p><iframe src=\"about:blank\" width=\"600\" height=\"400\" class=\"lazyload\" data-src=\"https:\/\/www.youtube.com\/embed\/vTX8ialmkY0\"><br \/>\n<\/iframe><\/p>\n<p><strong>Todos los formatos de salida relevantes manteniendo la m\u00e1xima precisi\u00f3n<\/strong><br \/>\n..en una fracci\u00f3n del tiempo<\/p>\n<p><strong>Nube de puntos densa<\/strong><br \/>\nCree nubes de puntos densas para \u00e1reas grandes. El formato de archivo .bpc propio de Pix4D est\u00e1 especialmente dise\u00f1ado para cargar y editar nubes de puntos grandes.<\/p>\n<p><strong>ortomosaico<\/strong><br \/>\nCree mapas 2D corregidos geom\u00e9tricamente y, por lo tanto, a escala real. Gracias a la combinaci\u00f3n de colores, el resultado parece una foto grande.<\/p>\n<p><strong>Modelo de superficie digital (DOM)<\/strong><br \/>\nCree una imagen digital de todos los objetos en el \u00e1rea mapeada. La imagen incluye elementos del paisaje natural y objetos hechos por el hombre, como edificios.<\/p>\n<p><strong>Compatible con Pix4Dsurvey<\/strong><br \/>\nExportaci\u00f3n perfecta de los proyectos procesados en Pix4Dsurvey, donde las nubes de puntos se convierten en datos utilizables para el software CAD.<\/p>","protected":false},"excerpt":{"rendered":"<p><span style=\"text-decoration: underline;\">Pix4DMatic Profesor Educativo \u2013 Licencia perpetua<\/span><\/p>\n<div class=\"dePhmb\">\n<div class=\"eyKpYb\" data-language=\"en\" data-original-language=\"de\" data-result-index=\"0\">\n<div class=\"J0lOec\"><span class=\"VIiyi\" lang=\"en\"><span class=\"JLqJ4b\" data-language-for-alternatives=\"en\" data-language-to-translate-into=\"de\" data-phrase-index=\"0\">Pix4Dmatic es el software de fotogrametr\u00eda l\u00edder para mapeo profesional basado en drones. El software ayuda a los top\u00f3grafos con la cartograf\u00eda, a las empresas con la digitalizaci\u00f3n y el modelado 3D o a los ingenieros con la recopilaci\u00f3n y evaluaci\u00f3n de datos t\u00e9rmicos con datos de alta precisi\u00f3n respaldados por GNSS.<\/span><\/span><\/div>\n<hr \/>\n<\/div>\n<\/div>","protected":false},"featured_media":2327,"comment_status":"open","ping_status":"closed","template":"","meta":[],"product_brand":[],"product_cat":[100,161,31],"product_tag":[104,106,105,897,102,162,900,71],"class_list":{"0":"post-18984","1":"product","2":"type-product","3":"status-publish","4":"has-post-thumbnail","6":"product_cat-pix4d","7":"product_cat-pix4dmatic","8":"product_cat-software","9":"product_tag-dsm","10":"product_tag-nuvem-de-pontos","11":"product_tag-ortomosaicos","12":"product_tag-perpetual-license","13":"product_tag-pix4d","14":"product_tag-pix4dmatic","15":"product_tag-pix4dmatic-educational","16":"product_tag-software","18":"first","19":"onbackorder","20":"taxable","21":"shipping-taxable","22":"product-type-simple"},"yoast_head":"<!-- This site is optimized with the Yoast SEO plugin v27.1.1 - https:\/\/yoast.com\/product\/yoast-seo-wordpress\/ -->\n<title>Pix4DMatic Professor Educational - Perpetual License -<\/title>\n<meta name=\"description\" content=\"Pix4Dmatic is the leading photogrammetry software for professional drone-based mapping. The software helps surveyors with mapping, companies with digitization and 3-D modeling or engineers with the collection and evaluation of thermal data with high-precision data supported by GNSS.\" \/>\n<meta name=\"robots\" content=\"index, follow, max-snippet:-1, max-image-preview:large, max-video-preview:-1\" \/>\n<link rel=\"canonical\" href=\"https:\/\/www.ghostysky.com\/es\/producto-2\/pix4dmatic-professor-educational-perpetual-license\/\" \/>\n<meta property=\"og:locale\" content=\"es_ES\" \/>\n<meta property=\"og:type\" content=\"article\" \/>\n<meta property=\"og:title\" content=\"Pix4DMatic Professor Educational - Perpetual License -\" \/>\n<meta property=\"og:description\" content=\"Pix4Dmatic is the leading photogrammetry software for professional drone-based mapping. The software helps surveyors with mapping, companies with digitization and 3-D modeling or engineers with the collection and evaluation of thermal data with high-precision data supported by GNSS.\" \/>\n<meta property=\"og:url\" content=\"https:\/\/www.ghostysky.com\/es\/producto-2\/pix4dmatic-professor-educational-perpetual-license\/\" \/>\n<meta property=\"og:site_name\" content=\"Ghostysky\" \/>\n<meta property=\"article:publisher\" content=\"https:\/\/www.facebook.com\/people\/Ghostysky\/100057676170234\/\" \/>\n<meta property=\"article:modified_time\" content=\"2026-01-24T09:51:03+00:00\" \/>\n<meta property=\"og:image\" content=\"https:\/\/www.ghostysky.com\/wp-content\/uploads\/2021\/06\/LOGO_Pix4Dmatic_name_RGB_Vertical.png\" \/>\n\t<meta property=\"og:image:width\" content=\"800\" \/>\n\t<meta property=\"og:image:height\" content=\"600\" \/>\n\t<meta property=\"og:image:type\" content=\"image\/png\" \/>\n<meta name=\"twitter:card\" content=\"summary_large_image\" \/>\n<meta name=\"twitter:site\" content=\"@Gh0stysky\" \/>\n<meta name=\"twitter:label1\" content=\"Tiempo de lectura\" \/>\n\t<meta name=\"twitter:data1\" content=\"2 minutos\" \/>\n<script type=\"application\/ld+json\" class=\"yoast-schema-graph\">{\"@context\":\"https:\/\/schema.org\",\"@graph\":[{\"@type\":\"WebPage\",\"@id\":\"https:\/\/www.ghostysky.com\/product\/pix4dmatic-professor-educational-perpetual-license\/\",\"url\":\"https:\/\/www.ghostysky.com\/product\/pix4dmatic-professor-educational-perpetual-license\/\",\"name\":\"Pix4DMatic Professor Educational - Perpetual License -\",\"isPartOf\":{\"@id\":\"https:\/\/www.ghostysky.com\/#website\"},\"primaryImageOfPage\":{\"@id\":\"https:\/\/www.ghostysky.com\/product\/pix4dmatic-professor-educational-perpetual-license\/#primaryimage\"},\"image\":{\"@id\":\"https:\/\/www.ghostysky.com\/product\/pix4dmatic-professor-educational-perpetual-license\/#primaryimage\"},\"thumbnailUrl\":\"https:\/\/www.ghostysky.com\/wp-content\/uploads\/2021\/06\/LOGO_Pix4Dmatic_name_RGB_Vertical.png\",\"datePublished\":\"2024-05-22T08:02:54+00:00\",\"dateModified\":\"2026-01-24T09:51:03+00:00\",\"description\":\"Pix4Dmatic is the leading photogrammetry software for professional drone-based mapping. The software helps surveyors with mapping, companies with digitization and 3-D modeling or engineers with the collection and evaluation of thermal data with high-precision data supported by GNSS.\",\"breadcrumb\":{\"@id\":\"https:\/\/www.ghostysky.com\/product\/pix4dmatic-professor-educational-perpetual-license\/#breadcrumb\"},\"inLanguage\":\"es\",\"potentialAction\":[{\"@type\":\"ReadAction\",\"target\":[\"https:\/\/www.ghostysky.com\/product\/pix4dmatic-professor-educational-perpetual-license\/\"]}]},{\"@type\":\"ImageObject\",\"inLanguage\":\"es\",\"@id\":\"https:\/\/www.ghostysky.com\/product\/pix4dmatic-professor-educational-perpetual-license\/#primaryimage\",\"url\":\"https:\/\/www.ghostysky.com\/wp-content\/uploads\/2021\/06\/LOGO_Pix4Dmatic_name_RGB_Vertical.png\",\"contentUrl\":\"https:\/\/www.ghostysky.com\/wp-content\/uploads\/2021\/06\/LOGO_Pix4Dmatic_name_RGB_Vertical.png\",\"width\":800,\"height\":600},{\"@type\":\"BreadcrumbList\",\"@id\":\"https:\/\/www.ghostysky.com\/product\/pix4dmatic-professor-educational-perpetual-license\/#breadcrumb\",\"itemListElement\":[{\"@type\":\"ListItem\",\"position\":1,\"name\":\"Home\",\"item\":\"https:\/\/www.ghostysky.com\/\"},{\"@type\":\"ListItem\",\"position\":2,\"name\":\"Shop\",\"item\":\"https:\/\/www.ghostysky.com\/shop\/\"},{\"@type\":\"ListItem\",\"position\":3,\"name\":\"Pix4DMatic Professor Educational &#8211; Perpetual License\"}]},{\"@type\":\"WebSite\",\"@id\":\"https:\/\/www.ghostysky.com\/#website\",\"url\":\"https:\/\/www.ghostysky.com\/\",\"name\":\"Ghostysky\",\"description\":\"Delivering professional drones and services\",\"publisher\":{\"@id\":\"https:\/\/www.ghostysky.com\/#organization\"},\"potentialAction\":[{\"@type\":\"SearchAction\",\"target\":{\"@type\":\"EntryPoint\",\"urlTemplate\":\"https:\/\/www.ghostysky.com\/?s={search_term_string}\"},\"query-input\":{\"@type\":\"PropertyValueSpecification\",\"valueRequired\":true,\"valueName\":\"search_term_string\"}}],\"inLanguage\":\"es\"},{\"@type\":\"Organization\",\"@id\":\"https:\/\/www.ghostysky.com\/#organization\",\"name\":\"Ghostysky\",\"url\":\"https:\/\/www.ghostysky.com\/\",\"logo\":{\"@type\":\"ImageObject\",\"inLanguage\":\"es\",\"@id\":\"https:\/\/www.ghostysky.com\/#\/schema\/logo\/image\/\",\"url\":\"https:\/\/www.ghostysky.com\/wp-content\/uploads\/2020\/06\/cropped-ghostyskylogo_text_white2.png\",\"contentUrl\":\"https:\/\/www.ghostysky.com\/wp-content\/uploads\/2020\/06\/cropped-ghostyskylogo_text_white2.png\",\"width\":169,\"height\":56,\"caption\":\"Ghostysky\"},\"image\":{\"@id\":\"https:\/\/www.ghostysky.com\/#\/schema\/logo\/image\/\"},\"sameAs\":[\"https:\/\/www.facebook.com\/people\/Ghostysky\/100057676170234\/\",\"https:\/\/x.com\/Gh0stysky\",\"https:\/\/www.linkedin.com\/company\/34739653\",\"https:\/\/www.instagram.com\/gh0stysky\"]}]}<\/script>\n<!-- \/ Yoast SEO plugin. -->","yoast_head_json":{"title":"Pix4DMatic Profesor Educativo - Licencia Perpetua -","description":"Pix4Dmatic es el software de fotogrametr\u00eda l\u00edder para mapeo profesional basado en drones. El software ayuda a los top\u00f3grafos con la cartograf\u00eda, a las empresas con la digitalizaci\u00f3n y el modelado 3D o a los ingenieros con la recopilaci\u00f3n y evaluaci\u00f3n de datos t\u00e9rmicos con datos de alta precisi\u00f3n respaldados por GNSS.","robots":{"index":"index","follow":"follow","max-snippet":"max-snippet:-1","max-image-preview":"max-image-preview:large","max-video-preview":"max-video-preview:-1"},"canonical":"https:\/\/www.ghostysky.com\/es\/producto-2\/pix4dmatic-professor-educational-perpetual-license\/","og_locale":"es_ES","og_type":"article","og_title":"Pix4DMatic Professor Educational - Perpetual License -","og_description":"Pix4Dmatic is the leading photogrammetry software for professional drone-based mapping. The software helps surveyors with mapping, companies with digitization and 3-D modeling or engineers with the collection and evaluation of thermal data with high-precision data supported by GNSS.","og_url":"https:\/\/www.ghostysky.com\/es\/producto-2\/pix4dmatic-professor-educational-perpetual-license\/","og_site_name":"Ghostysky","article_publisher":"https:\/\/www.facebook.com\/people\/Ghostysky\/100057676170234\/","article_modified_time":"2026-01-24T09:51:03+00:00","og_image":[{"width":800,"height":600,"url":"https:\/\/www.ghostysky.com\/wp-content\/uploads\/2021\/06\/LOGO_Pix4Dmatic_name_RGB_Vertical.png","type":"image\/png"}],"twitter_card":"summary_large_image","twitter_site":"@Gh0stysky","twitter_misc":{"Tiempo de lectura":"2 minutos"},"schema":{"@context":"https:\/\/schema.org","@graph":[{"@type":"WebPage","@id":"https:\/\/www.ghostysky.com\/product\/pix4dmatic-professor-educational-perpetual-license\/","url":"https:\/\/www.ghostysky.com\/product\/pix4dmatic-professor-educational-perpetual-license\/","name":"Pix4DMatic Profesor Educativo - Licencia Perpetua -","isPartOf":{"@id":"https:\/\/www.ghostysky.com\/#website"},"primaryImageOfPage":{"@id":"https:\/\/www.ghostysky.com\/product\/pix4dmatic-professor-educational-perpetual-license\/#primaryimage"},"image":{"@id":"https:\/\/www.ghostysky.com\/product\/pix4dmatic-professor-educational-perpetual-license\/#primaryimage"},"thumbnailUrl":"https:\/\/www.ghostysky.com\/wp-content\/uploads\/2021\/06\/LOGO_Pix4Dmatic_name_RGB_Vertical.png","datePublished":"2024-05-22T08:02:54+00:00","dateModified":"2026-01-24T09:51:03+00:00","description":"Pix4Dmatic es el software de fotogrametr\u00eda l\u00edder para mapeo profesional basado en drones. El software ayuda a los top\u00f3grafos con la cartograf\u00eda, a las empresas con la digitalizaci\u00f3n y el modelado 3D o a los ingenieros con la recopilaci\u00f3n y evaluaci\u00f3n de datos t\u00e9rmicos con datos de alta precisi\u00f3n respaldados por GNSS.","breadcrumb":{"@id":"https:\/\/www.ghostysky.com\/product\/pix4dmatic-professor-educational-perpetual-license\/#breadcrumb"},"inLanguage":"es","potentialAction":[{"@type":"ReadAction","target":["https:\/\/www.ghostysky.com\/product\/pix4dmatic-professor-educational-perpetual-license\/"]}]},{"@type":"ImageObject","inLanguage":"es","@id":"https:\/\/www.ghostysky.com\/product\/pix4dmatic-professor-educational-perpetual-license\/#primaryimage","url":"https:\/\/www.ghostysky.com\/wp-content\/uploads\/2021\/06\/LOGO_Pix4Dmatic_name_RGB_Vertical.png","contentUrl":"https:\/\/www.ghostysky.com\/wp-content\/uploads\/2021\/06\/LOGO_Pix4Dmatic_name_RGB_Vertical.png","width":800,"height":600},{"@type":"BreadcrumbList","@id":"https:\/\/www.ghostysky.com\/product\/pix4dmatic-professor-educational-perpetual-license\/#breadcrumb","itemListElement":[{"@type":"ListItem","position":1,"name":"Home","item":"https:\/\/www.ghostysky.com\/"},{"@type":"ListItem","position":2,"name":"Shop","item":"https:\/\/www.ghostysky.com\/shop\/"},{"@type":"ListItem","position":3,"name":"Pix4DMatic Professor Educational &#8211; Perpetual License"}]},{"@type":"WebSite","@id":"https:\/\/www.ghostysky.com\/#website","url":"https:\/\/www.ghostysky.com\/","name":"Ghostysky","description":"Entrega de drones y servicios profesionales","publisher":{"@id":"https:\/\/www.ghostysky.com\/#organization"},"potentialAction":[{"@type":"SearchAction","target":{"@type":"EntryPoint","urlTemplate":"https:\/\/www.ghostysky.com\/?s={search_term_string}"},"query-input":{"@type":"PropertyValueSpecification","valueRequired":true,"valueName":"search_term_string"}}],"inLanguage":"es"},{"@type":"Organization","@id":"https:\/\/www.ghostysky.com\/#organization","name":"Ghostysky","url":"https:\/\/www.ghostysky.com\/","logo":{"@type":"ImageObject","inLanguage":"es","@id":"https:\/\/www.ghostysky.com\/#\/schema\/logo\/image\/","url":"https:\/\/www.ghostysky.com\/wp-content\/uploads\/2020\/06\/cropped-ghostyskylogo_text_white2.png","contentUrl":"https:\/\/www.ghostysky.com\/wp-content\/uploads\/2020\/06\/cropped-ghostyskylogo_text_white2.png","width":169,"height":56,"caption":"Ghostysky"},"image":{"@id":"https:\/\/www.ghostysky.com\/#\/schema\/logo\/image\/"},"sameAs":["https:\/\/www.facebook.com\/people\/Ghostysky\/100057676170234\/","https:\/\/x.com\/Gh0stysky","https:\/\/www.linkedin.com\/company\/34739653","https:\/\/www.instagram.com\/gh0stysky"]}]}},"_links":{"self":[{"href":"https:\/\/www.ghostysky.com\/es\/wp-json\/wp\/v2\/product\/18984","targetHints":{"allow":["GET"]}}],"collection":[{"href":"https:\/\/www.ghostysky.com\/es\/wp-json\/wp\/v2\/product"}],"about":[{"href":"https:\/\/www.ghostysky.com\/es\/wp-json\/wp\/v2\/types\/product"}],"replies":[{"embeddable":true,"href":"https:\/\/www.ghostysky.com\/es\/wp-json\/wp\/v2\/comments?post=18984"}],"wp:featuredmedia":[{"embeddable":true,"href":"https:\/\/www.ghostysky.com\/es\/wp-json\/wp\/v2\/media\/2327"}],"wp:attachment":[{"href":"https:\/\/www.ghostysky.com\/es\/wp-json\/wp\/v2\/media?parent=18984"}],"wp:term":[{"taxonomy":"product_brand","embeddable":true,"href":"https:\/\/www.ghostysky.com\/es\/wp-json\/wp\/v2\/product_brand?post=18984"},{"taxonomy":"product_cat","embeddable":true,"href":"https:\/\/www.ghostysky.com\/es\/wp-json\/wp\/v2\/product_cat?post=18984"},{"taxonomy":"product_tag","embeddable":true,"href":"https:\/\/www.ghostysky.com\/es\/wp-json\/wp\/v2\/product_tag?post=18984"}],"curies":[{"name":"wp","href":"https:\/\/api.w.org\/{rel}","templated":true}]}}