{"id":19010,"date":"2024-05-22T08:26:29","date_gmt":"2024-05-22T08:26:29","guid":{"rendered":"https:\/\/www.ghostysky.com\/?post_type=product&#038;p=19010"},"modified":"2026-01-24T09:57:03","modified_gmt":"2026-01-24T09:57:03","slug":"pix4dsurvey-student-educational-monthly-license","status":"publish","type":"product","link":"https:\/\/www.ghostysky.com\/es\/product\/pix4dsurvey-student-educational-monthly-license\/","title":{"rendered":"Pix4DSurvey Student Educational \u2013 Licencia mensual"},"content":{"rendered":"<p><strong>CAPTURA<\/strong><\/p>\n<p>Captura im\u00e1genes o nubes de puntos con un dron o cualquier esc\u00e1ner l\u00e1ser.<\/p>\n<p>Cuando utilice un dron, automatice y optimice sus vuelos con la aplicaci\u00f3n m\u00f3vil gratuita Pix4Dcapture.<\/p>\n<p><strong>MODELO<\/strong><\/p>\n<p>Transforme sus im\u00e1genes en nubes de puntos digitales e imp\u00f3rtelas a Pix4Dsurvey.<\/p>\n<p>Trabaje directamente con archivos Pix4Dmapper o Pix4Dmatic, as\u00ed como con cualquier archivo .las o .laz.<\/p>\n<p><strong>VECTORIZAR<\/strong><\/p>\n<p>Genere un TIN para modelar el terreno y cree archivos vectoriales CAD listos para ingenier\u00eda a partir de datos de nubes de puntos extrayendo elementos clave de su proyecto con Pix4Dsurvey.<\/p>\n<p><strong>INTEGRAR<\/strong><\/p>\n<p>Abra sus datos simplificados y precisos en cualquier software CAD o GIS con capas y propiedades personalizadas que se ajusten a su flujo de trabajo existente.<\/p>","protected":false},"excerpt":{"rendered":"<p><span style=\"text-decoration: underline;\">Pix4DSurvey Student Educational \u2013 Licencia mensual<\/span><\/p>\n<p>Pix4Dsurvey es un programa de software dise\u00f1ado para trabajar con datos capturados por drones y esc\u00e1neres l\u00e1ser. Se centra espec\u00edficamente en la etapa de posprocesamiento, una vez capturadas las im\u00e1genes o nubes de puntos.<\/p>\n<hr \/>","protected":false},"featured_media":1969,"comment_status":"open","ping_status":"closed","template":"","meta":[],"product_brand":[],"product_cat":[100,112,31],"product_tag":[104,898,106,105,102,113,903,71],"class_list":{"0":"post-19010","1":"product","2":"type-product","3":"status-publish","4":"has-post-thumbnail","6":"product_cat-pix4d","7":"product_cat-pix4dsurvey","8":"product_cat-software","9":"product_tag-dsm","10":"product_tag-monthly-license","11":"product_tag-nuvem-de-pontos","12":"product_tag-ortomosaicos","13":"product_tag-pix4d","14":"product_tag-pix4dsurvey","15":"product_tag-pix4dsurvey-educational","16":"product_tag-software","18":"first","19":"onbackorder","20":"taxable","21":"shipping-taxable","22":"product-type-simple"},"yoast_head":"<!-- This site is optimized with the Yoast SEO plugin v27.4 - https:\/\/yoast.com\/product\/yoast-seo-wordpress\/ -->\n<title>Pix4DSurvey Student Educational - Monthly License -<\/title>\n<meta name=\"description\" content=\"Pix4Dsurvey is a software program designed to work with data captured from drones and laser scanners. It specifically focuses on the post-processing stage, after the images or point clouds have been captured.\" \/>\n<meta name=\"robots\" content=\"index, follow, max-snippet:-1, max-image-preview:large, max-video-preview:-1\" \/>\n<link rel=\"canonical\" href=\"https:\/\/www.ghostysky.com\/es\/producto-2\/pix4dsurvey-student-educational-monthly-license\/\" \/>\n<meta property=\"og:locale\" content=\"es_ES\" \/>\n<meta property=\"og:type\" content=\"article\" \/>\n<meta property=\"og:title\" content=\"Pix4DSurvey Student Educational - Monthly License -\" \/>\n<meta property=\"og:description\" content=\"Pix4Dsurvey is a software program designed to work with data captured from drones and laser scanners. It specifically focuses on the post-processing stage, after the images or point clouds have been captured.\" \/>\n<meta property=\"og:url\" content=\"https:\/\/www.ghostysky.com\/es\/producto-2\/pix4dsurvey-student-educational-monthly-license\/\" \/>\n<meta property=\"og:site_name\" content=\"Ghostysky\" \/>\n<meta property=\"article:publisher\" content=\"https:\/\/www.facebook.com\/people\/Ghostysky\/100057676170234\/\" \/>\n<meta property=\"article:modified_time\" content=\"2026-01-24T09:57:03+00:00\" \/>\n<meta property=\"og:image\" content=\"https:\/\/www.ghostysky.com\/wp-content\/uploads\/2021\/02\/download.jpeg\" \/>\n\t<meta property=\"og:image:width\" content=\"225\" \/>\n\t<meta property=\"og:image:height\" content=\"225\" \/>\n\t<meta property=\"og:image:type\" content=\"image\/jpeg\" \/>\n<meta name=\"twitter:card\" content=\"summary_large_image\" \/>\n<meta name=\"twitter:site\" content=\"@Gh0stysky\" \/>\n<meta name=\"twitter:label1\" content=\"Tiempo de lectura\" \/>\n\t<meta name=\"twitter:data1\" content=\"1 minuto\" \/>\n<script type=\"application\/ld+json\" class=\"yoast-schema-graph\">{\"@context\":\"https:\\\/\\\/schema.org\",\"@graph\":[{\"@type\":\"WebPage\",\"@id\":\"https:\\\/\\\/www.ghostysky.com\\\/product\\\/pix4dsurvey-student-educational-monthly-license\\\/\",\"url\":\"https:\\\/\\\/www.ghostysky.com\\\/product\\\/pix4dsurvey-student-educational-monthly-license\\\/\",\"name\":\"Pix4DSurvey Student Educational - Monthly License -\",\"isPartOf\":{\"@id\":\"https:\\\/\\\/www.ghostysky.com\\\/#website\"},\"primaryImageOfPage\":{\"@id\":\"https:\\\/\\\/www.ghostysky.com\\\/product\\\/pix4dsurvey-student-educational-monthly-license\\\/#primaryimage\"},\"image\":{\"@id\":\"https:\\\/\\\/www.ghostysky.com\\\/product\\\/pix4dsurvey-student-educational-monthly-license\\\/#primaryimage\"},\"thumbnailUrl\":\"https:\\\/\\\/www.ghostysky.com\\\/wp-content\\\/uploads\\\/2021\\\/02\\\/download.jpeg\",\"datePublished\":\"2024-05-22T08:26:29+00:00\",\"dateModified\":\"2026-01-24T09:57:03+00:00\",\"description\":\"Pix4Dsurvey is a software program designed to work with data captured from drones and laser scanners. It specifically focuses on the post-processing stage, after the images or point clouds have been captured.\",\"breadcrumb\":{\"@id\":\"https:\\\/\\\/www.ghostysky.com\\\/product\\\/pix4dsurvey-student-educational-monthly-license\\\/#breadcrumb\"},\"inLanguage\":\"es\",\"potentialAction\":[{\"@type\":\"ReadAction\",\"target\":[\"https:\\\/\\\/www.ghostysky.com\\\/product\\\/pix4dsurvey-student-educational-monthly-license\\\/\"]}]},{\"@type\":\"ImageObject\",\"inLanguage\":\"es\",\"@id\":\"https:\\\/\\\/www.ghostysky.com\\\/product\\\/pix4dsurvey-student-educational-monthly-license\\\/#primaryimage\",\"url\":\"https:\\\/\\\/www.ghostysky.com\\\/wp-content\\\/uploads\\\/2021\\\/02\\\/download.jpeg\",\"contentUrl\":\"https:\\\/\\\/www.ghostysky.com\\\/wp-content\\\/uploads\\\/2021\\\/02\\\/download.jpeg\",\"width\":225,\"height\":225},{\"@type\":\"BreadcrumbList\",\"@id\":\"https:\\\/\\\/www.ghostysky.com\\\/product\\\/pix4dsurvey-student-educational-monthly-license\\\/#breadcrumb\",\"itemListElement\":[{\"@type\":\"ListItem\",\"position\":1,\"name\":\"Home\",\"item\":\"https:\\\/\\\/www.ghostysky.com\\\/\"},{\"@type\":\"ListItem\",\"position\":2,\"name\":\"Shop\",\"item\":\"https:\\\/\\\/www.ghostysky.com\\\/shop\\\/\"},{\"@type\":\"ListItem\",\"position\":3,\"name\":\"Pix4DSurvey Student Educational &#8211; Monthly License\"}]},{\"@type\":\"WebSite\",\"@id\":\"https:\\\/\\\/www.ghostysky.com\\\/#website\",\"url\":\"https:\\\/\\\/www.ghostysky.com\\\/\",\"name\":\"Ghostysky\",\"description\":\"Delivering professional drones and services\",\"publisher\":{\"@id\":\"https:\\\/\\\/www.ghostysky.com\\\/#organization\"},\"potentialAction\":[{\"@type\":\"SearchAction\",\"target\":{\"@type\":\"EntryPoint\",\"urlTemplate\":\"https:\\\/\\\/www.ghostysky.com\\\/?s={search_term_string}\"},\"query-input\":{\"@type\":\"PropertyValueSpecification\",\"valueRequired\":true,\"valueName\":\"search_term_string\"}}],\"inLanguage\":\"es\"},{\"@type\":\"Organization\",\"@id\":\"https:\\\/\\\/www.ghostysky.com\\\/#organization\",\"name\":\"Ghostysky\",\"url\":\"https:\\\/\\\/www.ghostysky.com\\\/\",\"logo\":{\"@type\":\"ImageObject\",\"inLanguage\":\"es\",\"@id\":\"https:\\\/\\\/www.ghostysky.com\\\/#\\\/schema\\\/logo\\\/image\\\/\",\"url\":\"https:\\\/\\\/www.ghostysky.com\\\/wp-content\\\/uploads\\\/2020\\\/06\\\/cropped-ghostyskylogo_text_white2.png\",\"contentUrl\":\"https:\\\/\\\/www.ghostysky.com\\\/wp-content\\\/uploads\\\/2020\\\/06\\\/cropped-ghostyskylogo_text_white2.png\",\"width\":169,\"height\":56,\"caption\":\"Ghostysky\"},\"image\":{\"@id\":\"https:\\\/\\\/www.ghostysky.com\\\/#\\\/schema\\\/logo\\\/image\\\/\"},\"sameAs\":[\"https:\\\/\\\/www.facebook.com\\\/people\\\/Ghostysky\\\/100057676170234\\\/\",\"https:\\\/\\\/x.com\\\/Gh0stysky\",\"https:\\\/\\\/www.linkedin.com\\\/company\\\/34739653\",\"https:\\\/\\\/www.instagram.com\\\/gh0stysky\"]}]}<\/script>\n<!-- \/ Yoast SEO plugin. -->","yoast_head_json":{"title":"Pix4DSurvey Student Educational - Licencia mensual -","description":"Pix4Dsurvey es un programa de software dise\u00f1ado para trabajar con datos capturados por drones y esc\u00e1neres l\u00e1ser. Se centra espec\u00edficamente en la etapa de posprocesamiento, una vez capturadas las im\u00e1genes o nubes de puntos.","robots":{"index":"index","follow":"follow","max-snippet":"max-snippet:-1","max-image-preview":"max-image-preview:large","max-video-preview":"max-video-preview:-1"},"canonical":"https:\/\/www.ghostysky.com\/es\/producto-2\/pix4dsurvey-student-educational-monthly-license\/","og_locale":"es_ES","og_type":"article","og_title":"Pix4DSurvey Student Educational - Monthly License -","og_description":"Pix4Dsurvey is a software program designed to work with data captured from drones and laser scanners. It specifically focuses on the post-processing stage, after the images or point clouds have been captured.","og_url":"https:\/\/www.ghostysky.com\/es\/producto-2\/pix4dsurvey-student-educational-monthly-license\/","og_site_name":"Ghostysky","article_publisher":"https:\/\/www.facebook.com\/people\/Ghostysky\/100057676170234\/","article_modified_time":"2026-01-24T09:57:03+00:00","og_image":[{"width":225,"height":225,"url":"https:\/\/www.ghostysky.com\/wp-content\/uploads\/2021\/02\/download.jpeg","type":"image\/jpeg"}],"twitter_card":"summary_large_image","twitter_site":"@Gh0stysky","twitter_misc":{"Tiempo de lectura":"1 minuto"},"schema":{"@context":"https:\/\/schema.org","@graph":[{"@type":"WebPage","@id":"https:\/\/www.ghostysky.com\/product\/pix4dsurvey-student-educational-monthly-license\/","url":"https:\/\/www.ghostysky.com\/product\/pix4dsurvey-student-educational-monthly-license\/","name":"Pix4DSurvey Student Educational - Licencia mensual -","isPartOf":{"@id":"https:\/\/www.ghostysky.com\/#website"},"primaryImageOfPage":{"@id":"https:\/\/www.ghostysky.com\/product\/pix4dsurvey-student-educational-monthly-license\/#primaryimage"},"image":{"@id":"https:\/\/www.ghostysky.com\/product\/pix4dsurvey-student-educational-monthly-license\/#primaryimage"},"thumbnailUrl":"https:\/\/www.ghostysky.com\/wp-content\/uploads\/2021\/02\/download.jpeg","datePublished":"2024-05-22T08:26:29+00:00","dateModified":"2026-01-24T09:57:03+00:00","description":"Pix4Dsurvey es un programa de software dise\u00f1ado para trabajar con datos capturados por drones y esc\u00e1neres l\u00e1ser. Se centra espec\u00edficamente en la etapa de posprocesamiento, una vez capturadas las im\u00e1genes o nubes de puntos.","breadcrumb":{"@id":"https:\/\/www.ghostysky.com\/product\/pix4dsurvey-student-educational-monthly-license\/#breadcrumb"},"inLanguage":"es","potentialAction":[{"@type":"ReadAction","target":["https:\/\/www.ghostysky.com\/product\/pix4dsurvey-student-educational-monthly-license\/"]}]},{"@type":"ImageObject","inLanguage":"es","@id":"https:\/\/www.ghostysky.com\/product\/pix4dsurvey-student-educational-monthly-license\/#primaryimage","url":"https:\/\/www.ghostysky.com\/wp-content\/uploads\/2021\/02\/download.jpeg","contentUrl":"https:\/\/www.ghostysky.com\/wp-content\/uploads\/2021\/02\/download.jpeg","width":225,"height":225},{"@type":"BreadcrumbList","@id":"https:\/\/www.ghostysky.com\/product\/pix4dsurvey-student-educational-monthly-license\/#breadcrumb","itemListElement":[{"@type":"ListItem","position":1,"name":"Home","item":"https:\/\/www.ghostysky.com\/"},{"@type":"ListItem","position":2,"name":"Shop","item":"https:\/\/www.ghostysky.com\/shop\/"},{"@type":"ListItem","position":3,"name":"Pix4DSurvey Student Educational &#8211; Monthly License"}]},{"@type":"WebSite","@id":"https:\/\/www.ghostysky.com\/#website","url":"https:\/\/www.ghostysky.com\/","name":"Ghostysky","description":"Entrega de drones y servicios profesionales","publisher":{"@id":"https:\/\/www.ghostysky.com\/#organization"},"potentialAction":[{"@type":"SearchAction","target":{"@type":"EntryPoint","urlTemplate":"https:\/\/www.ghostysky.com\/?s={search_term_string}"},"query-input":{"@type":"PropertyValueSpecification","valueRequired":true,"valueName":"search_term_string"}}],"inLanguage":"es"},{"@type":"Organization","@id":"https:\/\/www.ghostysky.com\/#organization","name":"Ghostysky","url":"https:\/\/www.ghostysky.com\/","logo":{"@type":"ImageObject","inLanguage":"es","@id":"https:\/\/www.ghostysky.com\/#\/schema\/logo\/image\/","url":"https:\/\/www.ghostysky.com\/wp-content\/uploads\/2020\/06\/cropped-ghostyskylogo_text_white2.png","contentUrl":"https:\/\/www.ghostysky.com\/wp-content\/uploads\/2020\/06\/cropped-ghostyskylogo_text_white2.png","width":169,"height":56,"caption":"Ghostysky"},"image":{"@id":"https:\/\/www.ghostysky.com\/#\/schema\/logo\/image\/"},"sameAs":["https:\/\/www.facebook.com\/people\/Ghostysky\/100057676170234\/","https:\/\/x.com\/Gh0stysky","https:\/\/www.linkedin.com\/company\/34739653","https:\/\/www.instagram.com\/gh0stysky"]}]}},"_links":{"self":[{"href":"https:\/\/www.ghostysky.com\/es\/wp-json\/wp\/v2\/product\/19010","targetHints":{"allow":["GET"]}}],"collection":[{"href":"https:\/\/www.ghostysky.com\/es\/wp-json\/wp\/v2\/product"}],"about":[{"href":"https:\/\/www.ghostysky.com\/es\/wp-json\/wp\/v2\/types\/product"}],"replies":[{"embeddable":true,"href":"https:\/\/www.ghostysky.com\/es\/wp-json\/wp\/v2\/comments?post=19010"}],"version-history":[{"count":0,"href":"https:\/\/www.ghostysky.com\/es\/wp-json\/wp\/v2\/product\/19010\/revisions"}],"wp:featuredmedia":[{"embeddable":true,"href":"https:\/\/www.ghostysky.com\/es\/wp-json\/wp\/v2\/media\/1969"}],"wp:attachment":[{"href":"https:\/\/www.ghostysky.com\/es\/wp-json\/wp\/v2\/media?parent=19010"}],"wp:term":[{"taxonomy":"product_brand","embeddable":true,"href":"https:\/\/www.ghostysky.com\/es\/wp-json\/wp\/v2\/product_brand?post=19010"},{"taxonomy":"product_cat","embeddable":true,"href":"https:\/\/www.ghostysky.com\/es\/wp-json\/wp\/v2\/product_cat?post=19010"},{"taxonomy":"product_tag","embeddable":true,"href":"https:\/\/www.ghostysky.com\/es\/wp-json\/wp\/v2\/product_tag?post=19010"}],"curies":[{"name":"wp","href":"https:\/\/api.w.org\/{rel}","templated":true}]}}