{"id":19036,"date":"2024-05-22T08:53:58","date_gmt":"2024-05-22T08:53:58","guid":{"rendered":"https:\/\/www.ghostysky.com\/?post_type=product&#038;p=19036"},"modified":"2026-01-24T09:58:50","modified_gmt":"2026-01-24T09:58:50","slug":"pix4dreact-professor-educational-yearly-license","status":"publish","type":"product","link":"https:\/\/www.ghostysky.com\/es\/product\/pix4dreact-professor-educational-yearly-license\/","title":{"rendered":"Pix4DReact Professor Educativo \u2013 Licencia anual"},"content":{"rendered":"<p><strong>CAPTURA<\/strong><\/p>\n<p>Vuela tu dron para capturar las im\u00e1genes que necesitas. Planifique un vuelo optimizado y automatizado con una aplicaci\u00f3n como Pix4Dcapture para drones Parrot y DJI.<\/p>\n<p><strong>PROCESO<\/strong><\/p>\n<p>Combine una gran cantidad de im\u00e1genes en minutos con Pix4Dreact. Cree mapas 2D medibles en el campo o en la base.<\/p>\n<p>*<em>Los resultados y la velocidad variar\u00e1n seg\u00fan el tama\u00f1o y el n\u00famero de im\u00e1genes.<\/em><\/p>\n<p><strong>EXAMINAR<\/strong><\/p>\n<p>Con las sencillas herramientas de Pix4Dreact, identifique y mida puntos de inter\u00e9s, marque y eval\u00fae sus mapas sobre el terreno para proporcionar datos potentes necesarios para tomar medidas.<\/p>\n<p><strong>COMPARTIR<\/strong><\/p>\n<p>Exporte sus mapas para garantizar que los equipos y los responsables de la toma de decisiones reciban informaci\u00f3n eficaz cuando m\u00e1s se necesita.<\/p>\n<p><strong>RESPONDER<\/strong><\/p>\n<p>Con mapas actualizados, gane un tiempo valioso, mejore la seguridad y reduzca costos al responder a una situaci\u00f3n cambiante.<\/p>","protected":false},"excerpt":{"rendered":"<div class=\"workflow-content-title\">\n<p><span style=\"text-decoration: underline;\">Pix4DReact Professor Educativo \u2013 Licencia anual<\/span><\/p>\n<p>Mapeo r\u00e1pido 2D para respuesta a emergencias y seguridad p\u00fablica<\/p>\n<p><strong>El software de mapeo para respuesta a emergencias<\/strong><br \/>\nObtenga un conocimiento de la situaci\u00f3n r\u00e1pido y confiable para decisiones r\u00e1pidas y colaboraci\u00f3n en el campo.<\/p>\n<\/div>\n<hr \/>","protected":false},"featured_media":1977,"comment_status":"open","ping_status":"closed","template":"","meta":[],"product_brand":[],"product_cat":[100,114,31],"product_tag":[115,117,102,116,904,896],"class_list":{"0":"post-19036","1":"product","2":"type-product","3":"status-publish","4":"has-post-thumbnail","6":"product_cat-pix4d","7":"product_cat-pix4dreact","8":"product_cat-software","9":"product_tag-2d-maps","10":"product_tag-images","11":"product_tag-pix4d","12":"product_tag-pix4dreact","13":"product_tag-pix4dreact-educational","14":"product_tag-yearly-license","16":"first","17":"onbackorder","18":"taxable","19":"shipping-taxable","20":"product-type-simple"},"yoast_head":"<!-- This site is optimized with the Yoast SEO plugin v27.1.1 - https:\/\/yoast.com\/product\/yoast-seo-wordpress\/ -->\n<title>Pix4DReact Professor Educational - Yearly License -<\/title>\n<meta name=\"description\" content=\"2D fast-mapping for emergency response and public safety. The mapping software for emergency responseGet rapid and reliable situational awareness for quick decisions and collaboration in the field.\" \/>\n<meta name=\"robots\" content=\"index, follow, max-snippet:-1, max-image-preview:large, max-video-preview:-1\" \/>\n<link rel=\"canonical\" href=\"https:\/\/www.ghostysky.com\/es\/producto-2\/pix4dreact-professor-educational-yearly-license\/\" \/>\n<meta property=\"og:locale\" content=\"es_ES\" \/>\n<meta property=\"og:type\" content=\"article\" \/>\n<meta property=\"og:title\" content=\"Pix4DReact Professor Educational - Yearly License -\" \/>\n<meta property=\"og:description\" content=\"2D fast-mapping for emergency response and public safety. The mapping software for emergency responseGet rapid and reliable situational awareness for quick decisions and collaboration in the field.\" \/>\n<meta property=\"og:url\" content=\"https:\/\/www.ghostysky.com\/es\/producto-2\/pix4dreact-professor-educational-yearly-license\/\" \/>\n<meta property=\"og:site_name\" content=\"Ghostysky\" \/>\n<meta property=\"article:publisher\" content=\"https:\/\/www.facebook.com\/people\/Ghostysky\/100057676170234\/\" \/>\n<meta property=\"article:modified_time\" content=\"2026-01-24T09:58:50+00:00\" \/>\n<meta property=\"og:image\" content=\"https:\/\/www.ghostysky.com\/wp-content\/uploads\/2021\/02\/logo_pix4dreact_name_rgb_vertical.jpg\" \/>\n\t<meta property=\"og:image:width\" content=\"800\" \/>\n\t<meta property=\"og:image:height\" content=\"800\" \/>\n\t<meta property=\"og:image:type\" content=\"image\/jpeg\" \/>\n<meta name=\"twitter:card\" content=\"summary_large_image\" \/>\n<meta name=\"twitter:site\" content=\"@Gh0stysky\" \/>\n<meta name=\"twitter:label1\" content=\"Tiempo de lectura\" \/>\n\t<meta name=\"twitter:data1\" content=\"1 minuto\" \/>\n<script type=\"application\/ld+json\" class=\"yoast-schema-graph\">{\"@context\":\"https:\/\/schema.org\",\"@graph\":[{\"@type\":\"WebPage\",\"@id\":\"https:\/\/www.ghostysky.com\/product\/pix4dreact-professor-educational-yearly-license\/\",\"url\":\"https:\/\/www.ghostysky.com\/product\/pix4dreact-professor-educational-yearly-license\/\",\"name\":\"Pix4DReact Professor Educational - Yearly License -\",\"isPartOf\":{\"@id\":\"https:\/\/www.ghostysky.com\/#website\"},\"primaryImageOfPage\":{\"@id\":\"https:\/\/www.ghostysky.com\/product\/pix4dreact-professor-educational-yearly-license\/#primaryimage\"},\"image\":{\"@id\":\"https:\/\/www.ghostysky.com\/product\/pix4dreact-professor-educational-yearly-license\/#primaryimage\"},\"thumbnailUrl\":\"https:\/\/www.ghostysky.com\/wp-content\/uploads\/2021\/02\/logo_pix4dreact_name_rgb_vertical.jpg\",\"datePublished\":\"2024-05-22T08:53:58+00:00\",\"dateModified\":\"2026-01-24T09:58:50+00:00\",\"description\":\"2D fast-mapping for emergency response and public safety. The mapping software for emergency responseGet rapid and reliable situational awareness for quick decisions and collaboration in the field.\",\"breadcrumb\":{\"@id\":\"https:\/\/www.ghostysky.com\/product\/pix4dreact-professor-educational-yearly-license\/#breadcrumb\"},\"inLanguage\":\"es\",\"potentialAction\":[{\"@type\":\"ReadAction\",\"target\":[\"https:\/\/www.ghostysky.com\/product\/pix4dreact-professor-educational-yearly-license\/\"]}]},{\"@type\":\"ImageObject\",\"inLanguage\":\"es\",\"@id\":\"https:\/\/www.ghostysky.com\/product\/pix4dreact-professor-educational-yearly-license\/#primaryimage\",\"url\":\"https:\/\/www.ghostysky.com\/wp-content\/uploads\/2021\/02\/logo_pix4dreact_name_rgb_vertical.jpg\",\"contentUrl\":\"https:\/\/www.ghostysky.com\/wp-content\/uploads\/2021\/02\/logo_pix4dreact_name_rgb_vertical.jpg\",\"width\":800,\"height\":800},{\"@type\":\"BreadcrumbList\",\"@id\":\"https:\/\/www.ghostysky.com\/product\/pix4dreact-professor-educational-yearly-license\/#breadcrumb\",\"itemListElement\":[{\"@type\":\"ListItem\",\"position\":1,\"name\":\"Home\",\"item\":\"https:\/\/www.ghostysky.com\/\"},{\"@type\":\"ListItem\",\"position\":2,\"name\":\"Shop\",\"item\":\"https:\/\/www.ghostysky.com\/shop\/\"},{\"@type\":\"ListItem\",\"position\":3,\"name\":\"Pix4DReact Professor Educational &#8211; Yearly License\"}]},{\"@type\":\"WebSite\",\"@id\":\"https:\/\/www.ghostysky.com\/#website\",\"url\":\"https:\/\/www.ghostysky.com\/\",\"name\":\"Ghostysky\",\"description\":\"Delivering professional drones and services\",\"publisher\":{\"@id\":\"https:\/\/www.ghostysky.com\/#organization\"},\"potentialAction\":[{\"@type\":\"SearchAction\",\"target\":{\"@type\":\"EntryPoint\",\"urlTemplate\":\"https:\/\/www.ghostysky.com\/?s={search_term_string}\"},\"query-input\":{\"@type\":\"PropertyValueSpecification\",\"valueRequired\":true,\"valueName\":\"search_term_string\"}}],\"inLanguage\":\"es\"},{\"@type\":\"Organization\",\"@id\":\"https:\/\/www.ghostysky.com\/#organization\",\"name\":\"Ghostysky\",\"url\":\"https:\/\/www.ghostysky.com\/\",\"logo\":{\"@type\":\"ImageObject\",\"inLanguage\":\"es\",\"@id\":\"https:\/\/www.ghostysky.com\/#\/schema\/logo\/image\/\",\"url\":\"https:\/\/www.ghostysky.com\/wp-content\/uploads\/2020\/06\/cropped-ghostyskylogo_text_white2.png\",\"contentUrl\":\"https:\/\/www.ghostysky.com\/wp-content\/uploads\/2020\/06\/cropped-ghostyskylogo_text_white2.png\",\"width\":169,\"height\":56,\"caption\":\"Ghostysky\"},\"image\":{\"@id\":\"https:\/\/www.ghostysky.com\/#\/schema\/logo\/image\/\"},\"sameAs\":[\"https:\/\/www.facebook.com\/people\/Ghostysky\/100057676170234\/\",\"https:\/\/x.com\/Gh0stysky\",\"https:\/\/www.linkedin.com\/company\/34739653\",\"https:\/\/www.instagram.com\/gh0stysky\"]}]}<\/script>\n<!-- \/ Yoast SEO plugin. -->","yoast_head_json":{"title":"Pix4DReact Professor Educativo - Licencia Anual -","description":"Mapeo r\u00e1pido 2D para respuesta de emergencia y seguridad p\u00fablica. El software de mapeo para respuesta a emergencias Obtenga un conocimiento situacional r\u00e1pido y confiable para tomar decisiones r\u00e1pidas y colaborar en el campo.","robots":{"index":"index","follow":"follow","max-snippet":"max-snippet:-1","max-image-preview":"max-image-preview:large","max-video-preview":"max-video-preview:-1"},"canonical":"https:\/\/www.ghostysky.com\/es\/producto-2\/pix4dreact-professor-educational-yearly-license\/","og_locale":"es_ES","og_type":"article","og_title":"Pix4DReact Professor Educational - Yearly License -","og_description":"2D fast-mapping for emergency response and public safety. The mapping software for emergency responseGet rapid and reliable situational awareness for quick decisions and collaboration in the field.","og_url":"https:\/\/www.ghostysky.com\/es\/producto-2\/pix4dreact-professor-educational-yearly-license\/","og_site_name":"Ghostysky","article_publisher":"https:\/\/www.facebook.com\/people\/Ghostysky\/100057676170234\/","article_modified_time":"2026-01-24T09:58:50+00:00","og_image":[{"width":800,"height":800,"url":"https:\/\/www.ghostysky.com\/wp-content\/uploads\/2021\/02\/logo_pix4dreact_name_rgb_vertical.jpg","type":"image\/jpeg"}],"twitter_card":"summary_large_image","twitter_site":"@Gh0stysky","twitter_misc":{"Tiempo de lectura":"1 minuto"},"schema":{"@context":"https:\/\/schema.org","@graph":[{"@type":"WebPage","@id":"https:\/\/www.ghostysky.com\/product\/pix4dreact-professor-educational-yearly-license\/","url":"https:\/\/www.ghostysky.com\/product\/pix4dreact-professor-educational-yearly-license\/","name":"Pix4DReact Professor Educativo - Licencia Anual -","isPartOf":{"@id":"https:\/\/www.ghostysky.com\/#website"},"primaryImageOfPage":{"@id":"https:\/\/www.ghostysky.com\/product\/pix4dreact-professor-educational-yearly-license\/#primaryimage"},"image":{"@id":"https:\/\/www.ghostysky.com\/product\/pix4dreact-professor-educational-yearly-license\/#primaryimage"},"thumbnailUrl":"https:\/\/www.ghostysky.com\/wp-content\/uploads\/2021\/02\/logo_pix4dreact_name_rgb_vertical.jpg","datePublished":"2024-05-22T08:53:58+00:00","dateModified":"2026-01-24T09:58:50+00:00","description":"Mapeo r\u00e1pido 2D para respuesta de emergencia y seguridad p\u00fablica. El software de mapeo para respuesta a emergencias Obtenga un conocimiento situacional r\u00e1pido y confiable para tomar decisiones r\u00e1pidas y colaborar en el campo.","breadcrumb":{"@id":"https:\/\/www.ghostysky.com\/product\/pix4dreact-professor-educational-yearly-license\/#breadcrumb"},"inLanguage":"es","potentialAction":[{"@type":"ReadAction","target":["https:\/\/www.ghostysky.com\/product\/pix4dreact-professor-educational-yearly-license\/"]}]},{"@type":"ImageObject","inLanguage":"es","@id":"https:\/\/www.ghostysky.com\/product\/pix4dreact-professor-educational-yearly-license\/#primaryimage","url":"https:\/\/www.ghostysky.com\/wp-content\/uploads\/2021\/02\/logo_pix4dreact_name_rgb_vertical.jpg","contentUrl":"https:\/\/www.ghostysky.com\/wp-content\/uploads\/2021\/02\/logo_pix4dreact_name_rgb_vertical.jpg","width":800,"height":800},{"@type":"BreadcrumbList","@id":"https:\/\/www.ghostysky.com\/product\/pix4dreact-professor-educational-yearly-license\/#breadcrumb","itemListElement":[{"@type":"ListItem","position":1,"name":"Home","item":"https:\/\/www.ghostysky.com\/"},{"@type":"ListItem","position":2,"name":"Shop","item":"https:\/\/www.ghostysky.com\/shop\/"},{"@type":"ListItem","position":3,"name":"Pix4DReact Professor Educational &#8211; Yearly License"}]},{"@type":"WebSite","@id":"https:\/\/www.ghostysky.com\/#website","url":"https:\/\/www.ghostysky.com\/","name":"Ghostysky","description":"Entrega de drones y servicios profesionales","publisher":{"@id":"https:\/\/www.ghostysky.com\/#organization"},"potentialAction":[{"@type":"SearchAction","target":{"@type":"EntryPoint","urlTemplate":"https:\/\/www.ghostysky.com\/?s={search_term_string}"},"query-input":{"@type":"PropertyValueSpecification","valueRequired":true,"valueName":"search_term_string"}}],"inLanguage":"es"},{"@type":"Organization","@id":"https:\/\/www.ghostysky.com\/#organization","name":"Ghostysky","url":"https:\/\/www.ghostysky.com\/","logo":{"@type":"ImageObject","inLanguage":"es","@id":"https:\/\/www.ghostysky.com\/#\/schema\/logo\/image\/","url":"https:\/\/www.ghostysky.com\/wp-content\/uploads\/2020\/06\/cropped-ghostyskylogo_text_white2.png","contentUrl":"https:\/\/www.ghostysky.com\/wp-content\/uploads\/2020\/06\/cropped-ghostyskylogo_text_white2.png","width":169,"height":56,"caption":"Ghostysky"},"image":{"@id":"https:\/\/www.ghostysky.com\/#\/schema\/logo\/image\/"},"sameAs":["https:\/\/www.facebook.com\/people\/Ghostysky\/100057676170234\/","https:\/\/x.com\/Gh0stysky","https:\/\/www.linkedin.com\/company\/34739653","https:\/\/www.instagram.com\/gh0stysky"]}]}},"_links":{"self":[{"href":"https:\/\/www.ghostysky.com\/es\/wp-json\/wp\/v2\/product\/19036","targetHints":{"allow":["GET"]}}],"collection":[{"href":"https:\/\/www.ghostysky.com\/es\/wp-json\/wp\/v2\/product"}],"about":[{"href":"https:\/\/www.ghostysky.com\/es\/wp-json\/wp\/v2\/types\/product"}],"replies":[{"embeddable":true,"href":"https:\/\/www.ghostysky.com\/es\/wp-json\/wp\/v2\/comments?post=19036"}],"wp:featuredmedia":[{"embeddable":true,"href":"https:\/\/www.ghostysky.com\/es\/wp-json\/wp\/v2\/media\/1977"}],"wp:attachment":[{"href":"https:\/\/www.ghostysky.com\/es\/wp-json\/wp\/v2\/media?parent=19036"}],"wp:term":[{"taxonomy":"product_brand","embeddable":true,"href":"https:\/\/www.ghostysky.com\/es\/wp-json\/wp\/v2\/product_brand?post=19036"},{"taxonomy":"product_cat","embeddable":true,"href":"https:\/\/www.ghostysky.com\/es\/wp-json\/wp\/v2\/product_cat?post=19036"},{"taxonomy":"product_tag","embeddable":true,"href":"https:\/\/www.ghostysky.com\/es\/wp-json\/wp\/v2\/product_tag?post=19036"}],"curies":[{"name":"wp","href":"https:\/\/api.w.org\/{rel}","templated":true}]}}