{"id":19070,"date":"2024-05-22T10:19:36","date_gmt":"2024-05-22T10:19:36","guid":{"rendered":"https:\/\/www.ghostysky.com\/?post_type=product&#038;p=19070"},"modified":"2026-01-24T10:03:33","modified_gmt":"2026-01-24T10:03:33","slug":"pix4dfields-professor-educational-perpetual-license","status":"publish","type":"product","link":"https:\/\/www.ghostysky.com\/es\/product\/pix4dfields-professor-educational-perpetual-license\/","title":{"rendered":"Profesor Pix4Dfields Educativo \u2013 Licencia perpetua"},"content":{"rendered":"<p><strong>CAPTURA<\/strong><br \/>\nRecopile im\u00e1genes usando un dron y cualquier RGB est\u00e1ndar o una c\u00e1mara multiespectral seleccionada como Parrot Sequoia+ y MicaSense RedEdge.<\/p>\n<p>Utilice nuestra aplicaci\u00f3n Pix4Dcapture para planificar y controlar f\u00e1cilmente el vuelo de su dron para un mapeo \u00f3ptimo.<\/p>\n<p><strong>PROCESO<\/strong><br \/>\nProcese im\u00e1genes con el motor de procesamiento instant\u00e1neo y obtenga sus mapas directamente en el campo: 6,8 GB, 2948 im\u00e1genes, 10 min (con el nuevo m\u00f3dulo de radiometr\u00eda).<\/p>\n<p><strong>EXPLORAR<\/strong><br \/>\nGenere ortomosaicos precisos, modelos digitales de superficie, mapas \u00edndice, zonas y mapas de prescripci\u00f3n precisos.<\/p>\n<p>Recorte sus campos a un l\u00edmite de campo deseado para crear resultados m\u00e1s espec\u00edficos.<\/p>\n<p><strong>ANALIZAR<\/strong><br \/>\nVisualice y comprenda las etapas de crecimiento de sus cultivos y los niveles de estr\u00e9s.<\/p>\n<p>Analice y compare diferentes capas de informaci\u00f3n para obtener una visi\u00f3n completa de su rendimiento y util\u00edcelas para aumentar la producci\u00f3n de cultivos y reducir los costos.<\/p>\n<p><strong>COMPARTIR<\/strong><br \/>\nComparta sus mapas con todas las partes interesadas del proyecto para una colaboraci\u00f3n fluida utilizando la herramienta de informes PDF de Pix4Dfields.<\/p>\n<p><strong>INTEGRAR<\/strong><br \/>\nDescargue todos los productos, resultados e informaci\u00f3n e imp\u00f3rtelos al software de gesti\u00f3n agr\u00edcola de su elecci\u00f3n en varios formatos est\u00e1ndar de la industria.<\/p>","protected":false},"excerpt":{"rendered":"<p><span style=\"text-decoration: underline;\">Profesor Pix4Dfields Educativo \u2013 Licencia perpetua<\/span><\/p>\n<p>Software de mapeo agr\u00edcola avanzado para an\u00e1lisis a\u00e9reo de cultivos y agricultura digital.<\/p>\n<p><strong>Mapeo de agricultura de precisi\u00f3n utilizando im\u00e1genes de drones y UAV<\/strong><br \/>\nEl \u00fanico software de agricultura digital que se enfoca en reducir el tiempo de procesamiento mientras incorpora los m\u00e1s altos est\u00e1ndares de precisi\u00f3n respaldados por a\u00f1os de investigaci\u00f3n cient\u00edfica.<\/p>\n<p><strong>Use Pix4Dfields para crear mapas de prescripci\u00f3n y maximizar el rendimiento de los cultivos<\/strong><br \/>\nCree mapas de campo precisos, genere conocimientos y analice datos de campo en tiempo real para aumentar la productividad de los cultivos<\/p>\n<hr \/>","protected":false},"featured_media":1964,"comment_status":"open","ping_status":"closed","template":"","meta":[],"product_brand":[],"product_cat":[100,111,31],"product_tag":[110,104,106,105,897,102,109,905,71],"class_list":{"0":"post-19070","1":"product","2":"type-product","3":"status-publish","4":"has-post-thumbnail","6":"product_cat-pix4d","7":"product_cat-pix4dfields","8":"product_cat-software","9":"product_tag-agricultura","10":"product_tag-dsm","11":"product_tag-nuvem-de-pontos","12":"product_tag-ortomosaicos","13":"product_tag-perpetual-license","14":"product_tag-pix4d","15":"product_tag-pix4dfields","16":"product_tag-pix4dfields-educational","17":"product_tag-software","19":"first","20":"onbackorder","21":"taxable","22":"shipping-taxable","23":"product-type-simple"},"yoast_head":"<!-- This site is optimized with the Yoast SEO plugin v27.1.1 - https:\/\/yoast.com\/product\/yoast-seo-wordpress\/ -->\n<title>Pix4Dfields Professor Educational - Perpetual License -<\/title>\n<meta name=\"description\" content=\"Advanced agriculture mapping software for aerial crop analysis and digital farming.Precision agriculture mapping using images from drones and UAVsThe only digital agriculture software focusing on reducing the processing time while incorporating the highest accuracy standards backed up with years of scientific research.Use Pix4Dfields to create prescription maps and maximize crop yieldsCreate accurate field maps, generate insights and analyze field data in real time to increase crop productivity\" \/>\n<meta name=\"robots\" content=\"index, follow, max-snippet:-1, max-image-preview:large, max-video-preview:-1\" \/>\n<link rel=\"canonical\" href=\"https:\/\/www.ghostysky.com\/es\/producto-2\/pix4dfields-professor-educational-perpetual-license\/\" \/>\n<meta property=\"og:locale\" content=\"es_ES\" \/>\n<meta property=\"og:type\" content=\"article\" \/>\n<meta property=\"og:title\" content=\"Pix4Dfields Professor Educational - Perpetual License -\" \/>\n<meta property=\"og:description\" content=\"Advanced agriculture mapping software for aerial crop analysis and digital farming.Precision agriculture mapping using images from drones and UAVsThe only digital agriculture software focusing on reducing the processing time while incorporating the highest accuracy standards backed up with years of scientific research.Use Pix4Dfields to create prescription maps and maximize crop yieldsCreate accurate field maps, generate insights and analyze field data in real time to increase crop productivity\" \/>\n<meta property=\"og:url\" content=\"https:\/\/www.ghostysky.com\/es\/producto-2\/pix4dfields-professor-educational-perpetual-license\/\" \/>\n<meta property=\"og:site_name\" content=\"Ghostysky\" \/>\n<meta property=\"article:publisher\" content=\"https:\/\/www.facebook.com\/people\/Ghostysky\/100057676170234\/\" \/>\n<meta property=\"article:modified_time\" content=\"2026-01-24T10:03:33+00:00\" \/>\n<meta property=\"og:image\" content=\"https:\/\/www.ghostysky.com\/wp-content\/uploads\/2021\/02\/2.jpg\" \/>\n\t<meta property=\"og:image:width\" content=\"400\" \/>\n\t<meta property=\"og:image:height\" content=\"400\" \/>\n\t<meta property=\"og:image:type\" content=\"image\/jpeg\" \/>\n<meta name=\"twitter:card\" content=\"summary_large_image\" \/>\n<meta name=\"twitter:site\" content=\"@Gh0stysky\" \/>\n<meta name=\"twitter:label1\" content=\"Tiempo de lectura\" \/>\n\t<meta name=\"twitter:data1\" content=\"1 minuto\" \/>\n<script type=\"application\/ld+json\" class=\"yoast-schema-graph\">{\"@context\":\"https:\/\/schema.org\",\"@graph\":[{\"@type\":\"WebPage\",\"@id\":\"https:\/\/www.ghostysky.com\/product\/pix4dfields-professor-educational-perpetual-license\/\",\"url\":\"https:\/\/www.ghostysky.com\/product\/pix4dfields-professor-educational-perpetual-license\/\",\"name\":\"Pix4Dfields Professor Educational - Perpetual License -\",\"isPartOf\":{\"@id\":\"https:\/\/www.ghostysky.com\/#website\"},\"primaryImageOfPage\":{\"@id\":\"https:\/\/www.ghostysky.com\/product\/pix4dfields-professor-educational-perpetual-license\/#primaryimage\"},\"image\":{\"@id\":\"https:\/\/www.ghostysky.com\/product\/pix4dfields-professor-educational-perpetual-license\/#primaryimage\"},\"thumbnailUrl\":\"https:\/\/www.ghostysky.com\/wp-content\/uploads\/2021\/02\/2.jpg\",\"datePublished\":\"2024-05-22T10:19:36+00:00\",\"dateModified\":\"2026-01-24T10:03:33+00:00\",\"description\":\"Advanced agriculture mapping software for aerial crop analysis and digital farming.Precision agriculture mapping using images from drones and UAVsThe only digital agriculture software focusing on reducing the processing time while incorporating the highest accuracy standards backed up with years of scientific research.Use Pix4Dfields to create prescription maps and maximize crop yieldsCreate accurate field maps, generate insights and analyze field data in real time to increase crop productivity\",\"breadcrumb\":{\"@id\":\"https:\/\/www.ghostysky.com\/product\/pix4dfields-professor-educational-perpetual-license\/#breadcrumb\"},\"inLanguage\":\"es\",\"potentialAction\":[{\"@type\":\"ReadAction\",\"target\":[\"https:\/\/www.ghostysky.com\/product\/pix4dfields-professor-educational-perpetual-license\/\"]}]},{\"@type\":\"ImageObject\",\"inLanguage\":\"es\",\"@id\":\"https:\/\/www.ghostysky.com\/product\/pix4dfields-professor-educational-perpetual-license\/#primaryimage\",\"url\":\"https:\/\/www.ghostysky.com\/wp-content\/uploads\/2021\/02\/2.jpg\",\"contentUrl\":\"https:\/\/www.ghostysky.com\/wp-content\/uploads\/2021\/02\/2.jpg\",\"width\":400,\"height\":400},{\"@type\":\"BreadcrumbList\",\"@id\":\"https:\/\/www.ghostysky.com\/product\/pix4dfields-professor-educational-perpetual-license\/#breadcrumb\",\"itemListElement\":[{\"@type\":\"ListItem\",\"position\":1,\"name\":\"Home\",\"item\":\"https:\/\/www.ghostysky.com\/\"},{\"@type\":\"ListItem\",\"position\":2,\"name\":\"Shop\",\"item\":\"https:\/\/www.ghostysky.com\/shop\/\"},{\"@type\":\"ListItem\",\"position\":3,\"name\":\"Pix4Dfields Professor Educational &#8211; Perpetual License\"}]},{\"@type\":\"WebSite\",\"@id\":\"https:\/\/www.ghostysky.com\/#website\",\"url\":\"https:\/\/www.ghostysky.com\/\",\"name\":\"Ghostysky\",\"description\":\"Delivering professional drones and services\",\"publisher\":{\"@id\":\"https:\/\/www.ghostysky.com\/#organization\"},\"potentialAction\":[{\"@type\":\"SearchAction\",\"target\":{\"@type\":\"EntryPoint\",\"urlTemplate\":\"https:\/\/www.ghostysky.com\/?s={search_term_string}\"},\"query-input\":{\"@type\":\"PropertyValueSpecification\",\"valueRequired\":true,\"valueName\":\"search_term_string\"}}],\"inLanguage\":\"es\"},{\"@type\":\"Organization\",\"@id\":\"https:\/\/www.ghostysky.com\/#organization\",\"name\":\"Ghostysky\",\"url\":\"https:\/\/www.ghostysky.com\/\",\"logo\":{\"@type\":\"ImageObject\",\"inLanguage\":\"es\",\"@id\":\"https:\/\/www.ghostysky.com\/#\/schema\/logo\/image\/\",\"url\":\"https:\/\/www.ghostysky.com\/wp-content\/uploads\/2020\/06\/cropped-ghostyskylogo_text_white2.png\",\"contentUrl\":\"https:\/\/www.ghostysky.com\/wp-content\/uploads\/2020\/06\/cropped-ghostyskylogo_text_white2.png\",\"width\":169,\"height\":56,\"caption\":\"Ghostysky\"},\"image\":{\"@id\":\"https:\/\/www.ghostysky.com\/#\/schema\/logo\/image\/\"},\"sameAs\":[\"https:\/\/www.facebook.com\/people\/Ghostysky\/100057676170234\/\",\"https:\/\/x.com\/Gh0stysky\",\"https:\/\/www.linkedin.com\/company\/34739653\",\"https:\/\/www.instagram.com\/gh0stysky\"]}]}<\/script>\n<!-- \/ Yoast SEO plugin. -->","yoast_head_json":{"title":"Pix4Dfields Professor Educativo - Licencia perpetua -","description":"Software avanzado de mapeo agr\u00edcola para an\u00e1lisis a\u00e9reo de cultivos y agricultura digital. Mapeo agr\u00edcola de precisi\u00f3n utilizando im\u00e1genes de drones y veh\u00edculos a\u00e9reos no tripulados. El \u00fanico software de agricultura digital que se enfoca en reducir el tiempo de procesamiento e incorpora los m\u00e1s altos est\u00e1ndares de precisi\u00f3n respaldados con a\u00f1os de investigaci\u00f3n cient\u00edfica. Utilice Pix4Dfields para crear prescripciones. mapas y maximice el rendimiento de los cultivosCree mapas de campo precisos, genere informaci\u00f3n y analice datos de campo en tiempo real para aumentar la productividad de los cultivos","robots":{"index":"index","follow":"follow","max-snippet":"max-snippet:-1","max-image-preview":"max-image-preview:large","max-video-preview":"max-video-preview:-1"},"canonical":"https:\/\/www.ghostysky.com\/es\/producto-2\/pix4dfields-professor-educational-perpetual-license\/","og_locale":"es_ES","og_type":"article","og_title":"Pix4Dfields Professor Educational - Perpetual License -","og_description":"Advanced agriculture mapping software for aerial crop analysis and digital farming.Precision agriculture mapping using images from drones and UAVsThe only digital agriculture software focusing on reducing the processing time while incorporating the highest accuracy standards backed up with years of scientific research.Use Pix4Dfields to create prescription maps and maximize crop yieldsCreate accurate field maps, generate insights and analyze field data in real time to increase crop productivity","og_url":"https:\/\/www.ghostysky.com\/es\/producto-2\/pix4dfields-professor-educational-perpetual-license\/","og_site_name":"Ghostysky","article_publisher":"https:\/\/www.facebook.com\/people\/Ghostysky\/100057676170234\/","article_modified_time":"2026-01-24T10:03:33+00:00","og_image":[{"width":400,"height":400,"url":"https:\/\/www.ghostysky.com\/wp-content\/uploads\/2021\/02\/2.jpg","type":"image\/jpeg"}],"twitter_card":"summary_large_image","twitter_site":"@Gh0stysky","twitter_misc":{"Tiempo de lectura":"1 minuto"},"schema":{"@context":"https:\/\/schema.org","@graph":[{"@type":"WebPage","@id":"https:\/\/www.ghostysky.com\/product\/pix4dfields-professor-educational-perpetual-license\/","url":"https:\/\/www.ghostysky.com\/product\/pix4dfields-professor-educational-perpetual-license\/","name":"Pix4Dfields Professor Educativo - Licencia perpetua -","isPartOf":{"@id":"https:\/\/www.ghostysky.com\/#website"},"primaryImageOfPage":{"@id":"https:\/\/www.ghostysky.com\/product\/pix4dfields-professor-educational-perpetual-license\/#primaryimage"},"image":{"@id":"https:\/\/www.ghostysky.com\/product\/pix4dfields-professor-educational-perpetual-license\/#primaryimage"},"thumbnailUrl":"https:\/\/www.ghostysky.com\/wp-content\/uploads\/2021\/02\/2.jpg","datePublished":"2024-05-22T10:19:36+00:00","dateModified":"2026-01-24T10:03:33+00:00","description":"Software avanzado de mapeo agr\u00edcola para an\u00e1lisis a\u00e9reo de cultivos y agricultura digital. Mapeo agr\u00edcola de precisi\u00f3n utilizando im\u00e1genes de drones y veh\u00edculos a\u00e9reos no tripulados. El \u00fanico software de agricultura digital que se enfoca en reducir el tiempo de procesamiento e incorpora los m\u00e1s altos est\u00e1ndares de precisi\u00f3n respaldados con a\u00f1os de investigaci\u00f3n cient\u00edfica. Utilice Pix4Dfields para crear prescripciones. mapas y maximice el rendimiento de los cultivosCree mapas de campo precisos, genere informaci\u00f3n y analice datos de campo en tiempo real para aumentar la productividad de los cultivos","breadcrumb":{"@id":"https:\/\/www.ghostysky.com\/product\/pix4dfields-professor-educational-perpetual-license\/#breadcrumb"},"inLanguage":"es","potentialAction":[{"@type":"ReadAction","target":["https:\/\/www.ghostysky.com\/product\/pix4dfields-professor-educational-perpetual-license\/"]}]},{"@type":"ImageObject","inLanguage":"es","@id":"https:\/\/www.ghostysky.com\/product\/pix4dfields-professor-educational-perpetual-license\/#primaryimage","url":"https:\/\/www.ghostysky.com\/wp-content\/uploads\/2021\/02\/2.jpg","contentUrl":"https:\/\/www.ghostysky.com\/wp-content\/uploads\/2021\/02\/2.jpg","width":400,"height":400},{"@type":"BreadcrumbList","@id":"https:\/\/www.ghostysky.com\/product\/pix4dfields-professor-educational-perpetual-license\/#breadcrumb","itemListElement":[{"@type":"ListItem","position":1,"name":"Home","item":"https:\/\/www.ghostysky.com\/"},{"@type":"ListItem","position":2,"name":"Shop","item":"https:\/\/www.ghostysky.com\/shop\/"},{"@type":"ListItem","position":3,"name":"Pix4Dfields Professor Educational &#8211; Perpetual License"}]},{"@type":"WebSite","@id":"https:\/\/www.ghostysky.com\/#website","url":"https:\/\/www.ghostysky.com\/","name":"Ghostysky","description":"Entrega de drones y servicios profesionales","publisher":{"@id":"https:\/\/www.ghostysky.com\/#organization"},"potentialAction":[{"@type":"SearchAction","target":{"@type":"EntryPoint","urlTemplate":"https:\/\/www.ghostysky.com\/?s={search_term_string}"},"query-input":{"@type":"PropertyValueSpecification","valueRequired":true,"valueName":"search_term_string"}}],"inLanguage":"es"},{"@type":"Organization","@id":"https:\/\/www.ghostysky.com\/#organization","name":"Ghostysky","url":"https:\/\/www.ghostysky.com\/","logo":{"@type":"ImageObject","inLanguage":"es","@id":"https:\/\/www.ghostysky.com\/#\/schema\/logo\/image\/","url":"https:\/\/www.ghostysky.com\/wp-content\/uploads\/2020\/06\/cropped-ghostyskylogo_text_white2.png","contentUrl":"https:\/\/www.ghostysky.com\/wp-content\/uploads\/2020\/06\/cropped-ghostyskylogo_text_white2.png","width":169,"height":56,"caption":"Ghostysky"},"image":{"@id":"https:\/\/www.ghostysky.com\/#\/schema\/logo\/image\/"},"sameAs":["https:\/\/www.facebook.com\/people\/Ghostysky\/100057676170234\/","https:\/\/x.com\/Gh0stysky","https:\/\/www.linkedin.com\/company\/34739653","https:\/\/www.instagram.com\/gh0stysky"]}]}},"_links":{"self":[{"href":"https:\/\/www.ghostysky.com\/es\/wp-json\/wp\/v2\/product\/19070","targetHints":{"allow":["GET"]}}],"collection":[{"href":"https:\/\/www.ghostysky.com\/es\/wp-json\/wp\/v2\/product"}],"about":[{"href":"https:\/\/www.ghostysky.com\/es\/wp-json\/wp\/v2\/types\/product"}],"replies":[{"embeddable":true,"href":"https:\/\/www.ghostysky.com\/es\/wp-json\/wp\/v2\/comments?post=19070"}],"wp:featuredmedia":[{"embeddable":true,"href":"https:\/\/www.ghostysky.com\/es\/wp-json\/wp\/v2\/media\/1964"}],"wp:attachment":[{"href":"https:\/\/www.ghostysky.com\/es\/wp-json\/wp\/v2\/media?parent=19070"}],"wp:term":[{"taxonomy":"product_brand","embeddable":true,"href":"https:\/\/www.ghostysky.com\/es\/wp-json\/wp\/v2\/product_brand?post=19070"},{"taxonomy":"product_cat","embeddable":true,"href":"https:\/\/www.ghostysky.com\/es\/wp-json\/wp\/v2\/product_cat?post=19070"},{"taxonomy":"product_tag","embeddable":true,"href":"https:\/\/www.ghostysky.com\/es\/wp-json\/wp\/v2\/product_tag?post=19070"}],"curies":[{"name":"wp","href":"https:\/\/api.w.org\/{rel}","templated":true}]}}