{"id":19093,"date":"2024-05-22T10:49:26","date_gmt":"2024-05-22T10:49:26","guid":{"rendered":"https:\/\/www.ghostysky.com\/?post_type=product&#038;p=19093"},"modified":"2026-01-24T10:05:05","modified_gmt":"2026-01-24T10:05:05","slug":"pix4dcloud-advanced-monthly-subscription","status":"publish","type":"product","link":"https:\/\/www.ghostysky.com\/es\/product\/pix4dcloud-advanced-monthly-subscription\/","title":{"rendered":"PIX4DCloud Avanzado \u2013 Suscripci\u00f3n Mensual"},"content":{"rendered":"<div class=\"row\">\n<ul>\n<li class=\"column right\">Incluye 100 cr\u00e9ditos por mes o <b>2500 cr\u00e9ditos anuales<\/b><\/li>\n<\/ul>\n<\/div>\n<div class=\"row\">\n<ul>\n<li class=\"column right\">Gesti\u00f3n de equipos y usuarios<\/li>\n<\/ul>\n<\/div>\n<p>Todas las caracter\u00edsticas est\u00e1ndar <b>m\u00e1s<\/b>:<\/p>\n<ul>\n<li>Comparaci\u00f3n 2D\/3D<\/li>\n<li>Informes en PDF<\/li>\n<li>Superposiciones DXF e IFC<\/li>\n<li>Vista de l\u00ednea de tiempo<\/li>\n<\/ul>\n<h4>Caracter\u00edsticas clave<\/h4>\n<ul data-sourcepos=\"5:1-5:113\">\n<li data-sourcepos=\"5:1-5:113\"><strong>Procesamiento basado en la nube:<\/strong> Aprovecha la potencia de la computaci\u00f3n en la nube en lugar de requerir que uses tu propia computadora.<\/li>\n<li data-sourcepos=\"6:1-6:84\"><strong>F\u00e1cil de usar:<\/strong> Dise\u00f1ado para ser f\u00e1cil de usar y no requerir una formaci\u00f3n extensa.<\/li>\n<li data-sourcepos=\"7:1-7:56\"><strong>Captura de datos:<\/strong> Funciona con im\u00e1genes capturadas por drones, c\u00e1maras port\u00e1tiles o su propia c\u00e1mara Crane Pix4D.<\/li>\n<li data-sourcepos=\"8:1-8:128\"><strong>Procesamiento de datos:<\/strong> Procesa autom\u00e1ticamente im\u00e1genes mediante fotogrametr\u00eda para crear resultados como modelos 3D y mapas de elevaci\u00f3n.<\/li>\n<li data-sourcepos=\"9:1-9:97\"><strong>An\u00e1lisis de los datos:<\/strong> Proporciona herramientas para ver, medir y realizar un seguimiento del progreso de un proyecto a lo largo del tiempo.<\/li>\n<li data-sourcepos=\"10:1-10:98\"><strong>Compartir datos:<\/strong> Le permite compartir los resultados de su proyecto con otros mediante un simple enlace web.<\/li>\n<li data-sourcepos=\"11:1-11:59\"><strong>Integraci\u00f3n de datos:<\/strong> Le permite descargar y exportar sus datos para usarlos con otros programas de software.<\/li>\n<\/ul>\n<p data-sourcepos=\"13:1-13:149\">En general, Pix4Dcloud es una soluci\u00f3n integral para cualquiera que quiera utilizar im\u00e1genes terrestres o de drones para crear mapas, modelos 3D y otros productos.<\/p>\n<div class=\"row\"><\/div>","protected":false},"excerpt":{"rendered":"<p>Pix4Dcloud es una plataforma basada en web que utiliza procesamiento en la nube para convertir im\u00e1genes terrestres y de drones en entregables 2D y 3D. En t\u00e9rminos m\u00e1s simples, toma fotograf\u00edas capturadas por drones o incluso c\u00e1maras port\u00e1tiles y las convierte en productos \u00fatiles como mapas, modelos 3D y mediciones.<\/p>","protected":false},"featured_media":19079,"comment_status":"open","ping_status":"closed","template":"","meta":[],"product_brand":[],"product_cat":[100,906,31],"product_tag":[909,908,102,907],"class_list":{"0":"post-19093","1":"product","2":"type-product","3":"status-publish","4":"has-post-thumbnail","6":"product_cat-pix4d","7":"product_cat-pix4dcloud","8":"product_cat-software","9":"product_tag-advanced-subscription","10":"product_tag-monthly-subscription","11":"product_tag-pix4d","12":"product_tag-pix4dcloud","14":"first","15":"onbackorder","16":"taxable","17":"shipping-taxable","18":"product-type-simple"},"yoast_head":"<!-- This site is optimized with the Yoast SEO plugin v27.1.1 - https:\/\/yoast.com\/product\/yoast-seo-wordpress\/ -->\n<title>PIX4DCloud Advanced - Monthly Subscription - Ghostysky<\/title>\n<meta name=\"description\" content=\"Pix4Dcloud is a web-based platform that utilizes cloud processing to turn drone and ground images into 2D and 3D deliverables. In simpler terms, it takes pictures captured by drones or even handheld cameras and turns them into useful products like maps, 3D models, and measurements.\" \/>\n<meta name=\"robots\" content=\"index, follow, max-snippet:-1, max-image-preview:large, max-video-preview:-1\" \/>\n<link rel=\"canonical\" href=\"https:\/\/www.ghostysky.com\/es\/producto-2\/pix4dcloud-advanced-monthly-subscription\/\" \/>\n<meta property=\"og:locale\" content=\"es_ES\" \/>\n<meta property=\"og:type\" content=\"article\" \/>\n<meta property=\"og:title\" content=\"PIX4DCloud Advanced - Monthly Subscription - Ghostysky\" \/>\n<meta property=\"og:description\" content=\"Pix4Dcloud is a web-based platform that utilizes cloud processing to turn drone and ground images into 2D and 3D deliverables. In simpler terms, it takes pictures captured by drones or even handheld cameras and turns them into useful products like maps, 3D models, and measurements.\" \/>\n<meta property=\"og:url\" content=\"https:\/\/www.ghostysky.com\/es\/producto-2\/pix4dcloud-advanced-monthly-subscription\/\" \/>\n<meta property=\"og:site_name\" content=\"Ghostysky\" \/>\n<meta property=\"article:publisher\" content=\"https:\/\/www.facebook.com\/people\/Ghostysky\/100057676170234\/\" \/>\n<meta property=\"article:modified_time\" content=\"2026-01-24T10:05:05+00:00\" \/>\n<meta property=\"og:image\" content=\"https:\/\/www.ghostysky.com\/wp-content\/uploads\/2024\/05\/GH_pix4dcloud-new-logo_Advanced.jpg\" \/>\n\t<meta property=\"og:image:width\" content=\"800\" \/>\n\t<meta property=\"og:image:height\" content=\"600\" \/>\n\t<meta property=\"og:image:type\" content=\"image\/jpeg\" \/>\n<meta name=\"twitter:card\" content=\"summary_large_image\" \/>\n<meta name=\"twitter:site\" content=\"@Gh0stysky\" \/>\n<meta name=\"twitter:label1\" content=\"Tiempo de lectura\" \/>\n\t<meta name=\"twitter:data1\" content=\"1 minuto\" \/>\n<script type=\"application\/ld+json\" class=\"yoast-schema-graph\">{\"@context\":\"https:\/\/schema.org\",\"@graph\":[{\"@type\":\"WebPage\",\"@id\":\"https:\/\/www.ghostysky.com\/product\/pix4dcloud-advanced-monthly-subscription\/\",\"url\":\"https:\/\/www.ghostysky.com\/product\/pix4dcloud-advanced-monthly-subscription\/\",\"name\":\"PIX4DCloud Advanced - Monthly Subscription - Ghostysky\",\"isPartOf\":{\"@id\":\"https:\/\/www.ghostysky.com\/#website\"},\"primaryImageOfPage\":{\"@id\":\"https:\/\/www.ghostysky.com\/product\/pix4dcloud-advanced-monthly-subscription\/#primaryimage\"},\"image\":{\"@id\":\"https:\/\/www.ghostysky.com\/product\/pix4dcloud-advanced-monthly-subscription\/#primaryimage\"},\"thumbnailUrl\":\"https:\/\/www.ghostysky.com\/wp-content\/uploads\/2024\/05\/GH_pix4dcloud-new-logo_Advanced.jpg\",\"datePublished\":\"2024-05-22T10:49:26+00:00\",\"dateModified\":\"2026-01-24T10:05:05+00:00\",\"description\":\"Pix4Dcloud is a web-based platform that utilizes cloud processing to turn drone and ground images into 2D and 3D deliverables. In simpler terms, it takes pictures captured by drones or even handheld cameras and turns them into useful products like maps, 3D models, and measurements.\",\"breadcrumb\":{\"@id\":\"https:\/\/www.ghostysky.com\/product\/pix4dcloud-advanced-monthly-subscription\/#breadcrumb\"},\"inLanguage\":\"es\",\"potentialAction\":[{\"@type\":\"ReadAction\",\"target\":[\"https:\/\/www.ghostysky.com\/product\/pix4dcloud-advanced-monthly-subscription\/\"]}]},{\"@type\":\"ImageObject\",\"inLanguage\":\"es\",\"@id\":\"https:\/\/www.ghostysky.com\/product\/pix4dcloud-advanced-monthly-subscription\/#primaryimage\",\"url\":\"https:\/\/www.ghostysky.com\/wp-content\/uploads\/2024\/05\/GH_pix4dcloud-new-logo_Advanced.jpg\",\"contentUrl\":\"https:\/\/www.ghostysky.com\/wp-content\/uploads\/2024\/05\/GH_pix4dcloud-new-logo_Advanced.jpg\",\"width\":800,\"height\":600},{\"@type\":\"BreadcrumbList\",\"@id\":\"https:\/\/www.ghostysky.com\/product\/pix4dcloud-advanced-monthly-subscription\/#breadcrumb\",\"itemListElement\":[{\"@type\":\"ListItem\",\"position\":1,\"name\":\"Home\",\"item\":\"https:\/\/www.ghostysky.com\/\"},{\"@type\":\"ListItem\",\"position\":2,\"name\":\"Shop\",\"item\":\"https:\/\/www.ghostysky.com\/shop\/\"},{\"@type\":\"ListItem\",\"position\":3,\"name\":\"PIX4DCloud Advanced &#8211; Monthly Subscription\"}]},{\"@type\":\"WebSite\",\"@id\":\"https:\/\/www.ghostysky.com\/#website\",\"url\":\"https:\/\/www.ghostysky.com\/\",\"name\":\"Ghostysky\",\"description\":\"Delivering professional drones and services\",\"publisher\":{\"@id\":\"https:\/\/www.ghostysky.com\/#organization\"},\"potentialAction\":[{\"@type\":\"SearchAction\",\"target\":{\"@type\":\"EntryPoint\",\"urlTemplate\":\"https:\/\/www.ghostysky.com\/?s={search_term_string}\"},\"query-input\":{\"@type\":\"PropertyValueSpecification\",\"valueRequired\":true,\"valueName\":\"search_term_string\"}}],\"inLanguage\":\"es\"},{\"@type\":\"Organization\",\"@id\":\"https:\/\/www.ghostysky.com\/#organization\",\"name\":\"Ghostysky\",\"url\":\"https:\/\/www.ghostysky.com\/\",\"logo\":{\"@type\":\"ImageObject\",\"inLanguage\":\"es\",\"@id\":\"https:\/\/www.ghostysky.com\/#\/schema\/logo\/image\/\",\"url\":\"https:\/\/www.ghostysky.com\/wp-content\/uploads\/2020\/06\/cropped-ghostyskylogo_text_white2.png\",\"contentUrl\":\"https:\/\/www.ghostysky.com\/wp-content\/uploads\/2020\/06\/cropped-ghostyskylogo_text_white2.png\",\"width\":169,\"height\":56,\"caption\":\"Ghostysky\"},\"image\":{\"@id\":\"https:\/\/www.ghostysky.com\/#\/schema\/logo\/image\/\"},\"sameAs\":[\"https:\/\/www.facebook.com\/people\/Ghostysky\/100057676170234\/\",\"https:\/\/x.com\/Gh0stysky\",\"https:\/\/www.linkedin.com\/company\/34739653\",\"https:\/\/www.instagram.com\/gh0stysky\"]}]}<\/script>\n<!-- \/ Yoast SEO plugin. -->","yoast_head_json":{"title":"PIX4DCloud Advanced - Suscripci\u00f3n mensual - Ghostysky","description":"Pix4Dcloud es una plataforma basada en web que utiliza procesamiento en la nube para convertir im\u00e1genes terrestres y de drones en entregables 2D y 3D. En t\u00e9rminos m\u00e1s simples, toma fotograf\u00edas capturadas por drones o incluso c\u00e1maras port\u00e1tiles y las convierte en productos \u00fatiles como mapas, modelos 3D y mediciones.","robots":{"index":"index","follow":"follow","max-snippet":"max-snippet:-1","max-image-preview":"max-image-preview:large","max-video-preview":"max-video-preview:-1"},"canonical":"https:\/\/www.ghostysky.com\/es\/producto-2\/pix4dcloud-advanced-monthly-subscription\/","og_locale":"es_ES","og_type":"article","og_title":"PIX4DCloud Advanced - Monthly Subscription - Ghostysky","og_description":"Pix4Dcloud is a web-based platform that utilizes cloud processing to turn drone and ground images into 2D and 3D deliverables. In simpler terms, it takes pictures captured by drones or even handheld cameras and turns them into useful products like maps, 3D models, and measurements.","og_url":"https:\/\/www.ghostysky.com\/es\/producto-2\/pix4dcloud-advanced-monthly-subscription\/","og_site_name":"Ghostysky","article_publisher":"https:\/\/www.facebook.com\/people\/Ghostysky\/100057676170234\/","article_modified_time":"2026-01-24T10:05:05+00:00","og_image":[{"width":800,"height":600,"url":"https:\/\/www.ghostysky.com\/wp-content\/uploads\/2024\/05\/GH_pix4dcloud-new-logo_Advanced.jpg","type":"image\/jpeg"}],"twitter_card":"summary_large_image","twitter_site":"@Gh0stysky","twitter_misc":{"Tiempo de lectura":"1 minuto"},"schema":{"@context":"https:\/\/schema.org","@graph":[{"@type":"WebPage","@id":"https:\/\/www.ghostysky.com\/product\/pix4dcloud-advanced-monthly-subscription\/","url":"https:\/\/www.ghostysky.com\/product\/pix4dcloud-advanced-monthly-subscription\/","name":"PIX4DCloud Advanced - Suscripci\u00f3n mensual - Ghostysky","isPartOf":{"@id":"https:\/\/www.ghostysky.com\/#website"},"primaryImageOfPage":{"@id":"https:\/\/www.ghostysky.com\/product\/pix4dcloud-advanced-monthly-subscription\/#primaryimage"},"image":{"@id":"https:\/\/www.ghostysky.com\/product\/pix4dcloud-advanced-monthly-subscription\/#primaryimage"},"thumbnailUrl":"https:\/\/www.ghostysky.com\/wp-content\/uploads\/2024\/05\/GH_pix4dcloud-new-logo_Advanced.jpg","datePublished":"2024-05-22T10:49:26+00:00","dateModified":"2026-01-24T10:05:05+00:00","description":"Pix4Dcloud es una plataforma basada en web que utiliza procesamiento en la nube para convertir im\u00e1genes terrestres y de drones en entregables 2D y 3D. En t\u00e9rminos m\u00e1s simples, toma fotograf\u00edas capturadas por drones o incluso c\u00e1maras port\u00e1tiles y las convierte en productos \u00fatiles como mapas, modelos 3D y mediciones.","breadcrumb":{"@id":"https:\/\/www.ghostysky.com\/product\/pix4dcloud-advanced-monthly-subscription\/#breadcrumb"},"inLanguage":"es","potentialAction":[{"@type":"ReadAction","target":["https:\/\/www.ghostysky.com\/product\/pix4dcloud-advanced-monthly-subscription\/"]}]},{"@type":"ImageObject","inLanguage":"es","@id":"https:\/\/www.ghostysky.com\/product\/pix4dcloud-advanced-monthly-subscription\/#primaryimage","url":"https:\/\/www.ghostysky.com\/wp-content\/uploads\/2024\/05\/GH_pix4dcloud-new-logo_Advanced.jpg","contentUrl":"https:\/\/www.ghostysky.com\/wp-content\/uploads\/2024\/05\/GH_pix4dcloud-new-logo_Advanced.jpg","width":800,"height":600},{"@type":"BreadcrumbList","@id":"https:\/\/www.ghostysky.com\/product\/pix4dcloud-advanced-monthly-subscription\/#breadcrumb","itemListElement":[{"@type":"ListItem","position":1,"name":"Home","item":"https:\/\/www.ghostysky.com\/"},{"@type":"ListItem","position":2,"name":"Shop","item":"https:\/\/www.ghostysky.com\/shop\/"},{"@type":"ListItem","position":3,"name":"PIX4DCloud Advanced &#8211; Monthly Subscription"}]},{"@type":"WebSite","@id":"https:\/\/www.ghostysky.com\/#website","url":"https:\/\/www.ghostysky.com\/","name":"Ghostysky","description":"Entrega de drones y servicios profesionales","publisher":{"@id":"https:\/\/www.ghostysky.com\/#organization"},"potentialAction":[{"@type":"SearchAction","target":{"@type":"EntryPoint","urlTemplate":"https:\/\/www.ghostysky.com\/?s={search_term_string}"},"query-input":{"@type":"PropertyValueSpecification","valueRequired":true,"valueName":"search_term_string"}}],"inLanguage":"es"},{"@type":"Organization","@id":"https:\/\/www.ghostysky.com\/#organization","name":"Ghostysky","url":"https:\/\/www.ghostysky.com\/","logo":{"@type":"ImageObject","inLanguage":"es","@id":"https:\/\/www.ghostysky.com\/#\/schema\/logo\/image\/","url":"https:\/\/www.ghostysky.com\/wp-content\/uploads\/2020\/06\/cropped-ghostyskylogo_text_white2.png","contentUrl":"https:\/\/www.ghostysky.com\/wp-content\/uploads\/2020\/06\/cropped-ghostyskylogo_text_white2.png","width":169,"height":56,"caption":"Ghostysky"},"image":{"@id":"https:\/\/www.ghostysky.com\/#\/schema\/logo\/image\/"},"sameAs":["https:\/\/www.facebook.com\/people\/Ghostysky\/100057676170234\/","https:\/\/x.com\/Gh0stysky","https:\/\/www.linkedin.com\/company\/34739653","https:\/\/www.instagram.com\/gh0stysky"]}]}},"_links":{"self":[{"href":"https:\/\/www.ghostysky.com\/es\/wp-json\/wp\/v2\/product\/19093","targetHints":{"allow":["GET"]}}],"collection":[{"href":"https:\/\/www.ghostysky.com\/es\/wp-json\/wp\/v2\/product"}],"about":[{"href":"https:\/\/www.ghostysky.com\/es\/wp-json\/wp\/v2\/types\/product"}],"replies":[{"embeddable":true,"href":"https:\/\/www.ghostysky.com\/es\/wp-json\/wp\/v2\/comments?post=19093"}],"wp:featuredmedia":[{"embeddable":true,"href":"https:\/\/www.ghostysky.com\/es\/wp-json\/wp\/v2\/media\/19079"}],"wp:attachment":[{"href":"https:\/\/www.ghostysky.com\/es\/wp-json\/wp\/v2\/media?parent=19093"}],"wp:term":[{"taxonomy":"product_brand","embeddable":true,"href":"https:\/\/www.ghostysky.com\/es\/wp-json\/wp\/v2\/product_brand?post=19093"},{"taxonomy":"product_cat","embeddable":true,"href":"https:\/\/www.ghostysky.com\/es\/wp-json\/wp\/v2\/product_cat?post=19093"},{"taxonomy":"product_tag","embeddable":true,"href":"https:\/\/www.ghostysky.com\/es\/wp-json\/wp\/v2\/product_tag?post=19093"}],"curies":[{"name":"wp","href":"https:\/\/api.w.org\/{rel}","templated":true}]}}