{"id":19145,"date":"2024-05-22T13:16:33","date_gmt":"2024-05-22T13:16:33","guid":{"rendered":"https:\/\/www.ghostysky.com\/?post_type=product&#038;p=19145"},"modified":"2024-11-05T18:01:18","modified_gmt":"2024-11-05T18:01:18","slug":"emlid-flow-survey-plan-monthly-subscription","status":"publish","type":"product","link":"https:\/\/www.ghostysky.com\/es\/product\/emlid-flow-survey-plan-monthly-subscription\/","title":{"rendered":"Plan Emlid Flow Survey (suscripci\u00f3n mensual)"},"content":{"rendered":"<p data-sourcepos=\"3:1-3:29\"><strong>Funcionalidades avanzadas:<\/strong><\/p>\n<ul data-sourcepos=\"5:1-5:68\">\n<li data-sourcepos=\"5:1-5:68\"><strong>Recopile y replantee puntos con descripciones detalladas:<\/strong> Esto va m\u00e1s all\u00e1 de simplemente capturar un punto. Puede agregar descripciones para proporcionar contexto para cada punto de datos.<\/li>\n<li data-sourcepos=\"6:1-6:68\"><strong>Trabajar con diferentes sistemas de coordenadas:<\/strong> El plan le permite manejar varios sistemas de coordenadas, cruciales para proyectos topogr\u00e1ficos precisos.<\/li>\n<li data-sourcepos=\"7:1-7:91\"><strong>Codificaci\u00f3n de datos de la encuesta:<\/strong> Asigne c\u00f3digos a sus puntos de datos para categorizarlos y organizarlos de manera eficiente.<\/li>\n<li data-sourcepos=\"8:1-8:124\"><strong>Recoge y replantea l\u00edneas:<\/strong> Esto le permite definir caracter\u00edsticas lineales en su mapa topogr\u00e1fico, como l\u00edmites o carreteras.<\/li>\n<li data-sourcepos=\"9:1-10:0\"><strong>Administrar bibliotecas de c\u00f3digos:<\/strong> Cree y administre bibliotecas de c\u00f3digos personalizados para una categorizaci\u00f3n de datos optimizada en sus proyectos.<\/li>\n<\/ul>\n<p data-sourcepos=\"11:1-11:29\"><strong>\u00bfQui\u00e9n deber\u00eda obtener este plan?<\/strong><\/p>\n<p data-sourcepos=\"13:1-13:242\">El Plan de estudio de flujo de Emlid es ideal para top\u00f3grafos profesionales o personas que requieren algo m\u00e1s que la recopilaci\u00f3n de datos b\u00e1sicos para sus proyectos topogr\u00e1ficos. Proporciona las herramientas para recopilar, gestionar y organizar datos topogr\u00e1ficos complejos de forma eficaz.<\/p>\n<p data-sourcepos=\"15:1-15:2\"><strong>Puntos adicionales a considerar:<\/strong><\/p>\n<ul data-sourcepos=\"17:1-18:133\">\n<li data-sourcepos=\"17:1-17:88\">El Plan Emlid Flow Survey es un servicio de suscripci\u00f3n pago, que normalmente se ofrece anualmente.<\/li>\n<li data-sourcepos=\"18:1-18:133\">Si solo necesita acumular puntos b\u00e1sicos para tareas como colocar puntos de control terrestre (GCP), el plan Est\u00e1ndar gratuito puede ser suficiente.<\/li>\n<\/ul>","protected":false},"excerpt":{"rendered":"<p>El Plan Emlid Flow Survey es un servicio de suscripci\u00f3n que desbloquea funciones avanzadas para la topograf\u00eda territorial en la plataforma Emlid Flow. Est\u00e1 dise\u00f1ado para usuarios que necesitan algo m\u00e1s que una simple recopilaci\u00f3n de puntos b\u00e1sica.<\/p>","protected":false},"featured_media":19144,"comment_status":"open","ping_status":"closed","template":"","meta":[],"product_brand":[],"product_cat":[89,30,926],"product_tag":[58,908,918],"class_list":{"0":"post-19145","1":"product","2":"type-product","3":"status-publish","4":"has-post-thumbnail","6":"product_cat-emlid","7":"product_cat-mobile-station","8":"product_cat-software-emlid","9":"product_tag-emlid","10":"product_tag-monthly-subscription","11":"product_tag-survey-plan-emlid","13":"first","14":"instock","15":"taxable","16":"shipping-taxable","17":"purchasable","18":"product-type-simple"},"yoast_head":"<!-- This site is optimized with the Yoast SEO plugin v27.4 - https:\/\/yoast.com\/product\/yoast-seo-wordpress\/ -->\n<title>Emlid Flow Survey Plan (Monthly subscription) - Ghostysky<\/title>\n<meta name=\"description\" content=\"The Emlid Flow Survey Plan is a subscription service that unlocks advanced features for land surveying on the Emlid Flow platform. It&#039;s designed for users who need more than just basic point collection.\" \/>\n<meta name=\"robots\" content=\"index, follow, max-snippet:-1, max-image-preview:large, max-video-preview:-1\" \/>\n<link rel=\"canonical\" href=\"https:\/\/www.ghostysky.com\/es\/producto-2\/emlid-flow-survey-plan-monthly-subscription\/\" \/>\n<meta property=\"og:locale\" content=\"es_ES\" \/>\n<meta property=\"og:type\" content=\"article\" \/>\n<meta property=\"og:title\" content=\"Emlid Flow Survey Plan (Monthly subscription) - Ghostysky\" \/>\n<meta property=\"og:description\" content=\"The Emlid Flow Survey Plan is a subscription service that unlocks advanced features for land surveying on the Emlid Flow platform. It&#039;s designed for users who need more than just basic point collection.\" \/>\n<meta property=\"og:url\" content=\"https:\/\/www.ghostysky.com\/es\/producto-2\/emlid-flow-survey-plan-monthly-subscription\/\" \/>\n<meta property=\"og:site_name\" content=\"Ghostysky\" \/>\n<meta property=\"article:publisher\" content=\"https:\/\/www.facebook.com\/people\/Ghostysky\/100057676170234\/\" \/>\n<meta property=\"article:modified_time\" content=\"2024-11-05T18:01:18+00:00\" \/>\n<meta property=\"og:image\" content=\"https:\/\/www.ghostysky.com\/wp-content\/uploads\/2024\/05\/GH_Emlid_Flow_Survey_1.jpg\" \/>\n\t<meta property=\"og:image:width\" content=\"800\" \/>\n\t<meta property=\"og:image:height\" content=\"800\" \/>\n\t<meta property=\"og:image:type\" content=\"image\/jpeg\" \/>\n<meta name=\"twitter:card\" content=\"summary_large_image\" \/>\n<meta name=\"twitter:site\" content=\"@Gh0stysky\" \/>\n<meta name=\"twitter:label1\" content=\"Tiempo de lectura\" \/>\n\t<meta name=\"twitter:data1\" content=\"1 minuto\" \/>\n<script type=\"application\/ld+json\" class=\"yoast-schema-graph\">{\"@context\":\"https:\\\/\\\/schema.org\",\"@graph\":[{\"@type\":\"WebPage\",\"@id\":\"https:\\\/\\\/www.ghostysky.com\\\/product\\\/emlid-flow-survey-plan-monthly-subscription\\\/\",\"url\":\"https:\\\/\\\/www.ghostysky.com\\\/product\\\/emlid-flow-survey-plan-monthly-subscription\\\/\",\"name\":\"Emlid Flow Survey Plan (Monthly subscription) - Ghostysky\",\"isPartOf\":{\"@id\":\"https:\\\/\\\/www.ghostysky.com\\\/#website\"},\"primaryImageOfPage\":{\"@id\":\"https:\\\/\\\/www.ghostysky.com\\\/product\\\/emlid-flow-survey-plan-monthly-subscription\\\/#primaryimage\"},\"image\":{\"@id\":\"https:\\\/\\\/www.ghostysky.com\\\/product\\\/emlid-flow-survey-plan-monthly-subscription\\\/#primaryimage\"},\"thumbnailUrl\":\"https:\\\/\\\/www.ghostysky.com\\\/wp-content\\\/uploads\\\/2024\\\/05\\\/GH_Emlid_Flow_Survey_1.jpg\",\"datePublished\":\"2024-05-22T13:16:33+00:00\",\"dateModified\":\"2024-11-05T18:01:18+00:00\",\"description\":\"The Emlid Flow Survey Plan is a subscription service that unlocks advanced features for land surveying on the Emlid Flow platform. It's designed for users who need more than just basic point collection.\",\"breadcrumb\":{\"@id\":\"https:\\\/\\\/www.ghostysky.com\\\/product\\\/emlid-flow-survey-plan-monthly-subscription\\\/#breadcrumb\"},\"inLanguage\":\"es\",\"potentialAction\":[{\"@type\":\"ReadAction\",\"target\":[\"https:\\\/\\\/www.ghostysky.com\\\/product\\\/emlid-flow-survey-plan-monthly-subscription\\\/\"]}]},{\"@type\":\"ImageObject\",\"inLanguage\":\"es\",\"@id\":\"https:\\\/\\\/www.ghostysky.com\\\/product\\\/emlid-flow-survey-plan-monthly-subscription\\\/#primaryimage\",\"url\":\"https:\\\/\\\/www.ghostysky.com\\\/wp-content\\\/uploads\\\/2024\\\/05\\\/GH_Emlid_Flow_Survey_1.jpg\",\"contentUrl\":\"https:\\\/\\\/www.ghostysky.com\\\/wp-content\\\/uploads\\\/2024\\\/05\\\/GH_Emlid_Flow_Survey_1.jpg\",\"width\":800,\"height\":800},{\"@type\":\"BreadcrumbList\",\"@id\":\"https:\\\/\\\/www.ghostysky.com\\\/product\\\/emlid-flow-survey-plan-monthly-subscription\\\/#breadcrumb\",\"itemListElement\":[{\"@type\":\"ListItem\",\"position\":1,\"name\":\"Home\",\"item\":\"https:\\\/\\\/www.ghostysky.com\\\/\"},{\"@type\":\"ListItem\",\"position\":2,\"name\":\"Shop\",\"item\":\"https:\\\/\\\/www.ghostysky.com\\\/shop\\\/\"},{\"@type\":\"ListItem\",\"position\":3,\"name\":\"Emlid Flow Survey Plan (Monthly subscription)\"}]},{\"@type\":\"WebSite\",\"@id\":\"https:\\\/\\\/www.ghostysky.com\\\/#website\",\"url\":\"https:\\\/\\\/www.ghostysky.com\\\/\",\"name\":\"Ghostysky\",\"description\":\"Delivering professional drones and services\",\"publisher\":{\"@id\":\"https:\\\/\\\/www.ghostysky.com\\\/#organization\"},\"potentialAction\":[{\"@type\":\"SearchAction\",\"target\":{\"@type\":\"EntryPoint\",\"urlTemplate\":\"https:\\\/\\\/www.ghostysky.com\\\/?s={search_term_string}\"},\"query-input\":{\"@type\":\"PropertyValueSpecification\",\"valueRequired\":true,\"valueName\":\"search_term_string\"}}],\"inLanguage\":\"es\"},{\"@type\":\"Organization\",\"@id\":\"https:\\\/\\\/www.ghostysky.com\\\/#organization\",\"name\":\"Ghostysky\",\"url\":\"https:\\\/\\\/www.ghostysky.com\\\/\",\"logo\":{\"@type\":\"ImageObject\",\"inLanguage\":\"es\",\"@id\":\"https:\\\/\\\/www.ghostysky.com\\\/#\\\/schema\\\/logo\\\/image\\\/\",\"url\":\"https:\\\/\\\/www.ghostysky.com\\\/wp-content\\\/uploads\\\/2020\\\/06\\\/cropped-ghostyskylogo_text_white2.png\",\"contentUrl\":\"https:\\\/\\\/www.ghostysky.com\\\/wp-content\\\/uploads\\\/2020\\\/06\\\/cropped-ghostyskylogo_text_white2.png\",\"width\":169,\"height\":56,\"caption\":\"Ghostysky\"},\"image\":{\"@id\":\"https:\\\/\\\/www.ghostysky.com\\\/#\\\/schema\\\/logo\\\/image\\\/\"},\"sameAs\":[\"https:\\\/\\\/www.facebook.com\\\/people\\\/Ghostysky\\\/100057676170234\\\/\",\"https:\\\/\\\/x.com\\\/Gh0stysky\",\"https:\\\/\\\/www.linkedin.com\\\/company\\\/34739653\",\"https:\\\/\\\/www.instagram.com\\\/gh0stysky\"]}]}<\/script>\n<!-- \/ Yoast SEO plugin. -->","yoast_head_json":{"title":"Plan Emlid Flow Survey (suscripci\u00f3n mensual) - Ghostysky","description":"El Plan Emlid Flow Survey es un servicio de suscripci\u00f3n que desbloquea funciones avanzadas para la topograf\u00eda territorial en la plataforma Emlid Flow. Est\u00e1 dise\u00f1ado para usuarios que necesitan algo m\u00e1s que una simple recopilaci\u00f3n de puntos b\u00e1sica.","robots":{"index":"index","follow":"follow","max-snippet":"max-snippet:-1","max-image-preview":"max-image-preview:large","max-video-preview":"max-video-preview:-1"},"canonical":"https:\/\/www.ghostysky.com\/es\/producto-2\/emlid-flow-survey-plan-monthly-subscription\/","og_locale":"es_ES","og_type":"article","og_title":"Emlid Flow Survey Plan (Monthly subscription) - Ghostysky","og_description":"The Emlid Flow Survey Plan is a subscription service that unlocks advanced features for land surveying on the Emlid Flow platform. It's designed for users who need more than just basic point collection.","og_url":"https:\/\/www.ghostysky.com\/es\/producto-2\/emlid-flow-survey-plan-monthly-subscription\/","og_site_name":"Ghostysky","article_publisher":"https:\/\/www.facebook.com\/people\/Ghostysky\/100057676170234\/","article_modified_time":"2024-11-05T18:01:18+00:00","og_image":[{"width":800,"height":800,"url":"https:\/\/www.ghostysky.com\/wp-content\/uploads\/2024\/05\/GH_Emlid_Flow_Survey_1.jpg","type":"image\/jpeg"}],"twitter_card":"summary_large_image","twitter_site":"@Gh0stysky","twitter_misc":{"Tiempo de lectura":"1 minuto"},"schema":{"@context":"https:\/\/schema.org","@graph":[{"@type":"WebPage","@id":"https:\/\/www.ghostysky.com\/product\/emlid-flow-survey-plan-monthly-subscription\/","url":"https:\/\/www.ghostysky.com\/product\/emlid-flow-survey-plan-monthly-subscription\/","name":"Plan Emlid Flow Survey (suscripci\u00f3n mensual) - Ghostysky","isPartOf":{"@id":"https:\/\/www.ghostysky.com\/#website"},"primaryImageOfPage":{"@id":"https:\/\/www.ghostysky.com\/product\/emlid-flow-survey-plan-monthly-subscription\/#primaryimage"},"image":{"@id":"https:\/\/www.ghostysky.com\/product\/emlid-flow-survey-plan-monthly-subscription\/#primaryimage"},"thumbnailUrl":"https:\/\/www.ghostysky.com\/wp-content\/uploads\/2024\/05\/GH_Emlid_Flow_Survey_1.jpg","datePublished":"2024-05-22T13:16:33+00:00","dateModified":"2024-11-05T18:01:18+00:00","description":"El Plan Emlid Flow Survey es un servicio de suscripci\u00f3n que desbloquea funciones avanzadas para la topograf\u00eda territorial en la plataforma Emlid Flow. Est\u00e1 dise\u00f1ado para usuarios que necesitan algo m\u00e1s que una simple recopilaci\u00f3n de puntos b\u00e1sica.","breadcrumb":{"@id":"https:\/\/www.ghostysky.com\/product\/emlid-flow-survey-plan-monthly-subscription\/#breadcrumb"},"inLanguage":"es","potentialAction":[{"@type":"ReadAction","target":["https:\/\/www.ghostysky.com\/product\/emlid-flow-survey-plan-monthly-subscription\/"]}]},{"@type":"ImageObject","inLanguage":"es","@id":"https:\/\/www.ghostysky.com\/product\/emlid-flow-survey-plan-monthly-subscription\/#primaryimage","url":"https:\/\/www.ghostysky.com\/wp-content\/uploads\/2024\/05\/GH_Emlid_Flow_Survey_1.jpg","contentUrl":"https:\/\/www.ghostysky.com\/wp-content\/uploads\/2024\/05\/GH_Emlid_Flow_Survey_1.jpg","width":800,"height":800},{"@type":"BreadcrumbList","@id":"https:\/\/www.ghostysky.com\/product\/emlid-flow-survey-plan-monthly-subscription\/#breadcrumb","itemListElement":[{"@type":"ListItem","position":1,"name":"Home","item":"https:\/\/www.ghostysky.com\/"},{"@type":"ListItem","position":2,"name":"Shop","item":"https:\/\/www.ghostysky.com\/shop\/"},{"@type":"ListItem","position":3,"name":"Emlid Flow Survey Plan (Monthly subscription)"}]},{"@type":"WebSite","@id":"https:\/\/www.ghostysky.com\/#website","url":"https:\/\/www.ghostysky.com\/","name":"Ghostysky","description":"Entrega de drones y servicios profesionales","publisher":{"@id":"https:\/\/www.ghostysky.com\/#organization"},"potentialAction":[{"@type":"SearchAction","target":{"@type":"EntryPoint","urlTemplate":"https:\/\/www.ghostysky.com\/?s={search_term_string}"},"query-input":{"@type":"PropertyValueSpecification","valueRequired":true,"valueName":"search_term_string"}}],"inLanguage":"es"},{"@type":"Organization","@id":"https:\/\/www.ghostysky.com\/#organization","name":"Ghostysky","url":"https:\/\/www.ghostysky.com\/","logo":{"@type":"ImageObject","inLanguage":"es","@id":"https:\/\/www.ghostysky.com\/#\/schema\/logo\/image\/","url":"https:\/\/www.ghostysky.com\/wp-content\/uploads\/2020\/06\/cropped-ghostyskylogo_text_white2.png","contentUrl":"https:\/\/www.ghostysky.com\/wp-content\/uploads\/2020\/06\/cropped-ghostyskylogo_text_white2.png","width":169,"height":56,"caption":"Ghostysky"},"image":{"@id":"https:\/\/www.ghostysky.com\/#\/schema\/logo\/image\/"},"sameAs":["https:\/\/www.facebook.com\/people\/Ghostysky\/100057676170234\/","https:\/\/x.com\/Gh0stysky","https:\/\/www.linkedin.com\/company\/34739653","https:\/\/www.instagram.com\/gh0stysky"]}]}},"_links":{"self":[{"href":"https:\/\/www.ghostysky.com\/es\/wp-json\/wp\/v2\/product\/19145","targetHints":{"allow":["GET"]}}],"collection":[{"href":"https:\/\/www.ghostysky.com\/es\/wp-json\/wp\/v2\/product"}],"about":[{"href":"https:\/\/www.ghostysky.com\/es\/wp-json\/wp\/v2\/types\/product"}],"replies":[{"embeddable":true,"href":"https:\/\/www.ghostysky.com\/es\/wp-json\/wp\/v2\/comments?post=19145"}],"version-history":[{"count":0,"href":"https:\/\/www.ghostysky.com\/es\/wp-json\/wp\/v2\/product\/19145\/revisions"}],"wp:featuredmedia":[{"embeddable":true,"href":"https:\/\/www.ghostysky.com\/es\/wp-json\/wp\/v2\/media\/19144"}],"wp:attachment":[{"href":"https:\/\/www.ghostysky.com\/es\/wp-json\/wp\/v2\/media?parent=19145"}],"wp:term":[{"taxonomy":"product_brand","embeddable":true,"href":"https:\/\/www.ghostysky.com\/es\/wp-json\/wp\/v2\/product_brand?post=19145"},{"taxonomy":"product_cat","embeddable":true,"href":"https:\/\/www.ghostysky.com\/es\/wp-json\/wp\/v2\/product_cat?post=19145"},{"taxonomy":"product_tag","embeddable":true,"href":"https:\/\/www.ghostysky.com\/es\/wp-json\/wp\/v2\/product_tag?post=19145"}],"curies":[{"name":"wp","href":"https:\/\/api.w.org\/{rel}","templated":true}]}}