{"id":19170,"date":"2024-05-22T14:33:09","date_gmt":"2024-05-22T14:33:09","guid":{"rendered":"https:\/\/www.ghostysky.com\/?post_type=product&#038;p=19170"},"modified":"2025-10-14T11:54:52","modified_gmt":"2025-10-14T11:54:52","slug":"geoace-scanace-perpetual-license","status":"publish","type":"product","link":"https:\/\/www.ghostysky.com\/es\/product\/geoace-scanace-perpetual-license\/","title":{"rendered":"Paquete GeoAce + ScanAce \u2013 Licencia perpetua"},"content":{"rendered":"<p><strong>ScanAce<\/strong> de ITS Geo Solutions es una aplicaci\u00f3n de escaneo 3D profesional dise\u00f1ada para su uso en tel\u00e9fonos inteligentes y tabletas. Atiende diversos campos, incluidos topograf\u00eda, construcci\u00f3n, servicios p\u00fablicos, arqueolog\u00eda, arquitectura y SIG (Sistemas de informaci\u00f3n geogr\u00e1fica).<\/p>\n<p><strong>GeoAce<\/strong> es una aplicaci\u00f3n de software de Realidad Aumentada (AR) dise\u00f1ada para su uso en los campos de Sistemas de Informaci\u00f3n Geogr\u00e1fica (SIG), cartograf\u00eda y topograf\u00eda.<\/p>","protected":false},"excerpt":{"rendered":"<p>Paquete que incluye software GeoAce y ScanAce, licencias permanentes.<\/p>\n<p>Kit online disponible para el software \u2013 <a href=\"https:\/\/www.ghostysky.com\/es\/producto-2\/emlid-rx-iphone-kit\/\">Kit Emlid RX para iPhone<\/a><\/p>","protected":false},"featured_media":19171,"comment_status":"open","ping_status":"closed","template":"","meta":[],"product_brand":[],"product_cat":[922,31],"product_tag":[924,920,897,923],"class_list":{"0":"post-19170","1":"product","2":"type-product","3":"status-publish","4":"has-post-thumbnail","6":"product_cat-its-geo","7":"product_cat-software","8":"product_tag-emlid-rx-iphone-kit","9":"product_tag-geoace","10":"product_tag-perpetual-license","11":"product_tag-visual-surveying","13":"first","14":"instock","15":"taxable","16":"shipping-taxable","17":"product-type-simple"},"yoast_head":"<!-- This site is optimized with the Yoast SEO plugin v27.1.1 - https:\/\/yoast.com\/product\/yoast-seo-wordpress\/ -->\n<title>GeoAce + ScanAce Bundle - Perpetual License - Ghostysky<\/title>\n<meta name=\"description\" content=\"Bundle including GeoAce and ScanAce software, Permanent licenses.\" \/>\n<meta name=\"robots\" content=\"index, follow, max-snippet:-1, max-image-preview:large, max-video-preview:-1\" \/>\n<link rel=\"canonical\" href=\"https:\/\/www.ghostysky.com\/es\/producto-2\/geoace-scanace-perpetual-license\/\" \/>\n<meta property=\"og:locale\" content=\"es_ES\" \/>\n<meta property=\"og:type\" content=\"article\" \/>\n<meta property=\"og:title\" content=\"GeoAce + ScanAce Bundle - Perpetual License - Ghostysky\" \/>\n<meta property=\"og:description\" content=\"Bundle including GeoAce and ScanAce software, Permanent licenses.\" \/>\n<meta property=\"og:url\" content=\"https:\/\/www.ghostysky.com\/es\/producto-2\/geoace-scanace-perpetual-license\/\" \/>\n<meta property=\"og:site_name\" content=\"Ghostysky\" \/>\n<meta property=\"article:publisher\" content=\"https:\/\/www.facebook.com\/people\/Ghostysky\/100057676170234\/\" \/>\n<meta property=\"article:modified_time\" content=\"2025-10-14T11:54:52+00:00\" \/>\n<meta property=\"og:image\" content=\"https:\/\/www.ghostysky.com\/wp-content\/uploads\/2024\/05\/GH_EmlidRX_GeoAce_all.jpg\" \/>\n\t<meta property=\"og:image:width\" content=\"291\" \/>\n\t<meta property=\"og:image:height\" content=\"200\" \/>\n\t<meta property=\"og:image:type\" content=\"image\/jpeg\" \/>\n<meta name=\"twitter:card\" content=\"summary_large_image\" \/>\n<meta name=\"twitter:site\" content=\"@Gh0stysky\" \/>\n<meta name=\"twitter:label1\" content=\"Tiempo de lectura\" \/>\n\t<meta name=\"twitter:data1\" content=\"1 minuto\" \/>\n<script type=\"application\/ld+json\" class=\"yoast-schema-graph\">{\"@context\":\"https:\/\/schema.org\",\"@graph\":[{\"@type\":\"WebPage\",\"@id\":\"https:\/\/www.ghostysky.com\/product\/geoace-scanace-perpetual-license\/\",\"url\":\"https:\/\/www.ghostysky.com\/product\/geoace-scanace-perpetual-license\/\",\"name\":\"GeoAce + ScanAce Bundle - Perpetual License - Ghostysky\",\"isPartOf\":{\"@id\":\"https:\/\/www.ghostysky.com\/#website\"},\"primaryImageOfPage\":{\"@id\":\"https:\/\/www.ghostysky.com\/product\/geoace-scanace-perpetual-license\/#primaryimage\"},\"image\":{\"@id\":\"https:\/\/www.ghostysky.com\/product\/geoace-scanace-perpetual-license\/#primaryimage\"},\"thumbnailUrl\":\"https:\/\/www.ghostysky.com\/wp-content\/uploads\/2024\/05\/GH_EmlidRX_GeoAce_all.jpg\",\"datePublished\":\"2024-05-22T14:33:09+00:00\",\"dateModified\":\"2025-10-14T11:54:52+00:00\",\"description\":\"Bundle including GeoAce and ScanAce software, Permanent licenses.\",\"breadcrumb\":{\"@id\":\"https:\/\/www.ghostysky.com\/product\/geoace-scanace-perpetual-license\/#breadcrumb\"},\"inLanguage\":\"es\",\"potentialAction\":[{\"@type\":\"ReadAction\",\"target\":[\"https:\/\/www.ghostysky.com\/product\/geoace-scanace-perpetual-license\/\"]}]},{\"@type\":\"ImageObject\",\"inLanguage\":\"es\",\"@id\":\"https:\/\/www.ghostysky.com\/product\/geoace-scanace-perpetual-license\/#primaryimage\",\"url\":\"https:\/\/www.ghostysky.com\/wp-content\/uploads\/2024\/05\/GH_EmlidRX_GeoAce_all.jpg\",\"contentUrl\":\"https:\/\/www.ghostysky.com\/wp-content\/uploads\/2024\/05\/GH_EmlidRX_GeoAce_all.jpg\",\"width\":291,\"height\":200},{\"@type\":\"BreadcrumbList\",\"@id\":\"https:\/\/www.ghostysky.com\/product\/geoace-scanace-perpetual-license\/#breadcrumb\",\"itemListElement\":[{\"@type\":\"ListItem\",\"position\":1,\"name\":\"Home\",\"item\":\"https:\/\/www.ghostysky.com\/\"},{\"@type\":\"ListItem\",\"position\":2,\"name\":\"Shop\",\"item\":\"https:\/\/www.ghostysky.com\/shop\/\"},{\"@type\":\"ListItem\",\"position\":3,\"name\":\"GeoAce + ScanAce Bundle &#8211; Perpetual License\"}]},{\"@type\":\"WebSite\",\"@id\":\"https:\/\/www.ghostysky.com\/#website\",\"url\":\"https:\/\/www.ghostysky.com\/\",\"name\":\"Ghostysky\",\"description\":\"Delivering professional drones and services\",\"publisher\":{\"@id\":\"https:\/\/www.ghostysky.com\/#organization\"},\"potentialAction\":[{\"@type\":\"SearchAction\",\"target\":{\"@type\":\"EntryPoint\",\"urlTemplate\":\"https:\/\/www.ghostysky.com\/?s={search_term_string}\"},\"query-input\":{\"@type\":\"PropertyValueSpecification\",\"valueRequired\":true,\"valueName\":\"search_term_string\"}}],\"inLanguage\":\"es\"},{\"@type\":\"Organization\",\"@id\":\"https:\/\/www.ghostysky.com\/#organization\",\"name\":\"Ghostysky\",\"url\":\"https:\/\/www.ghostysky.com\/\",\"logo\":{\"@type\":\"ImageObject\",\"inLanguage\":\"es\",\"@id\":\"https:\/\/www.ghostysky.com\/#\/schema\/logo\/image\/\",\"url\":\"https:\/\/www.ghostysky.com\/wp-content\/uploads\/2020\/06\/cropped-ghostyskylogo_text_white2.png\",\"contentUrl\":\"https:\/\/www.ghostysky.com\/wp-content\/uploads\/2020\/06\/cropped-ghostyskylogo_text_white2.png\",\"width\":169,\"height\":56,\"caption\":\"Ghostysky\"},\"image\":{\"@id\":\"https:\/\/www.ghostysky.com\/#\/schema\/logo\/image\/\"},\"sameAs\":[\"https:\/\/www.facebook.com\/people\/Ghostysky\/100057676170234\/\",\"https:\/\/x.com\/Gh0stysky\",\"https:\/\/www.linkedin.com\/company\/34739653\",\"https:\/\/www.instagram.com\/gh0stysky\"]}]}<\/script>\n<!-- \/ Yoast SEO plugin. -->","yoast_head_json":{"title":"Paquete GeoAce + ScanAce - Licencia perpetua - Ghostysky","description":"Paquete que incluye software GeoAce y ScanAce, licencias permanentes.","robots":{"index":"index","follow":"follow","max-snippet":"max-snippet:-1","max-image-preview":"max-image-preview:large","max-video-preview":"max-video-preview:-1"},"canonical":"https:\/\/www.ghostysky.com\/es\/producto-2\/geoace-scanace-perpetual-license\/","og_locale":"es_ES","og_type":"article","og_title":"GeoAce + ScanAce Bundle - Perpetual License - Ghostysky","og_description":"Bundle including GeoAce and ScanAce software, Permanent licenses.","og_url":"https:\/\/www.ghostysky.com\/es\/producto-2\/geoace-scanace-perpetual-license\/","og_site_name":"Ghostysky","article_publisher":"https:\/\/www.facebook.com\/people\/Ghostysky\/100057676170234\/","article_modified_time":"2025-10-14T11:54:52+00:00","og_image":[{"width":291,"height":200,"url":"https:\/\/www.ghostysky.com\/wp-content\/uploads\/2024\/05\/GH_EmlidRX_GeoAce_all.jpg","type":"image\/jpeg"}],"twitter_card":"summary_large_image","twitter_site":"@Gh0stysky","twitter_misc":{"Tiempo de lectura":"1 minuto"},"schema":{"@context":"https:\/\/schema.org","@graph":[{"@type":"WebPage","@id":"https:\/\/www.ghostysky.com\/product\/geoace-scanace-perpetual-license\/","url":"https:\/\/www.ghostysky.com\/product\/geoace-scanace-perpetual-license\/","name":"Paquete GeoAce + ScanAce - Licencia perpetua - Ghostysky","isPartOf":{"@id":"https:\/\/www.ghostysky.com\/#website"},"primaryImageOfPage":{"@id":"https:\/\/www.ghostysky.com\/product\/geoace-scanace-perpetual-license\/#primaryimage"},"image":{"@id":"https:\/\/www.ghostysky.com\/product\/geoace-scanace-perpetual-license\/#primaryimage"},"thumbnailUrl":"https:\/\/www.ghostysky.com\/wp-content\/uploads\/2024\/05\/GH_EmlidRX_GeoAce_all.jpg","datePublished":"2024-05-22T14:33:09+00:00","dateModified":"2025-10-14T11:54:52+00:00","description":"Paquete que incluye software GeoAce y ScanAce, licencias permanentes.","breadcrumb":{"@id":"https:\/\/www.ghostysky.com\/product\/geoace-scanace-perpetual-license\/#breadcrumb"},"inLanguage":"es","potentialAction":[{"@type":"ReadAction","target":["https:\/\/www.ghostysky.com\/product\/geoace-scanace-perpetual-license\/"]}]},{"@type":"ImageObject","inLanguage":"es","@id":"https:\/\/www.ghostysky.com\/product\/geoace-scanace-perpetual-license\/#primaryimage","url":"https:\/\/www.ghostysky.com\/wp-content\/uploads\/2024\/05\/GH_EmlidRX_GeoAce_all.jpg","contentUrl":"https:\/\/www.ghostysky.com\/wp-content\/uploads\/2024\/05\/GH_EmlidRX_GeoAce_all.jpg","width":291,"height":200},{"@type":"BreadcrumbList","@id":"https:\/\/www.ghostysky.com\/product\/geoace-scanace-perpetual-license\/#breadcrumb","itemListElement":[{"@type":"ListItem","position":1,"name":"Home","item":"https:\/\/www.ghostysky.com\/"},{"@type":"ListItem","position":2,"name":"Shop","item":"https:\/\/www.ghostysky.com\/shop\/"},{"@type":"ListItem","position":3,"name":"GeoAce + ScanAce Bundle &#8211; Perpetual License"}]},{"@type":"WebSite","@id":"https:\/\/www.ghostysky.com\/#website","url":"https:\/\/www.ghostysky.com\/","name":"Ghostysky","description":"Entrega de drones y servicios profesionales","publisher":{"@id":"https:\/\/www.ghostysky.com\/#organization"},"potentialAction":[{"@type":"SearchAction","target":{"@type":"EntryPoint","urlTemplate":"https:\/\/www.ghostysky.com\/?s={search_term_string}"},"query-input":{"@type":"PropertyValueSpecification","valueRequired":true,"valueName":"search_term_string"}}],"inLanguage":"es"},{"@type":"Organization","@id":"https:\/\/www.ghostysky.com\/#organization","name":"Ghostysky","url":"https:\/\/www.ghostysky.com\/","logo":{"@type":"ImageObject","inLanguage":"es","@id":"https:\/\/www.ghostysky.com\/#\/schema\/logo\/image\/","url":"https:\/\/www.ghostysky.com\/wp-content\/uploads\/2020\/06\/cropped-ghostyskylogo_text_white2.png","contentUrl":"https:\/\/www.ghostysky.com\/wp-content\/uploads\/2020\/06\/cropped-ghostyskylogo_text_white2.png","width":169,"height":56,"caption":"Ghostysky"},"image":{"@id":"https:\/\/www.ghostysky.com\/#\/schema\/logo\/image\/"},"sameAs":["https:\/\/www.facebook.com\/people\/Ghostysky\/100057676170234\/","https:\/\/x.com\/Gh0stysky","https:\/\/www.linkedin.com\/company\/34739653","https:\/\/www.instagram.com\/gh0stysky"]}]}},"_links":{"self":[{"href":"https:\/\/www.ghostysky.com\/es\/wp-json\/wp\/v2\/product\/19170","targetHints":{"allow":["GET"]}}],"collection":[{"href":"https:\/\/www.ghostysky.com\/es\/wp-json\/wp\/v2\/product"}],"about":[{"href":"https:\/\/www.ghostysky.com\/es\/wp-json\/wp\/v2\/types\/product"}],"replies":[{"embeddable":true,"href":"https:\/\/www.ghostysky.com\/es\/wp-json\/wp\/v2\/comments?post=19170"}],"wp:featuredmedia":[{"embeddable":true,"href":"https:\/\/www.ghostysky.com\/es\/wp-json\/wp\/v2\/media\/19171"}],"wp:attachment":[{"href":"https:\/\/www.ghostysky.com\/es\/wp-json\/wp\/v2\/media?parent=19170"}],"wp:term":[{"taxonomy":"product_brand","embeddable":true,"href":"https:\/\/www.ghostysky.com\/es\/wp-json\/wp\/v2\/product_brand?post=19170"},{"taxonomy":"product_cat","embeddable":true,"href":"https:\/\/www.ghostysky.com\/es\/wp-json\/wp\/v2\/product_cat?post=19170"},{"taxonomy":"product_tag","embeddable":true,"href":"https:\/\/www.ghostysky.com\/es\/wp-json\/wp\/v2\/product_tag?post=19170"}],"curies":[{"name":"wp","href":"https:\/\/api.w.org\/{rel}","templated":true}]}}