{"id":19554,"date":"2024-08-08T13:44:16","date_gmt":"2024-08-08T13:44:16","guid":{"rendered":"https:\/\/www.ghostysky.com\/?post_type=product&#038;p=19554"},"modified":"2025-10-18T04:30:36","modified_gmt":"2025-10-18T04:30:36","slug":"dji-zenmuse-h30t-worry-free-basic-combo","status":"publish","type":"product","link":"https:\/\/www.ghostysky.com\/es\/product\/dji-zenmuse-h30t-worry-free-basic-combo\/","title":{"rendered":"Combo b\u00e1sico sin preocupaciones DJI Zenmuse H30T"},"content":{"rendered":"<p data-sourcepos=\"5:1-5:25\"><strong>Las caracter\u00edsticas principales incluyen:<\/strong><\/p>\n<ul data-sourcepos=\"7:1-12:0\">\n<li data-sourcepos=\"7:1-7:168\"><strong><span class=\"citation-2 recitation\">Sistema de c\u00e1mara vers\u00e1til:<\/span><\/strong><span class=\"citation-2 recitation citation-end-2\"> Equipado con una c\u00e1mara con zoom de alta resoluci\u00f3n para fotograf\u00edas detalladas de largo alcance y una c\u00e1mara gran angular para conocimiento de la situaci\u00f3n.<\/span><span class=\"button-container ng-star-inserted\"> \u00a0 <button class=\"mat-mdc-tooltip-trigger button image-fade-on hide-from-message-actions\" aria-controls=\"sources\" aria-expanded=\"false\" aria-describedby=\"cdk-describedby-message-ng-1-31\"><\/button><\/span>\n<div class=\"container\">\n<div class=\"carousel-container ng-star-inserted\">\n<div class=\"carousel-content\">\n<div class=\"sources-carousel-source hide ng-star-inserted\" data-test-id=\"sources-carousel-source\">\n<div class=\"source-card-container\">\n<div class=\"source-card-content\">\n<div class=\"source-card-body\">\n<div class=\"source-card-header\">\n<div class=\"source-card-title\"><span class=\"source-card-title-index ng-star-inserted\">1.<\/span><span class=\"ellipsis clamp-two-lines\"> Compra el combo b\u00e1sico Zenmuse H30 Worry-Free \u2013 Tienda DJI <\/span><\/div>\n<\/div>\n<\/div>\n<\/div>\n<\/div>\n<\/div>\n<\/div>\n<\/div>\n<\/div>\n<\/li>\n<li data-sourcepos=\"8:1-8:174\"><strong>Im\u00e1genes t\u00e9rmicas avanzadas:<\/strong> <span class=\"citation-3 recitation citation-end-3\">El modelo H30T ofrece una c\u00e1mara t\u00e9rmica para tareas efectivas de b\u00fasqueda y rescate, inspecci\u00f3n y monitoreo en condiciones de poca luz.<\/span><span class=\"button-container ng-star-inserted\"> \u00a0 <button class=\"mat-mdc-tooltip-trigger button image-fade-on hide-from-message-actions\" aria-controls=\"sources\" aria-expanded=\"false\" aria-describedby=\"cdk-describedby-message-ng-1-31\"><\/button><\/span>\n<div class=\"container\">\n<div class=\"carousel-container ng-star-inserted\">\n<div class=\"carousel-content\">\n<div class=\"sources-carousel-source hide ng-star-inserted\" data-test-id=\"sources-carousel-source\">\n<div class=\"source-card-container\">\n<div class=\"source-card-content\">\n<div class=\"source-card-body\">\n<div class=\"source-card-header\">\n<div class=\"source-card-title\"><span class=\"source-card-title-index ng-star-inserted\">1.<\/span><span class=\"ellipsis clamp-two-lines\"> Nueva DJI Zenmuse H30\/H30T: capacidades innovadoras | Blog de MegaDron <\/span><\/div>\n<\/div>\n<\/div>\n<\/div>\n<\/div>\n<\/div>\n<\/div>\n<\/div>\n<\/div>\n<\/li>\n<li data-sourcepos=\"9:1-9:114\"><strong><span class=\"citation-4 recitation\">Tel\u00e9metro l\u00e1ser:<\/span><\/strong><span class=\"citation-4 recitation citation-end-4\"> Mide con precisi\u00f3n distancias de hasta 3000 metros para una recopilaci\u00f3n de datos precisa.<\/span><span class=\"button-container ng-star-inserted\"> \u00a0 <button class=\"mat-mdc-tooltip-trigger button image-fade-on hide-from-message-actions\" aria-controls=\"sources\" aria-expanded=\"false\" aria-describedby=\"cdk-describedby-message-ng-1-31\"><\/button><\/span>\n<div class=\"container\">\n<div class=\"carousel-container ng-star-inserted\">\n<div class=\"carousel-content\">\n<div class=\"sources-carousel-source hide ng-star-inserted\" data-test-id=\"sources-carousel-source\">\n<div class=\"source-card-container\">\n<div class=\"source-card-content\">\n<div class=\"source-card-body\">\n<div class=\"source-card-header\">\n<div class=\"source-card-title\"><span class=\"source-card-title-index ng-star-inserted\">1.<\/span><span class=\"ellipsis clamp-two-lines\"> DJI Zenmuse H30\/H30T \u2013 Preguntas frecuentes | blog megadron <\/span><\/div>\n<\/div>\n<\/div>\n<\/div>\n<\/div>\n<\/div>\n<\/div>\n<\/div>\n<\/div>\n<\/li>\n<li data-sourcepos=\"10:1-10:128\"><strong>Rendimiento potente:<\/strong> Ofrece una calidad de imagen excepcional, largos tiempos de vuelo y un funcionamiento confiable en diversos entornos.<\/li>\n<li data-sourcepos=\"11:1-12:0\"><strong>Combo b\u00e1sico sin preocupaciones:<\/strong> Incluye protecci\u00f3n integral con hasta dos reemplazos o reparaciones gratuitas dentro de un a\u00f1o por da\u00f1os accidentales.<\/li>\n<\/ul>\n<p data-sourcepos=\"13:1-13:14\"><strong>Ideal para:<\/strong><\/p>\n<ul data-sourcepos=\"15:1-20:0\">\n<li data-sourcepos=\"15:1-15:15\">Seguridad p\u00fablica<\/li>\n<li data-sourcepos=\"16:1-16:13\">Inspecciones<\/li>\n<li data-sourcepos=\"17:1-17:27\">Monitoreo de infraestructura<\/li>\n<li data-sourcepos=\"18:1-18:19\">B\u00fasqueda y rescate<\/li>\n<li data-sourcepos=\"19:1-20:0\">Y m\u00e1s<\/li>\n<\/ul>\n<p data-sourcepos=\"21:1-21:128\"><strong>Nota:<\/strong> <span class=\"citation-5 recitation citation-end-5\">El H30T requiere un dron DJI compatible, como el Matrice 300 RTK o el Matrice 350 RTK, para su funcionamiento.<\/span><\/p>","protected":false},"excerpt":{"rendered":"<p><strong>El DJI Zenmuse H30T Worry-Free Basic Combo es una carga \u00fatil todo en uno de alto rendimiento dise\u00f1ada para aplicaciones de drones profesionales.<\/strong> Est\u00e1 dise\u00f1ado para soportar condiciones clim\u00e1ticas adversas y ofrecer un rendimiento excepcional d\u00eda y noche.<\/p>","protected":false},"featured_media":19555,"comment_status":"open","ping_status":"closed","template":"","meta":[],"product_brand":[],"product_cat":[298,622,37,253,621,29,1125,1127],"product_tag":[42,619,954],"class_list":{"0":"post-19554","1":"product","2":"type-product","3":"status-publish","4":"has-post-thumbnail","6":"product_cat-accessories-dji-mat-300-rtk","7":"product_cat-matrice-350-accessories","8":"product_cat-dji","9":"product_cat-dji-mat-300-rtk","10":"product_cat-dji-matrice-350-rtk","11":"product_cat-drones","12":"product_cat-matrice-400","13":"product_cat-matrice-400-accessories","14":"product_tag-dji","15":"product_tag-worry-free-basic-combo","16":"product_tag-zenmuse-h30t","18":"first","19":"outofstock","20":"taxable","21":"shipping-taxable","22":"purchasable","23":"product-type-simple"},"yoast_head":"<!-- This site is optimized with the Yoast SEO plugin v27.1.1 - https:\/\/yoast.com\/product\/yoast-seo-wordpress\/ -->\n<title>DJI Zenmuse H30T Worry-Free Basic Combo - Ghostysky<\/title>\n<meta name=\"description\" content=\"The DJI Zenmuse H30T Worry-Free Basic Combo is a high-performance, all-in-one payload designed for professional drone applications. It&#039;s built to withstand harsh weather conditions and deliver exceptional performance day and night.\" \/>\n<meta name=\"robots\" content=\"index, follow, max-snippet:-1, max-image-preview:large, max-video-preview:-1\" \/>\n<link rel=\"canonical\" href=\"https:\/\/www.ghostysky.com\/es\/producto-2\/dji-zenmuse-h30t-worry-free-basic-combo\/\" \/>\n<meta property=\"og:locale\" content=\"es_ES\" \/>\n<meta property=\"og:type\" content=\"article\" \/>\n<meta property=\"og:title\" content=\"DJI Zenmuse H30T Worry-Free Basic Combo - Ghostysky\" \/>\n<meta property=\"og:description\" content=\"The DJI Zenmuse H30T Worry-Free Basic Combo is a high-performance, all-in-one payload designed for professional drone applications. It&#039;s built to withstand harsh weather conditions and deliver exceptional performance day and night.\" \/>\n<meta property=\"og:url\" content=\"https:\/\/www.ghostysky.com\/es\/producto-2\/dji-zenmuse-h30t-worry-free-basic-combo\/\" \/>\n<meta property=\"og:site_name\" content=\"Ghostysky\" \/>\n<meta property=\"article:publisher\" content=\"https:\/\/www.facebook.com\/people\/Ghostysky\/100057676170234\/\" \/>\n<meta property=\"article:modified_time\" content=\"2025-10-18T04:30:36+00:00\" \/>\n<meta property=\"og:image\" content=\"https:\/\/www.ghostysky.com\/wp-content\/uploads\/2024\/08\/GH_H30T_1.jpg\" \/>\n\t<meta property=\"og:image:width\" content=\"800\" \/>\n\t<meta property=\"og:image:height\" content=\"800\" \/>\n\t<meta property=\"og:image:type\" content=\"image\/jpeg\" \/>\n<meta name=\"twitter:card\" content=\"summary_large_image\" \/>\n<meta name=\"twitter:site\" content=\"@Gh0stysky\" \/>\n<meta name=\"twitter:label1\" content=\"Tiempo de lectura\" \/>\n\t<meta name=\"twitter:data1\" content=\"1 minuto\" \/>\n<script type=\"application\/ld+json\" class=\"yoast-schema-graph\">{\"@context\":\"https:\/\/schema.org\",\"@graph\":[{\"@type\":\"WebPage\",\"@id\":\"https:\/\/www.ghostysky.com\/product\/dji-zenmuse-h30t-worry-free-basic-combo\/\",\"url\":\"https:\/\/www.ghostysky.com\/product\/dji-zenmuse-h30t-worry-free-basic-combo\/\",\"name\":\"DJI Zenmuse H30T Worry-Free Basic Combo - Ghostysky\",\"isPartOf\":{\"@id\":\"https:\/\/www.ghostysky.com\/#website\"},\"primaryImageOfPage\":{\"@id\":\"https:\/\/www.ghostysky.com\/product\/dji-zenmuse-h30t-worry-free-basic-combo\/#primaryimage\"},\"image\":{\"@id\":\"https:\/\/www.ghostysky.com\/product\/dji-zenmuse-h30t-worry-free-basic-combo\/#primaryimage\"},\"thumbnailUrl\":\"https:\/\/www.ghostysky.com\/wp-content\/uploads\/2024\/08\/GH_H30T_1.jpg\",\"datePublished\":\"2024-08-08T13:44:16+00:00\",\"dateModified\":\"2025-10-18T04:30:36+00:00\",\"description\":\"The DJI Zenmuse H30T Worry-Free Basic Combo is a high-performance, all-in-one payload designed for professional drone applications. It's built to withstand harsh weather conditions and deliver exceptional performance day and night.\",\"breadcrumb\":{\"@id\":\"https:\/\/www.ghostysky.com\/product\/dji-zenmuse-h30t-worry-free-basic-combo\/#breadcrumb\"},\"inLanguage\":\"es\",\"potentialAction\":[{\"@type\":\"ReadAction\",\"target\":[\"https:\/\/www.ghostysky.com\/product\/dji-zenmuse-h30t-worry-free-basic-combo\/\"]}]},{\"@type\":\"ImageObject\",\"inLanguage\":\"es\",\"@id\":\"https:\/\/www.ghostysky.com\/product\/dji-zenmuse-h30t-worry-free-basic-combo\/#primaryimage\",\"url\":\"https:\/\/www.ghostysky.com\/wp-content\/uploads\/2024\/08\/GH_H30T_1.jpg\",\"contentUrl\":\"https:\/\/www.ghostysky.com\/wp-content\/uploads\/2024\/08\/GH_H30T_1.jpg\",\"width\":800,\"height\":800},{\"@type\":\"BreadcrumbList\",\"@id\":\"https:\/\/www.ghostysky.com\/product\/dji-zenmuse-h30t-worry-free-basic-combo\/#breadcrumb\",\"itemListElement\":[{\"@type\":\"ListItem\",\"position\":1,\"name\":\"Home\",\"item\":\"https:\/\/www.ghostysky.com\/\"},{\"@type\":\"ListItem\",\"position\":2,\"name\":\"Shop\",\"item\":\"https:\/\/www.ghostysky.com\/shop\/\"},{\"@type\":\"ListItem\",\"position\":3,\"name\":\"DJI Zenmuse H30T Worry-Free Basic Combo\"}]},{\"@type\":\"WebSite\",\"@id\":\"https:\/\/www.ghostysky.com\/#website\",\"url\":\"https:\/\/www.ghostysky.com\/\",\"name\":\"Ghostysky\",\"description\":\"Delivering professional drones and services\",\"publisher\":{\"@id\":\"https:\/\/www.ghostysky.com\/#organization\"},\"potentialAction\":[{\"@type\":\"SearchAction\",\"target\":{\"@type\":\"EntryPoint\",\"urlTemplate\":\"https:\/\/www.ghostysky.com\/?s={search_term_string}\"},\"query-input\":{\"@type\":\"PropertyValueSpecification\",\"valueRequired\":true,\"valueName\":\"search_term_string\"}}],\"inLanguage\":\"es\"},{\"@type\":\"Organization\",\"@id\":\"https:\/\/www.ghostysky.com\/#organization\",\"name\":\"Ghostysky\",\"url\":\"https:\/\/www.ghostysky.com\/\",\"logo\":{\"@type\":\"ImageObject\",\"inLanguage\":\"es\",\"@id\":\"https:\/\/www.ghostysky.com\/#\/schema\/logo\/image\/\",\"url\":\"https:\/\/www.ghostysky.com\/wp-content\/uploads\/2020\/06\/cropped-ghostyskylogo_text_white2.png\",\"contentUrl\":\"https:\/\/www.ghostysky.com\/wp-content\/uploads\/2020\/06\/cropped-ghostyskylogo_text_white2.png\",\"width\":169,\"height\":56,\"caption\":\"Ghostysky\"},\"image\":{\"@id\":\"https:\/\/www.ghostysky.com\/#\/schema\/logo\/image\/\"},\"sameAs\":[\"https:\/\/www.facebook.com\/people\/Ghostysky\/100057676170234\/\",\"https:\/\/x.com\/Gh0stysky\",\"https:\/\/www.linkedin.com\/company\/34739653\",\"https:\/\/www.instagram.com\/gh0stysky\"]}]}<\/script>\n<!-- \/ Yoast SEO plugin. -->","yoast_head_json":{"title":"Combo b\u00e1sico sin preocupaciones DJI Zenmuse H30T - Ghostysky","description":"El DJI Zenmuse H30T Worry-Free Basic Combo es una carga \u00fatil todo en uno de alto rendimiento dise\u00f1ada para drones profesionales. Est\u00e1 dise\u00f1ada para soportar condiciones clim\u00e1ticas adversas y ofrece un rendimiento excepcional d\u00eda y noche.","robots":{"index":"index","follow":"follow","max-snippet":"max-snippet:-1","max-image-preview":"max-image-preview:large","max-video-preview":"max-video-preview:-1"},"canonical":"https:\/\/www.ghostysky.com\/es\/producto-2\/dji-zenmuse-h30t-worry-free-basic-combo\/","og_locale":"es_ES","og_type":"article","og_title":"DJI Zenmuse H30T Worry-Free Basic Combo - Ghostysky","og_description":"The DJI Zenmuse H30T Worry-Free Basic Combo is a high-performance, all-in-one payload designed for professional drone applications. It's built to withstand harsh weather conditions and deliver exceptional performance day and night.","og_url":"https:\/\/www.ghostysky.com\/es\/producto-2\/dji-zenmuse-h30t-worry-free-basic-combo\/","og_site_name":"Ghostysky","article_publisher":"https:\/\/www.facebook.com\/people\/Ghostysky\/100057676170234\/","article_modified_time":"2025-10-18T04:30:36+00:00","og_image":[{"width":800,"height":800,"url":"https:\/\/www.ghostysky.com\/wp-content\/uploads\/2024\/08\/GH_H30T_1.jpg","type":"image\/jpeg"}],"twitter_card":"summary_large_image","twitter_site":"@Gh0stysky","twitter_misc":{"Tiempo de lectura":"1 minuto"},"schema":{"@context":"https:\/\/schema.org","@graph":[{"@type":"WebPage","@id":"https:\/\/www.ghostysky.com\/product\/dji-zenmuse-h30t-worry-free-basic-combo\/","url":"https:\/\/www.ghostysky.com\/product\/dji-zenmuse-h30t-worry-free-basic-combo\/","name":"Combo b\u00e1sico sin preocupaciones DJI Zenmuse H30T - Ghostysky","isPartOf":{"@id":"https:\/\/www.ghostysky.com\/#website"},"primaryImageOfPage":{"@id":"https:\/\/www.ghostysky.com\/product\/dji-zenmuse-h30t-worry-free-basic-combo\/#primaryimage"},"image":{"@id":"https:\/\/www.ghostysky.com\/product\/dji-zenmuse-h30t-worry-free-basic-combo\/#primaryimage"},"thumbnailUrl":"https:\/\/www.ghostysky.com\/wp-content\/uploads\/2024\/08\/GH_H30T_1.jpg","datePublished":"2024-08-08T13:44:16+00:00","dateModified":"2025-10-18T04:30:36+00:00","description":"El DJI Zenmuse H30T Worry-Free Basic Combo es una carga \u00fatil todo en uno de alto rendimiento dise\u00f1ada para drones profesionales. Est\u00e1 dise\u00f1ada para soportar condiciones clim\u00e1ticas adversas y ofrece un rendimiento excepcional d\u00eda y noche.","breadcrumb":{"@id":"https:\/\/www.ghostysky.com\/product\/dji-zenmuse-h30t-worry-free-basic-combo\/#breadcrumb"},"inLanguage":"es","potentialAction":[{"@type":"ReadAction","target":["https:\/\/www.ghostysky.com\/product\/dji-zenmuse-h30t-worry-free-basic-combo\/"]}]},{"@type":"ImageObject","inLanguage":"es","@id":"https:\/\/www.ghostysky.com\/product\/dji-zenmuse-h30t-worry-free-basic-combo\/#primaryimage","url":"https:\/\/www.ghostysky.com\/wp-content\/uploads\/2024\/08\/GH_H30T_1.jpg","contentUrl":"https:\/\/www.ghostysky.com\/wp-content\/uploads\/2024\/08\/GH_H30T_1.jpg","width":800,"height":800},{"@type":"BreadcrumbList","@id":"https:\/\/www.ghostysky.com\/product\/dji-zenmuse-h30t-worry-free-basic-combo\/#breadcrumb","itemListElement":[{"@type":"ListItem","position":1,"name":"Home","item":"https:\/\/www.ghostysky.com\/"},{"@type":"ListItem","position":2,"name":"Shop","item":"https:\/\/www.ghostysky.com\/shop\/"},{"@type":"ListItem","position":3,"name":"DJI Zenmuse H30T Worry-Free Basic Combo"}]},{"@type":"WebSite","@id":"https:\/\/www.ghostysky.com\/#website","url":"https:\/\/www.ghostysky.com\/","name":"Ghostysky","description":"Entrega de drones y servicios profesionales","publisher":{"@id":"https:\/\/www.ghostysky.com\/#organization"},"potentialAction":[{"@type":"SearchAction","target":{"@type":"EntryPoint","urlTemplate":"https:\/\/www.ghostysky.com\/?s={search_term_string}"},"query-input":{"@type":"PropertyValueSpecification","valueRequired":true,"valueName":"search_term_string"}}],"inLanguage":"es"},{"@type":"Organization","@id":"https:\/\/www.ghostysky.com\/#organization","name":"Ghostysky","url":"https:\/\/www.ghostysky.com\/","logo":{"@type":"ImageObject","inLanguage":"es","@id":"https:\/\/www.ghostysky.com\/#\/schema\/logo\/image\/","url":"https:\/\/www.ghostysky.com\/wp-content\/uploads\/2020\/06\/cropped-ghostyskylogo_text_white2.png","contentUrl":"https:\/\/www.ghostysky.com\/wp-content\/uploads\/2020\/06\/cropped-ghostyskylogo_text_white2.png","width":169,"height":56,"caption":"Ghostysky"},"image":{"@id":"https:\/\/www.ghostysky.com\/#\/schema\/logo\/image\/"},"sameAs":["https:\/\/www.facebook.com\/people\/Ghostysky\/100057676170234\/","https:\/\/x.com\/Gh0stysky","https:\/\/www.linkedin.com\/company\/34739653","https:\/\/www.instagram.com\/gh0stysky"]}]}},"_links":{"self":[{"href":"https:\/\/www.ghostysky.com\/es\/wp-json\/wp\/v2\/product\/19554","targetHints":{"allow":["GET"]}}],"collection":[{"href":"https:\/\/www.ghostysky.com\/es\/wp-json\/wp\/v2\/product"}],"about":[{"href":"https:\/\/www.ghostysky.com\/es\/wp-json\/wp\/v2\/types\/product"}],"replies":[{"embeddable":true,"href":"https:\/\/www.ghostysky.com\/es\/wp-json\/wp\/v2\/comments?post=19554"}],"wp:featuredmedia":[{"embeddable":true,"href":"https:\/\/www.ghostysky.com\/es\/wp-json\/wp\/v2\/media\/19555"}],"wp:attachment":[{"href":"https:\/\/www.ghostysky.com\/es\/wp-json\/wp\/v2\/media?parent=19554"}],"wp:term":[{"taxonomy":"product_brand","embeddable":true,"href":"https:\/\/www.ghostysky.com\/es\/wp-json\/wp\/v2\/product_brand?post=19554"},{"taxonomy":"product_cat","embeddable":true,"href":"https:\/\/www.ghostysky.com\/es\/wp-json\/wp\/v2\/product_cat?post=19554"},{"taxonomy":"product_tag","embeddable":true,"href":"https:\/\/www.ghostysky.com\/es\/wp-json\/wp\/v2\/product_tag?post=19554"}],"curies":[{"name":"wp","href":"https:\/\/api.w.org\/{rel}","templated":true}]}}