{"id":1959,"date":"2021-02-19T11:14:40","date_gmt":"2021-02-19T11:14:40","guid":{"rendered":"https:\/\/www.ghostysky.com\/?post_type=product&#038;p=1959"},"modified":"2026-01-24T09:38:56","modified_gmt":"2026-01-24T09:38:56","slug":"pix4dmapper-educational-classroom-perpetual-license","status":"publish","type":"product","link":"https:\/\/www.ghostysky.com\/es\/product\/pix4dmapper-educational-classroom-perpetual-license\/","title":{"rendered":"Pix4Dmapper Educational Classroom \u2013 Licencia perpetua"},"content":{"rendered":"<p><strong>CAPTURA<\/strong><\/p>\n<p>Capture im\u00e1genes RGB, t\u00e9rmicas o multiespectrales con cualquier c\u00e1mara.<\/p>\n<p>Si utiliza un dron, automatice el vuelo y la transferencia de datos de im\u00e1genes con nuestra aplicaci\u00f3n gratuita Pix4Dcapture.<\/p>\n<p><strong>DIGITALIZAR<\/strong><\/p>\n<p>Los algoritmos de fotogrametr\u00eda de Pix4Dmapper transforman sus im\u00e1genes terrestres o a\u00e9reas en mapas digitales y modelos 3D.<\/p>\n<p>Procese sin problemas sus proyectos en su escritorio con nuestro software de fotogrametr\u00eda, o comb\u00ednelo con Pix4Dcloud para el procesamiento en l\u00ednea.<\/p>\n<p><strong>CONTROL<\/strong><\/p>\n<p>Utilice el poder de la fotogrametr\u00eda en el entorno rayCloud para evaluar, controlar y mejorar la calidad de sus proyectos.<\/p>\n<p>Utilice el informe de calidad para examinar una vista previa de los resultados generados, detalles de calibraci\u00f3n y muchos m\u00e1s indicadores de calidad del proyecto.<\/p>\n<p><strong>MEDIR E INSPECCIONAR<\/strong><\/p>\n<p>Mida con precisi\u00f3n distancias, \u00e1reas y vol\u00famenes.<\/p>\n<p><strong>COLABORAR Y COMPARTIR<\/strong><\/p>\n<p>Agilice la comunicaci\u00f3n del proyecto y el trabajo en equipo.<br \/>\nComparta de forma selectiva y segura informaci\u00f3n y datos del proyecto con su equipo, clientes y proveedores, utilizando formatos de archivo est\u00e1ndar.<\/p>\n<p>Consulta nuestra demostraci\u00f3n <a href=\"https:\/\/www.ghostysky.com\/es\/2020\/10\/27\/agricultura-de-precisao-wingtraone-e-micasense-rededge-mx\/\">aqu\u00ed<\/a>.<\/p>","protected":false},"excerpt":{"rendered":"<p class=\"translation-block\">Pix4dMapper, versi\u00f3n <em>Educativa para el Aula<\/em> \u2013 Licencia perpetua<\/p>\n<p><strong>El poder del software de fotogrametr\u00eda<\/strong><br \/>\nUn entorno \u00fanico que conecta sus im\u00e1genes originales con cada punto de la reconstrucci\u00f3n 3D para verificar visualmente y mejorar la precisi\u00f3n de su proyecto.<\/p>\n<p><strong>Genere resultados de alta resoluci\u00f3n para cualquier proyecto y caso de uso<\/strong><br \/>\nExporte f\u00e1cilmente sus mapas y modelos digitales a formatos compatibles con la industria para an\u00e1lisis o informes adicionales<\/p>\n<hr \/>","protected":false},"featured_media":1908,"comment_status":"open","ping_status":"closed","template":"","meta":[],"product_brand":[],"product_cat":[100,101,31],"product_tag":[104,106,105,897,894,893,71],"class_list":{"0":"post-1959","1":"product","2":"type-product","3":"status-publish","4":"has-post-thumbnail","6":"product_cat-pix4d","7":"product_cat-pix4dmapper","8":"product_cat-software","9":"product_tag-dsm","10":"product_tag-nuvem-de-pontos","11":"product_tag-ortomosaicos","12":"product_tag-perpetual-license","13":"product_tag-pix4dmapper-educational","14":"product_tag-pix4dmapper-educational-classroom","15":"product_tag-software","17":"first","18":"outofstock","19":"taxable","20":"shipping-taxable","21":"product-type-simple"},"yoast_head":"<!-- This site is optimized with the Yoast SEO plugin v27.4 - https:\/\/yoast.com\/product\/yoast-seo-wordpress\/ -->\n<title>Pix4Dmapper Educational Classroom - Perpetual License -<\/title>\n<meta name=\"description\" content=\"The power of photogrammetry softwareA unique environment connecting your original images to each point of the 3D reconstruction to visually verify and improve the accuracy of your project.Generate high resolution outputs for any project and use caseEasily export your digital maps and models to industry-compatible formats for further analysis or reporting\" \/>\n<meta name=\"robots\" content=\"index, follow, max-snippet:-1, max-image-preview:large, max-video-preview:-1\" \/>\n<link rel=\"canonical\" href=\"https:\/\/www.ghostysky.com\/es\/producto-2\/pix4dmapper-educational-classroom-perpetual-license\/\" \/>\n<meta property=\"og:locale\" content=\"es_ES\" \/>\n<meta property=\"og:type\" content=\"article\" \/>\n<meta property=\"og:title\" content=\"Pix4Dmapper Educational Classroom - Perpetual License -\" \/>\n<meta property=\"og:description\" content=\"The power of photogrammetry softwareA unique environment connecting your original images to each point of the 3D reconstruction to visually verify and improve the accuracy of your project.Generate high resolution outputs for any project and use caseEasily export your digital maps and models to industry-compatible formats for further analysis or reporting\" \/>\n<meta property=\"og:url\" content=\"https:\/\/www.ghostysky.com\/es\/producto-2\/pix4dmapper-educational-classroom-perpetual-license\/\" \/>\n<meta property=\"og:site_name\" content=\"Ghostysky\" \/>\n<meta property=\"article:publisher\" content=\"https:\/\/www.facebook.com\/people\/Ghostysky\/100057676170234\/\" \/>\n<meta property=\"article:modified_time\" content=\"2026-01-24T09:38:56+00:00\" \/>\n<meta property=\"og:image\" content=\"https:\/\/www.ghostysky.com\/wp-content\/uploads\/2021\/02\/p4dmprtc1dsk.jpg\" \/>\n\t<meta property=\"og:image:width\" content=\"450\" \/>\n\t<meta property=\"og:image:height\" content=\"450\" \/>\n\t<meta property=\"og:image:type\" content=\"image\/jpeg\" \/>\n<meta name=\"twitter:card\" content=\"summary_large_image\" \/>\n<meta name=\"twitter:site\" content=\"@Gh0stysky\" \/>\n<meta name=\"twitter:label1\" content=\"Tiempo de lectura\" \/>\n\t<meta name=\"twitter:data1\" content=\"1 minuto\" \/>\n<script type=\"application\/ld+json\" class=\"yoast-schema-graph\">{\"@context\":\"https:\\\/\\\/schema.org\",\"@graph\":[{\"@type\":\"WebPage\",\"@id\":\"https:\\\/\\\/www.ghostysky.com\\\/product\\\/pix4dmapper-educational-classroom-perpetual-license\\\/\",\"url\":\"https:\\\/\\\/www.ghostysky.com\\\/product\\\/pix4dmapper-educational-classroom-perpetual-license\\\/\",\"name\":\"Pix4Dmapper Educational Classroom - Perpetual License -\",\"isPartOf\":{\"@id\":\"https:\\\/\\\/www.ghostysky.com\\\/#website\"},\"primaryImageOfPage\":{\"@id\":\"https:\\\/\\\/www.ghostysky.com\\\/product\\\/pix4dmapper-educational-classroom-perpetual-license\\\/#primaryimage\"},\"image\":{\"@id\":\"https:\\\/\\\/www.ghostysky.com\\\/product\\\/pix4dmapper-educational-classroom-perpetual-license\\\/#primaryimage\"},\"thumbnailUrl\":\"https:\\\/\\\/www.ghostysky.com\\\/wp-content\\\/uploads\\\/2021\\\/02\\\/p4dmprtc1dsk.jpg\",\"datePublished\":\"2021-02-19T11:14:40+00:00\",\"dateModified\":\"2026-01-24T09:38:56+00:00\",\"description\":\"The power of photogrammetry softwareA unique environment connecting your original images to each point of the 3D reconstruction to visually verify and improve the accuracy of your project.Generate high resolution outputs for any project and use caseEasily export your digital maps and models to industry-compatible formats for further analysis or reporting\",\"breadcrumb\":{\"@id\":\"https:\\\/\\\/www.ghostysky.com\\\/product\\\/pix4dmapper-educational-classroom-perpetual-license\\\/#breadcrumb\"},\"inLanguage\":\"es\",\"potentialAction\":[{\"@type\":\"ReadAction\",\"target\":[\"https:\\\/\\\/www.ghostysky.com\\\/product\\\/pix4dmapper-educational-classroom-perpetual-license\\\/\"]}]},{\"@type\":\"ImageObject\",\"inLanguage\":\"es\",\"@id\":\"https:\\\/\\\/www.ghostysky.com\\\/product\\\/pix4dmapper-educational-classroom-perpetual-license\\\/#primaryimage\",\"url\":\"https:\\\/\\\/www.ghostysky.com\\\/wp-content\\\/uploads\\\/2021\\\/02\\\/p4dmprtc1dsk.jpg\",\"contentUrl\":\"https:\\\/\\\/www.ghostysky.com\\\/wp-content\\\/uploads\\\/2021\\\/02\\\/p4dmprtc1dsk.jpg\",\"width\":450,\"height\":450},{\"@type\":\"BreadcrumbList\",\"@id\":\"https:\\\/\\\/www.ghostysky.com\\\/product\\\/pix4dmapper-educational-classroom-perpetual-license\\\/#breadcrumb\",\"itemListElement\":[{\"@type\":\"ListItem\",\"position\":1,\"name\":\"Home\",\"item\":\"https:\\\/\\\/www.ghostysky.com\\\/\"},{\"@type\":\"ListItem\",\"position\":2,\"name\":\"Shop\",\"item\":\"https:\\\/\\\/www.ghostysky.com\\\/shop\\\/\"},{\"@type\":\"ListItem\",\"position\":3,\"name\":\"Pix4Dmapper Educational Classroom &#8211; Perpetual License\"}]},{\"@type\":\"WebSite\",\"@id\":\"https:\\\/\\\/www.ghostysky.com\\\/#website\",\"url\":\"https:\\\/\\\/www.ghostysky.com\\\/\",\"name\":\"Ghostysky\",\"description\":\"Delivering professional drones and robotics solutions\",\"publisher\":{\"@id\":\"https:\\\/\\\/www.ghostysky.com\\\/#organization\"},\"potentialAction\":[{\"@type\":\"SearchAction\",\"target\":{\"@type\":\"EntryPoint\",\"urlTemplate\":\"https:\\\/\\\/www.ghostysky.com\\\/?s={search_term_string}\"},\"query-input\":{\"@type\":\"PropertyValueSpecification\",\"valueRequired\":true,\"valueName\":\"search_term_string\"}}],\"inLanguage\":\"es\"},{\"@type\":\"Organization\",\"@id\":\"https:\\\/\\\/www.ghostysky.com\\\/#organization\",\"name\":\"Ghostysky\",\"url\":\"https:\\\/\\\/www.ghostysky.com\\\/\",\"logo\":{\"@type\":\"ImageObject\",\"inLanguage\":\"es\",\"@id\":\"https:\\\/\\\/www.ghostysky.com\\\/#\\\/schema\\\/logo\\\/image\\\/\",\"url\":\"https:\\\/\\\/www.ghostysky.com\\\/wp-content\\\/uploads\\\/2020\\\/06\\\/cropped-ghostyskylogo_text_white2.png\",\"contentUrl\":\"https:\\\/\\\/www.ghostysky.com\\\/wp-content\\\/uploads\\\/2020\\\/06\\\/cropped-ghostyskylogo_text_white2.png\",\"width\":169,\"height\":56,\"caption\":\"Ghostysky\"},\"image\":{\"@id\":\"https:\\\/\\\/www.ghostysky.com\\\/#\\\/schema\\\/logo\\\/image\\\/\"},\"sameAs\":[\"https:\\\/\\\/www.facebook.com\\\/people\\\/Ghostysky\\\/100057676170234\\\/\",\"https:\\\/\\\/x.com\\\/Gh0stysky\",\"https:\\\/\\\/www.linkedin.com\\\/company\\\/34739653\",\"https:\\\/\\\/www.instagram.com\\\/gh0stysky\"]}]}<\/script>\n<!-- \/ Yoast SEO plugin. -->","yoast_head_json":{"title":"Aula Educativa Pix4Dmapper - Licencia Perpetua -","description":"El poder del software de fotogrametr\u00eda Un entorno \u00fanico que conecta sus im\u00e1genes originales con cada punto de la reconstrucci\u00f3n 3D para verificar visualmente y mejorar la precisi\u00f3n de su proyecto. Genere resultados de alta resoluci\u00f3n para cualquier proyecto y caso de uso Exporte f\u00e1cilmente sus mapas y modelos digitales a formatos compatibles con la industria para an\u00e1lisis o informes adicionales","robots":{"index":"index","follow":"follow","max-snippet":"max-snippet:-1","max-image-preview":"max-image-preview:large","max-video-preview":"max-video-preview:-1"},"canonical":"https:\/\/www.ghostysky.com\/es\/producto-2\/pix4dmapper-educational-classroom-perpetual-license\/","og_locale":"es_ES","og_type":"article","og_title":"Pix4Dmapper Educational Classroom - Perpetual License -","og_description":"The power of photogrammetry softwareA unique environment connecting your original images to each point of the 3D reconstruction to visually verify and improve the accuracy of your project.Generate high resolution outputs for any project and use caseEasily export your digital maps and models to industry-compatible formats for further analysis or reporting","og_url":"https:\/\/www.ghostysky.com\/es\/producto-2\/pix4dmapper-educational-classroom-perpetual-license\/","og_site_name":"Ghostysky","article_publisher":"https:\/\/www.facebook.com\/people\/Ghostysky\/100057676170234\/","article_modified_time":"2026-01-24T09:38:56+00:00","og_image":[{"width":450,"height":450,"url":"https:\/\/www.ghostysky.com\/wp-content\/uploads\/2021\/02\/p4dmprtc1dsk.jpg","type":"image\/jpeg"}],"twitter_card":"summary_large_image","twitter_site":"@Gh0stysky","twitter_misc":{"Tiempo de lectura":"1 minuto"},"schema":{"@context":"https:\/\/schema.org","@graph":[{"@type":"WebPage","@id":"https:\/\/www.ghostysky.com\/product\/pix4dmapper-educational-classroom-perpetual-license\/","url":"https:\/\/www.ghostysky.com\/product\/pix4dmapper-educational-classroom-perpetual-license\/","name":"Aula Educativa Pix4Dmapper - Licencia Perpetua -","isPartOf":{"@id":"https:\/\/www.ghostysky.com\/#website"},"primaryImageOfPage":{"@id":"https:\/\/www.ghostysky.com\/product\/pix4dmapper-educational-classroom-perpetual-license\/#primaryimage"},"image":{"@id":"https:\/\/www.ghostysky.com\/product\/pix4dmapper-educational-classroom-perpetual-license\/#primaryimage"},"thumbnailUrl":"https:\/\/www.ghostysky.com\/wp-content\/uploads\/2021\/02\/p4dmprtc1dsk.jpg","datePublished":"2021-02-19T11:14:40+00:00","dateModified":"2026-01-24T09:38:56+00:00","description":"El poder del software de fotogrametr\u00eda Un entorno \u00fanico que conecta sus im\u00e1genes originales con cada punto de la reconstrucci\u00f3n 3D para verificar visualmente y mejorar la precisi\u00f3n de su proyecto. Genere resultados de alta resoluci\u00f3n para cualquier proyecto y caso de uso Exporte f\u00e1cilmente sus mapas y modelos digitales a formatos compatibles con la industria para an\u00e1lisis o informes adicionales","breadcrumb":{"@id":"https:\/\/www.ghostysky.com\/product\/pix4dmapper-educational-classroom-perpetual-license\/#breadcrumb"},"inLanguage":"es","potentialAction":[{"@type":"ReadAction","target":["https:\/\/www.ghostysky.com\/product\/pix4dmapper-educational-classroom-perpetual-license\/"]}]},{"@type":"ImageObject","inLanguage":"es","@id":"https:\/\/www.ghostysky.com\/product\/pix4dmapper-educational-classroom-perpetual-license\/#primaryimage","url":"https:\/\/www.ghostysky.com\/wp-content\/uploads\/2021\/02\/p4dmprtc1dsk.jpg","contentUrl":"https:\/\/www.ghostysky.com\/wp-content\/uploads\/2021\/02\/p4dmprtc1dsk.jpg","width":450,"height":450},{"@type":"BreadcrumbList","@id":"https:\/\/www.ghostysky.com\/product\/pix4dmapper-educational-classroom-perpetual-license\/#breadcrumb","itemListElement":[{"@type":"ListItem","position":1,"name":"Home","item":"https:\/\/www.ghostysky.com\/"},{"@type":"ListItem","position":2,"name":"Shop","item":"https:\/\/www.ghostysky.com\/shop\/"},{"@type":"ListItem","position":3,"name":"Pix4Dmapper Educational Classroom &#8211; Perpetual License"}]},{"@type":"WebSite","@id":"https:\/\/www.ghostysky.com\/#website","url":"https:\/\/www.ghostysky.com\/","name":"Ghostysky","description":"Ofrecemos soluciones profesionales de drones y rob\u00f3tica.","publisher":{"@id":"https:\/\/www.ghostysky.com\/#organization"},"potentialAction":[{"@type":"SearchAction","target":{"@type":"EntryPoint","urlTemplate":"https:\/\/www.ghostysky.com\/?s={search_term_string}"},"query-input":{"@type":"PropertyValueSpecification","valueRequired":true,"valueName":"search_term_string"}}],"inLanguage":"es"},{"@type":"Organization","@id":"https:\/\/www.ghostysky.com\/#organization","name":"Ghostysky","url":"https:\/\/www.ghostysky.com\/","logo":{"@type":"ImageObject","inLanguage":"es","@id":"https:\/\/www.ghostysky.com\/#\/schema\/logo\/image\/","url":"https:\/\/www.ghostysky.com\/wp-content\/uploads\/2020\/06\/cropped-ghostyskylogo_text_white2.png","contentUrl":"https:\/\/www.ghostysky.com\/wp-content\/uploads\/2020\/06\/cropped-ghostyskylogo_text_white2.png","width":169,"height":56,"caption":"Ghostysky"},"image":{"@id":"https:\/\/www.ghostysky.com\/#\/schema\/logo\/image\/"},"sameAs":["https:\/\/www.facebook.com\/people\/Ghostysky\/100057676170234\/","https:\/\/x.com\/Gh0stysky","https:\/\/www.linkedin.com\/company\/34739653","https:\/\/www.instagram.com\/gh0stysky"]}]}},"_links":{"self":[{"href":"https:\/\/www.ghostysky.com\/es\/wp-json\/wp\/v2\/product\/1959","targetHints":{"allow":["GET"]}}],"collection":[{"href":"https:\/\/www.ghostysky.com\/es\/wp-json\/wp\/v2\/product"}],"about":[{"href":"https:\/\/www.ghostysky.com\/es\/wp-json\/wp\/v2\/types\/product"}],"replies":[{"embeddable":true,"href":"https:\/\/www.ghostysky.com\/es\/wp-json\/wp\/v2\/comments?post=1959"}],"version-history":[{"count":0,"href":"https:\/\/www.ghostysky.com\/es\/wp-json\/wp\/v2\/product\/1959\/revisions"}],"wp:featuredmedia":[{"embeddable":true,"href":"https:\/\/www.ghostysky.com\/es\/wp-json\/wp\/v2\/media\/1908"}],"wp:attachment":[{"href":"https:\/\/www.ghostysky.com\/es\/wp-json\/wp\/v2\/media?parent=1959"}],"wp:term":[{"taxonomy":"product_brand","embeddable":true,"href":"https:\/\/www.ghostysky.com\/es\/wp-json\/wp\/v2\/product_brand?post=1959"},{"taxonomy":"product_cat","embeddable":true,"href":"https:\/\/www.ghostysky.com\/es\/wp-json\/wp\/v2\/product_cat?post=1959"},{"taxonomy":"product_tag","embeddable":true,"href":"https:\/\/www.ghostysky.com\/es\/wp-json\/wp\/v2\/product_tag?post=1959"}],"curies":[{"name":"wp","href":"https:\/\/api.w.org\/{rel}","templated":true}]}}