{"id":2006,"date":"2021-03-04T15:37:29","date_gmt":"2021-03-04T15:37:29","guid":{"rendered":"https:\/\/www.ghostysky.com\/?post_type=product&#038;p=2006"},"modified":"2024-08-01T00:13:13","modified_gmt":"2024-08-01T00:13:13","slug":"h520e-rtk","status":"publish","type":"product","link":"https:\/\/www.ghostysky.com\/es\/product\/h520e-rtk\/","title":{"rendered":"Yuneec H520E RTK"},"content":{"rendered":"<p><strong>H520E RTK: caracter\u00edsticas clave<\/strong><\/p>\n<ul>\n<li>M\u00f3dulo RTK (Real Time Kinematic) para posicionamiento relativo de alta precisi\u00f3n: 1 cm + ppm horizontal \/ 2 cm + ppm vertical<\/li>\n<li>Mantenga la precisi\u00f3n cm incluso en entornos desafiantes de GNSS (por ejemplo, entre edificios altos)<\/li>\n<li>Para un mapeo m\u00e1s r\u00e1pido y preciso (por ejemplo, topograf\u00eda compleja, inspecciones, mapeo, visualizaciones 3D)<\/li>\n<li>Tasa de actualizaci\u00f3n de posici\u00f3n, velocidad y tiempo de 5 Hz<\/li>\n<li>Totalmente integrado a YUNEEC H520E<\/li>\n<li>Todos los datos, incluidos los datos GNSS sin procesar y la soluci\u00f3n en tiempo real, se pueden registrar a bordo, listos para PPK (cinem\u00e1tica posprocesada)<\/li>\n<li>Admite se\u00f1ales de hasta 3 constelaciones GNSS entre GPS, GLONASS, Galileo y BeiDou<\/li>\n<li>Compatible con todas las cargas \u00fatiles de c\u00e1mara Yuneec H520E existentes<\/li>\n<li>Red RTK o estaci\u00f3n base necesaria<\/li>\n<\/ul>\n<p>&nbsp;<\/p>\n<p><strong>El conjunto incluye:<\/strong><\/p>\n<ul>\n<li>Dron Yuneec H520E RTK<\/li>\n<li>2x bater\u00eda<\/li>\n<li>Estaci\u00f3n de tierra ST16E con correa para el cuello<\/li>\n<li>Cargador<\/li>\n<li>Fuente de alimentaci\u00f3n del cargador<\/li>\n<li>Adaptador para alimentar el cargador desde la toma del mechero del coche<\/li>\n<li>Mini antena de panel<\/li>\n<li>10x h\u00e9lices<\/li>\n<li>Cable micro USB<\/li>\n<\/ul>\n<p>&nbsp;<\/p>\n<p>&nbsp;<\/p>","protected":false},"excerpt":{"rendered":"<p><strong>Uno de los sistemas RTK m\u00e1s r\u00e1pidos del mundo<\/strong><\/p>\n<p>El Hexac\u00f3ptero comercial H520E recibe uno de los sistemas RTK m\u00e1s r\u00e1pidos y confiables del mundo. Totalmente integrado en el H520E, garantiza la m\u00e1xima precisi\u00f3n y la disponibilidad operativa m\u00e1s r\u00e1pida posible, incluso en condiciones de GPS dif\u00edciles, como en ciudades, ca\u00f1ones o bosques. Gracias a la navegaci\u00f3n por sat\u00e9lite Real Time Kinematics, el nuevo H520E RTK podr\u00e1 pararse en el aire con precisi\u00f3n centim\u00e9trica, lo que permitir\u00e1 fotograf\u00edas repetitivas extremadamente precisas, mapeo 3D m\u00e1s r\u00e1pido y vuelos de inspecci\u00f3n m\u00e1s precisos, incluso automatizados.<\/p>\n<hr \/>","protected":false},"featured_media":10512,"comment_status":"open","ping_status":"closed","template":"","meta":[],"product_brand":[],"product_cat":[29,307,118],"product_tag":[425,424,122,125,423,426,54,427,124,422,121,539],"class_list":{"0":"post-2006","1":"product","2":"type-product","3":"status-publish","4":"has-post-thumbnail","6":"product_cat-drones","7":"product_cat-drones-yuneec","8":"product_cat-yuneec","9":"product_tag-agriculture-field","10":"product_tag-construction","11":"product_tag-h520e","12":"product_tag-h520e-rtk","13":"product_tag-mining-aggregates","14":"product_tag-researchenvironment","15":"product_tag-rtk","16":"product_tag-searchrescue","17":"product_tag-st16e","18":"product_tag-surveying-gis","19":"product_tag-yuneec","20":"product_tag-yuneec-h520e-rtk","22":"first","23":"onbackorder","24":"taxable","25":"shipping-taxable","26":"purchasable","27":"product-type-simple"},"yoast_head":"<!-- This site is optimized with the Yoast SEO plugin v27.1.1 - https:\/\/yoast.com\/product\/yoast-seo-wordpress\/ -->\n<title>Yuneec H520E RTK -<\/title>\n<meta name=\"description\" content=\"The commercial Hexacopter H520E receives one of the fastest and most reliable RTK systems in the world. Fully integrated into the H520E, it ensures the highest precision and the fastest possible operational readiness even under difficult GPS conditions like in cities, canyons or forests.\" \/>\n<meta name=\"robots\" content=\"index, follow, max-snippet:-1, max-image-preview:large, max-video-preview:-1\" \/>\n<link rel=\"canonical\" href=\"https:\/\/www.ghostysky.com\/es\/producto-2\/h520e-rtk\/\" \/>\n<meta property=\"og:locale\" content=\"es_ES\" \/>\n<meta property=\"og:type\" content=\"article\" \/>\n<meta property=\"og:title\" content=\"Yuneec H520E RTK -\" \/>\n<meta property=\"og:description\" content=\"The commercial Hexacopter H520E receives one of the fastest and most reliable RTK systems in the world. Fully integrated into the H520E, it ensures the highest precision and the fastest possible operational readiness even under difficult GPS conditions like in cities, canyons or forests.\" \/>\n<meta property=\"og:url\" content=\"https:\/\/www.ghostysky.com\/es\/producto-2\/h520e-rtk\/\" \/>\n<meta property=\"og:site_name\" content=\"Ghostysky\" \/>\n<meta property=\"article:publisher\" content=\"https:\/\/www.facebook.com\/people\/Ghostysky\/100057676170234\/\" \/>\n<meta property=\"article:modified_time\" content=\"2024-08-01T00:13:13+00:00\" \/>\n<meta property=\"og:image\" content=\"https:\/\/www.ghostysky.com\/wp-content\/uploads\/2021\/03\/YUNEEC_YUNH520E-RTKEU_01.webp\" \/>\n\t<meta property=\"og:image:width\" content=\"1000\" \/>\n\t<meta property=\"og:image:height\" content=\"639\" \/>\n\t<meta property=\"og:image:type\" content=\"image\/webp\" \/>\n<meta name=\"twitter:card\" content=\"summary_large_image\" \/>\n<meta name=\"twitter:site\" content=\"@Gh0stysky\" \/>\n<meta name=\"twitter:label1\" content=\"Tiempo de lectura\" \/>\n\t<meta name=\"twitter:data1\" content=\"1 minuto\" \/>\n<script type=\"application\/ld+json\" class=\"yoast-schema-graph\">{\"@context\":\"https:\/\/schema.org\",\"@graph\":[{\"@type\":\"WebPage\",\"@id\":\"https:\/\/www.ghostysky.com\/product\/h520e-rtk\/\",\"url\":\"https:\/\/www.ghostysky.com\/product\/h520e-rtk\/\",\"name\":\"Yuneec H520E RTK -\",\"isPartOf\":{\"@id\":\"https:\/\/www.ghostysky.com\/#website\"},\"primaryImageOfPage\":{\"@id\":\"https:\/\/www.ghostysky.com\/product\/h520e-rtk\/#primaryimage\"},\"image\":{\"@id\":\"https:\/\/www.ghostysky.com\/product\/h520e-rtk\/#primaryimage\"},\"thumbnailUrl\":\"https:\/\/www.ghostysky.com\/wp-content\/uploads\/2021\/03\/YUNEEC_YUNH520E-RTKEU_01.webp\",\"datePublished\":\"2021-03-04T15:37:29+00:00\",\"dateModified\":\"2024-08-01T00:13:13+00:00\",\"description\":\"The commercial Hexacopter H520E receives one of the fastest and most reliable RTK systems in the world. Fully integrated into the H520E, it ensures the highest precision and the fastest possible operational readiness even under difficult GPS conditions like in cities, canyons or forests.\",\"breadcrumb\":{\"@id\":\"https:\/\/www.ghostysky.com\/product\/h520e-rtk\/#breadcrumb\"},\"inLanguage\":\"es\",\"potentialAction\":[{\"@type\":\"ReadAction\",\"target\":[\"https:\/\/www.ghostysky.com\/product\/h520e-rtk\/\"]}]},{\"@type\":\"ImageObject\",\"inLanguage\":\"es\",\"@id\":\"https:\/\/www.ghostysky.com\/product\/h520e-rtk\/#primaryimage\",\"url\":\"https:\/\/www.ghostysky.com\/wp-content\/uploads\/2021\/03\/YUNEEC_YUNH520E-RTKEU_01.webp\",\"contentUrl\":\"https:\/\/www.ghostysky.com\/wp-content\/uploads\/2021\/03\/YUNEEC_YUNH520E-RTKEU_01.webp\",\"width\":1000,\"height\":639},{\"@type\":\"BreadcrumbList\",\"@id\":\"https:\/\/www.ghostysky.com\/product\/h520e-rtk\/#breadcrumb\",\"itemListElement\":[{\"@type\":\"ListItem\",\"position\":1,\"name\":\"Home\",\"item\":\"https:\/\/www.ghostysky.com\/\"},{\"@type\":\"ListItem\",\"position\":2,\"name\":\"Shop\",\"item\":\"https:\/\/www.ghostysky.com\/shop\/\"},{\"@type\":\"ListItem\",\"position\":3,\"name\":\"Yuneec H520E RTK\"}]},{\"@type\":\"WebSite\",\"@id\":\"https:\/\/www.ghostysky.com\/#website\",\"url\":\"https:\/\/www.ghostysky.com\/\",\"name\":\"Ghostysky\",\"description\":\"Delivering professional drones and services\",\"publisher\":{\"@id\":\"https:\/\/www.ghostysky.com\/#organization\"},\"potentialAction\":[{\"@type\":\"SearchAction\",\"target\":{\"@type\":\"EntryPoint\",\"urlTemplate\":\"https:\/\/www.ghostysky.com\/?s={search_term_string}\"},\"query-input\":{\"@type\":\"PropertyValueSpecification\",\"valueRequired\":true,\"valueName\":\"search_term_string\"}}],\"inLanguage\":\"es\"},{\"@type\":\"Organization\",\"@id\":\"https:\/\/www.ghostysky.com\/#organization\",\"name\":\"Ghostysky\",\"url\":\"https:\/\/www.ghostysky.com\/\",\"logo\":{\"@type\":\"ImageObject\",\"inLanguage\":\"es\",\"@id\":\"https:\/\/www.ghostysky.com\/#\/schema\/logo\/image\/\",\"url\":\"https:\/\/www.ghostysky.com\/wp-content\/uploads\/2020\/06\/cropped-ghostyskylogo_text_white2.png\",\"contentUrl\":\"https:\/\/www.ghostysky.com\/wp-content\/uploads\/2020\/06\/cropped-ghostyskylogo_text_white2.png\",\"width\":169,\"height\":56,\"caption\":\"Ghostysky\"},\"image\":{\"@id\":\"https:\/\/www.ghostysky.com\/#\/schema\/logo\/image\/\"},\"sameAs\":[\"https:\/\/www.facebook.com\/people\/Ghostysky\/100057676170234\/\",\"https:\/\/x.com\/Gh0stysky\",\"https:\/\/www.linkedin.com\/company\/34739653\",\"https:\/\/www.instagram.com\/gh0stysky\"]}]}<\/script>\n<!-- \/ Yoast SEO plugin. -->","yoast_head_json":{"title":"Yuneec H520E RTK -","description":"El hexac\u00f3ptero comercial H520E recibe uno de los sistemas RTK m\u00e1s r\u00e1pidos y fiables del mundo. Totalmente integrado en el H520E, garantiza la mayor precisi\u00f3n y la preparaci\u00f3n operativa m\u00e1s r\u00e1pida posible incluso en condiciones de GPS dif\u00edciles, como en ciudades, ca\u00f1ones o bosques.","robots":{"index":"index","follow":"follow","max-snippet":"max-snippet:-1","max-image-preview":"max-image-preview:large","max-video-preview":"max-video-preview:-1"},"canonical":"https:\/\/www.ghostysky.com\/es\/producto-2\/h520e-rtk\/","og_locale":"es_ES","og_type":"article","og_title":"Yuneec H520E RTK -","og_description":"The commercial Hexacopter H520E receives one of the fastest and most reliable RTK systems in the world. Fully integrated into the H520E, it ensures the highest precision and the fastest possible operational readiness even under difficult GPS conditions like in cities, canyons or forests.","og_url":"https:\/\/www.ghostysky.com\/es\/producto-2\/h520e-rtk\/","og_site_name":"Ghostysky","article_publisher":"https:\/\/www.facebook.com\/people\/Ghostysky\/100057676170234\/","article_modified_time":"2024-08-01T00:13:13+00:00","og_image":[{"width":1000,"height":639,"url":"https:\/\/www.ghostysky.com\/wp-content\/uploads\/2021\/03\/YUNEEC_YUNH520E-RTKEU_01.webp","type":"image\/webp"}],"twitter_card":"summary_large_image","twitter_site":"@Gh0stysky","twitter_misc":{"Tiempo de lectura":"1 minuto"},"schema":{"@context":"https:\/\/schema.org","@graph":[{"@type":"WebPage","@id":"https:\/\/www.ghostysky.com\/product\/h520e-rtk\/","url":"https:\/\/www.ghostysky.com\/product\/h520e-rtk\/","name":"Yuneec H520E RTK -","isPartOf":{"@id":"https:\/\/www.ghostysky.com\/#website"},"primaryImageOfPage":{"@id":"https:\/\/www.ghostysky.com\/product\/h520e-rtk\/#primaryimage"},"image":{"@id":"https:\/\/www.ghostysky.com\/product\/h520e-rtk\/#primaryimage"},"thumbnailUrl":"https:\/\/www.ghostysky.com\/wp-content\/uploads\/2021\/03\/YUNEEC_YUNH520E-RTKEU_01.webp","datePublished":"2021-03-04T15:37:29+00:00","dateModified":"2024-08-01T00:13:13+00:00","description":"El hexac\u00f3ptero comercial H520E recibe uno de los sistemas RTK m\u00e1s r\u00e1pidos y fiables del mundo. Totalmente integrado en el H520E, garantiza la mayor precisi\u00f3n y la preparaci\u00f3n operativa m\u00e1s r\u00e1pida posible incluso en condiciones de GPS dif\u00edciles, como en ciudades, ca\u00f1ones o bosques.","breadcrumb":{"@id":"https:\/\/www.ghostysky.com\/product\/h520e-rtk\/#breadcrumb"},"inLanguage":"es","potentialAction":[{"@type":"ReadAction","target":["https:\/\/www.ghostysky.com\/product\/h520e-rtk\/"]}]},{"@type":"ImageObject","inLanguage":"es","@id":"https:\/\/www.ghostysky.com\/product\/h520e-rtk\/#primaryimage","url":"https:\/\/www.ghostysky.com\/wp-content\/uploads\/2021\/03\/YUNEEC_YUNH520E-RTKEU_01.webp","contentUrl":"https:\/\/www.ghostysky.com\/wp-content\/uploads\/2021\/03\/YUNEEC_YUNH520E-RTKEU_01.webp","width":1000,"height":639},{"@type":"BreadcrumbList","@id":"https:\/\/www.ghostysky.com\/product\/h520e-rtk\/#breadcrumb","itemListElement":[{"@type":"ListItem","position":1,"name":"Home","item":"https:\/\/www.ghostysky.com\/"},{"@type":"ListItem","position":2,"name":"Shop","item":"https:\/\/www.ghostysky.com\/shop\/"},{"@type":"ListItem","position":3,"name":"Yuneec H520E RTK"}]},{"@type":"WebSite","@id":"https:\/\/www.ghostysky.com\/#website","url":"https:\/\/www.ghostysky.com\/","name":"Ghostysky","description":"Entrega de drones y servicios profesionales","publisher":{"@id":"https:\/\/www.ghostysky.com\/#organization"},"potentialAction":[{"@type":"SearchAction","target":{"@type":"EntryPoint","urlTemplate":"https:\/\/www.ghostysky.com\/?s={search_term_string}"},"query-input":{"@type":"PropertyValueSpecification","valueRequired":true,"valueName":"search_term_string"}}],"inLanguage":"es"},{"@type":"Organization","@id":"https:\/\/www.ghostysky.com\/#organization","name":"Ghostysky","url":"https:\/\/www.ghostysky.com\/","logo":{"@type":"ImageObject","inLanguage":"es","@id":"https:\/\/www.ghostysky.com\/#\/schema\/logo\/image\/","url":"https:\/\/www.ghostysky.com\/wp-content\/uploads\/2020\/06\/cropped-ghostyskylogo_text_white2.png","contentUrl":"https:\/\/www.ghostysky.com\/wp-content\/uploads\/2020\/06\/cropped-ghostyskylogo_text_white2.png","width":169,"height":56,"caption":"Ghostysky"},"image":{"@id":"https:\/\/www.ghostysky.com\/#\/schema\/logo\/image\/"},"sameAs":["https:\/\/www.facebook.com\/people\/Ghostysky\/100057676170234\/","https:\/\/x.com\/Gh0stysky","https:\/\/www.linkedin.com\/company\/34739653","https:\/\/www.instagram.com\/gh0stysky"]}]}},"_links":{"self":[{"href":"https:\/\/www.ghostysky.com\/es\/wp-json\/wp\/v2\/product\/2006","targetHints":{"allow":["GET"]}}],"collection":[{"href":"https:\/\/www.ghostysky.com\/es\/wp-json\/wp\/v2\/product"}],"about":[{"href":"https:\/\/www.ghostysky.com\/es\/wp-json\/wp\/v2\/types\/product"}],"replies":[{"embeddable":true,"href":"https:\/\/www.ghostysky.com\/es\/wp-json\/wp\/v2\/comments?post=2006"}],"wp:featuredmedia":[{"embeddable":true,"href":"https:\/\/www.ghostysky.com\/es\/wp-json\/wp\/v2\/media\/10512"}],"wp:attachment":[{"href":"https:\/\/www.ghostysky.com\/es\/wp-json\/wp\/v2\/media?parent=2006"}],"wp:term":[{"taxonomy":"product_brand","embeddable":true,"href":"https:\/\/www.ghostysky.com\/es\/wp-json\/wp\/v2\/product_brand?post=2006"},{"taxonomy":"product_cat","embeddable":true,"href":"https:\/\/www.ghostysky.com\/es\/wp-json\/wp\/v2\/product_cat?post=2006"},{"taxonomy":"product_tag","embeddable":true,"href":"https:\/\/www.ghostysky.com\/es\/wp-json\/wp\/v2\/product_tag?post=2006"}],"curies":[{"name":"wp","href":"https:\/\/api.w.org\/{rel}","templated":true}]}}