{"id":20162,"date":"2024-11-04T13:11:42","date_gmt":"2024-11-04T13:11:42","guid":{"rendered":"https:\/\/www.ghostysky.com\/?post_type=product&#038;p=20162"},"modified":"2024-11-05T05:50:44","modified_gmt":"2024-11-05T05:50:44","slug":"yuneec-h600-rtk-yunh600-rtkus","status":"publish","type":"product","link":"https:\/\/www.ghostysky.com\/es\/product\/yuneec-h600-rtk-yunh600-rtkus\/","title":{"rendered":"Yuneec H600 RTK (YUNH600-RTKUS)"},"content":{"rendered":"<h3 data-sourcepos=\"3:1-3:17\"><strong>Caracter\u00edsticas clave:<\/strong><\/h3>\n<ul data-sourcepos=\"5:1-11:0\">\n<li data-sourcepos=\"5:1-5:148\"><strong><span class=\"citation-2 recitation\">Precisi\u00f3n y seguridad:<\/span><\/strong><span class=\"citation-2 recitation citation-end-2\"> Los sistemas duales RTK\/GPS y la transmisi\u00f3n de datos encriptados garantizan un posicionamiento preciso y un manejo seguro de los datos.<\/span><\/li>\n<li data-sourcepos=\"5:1-5:148\"><strong><span class=\"citation-3 recitation\">Aplicaciones vers\u00e1tiles:<\/span><\/strong><span class=\"citation-3 recitation citation-end-3\"> La capacidad de intercambiar cargas \u00fatiles le permite personalizar el dron para diversas tareas, maximizando su utilidad.<\/span><span class=\"button-container hide-from-message-actions ng-star-inserted\">\u00a0 \u00a0<\/span>\n<div class=\"container ng-tns-c950992431-68 hide\">\n<div class=\"carousel-container ng-tns-c950992431-68\"><\/div>\n<\/div>\n<\/li>\n<li data-sourcepos=\"7:1-7:124\"><strong>Tiempo de vuelo extendido:<\/strong> <span class=\"citation-4 recitation citation-end-4\">El tiempo de vuelo de 50 minutos permite operaciones m\u00e1s prolongadas sin recargas frecuentes.<\/span><span class=\"button-container hide-from-message-actions ng-star-inserted\">\u00a0<\/span><\/li>\n<li data-sourcepos=\"7:1-7:124\"><strong><span class=\"citation-5 recitation\">Dise\u00f1o robusto:<\/span><\/strong><span class=\"citation-5 recitation citation-end-5\"> El dise\u00f1o de cinco rotores ofrece una redundancia de fallas m\u00e1s fuerte, lo que garantiza un rendimiento estable y confiable incluso en condiciones dif\u00edciles.<\/span><span class=\"button-container hide-from-message-actions ng-star-inserted\">\u00a0 <\/span><\/li>\n<li data-sourcepos=\"7:1-7:124\"><strong>Capacidad de carga \u00fatil:<\/strong> Capaz de transportar hasta 1 kg, soportando diversas cargas \u00fatiles para diferentes aplicaciones.<\/li>\n<li data-sourcepos=\"10:1-11:0\"><strong>Evitaci\u00f3n avanzada de obst\u00e1culos:<\/strong> Equipado con un sistema de prevenci\u00f3n de obst\u00e1culos visuales de desarrollo propio para un vuelo seguro y protegido.<\/li>\n<\/ul>\n<h3 data-sourcepos=\"12:1-12:172\"><strong>Especificaciones:<\/strong><\/h3>\n<p data-sourcepos=\"12:1-12:172\"><strong><em>DRONE:<\/em><\/strong><\/p>\n<p data-sourcepos=\"12:1-12:172\">N\u00famero de h\u00e9lices: 6<br \/>\nDistancia del eje del motor: 610 mm<br \/>\nPeso (con soporte de card\u00e1n, sin bater\u00eda ni sensor) 3,53 libras (1,6 kg)<\/p>\n<p>Interfaces de expansi\u00f3n reservadas:<br \/>\n\u2013 GPIO<br \/>\n\u2013 USB 3.0 Tipo A<br \/>\n\u2013 GMAC 1000 MB<br \/>\n\u2013 Puerto tipo C<br \/>\n\u2013 PWM<br \/>\n\u2013 UART<br \/>\n\u2013 Puerto de fuente de alimentaci\u00f3n XT30<\/p>\n<p class=\"translation-block\">M\u00e1x. Peso de carga \u00fatil: 2,20 libras (1kg)<br>\nM\u00e1x. Peso descontado: 8,16 libras (3,7 kg)<br>\nBater\u00eda: Bater\u00eda Inteligente \u00danica<br>\nDimensiones de la bater\u00eda: 178\u00d775\u00d772mm<br>\nPeso de la bater\u00eda: 2,43 libras (1,1 kg)<br>\nCapacidad de la bater\u00eda: 9800mAh<\/p>\n<p class=\"translation-block\">Dimensiones del dron desplegado: 655 \u00d7 655 \u00d7 382 mm<br>\nDimensiones del dron plegado: 263 \u00d7 342 \u00d7 382 mm<br>\nDi\u00e1metro de las h\u00e9lices: 293 mm<br>\nPaso de las palas: 5,2 pulgadas<br>\nTiempo m\u00e1ximo de vuelo: 50 minutos<br>\nDistancia m\u00e1xima del control remoto:<br>\nFCC: 9,32 millas (15 km)<br>\nCE: 4,97 millas (8 km)<\/p>\n<p class=\"translation-block\">Capacidad de resistencia al viento: 29 mph (13 m\/s)<br>\nClasificaci\u00f3n IP: IP44<\/p>\n<p class=\"translation-block\">Velocidad G m\u00e1xima de vuelo:<br>\nModo deportivo: 42,5 mph (19 m\/s)<br>\nModo angular: 22,36 mph (10 m\/s)<\/p>\n<p class=\"translation-block\">Altitud m\u00e1xima de vuelo: 4000 m sobre el nivel del mar<br>\nVelocidad m\u00e1xima de ascenso: 11,18 mph (5 m\/s)<br>\nVelocidad m\u00e1xima de descenso: 8,95 mph (4 m\/s)<\/p>\n<p class=\"translation-block\">Sistema de posicionamiento GNSS:<br>\nAntena compatible con todas las bandas, m\u00f3dulo RTK opcional para navegaci\u00f3n de alta precisi\u00f3n:<br>\nGPS + GLONASS + BeiDou + GALILEO<br>\nO modo GPS+RTK<br>\n(Antena de navegaci\u00f3n GPS dual) (opcional)<\/p>\n<p class=\"translation-block\">Precisi\u00f3n de vuelo estacionario:<br>\nVertical: \u00b10,5 m (GPS)<br>\n\u00b10,1 m (RTK)<br>\nHorizonte: \u00b11,5 m (GPS)<br>\n\u00b10,1 m (RTK)<\/p>\n<p class=\"translation-block\">Precisi\u00f3n de posicionamiento RTK:<br>\nVertical: 1,5 cm + 1 ppm<br>\nHorizontal: 1 cm + 1 ppm<\/p>\n<p><em><b>ESTACI\u00d3N TERRESTRE REMOTA T-ONE:<\/b><\/em><\/p>\n<p class=\"translation-block\">Nombre del producto: T-One<br>\nTama\u00f1o de pantalla: 7 pulgadas<br>\nDimensiones del control remoto: 209,6 \u00d7 201,6 \u00d7 109 mm<br>\nResoluci\u00f3n de pantalla: 1920 \u00d7 1200<br>\nBrillo m\u00e1ximo de la pantalla: 1000 nits<\/p>\n<p class=\"translation-block\">Hardware:<br>\nCortex-A72 + Cortex-A53<br>\nROM 32 GB + RAM 4 GB<br>\nGPS + GLONASS<\/p>\n<p class=\"translation-block\">Duraci\u00f3n de la bater\u00eda:<br>\nBrillo al 100 %: aproximadamente 5 horas<br>\nBrillo al &lt;80 %: m\u00e1s de 7,5 horas<\/p>\n<p class=\"translation-block\">Peso: menos de 2,65 libras (1,2 kg)<br>\nDistancia m\u00e1xima del control remoto (en las mejores condiciones): = 9,32 millas (15 km)<br>\nCanales: 16 canales<br>\nCanal de se\u00f1al de video: OFDM de 2,4\/5,8 GHz<br>\nClasificaci\u00f3n IP: IP44<br>\nPuerto de salida de video: HDMI<\/p>\n<p class=\"translation-block\">Puertos externos:<br>\nUSB 2.0 \/ USB 3.0 \/ HDMI \/ Micro SD \/ Tipo-C<\/p>\n<p class=\"translation-block\">Capacidad de la bater\u00eda: 7,6 V 10 000 mAh (21 700)<br>\nRango de temperatura de funcionamiento: -4 \u00b0F ~ 122 \u00b0F (-20 \u00b0C ~ 50 \u00b0C)<\/p>\n<p class=\"translation-block\"><em><b>CARGADOR DE EQUILIBRIO INTELIGENTE:<\/b><\/em><br>\nDimensiones del cargador: 150 \u00d7 87 \u00d7 65 mm<br>\nCapacidad de carga: se puede cargar 1 bater\u00eda a la vez<br>\nPantalla: Pantalla OLED de dos colores de 0,96 pulgadas<br>\nEntrada de energ\u00eda: 90 \u2013 264 V CA<br>\nRango de temperatura de funcionamiento: 14 \u00b0F ~ 122 \u00b0F (-10 \u00b0C ~ 50 \u00b0C)<br>\nPotencia m\u00e1xima: 200 W<\/p>\n<p><em><strong>EN LA CAJA:<\/strong><\/em><\/p>\n<p class=\"translation-block\">1x Fuselaje Yuneec H600.\n1x M\u00f3dulo RTK<br>\n1x Mando a distancia T-One<br>\n5x H\u00e9lices A en sentido horario<br>\n5x H\u00e9lices B en sentido antihorario<br>\n1x Correa para el cuello\n1x Cable USB-C a USB-C<br>\n1x Bater\u00eda de Vuelo Inteligente<br>\n1x Cargador est\u00e1ndar.\n1x Manual de usuario.<\/p>\n<p data-sourcepos=\"12:1-12:172\"><strong><span class=\"citation-6 recitation\">En general, el Yuneec H600 RTK es una soluci\u00f3n de dron confiable y eficiente para profesionales que buscan precisi\u00f3n, versatilidad y seguridad en sus operaciones.<\/span><\/strong><span class=\"citation-6 recitation citation-end-6\"><sup class=\"superscript ng-star-inserted\">\u00a0<\/sup><\/span><\/p>\n<p data-sourcepos=\"12:1-12:172\">","protected":false},"excerpt":{"rendered":"<p>El Yuneec H600 RTK es un dron empresarial vers\u00e1til y potente dise\u00f1ado para diversas aplicaciones, como topograf\u00eda, cartograf\u00eda, agricultura y construcci\u00f3n. Este dron ofrece un tiempo de vuelo de 50 minutos y una clasificaci\u00f3n clim\u00e1tica IP44, lo que lo hace adecuado para operar en la mayor\u00eda de las condiciones.<\/p>\n<p><b>Opciones de sensores<\/b><br \/>\n\u2013 E90-Pro<br \/>\n\u2013 E30Zx<br \/>\n\u2013 E45S<br \/>\n\u2013 ETx-Lite<br \/>\n\u2013 E20Tvx<br \/>\n\u2013 E20Tvx-Pro<\/p>","protected":false},"featured_media":20164,"comment_status":"open","ping_status":"closed","template":"","meta":[],"product_brand":[],"product_cat":[307,118],"product_tag":[1004,1003,121],"class_list":{"0":"post-20162","1":"product","2":"type-product","3":"status-publish","4":"has-post-thumbnail","6":"product_cat-drones-yuneec","7":"product_cat-yuneec","8":"product_tag-h600","9":"product_tag-h600-rtk","10":"product_tag-yuneec","12":"first","13":"onbackorder","14":"taxable","15":"shipping-taxable","16":"product-type-simple"},"yoast_head":"<!-- This site is optimized with the Yoast SEO plugin v27.4 - https:\/\/yoast.com\/product\/yoast-seo-wordpress\/ -->\n<title>Yuneec H600 RTK (YUNH600-RTKUS) - Ghostysky<\/title>\n<meta name=\"description\" content=\"The Yuneec H600 RTK is a versatile and powerful enterprise drone designed for various applications, including surveying, mapping, agriculture, and construction. This drone offers a 50-minute flight time and an IP44 weather rating, making it suitable for operation in most conditions.\" \/>\n<meta name=\"robots\" content=\"index, follow, max-snippet:-1, max-image-preview:large, max-video-preview:-1\" \/>\n<link rel=\"canonical\" href=\"https:\/\/www.ghostysky.com\/es\/producto-2\/yuneec-h600-rtk-yunh600-rtkus\/\" \/>\n<meta property=\"og:locale\" content=\"es_ES\" \/>\n<meta property=\"og:type\" content=\"article\" \/>\n<meta property=\"og:title\" content=\"Yuneec H600 RTK (YUNH600-RTKUS) - Ghostysky\" \/>\n<meta property=\"og:description\" content=\"The Yuneec H600 RTK is a versatile and powerful enterprise drone designed for various applications, including surveying, mapping, agriculture, and construction. This drone offers a 50-minute flight time and an IP44 weather rating, making it suitable for operation in most conditions.\" \/>\n<meta property=\"og:url\" content=\"https:\/\/www.ghostysky.com\/es\/producto-2\/yuneec-h600-rtk-yunh600-rtkus\/\" \/>\n<meta property=\"og:site_name\" content=\"Ghostysky\" \/>\n<meta property=\"article:publisher\" content=\"https:\/\/www.facebook.com\/people\/Ghostysky\/100057676170234\/\" \/>\n<meta property=\"article:modified_time\" content=\"2024-11-05T05:50:44+00:00\" \/>\n<meta property=\"og:image\" content=\"https:\/\/www.ghostysky.com\/wp-content\/uploads\/2024\/11\/GH_Yuneec_H600_RTK_Cover.jpg\" \/>\n\t<meta property=\"og:image:width\" content=\"1000\" \/>\n\t<meta property=\"og:image:height\" content=\"1000\" \/>\n\t<meta property=\"og:image:type\" content=\"image\/jpeg\" \/>\n<meta name=\"twitter:card\" content=\"summary_large_image\" \/>\n<meta name=\"twitter:site\" content=\"@Gh0stysky\" \/>\n<meta name=\"twitter:label1\" content=\"Tiempo de lectura\" \/>\n\t<meta name=\"twitter:data1\" content=\"3 minutos\" \/>\n<script type=\"application\/ld+json\" class=\"yoast-schema-graph\">{\"@context\":\"https:\\\/\\\/schema.org\",\"@graph\":[{\"@type\":\"WebPage\",\"@id\":\"https:\\\/\\\/www.ghostysky.com\\\/product\\\/yuneec-h600-rtk-yunh600-rtkus\\\/\",\"url\":\"https:\\\/\\\/www.ghostysky.com\\\/product\\\/yuneec-h600-rtk-yunh600-rtkus\\\/\",\"name\":\"Yuneec H600 RTK (YUNH600-RTKUS) - Ghostysky\",\"isPartOf\":{\"@id\":\"https:\\\/\\\/www.ghostysky.com\\\/#website\"},\"primaryImageOfPage\":{\"@id\":\"https:\\\/\\\/www.ghostysky.com\\\/product\\\/yuneec-h600-rtk-yunh600-rtkus\\\/#primaryimage\"},\"image\":{\"@id\":\"https:\\\/\\\/www.ghostysky.com\\\/product\\\/yuneec-h600-rtk-yunh600-rtkus\\\/#primaryimage\"},\"thumbnailUrl\":\"https:\\\/\\\/www.ghostysky.com\\\/wp-content\\\/uploads\\\/2024\\\/11\\\/GH_Yuneec_H600_RTK_Cover.jpg\",\"datePublished\":\"2024-11-04T13:11:42+00:00\",\"dateModified\":\"2024-11-05T05:50:44+00:00\",\"description\":\"The Yuneec H600 RTK is a versatile and powerful enterprise drone designed for various applications, including surveying, mapping, agriculture, and construction. This drone offers a 50-minute flight time and an IP44 weather rating, making it suitable for operation in most conditions.\",\"breadcrumb\":{\"@id\":\"https:\\\/\\\/www.ghostysky.com\\\/product\\\/yuneec-h600-rtk-yunh600-rtkus\\\/#breadcrumb\"},\"inLanguage\":\"es\",\"potentialAction\":[{\"@type\":\"ReadAction\",\"target\":[\"https:\\\/\\\/www.ghostysky.com\\\/product\\\/yuneec-h600-rtk-yunh600-rtkus\\\/\"]}]},{\"@type\":\"ImageObject\",\"inLanguage\":\"es\",\"@id\":\"https:\\\/\\\/www.ghostysky.com\\\/product\\\/yuneec-h600-rtk-yunh600-rtkus\\\/#primaryimage\",\"url\":\"https:\\\/\\\/www.ghostysky.com\\\/wp-content\\\/uploads\\\/2024\\\/11\\\/GH_Yuneec_H600_RTK_Cover.jpg\",\"contentUrl\":\"https:\\\/\\\/www.ghostysky.com\\\/wp-content\\\/uploads\\\/2024\\\/11\\\/GH_Yuneec_H600_RTK_Cover.jpg\",\"width\":1000,\"height\":1000},{\"@type\":\"BreadcrumbList\",\"@id\":\"https:\\\/\\\/www.ghostysky.com\\\/product\\\/yuneec-h600-rtk-yunh600-rtkus\\\/#breadcrumb\",\"itemListElement\":[{\"@type\":\"ListItem\",\"position\":1,\"name\":\"Home\",\"item\":\"https:\\\/\\\/www.ghostysky.com\\\/\"},{\"@type\":\"ListItem\",\"position\":2,\"name\":\"Shop\",\"item\":\"https:\\\/\\\/www.ghostysky.com\\\/shop\\\/\"},{\"@type\":\"ListItem\",\"position\":3,\"name\":\"Yuneec H600 RTK (YUNH600-RTKUS)\"}]},{\"@type\":\"WebSite\",\"@id\":\"https:\\\/\\\/www.ghostysky.com\\\/#website\",\"url\":\"https:\\\/\\\/www.ghostysky.com\\\/\",\"name\":\"Ghostysky\",\"description\":\"Delivering professional drones and robotics solutions\",\"publisher\":{\"@id\":\"https:\\\/\\\/www.ghostysky.com\\\/#organization\"},\"potentialAction\":[{\"@type\":\"SearchAction\",\"target\":{\"@type\":\"EntryPoint\",\"urlTemplate\":\"https:\\\/\\\/www.ghostysky.com\\\/?s={search_term_string}\"},\"query-input\":{\"@type\":\"PropertyValueSpecification\",\"valueRequired\":true,\"valueName\":\"search_term_string\"}}],\"inLanguage\":\"es\"},{\"@type\":\"Organization\",\"@id\":\"https:\\\/\\\/www.ghostysky.com\\\/#organization\",\"name\":\"Ghostysky\",\"url\":\"https:\\\/\\\/www.ghostysky.com\\\/\",\"logo\":{\"@type\":\"ImageObject\",\"inLanguage\":\"es\",\"@id\":\"https:\\\/\\\/www.ghostysky.com\\\/#\\\/schema\\\/logo\\\/image\\\/\",\"url\":\"https:\\\/\\\/www.ghostysky.com\\\/wp-content\\\/uploads\\\/2020\\\/06\\\/cropped-ghostyskylogo_text_white2.png\",\"contentUrl\":\"https:\\\/\\\/www.ghostysky.com\\\/wp-content\\\/uploads\\\/2020\\\/06\\\/cropped-ghostyskylogo_text_white2.png\",\"width\":169,\"height\":56,\"caption\":\"Ghostysky\"},\"image\":{\"@id\":\"https:\\\/\\\/www.ghostysky.com\\\/#\\\/schema\\\/logo\\\/image\\\/\"},\"sameAs\":[\"https:\\\/\\\/www.facebook.com\\\/people\\\/Ghostysky\\\/100057676170234\\\/\",\"https:\\\/\\\/x.com\\\/Gh0stysky\",\"https:\\\/\\\/www.linkedin.com\\\/company\\\/34739653\",\"https:\\\/\\\/www.instagram.com\\\/gh0stysky\"]}]}<\/script>\n<!-- \/ Yoast SEO plugin. -->","yoast_head_json":{"title":"Yuneec H600 RTK (YUNH600-RTKUS) - Ghostysky","description":"El Yuneec H600 RTK es un dron empresarial vers\u00e1til y potente dise\u00f1ado para diversas aplicaciones, como topograf\u00eda, cartograf\u00eda, agricultura y construcci\u00f3n. Este dron ofrece un tiempo de vuelo de 50 minutos y una clasificaci\u00f3n clim\u00e1tica IP44, lo que lo hace adecuado para operar en la mayor\u00eda de las condiciones.","robots":{"index":"index","follow":"follow","max-snippet":"max-snippet:-1","max-image-preview":"max-image-preview:large","max-video-preview":"max-video-preview:-1"},"canonical":"https:\/\/www.ghostysky.com\/es\/producto-2\/yuneec-h600-rtk-yunh600-rtkus\/","og_locale":"es_ES","og_type":"article","og_title":"Yuneec H600 RTK (YUNH600-RTKUS) - Ghostysky","og_description":"The Yuneec H600 RTK is a versatile and powerful enterprise drone designed for various applications, including surveying, mapping, agriculture, and construction. This drone offers a 50-minute flight time and an IP44 weather rating, making it suitable for operation in most conditions.","og_url":"https:\/\/www.ghostysky.com\/es\/producto-2\/yuneec-h600-rtk-yunh600-rtkus\/","og_site_name":"Ghostysky","article_publisher":"https:\/\/www.facebook.com\/people\/Ghostysky\/100057676170234\/","article_modified_time":"2024-11-05T05:50:44+00:00","og_image":[{"width":1000,"height":1000,"url":"https:\/\/www.ghostysky.com\/wp-content\/uploads\/2024\/11\/GH_Yuneec_H600_RTK_Cover.jpg","type":"image\/jpeg"}],"twitter_card":"summary_large_image","twitter_site":"@Gh0stysky","twitter_misc":{"Tiempo de lectura":"3 minutos"},"schema":{"@context":"https:\/\/schema.org","@graph":[{"@type":"WebPage","@id":"https:\/\/www.ghostysky.com\/product\/yuneec-h600-rtk-yunh600-rtkus\/","url":"https:\/\/www.ghostysky.com\/product\/yuneec-h600-rtk-yunh600-rtkus\/","name":"Yuneec H600 RTK (YUNH600-RTKUS) - Ghostysky","isPartOf":{"@id":"https:\/\/www.ghostysky.com\/#website"},"primaryImageOfPage":{"@id":"https:\/\/www.ghostysky.com\/product\/yuneec-h600-rtk-yunh600-rtkus\/#primaryimage"},"image":{"@id":"https:\/\/www.ghostysky.com\/product\/yuneec-h600-rtk-yunh600-rtkus\/#primaryimage"},"thumbnailUrl":"https:\/\/www.ghostysky.com\/wp-content\/uploads\/2024\/11\/GH_Yuneec_H600_RTK_Cover.jpg","datePublished":"2024-11-04T13:11:42+00:00","dateModified":"2024-11-05T05:50:44+00:00","description":"El Yuneec H600 RTK es un dron empresarial vers\u00e1til y potente dise\u00f1ado para diversas aplicaciones, como topograf\u00eda, cartograf\u00eda, agricultura y construcci\u00f3n. Este dron ofrece un tiempo de vuelo de 50 minutos y una clasificaci\u00f3n clim\u00e1tica IP44, lo que lo hace adecuado para operar en la mayor\u00eda de las condiciones.","breadcrumb":{"@id":"https:\/\/www.ghostysky.com\/product\/yuneec-h600-rtk-yunh600-rtkus\/#breadcrumb"},"inLanguage":"es","potentialAction":[{"@type":"ReadAction","target":["https:\/\/www.ghostysky.com\/product\/yuneec-h600-rtk-yunh600-rtkus\/"]}]},{"@type":"ImageObject","inLanguage":"es","@id":"https:\/\/www.ghostysky.com\/product\/yuneec-h600-rtk-yunh600-rtkus\/#primaryimage","url":"https:\/\/www.ghostysky.com\/wp-content\/uploads\/2024\/11\/GH_Yuneec_H600_RTK_Cover.jpg","contentUrl":"https:\/\/www.ghostysky.com\/wp-content\/uploads\/2024\/11\/GH_Yuneec_H600_RTK_Cover.jpg","width":1000,"height":1000},{"@type":"BreadcrumbList","@id":"https:\/\/www.ghostysky.com\/product\/yuneec-h600-rtk-yunh600-rtkus\/#breadcrumb","itemListElement":[{"@type":"ListItem","position":1,"name":"Home","item":"https:\/\/www.ghostysky.com\/"},{"@type":"ListItem","position":2,"name":"Shop","item":"https:\/\/www.ghostysky.com\/shop\/"},{"@type":"ListItem","position":3,"name":"Yuneec H600 RTK (YUNH600-RTKUS)"}]},{"@type":"WebSite","@id":"https:\/\/www.ghostysky.com\/#website","url":"https:\/\/www.ghostysky.com\/","name":"Ghostysky","description":"Ofrecemos soluciones profesionales de drones y rob\u00f3tica.","publisher":{"@id":"https:\/\/www.ghostysky.com\/#organization"},"potentialAction":[{"@type":"SearchAction","target":{"@type":"EntryPoint","urlTemplate":"https:\/\/www.ghostysky.com\/?s={search_term_string}"},"query-input":{"@type":"PropertyValueSpecification","valueRequired":true,"valueName":"search_term_string"}}],"inLanguage":"es"},{"@type":"Organization","@id":"https:\/\/www.ghostysky.com\/#organization","name":"Ghostysky","url":"https:\/\/www.ghostysky.com\/","logo":{"@type":"ImageObject","inLanguage":"es","@id":"https:\/\/www.ghostysky.com\/#\/schema\/logo\/image\/","url":"https:\/\/www.ghostysky.com\/wp-content\/uploads\/2020\/06\/cropped-ghostyskylogo_text_white2.png","contentUrl":"https:\/\/www.ghostysky.com\/wp-content\/uploads\/2020\/06\/cropped-ghostyskylogo_text_white2.png","width":169,"height":56,"caption":"Ghostysky"},"image":{"@id":"https:\/\/www.ghostysky.com\/#\/schema\/logo\/image\/"},"sameAs":["https:\/\/www.facebook.com\/people\/Ghostysky\/100057676170234\/","https:\/\/x.com\/Gh0stysky","https:\/\/www.linkedin.com\/company\/34739653","https:\/\/www.instagram.com\/gh0stysky"]}]}},"_links":{"self":[{"href":"https:\/\/www.ghostysky.com\/es\/wp-json\/wp\/v2\/product\/20162","targetHints":{"allow":["GET"]}}],"collection":[{"href":"https:\/\/www.ghostysky.com\/es\/wp-json\/wp\/v2\/product"}],"about":[{"href":"https:\/\/www.ghostysky.com\/es\/wp-json\/wp\/v2\/types\/product"}],"replies":[{"embeddable":true,"href":"https:\/\/www.ghostysky.com\/es\/wp-json\/wp\/v2\/comments?post=20162"}],"version-history":[{"count":0,"href":"https:\/\/www.ghostysky.com\/es\/wp-json\/wp\/v2\/product\/20162\/revisions"}],"wp:featuredmedia":[{"embeddable":true,"href":"https:\/\/www.ghostysky.com\/es\/wp-json\/wp\/v2\/media\/20164"}],"wp:attachment":[{"href":"https:\/\/www.ghostysky.com\/es\/wp-json\/wp\/v2\/media?parent=20162"}],"wp:term":[{"taxonomy":"product_brand","embeddable":true,"href":"https:\/\/www.ghostysky.com\/es\/wp-json\/wp\/v2\/product_brand?post=20162"},{"taxonomy":"product_cat","embeddable":true,"href":"https:\/\/www.ghostysky.com\/es\/wp-json\/wp\/v2\/product_cat?post=20162"},{"taxonomy":"product_tag","embeddable":true,"href":"https:\/\/www.ghostysky.com\/es\/wp-json\/wp\/v2\/product_tag?post=20162"}],"curies":[{"name":"wp","href":"https:\/\/api.w.org\/{rel}","templated":true}]}}