{"id":2019,"date":"2021-03-04T16:05:46","date_gmt":"2021-03-04T16:05:46","guid":{"rendered":"https:\/\/www.ghostysky.com\/?post_type=product&#038;p=2019"},"modified":"2024-11-01T10:47:29","modified_gmt":"2024-11-01T10:47:29","slug":"yuneec-typhoon-h3-leica","status":"publish","type":"product","link":"https:\/\/www.ghostysky.com\/es\/product\/yuneec-typhoon-h3-leica\/","title":{"rendered":"Yuneec Typhoon H3 con c\u00e1mara Leica ION L1"},"content":{"rendered":"<p><strong>Nuevos est\u00e1ndares en fotograf\u00eda a\u00e9rea<\/strong><br \/>\nEl modo de imagen definido por el usuario y las configuraciones de enfoque, el zoom digital sin p\u00e9rdidas y la calidad de imagen superior hacen de la ION L1 Pro la c\u00e1mara preferida en su clase para todos los aspectos de la fotograf\u00eda a\u00e9rea. Una amplia gama de funciones que vienen en la calidad de nivel superior por la que se conoce a Leica le permiten aprovechar al m\u00e1ximo el potencial fotogr\u00e1fico de la ION L1 Pro. La funci\u00f3n Cruise Control mantiene constante la velocidad del dron, para que puedas concentrarte por completo en la toma de tu c\u00e1mara. Con el card\u00e1n de 3 ejes integrado y el tren de aterrizaje retr\u00e1ctil del dron, la c\u00e1mara puede girar 360\u00b0 sin restricciones y producir tomas panor\u00e1micas fluidas. Gracias a los cortos intervalos de JPEG, tambi\u00e9n se pueden crear videos de hiperlapso sin problemas.<\/p>\n<p><strong>Typhoon H3: datos de drones de un vistazo<\/strong><\/p>\n<ul>\n<li>Hexac\u00f3ptero robusto con 6 rotores y hasta 25 minutos de tiempo de vuelo<\/li>\n<li>tren de aterrizaje retr\u00e1ctil<\/li>\n<li>Controlador de vuelo basado en PX4<\/li>\n<li>Control de crucero para disparos controlados<\/li>\n<li>Modos de vuelo autom\u00e1tico inteligente: Follow Me, Orbit, Journey, Curve Cable Cam<\/li>\n<li>Funciones de regreso a casa y aterrizaje autom\u00e1tico<\/li>\n<li>Detecci\u00f3n de obst\u00e1culos<\/li>\n<li>Activaci\u00f3n del modo de 5 rotores en caso de falla del rotor<\/li>\n<li>Ajuste de se\u00f1al de control redundante y geovalla<\/li>\n<li>Mecanismo de seguridad adicional para detectar el acoplamiento adecuado de la bater\u00eda<\/li>\n<li>Bater\u00eda recargable y cambiable<\/li>\n<li>Brazos retr\u00e1ctiles para facilitar el transporte.<\/li>\n<li>Opci\u00f3n de modo de equipo para control de c\u00e1mara y helic\u00f3ptero por separado (se requiere ST16S adicional; se vende por separado)<\/li>\n<\/ul>\n<p><strong>ION L1 Pro: datos de la c\u00e1mara de un vistazo<\/strong><\/p>\n<ul>\n<li>Desarrollado en cooperaci\u00f3n con Leica Camera AG (dise\u00f1ado conjuntamente con LEICA)<\/li>\n<li>Sensor CMOS de 1\u201d, 20 MP, hasta 4K a 60 FPS, hasta 100 Mbit<\/li>\n<li>Gimbal de 3 ejes integrado con vista de 360\u00b0 sin restricciones<\/li>\n<li>Modos de imagen optimizados y calibrados de Leica (AWB, reproducci\u00f3n de color, nitidez, eliminaci\u00f3n de ruido, etc.)<\/li>\n<li>DNG calibrado por Leica con el perfil ADOBE correspondiente<\/li>\n<li>Zoom digital sin p\u00e9rdidas<\/li>\n<li>Modo de video YLog de 10 bits basado en las especificaciones de Leica<\/li>\n<li>ISO\/obturador semiautom\u00e1tico y configuraci\u00f3n de paso de 1\/3 de EV\/ISO\/obturador<\/li>\n<li>Amplio rango din\u00e1mico (WDR)<\/li>\n<li>Horquillado de exposici\u00f3n autom\u00e1tica (AEB)<\/li>\n<li>Intervalos cortos de JPEG para videos de hiperlapso<\/li>\n<li>Ajustes de nitidez y modo de imagen definidos por el usuario<\/li>\n<li>histograma profesional<\/li>\n<li>Tomas panor\u00e1micas<\/li>\n<\/ul>\n<p><strong>Contenido de la caja:<\/strong><\/p>\n<ul>\n<li>Hexac\u00f3ptero Typhoon H3<\/li>\n<li>C\u00e1mara ION L1 Pro codise\u00f1ada con Leica<\/li>\n<li>Mando a distancia ST16S<\/li>\n<li>2 bater\u00edas<\/li>\n<li>cargador<\/li>\n<li>correa para el cuello para ST16S<\/li>\n<li>antena de parche opcional<\/li>\n<li>tarjeta SD<\/li>\n<li>USB y cable de alimentaci\u00f3n<\/li>\n<\/ul>\n<table style=\"border-collapse: collapse; width: 406.82pt;\" border=\"0\" width=\"678\" cellspacing=\"0\" cellpadding=\"0\">\n<tbody>\n<tr style=\"height: 14.40pt;\">\n<td class=\"et2\" style=\"height: 14.4pt; width: 406.8pt; text-align: center;\" colspan=\"2\" width=\"678\" height=\"24\"><strong>AERONAVE<\/strong><\/td>\n<\/tr>\n<tr style=\"height: 14.40pt;\">\n<td class=\"et3\" style=\"height: 14.40pt;\" height=\"24\">PESO AL DESPEGAR<\/td>\n<td class=\"et2\" style=\"text-align: center;\">1985 g (incl. c\u00e1mara)<\/td>\n<\/tr>\n<tr style=\"height: 14.40pt;\">\n<td class=\"et3\" style=\"height: 14.40pt;\" height=\"24\">TIEMPO DE VUELO<\/td>\n<td class=\"et2\" style=\"text-align: center;\">hasta 25 minutos<\/td>\n<\/tr>\n<tr style=\"height: 28.80pt;\">\n<td class=\"et3\" style=\"height: 28.80pt;\" height=\"48\">LONGITUD DIAGONAL (SIN PALAS DE ROTOR)<\/td>\n<td class=\"et2\" style=\"text-align: center;\">520mm<\/td>\n<\/tr>\n<tr style=\"height: 14.40pt;\">\n<td class=\"et3\" style=\"height: 14.40pt;\" height=\"24\">ALTITUD M\u00c1XIMA DE VUELO<\/td>\n<td class=\"et2\" style=\"text-align: center;\">500 metros<\/td>\n<\/tr>\n<tr style=\"height: 14.40pt;\">\n<td class=\"et3\" style=\"height: 14.40pt;\" height=\"24\">DESPEGUE M\u00c1XIMO SOBRE EL NIVEL DEL MAR<\/td>\n<td class=\"et2\" style=\"text-align: center;\">5000m<\/td>\n<\/tr>\n<tr style=\"height: 14.40pt;\">\n<td class=\"et3\" style=\"height: 14.40pt;\" height=\"24\">R\u00c9GIMEN M\u00c1XIMO DE ASCENSO<\/td>\n<td class=\"et2\" style=\"text-align: center;\">5 m\/s<\/td>\n<\/tr>\n<tr style=\"height: 14.40pt;\">\n<td class=\"et3\" style=\"height: 14.40pt;\" height=\"24\">R\u00c9GIMEN M\u00c1XIMO DE DESCENSO<\/td>\n<td class=\"et2\" style=\"text-align: center;\">3 m\/s<\/td>\n<\/tr>\n<tr style=\"height: 14.40pt;\">\n<td class=\"et3\" style=\"height: 14.40pt;\" height=\"24\">VELOCIDAD M\u00c1XIMA DE VUELO<\/td>\n<td class=\"et2\" style=\"text-align: center;\">20 m\/s<\/td>\n<\/tr>\n<tr style=\"height: 14.40pt;\">\n<td class=\"et3\" style=\"height: 14.40pt;\" height=\"24\">MOTORES<\/td>\n<td class=\"et2\" style=\"text-align: center;\">730 kV<\/td>\n<\/tr>\n<tr style=\"height: 14.40pt;\">\n<td class=\"et3\" style=\"height: 14.40pt;\" height=\"24\">BATER\u00cdA<\/td>\n<td class=\"et2\" style=\"text-align: center;\">4S 5250mAh LiPo<\/td>\n<\/tr>\n<tr style=\"height: 14.40pt;\">\n<td class=\"et3\" style=\"height: 14.40pt;\" height=\"24\">TEMPERATURA DE FUNCIONAMIENTO<\/td>\n<td class=\"et2\" style=\"text-align: center;\">0\u00b0C \u2013 40\u00b0C<\/td>\n<\/tr>\n<tr style=\"height: 14.40pt;\">\n<td class=\"et3\" style=\"height: 14.40pt;\" height=\"24\">TEMPERATURA DE ALMACENAMIENTO<\/td>\n<td class=\"et2\" style=\"text-align: center;\">-10 \u2103 a 50 \u2103<\/td>\n<\/tr>\n<\/tbody>\n<\/table>\n<p>&nbsp;<\/p>\n<table style=\"border-collapse: collapse; width: 406.82pt;\" border=\"0\" width=\"678\" cellspacing=\"0\" cellpadding=\"0\">\n<tbody>\n<tr style=\"height: 14.40pt;\">\n<td class=\"et2\" style=\"height: 14.4pt; width: 406.8pt; text-align: center;\" colspan=\"2\" width=\"678\" height=\"24\"><strong>EVITACI\u00d3N DE OBST\u00c1CULOS<\/strong><\/td>\n<\/tr>\n<tr style=\"height: 14.40pt;\">\n<td class=\"et3\" style=\"height: 14.40pt;\" height=\"24\">SENSOR<\/td>\n<td class=\"et2\" style=\"text-align: center;\">Sensor ultras\u00f3nico<\/td>\n<\/tr>\n<tr style=\"height: 14.40pt;\">\n<td class=\"et3\" style=\"height: 14.40pt;\" height=\"24\">VELOCIDAD DE VUELO<\/td>\n<td class=\"et2\" style=\"text-align: center;\">4 m\/s<\/td>\n<\/tr>\n<tr style=\"height: 14.40pt;\">\n<td class=\"et3\" style=\"height: 14.40pt;\" height=\"24\">ENTORNO OPERATIVO<\/td>\n<td class=\"et2\" style=\"text-align: center;\">Altura \uff1e 1,5 m, Distancia a los obst\u00e1culos \uff1c 5 m<\/td>\n<\/tr>\n<\/tbody>\n<\/table>\n<p>&nbsp;<\/p>\n<table style=\"border-collapse: collapse; width: 406.82pt;\" border=\"0\" width=\"678\" cellspacing=\"0\" cellpadding=\"0\">\n<tbody>\n<tr style=\"height: 14.40pt;\">\n<td class=\"et2\" style=\"height: 14.4pt; width: 406.8pt; text-align: center;\" colspan=\"2\" width=\"678\" height=\"24\"><strong>REMOTO<\/strong><\/td>\n<\/tr>\n<tr style=\"height: 14.40pt;\">\n<td class=\"et3\" style=\"height: 14.40pt;\" height=\"24\">SISTEMA OPERATIVO<\/td>\n<td class=\"et3\" style=\"text-align: center;\">Android\u2122<\/td>\n<\/tr>\n<tr style=\"height: 14.40pt;\">\n<td class=\"et3\" style=\"height: 14.40pt;\" height=\"24\">N\u00daMERO DE CANALES<\/td>\n<td class=\"et3\" style=\"text-align: center;\">16<\/td>\n<\/tr>\n<tr style=\"height: 28.80pt;\">\n<td class=\"et3\" style=\"height: 28.80pt;\" height=\"48\">RANGO DE DISTANCIA DE TRANSMISI\u00d3N (CONDICIONES \u00d3PTIMAS)<\/td>\n<td class=\"et3\" style=\"text-align: center;\">1,6 km (Europa) \/ 2 km (FCC)<\/td>\n<\/tr>\n<tr style=\"height: 14.40pt;\">\n<td class=\"et3\" style=\"height: 14.40pt;\" height=\"24\">BANDA DE FRECUENCIA<\/td>\n<td class=\"et3\" style=\"text-align: center;\">2,4 GHz<\/td>\n<\/tr>\n<tr style=\"height: 14.40pt;\">\n<td class=\"et3\" style=\"height: 14.40pt;\" height=\"24\">BANDA DE FRECUENCIA DE ENLACE DE V\u00cdDEO<\/td>\n<td class=\"et3\" style=\"text-align: center;\">5,8 GHz<\/td>\n<\/tr>\n<tr style=\"height: 14.40pt;\">\n<td class=\"et3\" style=\"height: 14.40pt;\" height=\"24\">RESOLUCI\u00d3N DEL ENLACE DE V\u00cdDEO<\/td>\n<td class=\"et3\" style=\"text-align: center;\">720p<\/td>\n<\/tr>\n<tr style=\"height: 14.40pt;\">\n<td class=\"et3\" style=\"height: 14.40pt;\" height=\"24\">TAMA\u00d1O DE PANTALLA LCD<\/td>\n<td class=\"et3\" style=\"text-align: center;\">7\u2033<\/td>\n<\/tr>\n<tr style=\"height: 28.80pt;\">\n<td class=\"et3\" style=\"height: 28.80pt;\" height=\"48\">DATOS DE TELEMETR\u00cdA DEL SISTEMA DE VUELO EN PANTALLA<\/td>\n<td class=\"et3\" style=\"text-align: center;\">S\u00ed<\/td>\n<\/tr>\n<tr style=\"height: 14.40pt;\">\n<td class=\"et3\" style=\"height: 14.40pt;\" height=\"24\">BATER\u00cdA<\/td>\n<td class=\"et3\" style=\"text-align: center;\">3,6 V 8700 mAh 31,32 Wh iones de litio<\/td>\n<\/tr>\n<tr style=\"height: 14.40pt;\">\n<td class=\"et3\" style=\"height: 14.40pt;\" height=\"24\">TEMPERATURA DE TRABAJO<\/td>\n<td class=\"et3\" style=\"text-align: center;\">0\u00b0C \u2013 40\u00b0C<\/td>\n<\/tr>\n<\/tbody>\n<\/table>\n<p>&nbsp;<\/p>\n<table style=\"border-collapse: collapse; width: 406.82pt;\" border=\"0\" width=\"678\" cellspacing=\"0\" cellpadding=\"0\">\n<tbody>\n<tr style=\"height: 14.40pt;\">\n<td class=\"et2\" style=\"height: 14.4pt; width: 406.8pt; text-align: center;\" colspan=\"2\" width=\"678\" height=\"24\"><strong>C\u00c1MARA<\/strong><\/td>\n<\/tr>\n<tr style=\"height: 14.40pt;\">\n<td class=\"et3\" style=\"height: 14.40pt;\" height=\"24\">DIMENSIONES<\/td>\n<td class=\"et3\" style=\"text-align: center;\">129x80x130mm<\/td>\n<\/tr>\n<tr style=\"height: 14.40pt;\">\n<td class=\"et3\" style=\"height: 14.40pt;\" height=\"24\">PESO<\/td>\n<td class=\"et3\" style=\"text-align: center;\">375 gramos<\/td>\n<\/tr>\n<tr style=\"height: 14.40pt;\">\n<td class=\"et3\" style=\"height: 14.40pt;\" height=\"24\">TAMA\u00d1O DEL SENSOR<\/td>\n<td class=\"et3\" style=\"text-align: center;\">CMOS de 1\u2033<\/td>\n<\/tr>\n<tr style=\"height: 14.40pt;\">\n<td class=\"et3\" style=\"height: 14.40pt;\" height=\"24\">P\u00cdXELES EFECTIVOS<\/td>\n<td class=\"et3\" style=\"text-align: center;\">20 megap\u00edxeles<\/td>\n<\/tr>\n<tr style=\"height: 14.40pt;\">\n<td class=\"et3\" style=\"height: 14.40pt;\" height=\"24\">LENTE DE LA C\u00c1MARA<\/td>\n<td class=\"et3\" style=\"text-align: center;\">F2.8, equivalente a 23 mm<\/td>\n<\/tr>\n<tr style=\"height: 14.40pt;\">\n<td class=\"et3\" style=\"height: 14.40pt;\" height=\"24\">VER CAMPO<\/td>\n<td class=\"et3\" style=\"text-align: center;\">91\u00b0<\/td>\n<\/tr>\n<tr style=\"height: 14.40pt;\">\n<td class=\"et3\" style=\"height: 14.40pt;\" height=\"24\">RANGO ISO<\/td>\n<td class=\"et3\" style=\"text-align: center;\">100 \u2013 6400<\/td>\n<\/tr>\n<tr style=\"height: 14.40pt;\">\n<td class=\"et3\" style=\"height: 14.40pt;\" height=\"24\">VELOCIDAD DE OBTURACI\u00d3N<\/td>\n<td class=\"et3\" style=\"text-align: center;\">4 - 1\/8000s<\/td>\n<\/tr>\n<tr style=\"height: 14.40pt;\">\n<td class=\"et3\" style=\"height: 14.40pt;\" height=\"24\">FORMATO DE FOTO<\/td>\n<td class=\"et3\" style=\"text-align: center;\">JPEG, DNG, JPEG+DNG<\/td>\n<\/tr>\n<tr style=\"height: 14.40pt;\">\n<td class=\"et3\" style=\"height: 14.40pt;\" height=\"24\">FORMATO DE VIDEO<\/td>\n<td class=\"et3\" style=\"text-align: center;\">MP4<\/td>\n<\/tr>\n<tr style=\"height: 28.80pt;\">\n<td class=\"et3\" style=\"height: 28.80pt;\" height=\"48\">RESOLUCI\u00d3N DE FOTOS<\/td>\n<td class=\"et3\" style=\"text-align: center;\">3:2 (5472\u00d73648) \/ 4:3 (4864\u00d73648) \/ 16:9 (5472\u00d73080)<\/td>\n<\/tr>\n<tr style=\"height: 57.60pt;\">\n<td class=\"et3\" style=\"height: 57.60pt;\" height=\"96\">RESOLUCI\u00d3N DE VIDEO<\/td>\n<td class=\"et3\" style=\"text-align: center;\">4096 \u00d7 2160 y 3840 \u00d7 2160 (H.264: 24\/25\/30\/48\/50\/60 fps \/ H.265: 24\/30 fps) \/\/ 2720 \u00d7 1530 (24\/25\/30\/48\/50\/60 fps) \/\/ 1920\u00d71080 y 1280\u00d7720 (24\/25\/30\/48\/50\/60\/120fps)<\/td>\n<\/tr>\n<tr style=\"height: 14.40pt;\">\n<td class=\"et3\" style=\"height: 14.40pt;\" height=\"24\">MODOS DE FOTO<\/td>\n<td class=\"et3\" style=\"text-align: center;\">\u00danico, R\u00e1faga, Intervalo, AEB, Panorama<\/td>\n<\/tr>\n<tr style=\"height: 14.40pt;\">\n<td class=\"et3\" style=\"height: 14.40pt;\" height=\"24\">MODOS DE IMAGEN<\/td>\n<td class=\"et3\" style=\"text-align: center;\">Normal, v\u00edvido, WDR, registro de 10 bits, blanco y negro<\/td>\n<\/tr>\n<tr style=\"height: 28.80pt;\">\n<td class=\"et3\" style=\"height: 28.80pt;\" height=\"48\">BALANCE DE BLANCOS<\/td>\n<td class=\"et3\" style=\"text-align: center;\">Autom\u00e1tico, Bloqueo, Luz del d\u00eda, Nublado, Sombra, Incandescente, Amanecer, Personalizado (2000K-12000K)<\/td>\n<\/tr>\n<tr style=\"height: 14.40pt;\">\n<td class=\"et3\" style=\"height: 14.40pt;\" height=\"24\">MODO DE EXPOSICI\u00d3N<\/td>\n<td class=\"et3\" style=\"text-align: center;\">Autom\u00e1tico, Manual, Prioridad ISO, Prioridad de obturador<\/td>\n<\/tr>\n<tr style=\"height: 14.40pt;\">\n<td class=\"et3\" style=\"height: 14.40pt;\" height=\"24\">COMPENSACI\u00d3N DE EXPOSICI\u00d3N<\/td>\n<td class=\"et3\" style=\"text-align: center;\">\u00b1 3,0\u00b0<\/td>\n<\/tr>\n<tr style=\"height: 14.40pt;\">\n<td class=\"et3\" style=\"height: 14.40pt;\" height=\"24\">TEMPERATURA DE FUNCIONAMIENTO<\/td>\n<td class=\"et3\" style=\"text-align: center;\">-10\u00b0C \u2013 40\u00b0C<\/td>\n<\/tr>\n<\/tbody>\n<\/table>","protected":false},"excerpt":{"rendered":"<p><strong>PERSPECTIVAS ILIMITADAS Y NUEVAS POSIBILIDADES CREATIVAS<\/strong><\/p>\n<p>Con el Typhoon H3 y la c\u00e1mara ION L1 Pro desarrollada en colaboraci\u00f3n con Leica, Yuneec y Leica Camera AG re\u00fanen lo mejor de sus respectivos mundos para llevar la fotograf\u00eda Leica a los cielos. El H3 ha sido especialmente desarrollado para fot\u00f3grafos y camar\u00f3grafos que quieren redescubrir el mundo desde arriba con una nueva apariencia. Gracias al uso de materiales de alta calidad y la implementaci\u00f3n de una amplia gama de funciones de vuelo en combinaci\u00f3n con un sensor de c\u00e1mara CMOS de 1\u201d, le ofrece un sistema global sofisticado y perfectamente coordinado para que pueda realizar sus ambiciones fotogr\u00e1ficas. El dise\u00f1o de hexac\u00f3ptero seguro y confiable con 6 rotores se mantiene estable en el aire, incluso cuando hace viento afuera. Adem\u00e1s, con la ayuda del card\u00e1n de 3 ejes estabilizado, puede tomar fotos de 20 MP perfectamente estabilizadas y n\u00edtidas y videos de hasta 4K a 60 cuadros por segundo.<\/p>\n<hr \/>","protected":false},"featured_media":2020,"comment_status":"open","ping_status":"closed","template":"","meta":[],"product_brand":[],"product_cat":[29,307,118],"product_tag":[127,126,121],"class_list":{"0":"post-2019","1":"product","2":"type-product","3":"status-publish","4":"has-post-thumbnail","6":"product_cat-drones","7":"product_cat-drones-yuneec","8":"product_cat-yuneec","9":"product_tag-leica","10":"product_tag-typhoon-h3","11":"product_tag-yuneec","13":"first","14":"onbackorder","15":"taxable","16":"shipping-taxable","17":"product-type-simple"},"yoast_head":"<!-- This site is optimized with the Yoast SEO plugin v27.4 - https:\/\/yoast.com\/product\/yoast-seo-wordpress\/ -->\n<title>Yuneec Typhoon H3 w\/ ION L1 Leica Camera -<\/title>\n<meta name=\"description\" content=\"With the Typhoon H3 and the ION L1 Pro camera developed in partnership with Leica, Yuneec and Leica Camera AG bring the best of their respective worlds together to bring Leica photography to the skies.\" \/>\n<meta name=\"robots\" content=\"index, follow, max-snippet:-1, max-image-preview:large, max-video-preview:-1\" \/>\n<link rel=\"canonical\" href=\"https:\/\/www.ghostysky.com\/es\/producto-2\/yuneec-typhoon-h3-leica\/\" \/>\n<meta property=\"og:locale\" content=\"es_ES\" \/>\n<meta property=\"og:type\" content=\"article\" \/>\n<meta property=\"og:title\" content=\"Yuneec Typhoon H3 w\/ ION L1 Leica Camera -\" \/>\n<meta property=\"og:description\" content=\"With the Typhoon H3 and the ION L1 Pro camera developed in partnership with Leica, Yuneec and Leica Camera AG bring the best of their respective worlds together to bring Leica photography to the skies.\" \/>\n<meta property=\"og:url\" content=\"https:\/\/www.ghostysky.com\/es\/producto-2\/yuneec-typhoon-h3-leica\/\" \/>\n<meta property=\"og:site_name\" content=\"Ghostysky\" \/>\n<meta property=\"article:publisher\" content=\"https:\/\/www.facebook.com\/people\/Ghostysky\/100057676170234\/\" \/>\n<meta property=\"article:modified_time\" content=\"2024-11-01T10:47:29+00:00\" \/>\n<meta property=\"og:image\" content=\"https:\/\/www.ghostysky.com\/wp-content\/uploads\/2021\/03\/H3.jpg\" \/>\n\t<meta property=\"og:image:width\" content=\"1400\" \/>\n\t<meta property=\"og:image:height\" content=\"1057\" \/>\n\t<meta property=\"og:image:type\" content=\"image\/jpeg\" \/>\n<meta name=\"twitter:card\" content=\"summary_large_image\" \/>\n<meta name=\"twitter:site\" content=\"@Gh0stysky\" \/>\n<meta name=\"twitter:label1\" content=\"Tiempo de lectura\" \/>\n\t<meta name=\"twitter:data1\" content=\"3 minutos\" \/>\n<script type=\"application\/ld+json\" class=\"yoast-schema-graph\">{\"@context\":\"https:\\\/\\\/schema.org\",\"@graph\":[{\"@type\":\"WebPage\",\"@id\":\"https:\\\/\\\/www.ghostysky.com\\\/product\\\/yuneec-typhoon-h3-leica\\\/\",\"url\":\"https:\\\/\\\/www.ghostysky.com\\\/product\\\/yuneec-typhoon-h3-leica\\\/\",\"name\":\"Yuneec Typhoon H3 w\\\/ ION L1 Leica Camera -\",\"isPartOf\":{\"@id\":\"https:\\\/\\\/www.ghostysky.com\\\/#website\"},\"primaryImageOfPage\":{\"@id\":\"https:\\\/\\\/www.ghostysky.com\\\/product\\\/yuneec-typhoon-h3-leica\\\/#primaryimage\"},\"image\":{\"@id\":\"https:\\\/\\\/www.ghostysky.com\\\/product\\\/yuneec-typhoon-h3-leica\\\/#primaryimage\"},\"thumbnailUrl\":\"https:\\\/\\\/www.ghostysky.com\\\/wp-content\\\/uploads\\\/2021\\\/03\\\/H3.jpg\",\"datePublished\":\"2021-03-04T16:05:46+00:00\",\"dateModified\":\"2024-11-01T10:47:29+00:00\",\"description\":\"With the Typhoon H3 and the ION L1 Pro camera developed in partnership with Leica, Yuneec and Leica Camera AG bring the best of their respective worlds together to bring Leica photography to the skies.\",\"breadcrumb\":{\"@id\":\"https:\\\/\\\/www.ghostysky.com\\\/product\\\/yuneec-typhoon-h3-leica\\\/#breadcrumb\"},\"inLanguage\":\"es\",\"potentialAction\":[{\"@type\":\"ReadAction\",\"target\":[\"https:\\\/\\\/www.ghostysky.com\\\/product\\\/yuneec-typhoon-h3-leica\\\/\"]}]},{\"@type\":\"ImageObject\",\"inLanguage\":\"es\",\"@id\":\"https:\\\/\\\/www.ghostysky.com\\\/product\\\/yuneec-typhoon-h3-leica\\\/#primaryimage\",\"url\":\"https:\\\/\\\/www.ghostysky.com\\\/wp-content\\\/uploads\\\/2021\\\/03\\\/H3.jpg\",\"contentUrl\":\"https:\\\/\\\/www.ghostysky.com\\\/wp-content\\\/uploads\\\/2021\\\/03\\\/H3.jpg\",\"width\":1400,\"height\":1057},{\"@type\":\"BreadcrumbList\",\"@id\":\"https:\\\/\\\/www.ghostysky.com\\\/product\\\/yuneec-typhoon-h3-leica\\\/#breadcrumb\",\"itemListElement\":[{\"@type\":\"ListItem\",\"position\":1,\"name\":\"Home\",\"item\":\"https:\\\/\\\/www.ghostysky.com\\\/\"},{\"@type\":\"ListItem\",\"position\":2,\"name\":\"Shop\",\"item\":\"https:\\\/\\\/www.ghostysky.com\\\/shop\\\/\"},{\"@type\":\"ListItem\",\"position\":3,\"name\":\"Yuneec Typhoon H3 w\\\/ ION L1 Leica Camera\"}]},{\"@type\":\"WebSite\",\"@id\":\"https:\\\/\\\/www.ghostysky.com\\\/#website\",\"url\":\"https:\\\/\\\/www.ghostysky.com\\\/\",\"name\":\"Ghostysky\",\"description\":\"Delivering professional drones and robotics solutions\",\"publisher\":{\"@id\":\"https:\\\/\\\/www.ghostysky.com\\\/#organization\"},\"potentialAction\":[{\"@type\":\"SearchAction\",\"target\":{\"@type\":\"EntryPoint\",\"urlTemplate\":\"https:\\\/\\\/www.ghostysky.com\\\/?s={search_term_string}\"},\"query-input\":{\"@type\":\"PropertyValueSpecification\",\"valueRequired\":true,\"valueName\":\"search_term_string\"}}],\"inLanguage\":\"es\"},{\"@type\":\"Organization\",\"@id\":\"https:\\\/\\\/www.ghostysky.com\\\/#organization\",\"name\":\"Ghostysky\",\"url\":\"https:\\\/\\\/www.ghostysky.com\\\/\",\"logo\":{\"@type\":\"ImageObject\",\"inLanguage\":\"es\",\"@id\":\"https:\\\/\\\/www.ghostysky.com\\\/#\\\/schema\\\/logo\\\/image\\\/\",\"url\":\"https:\\\/\\\/www.ghostysky.com\\\/wp-content\\\/uploads\\\/2020\\\/06\\\/cropped-ghostyskylogo_text_white2.png\",\"contentUrl\":\"https:\\\/\\\/www.ghostysky.com\\\/wp-content\\\/uploads\\\/2020\\\/06\\\/cropped-ghostyskylogo_text_white2.png\",\"width\":169,\"height\":56,\"caption\":\"Ghostysky\"},\"image\":{\"@id\":\"https:\\\/\\\/www.ghostysky.com\\\/#\\\/schema\\\/logo\\\/image\\\/\"},\"sameAs\":[\"https:\\\/\\\/www.facebook.com\\\/people\\\/Ghostysky\\\/100057676170234\\\/\",\"https:\\\/\\\/x.com\\\/Gh0stysky\",\"https:\\\/\\\/www.linkedin.com\\\/company\\\/34739653\",\"https:\\\/\\\/www.instagram.com\\\/gh0stysky\"]}]}<\/script>\n<!-- \/ Yoast SEO plugin. -->","yoast_head_json":{"title":"Yuneec Typhoon H3 con c\u00e1mara Leica ION L1 -","description":"Con la c\u00e1mara Typhoon H3 y la ION L1 Pro desarrolladas en colaboraci\u00f3n con Leica, Yuneec y Leica Camera AG re\u00fanen lo mejor de sus respectivos mundos para llevar la fotograf\u00eda Leica a los cielos.","robots":{"index":"index","follow":"follow","max-snippet":"max-snippet:-1","max-image-preview":"max-image-preview:large","max-video-preview":"max-video-preview:-1"},"canonical":"https:\/\/www.ghostysky.com\/es\/producto-2\/yuneec-typhoon-h3-leica\/","og_locale":"es_ES","og_type":"article","og_title":"Yuneec Typhoon H3 w\/ ION L1 Leica Camera -","og_description":"With the Typhoon H3 and the ION L1 Pro camera developed in partnership with Leica, Yuneec and Leica Camera AG bring the best of their respective worlds together to bring Leica photography to the skies.","og_url":"https:\/\/www.ghostysky.com\/es\/producto-2\/yuneec-typhoon-h3-leica\/","og_site_name":"Ghostysky","article_publisher":"https:\/\/www.facebook.com\/people\/Ghostysky\/100057676170234\/","article_modified_time":"2024-11-01T10:47:29+00:00","og_image":[{"width":1400,"height":1057,"url":"https:\/\/www.ghostysky.com\/wp-content\/uploads\/2021\/03\/H3.jpg","type":"image\/jpeg"}],"twitter_card":"summary_large_image","twitter_site":"@Gh0stysky","twitter_misc":{"Tiempo de lectura":"3 minutos"},"schema":{"@context":"https:\/\/schema.org","@graph":[{"@type":"WebPage","@id":"https:\/\/www.ghostysky.com\/product\/yuneec-typhoon-h3-leica\/","url":"https:\/\/www.ghostysky.com\/product\/yuneec-typhoon-h3-leica\/","name":"Yuneec Typhoon H3 con c\u00e1mara Leica ION L1 -","isPartOf":{"@id":"https:\/\/www.ghostysky.com\/#website"},"primaryImageOfPage":{"@id":"https:\/\/www.ghostysky.com\/product\/yuneec-typhoon-h3-leica\/#primaryimage"},"image":{"@id":"https:\/\/www.ghostysky.com\/product\/yuneec-typhoon-h3-leica\/#primaryimage"},"thumbnailUrl":"https:\/\/www.ghostysky.com\/wp-content\/uploads\/2021\/03\/H3.jpg","datePublished":"2021-03-04T16:05:46+00:00","dateModified":"2024-11-01T10:47:29+00:00","description":"Con la c\u00e1mara Typhoon H3 y la ION L1 Pro desarrolladas en colaboraci\u00f3n con Leica, Yuneec y Leica Camera AG re\u00fanen lo mejor de sus respectivos mundos para llevar la fotograf\u00eda Leica a los cielos.","breadcrumb":{"@id":"https:\/\/www.ghostysky.com\/product\/yuneec-typhoon-h3-leica\/#breadcrumb"},"inLanguage":"es","potentialAction":[{"@type":"ReadAction","target":["https:\/\/www.ghostysky.com\/product\/yuneec-typhoon-h3-leica\/"]}]},{"@type":"ImageObject","inLanguage":"es","@id":"https:\/\/www.ghostysky.com\/product\/yuneec-typhoon-h3-leica\/#primaryimage","url":"https:\/\/www.ghostysky.com\/wp-content\/uploads\/2021\/03\/H3.jpg","contentUrl":"https:\/\/www.ghostysky.com\/wp-content\/uploads\/2021\/03\/H3.jpg","width":1400,"height":1057},{"@type":"BreadcrumbList","@id":"https:\/\/www.ghostysky.com\/product\/yuneec-typhoon-h3-leica\/#breadcrumb","itemListElement":[{"@type":"ListItem","position":1,"name":"Home","item":"https:\/\/www.ghostysky.com\/"},{"@type":"ListItem","position":2,"name":"Shop","item":"https:\/\/www.ghostysky.com\/shop\/"},{"@type":"ListItem","position":3,"name":"Yuneec Typhoon H3 w\/ ION L1 Leica Camera"}]},{"@type":"WebSite","@id":"https:\/\/www.ghostysky.com\/#website","url":"https:\/\/www.ghostysky.com\/","name":"Ghostysky","description":"Ofrecemos soluciones profesionales de drones y rob\u00f3tica.","publisher":{"@id":"https:\/\/www.ghostysky.com\/#organization"},"potentialAction":[{"@type":"SearchAction","target":{"@type":"EntryPoint","urlTemplate":"https:\/\/www.ghostysky.com\/?s={search_term_string}"},"query-input":{"@type":"PropertyValueSpecification","valueRequired":true,"valueName":"search_term_string"}}],"inLanguage":"es"},{"@type":"Organization","@id":"https:\/\/www.ghostysky.com\/#organization","name":"Ghostysky","url":"https:\/\/www.ghostysky.com\/","logo":{"@type":"ImageObject","inLanguage":"es","@id":"https:\/\/www.ghostysky.com\/#\/schema\/logo\/image\/","url":"https:\/\/www.ghostysky.com\/wp-content\/uploads\/2020\/06\/cropped-ghostyskylogo_text_white2.png","contentUrl":"https:\/\/www.ghostysky.com\/wp-content\/uploads\/2020\/06\/cropped-ghostyskylogo_text_white2.png","width":169,"height":56,"caption":"Ghostysky"},"image":{"@id":"https:\/\/www.ghostysky.com\/#\/schema\/logo\/image\/"},"sameAs":["https:\/\/www.facebook.com\/people\/Ghostysky\/100057676170234\/","https:\/\/x.com\/Gh0stysky","https:\/\/www.linkedin.com\/company\/34739653","https:\/\/www.instagram.com\/gh0stysky"]}]}},"_links":{"self":[{"href":"https:\/\/www.ghostysky.com\/es\/wp-json\/wp\/v2\/product\/2019","targetHints":{"allow":["GET"]}}],"collection":[{"href":"https:\/\/www.ghostysky.com\/es\/wp-json\/wp\/v2\/product"}],"about":[{"href":"https:\/\/www.ghostysky.com\/es\/wp-json\/wp\/v2\/types\/product"}],"replies":[{"embeddable":true,"href":"https:\/\/www.ghostysky.com\/es\/wp-json\/wp\/v2\/comments?post=2019"}],"version-history":[{"count":0,"href":"https:\/\/www.ghostysky.com\/es\/wp-json\/wp\/v2\/product\/2019\/revisions"}],"wp:featuredmedia":[{"embeddable":true,"href":"https:\/\/www.ghostysky.com\/es\/wp-json\/wp\/v2\/media\/2020"}],"wp:attachment":[{"href":"https:\/\/www.ghostysky.com\/es\/wp-json\/wp\/v2\/media?parent=2019"}],"wp:term":[{"taxonomy":"product_brand","embeddable":true,"href":"https:\/\/www.ghostysky.com\/es\/wp-json\/wp\/v2\/product_brand?post=2019"},{"taxonomy":"product_cat","embeddable":true,"href":"https:\/\/www.ghostysky.com\/es\/wp-json\/wp\/v2\/product_cat?post=2019"},{"taxonomy":"product_tag","embeddable":true,"href":"https:\/\/www.ghostysky.com\/es\/wp-json\/wp\/v2\/product_tag?post=2019"}],"curies":[{"name":"wp","href":"https:\/\/api.w.org\/{rel}","templated":true}]}}