{"id":20230,"date":"2024-11-05T06:55:58","date_gmt":"2024-11-05T06:55:58","guid":{"rendered":"https:\/\/www.ghostysky.com\/?post_type=product&#038;p=20230"},"modified":"2024-11-05T08:38:39","modified_gmt":"2024-11-05T08:38:39","slug":"hard-case-for-batteries-dji-matrice-300-350-rtk","status":"publish","type":"product","link":"https:\/\/www.ghostysky.com\/es\/product\/hard-case-for-batteries-dji-matrice-300-350-rtk\/","title":{"rendered":"Estuche r\u00edgido para bater\u00edas \u2013 DJI Matrice 300\/350 RTK"},"content":{"rendered":"<p>Este estuche r\u00edgido y resistente al agua, basado en el modelo HPRC2550W, est\u00e1 dise\u00f1ado espec\u00edficamente para acomodar bater\u00edas DJI MATRICE 300\/350\u00a0RTK.<\/p>\n<p><strong>Lata de espuma cortada a medida para almacenar:<\/strong><\/p>\n<p>-10 x bater\u00edas de vuelo inteligentes TB60\/TB65<\/p>\n<p>-6 bater\u00edas inteligentes WB37<\/p>\n<p>- Varios. La ranura es perfecta para albergar el Dry Keeper, un contenedor especial desarrollado por HPRC para proteger los art\u00edculos del moho, el deterioro y los da\u00f1os causados \u200b\u200bpor la alta humedad. El accesorio se puede comprar por separado, se puede regenerar y ayuda a mantener su equipo en buenas condiciones en cualquier entorno.<\/p>\n<p>El estuche es resistente a impactos, ca\u00eddas y corrosi\u00f3n. Las ruedas y el asa del carro facilitan el transporte del equipo a cualquier lugar.<\/p>\n<p>El Panel Vector aumenta la protecci\u00f3n de los equipos almacenados y permite una organizaci\u00f3n r\u00e1pida y sencilla del espacio.<\/p>\n<p><em>Las im\u00e1genes tienen el \u00fanico fin de presentar el producto. El estuche se vende SIN equipamiento.<\/em><\/p>\n<p>&nbsp;<\/p>","protected":false},"excerpt":{"rendered":"<p>Este estuche r\u00edgido y resistente al agua, basado en el modelo HPRC2550W, est\u00e1 dise\u00f1ado espec\u00edficamente para acomodar bater\u00edas DJI MATRICE 300\/350 RTK.<\/p>","protected":false},"featured_media":20235,"comment_status":"open","ping_status":"closed","template":"","meta":[],"product_brand":[],"product_cat":[461,1007],"product_tag":[42,1005,261,1010],"class_list":{"0":"post-20230","1":"product","2":"type-product","3":"status-publish","4":"has-post-thumbnail","6":"product_cat-accessories-2","7":"product_cat-hard-cases","8":"product_tag-dji","9":"product_tag-hard-case","10":"product_tag-tb60","11":"product_tag-tb65","13":"first","14":"onbackorder","15":"taxable","16":"shipping-taxable","17":"product-type-simple"},"yoast_head":"<!-- This site is optimized with the Yoast SEO plugin v27.4 - https:\/\/yoast.com\/product\/yoast-seo-wordpress\/ -->\n<title>Hard Case for Batteries - DJI Matrice 300\/350 RTK - Ghostysky<\/title>\n<meta name=\"description\" content=\"This hard and watertight case \u2013 based on the HPRC2550W model \u2013 is specifically designed to hold the DJI MATRICE 300\/350 RTK Batteries.\" \/>\n<meta name=\"robots\" content=\"index, follow, max-snippet:-1, max-image-preview:large, max-video-preview:-1\" \/>\n<link rel=\"canonical\" href=\"https:\/\/www.ghostysky.com\/es\/producto-2\/hard-case-for-batteries-dji-matrice-300-350-rtk\/\" \/>\n<meta property=\"og:locale\" content=\"es_ES\" \/>\n<meta property=\"og:type\" content=\"article\" \/>\n<meta property=\"og:title\" content=\"Hard Case for Batteries - DJI Matrice 300\/350 RTK - Ghostysky\" \/>\n<meta property=\"og:description\" content=\"This hard and watertight case \u2013 based on the HPRC2550W model \u2013 is specifically designed to hold the DJI MATRICE 300\/350 RTK Batteries.\" \/>\n<meta property=\"og:url\" content=\"https:\/\/www.ghostysky.com\/es\/producto-2\/hard-case-for-batteries-dji-matrice-300-350-rtk\/\" \/>\n<meta property=\"og:site_name\" content=\"Ghostysky\" \/>\n<meta property=\"article:publisher\" content=\"https:\/\/www.facebook.com\/people\/Ghostysky\/100057676170234\/\" \/>\n<meta property=\"article:modified_time\" content=\"2024-11-05T08:38:39+00:00\" \/>\n<meta property=\"og:image\" content=\"https:\/\/www.ghostysky.com\/wp-content\/uploads\/2024\/11\/GH_HardCase_TB65_DJI_1.jpg\" \/>\n\t<meta property=\"og:image:width\" content=\"960\" \/>\n\t<meta property=\"og:image:height\" content=\"960\" \/>\n\t<meta property=\"og:image:type\" content=\"image\/jpeg\" \/>\n<meta name=\"twitter:card\" content=\"summary_large_image\" \/>\n<meta name=\"twitter:site\" content=\"@Gh0stysky\" \/>\n<meta name=\"twitter:label1\" content=\"Tiempo de lectura\" \/>\n\t<meta name=\"twitter:data1\" content=\"1 minuto\" \/>\n<script type=\"application\/ld+json\" class=\"yoast-schema-graph\">{\"@context\":\"https:\\\/\\\/schema.org\",\"@graph\":[{\"@type\":\"WebPage\",\"@id\":\"https:\\\/\\\/www.ghostysky.com\\\/product\\\/hard-case-for-batteries-dji-matrice-300-350-rtk\\\/\",\"url\":\"https:\\\/\\\/www.ghostysky.com\\\/product\\\/hard-case-for-batteries-dji-matrice-300-350-rtk\\\/\",\"name\":\"Hard Case for Batteries - DJI Matrice 300\\\/350 RTK - Ghostysky\",\"isPartOf\":{\"@id\":\"https:\\\/\\\/www.ghostysky.com\\\/#website\"},\"primaryImageOfPage\":{\"@id\":\"https:\\\/\\\/www.ghostysky.com\\\/product\\\/hard-case-for-batteries-dji-matrice-300-350-rtk\\\/#primaryimage\"},\"image\":{\"@id\":\"https:\\\/\\\/www.ghostysky.com\\\/product\\\/hard-case-for-batteries-dji-matrice-300-350-rtk\\\/#primaryimage\"},\"thumbnailUrl\":\"https:\\\/\\\/www.ghostysky.com\\\/wp-content\\\/uploads\\\/2024\\\/11\\\/GH_HardCase_TB65_DJI_1.jpg\",\"datePublished\":\"2024-11-05T06:55:58+00:00\",\"dateModified\":\"2024-11-05T08:38:39+00:00\",\"description\":\"This hard and watertight case \u2013 based on the HPRC2550W model \u2013 is specifically designed to hold the DJI MATRICE 300\\\/350 RTK Batteries.\",\"breadcrumb\":{\"@id\":\"https:\\\/\\\/www.ghostysky.com\\\/product\\\/hard-case-for-batteries-dji-matrice-300-350-rtk\\\/#breadcrumb\"},\"inLanguage\":\"es\",\"potentialAction\":[{\"@type\":\"ReadAction\",\"target\":[\"https:\\\/\\\/www.ghostysky.com\\\/product\\\/hard-case-for-batteries-dji-matrice-300-350-rtk\\\/\"]}]},{\"@type\":\"ImageObject\",\"inLanguage\":\"es\",\"@id\":\"https:\\\/\\\/www.ghostysky.com\\\/product\\\/hard-case-for-batteries-dji-matrice-300-350-rtk\\\/#primaryimage\",\"url\":\"https:\\\/\\\/www.ghostysky.com\\\/wp-content\\\/uploads\\\/2024\\\/11\\\/GH_HardCase_TB65_DJI_1.jpg\",\"contentUrl\":\"https:\\\/\\\/www.ghostysky.com\\\/wp-content\\\/uploads\\\/2024\\\/11\\\/GH_HardCase_TB65_DJI_1.jpg\",\"width\":960,\"height\":960},{\"@type\":\"BreadcrumbList\",\"@id\":\"https:\\\/\\\/www.ghostysky.com\\\/product\\\/hard-case-for-batteries-dji-matrice-300-350-rtk\\\/#breadcrumb\",\"itemListElement\":[{\"@type\":\"ListItem\",\"position\":1,\"name\":\"Home\",\"item\":\"https:\\\/\\\/www.ghostysky.com\\\/\"},{\"@type\":\"ListItem\",\"position\":2,\"name\":\"Shop\",\"item\":\"https:\\\/\\\/www.ghostysky.com\\\/shop\\\/\"},{\"@type\":\"ListItem\",\"position\":3,\"name\":\"Hard Case for Batteries &#8211; DJI Matrice 300\\\/350 RTK\"}]},{\"@type\":\"WebSite\",\"@id\":\"https:\\\/\\\/www.ghostysky.com\\\/#website\",\"url\":\"https:\\\/\\\/www.ghostysky.com\\\/\",\"name\":\"Ghostysky\",\"description\":\"Delivering professional drones and robotics solutions\",\"publisher\":{\"@id\":\"https:\\\/\\\/www.ghostysky.com\\\/#organization\"},\"potentialAction\":[{\"@type\":\"SearchAction\",\"target\":{\"@type\":\"EntryPoint\",\"urlTemplate\":\"https:\\\/\\\/www.ghostysky.com\\\/?s={search_term_string}\"},\"query-input\":{\"@type\":\"PropertyValueSpecification\",\"valueRequired\":true,\"valueName\":\"search_term_string\"}}],\"inLanguage\":\"es\"},{\"@type\":\"Organization\",\"@id\":\"https:\\\/\\\/www.ghostysky.com\\\/#organization\",\"name\":\"Ghostysky\",\"url\":\"https:\\\/\\\/www.ghostysky.com\\\/\",\"logo\":{\"@type\":\"ImageObject\",\"inLanguage\":\"es\",\"@id\":\"https:\\\/\\\/www.ghostysky.com\\\/#\\\/schema\\\/logo\\\/image\\\/\",\"url\":\"https:\\\/\\\/www.ghostysky.com\\\/wp-content\\\/uploads\\\/2020\\\/06\\\/cropped-ghostyskylogo_text_white2.png\",\"contentUrl\":\"https:\\\/\\\/www.ghostysky.com\\\/wp-content\\\/uploads\\\/2020\\\/06\\\/cropped-ghostyskylogo_text_white2.png\",\"width\":169,\"height\":56,\"caption\":\"Ghostysky\"},\"image\":{\"@id\":\"https:\\\/\\\/www.ghostysky.com\\\/#\\\/schema\\\/logo\\\/image\\\/\"},\"sameAs\":[\"https:\\\/\\\/www.facebook.com\\\/people\\\/Ghostysky\\\/100057676170234\\\/\",\"https:\\\/\\\/x.com\\\/Gh0stysky\",\"https:\\\/\\\/www.linkedin.com\\\/company\\\/34739653\",\"https:\\\/\\\/www.instagram.com\\\/gh0stysky\"]}]}<\/script>\n<!-- \/ Yoast SEO plugin. -->","yoast_head_json":{"title":"Estuche r\u00edgido para bater\u00edas - DJI Matrice 300\/350 RTK - Ghostysky","description":"Este estuche r\u00edgido y resistente al agua, basado en el modelo HPRC2550W, est\u00e1 dise\u00f1ado espec\u00edficamente para acomodar bater\u00edas DJI MATRICE 300\/350 RTK.","robots":{"index":"index","follow":"follow","max-snippet":"max-snippet:-1","max-image-preview":"max-image-preview:large","max-video-preview":"max-video-preview:-1"},"canonical":"https:\/\/www.ghostysky.com\/es\/producto-2\/hard-case-for-batteries-dji-matrice-300-350-rtk\/","og_locale":"es_ES","og_type":"article","og_title":"Hard Case for Batteries - DJI Matrice 300\/350 RTK - Ghostysky","og_description":"This hard and watertight case \u2013 based on the HPRC2550W model \u2013 is specifically designed to hold the DJI MATRICE 300\/350 RTK Batteries.","og_url":"https:\/\/www.ghostysky.com\/es\/producto-2\/hard-case-for-batteries-dji-matrice-300-350-rtk\/","og_site_name":"Ghostysky","article_publisher":"https:\/\/www.facebook.com\/people\/Ghostysky\/100057676170234\/","article_modified_time":"2024-11-05T08:38:39+00:00","og_image":[{"width":960,"height":960,"url":"https:\/\/www.ghostysky.com\/wp-content\/uploads\/2024\/11\/GH_HardCase_TB65_DJI_1.jpg","type":"image\/jpeg"}],"twitter_card":"summary_large_image","twitter_site":"@Gh0stysky","twitter_misc":{"Tiempo de lectura":"1 minuto"},"schema":{"@context":"https:\/\/schema.org","@graph":[{"@type":"WebPage","@id":"https:\/\/www.ghostysky.com\/product\/hard-case-for-batteries-dji-matrice-300-350-rtk\/","url":"https:\/\/www.ghostysky.com\/product\/hard-case-for-batteries-dji-matrice-300-350-rtk\/","name":"Estuche r\u00edgido para bater\u00edas - DJI Matrice 300\/350 RTK - Ghostysky","isPartOf":{"@id":"https:\/\/www.ghostysky.com\/#website"},"primaryImageOfPage":{"@id":"https:\/\/www.ghostysky.com\/product\/hard-case-for-batteries-dji-matrice-300-350-rtk\/#primaryimage"},"image":{"@id":"https:\/\/www.ghostysky.com\/product\/hard-case-for-batteries-dji-matrice-300-350-rtk\/#primaryimage"},"thumbnailUrl":"https:\/\/www.ghostysky.com\/wp-content\/uploads\/2024\/11\/GH_HardCase_TB65_DJI_1.jpg","datePublished":"2024-11-05T06:55:58+00:00","dateModified":"2024-11-05T08:38:39+00:00","description":"Este estuche r\u00edgido y resistente al agua, basado en el modelo HPRC2550W, est\u00e1 dise\u00f1ado espec\u00edficamente para acomodar bater\u00edas DJI MATRICE 300\/350 RTK.","breadcrumb":{"@id":"https:\/\/www.ghostysky.com\/product\/hard-case-for-batteries-dji-matrice-300-350-rtk\/#breadcrumb"},"inLanguage":"es","potentialAction":[{"@type":"ReadAction","target":["https:\/\/www.ghostysky.com\/product\/hard-case-for-batteries-dji-matrice-300-350-rtk\/"]}]},{"@type":"ImageObject","inLanguage":"es","@id":"https:\/\/www.ghostysky.com\/product\/hard-case-for-batteries-dji-matrice-300-350-rtk\/#primaryimage","url":"https:\/\/www.ghostysky.com\/wp-content\/uploads\/2024\/11\/GH_HardCase_TB65_DJI_1.jpg","contentUrl":"https:\/\/www.ghostysky.com\/wp-content\/uploads\/2024\/11\/GH_HardCase_TB65_DJI_1.jpg","width":960,"height":960},{"@type":"BreadcrumbList","@id":"https:\/\/www.ghostysky.com\/product\/hard-case-for-batteries-dji-matrice-300-350-rtk\/#breadcrumb","itemListElement":[{"@type":"ListItem","position":1,"name":"Home","item":"https:\/\/www.ghostysky.com\/"},{"@type":"ListItem","position":2,"name":"Shop","item":"https:\/\/www.ghostysky.com\/shop\/"},{"@type":"ListItem","position":3,"name":"Hard Case for Batteries &#8211; DJI Matrice 300\/350 RTK"}]},{"@type":"WebSite","@id":"https:\/\/www.ghostysky.com\/#website","url":"https:\/\/www.ghostysky.com\/","name":"Ghostysky","description":"Ofrecemos soluciones profesionales de drones y rob\u00f3tica.","publisher":{"@id":"https:\/\/www.ghostysky.com\/#organization"},"potentialAction":[{"@type":"SearchAction","target":{"@type":"EntryPoint","urlTemplate":"https:\/\/www.ghostysky.com\/?s={search_term_string}"},"query-input":{"@type":"PropertyValueSpecification","valueRequired":true,"valueName":"search_term_string"}}],"inLanguage":"es"},{"@type":"Organization","@id":"https:\/\/www.ghostysky.com\/#organization","name":"Ghostysky","url":"https:\/\/www.ghostysky.com\/","logo":{"@type":"ImageObject","inLanguage":"es","@id":"https:\/\/www.ghostysky.com\/#\/schema\/logo\/image\/","url":"https:\/\/www.ghostysky.com\/wp-content\/uploads\/2020\/06\/cropped-ghostyskylogo_text_white2.png","contentUrl":"https:\/\/www.ghostysky.com\/wp-content\/uploads\/2020\/06\/cropped-ghostyskylogo_text_white2.png","width":169,"height":56,"caption":"Ghostysky"},"image":{"@id":"https:\/\/www.ghostysky.com\/#\/schema\/logo\/image\/"},"sameAs":["https:\/\/www.facebook.com\/people\/Ghostysky\/100057676170234\/","https:\/\/x.com\/Gh0stysky","https:\/\/www.linkedin.com\/company\/34739653","https:\/\/www.instagram.com\/gh0stysky"]}]}},"_links":{"self":[{"href":"https:\/\/www.ghostysky.com\/es\/wp-json\/wp\/v2\/product\/20230","targetHints":{"allow":["GET"]}}],"collection":[{"href":"https:\/\/www.ghostysky.com\/es\/wp-json\/wp\/v2\/product"}],"about":[{"href":"https:\/\/www.ghostysky.com\/es\/wp-json\/wp\/v2\/types\/product"}],"replies":[{"embeddable":true,"href":"https:\/\/www.ghostysky.com\/es\/wp-json\/wp\/v2\/comments?post=20230"}],"version-history":[{"count":0,"href":"https:\/\/www.ghostysky.com\/es\/wp-json\/wp\/v2\/product\/20230\/revisions"}],"wp:featuredmedia":[{"embeddable":true,"href":"https:\/\/www.ghostysky.com\/es\/wp-json\/wp\/v2\/media\/20235"}],"wp:attachment":[{"href":"https:\/\/www.ghostysky.com\/es\/wp-json\/wp\/v2\/media?parent=20230"}],"wp:term":[{"taxonomy":"product_brand","embeddable":true,"href":"https:\/\/www.ghostysky.com\/es\/wp-json\/wp\/v2\/product_brand?post=20230"},{"taxonomy":"product_cat","embeddable":true,"href":"https:\/\/www.ghostysky.com\/es\/wp-json\/wp\/v2\/product_cat?post=20230"},{"taxonomy":"product_tag","embeddable":true,"href":"https:\/\/www.ghostysky.com\/es\/wp-json\/wp\/v2\/product_tag?post=20230"}],"curies":[{"name":"wp","href":"https:\/\/api.w.org\/{rel}","templated":true}]}}