{"id":20262,"date":"2024-11-05T07:45:56","date_gmt":"2024-11-05T07:45:56","guid":{"rendered":"https:\/\/www.ghostysky.com\/?post_type=product&#038;p=20262"},"modified":"2024-11-05T08:38:00","modified_gmt":"2024-11-05T08:38:00","slug":"dji-mavic-3-eight-battery-case","status":"publish","type":"product","link":"https:\/\/www.ghostysky.com\/es\/product\/dji-mavic-3-eight-battery-case\/","title":{"rendered":"Estuche de 8 bater\u00edas para DJI Mavic 3"},"content":{"rendered":"<h3>Estuche de 8 bater\u00edas para DJI Mavic 3<\/h3>\n<ul>\n<li class=\"js-image-area-title\" data-area-id=\"8-dji-mavic-3-or-mavic-3-classic-batteries\"><span aria-hidden=\"true\">+<\/span>8 Bater\u00edas DJI Mavic 3 o Mavic 3 Classic<\/li>\n<li class=\"js-image-area-title is-active\" data-area-id=\"1-charging-hub\"><span aria-hidden=\"true\">+<\/span>1 Hub de carga<\/li>\n<li class=\"js-image-area-title\" data-area-id=\"1-charger\"><span aria-hidden=\"true\">+<\/span>1 Cargador<\/li>\n<li class=\"js-image-area-title\" data-area-id=\"1-cable-storage-cavity\"><span aria-hidden=\"true\">+<\/span>1 Cavidade para cables<\/li>\n<\/ul>","protected":false},"excerpt":{"rendered":"<p>DJI ha lanzado otro Mavic incre\u00edble, el Mavic 3. Aunque tiene un excelente tiempo de vuelo, sabemos que siempre se necesita m\u00e1s almacenamiento de bater\u00eda. Aqu\u00ed tienes un fant\u00e1stico estuche compacto con capacidad para 8 bater\u00edas y accesorios de carga.<\/p>","protected":false},"featured_media":20263,"comment_status":"open","ping_status":"closed","template":"","meta":[],"product_brand":[],"product_cat":[461,1007],"product_tag":[42,1005,1012],"class_list":{"0":"post-20262","1":"product","2":"type-product","3":"status-publish","4":"has-post-thumbnail","6":"product_cat-accessories-2","7":"product_cat-hard-cases","8":"product_tag-dji","9":"product_tag-hard-case","10":"product_tag-mavic3","12":"first","13":"onbackorder","14":"taxable","15":"shipping-taxable","16":"purchasable","17":"product-type-simple"},"yoast_head":"<!-- This site is optimized with the Yoast SEO plugin v27.1.1 - https:\/\/yoast.com\/product\/yoast-seo-wordpress\/ -->\n<title>DJI Mavic 3 Eight Battery Case - Ghostysky<\/title>\n<meta name=\"description\" content=\"DJI has brought out another amazing Mavic, the Mavic 3. Even though it has great flight time, we know that more battery storage is always necessary. Here\u2019s a great compact case accommodating 8 batteries and the charging accessories.\" \/>\n<meta name=\"robots\" content=\"index, follow, max-snippet:-1, max-image-preview:large, max-video-preview:-1\" \/>\n<link rel=\"canonical\" href=\"https:\/\/www.ghostysky.com\/es\/producto-2\/dji-mavic-3-eight-battery-case\/\" \/>\n<meta property=\"og:locale\" content=\"es_ES\" \/>\n<meta property=\"og:type\" content=\"article\" \/>\n<meta property=\"og:title\" content=\"DJI Mavic 3 Eight Battery Case - Ghostysky\" \/>\n<meta property=\"og:description\" content=\"DJI has brought out another amazing Mavic, the Mavic 3. Even though it has great flight time, we know that more battery storage is always necessary. Here\u2019s a great compact case accommodating 8 batteries and the charging accessories.\" \/>\n<meta property=\"og:url\" content=\"https:\/\/www.ghostysky.com\/es\/producto-2\/dji-mavic-3-eight-battery-case\/\" \/>\n<meta property=\"og:site_name\" content=\"Ghostysky\" \/>\n<meta property=\"article:publisher\" content=\"https:\/\/www.facebook.com\/people\/Ghostysky\/100057676170234\/\" \/>\n<meta property=\"article:modified_time\" content=\"2024-11-05T08:38:00+00:00\" \/>\n<meta property=\"og:image\" content=\"https:\/\/www.ghostysky.com\/wp-content\/uploads\/2024\/11\/Mav38BtryHero_800x.jpg\" \/>\n\t<meta property=\"og:image:width\" content=\"800\" \/>\n\t<meta property=\"og:image:height\" content=\"800\" \/>\n\t<meta property=\"og:image:type\" content=\"image\/jpeg\" \/>\n<meta name=\"twitter:card\" content=\"summary_large_image\" \/>\n<meta name=\"twitter:site\" content=\"@Gh0stysky\" \/>\n<meta name=\"twitter:label1\" content=\"Tiempo de lectura\" \/>\n\t<meta name=\"twitter:data1\" content=\"1 minuto\" \/>\n<script type=\"application\/ld+json\" class=\"yoast-schema-graph\">{\"@context\":\"https:\/\/schema.org\",\"@graph\":[{\"@type\":\"WebPage\",\"@id\":\"https:\/\/www.ghostysky.com\/product\/dji-mavic-3-eight-battery-case\/\",\"url\":\"https:\/\/www.ghostysky.com\/product\/dji-mavic-3-eight-battery-case\/\",\"name\":\"DJI Mavic 3 Eight Battery Case - Ghostysky\",\"isPartOf\":{\"@id\":\"https:\/\/www.ghostysky.com\/#website\"},\"primaryImageOfPage\":{\"@id\":\"https:\/\/www.ghostysky.com\/product\/dji-mavic-3-eight-battery-case\/#primaryimage\"},\"image\":{\"@id\":\"https:\/\/www.ghostysky.com\/product\/dji-mavic-3-eight-battery-case\/#primaryimage\"},\"thumbnailUrl\":\"https:\/\/www.ghostysky.com\/wp-content\/uploads\/2024\/11\/Mav38BtryHero_800x.jpg\",\"datePublished\":\"2024-11-05T07:45:56+00:00\",\"dateModified\":\"2024-11-05T08:38:00+00:00\",\"description\":\"DJI has brought out another amazing Mavic, the Mavic 3. Even though it has great flight time, we know that more battery storage is always necessary. Here\u2019s a great compact case accommodating 8 batteries and the charging accessories.\",\"breadcrumb\":{\"@id\":\"https:\/\/www.ghostysky.com\/product\/dji-mavic-3-eight-battery-case\/#breadcrumb\"},\"inLanguage\":\"es\",\"potentialAction\":[{\"@type\":\"ReadAction\",\"target\":[\"https:\/\/www.ghostysky.com\/product\/dji-mavic-3-eight-battery-case\/\"]}]},{\"@type\":\"ImageObject\",\"inLanguage\":\"es\",\"@id\":\"https:\/\/www.ghostysky.com\/product\/dji-mavic-3-eight-battery-case\/#primaryimage\",\"url\":\"https:\/\/www.ghostysky.com\/wp-content\/uploads\/2024\/11\/Mav38BtryHero_800x.jpg\",\"contentUrl\":\"https:\/\/www.ghostysky.com\/wp-content\/uploads\/2024\/11\/Mav38BtryHero_800x.jpg\",\"width\":800,\"height\":800},{\"@type\":\"BreadcrumbList\",\"@id\":\"https:\/\/www.ghostysky.com\/product\/dji-mavic-3-eight-battery-case\/#breadcrumb\",\"itemListElement\":[{\"@type\":\"ListItem\",\"position\":1,\"name\":\"Home\",\"item\":\"https:\/\/www.ghostysky.com\/\"},{\"@type\":\"ListItem\",\"position\":2,\"name\":\"Shop\",\"item\":\"https:\/\/www.ghostysky.com\/shop\/\"},{\"@type\":\"ListItem\",\"position\":3,\"name\":\"DJI Mavic 3 Eight Battery Case\"}]},{\"@type\":\"WebSite\",\"@id\":\"https:\/\/www.ghostysky.com\/#website\",\"url\":\"https:\/\/www.ghostysky.com\/\",\"name\":\"Ghostysky\",\"description\":\"Delivering professional drones and services\",\"publisher\":{\"@id\":\"https:\/\/www.ghostysky.com\/#organization\"},\"potentialAction\":[{\"@type\":\"SearchAction\",\"target\":{\"@type\":\"EntryPoint\",\"urlTemplate\":\"https:\/\/www.ghostysky.com\/?s={search_term_string}\"},\"query-input\":{\"@type\":\"PropertyValueSpecification\",\"valueRequired\":true,\"valueName\":\"search_term_string\"}}],\"inLanguage\":\"es\"},{\"@type\":\"Organization\",\"@id\":\"https:\/\/www.ghostysky.com\/#organization\",\"name\":\"Ghostysky\",\"url\":\"https:\/\/www.ghostysky.com\/\",\"logo\":{\"@type\":\"ImageObject\",\"inLanguage\":\"es\",\"@id\":\"https:\/\/www.ghostysky.com\/#\/schema\/logo\/image\/\",\"url\":\"https:\/\/www.ghostysky.com\/wp-content\/uploads\/2020\/06\/cropped-ghostyskylogo_text_white2.png\",\"contentUrl\":\"https:\/\/www.ghostysky.com\/wp-content\/uploads\/2020\/06\/cropped-ghostyskylogo_text_white2.png\",\"width\":169,\"height\":56,\"caption\":\"Ghostysky\"},\"image\":{\"@id\":\"https:\/\/www.ghostysky.com\/#\/schema\/logo\/image\/\"},\"sameAs\":[\"https:\/\/www.facebook.com\/people\/Ghostysky\/100057676170234\/\",\"https:\/\/x.com\/Gh0stysky\",\"https:\/\/www.linkedin.com\/company\/34739653\",\"https:\/\/www.instagram.com\/gh0stysky\"]}]}<\/script>\n<!-- \/ Yoast SEO plugin. -->","yoast_head_json":{"title":"Estuche de bater\u00eda para DJI Mavic 3 Eight - Ghostysky","description":"DJI ha lanzado otro Mavic incre\u00edble, el Mavic 3. Aunque tiene un excelente tiempo de vuelo, sabemos que siempre se necesita m\u00e1s almacenamiento de bater\u00eda. Aqu\u00ed tienes un fant\u00e1stico estuche compacto con capacidad para 8 bater\u00edas y accesorios de carga.","robots":{"index":"index","follow":"follow","max-snippet":"max-snippet:-1","max-image-preview":"max-image-preview:large","max-video-preview":"max-video-preview:-1"},"canonical":"https:\/\/www.ghostysky.com\/es\/producto-2\/dji-mavic-3-eight-battery-case\/","og_locale":"es_ES","og_type":"article","og_title":"DJI Mavic 3 Eight Battery Case - Ghostysky","og_description":"DJI has brought out another amazing Mavic, the Mavic 3. Even though it has great flight time, we know that more battery storage is always necessary. Here\u2019s a great compact case accommodating 8 batteries and the charging accessories.","og_url":"https:\/\/www.ghostysky.com\/es\/producto-2\/dji-mavic-3-eight-battery-case\/","og_site_name":"Ghostysky","article_publisher":"https:\/\/www.facebook.com\/people\/Ghostysky\/100057676170234\/","article_modified_time":"2024-11-05T08:38:00+00:00","og_image":[{"width":800,"height":800,"url":"https:\/\/www.ghostysky.com\/wp-content\/uploads\/2024\/11\/Mav38BtryHero_800x.jpg","type":"image\/jpeg"}],"twitter_card":"summary_large_image","twitter_site":"@Gh0stysky","twitter_misc":{"Tiempo de lectura":"1 minuto"},"schema":{"@context":"https:\/\/schema.org","@graph":[{"@type":"WebPage","@id":"https:\/\/www.ghostysky.com\/product\/dji-mavic-3-eight-battery-case\/","url":"https:\/\/www.ghostysky.com\/product\/dji-mavic-3-eight-battery-case\/","name":"Estuche de bater\u00eda para DJI Mavic 3 Eight - Ghostysky","isPartOf":{"@id":"https:\/\/www.ghostysky.com\/#website"},"primaryImageOfPage":{"@id":"https:\/\/www.ghostysky.com\/product\/dji-mavic-3-eight-battery-case\/#primaryimage"},"image":{"@id":"https:\/\/www.ghostysky.com\/product\/dji-mavic-3-eight-battery-case\/#primaryimage"},"thumbnailUrl":"https:\/\/www.ghostysky.com\/wp-content\/uploads\/2024\/11\/Mav38BtryHero_800x.jpg","datePublished":"2024-11-05T07:45:56+00:00","dateModified":"2024-11-05T08:38:00+00:00","description":"DJI ha lanzado otro Mavic incre\u00edble, el Mavic 3. Aunque tiene un excelente tiempo de vuelo, sabemos que siempre se necesita m\u00e1s almacenamiento de bater\u00eda. Aqu\u00ed tienes un fant\u00e1stico estuche compacto con capacidad para 8 bater\u00edas y accesorios de carga.","breadcrumb":{"@id":"https:\/\/www.ghostysky.com\/product\/dji-mavic-3-eight-battery-case\/#breadcrumb"},"inLanguage":"es","potentialAction":[{"@type":"ReadAction","target":["https:\/\/www.ghostysky.com\/product\/dji-mavic-3-eight-battery-case\/"]}]},{"@type":"ImageObject","inLanguage":"es","@id":"https:\/\/www.ghostysky.com\/product\/dji-mavic-3-eight-battery-case\/#primaryimage","url":"https:\/\/www.ghostysky.com\/wp-content\/uploads\/2024\/11\/Mav38BtryHero_800x.jpg","contentUrl":"https:\/\/www.ghostysky.com\/wp-content\/uploads\/2024\/11\/Mav38BtryHero_800x.jpg","width":800,"height":800},{"@type":"BreadcrumbList","@id":"https:\/\/www.ghostysky.com\/product\/dji-mavic-3-eight-battery-case\/#breadcrumb","itemListElement":[{"@type":"ListItem","position":1,"name":"Home","item":"https:\/\/www.ghostysky.com\/"},{"@type":"ListItem","position":2,"name":"Shop","item":"https:\/\/www.ghostysky.com\/shop\/"},{"@type":"ListItem","position":3,"name":"DJI Mavic 3 Eight Battery Case"}]},{"@type":"WebSite","@id":"https:\/\/www.ghostysky.com\/#website","url":"https:\/\/www.ghostysky.com\/","name":"Ghostysky","description":"Entrega de drones y servicios profesionales","publisher":{"@id":"https:\/\/www.ghostysky.com\/#organization"},"potentialAction":[{"@type":"SearchAction","target":{"@type":"EntryPoint","urlTemplate":"https:\/\/www.ghostysky.com\/?s={search_term_string}"},"query-input":{"@type":"PropertyValueSpecification","valueRequired":true,"valueName":"search_term_string"}}],"inLanguage":"es"},{"@type":"Organization","@id":"https:\/\/www.ghostysky.com\/#organization","name":"Ghostysky","url":"https:\/\/www.ghostysky.com\/","logo":{"@type":"ImageObject","inLanguage":"es","@id":"https:\/\/www.ghostysky.com\/#\/schema\/logo\/image\/","url":"https:\/\/www.ghostysky.com\/wp-content\/uploads\/2020\/06\/cropped-ghostyskylogo_text_white2.png","contentUrl":"https:\/\/www.ghostysky.com\/wp-content\/uploads\/2020\/06\/cropped-ghostyskylogo_text_white2.png","width":169,"height":56,"caption":"Ghostysky"},"image":{"@id":"https:\/\/www.ghostysky.com\/#\/schema\/logo\/image\/"},"sameAs":["https:\/\/www.facebook.com\/people\/Ghostysky\/100057676170234\/","https:\/\/x.com\/Gh0stysky","https:\/\/www.linkedin.com\/company\/34739653","https:\/\/www.instagram.com\/gh0stysky"]}]}},"_links":{"self":[{"href":"https:\/\/www.ghostysky.com\/es\/wp-json\/wp\/v2\/product\/20262","targetHints":{"allow":["GET"]}}],"collection":[{"href":"https:\/\/www.ghostysky.com\/es\/wp-json\/wp\/v2\/product"}],"about":[{"href":"https:\/\/www.ghostysky.com\/es\/wp-json\/wp\/v2\/types\/product"}],"replies":[{"embeddable":true,"href":"https:\/\/www.ghostysky.com\/es\/wp-json\/wp\/v2\/comments?post=20262"}],"wp:featuredmedia":[{"embeddable":true,"href":"https:\/\/www.ghostysky.com\/es\/wp-json\/wp\/v2\/media\/20263"}],"wp:attachment":[{"href":"https:\/\/www.ghostysky.com\/es\/wp-json\/wp\/v2\/media?parent=20262"}],"wp:term":[{"taxonomy":"product_brand","embeddable":true,"href":"https:\/\/www.ghostysky.com\/es\/wp-json\/wp\/v2\/product_brand?post=20262"},{"taxonomy":"product_cat","embeddable":true,"href":"https:\/\/www.ghostysky.com\/es\/wp-json\/wp\/v2\/product_cat?post=20262"},{"taxonomy":"product_tag","embeddable":true,"href":"https:\/\/www.ghostysky.com\/es\/wp-json\/wp\/v2\/product_tag?post=20262"}],"curies":[{"name":"wp","href":"https:\/\/api.w.org\/{rel}","templated":true}]}}