{"id":2034,"date":"2021-03-04T16:25:05","date_gmt":"2021-03-04T16:25:05","guid":{"rendered":"https:\/\/www.ghostysky.com\/?post_type=product&#038;p=2034"},"modified":"2024-08-12T15:22:42","modified_gmt":"2024-08-12T15:22:42","slug":"yuneec-typhoon-h-plus-with-intel-realsense-and-backpack","status":"publish","type":"product","link":"https:\/\/www.ghostysky.com\/es\/product\/yuneec-typhoon-h-plus-with-intel-realsense-and-backpack\/","title":{"rendered":"Yuneec Typhoon H Plus con Intel\u00ae RealSense\u2122 y mochila"},"content":{"rendered":"<p><strong>LA PRECISI\u00d3N DE UNO<\/strong><br \/>\nLos creativos se beneficiar\u00e1n de la c\u00e1mara con sensor de una pulgada C23. Capaz de tomar im\u00e1genes fijas de alta resoluci\u00f3n de 20 megap\u00edxeles y video 4K a 60 fps, la c\u00e1mara C23 permite a los usuarios capturar im\u00e1genes con detalles cautivadores. Con un rendimiento mejorado en condiciones de poca luz con respecto a los modelos anteriores, la c\u00e1mara mejorada cuenta con una \u00f3ptica de mayor apertura y un rango ISO ampliado. El sensor proporciona un rango din\u00e1mico excepcional y una relaci\u00f3n se\u00f1al\/ruido mejorada. La c\u00e1mara est\u00e1 integrada con un card\u00e1n de 3 ejes capaz de rotaci\u00f3n continua para la captura de im\u00e1genes de 360\u00b0.<\/p>\n<p><strong>EL PODER DE SEIS<\/strong><br \/>\nSeis rotores permiten una seguridad y estabilidad incomparables en la aeronave. El dise\u00f1o le permite capturar im\u00e1genes ultra estables de forma fiable incluso en condiciones de viento. El Typhoon H Plus es uno de los drones m\u00e1s silenciosos de su clase, con una reducci\u00f3n del ruido de 40% con respecto a los modelos anteriores. En caso de falla del motor, el dise\u00f1o de seis rotores permite que el Typhoon H Plus permanezca en vuelo con solo cinco motores y aterrice de manera segura.<\/p>\n<p><strong>EL DRONE QUE CONOCE EL CAMINO<\/strong><br \/>\nCapaz de detectar obst\u00e1culos y sortearlos de manera inteligente, Typhoon H con tecnolog\u00eda Intel\u00ae RealSense\u2122 le brinda la libertad de explorar nuevas opciones creativas. El sofisticado sistema para evitar colisiones utiliza la c\u00e1mara RealSense R200 de Intel con Intel Atom\u2122 para construir un modelo 3D del mundo mientras el dron est\u00e1 en vuelo. Intel RealSense se integra a la perfecci\u00f3n con el modo S\u00edgueme para evitar objetos mientras filma en cualquier direcci\u00f3n.<\/p>\n<p><strong>CONTROLADOR ST16S<\/strong><br \/>\nLa estaci\u00f3n terrestre ST16S es una plataforma integrada de transmisor, receptor y Android que le brinda control total sobre Typhoon H Plus, lo que le permite programar f\u00e1cilmente vuelos aut\u00f3nomos y capturar fotos y videos impresionantes. La gran pantalla integrada de 7 pulgadas muestra im\u00e1genes en tiempo real de su vuelo, lo que elimina la necesidad de un dispositivo externo. Ajuste la configuraci\u00f3n manual de la c\u00e1mara, acceda a la telemetr\u00eda de vuelo y navegue por Internet, todo desde el controlador inteligente.<\/p>\n<p><strong>MODOS DE VUELO AUTOMATIZADOS<\/strong><\/p>\n<p><strong>S\u00edgueme\/M\u00edrame<\/strong>: S\u00edgueme garantiza que el Typhoon H Plus se mueva junto con usted. M\u00edrame le dice a Typhoon H que te siga mientras siempre te apunta con la c\u00e1mara dondequiera que vayas.<br \/>\n<strong>\u00d3rbitame<\/strong>: Typhoon H Plus vuela en una trayectoria circular a su alrededor, manteniendo la c\u00e1mara enfocada en usted todo el tiempo.<br \/>\n<strong>Punto de inter\u00e9s<\/strong>: Seleccione un sujeto y el Typhoon H Plus lo orbitar\u00e1 de forma aut\u00f3noma.<br \/>\n<strong>Viaje<\/strong>: Typhoon H Plus subir\u00e1 y bajar\u00e1, hasta 150 pies, y capturar\u00e1 la selfie a\u00e9rea perfecta.<br \/>\n<strong>Leva de cable curva<\/strong>: Programe f\u00e1cilmente una ruta invisible para que el Typhoon H Plus vuele. Typhoon H Plus volar\u00e1 entre coordenadas preestablecidas mientras controla de forma independiente la posici\u00f3n de la c\u00e1mara.<br \/>\n<strong>Vuelve a casa<\/strong>: Simplemente cambie al Modo Hogar y el Typhoon H Plus regresar\u00e1 y aterrizar\u00e1 a 26 pies (8 metros) de usted.<\/p>\n<p><strong>CAJA DE CONTENIDO<br \/>\n<\/strong><\/p>\n<ul>\n<li>Hexac\u00f3ptero Typhoon H Plus con tecnolog\u00eda Intel\u00ae RealSense\u2122<\/li>\n<li>mochila<\/li>\n<li>c\u00e1mara c23<\/li>\n<li>Mando a distancia ST16S<\/li>\n<li>2x bater\u00eda<\/li>\n<li>cargador<\/li>\n<li>correa para el cuello y parasol para ST16S<\/li>\n<li>Tarjeta SD y otros accesorios<\/li>\n<\/ul>\n<table class=\"product--properties-table\">\n<tbody>\n<tr class=\"product--properties-row\">\n<td class=\"product--properties-label is--bold\">DRONE:<\/td>\n<td class=\"product--properties-value\">\u2014\u2014\u2014\u2014\u2014<\/td>\n<\/tr>\n<tr class=\"product--properties-row\">\n<td class=\"product--properties-label is--bold\">Peso:<\/td>\n<td class=\"product--properties-value\">2,06 kg (con RealSense y c\u00e1mara)<\/td>\n<\/tr>\n<tr class=\"product--properties-row\">\n<td class=\"product--properties-label is--bold\">Longitud diagonal:<\/td>\n<td class=\"product--properties-value\">520mm<\/td>\n<\/tr>\n<tr class=\"product--properties-row\">\n<td class=\"product--properties-label is--bold\">Tiempo de vuelo:<\/td>\n<td class=\"product--properties-value\">hasta 28 minutos<\/td>\n<\/tr>\n<tr class=\"product--properties-row\">\n<td class=\"product--properties-label is--bold\">m\u00e1x. Tasa de Ascenso:<\/td>\n<td class=\"product--properties-value\">4 m\/s<\/td>\n<\/tr>\n<tr class=\"product--properties-row\">\n<td class=\"product--properties-label is--bold\">m\u00e1x. Tasa de descenso:<\/td>\n<td class=\"product--properties-value\">2,5 m\/s<\/td>\n<\/tr>\n<tr class=\"product--properties-row\">\n<td class=\"product--properties-label is--bold\">m\u00e1x. Velocidad de vuelo:<\/td>\n<td class=\"product--properties-value\">13,5 m\/s<\/td>\n<\/tr>\n<tr class=\"product--properties-row\">\n<td class=\"product--properties-label is--bold\">Motores:<\/td>\n<td class=\"product--properties-value\">730kV<\/td>\n<\/tr>\n<tr class=\"product--properties-row\">\n<td class=\"product--properties-label is--bold\">Bater\u00eda:<\/td>\n<td class=\"product--properties-value\">4S 5250mAh LiPo<\/td>\n<\/tr>\n<tr class=\"product--properties-row\">\n<td class=\"product--properties-label is--bold\">Cargador:<\/td>\n<td class=\"product--properties-value\">SC4000-4H<\/td>\n<\/tr>\n<tr class=\"product--properties-row\">\n<td class=\"product--properties-label is--bold\">Temperatura de funcionamiento:<\/td>\n<td class=\"product--properties-value\">0\u00b0C \u2013 40\u00b0C<\/td>\n<\/tr>\n<tr class=\"product--properties-row\">\n<td class=\"product--properties-label is--bold\">CONTROL REMOTO:<\/td>\n<td class=\"product--properties-value\">\u2014\u2014\u2014\u2014\u2014<\/td>\n<\/tr>\n<tr class=\"product--properties-row\">\n<td class=\"product--properties-label is--bold\">Sistema operativo:<\/td>\n<td class=\"product--properties-value\">Android\u2122<\/td>\n<\/tr>\n<tr class=\"product--properties-row\">\n<td class=\"product--properties-label is--bold\">N\u00famero de canales:<\/td>\n<td class=\"product--properties-value\">16<\/td>\n<\/tr>\n<tr class=\"product--properties-row\">\n<td class=\"product--properties-label is--bold\">Rango de distancia de transmisi\u00f3n (condiciones \u00f3ptimas):<\/td>\n<td class=\"product--properties-value\">Hasta 1,6 km<\/td>\n<\/tr>\n<tr class=\"product--properties-row\">\n<td class=\"product--properties-label is--bold\">Banda de frecuencia de enlace de video:<\/td>\n<td class=\"product--properties-value\">Wi-Fi de 5,8 GHz<\/td>\n<\/tr>\n<tr class=\"product--properties-row\">\n<td class=\"product--properties-label is--bold\">Resoluci\u00f3n del enlace de v\u00eddeo:<\/td>\n<td class=\"product--properties-value\">alta definici\u00f3n 720p<\/td>\n<\/tr>\n<tr class=\"product--properties-row\">\n<td class=\"product--properties-label is--bold\">Pantalla de visualizaci\u00f3n:<\/td>\n<td class=\"product--properties-value\">7\u2033<\/td>\n<\/tr>\n<tr class=\"product--properties-row\">\n<td class=\"product--properties-label is--bold\">Bater\u00eda del controlador:<\/td>\n<td class=\"product--properties-value\">8700mAh 3,6V 31,32Wh Li-Ion<\/td>\n<\/tr>\n<tr class=\"product--properties-row\">\n<td class=\"product--properties-label is--bold\">Datos de telemetr\u00eda en pantalla:<\/td>\n<td class=\"product--properties-value\">S\u00ed<\/td>\n<\/tr>\n<tr class=\"product--properties-row\">\n<td class=\"product--properties-label is--bold\">Tipos de conexi\u00f3n:<\/td>\n<td class=\"product--properties-value\">USB<\/td>\n<\/tr>\n<tr class=\"product--properties-row\">\n<td class=\"product--properties-label is--bold\">C\u00c1MARA:<\/td>\n<td class=\"product--properties-value\">\u2014\u2014\u2014\u2014\u2014<\/td>\n<\/tr>\n<tr class=\"product--properties-row\">\n<td class=\"product--properties-label is--bold\">Dimensiones de la c\u00e1mara:<\/td>\n<td class=\"product--properties-value\">115x80x130mm<\/td>\n<\/tr>\n<tr class=\"product--properties-row\">\n<td class=\"product--properties-label is--bold\">Peso de la c\u00e1mara:<\/td>\n<td class=\"product--properties-value\">350 gramos<\/td>\n<\/tr>\n<tr class=\"product--properties-row\">\n<td class=\"product--properties-label is--bold\">Sensor:<\/td>\n<td class=\"product--properties-value\">CMOS de 1 pulgada<\/td>\n<\/tr>\n<tr class=\"product--properties-row\">\n<td class=\"product--properties-label is--bold\">P\u00edxel efectivo:<\/td>\n<td class=\"product--properties-value\">20 megap\u00edxeles<\/td>\n<\/tr>\n<tr class=\"product--properties-row\">\n<td class=\"product--properties-label is--bold\">Resoluci\u00f3n de video:<\/td>\n<td class=\"product--properties-value\">4K 60FPS m\u00e1x.<\/td>\n<\/tr>\n<tr class=\"product--properties-row\">\n<td class=\"product--properties-label is--bold\">campo de visi\u00f3n:<\/td>\n<td class=\"product--properties-value\">91\u00b0<\/td>\n<\/tr>\n<tr class=\"product--properties-row\">\n<td class=\"product--properties-label is--bold\">Rango ISO:<\/td>\n<td class=\"product--properties-value\">100 \u2013 6400<\/td>\n<\/tr>\n<tr class=\"product--properties-row\">\n<td class=\"product--properties-label is--bold\">Velocidad de obturaci\u00f3n:<\/td>\n<td class=\"product--properties-value\">4s \u2013 1\/8000s<\/td>\n<\/tr>\n<tr class=\"product--properties-row\">\n<td class=\"product--properties-label is--bold\">Balance de blancos:<\/td>\n<td class=\"product--properties-value\">Cerradura, Soleado, Nublado, Autom\u00e1tico, Fluorescente, Incandescente, Atardecer<\/td>\n<\/tr>\n<tr class=\"product--properties-row\">\n<td class=\"product--properties-label is--bold\">Formato de foto:<\/td>\n<td class=\"product--properties-value\">JPG, JPEG+DNG<\/td>\n<\/tr>\n<tr class=\"product--properties-row\">\n<td class=\"product--properties-label is--bold\">Formato de video:<\/td>\n<td class=\"product--properties-value\">MP4<\/td>\n<\/tr>\n<\/tbody>\n<\/table>","protected":false},"excerpt":{"rendered":"<p><strong>EL PODER DE LA PRECISI\u00d3N<\/strong><br \/>\nConozca la pr\u00f3xima generaci\u00f3n de Typhoon H: un hexac\u00f3ptero a\u00fan m\u00e1s poderoso que antes y con un controlador de vuelo completamente nuevo, basado en PX4.<\/p>\n<hr \/>","protected":false},"featured_media":2035,"comment_status":"open","ping_status":"closed","template":"","meta":[],"product_brand":[],"product_cat":[29,307,118],"product_tag":[130,38,129,128,121],"class_list":{"0":"post-2034","1":"product","2":"type-product","3":"status-publish","4":"has-post-thumbnail","6":"product_cat-drones","7":"product_cat-drones-yuneec","8":"product_cat-yuneec","9":"product_tag-backpack","10":"product_tag-drone","11":"product_tag-intel-realsense","12":"product_tag-typhoon-h-plus","13":"product_tag-yuneec","15":"first","16":"onbackorder","17":"taxable","18":"shipping-taxable","19":"product-type-simple"},"yoast_head":"<!-- This site is optimized with the Yoast SEO plugin v27.4 - https:\/\/yoast.com\/product\/yoast-seo-wordpress\/ -->\n<title>Yuneec Typhoon H Plus with Intel\u00ae RealSense\u2122 and Backpack -<\/title>\n<meta name=\"robots\" content=\"index, follow, max-snippet:-1, max-image-preview:large, max-video-preview:-1\" \/>\n<link rel=\"canonical\" href=\"https:\/\/www.ghostysky.com\/es\/producto-2\/yuneec-typhoon-h-plus-with-intel-realsense-and-backpack\/\" \/>\n<meta property=\"og:locale\" content=\"es_ES\" \/>\n<meta property=\"og:type\" content=\"article\" \/>\n<meta property=\"og:title\" content=\"Yuneec Typhoon H Plus with Intel\u00ae RealSense\u2122 and Backpack -\" \/>\n<meta property=\"og:description\" content=\"THE POWER OF PRECISION Meet the next generation of Typhoon H - a hexacopter even more powerful than before and with an all new flight controller, based on PX4.\" \/>\n<meta property=\"og:url\" content=\"https:\/\/www.ghostysky.com\/es\/producto-2\/yuneec-typhoon-h-plus-with-intel-realsense-and-backpack\/\" \/>\n<meta property=\"og:site_name\" content=\"Ghostysky\" \/>\n<meta property=\"article:publisher\" content=\"https:\/\/www.facebook.com\/people\/Ghostysky\/100057676170234\/\" \/>\n<meta property=\"article:modified_time\" content=\"2024-08-12T15:22:42+00:00\" \/>\n<meta property=\"og:image\" content=\"https:\/\/www.ghostysky.com\/wp-content\/uploads\/2021\/03\/YuneecProducts-1329_v1_1.jpg\" \/>\n\t<meta property=\"og:image:width\" content=\"1704\" \/>\n\t<meta property=\"og:image:height\" content=\"1500\" \/>\n\t<meta property=\"og:image:type\" content=\"image\/jpeg\" \/>\n<meta name=\"twitter:card\" content=\"summary_large_image\" \/>\n<meta name=\"twitter:site\" content=\"@Gh0stysky\" \/>\n<meta name=\"twitter:label1\" content=\"Tiempo de lectura\" \/>\n\t<meta name=\"twitter:data1\" content=\"3 minutos\" \/>\n<script type=\"application\/ld+json\" class=\"yoast-schema-graph\">{\"@context\":\"https:\\\/\\\/schema.org\",\"@graph\":[{\"@type\":\"WebPage\",\"@id\":\"https:\\\/\\\/www.ghostysky.com\\\/product\\\/yuneec-typhoon-h-plus-with-intel-realsense-and-backpack\\\/\",\"url\":\"https:\\\/\\\/www.ghostysky.com\\\/product\\\/yuneec-typhoon-h-plus-with-intel-realsense-and-backpack\\\/\",\"name\":\"Yuneec Typhoon H Plus with Intel\u00ae RealSense\u2122 and Backpack -\",\"isPartOf\":{\"@id\":\"https:\\\/\\\/www.ghostysky.com\\\/#website\"},\"primaryImageOfPage\":{\"@id\":\"https:\\\/\\\/www.ghostysky.com\\\/product\\\/yuneec-typhoon-h-plus-with-intel-realsense-and-backpack\\\/#primaryimage\"},\"image\":{\"@id\":\"https:\\\/\\\/www.ghostysky.com\\\/product\\\/yuneec-typhoon-h-plus-with-intel-realsense-and-backpack\\\/#primaryimage\"},\"thumbnailUrl\":\"https:\\\/\\\/www.ghostysky.com\\\/wp-content\\\/uploads\\\/2021\\\/03\\\/YuneecProducts-1329_v1_1.jpg\",\"datePublished\":\"2021-03-04T16:25:05+00:00\",\"dateModified\":\"2024-08-12T15:22:42+00:00\",\"breadcrumb\":{\"@id\":\"https:\\\/\\\/www.ghostysky.com\\\/product\\\/yuneec-typhoon-h-plus-with-intel-realsense-and-backpack\\\/#breadcrumb\"},\"inLanguage\":\"es\",\"potentialAction\":[{\"@type\":\"ReadAction\",\"target\":[\"https:\\\/\\\/www.ghostysky.com\\\/product\\\/yuneec-typhoon-h-plus-with-intel-realsense-and-backpack\\\/\"]}]},{\"@type\":\"ImageObject\",\"inLanguage\":\"es\",\"@id\":\"https:\\\/\\\/www.ghostysky.com\\\/product\\\/yuneec-typhoon-h-plus-with-intel-realsense-and-backpack\\\/#primaryimage\",\"url\":\"https:\\\/\\\/www.ghostysky.com\\\/wp-content\\\/uploads\\\/2021\\\/03\\\/YuneecProducts-1329_v1_1.jpg\",\"contentUrl\":\"https:\\\/\\\/www.ghostysky.com\\\/wp-content\\\/uploads\\\/2021\\\/03\\\/YuneecProducts-1329_v1_1.jpg\",\"width\":1704,\"height\":1500},{\"@type\":\"BreadcrumbList\",\"@id\":\"https:\\\/\\\/www.ghostysky.com\\\/product\\\/yuneec-typhoon-h-plus-with-intel-realsense-and-backpack\\\/#breadcrumb\",\"itemListElement\":[{\"@type\":\"ListItem\",\"position\":1,\"name\":\"Home\",\"item\":\"https:\\\/\\\/www.ghostysky.com\\\/\"},{\"@type\":\"ListItem\",\"position\":2,\"name\":\"Shop\",\"item\":\"https:\\\/\\\/www.ghostysky.com\\\/shop\\\/\"},{\"@type\":\"ListItem\",\"position\":3,\"name\":\"Yuneec Typhoon H Plus with Intel\u00ae RealSense\u2122 and Backpack\"}]},{\"@type\":\"WebSite\",\"@id\":\"https:\\\/\\\/www.ghostysky.com\\\/#website\",\"url\":\"https:\\\/\\\/www.ghostysky.com\\\/\",\"name\":\"Ghostysky\",\"description\":\"Delivering professional drones and services\",\"publisher\":{\"@id\":\"https:\\\/\\\/www.ghostysky.com\\\/#organization\"},\"potentialAction\":[{\"@type\":\"SearchAction\",\"target\":{\"@type\":\"EntryPoint\",\"urlTemplate\":\"https:\\\/\\\/www.ghostysky.com\\\/?s={search_term_string}\"},\"query-input\":{\"@type\":\"PropertyValueSpecification\",\"valueRequired\":true,\"valueName\":\"search_term_string\"}}],\"inLanguage\":\"es\"},{\"@type\":\"Organization\",\"@id\":\"https:\\\/\\\/www.ghostysky.com\\\/#organization\",\"name\":\"Ghostysky\",\"url\":\"https:\\\/\\\/www.ghostysky.com\\\/\",\"logo\":{\"@type\":\"ImageObject\",\"inLanguage\":\"es\",\"@id\":\"https:\\\/\\\/www.ghostysky.com\\\/#\\\/schema\\\/logo\\\/image\\\/\",\"url\":\"https:\\\/\\\/www.ghostysky.com\\\/wp-content\\\/uploads\\\/2020\\\/06\\\/cropped-ghostyskylogo_text_white2.png\",\"contentUrl\":\"https:\\\/\\\/www.ghostysky.com\\\/wp-content\\\/uploads\\\/2020\\\/06\\\/cropped-ghostyskylogo_text_white2.png\",\"width\":169,\"height\":56,\"caption\":\"Ghostysky\"},\"image\":{\"@id\":\"https:\\\/\\\/www.ghostysky.com\\\/#\\\/schema\\\/logo\\\/image\\\/\"},\"sameAs\":[\"https:\\\/\\\/www.facebook.com\\\/people\\\/Ghostysky\\\/100057676170234\\\/\",\"https:\\\/\\\/x.com\\\/Gh0stysky\",\"https:\\\/\\\/www.linkedin.com\\\/company\\\/34739653\",\"https:\\\/\\\/www.instagram.com\\\/gh0stysky\"]}]}<\/script>\n<!-- \/ Yoast SEO plugin. -->","yoast_head_json":{"title":"Yuneec Typhoon H Plus con Intel\u00ae RealSense\u2122 y mochila -","robots":{"index":"index","follow":"follow","max-snippet":"max-snippet:-1","max-image-preview":"max-image-preview:large","max-video-preview":"max-video-preview:-1"},"canonical":"https:\/\/www.ghostysky.com\/es\/producto-2\/yuneec-typhoon-h-plus-with-intel-realsense-and-backpack\/","og_locale":"es_ES","og_type":"article","og_title":"Yuneec Typhoon H Plus with Intel\u00ae RealSense\u2122 and Backpack -","og_description":"THE POWER OF PRECISION Meet the next generation of Typhoon H - a hexacopter even more powerful than before and with an all new flight controller, based on PX4.","og_url":"https:\/\/www.ghostysky.com\/es\/producto-2\/yuneec-typhoon-h-plus-with-intel-realsense-and-backpack\/","og_site_name":"Ghostysky","article_publisher":"https:\/\/www.facebook.com\/people\/Ghostysky\/100057676170234\/","article_modified_time":"2024-08-12T15:22:42+00:00","og_image":[{"width":1704,"height":1500,"url":"https:\/\/www.ghostysky.com\/wp-content\/uploads\/2021\/03\/YuneecProducts-1329_v1_1.jpg","type":"image\/jpeg"}],"twitter_card":"summary_large_image","twitter_site":"@Gh0stysky","twitter_misc":{"Tiempo de lectura":"3 minutos"},"schema":{"@context":"https:\/\/schema.org","@graph":[{"@type":"WebPage","@id":"https:\/\/www.ghostysky.com\/product\/yuneec-typhoon-h-plus-with-intel-realsense-and-backpack\/","url":"https:\/\/www.ghostysky.com\/product\/yuneec-typhoon-h-plus-with-intel-realsense-and-backpack\/","name":"Yuneec Typhoon H Plus con Intel\u00ae RealSense\u2122 y mochila -","isPartOf":{"@id":"https:\/\/www.ghostysky.com\/#website"},"primaryImageOfPage":{"@id":"https:\/\/www.ghostysky.com\/product\/yuneec-typhoon-h-plus-with-intel-realsense-and-backpack\/#primaryimage"},"image":{"@id":"https:\/\/www.ghostysky.com\/product\/yuneec-typhoon-h-plus-with-intel-realsense-and-backpack\/#primaryimage"},"thumbnailUrl":"https:\/\/www.ghostysky.com\/wp-content\/uploads\/2021\/03\/YuneecProducts-1329_v1_1.jpg","datePublished":"2021-03-04T16:25:05+00:00","dateModified":"2024-08-12T15:22:42+00:00","breadcrumb":{"@id":"https:\/\/www.ghostysky.com\/product\/yuneec-typhoon-h-plus-with-intel-realsense-and-backpack\/#breadcrumb"},"inLanguage":"es","potentialAction":[{"@type":"ReadAction","target":["https:\/\/www.ghostysky.com\/product\/yuneec-typhoon-h-plus-with-intel-realsense-and-backpack\/"]}]},{"@type":"ImageObject","inLanguage":"es","@id":"https:\/\/www.ghostysky.com\/product\/yuneec-typhoon-h-plus-with-intel-realsense-and-backpack\/#primaryimage","url":"https:\/\/www.ghostysky.com\/wp-content\/uploads\/2021\/03\/YuneecProducts-1329_v1_1.jpg","contentUrl":"https:\/\/www.ghostysky.com\/wp-content\/uploads\/2021\/03\/YuneecProducts-1329_v1_1.jpg","width":1704,"height":1500},{"@type":"BreadcrumbList","@id":"https:\/\/www.ghostysky.com\/product\/yuneec-typhoon-h-plus-with-intel-realsense-and-backpack\/#breadcrumb","itemListElement":[{"@type":"ListItem","position":1,"name":"Home","item":"https:\/\/www.ghostysky.com\/"},{"@type":"ListItem","position":2,"name":"Shop","item":"https:\/\/www.ghostysky.com\/shop\/"},{"@type":"ListItem","position":3,"name":"Yuneec Typhoon H Plus with Intel\u00ae RealSense\u2122 and Backpack"}]},{"@type":"WebSite","@id":"https:\/\/www.ghostysky.com\/#website","url":"https:\/\/www.ghostysky.com\/","name":"Ghostysky","description":"Entrega de drones y servicios profesionales","publisher":{"@id":"https:\/\/www.ghostysky.com\/#organization"},"potentialAction":[{"@type":"SearchAction","target":{"@type":"EntryPoint","urlTemplate":"https:\/\/www.ghostysky.com\/?s={search_term_string}"},"query-input":{"@type":"PropertyValueSpecification","valueRequired":true,"valueName":"search_term_string"}}],"inLanguage":"es"},{"@type":"Organization","@id":"https:\/\/www.ghostysky.com\/#organization","name":"Ghostysky","url":"https:\/\/www.ghostysky.com\/","logo":{"@type":"ImageObject","inLanguage":"es","@id":"https:\/\/www.ghostysky.com\/#\/schema\/logo\/image\/","url":"https:\/\/www.ghostysky.com\/wp-content\/uploads\/2020\/06\/cropped-ghostyskylogo_text_white2.png","contentUrl":"https:\/\/www.ghostysky.com\/wp-content\/uploads\/2020\/06\/cropped-ghostyskylogo_text_white2.png","width":169,"height":56,"caption":"Ghostysky"},"image":{"@id":"https:\/\/www.ghostysky.com\/#\/schema\/logo\/image\/"},"sameAs":["https:\/\/www.facebook.com\/people\/Ghostysky\/100057676170234\/","https:\/\/x.com\/Gh0stysky","https:\/\/www.linkedin.com\/company\/34739653","https:\/\/www.instagram.com\/gh0stysky"]}]}},"_links":{"self":[{"href":"https:\/\/www.ghostysky.com\/es\/wp-json\/wp\/v2\/product\/2034","targetHints":{"allow":["GET"]}}],"collection":[{"href":"https:\/\/www.ghostysky.com\/es\/wp-json\/wp\/v2\/product"}],"about":[{"href":"https:\/\/www.ghostysky.com\/es\/wp-json\/wp\/v2\/types\/product"}],"replies":[{"embeddable":true,"href":"https:\/\/www.ghostysky.com\/es\/wp-json\/wp\/v2\/comments?post=2034"}],"version-history":[{"count":0,"href":"https:\/\/www.ghostysky.com\/es\/wp-json\/wp\/v2\/product\/2034\/revisions"}],"wp:featuredmedia":[{"embeddable":true,"href":"https:\/\/www.ghostysky.com\/es\/wp-json\/wp\/v2\/media\/2035"}],"wp:attachment":[{"href":"https:\/\/www.ghostysky.com\/es\/wp-json\/wp\/v2\/media?parent=2034"}],"wp:term":[{"taxonomy":"product_brand","embeddable":true,"href":"https:\/\/www.ghostysky.com\/es\/wp-json\/wp\/v2\/product_brand?post=2034"},{"taxonomy":"product_cat","embeddable":true,"href":"https:\/\/www.ghostysky.com\/es\/wp-json\/wp\/v2\/product_cat?post=2034"},{"taxonomy":"product_tag","embeddable":true,"href":"https:\/\/www.ghostysky.com\/es\/wp-json\/wp\/v2\/product_tag?post=2034"}],"curies":[{"name":"wp","href":"https:\/\/api.w.org\/{rel}","templated":true}]}}