{"id":2050,"date":"2021-03-04T17:17:34","date_gmt":"2021-03-04T17:17:34","guid":{"rendered":"https:\/\/www.ghostysky.com\/?post_type=product&#038;p=2050"},"modified":"2024-08-28T03:25:39","modified_gmt":"2024-08-28T03:25:39","slug":"yuneec-e10tvx-camera","status":"publish","type":"product","link":"https:\/\/www.ghostysky.com\/es\/product\/yuneec-e10tvx-camera\/","title":{"rendered":"C\u00e1mara E10TvX"},"content":{"rendered":"<p><strong>El E10TvX es una soluci\u00f3n profesional, segura y f\u00e1cil de usar para innumerables \u00e1reas de aplicaci\u00f3n:<\/strong><\/p>\n<ul>\n<li>Inspecci\u00f3n y construcci\u00f3n de edificios<\/li>\n<li>Inspecci\u00f3n de sistemas fotovoltaicos<\/li>\n<li>Agricultura y Bosques<\/li>\n<li>extinci\u00f3n de incendios<\/li>\n<li>Aplicaciones policiales y aduaneras<\/li>\n<li>B\u00fasqueda y rescate<\/li>\n<\/ul>\n<p><strong>TODO DE UN VISTAZO<\/strong><\/p>\n<ul>\n<li>Medici\u00f3n y visualizaci\u00f3n de temperatura<\/li>\n<li>Varios espectros de color permiten una visualizaci\u00f3n precisa de las fuentes de calor.<\/li>\n<li>Escala de detecci\u00f3n de temperatura ajustable para centrarse en \u00e1reas relevantes<\/li>\n<li>IR montado en card\u00e1n para una visualizaci\u00f3n de detecci\u00f3n suave<\/li>\n<li>El sensor IR grande detecta m\u00e1s detalles en la oscuridad que el ojo humano y es ideal para la vigilancia<\/li>\n<li>Grabaci\u00f3n simult\u00e1nea dual HD e infrarrojos<\/li>\n<li>La luz t\u00e9rmica y disponible se graban simult\u00e1neamente, por lo que el video tiene una precisi\u00f3n de cuadro en la reproducci\u00f3n con c\u00f3digo de tiempo incorporado<\/li>\n<li>Admite DataPilot y planificaci\u00f3n de misiones<\/li>\n<li>Compatible solo con H520E<\/li>\n<\/ul>","protected":false},"excerpt":{"rendered":"<p><strong>C\u00c1MARA FLIR DE IM\u00c1GENES T\u00c9RMICAS Y DE BAJA LUZ DE ALTA RESOLUCI\u00d3N<\/strong><\/p>\n<p>El E10TvX para el hexac\u00f3ptero H520E es un card\u00e1n estabilizado de 3 ejes, im\u00e1genes t\u00e9rmicas y c\u00e1mara de luz residual todo en uno.<br \/>\nCon una resoluci\u00f3n de im\u00e1genes t\u00e9rmicas de 640 x 512 p\u00edxeles, la E10TX toma im\u00e1genes de alta calidad y detecta m\u00e1s detalles en la oscuridad que a simple vista con la ayuda de su gran sensor RGB.<br \/>\nGracias a su flujo de video dual, puede transmitir la imagen t\u00e9rmica y de luz residual simult\u00e1neamente al control remoto y luego mirar la imagen como una superposici\u00f3n o imagen en imagen. Adem\u00e1s, el E10TvX es compatible con aplicaciones comerciales como la planificaci\u00f3n de misiones.<\/p>\n<hr \/>","protected":false},"featured_media":2053,"comment_status":"open","ping_status":"closed","template":"","meta":[],"product_brand":[],"product_cat":[120,29,118],"product_tag":[62,134,135,122,136,121],"class_list":{"0":"post-2050","1":"product","2":"type-product","3":"status-publish","4":"has-post-thumbnail","6":"product_cat-yuneec-cameras","7":"product_cat-drones","8":"product_cat-yuneec","9":"product_tag-camera","10":"product_tag-e10tvx","11":"product_tag-flir-thermal","12":"product_tag-h520e","13":"product_tag-high-resolution","14":"product_tag-yuneec","16":"first","17":"onbackorder","18":"taxable","19":"shipping-taxable","20":"purchasable","21":"product-type-simple"},"yoast_head":"<!-- This site is optimized with the Yoast SEO plugin v27.1.1 - https:\/\/yoast.com\/product\/yoast-seo-wordpress\/ -->\n<title>E10TvX Camera -<\/title>\n<meta name=\"description\" content=\"The E10TvX for the H520E Hexacopter is a stabilised 3-axis gimbal, thermal imaging and residual light camera all-in-one.With a 640*512-pixel thermal imaging resolution, the E10TX takes high-quality pictures and detects more details in the dark than the naked eye with the help of its large RGB sensor.\" \/>\n<meta name=\"robots\" content=\"index, follow, max-snippet:-1, max-image-preview:large, max-video-preview:-1\" \/>\n<link rel=\"canonical\" href=\"https:\/\/www.ghostysky.com\/es\/producto-2\/yuneec-e10tvx-camera\/\" \/>\n<meta property=\"og:locale\" content=\"es_ES\" \/>\n<meta property=\"og:type\" content=\"article\" \/>\n<meta property=\"og:title\" content=\"E10TvX Camera -\" \/>\n<meta property=\"og:description\" content=\"The E10TvX for the H520E Hexacopter is a stabilised 3-axis gimbal, thermal imaging and residual light camera all-in-one.With a 640*512-pixel thermal imaging resolution, the E10TX takes high-quality pictures and detects more details in the dark than the naked eye with the help of its large RGB sensor.\" \/>\n<meta property=\"og:url\" content=\"https:\/\/www.ghostysky.com\/es\/producto-2\/yuneec-e10tvx-camera\/\" \/>\n<meta property=\"og:site_name\" content=\"Ghostysky\" \/>\n<meta property=\"article:publisher\" content=\"https:\/\/www.facebook.com\/people\/Ghostysky\/100057676170234\/\" \/>\n<meta property=\"article:modified_time\" content=\"2024-08-28T03:25:39+00:00\" \/>\n<meta property=\"og:image\" content=\"https:\/\/www.ghostysky.com\/wp-content\/uploads\/2021\/03\/E10TvX1.png\" \/>\n\t<meta property=\"og:image:width\" content=\"551\" \/>\n\t<meta property=\"og:image:height\" content=\"685\" \/>\n\t<meta property=\"og:image:type\" content=\"image\/png\" \/>\n<meta name=\"twitter:card\" content=\"summary_large_image\" \/>\n<meta name=\"twitter:site\" content=\"@Gh0stysky\" \/>\n<meta name=\"twitter:label1\" content=\"Tiempo de lectura\" \/>\n\t<meta name=\"twitter:data1\" content=\"1 minuto\" \/>\n<script type=\"application\/ld+json\" class=\"yoast-schema-graph\">{\"@context\":\"https:\/\/schema.org\",\"@graph\":[{\"@type\":\"WebPage\",\"@id\":\"https:\/\/www.ghostysky.com\/product\/yuneec-e10tvx-camera\/\",\"url\":\"https:\/\/www.ghostysky.com\/product\/yuneec-e10tvx-camera\/\",\"name\":\"E10TvX Camera -\",\"isPartOf\":{\"@id\":\"https:\/\/www.ghostysky.com\/#website\"},\"primaryImageOfPage\":{\"@id\":\"https:\/\/www.ghostysky.com\/product\/yuneec-e10tvx-camera\/#primaryimage\"},\"image\":{\"@id\":\"https:\/\/www.ghostysky.com\/product\/yuneec-e10tvx-camera\/#primaryimage\"},\"thumbnailUrl\":\"https:\/\/www.ghostysky.com\/wp-content\/uploads\/2021\/03\/E10TvX1.png\",\"datePublished\":\"2021-03-04T17:17:34+00:00\",\"dateModified\":\"2024-08-28T03:25:39+00:00\",\"description\":\"The E10TvX for the H520E Hexacopter is a stabilised 3-axis gimbal, thermal imaging and residual light camera all-in-one.With a 640*512-pixel thermal imaging resolution, the E10TX takes high-quality pictures and detects more details in the dark than the naked eye with the help of its large RGB sensor.\",\"breadcrumb\":{\"@id\":\"https:\/\/www.ghostysky.com\/product\/yuneec-e10tvx-camera\/#breadcrumb\"},\"inLanguage\":\"es\",\"potentialAction\":[{\"@type\":\"ReadAction\",\"target\":[\"https:\/\/www.ghostysky.com\/product\/yuneec-e10tvx-camera\/\"]}]},{\"@type\":\"ImageObject\",\"inLanguage\":\"es\",\"@id\":\"https:\/\/www.ghostysky.com\/product\/yuneec-e10tvx-camera\/#primaryimage\",\"url\":\"https:\/\/www.ghostysky.com\/wp-content\/uploads\/2021\/03\/E10TvX1.png\",\"contentUrl\":\"https:\/\/www.ghostysky.com\/wp-content\/uploads\/2021\/03\/E10TvX1.png\",\"width\":551,\"height\":685},{\"@type\":\"BreadcrumbList\",\"@id\":\"https:\/\/www.ghostysky.com\/product\/yuneec-e10tvx-camera\/#breadcrumb\",\"itemListElement\":[{\"@type\":\"ListItem\",\"position\":1,\"name\":\"Home\",\"item\":\"https:\/\/www.ghostysky.com\/\"},{\"@type\":\"ListItem\",\"position\":2,\"name\":\"Shop\",\"item\":\"https:\/\/www.ghostysky.com\/shop\/\"},{\"@type\":\"ListItem\",\"position\":3,\"name\":\"E10TvX Camera\"}]},{\"@type\":\"WebSite\",\"@id\":\"https:\/\/www.ghostysky.com\/#website\",\"url\":\"https:\/\/www.ghostysky.com\/\",\"name\":\"Ghostysky\",\"description\":\"Delivering professional drones and services\",\"publisher\":{\"@id\":\"https:\/\/www.ghostysky.com\/#organization\"},\"potentialAction\":[{\"@type\":\"SearchAction\",\"target\":{\"@type\":\"EntryPoint\",\"urlTemplate\":\"https:\/\/www.ghostysky.com\/?s={search_term_string}\"},\"query-input\":{\"@type\":\"PropertyValueSpecification\",\"valueRequired\":true,\"valueName\":\"search_term_string\"}}],\"inLanguage\":\"es\"},{\"@type\":\"Organization\",\"@id\":\"https:\/\/www.ghostysky.com\/#organization\",\"name\":\"Ghostysky\",\"url\":\"https:\/\/www.ghostysky.com\/\",\"logo\":{\"@type\":\"ImageObject\",\"inLanguage\":\"es\",\"@id\":\"https:\/\/www.ghostysky.com\/#\/schema\/logo\/image\/\",\"url\":\"https:\/\/www.ghostysky.com\/wp-content\/uploads\/2020\/06\/cropped-ghostyskylogo_text_white2.png\",\"contentUrl\":\"https:\/\/www.ghostysky.com\/wp-content\/uploads\/2020\/06\/cropped-ghostyskylogo_text_white2.png\",\"width\":169,\"height\":56,\"caption\":\"Ghostysky\"},\"image\":{\"@id\":\"https:\/\/www.ghostysky.com\/#\/schema\/logo\/image\/\"},\"sameAs\":[\"https:\/\/www.facebook.com\/people\/Ghostysky\/100057676170234\/\",\"https:\/\/x.com\/Gh0stysky\",\"https:\/\/www.linkedin.com\/company\/34739653\",\"https:\/\/www.instagram.com\/gh0stysky\"]}]}<\/script>\n<!-- \/ Yoast SEO plugin. -->","yoast_head_json":{"title":"C\u00e1mara E10TvX -","description":"El E10TvX para el hexac\u00f3ptero H520E es un card\u00e1n estabilizado de 3 ejes, c\u00e1mara de imagen t\u00e9rmica y luz residual todo en uno. Con una resoluci\u00f3n de imagen t\u00e9rmica de 640*512 p\u00edxeles, el E10TX toma fotograf\u00edas de alta calidad y detecta m\u00e1s detalles en el m\u00e1s oscuro que a simple vista con la ayuda de su gran sensor RGB.","robots":{"index":"index","follow":"follow","max-snippet":"max-snippet:-1","max-image-preview":"max-image-preview:large","max-video-preview":"max-video-preview:-1"},"canonical":"https:\/\/www.ghostysky.com\/es\/producto-2\/yuneec-e10tvx-camera\/","og_locale":"es_ES","og_type":"article","og_title":"E10TvX Camera -","og_description":"The E10TvX for the H520E Hexacopter is a stabilised 3-axis gimbal, thermal imaging and residual light camera all-in-one.With a 640*512-pixel thermal imaging resolution, the E10TX takes high-quality pictures and detects more details in the dark than the naked eye with the help of its large RGB sensor.","og_url":"https:\/\/www.ghostysky.com\/es\/producto-2\/yuneec-e10tvx-camera\/","og_site_name":"Ghostysky","article_publisher":"https:\/\/www.facebook.com\/people\/Ghostysky\/100057676170234\/","article_modified_time":"2024-08-28T03:25:39+00:00","og_image":[{"width":551,"height":685,"url":"https:\/\/www.ghostysky.com\/wp-content\/uploads\/2021\/03\/E10TvX1.png","type":"image\/png"}],"twitter_card":"summary_large_image","twitter_site":"@Gh0stysky","twitter_misc":{"Tiempo de lectura":"1 minuto"},"schema":{"@context":"https:\/\/schema.org","@graph":[{"@type":"WebPage","@id":"https:\/\/www.ghostysky.com\/product\/yuneec-e10tvx-camera\/","url":"https:\/\/www.ghostysky.com\/product\/yuneec-e10tvx-camera\/","name":"C\u00e1mara E10TvX -","isPartOf":{"@id":"https:\/\/www.ghostysky.com\/#website"},"primaryImageOfPage":{"@id":"https:\/\/www.ghostysky.com\/product\/yuneec-e10tvx-camera\/#primaryimage"},"image":{"@id":"https:\/\/www.ghostysky.com\/product\/yuneec-e10tvx-camera\/#primaryimage"},"thumbnailUrl":"https:\/\/www.ghostysky.com\/wp-content\/uploads\/2021\/03\/E10TvX1.png","datePublished":"2021-03-04T17:17:34+00:00","dateModified":"2024-08-28T03:25:39+00:00","description":"El E10TvX para el hexac\u00f3ptero H520E es un card\u00e1n estabilizado de 3 ejes, c\u00e1mara de imagen t\u00e9rmica y luz residual todo en uno. Con una resoluci\u00f3n de imagen t\u00e9rmica de 640*512 p\u00edxeles, el E10TX toma fotograf\u00edas de alta calidad y detecta m\u00e1s detalles en el m\u00e1s oscuro que a simple vista con la ayuda de su gran sensor RGB.","breadcrumb":{"@id":"https:\/\/www.ghostysky.com\/product\/yuneec-e10tvx-camera\/#breadcrumb"},"inLanguage":"es","potentialAction":[{"@type":"ReadAction","target":["https:\/\/www.ghostysky.com\/product\/yuneec-e10tvx-camera\/"]}]},{"@type":"ImageObject","inLanguage":"es","@id":"https:\/\/www.ghostysky.com\/product\/yuneec-e10tvx-camera\/#primaryimage","url":"https:\/\/www.ghostysky.com\/wp-content\/uploads\/2021\/03\/E10TvX1.png","contentUrl":"https:\/\/www.ghostysky.com\/wp-content\/uploads\/2021\/03\/E10TvX1.png","width":551,"height":685},{"@type":"BreadcrumbList","@id":"https:\/\/www.ghostysky.com\/product\/yuneec-e10tvx-camera\/#breadcrumb","itemListElement":[{"@type":"ListItem","position":1,"name":"Home","item":"https:\/\/www.ghostysky.com\/"},{"@type":"ListItem","position":2,"name":"Shop","item":"https:\/\/www.ghostysky.com\/shop\/"},{"@type":"ListItem","position":3,"name":"E10TvX Camera"}]},{"@type":"WebSite","@id":"https:\/\/www.ghostysky.com\/#website","url":"https:\/\/www.ghostysky.com\/","name":"Ghostysky","description":"Entrega de drones y servicios profesionales","publisher":{"@id":"https:\/\/www.ghostysky.com\/#organization"},"potentialAction":[{"@type":"SearchAction","target":{"@type":"EntryPoint","urlTemplate":"https:\/\/www.ghostysky.com\/?s={search_term_string}"},"query-input":{"@type":"PropertyValueSpecification","valueRequired":true,"valueName":"search_term_string"}}],"inLanguage":"es"},{"@type":"Organization","@id":"https:\/\/www.ghostysky.com\/#organization","name":"Ghostysky","url":"https:\/\/www.ghostysky.com\/","logo":{"@type":"ImageObject","inLanguage":"es","@id":"https:\/\/www.ghostysky.com\/#\/schema\/logo\/image\/","url":"https:\/\/www.ghostysky.com\/wp-content\/uploads\/2020\/06\/cropped-ghostyskylogo_text_white2.png","contentUrl":"https:\/\/www.ghostysky.com\/wp-content\/uploads\/2020\/06\/cropped-ghostyskylogo_text_white2.png","width":169,"height":56,"caption":"Ghostysky"},"image":{"@id":"https:\/\/www.ghostysky.com\/#\/schema\/logo\/image\/"},"sameAs":["https:\/\/www.facebook.com\/people\/Ghostysky\/100057676170234\/","https:\/\/x.com\/Gh0stysky","https:\/\/www.linkedin.com\/company\/34739653","https:\/\/www.instagram.com\/gh0stysky"]}]}},"_links":{"self":[{"href":"https:\/\/www.ghostysky.com\/es\/wp-json\/wp\/v2\/product\/2050","targetHints":{"allow":["GET"]}}],"collection":[{"href":"https:\/\/www.ghostysky.com\/es\/wp-json\/wp\/v2\/product"}],"about":[{"href":"https:\/\/www.ghostysky.com\/es\/wp-json\/wp\/v2\/types\/product"}],"replies":[{"embeddable":true,"href":"https:\/\/www.ghostysky.com\/es\/wp-json\/wp\/v2\/comments?post=2050"}],"wp:featuredmedia":[{"embeddable":true,"href":"https:\/\/www.ghostysky.com\/es\/wp-json\/wp\/v2\/media\/2053"}],"wp:attachment":[{"href":"https:\/\/www.ghostysky.com\/es\/wp-json\/wp\/v2\/media?parent=2050"}],"wp:term":[{"taxonomy":"product_brand","embeddable":true,"href":"https:\/\/www.ghostysky.com\/es\/wp-json\/wp\/v2\/product_brand?post=2050"},{"taxonomy":"product_cat","embeddable":true,"href":"https:\/\/www.ghostysky.com\/es\/wp-json\/wp\/v2\/product_cat?post=2050"},{"taxonomy":"product_tag","embeddable":true,"href":"https:\/\/www.ghostysky.com\/es\/wp-json\/wp\/v2\/product_tag?post=2050"}],"curies":[{"name":"wp","href":"https:\/\/api.w.org\/{rel}","templated":true}]}}