{"id":2054,"date":"2021-03-04T17:23:46","date_gmt":"2021-03-04T17:23:46","guid":{"rendered":"https:\/\/www.ghostysky.com\/?post_type=product&#038;p=2054"},"modified":"2024-07-11T20:30:01","modified_gmt":"2024-07-11T20:30:01","slug":"yuneec-e30z-for-h520e","status":"publish","type":"product","link":"https:\/\/www.ghostysky.com\/es\/product\/yuneec-e30z-for-h520e\/","title":{"rendered":"C\u00e1mara E30ZX para H520E y H850"},"content":{"rendered":"<div class=\"product--description\">\n<p>El Yuneec E30ZX viene equipado con un zoom \u00f3ptico de 30x, que se puede mejorar a\u00fan m\u00e1s con un zoom digital de 6x. La velocidad m\u00e1xima del zoom de gran angular a teleobjetivo es de solo 2,55 segundos, lo que le permite capturar informaci\u00f3n importante en un corto per\u00edodo de tiempo, incluso desde la distancia. Los ajustes espec\u00edficos de la c\u00e1mara, como los modos de fotograf\u00eda o el balance de blancos, se pueden ajustar mediante la pantalla t\u00e1ctil integrada del controlador ST16E. El enfoque de la c\u00e1mara se realiza autom\u00e1ticamente a trav\u00e9s del enfoque autom\u00e1tico. Cuando se utiliza la funci\u00f3n de zoom de la E30ZX, la estabilizaci\u00f3n de la c\u00e1mara juega un papel particularmente importante. El card\u00e1n integrado de 3 ejes compensa autom\u00e1ticamente las ligeras r\u00e1fagas de viento y los movimientos de los drones. Funciona con una precisi\u00f3n de \u00b1 0,02\u00b0 y produce no solo grabaciones de video fluidas sino tambi\u00e9n fotos incre\u00edblemente n\u00edtidas.<\/p>\n<p>En combinaci\u00f3n con el hexac\u00f3ptero H520E o H850, el E30ZX es adecuado para una variedad de aplicaciones. Gracias a la potente funci\u00f3n de zoom, los detalles m\u00e1s peque\u00f1os se pueden reconocer desde una distancia segura sin tener que acercarse demasiado al objeto. El usuario tiene acceso completo a todas las funciones de los modelos H520E y H850 y al software DataPilot\u2122 preinstalado. Gracias a su dise\u00f1o modular, el dron tambi\u00e9n puede equiparse con otras c\u00e1maras, como una c\u00e1mara termogr\u00e1fica, por lo que el usuario siempre se mantiene flexible con su H520E\/H850.<\/p>\n<p>&nbsp;<\/p>\n<p><strong>TODO DE UN VISTAZO<\/strong><\/p>\n<ul>\n<li class=\"p1\">Zoom \u00f3ptico de 30x + zoom digital de 6x<\/li>\n<li class=\"p1\">Enfoque autom\u00e1tico<\/li>\n<li class=\"p1\">desempa\u00f1ado<\/li>\n<li class=\"p1\">Compatible con el hexac\u00f3ptero YUNEEC H520E<\/li>\n<li class=\"p1\">card\u00e1n de 3 ejes<\/li>\n<li class=\"p1\">Resoluci\u00f3n de v\u00eddeo de 1080p<\/li>\n<li class=\"p1\">Velocidad de zoom de 2,55 s (de gran angular a teleobjetivo)<\/li>\n<li class=\"p1\"><strong>Compatible con H520E y H850<\/strong><\/li>\n<\/ul>\n<p>&nbsp;<\/p>\n<p style=\"text-align: left;\"><strong>RAEE-Reg.-Nr. DE 78138862<\/strong><\/p>\n<\/div>\n<div class=\"product--properties panel has--border\">\n<table class=\"product--properties-table alignleft\">\n<tbody>\n<tr class=\"product--properties-row\">\n<td class=\"product--properties-label is--bold\" style=\"text-align: left;\">Peso:<\/td>\n<td class=\"product--properties-value\" style=\"text-align: left;\">518g<\/td>\n<\/tr>\n<tr class=\"product--properties-row\">\n<td class=\"product--properties-label is--bold\">Temperatura de funcionamiento:<\/td>\n<td class=\"product--properties-value\">-10\u00b0C \u2013 40\u00b0C<\/td>\n<\/tr>\n<tr class=\"product--properties-row\">\n<td class=\"product--properties-label is--bold\">card\u00e1n:<\/td>\n<td class=\"product--properties-value\">\u2014\u2014\u2014\u2014\u2014<\/td>\n<\/tr>\n<tr class=\"product--properties-row\">\n<td class=\"product--properties-label is--bold\">Rango de vibraci\u00f3n angular:<\/td>\n<td class=\"product--properties-value\">\u00b10,02\u00b0<\/td>\n<\/tr>\n<tr class=\"product--properties-row\">\n<td class=\"product--properties-label is--bold\">Montar:<\/td>\n<td class=\"product--properties-value\">Desmontable<\/td>\n<\/tr>\n<tr class=\"product--properties-row\">\n<td class=\"product--properties-label is--bold\">m\u00e1x. Velocidad angular:<\/td>\n<td class=\"product--properties-value\">Inclinaci\u00f3n: 50\u00b0\/s, panor\u00e1mica: 50\u00b0\/s<\/td>\n<\/tr>\n<tr class=\"product--properties-row\">\n<td class=\"product--properties-label is--bold\">Rango controlable:<\/td>\n<td class=\"product--properties-value\">Inclinaci\u00f3n: + 30 \u00b0 a - 120 \u00b0, Pan: \u00b1 165 \u00b0<\/td>\n<\/tr>\n<tr class=\"product--properties-row\">\n<td class=\"product--properties-label is--bold\">C\u00c1MARA:<\/td>\n<td class=\"product--properties-value\">\u2014\u2014\u2014\u2014\u2014<\/td>\n<\/tr>\n<tr class=\"product--properties-row\">\n<td class=\"product--properties-label is--bold\">Sensor:<\/td>\n<td class=\"product--properties-value\">P\u00edxeles efectivos CMOS de 1\/2,8\u2033: 2,13MP<\/td>\n<\/tr>\n<tr class=\"product--properties-row\">\n<td class=\"product--properties-label is--bold\">Lente de la c\u00e1mara:<\/td>\n<td class=\"product--properties-value\">FOV: 63,7\u00b0 (Gran angular)-2,3\u00b0 (Teleobjetivo) \/ F: F1,6 (Gran angular)-F4,7 (Teleobjetivo) \/ Zoom \u00f3ptico de 30X Zoom digital de 6X<\/td>\n<\/tr>\n<tr class=\"product--properties-row\">\n<td class=\"product--properties-label is--bold\">Resoluci\u00f3n de la foto:<\/td>\n<td class=\"product--properties-value\">16:9, 1920\u00d71080<\/td>\n<\/tr>\n<tr class=\"product--properties-row\">\n<td class=\"product--properties-label is--bold\">Resoluci\u00f3n de video:<\/td>\n<td class=\"product--properties-value\">H.264 1080P 1920X1080 (60 fps, 50 fps, 30 fps, 25 fps)<\/td>\n<\/tr>\n<tr class=\"product--properties-row\">\n<td class=\"product--properties-label is--bold\">Formato de foto:<\/td>\n<td class=\"product--properties-value\">JPG<\/td>\n<\/tr>\n<tr class=\"product--properties-row\">\n<td class=\"product--properties-label is--bold\">Formato de video:<\/td>\n<td class=\"product--properties-value\">MP4<\/td>\n<\/tr>\n<tr class=\"product--properties-row\">\n<td class=\"product--properties-label is--bold\">Modos de foto:<\/td>\n<td class=\"product--properties-value\">Individual, Lapso de tiempo<\/td>\n<\/tr>\n<tr class=\"product--properties-row\">\n<td class=\"product--properties-label is--bold\">Modos de exposici\u00f3n:<\/td>\n<td class=\"product--properties-value\">Autom\u00e1tico, prioridad de obturador, prioridad de apertura, manual<\/td>\n<\/tr>\n<tr class=\"product--properties-row\">\n<td class=\"product--properties-label is--bold\">Compensaci\u00f3n de exposici\u00f3n:<\/td>\n<td class=\"product--properties-value\">\u00b13.0<\/td>\n<\/tr>\n<tr class=\"product--properties-row\">\n<td class=\"product--properties-label is--bold\">Modo de medici\u00f3n:<\/td>\n<td class=\"product--properties-value\">Medici\u00f3n puntual, medici\u00f3n promedio<\/td>\n<\/tr>\n<tr class=\"product--properties-row\">\n<td class=\"product--properties-label is--bold\">Obturador electr\u00f3nico:<\/td>\n<td class=\"product--properties-value\">1\/1\u20141\/10000S<\/td>\n<\/tr>\n<tr class=\"product--properties-row\">\n<td class=\"product--properties-label is--bold\">Balance de blancos:<\/td>\n<td class=\"product--properties-value\">Autom\u00e1tico, Manual (1000-20000K)<\/td>\n<\/tr>\n<tr class=\"product--properties-row\">\n<td class=\"product--properties-label is--bold\" style=\"text-align: left;\">Rango ISO:<\/td>\n<td class=\"product--properties-value\" style=\"text-align: left;\">100 \u2013 6400<\/td>\n<\/tr>\n<\/tbody>\n<\/table>\n<\/div>","protected":false},"excerpt":{"rendered":"<p><strong>DETALLES ILIMITADOS \u2013 ZOOM 30X<br \/>\n<\/strong><\/p>\n<p>El E30ZX para el hexac\u00f3ptero Yuneec H520E y H850 es una poderosa c\u00e1mara de dron con zoom de 30x y facilita el acercamiento de objetos distantes para obtener detalles valiosos. La carcasa de la c\u00e1mara compacta contiene un sensor CMOS de 1\/2,8\u2033, que proporciona grabaciones estabilizadas y de alta calidad incluso en condiciones de poca luz. Adem\u00e1s del zoom \u00f3ptico de 30x, la c\u00e1mara ofrece un zoom digital de 6x para opciones de aplicaci\u00f3n flexibles como inspecci\u00f3n, operaciones de b\u00fasqueda y rescate, monitoreo, b\u00fasqueda de personas y mucho m\u00e1s.<\/p>\n<p>&nbsp;<\/p>","protected":false},"featured_media":7787,"comment_status":"open","ping_status":"closed","template":"","meta":[],"product_brand":[],"product_cat":[120,118],"product_tag":[62,393,131,389,121],"class_list":{"0":"post-2054","1":"product","2":"type-product","3":"status-publish","4":"has-post-thumbnail","6":"product_cat-yuneec-cameras","7":"product_cat-yuneec","8":"product_tag-camera","9":"product_tag-e30zx","10":"product_tag-h520","11":"product_tag-h850","12":"product_tag-yuneec","14":"first","15":"outofstock","16":"taxable","17":"shipping-taxable","18":"product-type-simple"},"yoast_head":"<!-- This site is optimized with the Yoast SEO plugin v27.1.1 - https:\/\/yoast.com\/product\/yoast-seo-wordpress\/ -->\n<title>E30ZX Camera for H520E &amp; H850 -<\/title>\n<meta name=\"description\" content=\"The E30ZX for the Yuneec H520E &amp; H850 Hexacopter is a powerful 30x zoom drone camera and makes it easy to zoom in on distant objects to gain valuable details.\" \/>\n<meta name=\"robots\" content=\"index, follow, max-snippet:-1, max-image-preview:large, max-video-preview:-1\" \/>\n<link rel=\"canonical\" href=\"https:\/\/www.ghostysky.com\/es\/producto-2\/yuneec-e30z-for-h520e\/\" \/>\n<meta property=\"og:locale\" content=\"es_ES\" \/>\n<meta property=\"og:type\" content=\"article\" \/>\n<meta property=\"og:title\" content=\"E30ZX Camera for H520E &amp; H850 -\" \/>\n<meta property=\"og:description\" content=\"The E30ZX for the Yuneec H520E &amp; H850 Hexacopter is a powerful 30x zoom drone camera and makes it easy to zoom in on distant objects to gain valuable details.\" \/>\n<meta property=\"og:url\" content=\"https:\/\/www.ghostysky.com\/es\/producto-2\/yuneec-e30z-for-h520e\/\" \/>\n<meta property=\"og:site_name\" content=\"Ghostysky\" \/>\n<meta property=\"article:publisher\" content=\"https:\/\/www.facebook.com\/people\/Ghostysky\/100057676170234\/\" \/>\n<meta property=\"article:modified_time\" content=\"2024-07-11T20:30:01+00:00\" \/>\n<meta property=\"og:image\" content=\"https:\/\/www.ghostysky.com\/wp-content\/uploads\/2021\/03\/E30Zx.jpg\" \/>\n\t<meta property=\"og:image:width\" content=\"600\" \/>\n\t<meta property=\"og:image:height\" content=\"600\" \/>\n\t<meta property=\"og:image:type\" content=\"image\/jpeg\" \/>\n<meta name=\"twitter:card\" content=\"summary_large_image\" \/>\n<meta name=\"twitter:site\" content=\"@Gh0stysky\" \/>\n<meta name=\"twitter:label1\" content=\"Tiempo de lectura\" \/>\n\t<meta name=\"twitter:data1\" content=\"2 minutos\" \/>\n<script type=\"application\/ld+json\" class=\"yoast-schema-graph\">{\"@context\":\"https:\/\/schema.org\",\"@graph\":[{\"@type\":\"WebPage\",\"@id\":\"https:\/\/www.ghostysky.com\/product\/yuneec-e30z-for-h520e\/\",\"url\":\"https:\/\/www.ghostysky.com\/product\/yuneec-e30z-for-h520e\/\",\"name\":\"E30ZX Camera for H520E & H850 -\",\"isPartOf\":{\"@id\":\"https:\/\/www.ghostysky.com\/#website\"},\"primaryImageOfPage\":{\"@id\":\"https:\/\/www.ghostysky.com\/product\/yuneec-e30z-for-h520e\/#primaryimage\"},\"image\":{\"@id\":\"https:\/\/www.ghostysky.com\/product\/yuneec-e30z-for-h520e\/#primaryimage\"},\"thumbnailUrl\":\"https:\/\/www.ghostysky.com\/wp-content\/uploads\/2021\/03\/E30Zx.jpg\",\"datePublished\":\"2021-03-04T17:23:46+00:00\",\"dateModified\":\"2024-07-11T20:30:01+00:00\",\"description\":\"The E30ZX for the Yuneec H520E & H850 Hexacopter is a powerful 30x zoom drone camera and makes it easy to zoom in on distant objects to gain valuable details.\",\"breadcrumb\":{\"@id\":\"https:\/\/www.ghostysky.com\/product\/yuneec-e30z-for-h520e\/#breadcrumb\"},\"inLanguage\":\"es\",\"potentialAction\":[{\"@type\":\"ReadAction\",\"target\":[\"https:\/\/www.ghostysky.com\/product\/yuneec-e30z-for-h520e\/\"]}]},{\"@type\":\"ImageObject\",\"inLanguage\":\"es\",\"@id\":\"https:\/\/www.ghostysky.com\/product\/yuneec-e30z-for-h520e\/#primaryimage\",\"url\":\"https:\/\/www.ghostysky.com\/wp-content\/uploads\/2021\/03\/E30Zx.jpg\",\"contentUrl\":\"https:\/\/www.ghostysky.com\/wp-content\/uploads\/2021\/03\/E30Zx.jpg\",\"width\":600,\"height\":600},{\"@type\":\"BreadcrumbList\",\"@id\":\"https:\/\/www.ghostysky.com\/product\/yuneec-e30z-for-h520e\/#breadcrumb\",\"itemListElement\":[{\"@type\":\"ListItem\",\"position\":1,\"name\":\"Home\",\"item\":\"https:\/\/www.ghostysky.com\/\"},{\"@type\":\"ListItem\",\"position\":2,\"name\":\"Shop\",\"item\":\"https:\/\/www.ghostysky.com\/shop\/\"},{\"@type\":\"ListItem\",\"position\":3,\"name\":\"E30ZX Camera for H520E &#038; H850\"}]},{\"@type\":\"WebSite\",\"@id\":\"https:\/\/www.ghostysky.com\/#website\",\"url\":\"https:\/\/www.ghostysky.com\/\",\"name\":\"Ghostysky\",\"description\":\"Delivering professional drones and services\",\"publisher\":{\"@id\":\"https:\/\/www.ghostysky.com\/#organization\"},\"potentialAction\":[{\"@type\":\"SearchAction\",\"target\":{\"@type\":\"EntryPoint\",\"urlTemplate\":\"https:\/\/www.ghostysky.com\/?s={search_term_string}\"},\"query-input\":{\"@type\":\"PropertyValueSpecification\",\"valueRequired\":true,\"valueName\":\"search_term_string\"}}],\"inLanguage\":\"es\"},{\"@type\":\"Organization\",\"@id\":\"https:\/\/www.ghostysky.com\/#organization\",\"name\":\"Ghostysky\",\"url\":\"https:\/\/www.ghostysky.com\/\",\"logo\":{\"@type\":\"ImageObject\",\"inLanguage\":\"es\",\"@id\":\"https:\/\/www.ghostysky.com\/#\/schema\/logo\/image\/\",\"url\":\"https:\/\/www.ghostysky.com\/wp-content\/uploads\/2020\/06\/cropped-ghostyskylogo_text_white2.png\",\"contentUrl\":\"https:\/\/www.ghostysky.com\/wp-content\/uploads\/2020\/06\/cropped-ghostyskylogo_text_white2.png\",\"width\":169,\"height\":56,\"caption\":\"Ghostysky\"},\"image\":{\"@id\":\"https:\/\/www.ghostysky.com\/#\/schema\/logo\/image\/\"},\"sameAs\":[\"https:\/\/www.facebook.com\/people\/Ghostysky\/100057676170234\/\",\"https:\/\/x.com\/Gh0stysky\",\"https:\/\/www.linkedin.com\/company\/34739653\",\"https:\/\/www.instagram.com\/gh0stysky\"]}]}<\/script>\n<!-- \/ Yoast SEO plugin. -->","yoast_head_json":{"title":"C\u00e1mara E30ZX para H520E y H850 -","description":"La E30ZX para el hexac\u00f3ptero Yuneec H520E y H850 es una potente c\u00e1mara para drones con zoom de 30x y facilita el acercamiento a objetos distantes para obtener detalles valiosos.","robots":{"index":"index","follow":"follow","max-snippet":"max-snippet:-1","max-image-preview":"max-image-preview:large","max-video-preview":"max-video-preview:-1"},"canonical":"https:\/\/www.ghostysky.com\/es\/producto-2\/yuneec-e30z-for-h520e\/","og_locale":"es_ES","og_type":"article","og_title":"E30ZX Camera for H520E & H850 -","og_description":"The E30ZX for the Yuneec H520E & H850 Hexacopter is a powerful 30x zoom drone camera and makes it easy to zoom in on distant objects to gain valuable details.","og_url":"https:\/\/www.ghostysky.com\/es\/producto-2\/yuneec-e30z-for-h520e\/","og_site_name":"Ghostysky","article_publisher":"https:\/\/www.facebook.com\/people\/Ghostysky\/100057676170234\/","article_modified_time":"2024-07-11T20:30:01+00:00","og_image":[{"width":600,"height":600,"url":"https:\/\/www.ghostysky.com\/wp-content\/uploads\/2021\/03\/E30Zx.jpg","type":"image\/jpeg"}],"twitter_card":"summary_large_image","twitter_site":"@Gh0stysky","twitter_misc":{"Tiempo de lectura":"2 minutos"},"schema":{"@context":"https:\/\/schema.org","@graph":[{"@type":"WebPage","@id":"https:\/\/www.ghostysky.com\/product\/yuneec-e30z-for-h520e\/","url":"https:\/\/www.ghostysky.com\/product\/yuneec-e30z-for-h520e\/","name":"C\u00e1mara E30ZX para H520E y H850 -","isPartOf":{"@id":"https:\/\/www.ghostysky.com\/#website"},"primaryImageOfPage":{"@id":"https:\/\/www.ghostysky.com\/product\/yuneec-e30z-for-h520e\/#primaryimage"},"image":{"@id":"https:\/\/www.ghostysky.com\/product\/yuneec-e30z-for-h520e\/#primaryimage"},"thumbnailUrl":"https:\/\/www.ghostysky.com\/wp-content\/uploads\/2021\/03\/E30Zx.jpg","datePublished":"2021-03-04T17:23:46+00:00","dateModified":"2024-07-11T20:30:01+00:00","description":"La E30ZX para el hexac\u00f3ptero Yuneec H520E y H850 es una potente c\u00e1mara para drones con zoom de 30x y facilita el acercamiento a objetos distantes para obtener detalles valiosos.","breadcrumb":{"@id":"https:\/\/www.ghostysky.com\/product\/yuneec-e30z-for-h520e\/#breadcrumb"},"inLanguage":"es","potentialAction":[{"@type":"ReadAction","target":["https:\/\/www.ghostysky.com\/product\/yuneec-e30z-for-h520e\/"]}]},{"@type":"ImageObject","inLanguage":"es","@id":"https:\/\/www.ghostysky.com\/product\/yuneec-e30z-for-h520e\/#primaryimage","url":"https:\/\/www.ghostysky.com\/wp-content\/uploads\/2021\/03\/E30Zx.jpg","contentUrl":"https:\/\/www.ghostysky.com\/wp-content\/uploads\/2021\/03\/E30Zx.jpg","width":600,"height":600},{"@type":"BreadcrumbList","@id":"https:\/\/www.ghostysky.com\/product\/yuneec-e30z-for-h520e\/#breadcrumb","itemListElement":[{"@type":"ListItem","position":1,"name":"Home","item":"https:\/\/www.ghostysky.com\/"},{"@type":"ListItem","position":2,"name":"Shop","item":"https:\/\/www.ghostysky.com\/shop\/"},{"@type":"ListItem","position":3,"name":"E30ZX Camera for H520E &#038; H850"}]},{"@type":"WebSite","@id":"https:\/\/www.ghostysky.com\/#website","url":"https:\/\/www.ghostysky.com\/","name":"Ghostysky","description":"Entrega de drones y servicios profesionales","publisher":{"@id":"https:\/\/www.ghostysky.com\/#organization"},"potentialAction":[{"@type":"SearchAction","target":{"@type":"EntryPoint","urlTemplate":"https:\/\/www.ghostysky.com\/?s={search_term_string}"},"query-input":{"@type":"PropertyValueSpecification","valueRequired":true,"valueName":"search_term_string"}}],"inLanguage":"es"},{"@type":"Organization","@id":"https:\/\/www.ghostysky.com\/#organization","name":"Ghostysky","url":"https:\/\/www.ghostysky.com\/","logo":{"@type":"ImageObject","inLanguage":"es","@id":"https:\/\/www.ghostysky.com\/#\/schema\/logo\/image\/","url":"https:\/\/www.ghostysky.com\/wp-content\/uploads\/2020\/06\/cropped-ghostyskylogo_text_white2.png","contentUrl":"https:\/\/www.ghostysky.com\/wp-content\/uploads\/2020\/06\/cropped-ghostyskylogo_text_white2.png","width":169,"height":56,"caption":"Ghostysky"},"image":{"@id":"https:\/\/www.ghostysky.com\/#\/schema\/logo\/image\/"},"sameAs":["https:\/\/www.facebook.com\/people\/Ghostysky\/100057676170234\/","https:\/\/x.com\/Gh0stysky","https:\/\/www.linkedin.com\/company\/34739653","https:\/\/www.instagram.com\/gh0stysky"]}]}},"_links":{"self":[{"href":"https:\/\/www.ghostysky.com\/es\/wp-json\/wp\/v2\/product\/2054","targetHints":{"allow":["GET"]}}],"collection":[{"href":"https:\/\/www.ghostysky.com\/es\/wp-json\/wp\/v2\/product"}],"about":[{"href":"https:\/\/www.ghostysky.com\/es\/wp-json\/wp\/v2\/types\/product"}],"replies":[{"embeddable":true,"href":"https:\/\/www.ghostysky.com\/es\/wp-json\/wp\/v2\/comments?post=2054"}],"wp:featuredmedia":[{"embeddable":true,"href":"https:\/\/www.ghostysky.com\/es\/wp-json\/wp\/v2\/media\/7787"}],"wp:attachment":[{"href":"https:\/\/www.ghostysky.com\/es\/wp-json\/wp\/v2\/media?parent=2054"}],"wp:term":[{"taxonomy":"product_brand","embeddable":true,"href":"https:\/\/www.ghostysky.com\/es\/wp-json\/wp\/v2\/product_brand?post=2054"},{"taxonomy":"product_cat","embeddable":true,"href":"https:\/\/www.ghostysky.com\/es\/wp-json\/wp\/v2\/product_cat?post=2054"},{"taxonomy":"product_tag","embeddable":true,"href":"https:\/\/www.ghostysky.com\/es\/wp-json\/wp\/v2\/product_tag?post=2054"}],"curies":[{"name":"wp","href":"https:\/\/api.w.org\/{rel}","templated":true}]}}