{"id":2058,"date":"2021-03-04T17:33:04","date_gmt":"2021-03-04T17:33:04","guid":{"rendered":"https:\/\/www.ghostysky.com\/?post_type=product&#038;p=2058"},"modified":"2024-12-17T04:28:25","modified_gmt":"2024-12-17T04:28:25","slug":"yuneec-e90x-camera-for-h520e","status":"publish","type":"product","link":"https:\/\/www.ghostysky.com\/es\/product\/yuneec-e90x-camera-for-h520e\/","title":{"rendered":"C\u00e1mara E90X para H520E y H850-RTK"},"content":{"rendered":"<div class=\"product--description\">\n<p><strong>TODO DE UN VISTAZO<\/strong><\/p>\n<ul>\n<li>Resoluci\u00f3n de 20 megap\u00edxeles \/ 4K a 60 fotogramas por segundo<\/li>\n<li>Sensor CMOS de 1\u201c<\/li>\n<li>Zoom digital hasta 8x<\/li>\n<li>Lente de 23 mm con baja distorsi\u00f3n<\/li>\n<li>Conector X de 30 pines<\/li>\n<li>Rotaci\u00f3n de 320\u00b0 del card\u00e1n para una perfecta estabilizaci\u00f3n de la imagen<\/li>\n<li>Ideal para aplicaciones de pel\u00edculas profesionales, mapeo\/modelado 3D y b\u00fasqueda y rescate<\/li>\n<li>Compatible con H520E\/H520E-RTK y H850<\/li>\n<\/ul>\n<p style=\"text-align: left;\"><strong>Especificaciones t\u00e9cnicas:<\/strong><\/p>\n<\/div>\n<div class=\"product--properties panel has--border\">\n<table class=\"product--properties-table\">\n<tbody>\n<tr class=\"product--properties-row\">\n<td class=\"product--properties-label is--bold\">Peso:<\/td>\n<td class=\"product--properties-value\">300g<\/td>\n<\/tr>\n<tr class=\"product--properties-row\">\n<td class=\"product--properties-label is--bold\">Temperatura de funcionamiento:<\/td>\n<td class=\"product--properties-value\">-10\u00b0C \u2013 40\u00b0C<\/td>\n<\/tr>\n<tr class=\"product--properties-row\">\n<td class=\"product--properties-label is--bold\">card\u00e1n:<\/td>\n<td class=\"product--properties-value\">\u2014\u2014\u2014\u2014\u2014<\/td>\n<\/tr>\n<tr class=\"product--properties-row\">\n<td class=\"product--properties-label is--bold\">Rango de vibraci\u00f3n angular:<\/td>\n<td class=\"product--properties-value\">\u00b10,02\u00b0<\/td>\n<\/tr>\n<tr class=\"product--properties-row\">\n<td class=\"product--properties-label is--bold\">Montar:<\/td>\n<td class=\"product--properties-value\">Desmontable<\/td>\n<\/tr>\n<tr class=\"product--properties-row\">\n<td class=\"product--properties-label is--bold\">m\u00e1x. Velocidad angular:<\/td>\n<td class=\"product--properties-value\">Inclinaci\u00f3n: 30\u00b0\/s, panor\u00e1mica: 120\u00b0\/s<\/td>\n<\/tr>\n<tr class=\"product--properties-row\">\n<td class=\"product--properties-label is--bold\">Rango controlable:<\/td>\n<td class=\"product--properties-value\">Inclinaci\u00f3n: + 30 \u00b0 a - 120 \u00b0, Pan: \u00b1 165 \u00b0<\/td>\n<\/tr>\n<tr class=\"product--properties-row\">\n<td class=\"product--properties-label is--bold\">C\u00c1MARA:<\/td>\n<td class=\"product--properties-value\">\u2014\u2014\u2014\u2014\u2014<\/td>\n<\/tr>\n<tr class=\"product--properties-row\">\n<td class=\"product--properties-label is--bold\">Sensor:<\/td>\n<td class=\"product--properties-value\">CMOS 1\u2033 P\u00edxeles efectivos: 20MP<\/td>\n<\/tr>\n<tr class=\"product--properties-row\">\n<td class=\"product--properties-label is--bold\">Lente de la c\u00e1mara:<\/td>\n<td class=\"product--properties-value\">FOV 91\u00b0 F\/2.8, equivalente al formato de 23 mm<\/td>\n<\/tr>\n<tr class=\"product--properties-row\">\n<td class=\"product--properties-label is--bold\">Resoluci\u00f3n de la foto:<\/td>\n<td class=\"product--properties-value\">3:2 (5472x3648); 4:3 (4864x3648); 16:9 (5472x3080)<\/td>\n<\/tr>\n<tr class=\"product--properties-row\">\n<td class=\"product--properties-label is--bold\">Resoluci\u00f3n de video:<\/td>\n<td class=\"product--properties-value\">H.264 4096\u00d72160(24\/25\/30\/48\/50\/60p) 3840\u00d72160(24\/25\/30\/48\/50\/60p) 2720\u00d71530(24\/25\/30\/48\/50\/60p ) 1920\u00d71080(24\/25\/30\/48\/50\/60\/120p) 1280\u00d7720(24\/25\/30\/48\/50\/60\/120p)<\/td>\n<\/tr>\n<tr class=\"product--properties-row\">\n<td class=\"product--properties-label is--bold\">Formato de foto:<\/td>\n<td class=\"product--properties-value\">JPG, JPEG+DNG<\/td>\n<\/tr>\n<tr class=\"product--properties-row\">\n<td class=\"product--properties-label is--bold\">Formato de video:<\/td>\n<td class=\"product--properties-value\">MP4<\/td>\n<\/tr>\n<tr class=\"product--properties-row\">\n<td class=\"product--properties-label is--bold\">Modos de foto:<\/td>\n<td class=\"product--properties-value\">Individual, Lapso de tiempo<\/td>\n<\/tr>\n<tr class=\"product--properties-row\">\n<td class=\"product--properties-label is--bold\">Modos de exposici\u00f3n:<\/td>\n<td class=\"product--properties-value\">Exposici\u00f3n autom\u00e1tica, exposici\u00f3n manual<\/td>\n<\/tr>\n<tr class=\"product--properties-row\">\n<td class=\"product--properties-label is--bold\">Compensaci\u00f3n de exposici\u00f3n:<\/td>\n<td class=\"product--properties-value\">\u00b13.0<\/td>\n<\/tr>\n<tr class=\"product--properties-row\">\n<td class=\"product--properties-label is--bold\">Modo de medici\u00f3n:<\/td>\n<td class=\"product--properties-value\">Medici\u00f3n puntual, medici\u00f3n central, medici\u00f3n promedio<\/td>\n<\/tr>\n<tr class=\"product--properties-row\">\n<td class=\"product--properties-label is--bold\">Obturador electr\u00f3nico:<\/td>\n<td class=\"product--properties-value\">4\u20131\/8000s<\/td>\n<\/tr>\n<tr class=\"product--properties-row\">\n<td class=\"product--properties-label is--bold\">Balance de blancos:<\/td>\n<td class=\"product--properties-value\">Autom\u00e1tico, Incandescente, Amanecer, Atardecer, Soleado, Nublado, Fluorescente, Bloquear<\/td>\n<\/tr>\n<tr class=\"product--properties-row\">\n<td class=\"product--properties-label is--bold\" style=\"text-align: left;\">Rango ISO:<\/td>\n<td class=\"product--properties-value\" style=\"text-align: left;\">100 \u2013 6400<\/td>\n<\/tr>\n<\/tbody>\n<\/table>\n<\/div>","protected":false},"excerpt":{"rendered":"<p>La c\u00e1mara E90x para los modelos H520E\/H520E-RTK y H850-RTK es un sistema de im\u00e1genes estabilizado por card\u00e1n, de gran angular y alta resoluci\u00f3n, perfectamente adecuado para su uso en aplicaciones que requieren fotos y videos de alta calidad. El E90x utiliza un sensor de 20 MP de 1 pulgada y el chip de procesamiento de im\u00e1genes de alta velocidad. La funci\u00f3n de zoom digital permite al usuario acercar y alejar digitalmente con un gesto de dos dedos. El factor de zoom es de hasta 8x, mientras que la vista en el ST16E no tiene p\u00e9rdidas hasta 4x.<\/p>\n<p>&nbsp;<\/p>","protected":false},"featured_media":2060,"comment_status":"open","ping_status":"closed","template":"","meta":[],"product_brand":[],"product_cat":[120,29,118],"product_tag":[62,139,122,389,121],"class_list":{"0":"post-2058","1":"product","2":"type-product","3":"status-publish","4":"has-post-thumbnail","6":"product_cat-yuneec-cameras","7":"product_cat-drones","8":"product_cat-yuneec","9":"product_tag-camera","10":"product_tag-e90x","11":"product_tag-h520e","12":"product_tag-h850","13":"product_tag-yuneec","15":"first","16":"onbackorder","17":"taxable","18":"shipping-taxable","19":"purchasable","20":"product-type-simple"},"yoast_head":"<!-- This site is optimized with the Yoast SEO plugin v27.4 - https:\/\/yoast.com\/product\/yoast-seo-wordpress\/ -->\n<title>E90X Camera for H520E &amp; H850-RTK -<\/title>\n<meta name=\"description\" content=\"The E90x camera for the H520E\/H520E-RTK &amp; H850-RTK is a wide-angle, high resolution, gimbal stabilized imaging system perfectly suited for use in\u00a0applications that require high quality photo and video.\" \/>\n<meta name=\"robots\" content=\"index, follow, max-snippet:-1, max-image-preview:large, max-video-preview:-1\" \/>\n<link rel=\"canonical\" href=\"https:\/\/www.ghostysky.com\/es\/producto-2\/yuneec-e90x-camera-for-h520e\/\" \/>\n<meta property=\"og:locale\" content=\"es_ES\" \/>\n<meta property=\"og:type\" content=\"article\" \/>\n<meta property=\"og:title\" content=\"E90X Camera for H520E &amp; H850-RTK -\" \/>\n<meta property=\"og:description\" content=\"The E90x camera for the H520E\/H520E-RTK &amp; H850-RTK is a wide-angle, high resolution, gimbal stabilized imaging system perfectly suited for use in\u00a0applications that require high quality photo and video.\" \/>\n<meta property=\"og:url\" content=\"https:\/\/www.ghostysky.com\/es\/producto-2\/yuneec-e90x-camera-for-h520e\/\" \/>\n<meta property=\"og:site_name\" content=\"Ghostysky\" \/>\n<meta property=\"article:publisher\" content=\"https:\/\/www.facebook.com\/people\/Ghostysky\/100057676170234\/\" \/>\n<meta property=\"article:modified_time\" content=\"2024-12-17T04:28:25+00:00\" \/>\n<meta property=\"og:image\" content=\"https:\/\/www.ghostysky.com\/wp-content\/uploads\/2021\/03\/e90X2.png\" \/>\n\t<meta property=\"og:image:width\" content=\"642\" \/>\n\t<meta property=\"og:image:height\" content=\"715\" \/>\n\t<meta property=\"og:image:type\" content=\"image\/png\" \/>\n<meta name=\"twitter:card\" content=\"summary_large_image\" \/>\n<meta name=\"twitter:site\" content=\"@Gh0stysky\" \/>\n<meta name=\"twitter:label1\" content=\"Tiempo de lectura\" \/>\n\t<meta name=\"twitter:data1\" content=\"1 minuto\" \/>\n<script type=\"application\/ld+json\" class=\"yoast-schema-graph\">{\"@context\":\"https:\\\/\\\/schema.org\",\"@graph\":[{\"@type\":\"WebPage\",\"@id\":\"https:\\\/\\\/www.ghostysky.com\\\/product\\\/yuneec-e90x-camera-for-h520e\\\/\",\"url\":\"https:\\\/\\\/www.ghostysky.com\\\/product\\\/yuneec-e90x-camera-for-h520e\\\/\",\"name\":\"E90X Camera for H520E & H850-RTK -\",\"isPartOf\":{\"@id\":\"https:\\\/\\\/www.ghostysky.com\\\/#website\"},\"primaryImageOfPage\":{\"@id\":\"https:\\\/\\\/www.ghostysky.com\\\/product\\\/yuneec-e90x-camera-for-h520e\\\/#primaryimage\"},\"image\":{\"@id\":\"https:\\\/\\\/www.ghostysky.com\\\/product\\\/yuneec-e90x-camera-for-h520e\\\/#primaryimage\"},\"thumbnailUrl\":\"https:\\\/\\\/www.ghostysky.com\\\/wp-content\\\/uploads\\\/2021\\\/03\\\/e90X2.png\",\"datePublished\":\"2021-03-04T17:33:04+00:00\",\"dateModified\":\"2024-12-17T04:28:25+00:00\",\"description\":\"The E90x camera for the H520E\\\/H520E-RTK & H850-RTK is a wide-angle, high resolution, gimbal stabilized imaging system perfectly suited for use in\u00a0applications that require high quality photo and video.\",\"breadcrumb\":{\"@id\":\"https:\\\/\\\/www.ghostysky.com\\\/product\\\/yuneec-e90x-camera-for-h520e\\\/#breadcrumb\"},\"inLanguage\":\"es\",\"potentialAction\":[{\"@type\":\"ReadAction\",\"target\":[\"https:\\\/\\\/www.ghostysky.com\\\/product\\\/yuneec-e90x-camera-for-h520e\\\/\"]}]},{\"@type\":\"ImageObject\",\"inLanguage\":\"es\",\"@id\":\"https:\\\/\\\/www.ghostysky.com\\\/product\\\/yuneec-e90x-camera-for-h520e\\\/#primaryimage\",\"url\":\"https:\\\/\\\/www.ghostysky.com\\\/wp-content\\\/uploads\\\/2021\\\/03\\\/e90X2.png\",\"contentUrl\":\"https:\\\/\\\/www.ghostysky.com\\\/wp-content\\\/uploads\\\/2021\\\/03\\\/e90X2.png\",\"width\":642,\"height\":715},{\"@type\":\"BreadcrumbList\",\"@id\":\"https:\\\/\\\/www.ghostysky.com\\\/product\\\/yuneec-e90x-camera-for-h520e\\\/#breadcrumb\",\"itemListElement\":[{\"@type\":\"ListItem\",\"position\":1,\"name\":\"Home\",\"item\":\"https:\\\/\\\/www.ghostysky.com\\\/\"},{\"@type\":\"ListItem\",\"position\":2,\"name\":\"Shop\",\"item\":\"https:\\\/\\\/www.ghostysky.com\\\/shop\\\/\"},{\"@type\":\"ListItem\",\"position\":3,\"name\":\"E90X Camera for H520E &#038; H850-RTK\"}]},{\"@type\":\"WebSite\",\"@id\":\"https:\\\/\\\/www.ghostysky.com\\\/#website\",\"url\":\"https:\\\/\\\/www.ghostysky.com\\\/\",\"name\":\"Ghostysky\",\"description\":\"Delivering professional drones and services\",\"publisher\":{\"@id\":\"https:\\\/\\\/www.ghostysky.com\\\/#organization\"},\"potentialAction\":[{\"@type\":\"SearchAction\",\"target\":{\"@type\":\"EntryPoint\",\"urlTemplate\":\"https:\\\/\\\/www.ghostysky.com\\\/?s={search_term_string}\"},\"query-input\":{\"@type\":\"PropertyValueSpecification\",\"valueRequired\":true,\"valueName\":\"search_term_string\"}}],\"inLanguage\":\"es\"},{\"@type\":\"Organization\",\"@id\":\"https:\\\/\\\/www.ghostysky.com\\\/#organization\",\"name\":\"Ghostysky\",\"url\":\"https:\\\/\\\/www.ghostysky.com\\\/\",\"logo\":{\"@type\":\"ImageObject\",\"inLanguage\":\"es\",\"@id\":\"https:\\\/\\\/www.ghostysky.com\\\/#\\\/schema\\\/logo\\\/image\\\/\",\"url\":\"https:\\\/\\\/www.ghostysky.com\\\/wp-content\\\/uploads\\\/2020\\\/06\\\/cropped-ghostyskylogo_text_white2.png\",\"contentUrl\":\"https:\\\/\\\/www.ghostysky.com\\\/wp-content\\\/uploads\\\/2020\\\/06\\\/cropped-ghostyskylogo_text_white2.png\",\"width\":169,\"height\":56,\"caption\":\"Ghostysky\"},\"image\":{\"@id\":\"https:\\\/\\\/www.ghostysky.com\\\/#\\\/schema\\\/logo\\\/image\\\/\"},\"sameAs\":[\"https:\\\/\\\/www.facebook.com\\\/people\\\/Ghostysky\\\/100057676170234\\\/\",\"https:\\\/\\\/x.com\\\/Gh0stysky\",\"https:\\\/\\\/www.linkedin.com\\\/company\\\/34739653\",\"https:\\\/\\\/www.instagram.com\\\/gh0stysky\"]}]}<\/script>\n<!-- \/ Yoast SEO plugin. -->","yoast_head_json":{"title":"C\u00e1mara E90X para H520E y H850-RTK -","description":"La c\u00e1mara E90x para H520E\/H520E-RTK y H850-RTK es un sistema de im\u00e1genes estabilizado por card\u00e1n de alta resoluci\u00f3n y gran angular perfectamente adecuado para su uso en aplicaciones que requieren fotograf\u00edas y videos de alta calidad.","robots":{"index":"index","follow":"follow","max-snippet":"max-snippet:-1","max-image-preview":"max-image-preview:large","max-video-preview":"max-video-preview:-1"},"canonical":"https:\/\/www.ghostysky.com\/es\/producto-2\/yuneec-e90x-camera-for-h520e\/","og_locale":"es_ES","og_type":"article","og_title":"E90X Camera for H520E & H850-RTK -","og_description":"The E90x camera for the H520E\/H520E-RTK & H850-RTK is a wide-angle, high resolution, gimbal stabilized imaging system perfectly suited for use in\u00a0applications that require high quality photo and video.","og_url":"https:\/\/www.ghostysky.com\/es\/producto-2\/yuneec-e90x-camera-for-h520e\/","og_site_name":"Ghostysky","article_publisher":"https:\/\/www.facebook.com\/people\/Ghostysky\/100057676170234\/","article_modified_time":"2024-12-17T04:28:25+00:00","og_image":[{"width":642,"height":715,"url":"https:\/\/www.ghostysky.com\/wp-content\/uploads\/2021\/03\/e90X2.png","type":"image\/png"}],"twitter_card":"summary_large_image","twitter_site":"@Gh0stysky","twitter_misc":{"Tiempo de lectura":"1 minuto"},"schema":{"@context":"https:\/\/schema.org","@graph":[{"@type":"WebPage","@id":"https:\/\/www.ghostysky.com\/product\/yuneec-e90x-camera-for-h520e\/","url":"https:\/\/www.ghostysky.com\/product\/yuneec-e90x-camera-for-h520e\/","name":"C\u00e1mara E90X para H520E y H850-RTK -","isPartOf":{"@id":"https:\/\/www.ghostysky.com\/#website"},"primaryImageOfPage":{"@id":"https:\/\/www.ghostysky.com\/product\/yuneec-e90x-camera-for-h520e\/#primaryimage"},"image":{"@id":"https:\/\/www.ghostysky.com\/product\/yuneec-e90x-camera-for-h520e\/#primaryimage"},"thumbnailUrl":"https:\/\/www.ghostysky.com\/wp-content\/uploads\/2021\/03\/e90X2.png","datePublished":"2021-03-04T17:33:04+00:00","dateModified":"2024-12-17T04:28:25+00:00","description":"La c\u00e1mara E90x para H520E\/H520E-RTK y H850-RTK es un sistema de im\u00e1genes estabilizado por card\u00e1n de alta resoluci\u00f3n y gran angular perfectamente adecuado para su uso en aplicaciones que requieren fotograf\u00edas y videos de alta calidad.","breadcrumb":{"@id":"https:\/\/www.ghostysky.com\/product\/yuneec-e90x-camera-for-h520e\/#breadcrumb"},"inLanguage":"es","potentialAction":[{"@type":"ReadAction","target":["https:\/\/www.ghostysky.com\/product\/yuneec-e90x-camera-for-h520e\/"]}]},{"@type":"ImageObject","inLanguage":"es","@id":"https:\/\/www.ghostysky.com\/product\/yuneec-e90x-camera-for-h520e\/#primaryimage","url":"https:\/\/www.ghostysky.com\/wp-content\/uploads\/2021\/03\/e90X2.png","contentUrl":"https:\/\/www.ghostysky.com\/wp-content\/uploads\/2021\/03\/e90X2.png","width":642,"height":715},{"@type":"BreadcrumbList","@id":"https:\/\/www.ghostysky.com\/product\/yuneec-e90x-camera-for-h520e\/#breadcrumb","itemListElement":[{"@type":"ListItem","position":1,"name":"Home","item":"https:\/\/www.ghostysky.com\/"},{"@type":"ListItem","position":2,"name":"Shop","item":"https:\/\/www.ghostysky.com\/shop\/"},{"@type":"ListItem","position":3,"name":"E90X Camera for H520E &#038; H850-RTK"}]},{"@type":"WebSite","@id":"https:\/\/www.ghostysky.com\/#website","url":"https:\/\/www.ghostysky.com\/","name":"Ghostysky","description":"Entrega de drones y servicios profesionales","publisher":{"@id":"https:\/\/www.ghostysky.com\/#organization"},"potentialAction":[{"@type":"SearchAction","target":{"@type":"EntryPoint","urlTemplate":"https:\/\/www.ghostysky.com\/?s={search_term_string}"},"query-input":{"@type":"PropertyValueSpecification","valueRequired":true,"valueName":"search_term_string"}}],"inLanguage":"es"},{"@type":"Organization","@id":"https:\/\/www.ghostysky.com\/#organization","name":"Ghostysky","url":"https:\/\/www.ghostysky.com\/","logo":{"@type":"ImageObject","inLanguage":"es","@id":"https:\/\/www.ghostysky.com\/#\/schema\/logo\/image\/","url":"https:\/\/www.ghostysky.com\/wp-content\/uploads\/2020\/06\/cropped-ghostyskylogo_text_white2.png","contentUrl":"https:\/\/www.ghostysky.com\/wp-content\/uploads\/2020\/06\/cropped-ghostyskylogo_text_white2.png","width":169,"height":56,"caption":"Ghostysky"},"image":{"@id":"https:\/\/www.ghostysky.com\/#\/schema\/logo\/image\/"},"sameAs":["https:\/\/www.facebook.com\/people\/Ghostysky\/100057676170234\/","https:\/\/x.com\/Gh0stysky","https:\/\/www.linkedin.com\/company\/34739653","https:\/\/www.instagram.com\/gh0stysky"]}]}},"_links":{"self":[{"href":"https:\/\/www.ghostysky.com\/es\/wp-json\/wp\/v2\/product\/2058","targetHints":{"allow":["GET"]}}],"collection":[{"href":"https:\/\/www.ghostysky.com\/es\/wp-json\/wp\/v2\/product"}],"about":[{"href":"https:\/\/www.ghostysky.com\/es\/wp-json\/wp\/v2\/types\/product"}],"replies":[{"embeddable":true,"href":"https:\/\/www.ghostysky.com\/es\/wp-json\/wp\/v2\/comments?post=2058"}],"version-history":[{"count":0,"href":"https:\/\/www.ghostysky.com\/es\/wp-json\/wp\/v2\/product\/2058\/revisions"}],"wp:featuredmedia":[{"embeddable":true,"href":"https:\/\/www.ghostysky.com\/es\/wp-json\/wp\/v2\/media\/2060"}],"wp:attachment":[{"href":"https:\/\/www.ghostysky.com\/es\/wp-json\/wp\/v2\/media?parent=2058"}],"wp:term":[{"taxonomy":"product_brand","embeddable":true,"href":"https:\/\/www.ghostysky.com\/es\/wp-json\/wp\/v2\/product_brand?post=2058"},{"taxonomy":"product_cat","embeddable":true,"href":"https:\/\/www.ghostysky.com\/es\/wp-json\/wp\/v2\/product_cat?post=2058"},{"taxonomy":"product_tag","embeddable":true,"href":"https:\/\/www.ghostysky.com\/es\/wp-json\/wp\/v2\/product_tag?post=2058"}],"curies":[{"name":"wp","href":"https:\/\/api.w.org\/{rel}","templated":true}]}}